{"id":77831,"date":"2022-11-05T23:06:18","date_gmt":"2022-11-05T23:06:18","guid":{"rendered":"https:\/\/asteralabs.org\/product\/decanoato-de-nandrolona\/"},"modified":"2026-01-15T09:59:17","modified_gmt":"2026-01-15T09:59:17","slug":"decanoato-de-nandrolona","status":"publish","type":"product","link":"https:\/\/asteralabs.org\/es\/product\/decanoato-de-nandrolona\/","title":{"rendered":"Decanoato de nandrolona"},"content":{"rendered":"<p><strong>DOSIFICACI\u00d3N:<\/strong><br \/>\nDecanoato de Nandrolona 300mg\/ml <strong>CONTENIDO DEL ENVASE:<\/strong><br \/>\n1 vial de 10ML, 300 mg por ml <strong>QU\u00c9 ES:<\/strong><br \/>\nLa nandrolona es un esteroide muy utilizado que pertenece a la familia de los 19 nors. Los 19-Nors se caracterizan generalmente por su anabolismo y actividad progestog\u00e9nica.<br \/>\nSon muy anab\u00f3licos, pero tambi\u00e9n exhiben cantidades significativas de interacci\u00f3n sat\u00e9lite con otros receptores del cuerpo. El m\u00e1s notable es su interacci\u00f3n con el receptor de la Progesterona.<br \/>\nLas progestinas derivadas del 19-Nor son agonistas del receptor de la Progesterona, lo que significa que pueden unirse al receptor de la Progesterona y activarlo. La Nandrolona provoca una reducci\u00f3n de la capacidad de percibir el dolor (aumento que se confunde con un efecto curativo) y tambi\u00e9n puede reducirse a DHN, la DHN puede desplazar a la DHT de sus receptores provocando varios efectos secundarios, entre los que destacan los cambios de humor y la ausencia de erecciones, esto puede remediarse utilizando Masteron, Proviron o alg\u00fan otro esteroide que reaccione directamente con el receptor de andr\u00f3genos a trav\u00e9s de la DHT. <strong>C\u00d3MO USARLO:<\/strong><br \/>\nLas dosis normales suelen ser de 200 a 400 mg por semana para principiantes y atletas de nivel intermedio, con la posibilidad de utilizar 800 por semana para fines espec\u00edficos o competitivos. Al tener un \u00e9ster largo se recomienda inyectarlo EOD o E3D. <strong>INFORMACI\u00d3N DEL LOTE:<br \/>\n<\/strong>N\u00ba de lote: <span data-sheets-root=\"1\" data-sheets-value=\"{\" data-sheets-userformat=\"{\">HV14386<\/span><br \/>\nFecha de fabricaci\u00f3n: <span data-sheets-root=\"1\" data-sheets-value=\"{\" data-sheets-userformat=\"{\">10.2025.<\/span><br \/>\nFecha de caducidad: <span data-sheets-root=\"1\" data-sheets-value=\"{\" data-sheets-userformat=\"{\">10.2028.<\/span><\/p>\n","protected":false},"excerpt":{"rendered":"<p>DOSIFICACI\u00d3N: Decanoato de Nandrolona 300mg\/ml CONTENIDO DEL ENVASE: 1 vial de 10ML, 300 mg por ml QU\u00c9 ES: La nandrolona es un esteroide muy utilizado que pertenece a la familia de los 19 nors. Los 19-Nors se caracterizan generalmente por su anabolismo y actividad progestog\u00e9nica. Son muy anab\u00f3licos, pero tambi\u00e9n exhiben cantidades significativas de interacci\u00f3n&hellip;<\/p>\n","protected":false},"featured_media":75173,"comment_status":"open","ping_status":"closed","template":"","meta":[],"product_cat":[164,163],"product_tag":[],"yoast_head":"<!-- This site is optimized with the Yoast SEO plugin v23.0 - https:\/\/yoast.com\/wordpress\/plugins\/seo\/ -->\n<title>Decanoato de nandrolona - Astera Labs<\/title>\n<meta name=\"robots\" content=\"index, follow, max-snippet:-1, max-image-preview:large, max-video-preview:-1\" \/>\n<link rel=\"canonical\" href=\"https:\/\/asteralabs.org\/es\/product\/decanoato-de-nandrolona\/\" \/>\n<meta property=\"og:locale\" content=\"es_ES\" \/>\n<meta property=\"og:type\" content=\"article\" \/>\n<meta property=\"og:title\" content=\"Decanoato de nandrolona - Astera Labs\" \/>\n<meta property=\"og:description\" content=\"DOSIFICACI\u00d3N: Decanoato de Nandrolona 300mg\/ml CONTENIDO DEL ENVASE: 1 vial de 10ML, 300 mg por ml QU\u00c9 ES: La nandrolona es un esteroide muy utilizado que pertenece a la familia de los 19 nors. Los 19-Nors se caracterizan generalmente por su anabolismo y actividad progestog\u00e9nica. Son muy anab\u00f3licos, pero tambi\u00e9n exhiben cantidades significativas de interacci\u00f3n&hellip;\" \/>\n<meta property=\"og:url\" content=\"https:\/\/asteralabs.org\/es\/product\/decanoato-de-nandrolona\/\" \/>\n<meta property=\"og:site_name\" content=\"Astera Labs\" \/>\n<meta property=\"article:modified_time\" content=\"2026-01-15T09:59:17+00:00\" \/>\n<meta property=\"og:image\" content=\"https:\/\/asteralabs.org\/wp-content\/uploads\/2022\/11\/13.png\" \/>\n\t<meta property=\"og:image:width\" content=\"2000\" \/>\n\t<meta property=\"og:image:height\" content=\"2000\" \/>\n\t<meta property=\"og:image:type\" content=\"image\/png\" \/>\n<meta name=\"twitter:card\" content=\"summary_large_image\" \/>\n<script type=\"application\/ld+json\" class=\"yoast-schema-graph\">{\"@context\":\"https:\/\/schema.org\",\"@graph\":[{\"@type\":\"WebPage\",\"@id\":\"https:\/\/asteralabs.org\/es\/product\/decanoato-de-nandrolona\/\",\"url\":\"https:\/\/asteralabs.org\/es\/product\/decanoato-de-nandrolona\/\",\"name\":\"Decanoato de nandrolona - Astera Labs\",\"isPartOf\":{\"@id\":\"https:\/\/asteralabs.org\/es\/#website\"},\"primaryImageOfPage\":{\"@id\":\"https:\/\/asteralabs.org\/es\/product\/decanoato-de-nandrolona\/#primaryimage\"},\"image\":{\"@id\":\"https:\/\/asteralabs.org\/es\/product\/decanoato-de-nandrolona\/#primaryimage\"},\"thumbnailUrl\":\"https:\/\/asteralabs.org\/wp-content\/uploads\/2022\/11\/13.png\",\"datePublished\":\"2022-11-05T23:06:18+00:00\",\"dateModified\":\"2026-01-15T09:59:17+00:00\",\"breadcrumb\":{\"@id\":\"https:\/\/asteralabs.org\/es\/product\/decanoato-de-nandrolona\/#breadcrumb\"},\"inLanguage\":\"es\",\"potentialAction\":[{\"@type\":\"ReadAction\",\"target\":[\"https:\/\/asteralabs.org\/es\/product\/decanoato-de-nandrolona\/\"]}]},{\"@type\":\"ImageObject\",\"inLanguage\":\"es\",\"@id\":\"https:\/\/asteralabs.org\/es\/product\/decanoato-de-nandrolona\/#primaryimage\",\"url\":\"https:\/\/asteralabs.org\/wp-content\/uploads\/2022\/11\/13.png\",\"contentUrl\":\"https:\/\/asteralabs.org\/wp-content\/uploads\/2022\/11\/13.png\",\"width\":2000,\"height\":2000},{\"@type\":\"BreadcrumbList\",\"@id\":\"https:\/\/asteralabs.org\/es\/product\/decanoato-de-nandrolona\/#breadcrumb\",\"itemListElement\":[{\"@type\":\"ListItem\",\"position\":1,\"name\":\"Home\",\"item\":\"https:\/\/asteralabs.org\/es\/\"},{\"@type\":\"ListItem\",\"position\":2,\"name\":\"Tienda\",\"item\":\"https:\/\/asteralabs.org\/tienda\/\"},{\"@type\":\"ListItem\",\"position\":3,\"name\":\"Decanoato de nandrolona\"}]},{\"@type\":\"WebSite\",\"@id\":\"https:\/\/asteralabs.org\/es\/#website\",\"url\":\"https:\/\/asteralabs.org\/es\/\",\"name\":\"Astera Labs\",\"description\":\"Improve Your Quality Of Life\",\"publisher\":{\"@id\":\"https:\/\/asteralabs.org\/es\/#organization\"},\"potentialAction\":[{\"@type\":\"SearchAction\",\"target\":{\"@type\":\"EntryPoint\",\"urlTemplate\":\"https:\/\/asteralabs.org\/es\/?s={search_term_string}\"},\"query-input\":\"required name=search_term_string\"}],\"inLanguage\":\"es\"},{\"@type\":\"Organization\",\"@id\":\"https:\/\/asteralabs.org\/es\/#organization\",\"name\":\"Astera Labs\",\"url\":\"https:\/\/asteralabs.org\/es\/\",\"logo\":{\"@type\":\"ImageObject\",\"inLanguage\":\"es\",\"@id\":\"https:\/\/asteralabs.org\/es\/#\/schema\/logo\/image\/\",\"url\":\"https:\/\/asteralabs.org\/wp-content\/uploads\/2022\/12\/astera-2.png\",\"contentUrl\":\"https:\/\/asteralabs.org\/wp-content\/uploads\/2022\/12\/astera-2.png\",\"width\":437,\"height\":111,\"caption\":\"Astera Labs\"},\"image\":{\"@id\":\"https:\/\/asteralabs.org\/es\/#\/schema\/logo\/image\/\"}}]}<\/script>\n<!-- \/ Yoast SEO plugin. -->","yoast_head_json":{"title":"Decanoato de nandrolona - Astera Labs","robots":{"index":"index","follow":"follow","max-snippet":"max-snippet:-1","max-image-preview":"max-image-preview:large","max-video-preview":"max-video-preview:-1"},"canonical":"https:\/\/asteralabs.org\/es\/product\/decanoato-de-nandrolona\/","og_locale":"es_ES","og_type":"article","og_title":"Decanoato de nandrolona - Astera Labs","og_description":"DOSIFICACI\u00d3N: Decanoato de Nandrolona 300mg\/ml CONTENIDO DEL ENVASE: 1 vial de 10ML, 300 mg por ml QU\u00c9 ES: La nandrolona es un esteroide muy utilizado que pertenece a la familia de los 19 nors. Los 19-Nors se caracterizan generalmente por su anabolismo y actividad progestog\u00e9nica. Son muy anab\u00f3licos, pero tambi\u00e9n exhiben cantidades significativas de interacci\u00f3n&hellip;","og_url":"https:\/\/asteralabs.org\/es\/product\/decanoato-de-nandrolona\/","og_site_name":"Astera Labs","article_modified_time":"2026-01-15T09:59:17+00:00","og_image":[{"width":2000,"height":2000,"url":"https:\/\/asteralabs.org\/wp-content\/uploads\/2022\/11\/13.png","type":"image\/png"}],"twitter_card":"summary_large_image","schema":{"@context":"https:\/\/schema.org","@graph":[{"@type":"WebPage","@id":"https:\/\/asteralabs.org\/es\/product\/decanoato-de-nandrolona\/","url":"https:\/\/asteralabs.org\/es\/product\/decanoato-de-nandrolona\/","name":"Decanoato de nandrolona - Astera Labs","isPartOf":{"@id":"https:\/\/asteralabs.org\/es\/#website"},"primaryImageOfPage":{"@id":"https:\/\/asteralabs.org\/es\/product\/decanoato-de-nandrolona\/#primaryimage"},"image":{"@id":"https:\/\/asteralabs.org\/es\/product\/decanoato-de-nandrolona\/#primaryimage"},"thumbnailUrl":"https:\/\/asteralabs.org\/wp-content\/uploads\/2022\/11\/13.png","datePublished":"2022-11-05T23:06:18+00:00","dateModified":"2026-01-15T09:59:17+00:00","breadcrumb":{"@id":"https:\/\/asteralabs.org\/es\/product\/decanoato-de-nandrolona\/#breadcrumb"},"inLanguage":"es","potentialAction":[{"@type":"ReadAction","target":["https:\/\/asteralabs.org\/es\/product\/decanoato-de-nandrolona\/"]}]},{"@type":"ImageObject","inLanguage":"es","@id":"https:\/\/asteralabs.org\/es\/product\/decanoato-de-nandrolona\/#primaryimage","url":"https:\/\/asteralabs.org\/wp-content\/uploads\/2022\/11\/13.png","contentUrl":"https:\/\/asteralabs.org\/wp-content\/uploads\/2022\/11\/13.png","width":2000,"height":2000},{"@type":"BreadcrumbList","@id":"https:\/\/asteralabs.org\/es\/product\/decanoato-de-nandrolona\/#breadcrumb","itemListElement":[{"@type":"ListItem","position":1,"name":"Home","item":"https:\/\/asteralabs.org\/es\/"},{"@type":"ListItem","position":2,"name":"Tienda","item":"https:\/\/asteralabs.org\/tienda\/"},{"@type":"ListItem","position":3,"name":"Decanoato de nandrolona"}]},{"@type":"WebSite","@id":"https:\/\/asteralabs.org\/es\/#website","url":"https:\/\/asteralabs.org\/es\/","name":"Astera Labs","description":"Improve Your Quality Of Life","publisher":{"@id":"https:\/\/asteralabs.org\/es\/#organization"},"potentialAction":[{"@type":"SearchAction","target":{"@type":"EntryPoint","urlTemplate":"https:\/\/asteralabs.org\/es\/?s={search_term_string}"},"query-input":"required name=search_term_string"}],"inLanguage":"es"},{"@type":"Organization","@id":"https:\/\/asteralabs.org\/es\/#organization","name":"Astera Labs","url":"https:\/\/asteralabs.org\/es\/","logo":{"@type":"ImageObject","inLanguage":"es","@id":"https:\/\/asteralabs.org\/es\/#\/schema\/logo\/image\/","url":"https:\/\/asteralabs.org\/wp-content\/uploads\/2022\/12\/astera-2.png","contentUrl":"https:\/\/asteralabs.org\/wp-content\/uploads\/2022\/12\/astera-2.png","width":437,"height":111,"caption":"Astera Labs"},"image":{"@id":"https:\/\/asteralabs.org\/es\/#\/schema\/logo\/image\/"}}]}},"_links":{"self":[{"href":"https:\/\/asteralabs.org\/es\/wp-json\/wp\/v2\/product\/77831"}],"collection":[{"href":"https:\/\/asteralabs.org\/es\/wp-json\/wp\/v2\/product"}],"about":[{"href":"https:\/\/asteralabs.org\/es\/wp-json\/wp\/v2\/types\/product"}],"replies":[{"embeddable":true,"href":"https:\/\/asteralabs.org\/es\/wp-json\/wp\/v2\/comments?post=77831"}],"version-history":[{"count":0,"href":"https:\/\/asteralabs.org\/es\/wp-json\/wp\/v2\/product\/77831\/revisions"}],"wp:featuredmedia":[{"embeddable":true,"href":"https:\/\/asteralabs.org\/es\/wp-json\/wp\/v2\/media\/75173"}],"wp:attachment":[{"href":"https:\/\/asteralabs.org\/es\/wp-json\/wp\/v2\/media?parent=77831"}],"wp:term":[{"taxonomy":"product_cat","embeddable":true,"href":"https:\/\/asteralabs.org\/es\/wp-json\/wp\/v2\/product_cat?post=77831"},{"taxonomy":"product_tag","embeddable":true,"href":"https:\/\/asteralabs.org\/es\/wp-json\/wp\/v2\/product_tag?post=77831"}],"curies":[{"name":"wp","href":"https:\/\/api.w.org\/{rel}","templated":true}]}}