{"id":77854,"date":"2022-11-05T23:01:30","date_gmt":"2022-11-05T23:01:30","guid":{"rendered":"https:\/\/asteralabs.org\/product\/agua-bacteriostatica\/"},"modified":"2026-01-14T12:33:19","modified_gmt":"2026-01-14T12:33:19","slug":"agua-bacteriostatica","status":"publish","type":"product","link":"https:\/\/asteralabs.org\/es\/product\/agua-bacteriostatica\/","title":{"rendered":"Agua bacteriost\u00e1tica"},"content":{"rendered":"<p><strong>DOSIFICACI\u00d3N: <\/strong><br \/>\nAgua Bacteriost\u00e1tica 10 ml <strong>CONTENIDO DEL ENVASE: <\/strong><br \/>\n1 vial de 10ML <strong>QU\u00c9 ES: <\/strong><br \/>\nEs una soluci\u00f3n est\u00e9ril dise\u00f1ada exclusivamente para su uso con medicamentos que requieren diluci\u00f3n o deben disolverse en un veh\u00edculo acuoso antes de la inyecci\u00f3n. WATERMED (Agua bacteriost\u00e1tica para inyectables) es un agua esterilizada altamente purificada que contiene un 0,9% de alcohol benc\u00edlico y se utiliza para diluir o disolver medicamentos hasta alcanzar la consistencia adecuada para la inyecci\u00f3n. El agua bacteriost\u00e1tica (BW) tiene un pH de aproximadamente 5,7. <strong>C\u00d3MO USARLA: <\/strong>1<br \/>\nEl agua bacteriost\u00e1tica se utiliza para diluir o disolver medicamentos que se van a inyectar al paciente, seg\u00fan las instrucciones del fabricante del medicamento que se va a administrar.<br \/>\nEs diferente del agua esterilizada, que se filtra y purifica pero no tiene aditivos y generalmente s\u00f3lo est\u00e1 disponible para un solo uso. <strong>INFORMACI\u00d3N DEL LOTE:<br \/>\n<\/strong>N\u00ba de lote: FK57911<br \/>\nFecha de fabricaci\u00f3n: 10.2025.<br \/>\nFecha de caducidad: 10.2028.<\/p>\n","protected":false},"excerpt":{"rendered":"<p>DOSIFICACI\u00d3N: Agua Bacteriost\u00e1tica 10 ml CONTENIDO DEL ENVASE: 1 vial de 10ML QU\u00c9 ES: Es una soluci\u00f3n est\u00e9ril dise\u00f1ada exclusivamente para su uso con medicamentos que requieren diluci\u00f3n o deben disolverse en un veh\u00edculo acuoso antes de la inyecci\u00f3n. WATERMED (Agua bacteriost\u00e1tica para inyectables) es un agua esterilizada altamente purificada que contiene un 0,9% de&hellip;<\/p>\n","protected":false},"featured_media":75157,"comment_status":"open","ping_status":"closed","template":"","meta":[],"product_cat":[164,163],"product_tag":[],"yoast_head":"<!-- This site is optimized with the Yoast SEO plugin v23.0 - https:\/\/yoast.com\/wordpress\/plugins\/seo\/ -->\n<title>Agua bacteriost\u00e1tica - Astera Labs<\/title>\n<meta name=\"robots\" content=\"index, follow, max-snippet:-1, max-image-preview:large, max-video-preview:-1\" \/>\n<link rel=\"canonical\" href=\"https:\/\/asteralabs.org\/es\/product\/agua-bacteriostatica\/\" \/>\n<meta property=\"og:locale\" content=\"es_ES\" \/>\n<meta property=\"og:type\" content=\"article\" \/>\n<meta property=\"og:title\" content=\"Agua bacteriost\u00e1tica - Astera Labs\" \/>\n<meta property=\"og:description\" content=\"DOSIFICACI\u00d3N: Agua Bacteriost\u00e1tica 10 ml CONTENIDO DEL ENVASE: 1 vial de 10ML QU\u00c9 ES: Es una soluci\u00f3n est\u00e9ril dise\u00f1ada exclusivamente para su uso con medicamentos que requieren diluci\u00f3n o deben disolverse en un veh\u00edculo acuoso antes de la inyecci\u00f3n. WATERMED (Agua bacteriost\u00e1tica para inyectables) es un agua esterilizada altamente purificada que contiene un 0,9% de&hellip;\" \/>\n<meta property=\"og:url\" content=\"https:\/\/asteralabs.org\/es\/product\/agua-bacteriostatica\/\" \/>\n<meta property=\"og:site_name\" content=\"Astera Labs\" \/>\n<meta property=\"article:modified_time\" content=\"2026-01-14T12:33:19+00:00\" \/>\n<meta property=\"og:image\" content=\"https:\/\/asteralabs.org\/wp-content\/uploads\/2022\/11\/35.png\" \/>\n\t<meta property=\"og:image:width\" content=\"2000\" \/>\n\t<meta property=\"og:image:height\" content=\"2000\" \/>\n\t<meta property=\"og:image:type\" content=\"image\/png\" \/>\n<meta name=\"twitter:card\" content=\"summary_large_image\" \/>\n<script type=\"application\/ld+json\" class=\"yoast-schema-graph\">{\"@context\":\"https:\/\/schema.org\",\"@graph\":[{\"@type\":\"WebPage\",\"@id\":\"https:\/\/asteralabs.org\/es\/product\/agua-bacteriostatica\/\",\"url\":\"https:\/\/asteralabs.org\/es\/product\/agua-bacteriostatica\/\",\"name\":\"Agua bacteriost\u00e1tica - Astera Labs\",\"isPartOf\":{\"@id\":\"https:\/\/asteralabs.org\/es\/#website\"},\"primaryImageOfPage\":{\"@id\":\"https:\/\/asteralabs.org\/es\/product\/agua-bacteriostatica\/#primaryimage\"},\"image\":{\"@id\":\"https:\/\/asteralabs.org\/es\/product\/agua-bacteriostatica\/#primaryimage\"},\"thumbnailUrl\":\"https:\/\/asteralabs.org\/wp-content\/uploads\/2022\/11\/35.png\",\"datePublished\":\"2022-11-05T23:01:30+00:00\",\"dateModified\":\"2026-01-14T12:33:19+00:00\",\"breadcrumb\":{\"@id\":\"https:\/\/asteralabs.org\/es\/product\/agua-bacteriostatica\/#breadcrumb\"},\"inLanguage\":\"es\",\"potentialAction\":[{\"@type\":\"ReadAction\",\"target\":[\"https:\/\/asteralabs.org\/es\/product\/agua-bacteriostatica\/\"]}]},{\"@type\":\"ImageObject\",\"inLanguage\":\"es\",\"@id\":\"https:\/\/asteralabs.org\/es\/product\/agua-bacteriostatica\/#primaryimage\",\"url\":\"https:\/\/asteralabs.org\/wp-content\/uploads\/2022\/11\/35.png\",\"contentUrl\":\"https:\/\/asteralabs.org\/wp-content\/uploads\/2022\/11\/35.png\",\"width\":2000,\"height\":2000},{\"@type\":\"BreadcrumbList\",\"@id\":\"https:\/\/asteralabs.org\/es\/product\/agua-bacteriostatica\/#breadcrumb\",\"itemListElement\":[{\"@type\":\"ListItem\",\"position\":1,\"name\":\"Home\",\"item\":\"https:\/\/asteralabs.org\/es\/\"},{\"@type\":\"ListItem\",\"position\":2,\"name\":\"Tienda\",\"item\":\"https:\/\/asteralabs.org\/tienda\/\"},{\"@type\":\"ListItem\",\"position\":3,\"name\":\"Agua bacteriost\u00e1tica\"}]},{\"@type\":\"WebSite\",\"@id\":\"https:\/\/asteralabs.org\/es\/#website\",\"url\":\"https:\/\/asteralabs.org\/es\/\",\"name\":\"Astera Labs\",\"description\":\"Improve Your Quality Of Life\",\"publisher\":{\"@id\":\"https:\/\/asteralabs.org\/es\/#organization\"},\"potentialAction\":[{\"@type\":\"SearchAction\",\"target\":{\"@type\":\"EntryPoint\",\"urlTemplate\":\"https:\/\/asteralabs.org\/es\/?s={search_term_string}\"},\"query-input\":\"required name=search_term_string\"}],\"inLanguage\":\"es\"},{\"@type\":\"Organization\",\"@id\":\"https:\/\/asteralabs.org\/es\/#organization\",\"name\":\"Astera Labs\",\"url\":\"https:\/\/asteralabs.org\/es\/\",\"logo\":{\"@type\":\"ImageObject\",\"inLanguage\":\"es\",\"@id\":\"https:\/\/asteralabs.org\/es\/#\/schema\/logo\/image\/\",\"url\":\"https:\/\/asteralabs.org\/wp-content\/uploads\/2022\/12\/astera-2.png\",\"contentUrl\":\"https:\/\/asteralabs.org\/wp-content\/uploads\/2022\/12\/astera-2.png\",\"width\":437,\"height\":111,\"caption\":\"Astera Labs\"},\"image\":{\"@id\":\"https:\/\/asteralabs.org\/es\/#\/schema\/logo\/image\/\"}}]}<\/script>\n<!-- \/ Yoast SEO plugin. -->","yoast_head_json":{"title":"Agua bacteriost\u00e1tica - Astera Labs","robots":{"index":"index","follow":"follow","max-snippet":"max-snippet:-1","max-image-preview":"max-image-preview:large","max-video-preview":"max-video-preview:-1"},"canonical":"https:\/\/asteralabs.org\/es\/product\/agua-bacteriostatica\/","og_locale":"es_ES","og_type":"article","og_title":"Agua bacteriost\u00e1tica - Astera Labs","og_description":"DOSIFICACI\u00d3N: Agua Bacteriost\u00e1tica 10 ml CONTENIDO DEL ENVASE: 1 vial de 10ML QU\u00c9 ES: Es una soluci\u00f3n est\u00e9ril dise\u00f1ada exclusivamente para su uso con medicamentos que requieren diluci\u00f3n o deben disolverse en un veh\u00edculo acuoso antes de la inyecci\u00f3n. WATERMED (Agua bacteriost\u00e1tica para inyectables) es un agua esterilizada altamente purificada que contiene un 0,9% de&hellip;","og_url":"https:\/\/asteralabs.org\/es\/product\/agua-bacteriostatica\/","og_site_name":"Astera Labs","article_modified_time":"2026-01-14T12:33:19+00:00","og_image":[{"width":2000,"height":2000,"url":"https:\/\/asteralabs.org\/wp-content\/uploads\/2022\/11\/35.png","type":"image\/png"}],"twitter_card":"summary_large_image","schema":{"@context":"https:\/\/schema.org","@graph":[{"@type":"WebPage","@id":"https:\/\/asteralabs.org\/es\/product\/agua-bacteriostatica\/","url":"https:\/\/asteralabs.org\/es\/product\/agua-bacteriostatica\/","name":"Agua bacteriost\u00e1tica - Astera Labs","isPartOf":{"@id":"https:\/\/asteralabs.org\/es\/#website"},"primaryImageOfPage":{"@id":"https:\/\/asteralabs.org\/es\/product\/agua-bacteriostatica\/#primaryimage"},"image":{"@id":"https:\/\/asteralabs.org\/es\/product\/agua-bacteriostatica\/#primaryimage"},"thumbnailUrl":"https:\/\/asteralabs.org\/wp-content\/uploads\/2022\/11\/35.png","datePublished":"2022-11-05T23:01:30+00:00","dateModified":"2026-01-14T12:33:19+00:00","breadcrumb":{"@id":"https:\/\/asteralabs.org\/es\/product\/agua-bacteriostatica\/#breadcrumb"},"inLanguage":"es","potentialAction":[{"@type":"ReadAction","target":["https:\/\/asteralabs.org\/es\/product\/agua-bacteriostatica\/"]}]},{"@type":"ImageObject","inLanguage":"es","@id":"https:\/\/asteralabs.org\/es\/product\/agua-bacteriostatica\/#primaryimage","url":"https:\/\/asteralabs.org\/wp-content\/uploads\/2022\/11\/35.png","contentUrl":"https:\/\/asteralabs.org\/wp-content\/uploads\/2022\/11\/35.png","width":2000,"height":2000},{"@type":"BreadcrumbList","@id":"https:\/\/asteralabs.org\/es\/product\/agua-bacteriostatica\/#breadcrumb","itemListElement":[{"@type":"ListItem","position":1,"name":"Home","item":"https:\/\/asteralabs.org\/es\/"},{"@type":"ListItem","position":2,"name":"Tienda","item":"https:\/\/asteralabs.org\/tienda\/"},{"@type":"ListItem","position":3,"name":"Agua bacteriost\u00e1tica"}]},{"@type":"WebSite","@id":"https:\/\/asteralabs.org\/es\/#website","url":"https:\/\/asteralabs.org\/es\/","name":"Astera Labs","description":"Improve Your Quality Of Life","publisher":{"@id":"https:\/\/asteralabs.org\/es\/#organization"},"potentialAction":[{"@type":"SearchAction","target":{"@type":"EntryPoint","urlTemplate":"https:\/\/asteralabs.org\/es\/?s={search_term_string}"},"query-input":"required name=search_term_string"}],"inLanguage":"es"},{"@type":"Organization","@id":"https:\/\/asteralabs.org\/es\/#organization","name":"Astera Labs","url":"https:\/\/asteralabs.org\/es\/","logo":{"@type":"ImageObject","inLanguage":"es","@id":"https:\/\/asteralabs.org\/es\/#\/schema\/logo\/image\/","url":"https:\/\/asteralabs.org\/wp-content\/uploads\/2022\/12\/astera-2.png","contentUrl":"https:\/\/asteralabs.org\/wp-content\/uploads\/2022\/12\/astera-2.png","width":437,"height":111,"caption":"Astera Labs"},"image":{"@id":"https:\/\/asteralabs.org\/es\/#\/schema\/logo\/image\/"}}]}},"_links":{"self":[{"href":"https:\/\/asteralabs.org\/es\/wp-json\/wp\/v2\/product\/77854"}],"collection":[{"href":"https:\/\/asteralabs.org\/es\/wp-json\/wp\/v2\/product"}],"about":[{"href":"https:\/\/asteralabs.org\/es\/wp-json\/wp\/v2\/types\/product"}],"replies":[{"embeddable":true,"href":"https:\/\/asteralabs.org\/es\/wp-json\/wp\/v2\/comments?post=77854"}],"version-history":[{"count":2,"href":"https:\/\/asteralabs.org\/es\/wp-json\/wp\/v2\/product\/77854\/revisions"}],"predecessor-version":[{"id":79149,"href":"https:\/\/asteralabs.org\/es\/wp-json\/wp\/v2\/product\/77854\/revisions\/79149"}],"wp:featuredmedia":[{"embeddable":true,"href":"https:\/\/asteralabs.org\/es\/wp-json\/wp\/v2\/media\/75157"}],"wp:attachment":[{"href":"https:\/\/asteralabs.org\/es\/wp-json\/wp\/v2\/media?parent=77854"}],"wp:term":[{"taxonomy":"product_cat","embeddable":true,"href":"https:\/\/asteralabs.org\/es\/wp-json\/wp\/v2\/product_cat?post=77854"},{"taxonomy":"product_tag","embeddable":true,"href":"https:\/\/asteralabs.org\/es\/wp-json\/wp\/v2\/product_tag?post=77854"}],"curies":[{"name":"wp","href":"https:\/\/api.w.org\/{rel}","templated":true}]}}