{"id":77872,"date":"2022-11-05T22:53:52","date_gmt":"2022-11-05T22:53:52","guid":{"rendered":"https:\/\/asteralabs.org\/product\/l-carnitina\/"},"modified":"2026-01-15T09:14:50","modified_gmt":"2026-01-15T09:14:50","slug":"l-carnitina","status":"publish","type":"product","link":"https:\/\/asteralabs.org\/es\/product\/l-carnitina\/","title":{"rendered":"L-Carnitina"},"content":{"rendered":"<p><strong>DOSIFICACI\u00d3N:<\/strong><br \/>\nL-Carnitina 500mg\/ml<\/p>\n<p><strong>CONTENIDO DEL ENVASE:<\/strong><br \/>\n1 vial de 10 ML, 500 mg por ml<\/p>\n<p><strong>QU\u00c9 ES:<\/strong><br \/>\nLa carnitina es un amino\u00e1cido cuya funci\u00f3n es transportar \u00e1cidos grasos a la mitocondria. Adem\u00e1s, es \u00fatil para potenciar y optimizar la quema de grasas, mejorar la recuperaci\u00f3n y aumentar los niveles de fuerza. Dado que los niveles de carnitina se pueden reducir considerablemente con una simple sesi\u00f3n de entrenamiento, se recomienda su administraci\u00f3n ex\u00f3gena. Con base en los ensayos cl\u00ednicos disponibles, se recomienda administrarla en un estado de hiperinsulinemia para mejorar su absorci\u00f3n.<\/p>\n<p><strong>C\u00d3MO USARLA:<\/strong><br \/>\nPuede administrarse tanto por v\u00eda intramuscular (IM) como subcut\u00e1nea (Subq), y la dosis m\u00ednima ser\u00e1 de 400 mg diarios, como m\u00e1ximo. A pesar de que puedes ingerir tanto como puedas permitirte, la dosis m\u00ednima indicada generalmente es suficiente, siempre que mantengas un ritmo de inyecci\u00f3n constante manteniendo los niveles de saturaci\u00f3n. Esta administraci\u00f3n de L-Carnitina debe ir acompa\u00f1ada de un estado de hiperinsulinemia, que podemos conseguir administrando una cantidad elevada de hidratos de carbono simples, alrededor de 90 gramos. Tambi\u00e9n se puede conseguir simplemente inyectando insulina, utilizando exactamente de 7 a 10 IU de insulina ultrarr\u00e1pida por v\u00eda subcut\u00e1nea.<\/p>\n<p><strong>INFORMACI\u00d3N DEL LOTE:<br \/>\n<\/strong>N\u00ba de lote: <span data-sheets-root=\"1\" data-sheets-value=\"{\" data-sheets-userformat=\"{\">LU71048<\/span><br \/>\nFecha de fabricaci\u00f3n: <span data-sheets-root=\"1\" data-sheets-value=\"{\" data-sheets-userformat=\"{\">10.2025.<\/span><br \/>\nFecha de caducidad: <span data-sheets-root=\"1\" data-sheets-value=\"{\" data-sheets-userformat=\"{\">10.2028.<\/span><\/p>\n","protected":false},"excerpt":{"rendered":"<p>DOSIFICACI\u00d3N: L-Carnitina 500mg\/ml CONTENIDO DEL ENVASE: 1 vial de 10 ML, 500 mg por ml QU\u00c9 ES: La carnitina es un amino\u00e1cido cuya funci\u00f3n es transportar \u00e1cidos grasos a la mitocondria. Adem\u00e1s, es \u00fatil para potenciar y optimizar la quema de grasas, mejorar la recuperaci\u00f3n y aumentar los niveles de fuerza. Dado que los niveles&hellip;<\/p>\n","protected":false},"featured_media":75133,"comment_status":"open","ping_status":"closed","template":"","meta":[],"product_cat":[164,185],"product_tag":[],"yoast_head":"<!-- This site is optimized with the Yoast SEO plugin v23.0 - https:\/\/yoast.com\/wordpress\/plugins\/seo\/ -->\n<title>L-Carnitina - Astera Labs<\/title>\n<meta name=\"robots\" content=\"index, follow, max-snippet:-1, max-image-preview:large, max-video-preview:-1\" \/>\n<link rel=\"canonical\" href=\"https:\/\/asteralabs.org\/es\/product\/l-carnitina\/\" \/>\n<meta property=\"og:locale\" content=\"es_ES\" \/>\n<meta property=\"og:type\" content=\"article\" \/>\n<meta property=\"og:title\" content=\"L-Carnitina - Astera Labs\" \/>\n<meta property=\"og:description\" content=\"DOSIFICACI\u00d3N: L-Carnitina 500mg\/ml CONTENIDO DEL ENVASE: 1 vial de 10 ML, 500 mg por ml QU\u00c9 ES: La carnitina es un amino\u00e1cido cuya funci\u00f3n es transportar \u00e1cidos grasos a la mitocondria. Adem\u00e1s, es \u00fatil para potenciar y optimizar la quema de grasas, mejorar la recuperaci\u00f3n y aumentar los niveles de fuerza. Dado que los niveles&hellip;\" \/>\n<meta property=\"og:url\" content=\"https:\/\/asteralabs.org\/es\/product\/l-carnitina\/\" \/>\n<meta property=\"og:site_name\" content=\"Astera Labs\" \/>\n<meta property=\"article:modified_time\" content=\"2026-01-15T09:14:50+00:00\" \/>\n<meta property=\"og:image\" content=\"https:\/\/asteralabs.org\/wp-content\/uploads\/2022\/11\/25.png\" \/>\n\t<meta property=\"og:image:width\" content=\"2000\" \/>\n\t<meta property=\"og:image:height\" content=\"2000\" \/>\n\t<meta property=\"og:image:type\" content=\"image\/png\" \/>\n<meta name=\"twitter:card\" content=\"summary_large_image\" \/>\n<script type=\"application\/ld+json\" class=\"yoast-schema-graph\">{\"@context\":\"https:\/\/schema.org\",\"@graph\":[{\"@type\":\"WebPage\",\"@id\":\"https:\/\/asteralabs.org\/es\/product\/l-carnitina\/\",\"url\":\"https:\/\/asteralabs.org\/es\/product\/l-carnitina\/\",\"name\":\"L-Carnitina - Astera Labs\",\"isPartOf\":{\"@id\":\"https:\/\/asteralabs.org\/es\/#website\"},\"primaryImageOfPage\":{\"@id\":\"https:\/\/asteralabs.org\/es\/product\/l-carnitina\/#primaryimage\"},\"image\":{\"@id\":\"https:\/\/asteralabs.org\/es\/product\/l-carnitina\/#primaryimage\"},\"thumbnailUrl\":\"https:\/\/asteralabs.org\/wp-content\/uploads\/2022\/11\/25.png\",\"datePublished\":\"2022-11-05T22:53:52+00:00\",\"dateModified\":\"2026-01-15T09:14:50+00:00\",\"breadcrumb\":{\"@id\":\"https:\/\/asteralabs.org\/es\/product\/l-carnitina\/#breadcrumb\"},\"inLanguage\":\"es\",\"potentialAction\":[{\"@type\":\"ReadAction\",\"target\":[\"https:\/\/asteralabs.org\/es\/product\/l-carnitina\/\"]}]},{\"@type\":\"ImageObject\",\"inLanguage\":\"es\",\"@id\":\"https:\/\/asteralabs.org\/es\/product\/l-carnitina\/#primaryimage\",\"url\":\"https:\/\/asteralabs.org\/wp-content\/uploads\/2022\/11\/25.png\",\"contentUrl\":\"https:\/\/asteralabs.org\/wp-content\/uploads\/2022\/11\/25.png\",\"width\":2000,\"height\":2000},{\"@type\":\"BreadcrumbList\",\"@id\":\"https:\/\/asteralabs.org\/es\/product\/l-carnitina\/#breadcrumb\",\"itemListElement\":[{\"@type\":\"ListItem\",\"position\":1,\"name\":\"Home\",\"item\":\"https:\/\/asteralabs.org\/es\/\"},{\"@type\":\"ListItem\",\"position\":2,\"name\":\"Tienda\",\"item\":\"https:\/\/asteralabs.org\/tienda\/\"},{\"@type\":\"ListItem\",\"position\":3,\"name\":\"L-Carnitina\"}]},{\"@type\":\"WebSite\",\"@id\":\"https:\/\/asteralabs.org\/es\/#website\",\"url\":\"https:\/\/asteralabs.org\/es\/\",\"name\":\"Astera Labs\",\"description\":\"Improve Your Quality Of Life\",\"publisher\":{\"@id\":\"https:\/\/asteralabs.org\/es\/#organization\"},\"potentialAction\":[{\"@type\":\"SearchAction\",\"target\":{\"@type\":\"EntryPoint\",\"urlTemplate\":\"https:\/\/asteralabs.org\/es\/?s={search_term_string}\"},\"query-input\":\"required name=search_term_string\"}],\"inLanguage\":\"es\"},{\"@type\":\"Organization\",\"@id\":\"https:\/\/asteralabs.org\/es\/#organization\",\"name\":\"Astera Labs\",\"url\":\"https:\/\/asteralabs.org\/es\/\",\"logo\":{\"@type\":\"ImageObject\",\"inLanguage\":\"es\",\"@id\":\"https:\/\/asteralabs.org\/es\/#\/schema\/logo\/image\/\",\"url\":\"https:\/\/asteralabs.org\/wp-content\/uploads\/2022\/12\/astera-2.png\",\"contentUrl\":\"https:\/\/asteralabs.org\/wp-content\/uploads\/2022\/12\/astera-2.png\",\"width\":437,\"height\":111,\"caption\":\"Astera Labs\"},\"image\":{\"@id\":\"https:\/\/asteralabs.org\/es\/#\/schema\/logo\/image\/\"}}]}<\/script>\n<!-- \/ Yoast SEO plugin. -->","yoast_head_json":{"title":"L-Carnitina - Astera Labs","robots":{"index":"index","follow":"follow","max-snippet":"max-snippet:-1","max-image-preview":"max-image-preview:large","max-video-preview":"max-video-preview:-1"},"canonical":"https:\/\/asteralabs.org\/es\/product\/l-carnitina\/","og_locale":"es_ES","og_type":"article","og_title":"L-Carnitina - Astera Labs","og_description":"DOSIFICACI\u00d3N: L-Carnitina 500mg\/ml CONTENIDO DEL ENVASE: 1 vial de 10 ML, 500 mg por ml QU\u00c9 ES: La carnitina es un amino\u00e1cido cuya funci\u00f3n es transportar \u00e1cidos grasos a la mitocondria. Adem\u00e1s, es \u00fatil para potenciar y optimizar la quema de grasas, mejorar la recuperaci\u00f3n y aumentar los niveles de fuerza. Dado que los niveles&hellip;","og_url":"https:\/\/asteralabs.org\/es\/product\/l-carnitina\/","og_site_name":"Astera Labs","article_modified_time":"2026-01-15T09:14:50+00:00","og_image":[{"width":2000,"height":2000,"url":"https:\/\/asteralabs.org\/wp-content\/uploads\/2022\/11\/25.png","type":"image\/png"}],"twitter_card":"summary_large_image","schema":{"@context":"https:\/\/schema.org","@graph":[{"@type":"WebPage","@id":"https:\/\/asteralabs.org\/es\/product\/l-carnitina\/","url":"https:\/\/asteralabs.org\/es\/product\/l-carnitina\/","name":"L-Carnitina - Astera Labs","isPartOf":{"@id":"https:\/\/asteralabs.org\/es\/#website"},"primaryImageOfPage":{"@id":"https:\/\/asteralabs.org\/es\/product\/l-carnitina\/#primaryimage"},"image":{"@id":"https:\/\/asteralabs.org\/es\/product\/l-carnitina\/#primaryimage"},"thumbnailUrl":"https:\/\/asteralabs.org\/wp-content\/uploads\/2022\/11\/25.png","datePublished":"2022-11-05T22:53:52+00:00","dateModified":"2026-01-15T09:14:50+00:00","breadcrumb":{"@id":"https:\/\/asteralabs.org\/es\/product\/l-carnitina\/#breadcrumb"},"inLanguage":"es","potentialAction":[{"@type":"ReadAction","target":["https:\/\/asteralabs.org\/es\/product\/l-carnitina\/"]}]},{"@type":"ImageObject","inLanguage":"es","@id":"https:\/\/asteralabs.org\/es\/product\/l-carnitina\/#primaryimage","url":"https:\/\/asteralabs.org\/wp-content\/uploads\/2022\/11\/25.png","contentUrl":"https:\/\/asteralabs.org\/wp-content\/uploads\/2022\/11\/25.png","width":2000,"height":2000},{"@type":"BreadcrumbList","@id":"https:\/\/asteralabs.org\/es\/product\/l-carnitina\/#breadcrumb","itemListElement":[{"@type":"ListItem","position":1,"name":"Home","item":"https:\/\/asteralabs.org\/es\/"},{"@type":"ListItem","position":2,"name":"Tienda","item":"https:\/\/asteralabs.org\/tienda\/"},{"@type":"ListItem","position":3,"name":"L-Carnitina"}]},{"@type":"WebSite","@id":"https:\/\/asteralabs.org\/es\/#website","url":"https:\/\/asteralabs.org\/es\/","name":"Astera Labs","description":"Improve Your Quality Of Life","publisher":{"@id":"https:\/\/asteralabs.org\/es\/#organization"},"potentialAction":[{"@type":"SearchAction","target":{"@type":"EntryPoint","urlTemplate":"https:\/\/asteralabs.org\/es\/?s={search_term_string}"},"query-input":"required name=search_term_string"}],"inLanguage":"es"},{"@type":"Organization","@id":"https:\/\/asteralabs.org\/es\/#organization","name":"Astera Labs","url":"https:\/\/asteralabs.org\/es\/","logo":{"@type":"ImageObject","inLanguage":"es","@id":"https:\/\/asteralabs.org\/es\/#\/schema\/logo\/image\/","url":"https:\/\/asteralabs.org\/wp-content\/uploads\/2022\/12\/astera-2.png","contentUrl":"https:\/\/asteralabs.org\/wp-content\/uploads\/2022\/12\/astera-2.png","width":437,"height":111,"caption":"Astera Labs"},"image":{"@id":"https:\/\/asteralabs.org\/es\/#\/schema\/logo\/image\/"}}]}},"_links":{"self":[{"href":"https:\/\/asteralabs.org\/es\/wp-json\/wp\/v2\/product\/77872"}],"collection":[{"href":"https:\/\/asteralabs.org\/es\/wp-json\/wp\/v2\/product"}],"about":[{"href":"https:\/\/asteralabs.org\/es\/wp-json\/wp\/v2\/types\/product"}],"replies":[{"embeddable":true,"href":"https:\/\/asteralabs.org\/es\/wp-json\/wp\/v2\/comments?post=77872"}],"version-history":[{"count":2,"href":"https:\/\/asteralabs.org\/es\/wp-json\/wp\/v2\/product\/77872\/revisions"}],"predecessor-version":[{"id":78691,"href":"https:\/\/asteralabs.org\/es\/wp-json\/wp\/v2\/product\/77872\/revisions\/78691"}],"wp:featuredmedia":[{"embeddable":true,"href":"https:\/\/asteralabs.org\/es\/wp-json\/wp\/v2\/media\/75133"}],"wp:attachment":[{"href":"https:\/\/asteralabs.org\/es\/wp-json\/wp\/v2\/media?parent=77872"}],"wp:term":[{"taxonomy":"product_cat","embeddable":true,"href":"https:\/\/asteralabs.org\/es\/wp-json\/wp\/v2\/product_cat?post=77872"},{"taxonomy":"product_tag","embeddable":true,"href":"https:\/\/asteralabs.org\/es\/wp-json\/wp\/v2\/product_tag?post=77872"}],"curies":[{"name":"wp","href":"https:\/\/api.w.org\/{rel}","templated":true}]}}