{"id":77877,"date":"2022-11-05T22:50:27","date_gmt":"2022-11-05T22:50:27","guid":{"rendered":"https:\/\/asteralabs.org\/product\/trenbolona-base\/"},"modified":"2026-01-15T12:45:06","modified_gmt":"2026-01-15T12:45:06","slug":"trenbolona-base","status":"publish","type":"product","link":"https:\/\/asteralabs.org\/es\/product\/trenbolona-base\/","title":{"rendered":"Trembolona Base"},"content":{"rendered":"<p><strong>DOSIFICACI\u00d3N: <\/strong><br \/>\n<span style=\"font-weight: 400;\">Trembolona<\/span> Base 50mg\/ml<\/p>\n<p><strong>CONTENIDO DEL ENVASE: <\/strong><br \/>\n1 vial de 10 ML, 50 mg por ml<\/p>\n<p><strong>QU\u00c9 ES: <\/strong><br \/>\nLa Trembolona es un esteroide derivado de la 19-Nortestosterona, siendo uno de los esteroides m\u00e1s potentes y eficaces que existen actualmente.<br \/>\nDebido a su gran afinidad con los receptores androg\u00e9nicos, es un esteroide vers\u00e1til, \u00fatil para ganar masa muscular, perder grasa y aumentar la fuerza. Es de gran utilidad durante un ciclo de corte para mantener la mayor cantidad posible de masa magra, mientras se pierde la mayor cantidad posible de grasa.<br \/>\nAunque sus efectos secundarios son exagerados y similares a los de otros esteroides, adem\u00e1s de ser dependientes de la dosis, hay que tener en cuenta que provoca alteraciones del sue\u00f1o (dependiendo de la dosis y el tiempo de uso) y cambios de humor (dependiendo de la persona).<\/p>\n<p><strong>MODO DE EMPLEO: <\/strong><br \/>\n<span style=\"font-weight: 400;\">Al carecer de \u00e9ster<\/span><span style=\"font-weight: 400;\">, <\/span><span style=\"font-weight: 400;\">su tiempo de inicio es casi instant\u00e1neo, puede utilizarse como <\/span><span style=\"font-weight: 400;\">pre-entrenamiento<\/span><span style=\"font-weight: 400;\"> para <\/span><span style=\"font-weight: 400;\">proporcionar<\/span><span style=\"font-weight: 400;\"> fuerza\/agresividad<\/span><span style=\"font-weight: 400;\"> adicional<\/span><span style=\"font-weight: 400;\"> o durante una <\/span><span style=\"font-weight: 400;\">sesi\u00f3n de levantamiento<\/span><span style=\"font-weight: 400;\">. Se recomienda una dosis \u00fanica de 50-75 mg antes del entrenamiento.<\/span><\/p>\n<p><strong>INFORMACI\u00d3N DEL LOTE:<br \/>\n<\/strong>N\u00ba de lote: <span data-sheets-root=\"1\" data-sheets-value=\"{\" data-sheets-userformat=\"{\">TE37030<\/span><br \/>\nFecha de fabricaci\u00f3n: <span data-sheets-root=\"1\" data-sheets-value=\"{\" data-sheets-userformat=\"{\">10.2025.<\/span><br \/>\nFecha de caducidad: <span data-sheets-root=\"1\" data-sheets-value=\"{\" data-sheets-userformat=\"{\">10.2028.<\/span><\/p>\n","protected":false},"excerpt":{"rendered":"<p>DOSIFICACI\u00d3N: Trembolona Base 50mg\/ml CONTENIDO DEL ENVASE: 1 vial de 10 ML, 50 mg por ml QU\u00c9 ES: La Trembolona es un esteroide derivado de la 19-Nortestosterona, siendo uno de los esteroides m\u00e1s potentes y eficaces que existen actualmente. Debido a su gran afinidad con los receptores androg\u00e9nicos, es un esteroide vers\u00e1til, \u00fatil para ganar&hellip;<\/p>\n","protected":false},"featured_media":75125,"comment_status":"open","ping_status":"closed","template":"","meta":[],"product_cat":[164,163],"product_tag":[],"yoast_head":"<!-- This site is optimized with the Yoast SEO plugin v23.0 - https:\/\/yoast.com\/wordpress\/plugins\/seo\/ -->\n<title>Trembolona Base - Astera Labs<\/title>\n<meta name=\"robots\" content=\"index, follow, max-snippet:-1, max-image-preview:large, max-video-preview:-1\" \/>\n<link rel=\"canonical\" href=\"https:\/\/asteralabs.org\/es\/product\/trenbolona-base\/\" \/>\n<meta property=\"og:locale\" content=\"es_ES\" \/>\n<meta property=\"og:type\" content=\"article\" \/>\n<meta property=\"og:title\" content=\"Trembolona Base - Astera Labs\" \/>\n<meta property=\"og:description\" content=\"DOSIFICACI\u00d3N: Trembolona Base 50mg\/ml CONTENIDO DEL ENVASE: 1 vial de 10 ML, 50 mg por ml QU\u00c9 ES: La Trembolona es un esteroide derivado de la 19-Nortestosterona, siendo uno de los esteroides m\u00e1s potentes y eficaces que existen actualmente. Debido a su gran afinidad con los receptores androg\u00e9nicos, es un esteroide vers\u00e1til, \u00fatil para ganar&hellip;\" \/>\n<meta property=\"og:url\" content=\"https:\/\/asteralabs.org\/es\/product\/trenbolona-base\/\" \/>\n<meta property=\"og:site_name\" content=\"Astera Labs\" \/>\n<meta property=\"article:modified_time\" content=\"2026-01-15T12:45:06+00:00\" \/>\n<meta property=\"og:image\" content=\"https:\/\/asteralabs.org\/wp-content\/uploads\/2022\/11\/24.png\" \/>\n\t<meta property=\"og:image:width\" content=\"2000\" \/>\n\t<meta property=\"og:image:height\" content=\"2000\" \/>\n\t<meta property=\"og:image:type\" content=\"image\/png\" \/>\n<meta name=\"twitter:card\" content=\"summary_large_image\" \/>\n<script type=\"application\/ld+json\" class=\"yoast-schema-graph\">{\"@context\":\"https:\/\/schema.org\",\"@graph\":[{\"@type\":\"WebPage\",\"@id\":\"https:\/\/asteralabs.org\/es\/product\/trenbolona-base\/\",\"url\":\"https:\/\/asteralabs.org\/es\/product\/trenbolona-base\/\",\"name\":\"Trembolona Base - Astera Labs\",\"isPartOf\":{\"@id\":\"https:\/\/asteralabs.org\/es\/#website\"},\"primaryImageOfPage\":{\"@id\":\"https:\/\/asteralabs.org\/es\/product\/trenbolona-base\/#primaryimage\"},\"image\":{\"@id\":\"https:\/\/asteralabs.org\/es\/product\/trenbolona-base\/#primaryimage\"},\"thumbnailUrl\":\"https:\/\/asteralabs.org\/wp-content\/uploads\/2022\/11\/24.png\",\"datePublished\":\"2022-11-05T22:50:27+00:00\",\"dateModified\":\"2026-01-15T12:45:06+00:00\",\"breadcrumb\":{\"@id\":\"https:\/\/asteralabs.org\/es\/product\/trenbolona-base\/#breadcrumb\"},\"inLanguage\":\"es\",\"potentialAction\":[{\"@type\":\"ReadAction\",\"target\":[\"https:\/\/asteralabs.org\/es\/product\/trenbolona-base\/\"]}]},{\"@type\":\"ImageObject\",\"inLanguage\":\"es\",\"@id\":\"https:\/\/asteralabs.org\/es\/product\/trenbolona-base\/#primaryimage\",\"url\":\"https:\/\/asteralabs.org\/wp-content\/uploads\/2022\/11\/24.png\",\"contentUrl\":\"https:\/\/asteralabs.org\/wp-content\/uploads\/2022\/11\/24.png\",\"width\":2000,\"height\":2000},{\"@type\":\"BreadcrumbList\",\"@id\":\"https:\/\/asteralabs.org\/es\/product\/trenbolona-base\/#breadcrumb\",\"itemListElement\":[{\"@type\":\"ListItem\",\"position\":1,\"name\":\"Home\",\"item\":\"https:\/\/asteralabs.org\/es\/\"},{\"@type\":\"ListItem\",\"position\":2,\"name\":\"Tienda\",\"item\":\"https:\/\/asteralabs.org\/tienda\/\"},{\"@type\":\"ListItem\",\"position\":3,\"name\":\"Trembolona Base\"}]},{\"@type\":\"WebSite\",\"@id\":\"https:\/\/asteralabs.org\/es\/#website\",\"url\":\"https:\/\/asteralabs.org\/es\/\",\"name\":\"Astera Labs\",\"description\":\"Improve Your Quality Of Life\",\"publisher\":{\"@id\":\"https:\/\/asteralabs.org\/es\/#organization\"},\"potentialAction\":[{\"@type\":\"SearchAction\",\"target\":{\"@type\":\"EntryPoint\",\"urlTemplate\":\"https:\/\/asteralabs.org\/es\/?s={search_term_string}\"},\"query-input\":\"required name=search_term_string\"}],\"inLanguage\":\"es\"},{\"@type\":\"Organization\",\"@id\":\"https:\/\/asteralabs.org\/es\/#organization\",\"name\":\"Astera Labs\",\"url\":\"https:\/\/asteralabs.org\/es\/\",\"logo\":{\"@type\":\"ImageObject\",\"inLanguage\":\"es\",\"@id\":\"https:\/\/asteralabs.org\/es\/#\/schema\/logo\/image\/\",\"url\":\"https:\/\/asteralabs.org\/wp-content\/uploads\/2022\/12\/astera-2.png\",\"contentUrl\":\"https:\/\/asteralabs.org\/wp-content\/uploads\/2022\/12\/astera-2.png\",\"width\":437,\"height\":111,\"caption\":\"Astera Labs\"},\"image\":{\"@id\":\"https:\/\/asteralabs.org\/es\/#\/schema\/logo\/image\/\"}}]}<\/script>\n<!-- \/ Yoast SEO plugin. -->","yoast_head_json":{"title":"Trembolona Base - Astera Labs","robots":{"index":"index","follow":"follow","max-snippet":"max-snippet:-1","max-image-preview":"max-image-preview:large","max-video-preview":"max-video-preview:-1"},"canonical":"https:\/\/asteralabs.org\/es\/product\/trenbolona-base\/","og_locale":"es_ES","og_type":"article","og_title":"Trembolona Base - Astera Labs","og_description":"DOSIFICACI\u00d3N: Trembolona Base 50mg\/ml CONTENIDO DEL ENVASE: 1 vial de 10 ML, 50 mg por ml QU\u00c9 ES: La Trembolona es un esteroide derivado de la 19-Nortestosterona, siendo uno de los esteroides m\u00e1s potentes y eficaces que existen actualmente. Debido a su gran afinidad con los receptores androg\u00e9nicos, es un esteroide vers\u00e1til, \u00fatil para ganar&hellip;","og_url":"https:\/\/asteralabs.org\/es\/product\/trenbolona-base\/","og_site_name":"Astera Labs","article_modified_time":"2026-01-15T12:45:06+00:00","og_image":[{"width":2000,"height":2000,"url":"https:\/\/asteralabs.org\/wp-content\/uploads\/2022\/11\/24.png","type":"image\/png"}],"twitter_card":"summary_large_image","schema":{"@context":"https:\/\/schema.org","@graph":[{"@type":"WebPage","@id":"https:\/\/asteralabs.org\/es\/product\/trenbolona-base\/","url":"https:\/\/asteralabs.org\/es\/product\/trenbolona-base\/","name":"Trembolona Base - Astera Labs","isPartOf":{"@id":"https:\/\/asteralabs.org\/es\/#website"},"primaryImageOfPage":{"@id":"https:\/\/asteralabs.org\/es\/product\/trenbolona-base\/#primaryimage"},"image":{"@id":"https:\/\/asteralabs.org\/es\/product\/trenbolona-base\/#primaryimage"},"thumbnailUrl":"https:\/\/asteralabs.org\/wp-content\/uploads\/2022\/11\/24.png","datePublished":"2022-11-05T22:50:27+00:00","dateModified":"2026-01-15T12:45:06+00:00","breadcrumb":{"@id":"https:\/\/asteralabs.org\/es\/product\/trenbolona-base\/#breadcrumb"},"inLanguage":"es","potentialAction":[{"@type":"ReadAction","target":["https:\/\/asteralabs.org\/es\/product\/trenbolona-base\/"]}]},{"@type":"ImageObject","inLanguage":"es","@id":"https:\/\/asteralabs.org\/es\/product\/trenbolona-base\/#primaryimage","url":"https:\/\/asteralabs.org\/wp-content\/uploads\/2022\/11\/24.png","contentUrl":"https:\/\/asteralabs.org\/wp-content\/uploads\/2022\/11\/24.png","width":2000,"height":2000},{"@type":"BreadcrumbList","@id":"https:\/\/asteralabs.org\/es\/product\/trenbolona-base\/#breadcrumb","itemListElement":[{"@type":"ListItem","position":1,"name":"Home","item":"https:\/\/asteralabs.org\/es\/"},{"@type":"ListItem","position":2,"name":"Tienda","item":"https:\/\/asteralabs.org\/tienda\/"},{"@type":"ListItem","position":3,"name":"Trembolona Base"}]},{"@type":"WebSite","@id":"https:\/\/asteralabs.org\/es\/#website","url":"https:\/\/asteralabs.org\/es\/","name":"Astera Labs","description":"Improve Your Quality Of Life","publisher":{"@id":"https:\/\/asteralabs.org\/es\/#organization"},"potentialAction":[{"@type":"SearchAction","target":{"@type":"EntryPoint","urlTemplate":"https:\/\/asteralabs.org\/es\/?s={search_term_string}"},"query-input":"required name=search_term_string"}],"inLanguage":"es"},{"@type":"Organization","@id":"https:\/\/asteralabs.org\/es\/#organization","name":"Astera Labs","url":"https:\/\/asteralabs.org\/es\/","logo":{"@type":"ImageObject","inLanguage":"es","@id":"https:\/\/asteralabs.org\/es\/#\/schema\/logo\/image\/","url":"https:\/\/asteralabs.org\/wp-content\/uploads\/2022\/12\/astera-2.png","contentUrl":"https:\/\/asteralabs.org\/wp-content\/uploads\/2022\/12\/astera-2.png","width":437,"height":111,"caption":"Astera Labs"},"image":{"@id":"https:\/\/asteralabs.org\/es\/#\/schema\/logo\/image\/"}}]}},"_links":{"self":[{"href":"https:\/\/asteralabs.org\/es\/wp-json\/wp\/v2\/product\/77877"}],"collection":[{"href":"https:\/\/asteralabs.org\/es\/wp-json\/wp\/v2\/product"}],"about":[{"href":"https:\/\/asteralabs.org\/es\/wp-json\/wp\/v2\/types\/product"}],"replies":[{"embeddable":true,"href":"https:\/\/asteralabs.org\/es\/wp-json\/wp\/v2\/comments?post=77877"}],"version-history":[{"count":3,"href":"https:\/\/asteralabs.org\/es\/wp-json\/wp\/v2\/product\/77877\/revisions"}],"predecessor-version":[{"id":78689,"href":"https:\/\/asteralabs.org\/es\/wp-json\/wp\/v2\/product\/77877\/revisions\/78689"}],"wp:featuredmedia":[{"embeddable":true,"href":"https:\/\/asteralabs.org\/es\/wp-json\/wp\/v2\/media\/75125"}],"wp:attachment":[{"href":"https:\/\/asteralabs.org\/es\/wp-json\/wp\/v2\/media?parent=77877"}],"wp:term":[{"taxonomy":"product_cat","embeddable":true,"href":"https:\/\/asteralabs.org\/es\/wp-json\/wp\/v2\/product_cat?post=77877"},{"taxonomy":"product_tag","embeddable":true,"href":"https:\/\/asteralabs.org\/es\/wp-json\/wp\/v2\/product_tag?post=77877"}],"curies":[{"name":"wp","href":"https:\/\/api.w.org\/{rel}","templated":true}]}}