{"id":77894,"date":"2022-11-05T22:45:25","date_gmt":"2022-11-05T22:45:25","guid":{"rendered":"https:\/\/asteralabs.org\/product\/hexahidrobencilcarbonato-de-trembolona\/"},"modified":"2026-01-15T13:01:33","modified_gmt":"2026-01-15T13:01:33","slug":"hexahidrobencilcarbonato-de-trembolona","status":"publish","type":"product","link":"https:\/\/asteralabs.org\/es\/product\/hexahidrobencilcarbonato-de-trembolona\/","title":{"rendered":"Hexahidrobencilcarbonato de trembolona"},"content":{"rendered":"<p><strong>DOSIFICACI\u00d3N: <\/strong><br \/>\nHexahidrobenzilcarbonato de Trenbolona 100mg\/ml <strong>CONTENIDO DEL ENVASE: <\/strong><br \/>\n1 vial de 10ML, 100 mg por ml <strong>QU\u00c9 ES: <\/strong><br \/>\nLa Trenbolona es un esteroide derivado de la 19-Nortestosterona y es uno de los esteroides m\u00e1s potentes y eficaces que existen actualmente.<br \/>\nDebido a su gran afinidad con los receptores androg\u00e9nicos, es un esteroide vers\u00e1til, \u00fatil para ganar masa muscular, perder grasa y aumentar la fuerza. Es muy \u00fatil durante un ciclo de corte para mantener toda la masa magra posible mientras se pierde toda la grasa posible.<br \/>\nAunque sus efectos secundarios son exagerados y muy similares a los de otros esteroides y dependientes de la dosis, hay que tener en cuenta que provoca alteraciones del sue\u00f1o (dependiendo de la dosis y el tiempo de uso) y cambios de humor (dependiendo de la persona). <strong>C\u00d3MO USARLO: <\/strong><br \/>\nAl ser un esteroide muy vers\u00e1til, dosis de 75mg por semana pueden ser muy \u00fatiles durante una fase de corte sin causar efectos secundarios o reduciendo las posibilidades de padecerlos. Dosis de 200-400mg por semana se consideran &#8220;normales&#8221; dependiendo de lo avanzado que est\u00e9 el atleta, Recomendamos empezar con 75mg por semana e ir aumentando la dosis gradualmente hasta que notes alg\u00fan efecto secundario y esa ser\u00eda tu dosis m\u00e1xima. Como es un \u00e9ster largo, puede inyectarse EOD o dos veces por semana.<\/p>\n<p><strong>INFORMACI\u00d3N DEL LOTE:<br \/>\n<\/strong>N\u00ba de lote: <span data-sheets-root=\"1\" data-sheets-value=\"{\" data-sheets-userformat=\"{\">JF15028<\/span><br \/>\nFecha de fabricaci\u00f3n: <span data-sheets-root=\"1\" data-sheets-value=\"{\" data-sheets-userformat=\"{\">10.2025.<\/span><br \/>\nFecha de caducidad: <span data-sheets-root=\"1\" data-sheets-value=\"{\" data-sheets-userformat=\"{\">10.2028.<\/span><\/p>\n","protected":false},"excerpt":{"rendered":"<p>DOSIFICACI\u00d3N: Hexahidrobenzilcarbonato de Trenbolona 100mg\/ml CONTENIDO DEL ENVASE: 1 vial de 10ML, 100 mg por ml QU\u00c9 ES: La Trenbolona es un esteroide derivado de la 19-Nortestosterona y es uno de los esteroides m\u00e1s potentes y eficaces que existen actualmente. Debido a su gran afinidad con los receptores androg\u00e9nicos, es un esteroide vers\u00e1til, \u00fatil para&hellip;<\/p>\n","protected":false},"featured_media":76685,"comment_status":"open","ping_status":"closed","template":"","meta":{"_acf_changed":false},"product_brand":[],"product_cat":[164,163],"product_tag":[],"class_list":{"0":"post-77894","1":"product","2":"type-product","3":"status-publish","4":"has-post-thumbnail","6":"product_cat-all-es","7":"product_cat-injectables-es","8":"description-off","10":"first","11":"instock","12":"shipping-taxable","13":"product-type-simple"},"acf":[],"yoast_head":"<!-- This site is optimized with the Yoast SEO plugin v27.4 - https:\/\/yoast.com\/product\/yoast-seo-wordpress\/ -->\n<title>Hexahidrobencilcarbonato de trembolona - Astera Labs<\/title>\n<meta name=\"robots\" content=\"index, follow, max-snippet:-1, max-image-preview:large, max-video-preview:-1\" \/>\n<link rel=\"canonical\" href=\"https:\/\/asteralabs.org\/es\/product\/hexahidrobencilcarbonato-de-trembolona\/\" \/>\n<meta property=\"og:locale\" content=\"es_ES\" \/>\n<meta property=\"og:type\" content=\"article\" \/>\n<meta property=\"og:title\" content=\"Hexahidrobencilcarbonato de trembolona - Astera Labs\" \/>\n<meta property=\"og:description\" content=\"DOSIFICACI\u00d3N: Hexahidrobenzilcarbonato de Trenbolona 100mg\/ml CONTENIDO DEL ENVASE: 1 vial de 10ML, 100 mg por ml QU\u00c9 ES: La Trenbolona es un esteroide derivado de la 19-Nortestosterona y es uno de los esteroides m\u00e1s potentes y eficaces que existen actualmente. Debido a su gran afinidad con los receptores androg\u00e9nicos, es un esteroide vers\u00e1til, \u00fatil para&hellip;\" \/>\n<meta property=\"og:url\" content=\"https:\/\/asteralabs.org\/es\/product\/hexahidrobencilcarbonato-de-trembolona\/\" \/>\n<meta property=\"og:site_name\" content=\"Astera Labs\" \/>\n<meta property=\"article:modified_time\" content=\"2026-01-15T13:01:33+00:00\" \/>\n<meta property=\"og:image\" content=\"https:\/\/asteralabs.org\/wp-content\/uploads\/2022\/11\/TRENBOLONE-hex.png\" \/>\n\t<meta property=\"og:image:width\" content=\"2000\" \/>\n\t<meta property=\"og:image:height\" content=\"2000\" \/>\n\t<meta property=\"og:image:type\" content=\"image\/png\" \/>\n<meta name=\"twitter:card\" content=\"summary_large_image\" \/>\n<script type=\"application\/ld+json\" class=\"yoast-schema-graph\">{\"@context\":\"https:\\\/\\\/schema.org\",\"@graph\":[{\"@type\":\"WebPage\",\"@id\":\"https:\\\/\\\/asteralabs.org\\\/es\\\/product\\\/hexahidrobencilcarbonato-de-trembolona\\\/\",\"url\":\"https:\\\/\\\/asteralabs.org\\\/es\\\/product\\\/hexahidrobencilcarbonato-de-trembolona\\\/\",\"name\":\"Hexahidrobencilcarbonato de trembolona - Astera Labs\",\"isPartOf\":{\"@id\":\"https:\\\/\\\/asteralabs.org\\\/es\\\/#website\"},\"primaryImageOfPage\":{\"@id\":\"https:\\\/\\\/asteralabs.org\\\/es\\\/product\\\/hexahidrobencilcarbonato-de-trembolona\\\/#primaryimage\"},\"image\":{\"@id\":\"https:\\\/\\\/asteralabs.org\\\/es\\\/product\\\/hexahidrobencilcarbonato-de-trembolona\\\/#primaryimage\"},\"thumbnailUrl\":\"https:\\\/\\\/asteralabs.org\\\/wp-content\\\/uploads\\\/2022\\\/11\\\/TRENBOLONE-hex.png\",\"datePublished\":\"2022-11-05T22:45:25+00:00\",\"dateModified\":\"2026-01-15T13:01:33+00:00\",\"breadcrumb\":{\"@id\":\"https:\\\/\\\/asteralabs.org\\\/es\\\/product\\\/hexahidrobencilcarbonato-de-trembolona\\\/#breadcrumb\"},\"inLanguage\":\"es-ES\",\"potentialAction\":[{\"@type\":\"ReadAction\",\"target\":[\"https:\\\/\\\/asteralabs.org\\\/es\\\/product\\\/hexahidrobencilcarbonato-de-trembolona\\\/\"]}]},{\"@type\":\"ImageObject\",\"inLanguage\":\"es-ES\",\"@id\":\"https:\\\/\\\/asteralabs.org\\\/es\\\/product\\\/hexahidrobencilcarbonato-de-trembolona\\\/#primaryimage\",\"url\":\"https:\\\/\\\/asteralabs.org\\\/wp-content\\\/uploads\\\/2022\\\/11\\\/TRENBOLONE-hex.png\",\"contentUrl\":\"https:\\\/\\\/asteralabs.org\\\/wp-content\\\/uploads\\\/2022\\\/11\\\/TRENBOLONE-hex.png\",\"width\":2000,\"height\":2000},{\"@type\":\"BreadcrumbList\",\"@id\":\"https:\\\/\\\/asteralabs.org\\\/es\\\/product\\\/hexahidrobencilcarbonato-de-trembolona\\\/#breadcrumb\",\"itemListElement\":[{\"@type\":\"ListItem\",\"position\":1,\"name\":\"Home\",\"item\":\"https:\\\/\\\/asteralabs.org\\\/es\\\/\"},{\"@type\":\"ListItem\",\"position\":2,\"name\":\"Tienda\",\"item\":\"https:\\\/\\\/asteralabs.org\\\/es\\\/tienda\\\/\"},{\"@type\":\"ListItem\",\"position\":3,\"name\":\"Hexahidrobencilcarbonato de trembolona\"}]},{\"@type\":\"WebSite\",\"@id\":\"https:\\\/\\\/asteralabs.org\\\/es\\\/#website\",\"url\":\"https:\\\/\\\/asteralabs.org\\\/es\\\/\",\"name\":\"Astera Labs\",\"description\":\"Improve Your Quality Of Life\",\"publisher\":{\"@id\":\"https:\\\/\\\/asteralabs.org\\\/es\\\/#organization\"},\"potentialAction\":[{\"@type\":\"SearchAction\",\"target\":{\"@type\":\"EntryPoint\",\"urlTemplate\":\"https:\\\/\\\/asteralabs.org\\\/es\\\/?s={search_term_string}\"},\"query-input\":{\"@type\":\"PropertyValueSpecification\",\"valueRequired\":true,\"valueName\":\"search_term_string\"}}],\"inLanguage\":\"es-ES\"},{\"@type\":\"Organization\",\"@id\":\"https:\\\/\\\/asteralabs.org\\\/es\\\/#organization\",\"name\":\"Astera Labs\",\"url\":\"https:\\\/\\\/asteralabs.org\\\/es\\\/\",\"logo\":{\"@type\":\"ImageObject\",\"inLanguage\":\"es-ES\",\"@id\":\"https:\\\/\\\/asteralabs.org\\\/es\\\/#\\\/schema\\\/logo\\\/image\\\/\",\"url\":\"https:\\\/\\\/asteralabs.org\\\/wp-content\\\/uploads\\\/2022\\\/12\\\/astera-2.png\",\"contentUrl\":\"https:\\\/\\\/asteralabs.org\\\/wp-content\\\/uploads\\\/2022\\\/12\\\/astera-2.png\",\"width\":437,\"height\":111,\"caption\":\"Astera Labs\"},\"image\":{\"@id\":\"https:\\\/\\\/asteralabs.org\\\/es\\\/#\\\/schema\\\/logo\\\/image\\\/\"}}]}<\/script>\n<!-- \/ Yoast SEO plugin. -->","yoast_head_json":{"title":"Hexahidrobencilcarbonato de trembolona - Astera Labs","robots":{"index":"index","follow":"follow","max-snippet":"max-snippet:-1","max-image-preview":"max-image-preview:large","max-video-preview":"max-video-preview:-1"},"canonical":"https:\/\/asteralabs.org\/es\/product\/hexahidrobencilcarbonato-de-trembolona\/","og_locale":"es_ES","og_type":"article","og_title":"Hexahidrobencilcarbonato de trembolona - Astera Labs","og_description":"DOSIFICACI\u00d3N: Hexahidrobenzilcarbonato de Trenbolona 100mg\/ml CONTENIDO DEL ENVASE: 1 vial de 10ML, 100 mg por ml QU\u00c9 ES: La Trenbolona es un esteroide derivado de la 19-Nortestosterona y es uno de los esteroides m\u00e1s potentes y eficaces que existen actualmente. Debido a su gran afinidad con los receptores androg\u00e9nicos, es un esteroide vers\u00e1til, \u00fatil para&hellip;","og_url":"https:\/\/asteralabs.org\/es\/product\/hexahidrobencilcarbonato-de-trembolona\/","og_site_name":"Astera Labs","article_modified_time":"2026-01-15T13:01:33+00:00","og_image":[{"width":2000,"height":2000,"url":"https:\/\/asteralabs.org\/wp-content\/uploads\/2022\/11\/TRENBOLONE-hex.png","type":"image\/png"}],"twitter_card":"summary_large_image","schema":{"@context":"https:\/\/schema.org","@graph":[{"@type":"WebPage","@id":"https:\/\/asteralabs.org\/es\/product\/hexahidrobencilcarbonato-de-trembolona\/","url":"https:\/\/asteralabs.org\/es\/product\/hexahidrobencilcarbonato-de-trembolona\/","name":"Hexahidrobencilcarbonato de trembolona - Astera Labs","isPartOf":{"@id":"https:\/\/asteralabs.org\/es\/#website"},"primaryImageOfPage":{"@id":"https:\/\/asteralabs.org\/es\/product\/hexahidrobencilcarbonato-de-trembolona\/#primaryimage"},"image":{"@id":"https:\/\/asteralabs.org\/es\/product\/hexahidrobencilcarbonato-de-trembolona\/#primaryimage"},"thumbnailUrl":"https:\/\/asteralabs.org\/wp-content\/uploads\/2022\/11\/TRENBOLONE-hex.png","datePublished":"2022-11-05T22:45:25+00:00","dateModified":"2026-01-15T13:01:33+00:00","breadcrumb":{"@id":"https:\/\/asteralabs.org\/es\/product\/hexahidrobencilcarbonato-de-trembolona\/#breadcrumb"},"inLanguage":"es-ES","potentialAction":[{"@type":"ReadAction","target":["https:\/\/asteralabs.org\/es\/product\/hexahidrobencilcarbonato-de-trembolona\/"]}]},{"@type":"ImageObject","inLanguage":"es-ES","@id":"https:\/\/asteralabs.org\/es\/product\/hexahidrobencilcarbonato-de-trembolona\/#primaryimage","url":"https:\/\/asteralabs.org\/wp-content\/uploads\/2022\/11\/TRENBOLONE-hex.png","contentUrl":"https:\/\/asteralabs.org\/wp-content\/uploads\/2022\/11\/TRENBOLONE-hex.png","width":2000,"height":2000},{"@type":"BreadcrumbList","@id":"https:\/\/asteralabs.org\/es\/product\/hexahidrobencilcarbonato-de-trembolona\/#breadcrumb","itemListElement":[{"@type":"ListItem","position":1,"name":"Home","item":"https:\/\/asteralabs.org\/es\/"},{"@type":"ListItem","position":2,"name":"Tienda","item":"https:\/\/asteralabs.org\/es\/tienda\/"},{"@type":"ListItem","position":3,"name":"Hexahidrobencilcarbonato de trembolona"}]},{"@type":"WebSite","@id":"https:\/\/asteralabs.org\/es\/#website","url":"https:\/\/asteralabs.org\/es\/","name":"Astera Labs","description":"Improve Your Quality Of Life","publisher":{"@id":"https:\/\/asteralabs.org\/es\/#organization"},"potentialAction":[{"@type":"SearchAction","target":{"@type":"EntryPoint","urlTemplate":"https:\/\/asteralabs.org\/es\/?s={search_term_string}"},"query-input":{"@type":"PropertyValueSpecification","valueRequired":true,"valueName":"search_term_string"}}],"inLanguage":"es-ES"},{"@type":"Organization","@id":"https:\/\/asteralabs.org\/es\/#organization","name":"Astera Labs","url":"https:\/\/asteralabs.org\/es\/","logo":{"@type":"ImageObject","inLanguage":"es-ES","@id":"https:\/\/asteralabs.org\/es\/#\/schema\/logo\/image\/","url":"https:\/\/asteralabs.org\/wp-content\/uploads\/2022\/12\/astera-2.png","contentUrl":"https:\/\/asteralabs.org\/wp-content\/uploads\/2022\/12\/astera-2.png","width":437,"height":111,"caption":"Astera Labs"},"image":{"@id":"https:\/\/asteralabs.org\/es\/#\/schema\/logo\/image\/"}}]}},"_links":{"self":[{"href":"https:\/\/asteralabs.org\/es\/wp-json\/wp\/v2\/product\/77894","targetHints":{"allow":["GET"]}}],"collection":[{"href":"https:\/\/asteralabs.org\/es\/wp-json\/wp\/v2\/product"}],"about":[{"href":"https:\/\/asteralabs.org\/es\/wp-json\/wp\/v2\/types\/product"}],"replies":[{"embeddable":true,"href":"https:\/\/asteralabs.org\/es\/wp-json\/wp\/v2\/comments?post=77894"}],"version-history":[{"count":0,"href":"https:\/\/asteralabs.org\/es\/wp-json\/wp\/v2\/product\/77894\/revisions"}],"wp:featuredmedia":[{"embeddable":true,"href":"https:\/\/asteralabs.org\/es\/wp-json\/wp\/v2\/media\/76685"}],"wp:attachment":[{"href":"https:\/\/asteralabs.org\/es\/wp-json\/wp\/v2\/media?parent=77894"}],"wp:term":[{"taxonomy":"product_brand","embeddable":true,"href":"https:\/\/asteralabs.org\/es\/wp-json\/wp\/v2\/product_brand?post=77894"},{"taxonomy":"product_cat","embeddable":true,"href":"https:\/\/asteralabs.org\/es\/wp-json\/wp\/v2\/product_cat?post=77894"},{"taxonomy":"product_tag","embeddable":true,"href":"https:\/\/asteralabs.org\/es\/wp-json\/wp\/v2\/product_tag?post=77894"}],"curies":[{"name":"wp","href":"https:\/\/api.w.org\/{rel}","templated":true}]}}