{"id":77900,"date":"2022-11-05T22:43:39","date_gmt":"2022-11-05T22:43:39","guid":{"rendered":"https:\/\/asteralabs.org\/product\/undecanoato-de-testosterona\/"},"modified":"2026-01-15T12:15:01","modified_gmt":"2026-01-15T12:15:01","slug":"undecanoato-de-testosterona","status":"publish","type":"product","link":"https:\/\/asteralabs.org\/es\/product\/undecanoato-de-testosterona\/","title":{"rendered":"Undecanoato de testosterona"},"content":{"rendered":"<p><strong>DOSIFICACI\u00d3N: <\/strong><br \/>\nUndecanoato de Testosterona 250mg\/ml <strong>CONTENIDO DEL ENVASE: <\/strong><br \/>\n1 vial de 10ML, 250 mg por ml <strong>QU\u00c9 ES: <\/strong><br \/>\nLa Testosterona es el esteroide m\u00e1s utilizado y m\u00e1s vers\u00e1til del mercado. Todos los ciclos necesitan una base de Testosterona en combinaci\u00f3n con otros esteroides o incluso pueden consistir s\u00f3lo en Testosterona, tambi\u00e9n puede utilizarse en peque\u00f1as dosis como TRT. <strong>C\u00d3MO USARLO: <\/strong><br \/>\nSu uso depender\u00e1 del contexto en el que se utilice, las dosis en un ciclo pueden variar desde 250mg para principiantes hasta 1 gramo o m\u00e1s en culturistas profesionales, personalmente recomendamos utilizar la m\u00e1xima dosis posible que se pueda utilizar (obviamente dependiendo del objetivo) en ausencia de efectos secundarios. Para un TRT recomendamos utilizar una dosis basada en tu an\u00e1lisis de sangre. Al ser un \u00e9ster realmente largo recomendamos inyectarlo o E3D o una vez a la semana si es necesario, ya que su vida media es tan larga solemos recomendar este \u00e9ster espec\u00edfico para TRT o antes de viajar al extranjero. <strong>INFORMACI\u00d3N DEL LOTE:<br \/>\n<\/strong>N\u00ba de lote: <span data-sheets-root=\"1\" data-sheets-value=\"{\" data-sheets-userformat=\"{\">PS84265<\/span><br \/>\nFecha de fabricaci\u00f3n: <span data-sheets-root=\"1\" data-sheets-value=\"{\" data-sheets-userformat=\"{\">10.2025.<\/span><br \/>\nFecha de caducidad: <span data-sheets-root=\"1\" data-sheets-value=\"{\" data-sheets-userformat=\"{\">10.2028.<\/span><\/p>\n","protected":false},"excerpt":{"rendered":"<p>DOSIFICACI\u00d3N: Undecanoato de Testosterona 250mg\/ml CONTENIDO DEL ENVASE: 1 vial de 10ML, 250 mg por ml QU\u00c9 ES: La Testosterona es el esteroide m\u00e1s utilizado y m\u00e1s vers\u00e1til del mercado. Todos los ciclos necesitan una base de Testosterona en combinaci\u00f3n con otros esteroides o incluso pueden consistir s\u00f3lo en Testosterona, tambi\u00e9n puede utilizarse en peque\u00f1as&hellip;<\/p>\n","protected":false},"featured_media":75109,"comment_status":"open","ping_status":"closed","template":"","meta":[],"product_cat":[164,163],"product_tag":[],"yoast_head":"<!-- This site is optimized with the Yoast SEO plugin v23.0 - https:\/\/yoast.com\/wordpress\/plugins\/seo\/ -->\n<title>Undecanoato de testosterona - Astera Labs<\/title>\n<meta name=\"robots\" content=\"index, follow, max-snippet:-1, max-image-preview:large, max-video-preview:-1\" \/>\n<link rel=\"canonical\" href=\"https:\/\/asteralabs.org\/es\/product\/undecanoato-de-testosterona\/\" \/>\n<meta property=\"og:locale\" content=\"es_ES\" \/>\n<meta property=\"og:type\" content=\"article\" \/>\n<meta property=\"og:title\" content=\"Undecanoato de testosterona - Astera Labs\" \/>\n<meta property=\"og:description\" content=\"DOSIFICACI\u00d3N: Undecanoato de Testosterona 250mg\/ml CONTENIDO DEL ENVASE: 1 vial de 10ML, 250 mg por ml QU\u00c9 ES: La Testosterona es el esteroide m\u00e1s utilizado y m\u00e1s vers\u00e1til del mercado. Todos los ciclos necesitan una base de Testosterona en combinaci\u00f3n con otros esteroides o incluso pueden consistir s\u00f3lo en Testosterona, tambi\u00e9n puede utilizarse en peque\u00f1as&hellip;\" \/>\n<meta property=\"og:url\" content=\"https:\/\/asteralabs.org\/es\/product\/undecanoato-de-testosterona\/\" \/>\n<meta property=\"og:site_name\" content=\"Astera Labs\" \/>\n<meta property=\"article:modified_time\" content=\"2026-01-15T12:15:01+00:00\" \/>\n<meta property=\"og:image\" content=\"https:\/\/asteralabs.org\/wp-content\/uploads\/2022\/11\/11.png\" \/>\n\t<meta property=\"og:image:width\" content=\"2000\" \/>\n\t<meta property=\"og:image:height\" content=\"2000\" \/>\n\t<meta property=\"og:image:type\" content=\"image\/png\" \/>\n<meta name=\"twitter:card\" content=\"summary_large_image\" \/>\n<script type=\"application\/ld+json\" class=\"yoast-schema-graph\">{\"@context\":\"https:\/\/schema.org\",\"@graph\":[{\"@type\":\"WebPage\",\"@id\":\"https:\/\/asteralabs.org\/es\/product\/undecanoato-de-testosterona\/\",\"url\":\"https:\/\/asteralabs.org\/es\/product\/undecanoato-de-testosterona\/\",\"name\":\"Undecanoato de testosterona - Astera Labs\",\"isPartOf\":{\"@id\":\"https:\/\/asteralabs.org\/es\/#website\"},\"primaryImageOfPage\":{\"@id\":\"https:\/\/asteralabs.org\/es\/product\/undecanoato-de-testosterona\/#primaryimage\"},\"image\":{\"@id\":\"https:\/\/asteralabs.org\/es\/product\/undecanoato-de-testosterona\/#primaryimage\"},\"thumbnailUrl\":\"https:\/\/asteralabs.org\/wp-content\/uploads\/2022\/11\/11.png\",\"datePublished\":\"2022-11-05T22:43:39+00:00\",\"dateModified\":\"2026-01-15T12:15:01+00:00\",\"breadcrumb\":{\"@id\":\"https:\/\/asteralabs.org\/es\/product\/undecanoato-de-testosterona\/#breadcrumb\"},\"inLanguage\":\"es\",\"potentialAction\":[{\"@type\":\"ReadAction\",\"target\":[\"https:\/\/asteralabs.org\/es\/product\/undecanoato-de-testosterona\/\"]}]},{\"@type\":\"ImageObject\",\"inLanguage\":\"es\",\"@id\":\"https:\/\/asteralabs.org\/es\/product\/undecanoato-de-testosterona\/#primaryimage\",\"url\":\"https:\/\/asteralabs.org\/wp-content\/uploads\/2022\/11\/11.png\",\"contentUrl\":\"https:\/\/asteralabs.org\/wp-content\/uploads\/2022\/11\/11.png\",\"width\":2000,\"height\":2000},{\"@type\":\"BreadcrumbList\",\"@id\":\"https:\/\/asteralabs.org\/es\/product\/undecanoato-de-testosterona\/#breadcrumb\",\"itemListElement\":[{\"@type\":\"ListItem\",\"position\":1,\"name\":\"Home\",\"item\":\"https:\/\/asteralabs.org\/es\/\"},{\"@type\":\"ListItem\",\"position\":2,\"name\":\"Tienda\",\"item\":\"https:\/\/asteralabs.org\/tienda\/\"},{\"@type\":\"ListItem\",\"position\":3,\"name\":\"Undecanoato de testosterona\"}]},{\"@type\":\"WebSite\",\"@id\":\"https:\/\/asteralabs.org\/es\/#website\",\"url\":\"https:\/\/asteralabs.org\/es\/\",\"name\":\"Astera Labs\",\"description\":\"Improve Your Quality Of Life\",\"publisher\":{\"@id\":\"https:\/\/asteralabs.org\/es\/#organization\"},\"potentialAction\":[{\"@type\":\"SearchAction\",\"target\":{\"@type\":\"EntryPoint\",\"urlTemplate\":\"https:\/\/asteralabs.org\/es\/?s={search_term_string}\"},\"query-input\":\"required name=search_term_string\"}],\"inLanguage\":\"es\"},{\"@type\":\"Organization\",\"@id\":\"https:\/\/asteralabs.org\/es\/#organization\",\"name\":\"Astera Labs\",\"url\":\"https:\/\/asteralabs.org\/es\/\",\"logo\":{\"@type\":\"ImageObject\",\"inLanguage\":\"es\",\"@id\":\"https:\/\/asteralabs.org\/es\/#\/schema\/logo\/image\/\",\"url\":\"https:\/\/asteralabs.org\/wp-content\/uploads\/2022\/12\/astera-2.png\",\"contentUrl\":\"https:\/\/asteralabs.org\/wp-content\/uploads\/2022\/12\/astera-2.png\",\"width\":437,\"height\":111,\"caption\":\"Astera Labs\"},\"image\":{\"@id\":\"https:\/\/asteralabs.org\/es\/#\/schema\/logo\/image\/\"}}]}<\/script>\n<!-- \/ Yoast SEO plugin. -->","yoast_head_json":{"title":"Undecanoato de testosterona - Astera Labs","robots":{"index":"index","follow":"follow","max-snippet":"max-snippet:-1","max-image-preview":"max-image-preview:large","max-video-preview":"max-video-preview:-1"},"canonical":"https:\/\/asteralabs.org\/es\/product\/undecanoato-de-testosterona\/","og_locale":"es_ES","og_type":"article","og_title":"Undecanoato de testosterona - Astera Labs","og_description":"DOSIFICACI\u00d3N: Undecanoato de Testosterona 250mg\/ml CONTENIDO DEL ENVASE: 1 vial de 10ML, 250 mg por ml QU\u00c9 ES: La Testosterona es el esteroide m\u00e1s utilizado y m\u00e1s vers\u00e1til del mercado. Todos los ciclos necesitan una base de Testosterona en combinaci\u00f3n con otros esteroides o incluso pueden consistir s\u00f3lo en Testosterona, tambi\u00e9n puede utilizarse en peque\u00f1as&hellip;","og_url":"https:\/\/asteralabs.org\/es\/product\/undecanoato-de-testosterona\/","og_site_name":"Astera Labs","article_modified_time":"2026-01-15T12:15:01+00:00","og_image":[{"width":2000,"height":2000,"url":"https:\/\/asteralabs.org\/wp-content\/uploads\/2022\/11\/11.png","type":"image\/png"}],"twitter_card":"summary_large_image","schema":{"@context":"https:\/\/schema.org","@graph":[{"@type":"WebPage","@id":"https:\/\/asteralabs.org\/es\/product\/undecanoato-de-testosterona\/","url":"https:\/\/asteralabs.org\/es\/product\/undecanoato-de-testosterona\/","name":"Undecanoato de testosterona - Astera Labs","isPartOf":{"@id":"https:\/\/asteralabs.org\/es\/#website"},"primaryImageOfPage":{"@id":"https:\/\/asteralabs.org\/es\/product\/undecanoato-de-testosterona\/#primaryimage"},"image":{"@id":"https:\/\/asteralabs.org\/es\/product\/undecanoato-de-testosterona\/#primaryimage"},"thumbnailUrl":"https:\/\/asteralabs.org\/wp-content\/uploads\/2022\/11\/11.png","datePublished":"2022-11-05T22:43:39+00:00","dateModified":"2026-01-15T12:15:01+00:00","breadcrumb":{"@id":"https:\/\/asteralabs.org\/es\/product\/undecanoato-de-testosterona\/#breadcrumb"},"inLanguage":"es","potentialAction":[{"@type":"ReadAction","target":["https:\/\/asteralabs.org\/es\/product\/undecanoato-de-testosterona\/"]}]},{"@type":"ImageObject","inLanguage":"es","@id":"https:\/\/asteralabs.org\/es\/product\/undecanoato-de-testosterona\/#primaryimage","url":"https:\/\/asteralabs.org\/wp-content\/uploads\/2022\/11\/11.png","contentUrl":"https:\/\/asteralabs.org\/wp-content\/uploads\/2022\/11\/11.png","width":2000,"height":2000},{"@type":"BreadcrumbList","@id":"https:\/\/asteralabs.org\/es\/product\/undecanoato-de-testosterona\/#breadcrumb","itemListElement":[{"@type":"ListItem","position":1,"name":"Home","item":"https:\/\/asteralabs.org\/es\/"},{"@type":"ListItem","position":2,"name":"Tienda","item":"https:\/\/asteralabs.org\/tienda\/"},{"@type":"ListItem","position":3,"name":"Undecanoato de testosterona"}]},{"@type":"WebSite","@id":"https:\/\/asteralabs.org\/es\/#website","url":"https:\/\/asteralabs.org\/es\/","name":"Astera Labs","description":"Improve Your Quality Of Life","publisher":{"@id":"https:\/\/asteralabs.org\/es\/#organization"},"potentialAction":[{"@type":"SearchAction","target":{"@type":"EntryPoint","urlTemplate":"https:\/\/asteralabs.org\/es\/?s={search_term_string}"},"query-input":"required name=search_term_string"}],"inLanguage":"es"},{"@type":"Organization","@id":"https:\/\/asteralabs.org\/es\/#organization","name":"Astera Labs","url":"https:\/\/asteralabs.org\/es\/","logo":{"@type":"ImageObject","inLanguage":"es","@id":"https:\/\/asteralabs.org\/es\/#\/schema\/logo\/image\/","url":"https:\/\/asteralabs.org\/wp-content\/uploads\/2022\/12\/astera-2.png","contentUrl":"https:\/\/asteralabs.org\/wp-content\/uploads\/2022\/12\/astera-2.png","width":437,"height":111,"caption":"Astera Labs"},"image":{"@id":"https:\/\/asteralabs.org\/es\/#\/schema\/logo\/image\/"}}]}},"_links":{"self":[{"href":"https:\/\/asteralabs.org\/es\/wp-json\/wp\/v2\/product\/77900"}],"collection":[{"href":"https:\/\/asteralabs.org\/es\/wp-json\/wp\/v2\/product"}],"about":[{"href":"https:\/\/asteralabs.org\/es\/wp-json\/wp\/v2\/types\/product"}],"replies":[{"embeddable":true,"href":"https:\/\/asteralabs.org\/es\/wp-json\/wp\/v2\/comments?post=77900"}],"version-history":[{"count":0,"href":"https:\/\/asteralabs.org\/es\/wp-json\/wp\/v2\/product\/77900\/revisions"}],"wp:featuredmedia":[{"embeddable":true,"href":"https:\/\/asteralabs.org\/es\/wp-json\/wp\/v2\/media\/75109"}],"wp:attachment":[{"href":"https:\/\/asteralabs.org\/es\/wp-json\/wp\/v2\/media?parent=77900"}],"wp:term":[{"taxonomy":"product_cat","embeddable":true,"href":"https:\/\/asteralabs.org\/es\/wp-json\/wp\/v2\/product_cat?post=77900"},{"taxonomy":"product_tag","embeddable":true,"href":"https:\/\/asteralabs.org\/es\/wp-json\/wp\/v2\/product_tag?post=77900"}],"curies":[{"name":"wp","href":"https:\/\/api.w.org\/{rel}","templated":true}]}}