{"id":78005,"date":"2023-09-07T12:46:05","date_gmt":"2023-09-07T12:46:05","guid":{"rendered":"https:\/\/asteralabs.org\/product\/fragmento-hgh-176-191\/"},"modified":"2026-01-15T09:48:54","modified_gmt":"2026-01-15T09:48:54","slug":"fragmento-hgh-176-191","status":"publish","type":"product","link":"https:\/\/asteralabs.org\/es\/product\/fragmento-hgh-176-191\/","title":{"rendered":"Fragmento HGH 176-191"},"content":{"rendered":"\t\t<div data-elementor-type=\"product-post\" data-elementor-id=\"78005\" class=\"elementor elementor-78005 elementor-73707\" data-elementor-post-type=\"product\">\n\t\t\t\t\t\t\t\t\t<section class=\"elementor-section elementor-top-section elementor-element elementor-element-21c56c66 elementor-section-boxed elementor-section-height-default elementor-section-height-default\" data-id=\"21c56c66\" data-element_type=\"section\">\n\t\t\t\t\t\t<div class=\"elementor-container elementor-column-gap-default\">\n\t\t\t\t\t<div class=\"elementor-column elementor-col-100 elementor-top-column elementor-element elementor-element-64be20e4\" data-id=\"64be20e4\" data-element_type=\"column\">\n\t\t\t<div class=\"elementor-widget-wrap elementor-element-populated\">\n\t\t\t\t\t\t\t\t<div class=\"elementor-element elementor-element-30c8f5c0 elementor-widget elementor-widget-text-editor\" data-id=\"30c8f5c0\" data-element_type=\"widget\" data-widget_type=\"text-editor.default\">\n\t\t\t\t<div class=\"elementor-widget-container\">\n\t\t\t\t\t\t\t<p><strong>DOSIFICACI\u00d3N<\/strong>:<\/p><p>HGH Fragmento 176-191, 10 mg por vial<\/p><p><strong>CONTENIDO DEL PAQUETE:<\/strong><\/p><p>1 vial con 10 mg de soluci\u00f3n inyectable<\/p><p><strong>QU\u00c9 ES:<\/strong><\/p><p>El fragmento 176-191 de HGH es un p\u00e9ptido sint\u00e9tico derivado de la secuencia de amino\u00e1cidos de la hormona del crecimiento humano (HGH). A diferencia de la HGH tradicional, este fragmento se dirige espec\u00edficamente a la p\u00e9rdida de grasa y a la mejora metab\u00f3lica sin afectar al crecimiento ni a la sensibilidad a la insulina. Al estimular la descomposici\u00f3n de las grasas (lip\u00f3lisis) y reducir su almacenamiento (lipog\u00e9nesis), ayuda a disminuir la grasa corporal al tiempo que preserva la masa muscular magra, lo que la convierte en una herramienta eficaz para mejorar la composici\u00f3n corporal y la salud metab\u00f3lica.<\/p><p><strong>C\u00d3MO USARLO:<\/strong><\/p><ul><li>Dosificaci\u00f3n:<\/li><\/ul><p>Una dosis diaria t\u00edpica oscila entre 250 mcg y 500 mcg, dividida en varias inyecciones para una eficacia \u00f3ptima; por ejemplo, puede tomarse por la ma\u00f1ana y antes del entrenamiento.<\/p><ul><li>Administraci\u00f3n:<\/li><\/ul><p>Administra el fragmento 176-191 de HGH mediante inyecci\u00f3n subcut\u00e1nea en el tejido adiposo del abdomen o los muslos.<\/p><ul><li>Horario:<\/li><\/ul><p>Para obtener los mejores resultados, se recomiendan las inyecciones antes de las comidas y antes de los entrenamientos para potenciar los efectos quemagrasas y maximizar los beneficios.<\/p><p>INFORMACI\u00d3N DEL LOTE:<br \/>N\u00ba de lote: <span data-sheets-root=\"1\">SO41629<\/span><br \/>Fecha de fabricaci\u00f3n: 10<span data-sheets-root=\"1\" data-sheets-value=\"{\" data-sheets-userformat=\"{\">.2025.<\/span><br \/>Fecha de caducidad: 10<span data-sheets-root=\"1\" data-sheets-value=\"{\" data-sheets-userformat=\"{\">.2028.<\/span><\/p>\t\t\t\t\t\t<\/div>\n\t\t\t\t<\/div>\n\t\t\t\t\t<\/div>\n\t\t<\/div>\n\t\t\t\t\t\t\t<\/div>\n\t\t<\/section>\n\t\t\t\t\t\t\t<\/div>\n\t\t","protected":false},"excerpt":{"rendered":"<p>DOSIFICACI\u00d3N: HGH Fragmento 176-191, 10 mg por vial CONTENIDO DEL PAQUETE: 1 vial con 10 mg de soluci\u00f3n inyectable QU\u00c9 ES: El fragmento 176-191 de HGH es un p\u00e9ptido sint\u00e9tico derivado de la secuencia de amino\u00e1cidos de la hormona del crecimiento humano (HGH). A diferencia de la HGH tradicional, este fragmento se dirige espec\u00edficamente a&hellip;<\/p>\n","protected":false},"featured_media":76509,"comment_status":"closed","ping_status":"closed","template":"","meta":[],"product_cat":[164,189],"product_tag":[],"yoast_head":"<!-- This site is optimized with the Yoast SEO plugin v23.0 - https:\/\/yoast.com\/wordpress\/plugins\/seo\/ -->\n<title>Fragmento HGH 176-191 - Astera Labs<\/title>\n<meta name=\"robots\" content=\"index, follow, max-snippet:-1, max-image-preview:large, max-video-preview:-1\" \/>\n<link rel=\"canonical\" href=\"https:\/\/asteralabs.org\/es\/product\/fragmento-hgh-176-191\/\" \/>\n<meta property=\"og:locale\" content=\"es_ES\" \/>\n<meta property=\"og:type\" content=\"article\" \/>\n<meta property=\"og:title\" content=\"Fragmento HGH 176-191 - Astera Labs\" \/>\n<meta property=\"og:description\" content=\"DOSIFICACI\u00d3N: HGH Fragmento 176-191, 10 mg por vial CONTENIDO DEL PAQUETE: 1 vial con 10 mg de soluci\u00f3n inyectable QU\u00c9 ES: El fragmento 176-191 de HGH es un p\u00e9ptido sint\u00e9tico derivado de la secuencia de amino\u00e1cidos de la hormona del crecimiento humano (HGH). A diferencia de la HGH tradicional, este fragmento se dirige espec\u00edficamente a&hellip;\" \/>\n<meta property=\"og:url\" content=\"https:\/\/asteralabs.org\/es\/product\/fragmento-hgh-176-191\/\" \/>\n<meta property=\"og:site_name\" content=\"Astera Labs\" \/>\n<meta property=\"article:modified_time\" content=\"2026-01-15T09:48:54+00:00\" \/>\n<meta property=\"og:image\" content=\"https:\/\/asteralabs.org\/wp-content\/uploads\/2023\/09\/HGH-fragment-vial-front-noBG.png\" \/>\n\t<meta property=\"og:image:width\" content=\"2000\" \/>\n\t<meta property=\"og:image:height\" content=\"2000\" \/>\n\t<meta property=\"og:image:type\" content=\"image\/png\" \/>\n<meta name=\"twitter:card\" content=\"summary_large_image\" \/>\n<script type=\"application\/ld+json\" class=\"yoast-schema-graph\">{\"@context\":\"https:\/\/schema.org\",\"@graph\":[{\"@type\":\"WebPage\",\"@id\":\"https:\/\/asteralabs.org\/es\/product\/fragmento-hgh-176-191\/\",\"url\":\"https:\/\/asteralabs.org\/es\/product\/fragmento-hgh-176-191\/\",\"name\":\"Fragmento HGH 176-191 - Astera Labs\",\"isPartOf\":{\"@id\":\"https:\/\/asteralabs.org\/es\/#website\"},\"primaryImageOfPage\":{\"@id\":\"https:\/\/asteralabs.org\/es\/product\/fragmento-hgh-176-191\/#primaryimage\"},\"image\":{\"@id\":\"https:\/\/asteralabs.org\/es\/product\/fragmento-hgh-176-191\/#primaryimage\"},\"thumbnailUrl\":\"https:\/\/asteralabs.org\/wp-content\/uploads\/2023\/09\/HGH-fragment-vial-front-noBG.png\",\"datePublished\":\"2023-09-07T12:46:05+00:00\",\"dateModified\":\"2026-01-15T09:48:54+00:00\",\"breadcrumb\":{\"@id\":\"https:\/\/asteralabs.org\/es\/product\/fragmento-hgh-176-191\/#breadcrumb\"},\"inLanguage\":\"es\",\"potentialAction\":[{\"@type\":\"ReadAction\",\"target\":[\"https:\/\/asteralabs.org\/es\/product\/fragmento-hgh-176-191\/\"]}]},{\"@type\":\"ImageObject\",\"inLanguage\":\"es\",\"@id\":\"https:\/\/asteralabs.org\/es\/product\/fragmento-hgh-176-191\/#primaryimage\",\"url\":\"https:\/\/asteralabs.org\/wp-content\/uploads\/2023\/09\/HGH-fragment-vial-front-noBG.png\",\"contentUrl\":\"https:\/\/asteralabs.org\/wp-content\/uploads\/2023\/09\/HGH-fragment-vial-front-noBG.png\",\"width\":2000,\"height\":2000},{\"@type\":\"BreadcrumbList\",\"@id\":\"https:\/\/asteralabs.org\/es\/product\/fragmento-hgh-176-191\/#breadcrumb\",\"itemListElement\":[{\"@type\":\"ListItem\",\"position\":1,\"name\":\"Home\",\"item\":\"https:\/\/asteralabs.org\/es\/\"},{\"@type\":\"ListItem\",\"position\":2,\"name\":\"Tienda\",\"item\":\"https:\/\/asteralabs.org\/tienda\/\"},{\"@type\":\"ListItem\",\"position\":3,\"name\":\"Fragmento HGH 176-191\"}]},{\"@type\":\"WebSite\",\"@id\":\"https:\/\/asteralabs.org\/es\/#website\",\"url\":\"https:\/\/asteralabs.org\/es\/\",\"name\":\"Astera Labs\",\"description\":\"Improve Your Quality Of Life\",\"publisher\":{\"@id\":\"https:\/\/asteralabs.org\/es\/#organization\"},\"potentialAction\":[{\"@type\":\"SearchAction\",\"target\":{\"@type\":\"EntryPoint\",\"urlTemplate\":\"https:\/\/asteralabs.org\/es\/?s={search_term_string}\"},\"query-input\":\"required name=search_term_string\"}],\"inLanguage\":\"es\"},{\"@type\":\"Organization\",\"@id\":\"https:\/\/asteralabs.org\/es\/#organization\",\"name\":\"Astera Labs\",\"url\":\"https:\/\/asteralabs.org\/es\/\",\"logo\":{\"@type\":\"ImageObject\",\"inLanguage\":\"es\",\"@id\":\"https:\/\/asteralabs.org\/es\/#\/schema\/logo\/image\/\",\"url\":\"https:\/\/asteralabs.org\/wp-content\/uploads\/2022\/12\/astera-2.png\",\"contentUrl\":\"https:\/\/asteralabs.org\/wp-content\/uploads\/2022\/12\/astera-2.png\",\"width\":437,\"height\":111,\"caption\":\"Astera Labs\"},\"image\":{\"@id\":\"https:\/\/asteralabs.org\/es\/#\/schema\/logo\/image\/\"}}]}<\/script>\n<!-- \/ Yoast SEO plugin. -->","yoast_head_json":{"title":"Fragmento HGH 176-191 - Astera Labs","robots":{"index":"index","follow":"follow","max-snippet":"max-snippet:-1","max-image-preview":"max-image-preview:large","max-video-preview":"max-video-preview:-1"},"canonical":"https:\/\/asteralabs.org\/es\/product\/fragmento-hgh-176-191\/","og_locale":"es_ES","og_type":"article","og_title":"Fragmento HGH 176-191 - Astera Labs","og_description":"DOSIFICACI\u00d3N: HGH Fragmento 176-191, 10 mg por vial CONTENIDO DEL PAQUETE: 1 vial con 10 mg de soluci\u00f3n inyectable QU\u00c9 ES: El fragmento 176-191 de HGH es un p\u00e9ptido sint\u00e9tico derivado de la secuencia de amino\u00e1cidos de la hormona del crecimiento humano (HGH). A diferencia de la HGH tradicional, este fragmento se dirige espec\u00edficamente a&hellip;","og_url":"https:\/\/asteralabs.org\/es\/product\/fragmento-hgh-176-191\/","og_site_name":"Astera Labs","article_modified_time":"2026-01-15T09:48:54+00:00","og_image":[{"width":2000,"height":2000,"url":"https:\/\/asteralabs.org\/wp-content\/uploads\/2023\/09\/HGH-fragment-vial-front-noBG.png","type":"image\/png"}],"twitter_card":"summary_large_image","schema":{"@context":"https:\/\/schema.org","@graph":[{"@type":"WebPage","@id":"https:\/\/asteralabs.org\/es\/product\/fragmento-hgh-176-191\/","url":"https:\/\/asteralabs.org\/es\/product\/fragmento-hgh-176-191\/","name":"Fragmento HGH 176-191 - Astera Labs","isPartOf":{"@id":"https:\/\/asteralabs.org\/es\/#website"},"primaryImageOfPage":{"@id":"https:\/\/asteralabs.org\/es\/product\/fragmento-hgh-176-191\/#primaryimage"},"image":{"@id":"https:\/\/asteralabs.org\/es\/product\/fragmento-hgh-176-191\/#primaryimage"},"thumbnailUrl":"https:\/\/asteralabs.org\/wp-content\/uploads\/2023\/09\/HGH-fragment-vial-front-noBG.png","datePublished":"2023-09-07T12:46:05+00:00","dateModified":"2026-01-15T09:48:54+00:00","breadcrumb":{"@id":"https:\/\/asteralabs.org\/es\/product\/fragmento-hgh-176-191\/#breadcrumb"},"inLanguage":"es","potentialAction":[{"@type":"ReadAction","target":["https:\/\/asteralabs.org\/es\/product\/fragmento-hgh-176-191\/"]}]},{"@type":"ImageObject","inLanguage":"es","@id":"https:\/\/asteralabs.org\/es\/product\/fragmento-hgh-176-191\/#primaryimage","url":"https:\/\/asteralabs.org\/wp-content\/uploads\/2023\/09\/HGH-fragment-vial-front-noBG.png","contentUrl":"https:\/\/asteralabs.org\/wp-content\/uploads\/2023\/09\/HGH-fragment-vial-front-noBG.png","width":2000,"height":2000},{"@type":"BreadcrumbList","@id":"https:\/\/asteralabs.org\/es\/product\/fragmento-hgh-176-191\/#breadcrumb","itemListElement":[{"@type":"ListItem","position":1,"name":"Home","item":"https:\/\/asteralabs.org\/es\/"},{"@type":"ListItem","position":2,"name":"Tienda","item":"https:\/\/asteralabs.org\/tienda\/"},{"@type":"ListItem","position":3,"name":"Fragmento HGH 176-191"}]},{"@type":"WebSite","@id":"https:\/\/asteralabs.org\/es\/#website","url":"https:\/\/asteralabs.org\/es\/","name":"Astera Labs","description":"Improve Your Quality Of Life","publisher":{"@id":"https:\/\/asteralabs.org\/es\/#organization"},"potentialAction":[{"@type":"SearchAction","target":{"@type":"EntryPoint","urlTemplate":"https:\/\/asteralabs.org\/es\/?s={search_term_string}"},"query-input":"required name=search_term_string"}],"inLanguage":"es"},{"@type":"Organization","@id":"https:\/\/asteralabs.org\/es\/#organization","name":"Astera Labs","url":"https:\/\/asteralabs.org\/es\/","logo":{"@type":"ImageObject","inLanguage":"es","@id":"https:\/\/asteralabs.org\/es\/#\/schema\/logo\/image\/","url":"https:\/\/asteralabs.org\/wp-content\/uploads\/2022\/12\/astera-2.png","contentUrl":"https:\/\/asteralabs.org\/wp-content\/uploads\/2022\/12\/astera-2.png","width":437,"height":111,"caption":"Astera Labs"},"image":{"@id":"https:\/\/asteralabs.org\/es\/#\/schema\/logo\/image\/"}}]}},"_links":{"self":[{"href":"https:\/\/asteralabs.org\/es\/wp-json\/wp\/v2\/product\/78005"}],"collection":[{"href":"https:\/\/asteralabs.org\/es\/wp-json\/wp\/v2\/product"}],"about":[{"href":"https:\/\/asteralabs.org\/es\/wp-json\/wp\/v2\/types\/product"}],"replies":[{"embeddable":true,"href":"https:\/\/asteralabs.org\/es\/wp-json\/wp\/v2\/comments?post=78005"}],"version-history":[{"count":4,"href":"https:\/\/asteralabs.org\/es\/wp-json\/wp\/v2\/product\/78005\/revisions"}],"predecessor-version":[{"id":79381,"href":"https:\/\/asteralabs.org\/es\/wp-json\/wp\/v2\/product\/78005\/revisions\/79381"}],"wp:featuredmedia":[{"embeddable":true,"href":"https:\/\/asteralabs.org\/es\/wp-json\/wp\/v2\/media\/76509"}],"wp:attachment":[{"href":"https:\/\/asteralabs.org\/es\/wp-json\/wp\/v2\/media?parent=78005"}],"wp:term":[{"taxonomy":"product_cat","embeddable":true,"href":"https:\/\/asteralabs.org\/es\/wp-json\/wp\/v2\/product_cat?post=78005"},{"taxonomy":"product_tag","embeddable":true,"href":"https:\/\/asteralabs.org\/es\/wp-json\/wp\/v2\/product_tag?post=78005"}],"curies":[{"name":"wp","href":"https:\/\/api.w.org\/{rel}","templated":true}]}}