{"id":78008,"date":"2023-09-07T12:45:37","date_gmt":"2023-09-07T12:45:37","guid":{"rendered":"https:\/\/asteralabs.org\/product\/tb500-y-bpc157\/"},"modified":"2026-01-15T07:44:14","modified_gmt":"2026-01-15T07:44:14","slug":"tb500-y-bpc157","status":"publish","type":"product","link":"https:\/\/asteralabs.org\/es\/product\/tb500-y-bpc157\/","title":{"rendered":"TB500 Y BPC157"},"content":{"rendered":"<p><strong>DOSIFICACI\u00d3N<\/strong>: TB500 (Timosina Beta-4) y BPC157 (Compuesto de Protecci\u00f3n Corporal-157), 10 mg por vial<\/p>\n<p><strong>CONTENIDO DEL PAQUETE:<\/strong><\/p>\n<p>1 vial con 10 mg de soluci\u00f3n inyectable de p\u00e9ptido<\/p>\n<p><strong>QU\u00c9 ES:<\/strong><\/p>\n<p>TB500 y BPC157 son p\u00e9ptidos sint\u00e9ticos ampliamente reconocidos por sus potentes propiedades regenerativas y su capacidad para favorecer la recuperaci\u00f3n de las lesiones y la reparaci\u00f3n de los tejidos. TB500, derivado de la timosina Beta-4, promueve la migraci\u00f3n, proliferaci\u00f3n y diferenciaci\u00f3n celular, que son procesos esenciales para la cicatrizaci\u00f3n eficaz de las heridas y la regeneraci\u00f3n tisular. El BPC157, por su parte, estimula la formaci\u00f3n de nuevos vasos sangu\u00edneos (angiog\u00e9nesis) e impulsa la producci\u00f3n de col\u00e1geno, contribuyendo a la curaci\u00f3n de m\u00fasculos, tendones, ligamentos y otros tejidos. Cuando se utilizan juntos, estos p\u00e9ptidos act\u00faan sin\u00e9rgicamente para mejorar la recuperaci\u00f3n de las lesiones, reducir la inflamaci\u00f3n y mejorar la salud general de los tejidos.<\/p>\n<p><strong>C\u00d3MO USARLO:<\/strong><\/p>\n<ul>\n<li>Dosificaci\u00f3n:<\/li>\n<\/ul>\n<p>La dosis recomendada depende del tipo y la gravedad de la lesi\u00f3n. Un protocolo t\u00edpico consiste en administrar de 2 mg a 10 mg por semana de cada p\u00e9ptido, dividido en varias dosis m\u00e1s peque\u00f1as para garantizar efectos sostenidos.<\/p>\n<ul>\n<li>Administraci\u00f3n:<\/li>\n<\/ul>\n<p>TB500 y BPC157 pueden inyectarse por v\u00eda subcut\u00e1nea en el tejido adiposo o intramuscular cerca del lugar de la lesi\u00f3n; algunos usuarios han informado de que la v\u00eda IM tiene un efecto mejor, pero no hay ninguna investigaci\u00f3n cient\u00edfica que respalde estas afirmaciones.<\/p>\n<ul>\n<li>Duraci\u00f3n del tratamiento:<\/li>\n<\/ul>\n<p>La duraci\u00f3n del tratamiento var\u00eda en funci\u00f3n de la respuesta del individuo y de la naturaleza de la lesi\u00f3n. En la mayor\u00eda de los casos, el tratamiento puede durar desde unas pocas semanas (4-6 semanas) hasta varios meses.<\/p>\n<p>INFORMACI\u00d3N DEL LOTE:<br \/>\nN\u00ba de lote: <span data-sheets-root=\"1\">JT23369<\/span><br \/>\nFecha de fabricaci\u00f3n: 10<span data-sheets-root=\"1\" data-sheets-value=\"{&quot;1&quot;:2,&quot;2&quot;:&quot;03.2023.&quot;}\" data-sheets-userformat=\"{&quot;2&quot;:577,&quot;3&quot;:{&quot;1&quot;:0},&quot;9&quot;:0,&quot;12&quot;:0}\">.2025.<\/span><br \/>\nFecha de caducidad: <span data-sheets-root=\"1\" data-sheets-value=\"{&quot;1&quot;:2,&quot;2&quot;:&quot;03.2026.&quot;}\" data-sheets-userformat=\"{&quot;2&quot;:637,&quot;3&quot;:{&quot;1&quot;:0},&quot;5&quot;:{&quot;1&quot;:[{&quot;1&quot;:2,&quot;2&quot;:0,&quot;5&quot;:{&quot;1&quot;:2,&quot;2&quot;:0}},{&quot;1&quot;:0,&quot;2&quot;:0,&quot;3&quot;:3},{&quot;1&quot;:1,&quot;2&quot;:0,&quot;4&quot;:1}]},&quot;6&quot;:{&quot;1&quot;:[{&quot;1&quot;:2,&quot;2&quot;:0,&quot;5&quot;:{&quot;1&quot;:2,&quot;2&quot;:0}},{&quot;1&quot;:0,&quot;2&quot;:0,&quot;3&quot;:3},{&quot;1&quot;:1,&quot;2&quot;:0,&quot;4&quot;:1}]},&quot;7&quot;:{&quot;1&quot;:[{&quot;1&quot;:2,&quot;2&quot;:0,&quot;5&quot;:{&quot;1&quot;:2,&quot;2&quot;:0}},{&quot;1&quot;:0,&quot;2&quot;:0,&quot;3&quot;:3},{&quot;1&quot;:1,&quot;2&quot;:0,&quot;4&quot;:1}]},&quot;8&quot;:{&quot;1&quot;:[{&quot;1&quot;:2,&quot;2&quot;:0,&quot;5&quot;:{&quot;1&quot;:2,&quot;2&quot;:0}},{&quot;1&quot;:0,&quot;2&quot;:0,&quot;3&quot;:3},{&quot;1&quot;:1,&quot;2&quot;:0,&quot;4&quot;:1}]},&quot;9&quot;:0,&quot;12&quot;:0}\">10.2028.<\/span><\/p>\n","protected":false},"excerpt":{"rendered":"<p>DOSIFICACI\u00d3N: TB500 (Timosina Beta-4) y BPC157 (Compuesto de Protecci\u00f3n Corporal-157), 10 mg por vial CONTENIDO DEL PAQUETE: 1 vial con 10 mg de soluci\u00f3n inyectable de p\u00e9ptido QU\u00c9 ES: TB500 y BPC157 son p\u00e9ptidos sint\u00e9ticos ampliamente reconocidos por sus potentes propiedades regenerativas y su capacidad para favorecer la recuperaci\u00f3n de las lesiones y la reparaci\u00f3n&hellip;<\/p>\n","protected":false},"featured_media":76525,"comment_status":"closed","ping_status":"closed","template":"","meta":[],"product_cat":[164,189],"product_tag":[],"yoast_head":"<!-- This site is optimized with the Yoast SEO plugin v23.0 - https:\/\/yoast.com\/wordpress\/plugins\/seo\/ -->\n<title>TB500 Y BPC157 - Astera Labs<\/title>\n<meta name=\"robots\" content=\"index, follow, max-snippet:-1, max-image-preview:large, max-video-preview:-1\" \/>\n<link rel=\"canonical\" href=\"https:\/\/asteralabs.org\/es\/product\/tb500-y-bpc157\/\" \/>\n<meta property=\"og:locale\" content=\"es_ES\" \/>\n<meta property=\"og:type\" content=\"article\" \/>\n<meta property=\"og:title\" content=\"TB500 Y BPC157 - Astera Labs\" \/>\n<meta property=\"og:description\" content=\"DOSIFICACI\u00d3N: TB500 (Timosina Beta-4) y BPC157 (Compuesto de Protecci\u00f3n Corporal-157), 10 mg por vial CONTENIDO DEL PAQUETE: 1 vial con 10 mg de soluci\u00f3n inyectable de p\u00e9ptido QU\u00c9 ES: TB500 y BPC157 son p\u00e9ptidos sint\u00e9ticos ampliamente reconocidos por sus potentes propiedades regenerativas y su capacidad para favorecer la recuperaci\u00f3n de las lesiones y la reparaci\u00f3n&hellip;\" \/>\n<meta property=\"og:url\" content=\"https:\/\/asteralabs.org\/es\/product\/tb500-y-bpc157\/\" \/>\n<meta property=\"og:site_name\" content=\"Astera Labs\" \/>\n<meta property=\"article:modified_time\" content=\"2026-01-15T07:44:14+00:00\" \/>\n<meta property=\"og:image\" content=\"https:\/\/asteralabs.org\/wp-content\/uploads\/2023\/09\/TBBPC-vial-front-noBG.png\" \/>\n\t<meta property=\"og:image:width\" content=\"2000\" \/>\n\t<meta property=\"og:image:height\" content=\"2000\" \/>\n\t<meta property=\"og:image:type\" content=\"image\/png\" \/>\n<meta name=\"twitter:card\" content=\"summary_large_image\" \/>\n<script type=\"application\/ld+json\" class=\"yoast-schema-graph\">{\"@context\":\"https:\/\/schema.org\",\"@graph\":[{\"@type\":\"WebPage\",\"@id\":\"https:\/\/asteralabs.org\/es\/product\/tb500-y-bpc157\/\",\"url\":\"https:\/\/asteralabs.org\/es\/product\/tb500-y-bpc157\/\",\"name\":\"TB500 Y BPC157 - Astera Labs\",\"isPartOf\":{\"@id\":\"https:\/\/asteralabs.org\/es\/#website\"},\"primaryImageOfPage\":{\"@id\":\"https:\/\/asteralabs.org\/es\/product\/tb500-y-bpc157\/#primaryimage\"},\"image\":{\"@id\":\"https:\/\/asteralabs.org\/es\/product\/tb500-y-bpc157\/#primaryimage\"},\"thumbnailUrl\":\"https:\/\/asteralabs.org\/wp-content\/uploads\/2023\/09\/TBBPC-vial-front-noBG.png\",\"datePublished\":\"2023-09-07T12:45:37+00:00\",\"dateModified\":\"2026-01-15T07:44:14+00:00\",\"breadcrumb\":{\"@id\":\"https:\/\/asteralabs.org\/es\/product\/tb500-y-bpc157\/#breadcrumb\"},\"inLanguage\":\"es\",\"potentialAction\":[{\"@type\":\"ReadAction\",\"target\":[\"https:\/\/asteralabs.org\/es\/product\/tb500-y-bpc157\/\"]}]},{\"@type\":\"ImageObject\",\"inLanguage\":\"es\",\"@id\":\"https:\/\/asteralabs.org\/es\/product\/tb500-y-bpc157\/#primaryimage\",\"url\":\"https:\/\/asteralabs.org\/wp-content\/uploads\/2023\/09\/TBBPC-vial-front-noBG.png\",\"contentUrl\":\"https:\/\/asteralabs.org\/wp-content\/uploads\/2023\/09\/TBBPC-vial-front-noBG.png\",\"width\":2000,\"height\":2000},{\"@type\":\"BreadcrumbList\",\"@id\":\"https:\/\/asteralabs.org\/es\/product\/tb500-y-bpc157\/#breadcrumb\",\"itemListElement\":[{\"@type\":\"ListItem\",\"position\":1,\"name\":\"Home\",\"item\":\"https:\/\/asteralabs.org\/es\/\"},{\"@type\":\"ListItem\",\"position\":2,\"name\":\"Tienda\",\"item\":\"https:\/\/asteralabs.org\/tienda\/\"},{\"@type\":\"ListItem\",\"position\":3,\"name\":\"TB500 Y BPC157\"}]},{\"@type\":\"WebSite\",\"@id\":\"https:\/\/asteralabs.org\/es\/#website\",\"url\":\"https:\/\/asteralabs.org\/es\/\",\"name\":\"Astera Labs\",\"description\":\"Improve Your Quality Of Life\",\"publisher\":{\"@id\":\"https:\/\/asteralabs.org\/es\/#organization\"},\"potentialAction\":[{\"@type\":\"SearchAction\",\"target\":{\"@type\":\"EntryPoint\",\"urlTemplate\":\"https:\/\/asteralabs.org\/es\/?s={search_term_string}\"},\"query-input\":\"required name=search_term_string\"}],\"inLanguage\":\"es\"},{\"@type\":\"Organization\",\"@id\":\"https:\/\/asteralabs.org\/es\/#organization\",\"name\":\"Astera Labs\",\"url\":\"https:\/\/asteralabs.org\/es\/\",\"logo\":{\"@type\":\"ImageObject\",\"inLanguage\":\"es\",\"@id\":\"https:\/\/asteralabs.org\/es\/#\/schema\/logo\/image\/\",\"url\":\"https:\/\/asteralabs.org\/wp-content\/uploads\/2022\/12\/astera-2.png\",\"contentUrl\":\"https:\/\/asteralabs.org\/wp-content\/uploads\/2022\/12\/astera-2.png\",\"width\":437,\"height\":111,\"caption\":\"Astera Labs\"},\"image\":{\"@id\":\"https:\/\/asteralabs.org\/es\/#\/schema\/logo\/image\/\"}}]}<\/script>\n<!-- \/ Yoast SEO plugin. -->","yoast_head_json":{"title":"TB500 Y BPC157 - Astera Labs","robots":{"index":"index","follow":"follow","max-snippet":"max-snippet:-1","max-image-preview":"max-image-preview:large","max-video-preview":"max-video-preview:-1"},"canonical":"https:\/\/asteralabs.org\/es\/product\/tb500-y-bpc157\/","og_locale":"es_ES","og_type":"article","og_title":"TB500 Y BPC157 - Astera Labs","og_description":"DOSIFICACI\u00d3N: TB500 (Timosina Beta-4) y BPC157 (Compuesto de Protecci\u00f3n Corporal-157), 10 mg por vial CONTENIDO DEL PAQUETE: 1 vial con 10 mg de soluci\u00f3n inyectable de p\u00e9ptido QU\u00c9 ES: TB500 y BPC157 son p\u00e9ptidos sint\u00e9ticos ampliamente reconocidos por sus potentes propiedades regenerativas y su capacidad para favorecer la recuperaci\u00f3n de las lesiones y la reparaci\u00f3n&hellip;","og_url":"https:\/\/asteralabs.org\/es\/product\/tb500-y-bpc157\/","og_site_name":"Astera Labs","article_modified_time":"2026-01-15T07:44:14+00:00","og_image":[{"width":2000,"height":2000,"url":"https:\/\/asteralabs.org\/wp-content\/uploads\/2023\/09\/TBBPC-vial-front-noBG.png","type":"image\/png"}],"twitter_card":"summary_large_image","schema":{"@context":"https:\/\/schema.org","@graph":[{"@type":"WebPage","@id":"https:\/\/asteralabs.org\/es\/product\/tb500-y-bpc157\/","url":"https:\/\/asteralabs.org\/es\/product\/tb500-y-bpc157\/","name":"TB500 Y BPC157 - Astera Labs","isPartOf":{"@id":"https:\/\/asteralabs.org\/es\/#website"},"primaryImageOfPage":{"@id":"https:\/\/asteralabs.org\/es\/product\/tb500-y-bpc157\/#primaryimage"},"image":{"@id":"https:\/\/asteralabs.org\/es\/product\/tb500-y-bpc157\/#primaryimage"},"thumbnailUrl":"https:\/\/asteralabs.org\/wp-content\/uploads\/2023\/09\/TBBPC-vial-front-noBG.png","datePublished":"2023-09-07T12:45:37+00:00","dateModified":"2026-01-15T07:44:14+00:00","breadcrumb":{"@id":"https:\/\/asteralabs.org\/es\/product\/tb500-y-bpc157\/#breadcrumb"},"inLanguage":"es","potentialAction":[{"@type":"ReadAction","target":["https:\/\/asteralabs.org\/es\/product\/tb500-y-bpc157\/"]}]},{"@type":"ImageObject","inLanguage":"es","@id":"https:\/\/asteralabs.org\/es\/product\/tb500-y-bpc157\/#primaryimage","url":"https:\/\/asteralabs.org\/wp-content\/uploads\/2023\/09\/TBBPC-vial-front-noBG.png","contentUrl":"https:\/\/asteralabs.org\/wp-content\/uploads\/2023\/09\/TBBPC-vial-front-noBG.png","width":2000,"height":2000},{"@type":"BreadcrumbList","@id":"https:\/\/asteralabs.org\/es\/product\/tb500-y-bpc157\/#breadcrumb","itemListElement":[{"@type":"ListItem","position":1,"name":"Home","item":"https:\/\/asteralabs.org\/es\/"},{"@type":"ListItem","position":2,"name":"Tienda","item":"https:\/\/asteralabs.org\/tienda\/"},{"@type":"ListItem","position":3,"name":"TB500 Y BPC157"}]},{"@type":"WebSite","@id":"https:\/\/asteralabs.org\/es\/#website","url":"https:\/\/asteralabs.org\/es\/","name":"Astera Labs","description":"Improve Your Quality Of Life","publisher":{"@id":"https:\/\/asteralabs.org\/es\/#organization"},"potentialAction":[{"@type":"SearchAction","target":{"@type":"EntryPoint","urlTemplate":"https:\/\/asteralabs.org\/es\/?s={search_term_string}"},"query-input":"required name=search_term_string"}],"inLanguage":"es"},{"@type":"Organization","@id":"https:\/\/asteralabs.org\/es\/#organization","name":"Astera Labs","url":"https:\/\/asteralabs.org\/es\/","logo":{"@type":"ImageObject","inLanguage":"es","@id":"https:\/\/asteralabs.org\/es\/#\/schema\/logo\/image\/","url":"https:\/\/asteralabs.org\/wp-content\/uploads\/2022\/12\/astera-2.png","contentUrl":"https:\/\/asteralabs.org\/wp-content\/uploads\/2022\/12\/astera-2.png","width":437,"height":111,"caption":"Astera Labs"},"image":{"@id":"https:\/\/asteralabs.org\/es\/#\/schema\/logo\/image\/"}}]}},"_links":{"self":[{"href":"https:\/\/asteralabs.org\/es\/wp-json\/wp\/v2\/product\/78008"}],"collection":[{"href":"https:\/\/asteralabs.org\/es\/wp-json\/wp\/v2\/product"}],"about":[{"href":"https:\/\/asteralabs.org\/es\/wp-json\/wp\/v2\/types\/product"}],"replies":[{"embeddable":true,"href":"https:\/\/asteralabs.org\/es\/wp-json\/wp\/v2\/comments?post=78008"}],"version-history":[{"count":2,"href":"https:\/\/asteralabs.org\/es\/wp-json\/wp\/v2\/product\/78008\/revisions"}],"predecessor-version":[{"id":79169,"href":"https:\/\/asteralabs.org\/es\/wp-json\/wp\/v2\/product\/78008\/revisions\/79169"}],"wp:featuredmedia":[{"embeddable":true,"href":"https:\/\/asteralabs.org\/es\/wp-json\/wp\/v2\/media\/76525"}],"wp:attachment":[{"href":"https:\/\/asteralabs.org\/es\/wp-json\/wp\/v2\/media?parent=78008"}],"wp:term":[{"taxonomy":"product_cat","embeddable":true,"href":"https:\/\/asteralabs.org\/es\/wp-json\/wp\/v2\/product_cat?post=78008"},{"taxonomy":"product_tag","embeddable":true,"href":"https:\/\/asteralabs.org\/es\/wp-json\/wp\/v2\/product_tag?post=78008"}],"curies":[{"name":"wp","href":"https:\/\/api.w.org\/{rel}","templated":true}]}}