{"id":78023,"date":"2023-09-07T12:45:54","date_gmt":"2023-09-07T12:45:54","guid":{"rendered":"https:\/\/asteralabs.org\/product\/melanotan-2\/"},"modified":"2026-01-15T07:58:42","modified_gmt":"2026-01-15T07:58:42","slug":"melanotan-2","status":"publish","type":"product","link":"https:\/\/asteralabs.org\/es\/product\/melanotan-2\/","title":{"rendered":"Melanotan 2"},"content":{"rendered":"<p><strong>DOSIFICACI\u00d3N<\/strong>: Hormona pept\u00eddica Melanotan II, 10 mg por vial<\/p>\n<p><strong>CONTENIDO DEL PAQUETE:<\/strong><\/p>\n<p>1 vial con 10 mg de soluci\u00f3n inyectable de p\u00e9ptido<\/p>\n<p><strong>QU\u00c9 ES:<\/strong><\/p>\n<p>Melanotan II es un an\u00e1logo sint\u00e9tico de la hormona pept\u00eddica alfa-melanocito-estimulante (\u03b1-MSH), que es la principal responsable de promover el bronceado de la piel al estimular la producci\u00f3n de melanina. Este p\u00e9ptido no s\u00f3lo mejora la pigmentaci\u00f3n de la piel, sino que tambi\u00e9n presenta otros beneficios notables. Tiene propiedades afrodis\u00edacas que influyen positivamente en la libido y la funci\u00f3n sexual. Adem\u00e1s, se sabe que el Melanotan II tiene un leve efecto movilizador de la grasa, lo que lo convierte en una opci\u00f3n vers\u00e1til para quienes buscan mejoras en la est\u00e9tica y la composici\u00f3n corporal.<\/p>\n<p><strong>C\u00d3MO USARLO:<\/strong><\/p>\n<p>Para obtener resultados \u00f3ptimos, Melanotan II debe administrarse de acuerdo con el siguiente protocolo:<\/p>\n<ul>\n<li>Fase inicial: Empieza con una dosis diaria de 300 mcg durante 1 \u00f3 2 semanas. Esta dosis inicial m\u00e1s baja ayuda al organismo a adaptarse al p\u00e9ptido, al tiempo que minimiza los posibles efectos secundarios, como las n\u00e1useas.<\/li>\n<li>Fase de mantenimiento: Tras el periodo inicial, pasa a una dosis de mantenimiento de 500 mcg dos veces por semana para mantener los efectos deseados.<\/li>\n<\/ul>\n<p>&nbsp;<\/p>\n<p>Las inyecciones de Melanotan II se administran por v\u00eda subcut\u00e1nea en el tejido adiposo, normalmente en la regi\u00f3n abdominal. Empezar con dosis m\u00e1s bajas es especialmente importante para mejorar la tolerancia y reducir la probabilidad de n\u00e1useas. <strong><br \/>\nINFORMACI\u00d3N DEL LOTE:<br \/>\n<\/strong>N\u00ba de lote: <span data-sheets-root=\"1\">ES67269<\/span><br \/>\nFecha de fabricaci\u00f3n: 10<span data-sheets-root=\"1\" data-sheets-value=\"{&quot;1&quot;:2,&quot;2&quot;:&quot;03.2023.&quot;}\" data-sheets-userformat=\"{&quot;2&quot;:577,&quot;3&quot;:{&quot;1&quot;:0},&quot;9&quot;:0,&quot;12&quot;:0}\">.2025.<\/span><br \/>\nFecha de caducidad: 10<span data-sheets-root=\"1\" data-sheets-value=\"{&quot;1&quot;:2,&quot;2&quot;:&quot;03.2026.&quot;}\" data-sheets-userformat=\"{&quot;2&quot;:637,&quot;3&quot;:{&quot;1&quot;:0},&quot;5&quot;:{&quot;1&quot;:[{&quot;1&quot;:2,&quot;2&quot;:0,&quot;5&quot;:{&quot;1&quot;:2,&quot;2&quot;:0}},{&quot;1&quot;:0,&quot;2&quot;:0,&quot;3&quot;:3},{&quot;1&quot;:1,&quot;2&quot;:0,&quot;4&quot;:1}]},&quot;6&quot;:{&quot;1&quot;:[{&quot;1&quot;:2,&quot;2&quot;:0,&quot;5&quot;:{&quot;1&quot;:2,&quot;2&quot;:0}},{&quot;1&quot;:0,&quot;2&quot;:0,&quot;3&quot;:3},{&quot;1&quot;:1,&quot;2&quot;:0,&quot;4&quot;:1}]},&quot;7&quot;:{&quot;1&quot;:[{&quot;1&quot;:2,&quot;2&quot;:0,&quot;5&quot;:{&quot;1&quot;:2,&quot;2&quot;:0}},{&quot;1&quot;:0,&quot;2&quot;:0,&quot;3&quot;:3},{&quot;1&quot;:1,&quot;2&quot;:0,&quot;4&quot;:1}]},&quot;8&quot;:{&quot;1&quot;:[{&quot;1&quot;:2,&quot;2&quot;:0,&quot;5&quot;:{&quot;1&quot;:2,&quot;2&quot;:0}},{&quot;1&quot;:0,&quot;2&quot;:0,&quot;3&quot;:3},{&quot;1&quot;:1,&quot;2&quot;:0,&quot;4&quot;:1}]},&quot;9&quot;:0,&quot;12&quot;:0}\">.2028.<\/span><\/p>\n","protected":false},"excerpt":{"rendered":"<p>DOSIFICACI\u00d3N: Hormona pept\u00eddica Melanotan II, 10 mg por vial CONTENIDO DEL PAQUETE: 1 vial con 10 mg de soluci\u00f3n inyectable de p\u00e9ptido QU\u00c9 ES: Melanotan II es un an\u00e1logo sint\u00e9tico de la hormona pept\u00eddica alfa-melanocito-estimulante (\u03b1-MSH), que es la principal responsable de promover el bronceado de la piel al estimular la producci\u00f3n de melanina. Este&hellip;<\/p>\n","protected":false},"featured_media":76517,"comment_status":"closed","ping_status":"closed","template":"","meta":[],"product_cat":[164,189],"product_tag":[],"yoast_head":"<!-- This site is optimized with the Yoast SEO plugin v23.0 - https:\/\/yoast.com\/wordpress\/plugins\/seo\/ -->\n<title>Melanotan 2 - Astera Labs<\/title>\n<meta name=\"robots\" content=\"index, follow, max-snippet:-1, max-image-preview:large, max-video-preview:-1\" \/>\n<link rel=\"canonical\" href=\"https:\/\/asteralabs.org\/es\/product\/melanotan-2\/\" \/>\n<meta property=\"og:locale\" content=\"es_ES\" \/>\n<meta property=\"og:type\" content=\"article\" \/>\n<meta property=\"og:title\" content=\"Melanotan 2 - Astera Labs\" \/>\n<meta property=\"og:description\" content=\"DOSIFICACI\u00d3N: Hormona pept\u00eddica Melanotan II, 10 mg por vial CONTENIDO DEL PAQUETE: 1 vial con 10 mg de soluci\u00f3n inyectable de p\u00e9ptido QU\u00c9 ES: Melanotan II es un an\u00e1logo sint\u00e9tico de la hormona pept\u00eddica alfa-melanocito-estimulante (\u03b1-MSH), que es la principal responsable de promover el bronceado de la piel al estimular la producci\u00f3n de melanina. Este&hellip;\" \/>\n<meta property=\"og:url\" content=\"https:\/\/asteralabs.org\/es\/product\/melanotan-2\/\" \/>\n<meta property=\"og:site_name\" content=\"Astera Labs\" \/>\n<meta property=\"article:modified_time\" content=\"2026-01-15T07:58:42+00:00\" \/>\n<meta property=\"og:image\" content=\"https:\/\/asteralabs.org\/wp-content\/uploads\/2023\/09\/Melanotan2-vial-front-noBG.png\" \/>\n\t<meta property=\"og:image:width\" content=\"2000\" \/>\n\t<meta property=\"og:image:height\" content=\"2000\" \/>\n\t<meta property=\"og:image:type\" content=\"image\/png\" \/>\n<meta name=\"twitter:card\" content=\"summary_large_image\" \/>\n<script type=\"application\/ld+json\" class=\"yoast-schema-graph\">{\"@context\":\"https:\/\/schema.org\",\"@graph\":[{\"@type\":\"WebPage\",\"@id\":\"https:\/\/asteralabs.org\/es\/product\/melanotan-2\/\",\"url\":\"https:\/\/asteralabs.org\/es\/product\/melanotan-2\/\",\"name\":\"Melanotan 2 - Astera Labs\",\"isPartOf\":{\"@id\":\"https:\/\/asteralabs.org\/es\/#website\"},\"primaryImageOfPage\":{\"@id\":\"https:\/\/asteralabs.org\/es\/product\/melanotan-2\/#primaryimage\"},\"image\":{\"@id\":\"https:\/\/asteralabs.org\/es\/product\/melanotan-2\/#primaryimage\"},\"thumbnailUrl\":\"https:\/\/asteralabs.org\/wp-content\/uploads\/2023\/09\/Melanotan2-vial-front-noBG.png\",\"datePublished\":\"2023-09-07T12:45:54+00:00\",\"dateModified\":\"2026-01-15T07:58:42+00:00\",\"breadcrumb\":{\"@id\":\"https:\/\/asteralabs.org\/es\/product\/melanotan-2\/#breadcrumb\"},\"inLanguage\":\"es\",\"potentialAction\":[{\"@type\":\"ReadAction\",\"target\":[\"https:\/\/asteralabs.org\/es\/product\/melanotan-2\/\"]}]},{\"@type\":\"ImageObject\",\"inLanguage\":\"es\",\"@id\":\"https:\/\/asteralabs.org\/es\/product\/melanotan-2\/#primaryimage\",\"url\":\"https:\/\/asteralabs.org\/wp-content\/uploads\/2023\/09\/Melanotan2-vial-front-noBG.png\",\"contentUrl\":\"https:\/\/asteralabs.org\/wp-content\/uploads\/2023\/09\/Melanotan2-vial-front-noBG.png\",\"width\":2000,\"height\":2000},{\"@type\":\"BreadcrumbList\",\"@id\":\"https:\/\/asteralabs.org\/es\/product\/melanotan-2\/#breadcrumb\",\"itemListElement\":[{\"@type\":\"ListItem\",\"position\":1,\"name\":\"Home\",\"item\":\"https:\/\/asteralabs.org\/es\/\"},{\"@type\":\"ListItem\",\"position\":2,\"name\":\"Tienda\",\"item\":\"https:\/\/asteralabs.org\/tienda\/\"},{\"@type\":\"ListItem\",\"position\":3,\"name\":\"Melanotan 2\"}]},{\"@type\":\"WebSite\",\"@id\":\"https:\/\/asteralabs.org\/es\/#website\",\"url\":\"https:\/\/asteralabs.org\/es\/\",\"name\":\"Astera Labs\",\"description\":\"Improve Your Quality Of Life\",\"publisher\":{\"@id\":\"https:\/\/asteralabs.org\/es\/#organization\"},\"potentialAction\":[{\"@type\":\"SearchAction\",\"target\":{\"@type\":\"EntryPoint\",\"urlTemplate\":\"https:\/\/asteralabs.org\/es\/?s={search_term_string}\"},\"query-input\":\"required name=search_term_string\"}],\"inLanguage\":\"es\"},{\"@type\":\"Organization\",\"@id\":\"https:\/\/asteralabs.org\/es\/#organization\",\"name\":\"Astera Labs\",\"url\":\"https:\/\/asteralabs.org\/es\/\",\"logo\":{\"@type\":\"ImageObject\",\"inLanguage\":\"es\",\"@id\":\"https:\/\/asteralabs.org\/es\/#\/schema\/logo\/image\/\",\"url\":\"https:\/\/asteralabs.org\/wp-content\/uploads\/2022\/12\/astera-2.png\",\"contentUrl\":\"https:\/\/asteralabs.org\/wp-content\/uploads\/2022\/12\/astera-2.png\",\"width\":437,\"height\":111,\"caption\":\"Astera Labs\"},\"image\":{\"@id\":\"https:\/\/asteralabs.org\/es\/#\/schema\/logo\/image\/\"}}]}<\/script>\n<!-- \/ Yoast SEO plugin. -->","yoast_head_json":{"title":"Melanotan 2 - Astera Labs","robots":{"index":"index","follow":"follow","max-snippet":"max-snippet:-1","max-image-preview":"max-image-preview:large","max-video-preview":"max-video-preview:-1"},"canonical":"https:\/\/asteralabs.org\/es\/product\/melanotan-2\/","og_locale":"es_ES","og_type":"article","og_title":"Melanotan 2 - Astera Labs","og_description":"DOSIFICACI\u00d3N: Hormona pept\u00eddica Melanotan II, 10 mg por vial CONTENIDO DEL PAQUETE: 1 vial con 10 mg de soluci\u00f3n inyectable de p\u00e9ptido QU\u00c9 ES: Melanotan II es un an\u00e1logo sint\u00e9tico de la hormona pept\u00eddica alfa-melanocito-estimulante (\u03b1-MSH), que es la principal responsable de promover el bronceado de la piel al estimular la producci\u00f3n de melanina. Este&hellip;","og_url":"https:\/\/asteralabs.org\/es\/product\/melanotan-2\/","og_site_name":"Astera Labs","article_modified_time":"2026-01-15T07:58:42+00:00","og_image":[{"width":2000,"height":2000,"url":"https:\/\/asteralabs.org\/wp-content\/uploads\/2023\/09\/Melanotan2-vial-front-noBG.png","type":"image\/png"}],"twitter_card":"summary_large_image","schema":{"@context":"https:\/\/schema.org","@graph":[{"@type":"WebPage","@id":"https:\/\/asteralabs.org\/es\/product\/melanotan-2\/","url":"https:\/\/asteralabs.org\/es\/product\/melanotan-2\/","name":"Melanotan 2 - Astera Labs","isPartOf":{"@id":"https:\/\/asteralabs.org\/es\/#website"},"primaryImageOfPage":{"@id":"https:\/\/asteralabs.org\/es\/product\/melanotan-2\/#primaryimage"},"image":{"@id":"https:\/\/asteralabs.org\/es\/product\/melanotan-2\/#primaryimage"},"thumbnailUrl":"https:\/\/asteralabs.org\/wp-content\/uploads\/2023\/09\/Melanotan2-vial-front-noBG.png","datePublished":"2023-09-07T12:45:54+00:00","dateModified":"2026-01-15T07:58:42+00:00","breadcrumb":{"@id":"https:\/\/asteralabs.org\/es\/product\/melanotan-2\/#breadcrumb"},"inLanguage":"es","potentialAction":[{"@type":"ReadAction","target":["https:\/\/asteralabs.org\/es\/product\/melanotan-2\/"]}]},{"@type":"ImageObject","inLanguage":"es","@id":"https:\/\/asteralabs.org\/es\/product\/melanotan-2\/#primaryimage","url":"https:\/\/asteralabs.org\/wp-content\/uploads\/2023\/09\/Melanotan2-vial-front-noBG.png","contentUrl":"https:\/\/asteralabs.org\/wp-content\/uploads\/2023\/09\/Melanotan2-vial-front-noBG.png","width":2000,"height":2000},{"@type":"BreadcrumbList","@id":"https:\/\/asteralabs.org\/es\/product\/melanotan-2\/#breadcrumb","itemListElement":[{"@type":"ListItem","position":1,"name":"Home","item":"https:\/\/asteralabs.org\/es\/"},{"@type":"ListItem","position":2,"name":"Tienda","item":"https:\/\/asteralabs.org\/tienda\/"},{"@type":"ListItem","position":3,"name":"Melanotan 2"}]},{"@type":"WebSite","@id":"https:\/\/asteralabs.org\/es\/#website","url":"https:\/\/asteralabs.org\/es\/","name":"Astera Labs","description":"Improve Your Quality Of Life","publisher":{"@id":"https:\/\/asteralabs.org\/es\/#organization"},"potentialAction":[{"@type":"SearchAction","target":{"@type":"EntryPoint","urlTemplate":"https:\/\/asteralabs.org\/es\/?s={search_term_string}"},"query-input":"required name=search_term_string"}],"inLanguage":"es"},{"@type":"Organization","@id":"https:\/\/asteralabs.org\/es\/#organization","name":"Astera Labs","url":"https:\/\/asteralabs.org\/es\/","logo":{"@type":"ImageObject","inLanguage":"es","@id":"https:\/\/asteralabs.org\/es\/#\/schema\/logo\/image\/","url":"https:\/\/asteralabs.org\/wp-content\/uploads\/2022\/12\/astera-2.png","contentUrl":"https:\/\/asteralabs.org\/wp-content\/uploads\/2022\/12\/astera-2.png","width":437,"height":111,"caption":"Astera Labs"},"image":{"@id":"https:\/\/asteralabs.org\/es\/#\/schema\/logo\/image\/"}}]}},"_links":{"self":[{"href":"https:\/\/asteralabs.org\/es\/wp-json\/wp\/v2\/product\/78023"}],"collection":[{"href":"https:\/\/asteralabs.org\/es\/wp-json\/wp\/v2\/product"}],"about":[{"href":"https:\/\/asteralabs.org\/es\/wp-json\/wp\/v2\/types\/product"}],"replies":[{"embeddable":true,"href":"https:\/\/asteralabs.org\/es\/wp-json\/wp\/v2\/comments?post=78023"}],"version-history":[{"count":2,"href":"https:\/\/asteralabs.org\/es\/wp-json\/wp\/v2\/product\/78023\/revisions"}],"predecessor-version":[{"id":79187,"href":"https:\/\/asteralabs.org\/es\/wp-json\/wp\/v2\/product\/78023\/revisions\/79187"}],"wp:featuredmedia":[{"embeddable":true,"href":"https:\/\/asteralabs.org\/es\/wp-json\/wp\/v2\/media\/76517"}],"wp:attachment":[{"href":"https:\/\/asteralabs.org\/es\/wp-json\/wp\/v2\/media?parent=78023"}],"wp:term":[{"taxonomy":"product_cat","embeddable":true,"href":"https:\/\/asteralabs.org\/es\/wp-json\/wp\/v2\/product_cat?post=78023"},{"taxonomy":"product_tag","embeddable":true,"href":"https:\/\/asteralabs.org\/es\/wp-json\/wp\/v2\/product_tag?post=78023"}],"curies":[{"name":"wp","href":"https:\/\/api.w.org\/{rel}","templated":true}]}}