{"id":78035,"date":"2023-09-07T12:39:07","date_gmt":"2023-09-07T12:39:07","guid":{"rendered":"https:\/\/asteralabs.org\/product\/hcg-gonadotropina-corionica-humana\/"},"modified":"2026-01-15T10:45:57","modified_gmt":"2026-01-15T10:45:57","slug":"hcg-gonadotropina-corionica-humana","status":"publish","type":"product","link":"https:\/\/asteralabs.org\/es\/product\/hcg-gonadotropina-corionica-humana\/","title":{"rendered":"HCG (Gonadotropina Cori\u00f3nica Humana)"},"content":{"rendered":"<p><strong>DOSIFICACI\u00d3N<\/strong>: Gonadotropina cori\u00f3nica humana (HCG), 5000 UI por vial<\/p>\n<p><strong>CONTENIDO DEL PAQUETE:<\/strong><\/p>\n<p>1 vial con 5000 UI de soluci\u00f3n inyectable<\/p>\n<p><strong>QU\u00c9 ES:<\/strong><\/p>\n<p>La gonadotropina cori\u00f3nica humana (HCG) es una hormona inyectable muy eficaz que imita la funci\u00f3n de la hormona luteinizante (LH) en el organismo. Se suele utilizar para favorecer la fertilidad en las mujeres, restablecer los niveles naturales de testosterona en los hombres con un nivel bajo de testosterona y evitar la retracci\u00f3n testicular durante los ciclos de esteroides anabolizantes. La HCG favorece la ovulaci\u00f3n, aumenta la producci\u00f3n de testosterona, mantiene la funci\u00f3n testicular y mejora la calidad del esperma, lo que la convierte en una valiosa herramienta para la salud reproductiva y el equilibrio hormonal, tanto en hombres como en mujeres.<\/p>\n<p><strong>C\u00d3MO USARLO:<\/strong><\/p>\n<p>La dosis recomendada de HCG depende de su finalidad:<\/p>\n<ul>\n<li>Para la fertilidad (mujeres):<\/li>\n<\/ul>\n<p>La HCG se utiliza para desencadenar la ovulaci\u00f3n en las mujeres que se someten a un tratamiento de fertilidad. El protocolo t\u00edpico consiste en una \u00fanica inyecci\u00f3n intramuscular de 5.000-10.000 UI, administrada aproximadamente 36 horas antes de la inseminaci\u00f3n intrauterina (IIU) planificada o de la recuperaci\u00f3n de \u00f3vulos para la fecundaci\u00f3n in vitro (FIV).<\/p>\n<ul>\n<li>Para el apoyo a la fertilidad (hombres):<\/li>\n<\/ul>\n<p>Una dosis t\u00edpica oscila entre 500 y 1000 UI, administradas mediante inyecci\u00f3n intramuscular o subcut\u00e1nea, de dos a tres veces por semana. <strong>INFORMACI\u00d3N DEL LOTE:<br \/>\n<\/strong>N\u00ba de lote: <span data-sheets-root=\"1\">GR69023<\/span><br \/>\nFecha de fabricaci\u00f3n: <span data-sheets-root=\"1\" data-sheets-value=\"{&quot;1&quot;:2,&quot;2&quot;:&quot;03.2023.&quot;}\" data-sheets-userformat=\"{&quot;2&quot;:577,&quot;3&quot;:{&quot;1&quot;:0},&quot;9&quot;:0,&quot;12&quot;:0}\">10.2025.<\/span><br \/>\nFecha de caducidad: 10<span data-sheets-root=\"1\" data-sheets-value=\"{&quot;1&quot;:2,&quot;2&quot;:&quot;03.2026.&quot;}\" data-sheets-userformat=\"{&quot;2&quot;:637,&quot;3&quot;:{&quot;1&quot;:0},&quot;5&quot;:{&quot;1&quot;:[{&quot;1&quot;:2,&quot;2&quot;:0,&quot;5&quot;:{&quot;1&quot;:2,&quot;2&quot;:0}},{&quot;1&quot;:0,&quot;2&quot;:0,&quot;3&quot;:3},{&quot;1&quot;:1,&quot;2&quot;:0,&quot;4&quot;:1}]},&quot;6&quot;:{&quot;1&quot;:[{&quot;1&quot;:2,&quot;2&quot;:0,&quot;5&quot;:{&quot;1&quot;:2,&quot;2&quot;:0}},{&quot;1&quot;:0,&quot;2&quot;:0,&quot;3&quot;:3},{&quot;1&quot;:1,&quot;2&quot;:0,&quot;4&quot;:1}]},&quot;7&quot;:{&quot;1&quot;:[{&quot;1&quot;:2,&quot;2&quot;:0,&quot;5&quot;:{&quot;1&quot;:2,&quot;2&quot;:0}},{&quot;1&quot;:0,&quot;2&quot;:0,&quot;3&quot;:3},{&quot;1&quot;:1,&quot;2&quot;:0,&quot;4&quot;:1}]},&quot;8&quot;:{&quot;1&quot;:[{&quot;1&quot;:2,&quot;2&quot;:0,&quot;5&quot;:{&quot;1&quot;:2,&quot;2&quot;:0}},{&quot;1&quot;:0,&quot;2&quot;:0,&quot;3&quot;:3},{&quot;1&quot;:1,&quot;2&quot;:0,&quot;4&quot;:1}]},&quot;9&quot;:0,&quot;12&quot;:0}\">.2028.<\/span><\/p>\n","protected":false},"excerpt":{"rendered":"<p>DOSIFICACI\u00d3N: Gonadotropina cori\u00f3nica humana (HCG), 5000 UI por vial CONTENIDO DEL PAQUETE: 1 vial con 5000 UI de soluci\u00f3n inyectable QU\u00c9 ES: La gonadotropina cori\u00f3nica humana (HCG) es una hormona inyectable muy eficaz que imita la funci\u00f3n de la hormona luteinizante (LH) en el organismo. Se suele utilizar para favorecer la fertilidad en las mujeres,&hellip;<\/p>\n","protected":false},"featured_media":80470,"comment_status":"closed","ping_status":"closed","template":"","meta":[],"product_cat":[164,189],"product_tag":[],"yoast_head":"<!-- This site is optimized with the Yoast SEO plugin v23.0 - https:\/\/yoast.com\/wordpress\/plugins\/seo\/ -->\n<title>HCG (Gonadotropina Cori\u00f3nica Humana) - Astera Labs<\/title>\n<meta name=\"robots\" content=\"index, follow, max-snippet:-1, max-image-preview:large, max-video-preview:-1\" \/>\n<link rel=\"canonical\" href=\"https:\/\/asteralabs.org\/es\/product\/hcg-gonadotropina-corionica-humana\/\" \/>\n<meta property=\"og:locale\" content=\"es_ES\" \/>\n<meta property=\"og:type\" content=\"article\" \/>\n<meta property=\"og:title\" content=\"HCG (Gonadotropina Cori\u00f3nica Humana) - Astera Labs\" \/>\n<meta property=\"og:description\" content=\"DOSIFICACI\u00d3N: Gonadotropina cori\u00f3nica humana (HCG), 5000 UI por vial CONTENIDO DEL PAQUETE: 1 vial con 5000 UI de soluci\u00f3n inyectable QU\u00c9 ES: La gonadotropina cori\u00f3nica humana (HCG) es una hormona inyectable muy eficaz que imita la funci\u00f3n de la hormona luteinizante (LH) en el organismo. Se suele utilizar para favorecer la fertilidad en las mujeres,&hellip;\" \/>\n<meta property=\"og:url\" content=\"https:\/\/asteralabs.org\/es\/product\/hcg-gonadotropina-corionica-humana\/\" \/>\n<meta property=\"og:site_name\" content=\"Astera Labs\" \/>\n<meta property=\"article:modified_time\" content=\"2026-01-15T10:45:57+00:00\" \/>\n<meta property=\"og:image\" content=\"https:\/\/asteralabs.org\/wp-content\/uploads\/2023\/09\/HCG-vial-front-noBG.png\" \/>\n\t<meta property=\"og:image:width\" content=\"2000\" \/>\n\t<meta property=\"og:image:height\" content=\"2000\" \/>\n\t<meta property=\"og:image:type\" content=\"image\/png\" \/>\n<meta name=\"twitter:card\" content=\"summary_large_image\" \/>\n<script type=\"application\/ld+json\" class=\"yoast-schema-graph\">{\"@context\":\"https:\/\/schema.org\",\"@graph\":[{\"@type\":\"WebPage\",\"@id\":\"https:\/\/asteralabs.org\/es\/product\/hcg-gonadotropina-corionica-humana\/\",\"url\":\"https:\/\/asteralabs.org\/es\/product\/hcg-gonadotropina-corionica-humana\/\",\"name\":\"HCG (Gonadotropina Cori\u00f3nica Humana) - Astera Labs\",\"isPartOf\":{\"@id\":\"https:\/\/asteralabs.org\/es\/#website\"},\"primaryImageOfPage\":{\"@id\":\"https:\/\/asteralabs.org\/es\/product\/hcg-gonadotropina-corionica-humana\/#primaryimage\"},\"image\":{\"@id\":\"https:\/\/asteralabs.org\/es\/product\/hcg-gonadotropina-corionica-humana\/#primaryimage\"},\"thumbnailUrl\":\"https:\/\/asteralabs.org\/wp-content\/uploads\/2023\/09\/HCG-vial-front-noBG-FIXED.png\",\"datePublished\":\"2023-09-07T12:39:07+00:00\",\"dateModified\":\"2026-01-15T10:45:57+00:00\",\"breadcrumb\":{\"@id\":\"https:\/\/asteralabs.org\/es\/product\/hcg-gonadotropina-corionica-humana\/#breadcrumb\"},\"inLanguage\":\"es\",\"potentialAction\":[{\"@type\":\"ReadAction\",\"target\":[\"https:\/\/asteralabs.org\/es\/product\/hcg-gonadotropina-corionica-humana\/\"]}]},{\"@type\":\"ImageObject\",\"inLanguage\":\"es\",\"@id\":\"https:\/\/asteralabs.org\/es\/product\/hcg-gonadotropina-corionica-humana\/#primaryimage\",\"url\":\"https:\/\/asteralabs.org\/wp-content\/uploads\/2023\/09\/HCG-vial-front-noBG-FIXED.png\",\"contentUrl\":\"https:\/\/asteralabs.org\/wp-content\/uploads\/2023\/09\/HCG-vial-front-noBG-FIXED.png\",\"width\":2000,\"height\":2000},{\"@type\":\"BreadcrumbList\",\"@id\":\"https:\/\/asteralabs.org\/es\/product\/hcg-gonadotropina-corionica-humana\/#breadcrumb\",\"itemListElement\":[{\"@type\":\"ListItem\",\"position\":1,\"name\":\"Home\",\"item\":\"https:\/\/asteralabs.org\/es\/\"},{\"@type\":\"ListItem\",\"position\":2,\"name\":\"Tienda\",\"item\":\"https:\/\/asteralabs.org\/tienda\/\"},{\"@type\":\"ListItem\",\"position\":3,\"name\":\"HCG (Gonadotropina Cori\u00f3nica Humana)\"}]},{\"@type\":\"WebSite\",\"@id\":\"https:\/\/asteralabs.org\/es\/#website\",\"url\":\"https:\/\/asteralabs.org\/es\/\",\"name\":\"Astera Labs\",\"description\":\"Improve Your Quality Of Life\",\"publisher\":{\"@id\":\"https:\/\/asteralabs.org\/es\/#organization\"},\"potentialAction\":[{\"@type\":\"SearchAction\",\"target\":{\"@type\":\"EntryPoint\",\"urlTemplate\":\"https:\/\/asteralabs.org\/es\/?s={search_term_string}\"},\"query-input\":\"required name=search_term_string\"}],\"inLanguage\":\"es\"},{\"@type\":\"Organization\",\"@id\":\"https:\/\/asteralabs.org\/es\/#organization\",\"name\":\"Astera Labs\",\"url\":\"https:\/\/asteralabs.org\/es\/\",\"logo\":{\"@type\":\"ImageObject\",\"inLanguage\":\"es\",\"@id\":\"https:\/\/asteralabs.org\/es\/#\/schema\/logo\/image\/\",\"url\":\"https:\/\/asteralabs.org\/wp-content\/uploads\/2022\/12\/astera-2.png\",\"contentUrl\":\"https:\/\/asteralabs.org\/wp-content\/uploads\/2022\/12\/astera-2.png\",\"width\":437,\"height\":111,\"caption\":\"Astera Labs\"},\"image\":{\"@id\":\"https:\/\/asteralabs.org\/es\/#\/schema\/logo\/image\/\"}}]}<\/script>\n<!-- \/ Yoast SEO plugin. -->","yoast_head_json":{"title":"HCG (Gonadotropina Cori\u00f3nica Humana) - Astera Labs","robots":{"index":"index","follow":"follow","max-snippet":"max-snippet:-1","max-image-preview":"max-image-preview:large","max-video-preview":"max-video-preview:-1"},"canonical":"https:\/\/asteralabs.org\/es\/product\/hcg-gonadotropina-corionica-humana\/","og_locale":"es_ES","og_type":"article","og_title":"HCG (Gonadotropina Cori\u00f3nica Humana) - Astera Labs","og_description":"DOSIFICACI\u00d3N: Gonadotropina cori\u00f3nica humana (HCG), 5000 UI por vial CONTENIDO DEL PAQUETE: 1 vial con 5000 UI de soluci\u00f3n inyectable QU\u00c9 ES: La gonadotropina cori\u00f3nica humana (HCG) es una hormona inyectable muy eficaz que imita la funci\u00f3n de la hormona luteinizante (LH) en el organismo. Se suele utilizar para favorecer la fertilidad en las mujeres,&hellip;","og_url":"https:\/\/asteralabs.org\/es\/product\/hcg-gonadotropina-corionica-humana\/","og_site_name":"Astera Labs","article_modified_time":"2026-01-15T10:45:57+00:00","og_image":[{"width":2000,"height":2000,"url":"https:\/\/asteralabs.org\/wp-content\/uploads\/2023\/09\/HCG-vial-front-noBG.png","type":"image\/png"}],"twitter_card":"summary_large_image","schema":{"@context":"https:\/\/schema.org","@graph":[{"@type":"WebPage","@id":"https:\/\/asteralabs.org\/es\/product\/hcg-gonadotropina-corionica-humana\/","url":"https:\/\/asteralabs.org\/es\/product\/hcg-gonadotropina-corionica-humana\/","name":"HCG (Gonadotropina Cori\u00f3nica Humana) - Astera Labs","isPartOf":{"@id":"https:\/\/asteralabs.org\/es\/#website"},"primaryImageOfPage":{"@id":"https:\/\/asteralabs.org\/es\/product\/hcg-gonadotropina-corionica-humana\/#primaryimage"},"image":{"@id":"https:\/\/asteralabs.org\/es\/product\/hcg-gonadotropina-corionica-humana\/#primaryimage"},"thumbnailUrl":"https:\/\/asteralabs.org\/wp-content\/uploads\/2023\/09\/HCG-vial-front-noBG-FIXED.png","datePublished":"2023-09-07T12:39:07+00:00","dateModified":"2026-01-15T10:45:57+00:00","breadcrumb":{"@id":"https:\/\/asteralabs.org\/es\/product\/hcg-gonadotropina-corionica-humana\/#breadcrumb"},"inLanguage":"es","potentialAction":[{"@type":"ReadAction","target":["https:\/\/asteralabs.org\/es\/product\/hcg-gonadotropina-corionica-humana\/"]}]},{"@type":"ImageObject","inLanguage":"es","@id":"https:\/\/asteralabs.org\/es\/product\/hcg-gonadotropina-corionica-humana\/#primaryimage","url":"https:\/\/asteralabs.org\/wp-content\/uploads\/2023\/09\/HCG-vial-front-noBG-FIXED.png","contentUrl":"https:\/\/asteralabs.org\/wp-content\/uploads\/2023\/09\/HCG-vial-front-noBG-FIXED.png","width":2000,"height":2000},{"@type":"BreadcrumbList","@id":"https:\/\/asteralabs.org\/es\/product\/hcg-gonadotropina-corionica-humana\/#breadcrumb","itemListElement":[{"@type":"ListItem","position":1,"name":"Home","item":"https:\/\/asteralabs.org\/es\/"},{"@type":"ListItem","position":2,"name":"Tienda","item":"https:\/\/asteralabs.org\/tienda\/"},{"@type":"ListItem","position":3,"name":"HCG (Gonadotropina Cori\u00f3nica Humana)"}]},{"@type":"WebSite","@id":"https:\/\/asteralabs.org\/es\/#website","url":"https:\/\/asteralabs.org\/es\/","name":"Astera Labs","description":"Improve Your Quality Of Life","publisher":{"@id":"https:\/\/asteralabs.org\/es\/#organization"},"potentialAction":[{"@type":"SearchAction","target":{"@type":"EntryPoint","urlTemplate":"https:\/\/asteralabs.org\/es\/?s={search_term_string}"},"query-input":"required name=search_term_string"}],"inLanguage":"es"},{"@type":"Organization","@id":"https:\/\/asteralabs.org\/es\/#organization","name":"Astera Labs","url":"https:\/\/asteralabs.org\/es\/","logo":{"@type":"ImageObject","inLanguage":"es","@id":"https:\/\/asteralabs.org\/es\/#\/schema\/logo\/image\/","url":"https:\/\/asteralabs.org\/wp-content\/uploads\/2022\/12\/astera-2.png","contentUrl":"https:\/\/asteralabs.org\/wp-content\/uploads\/2022\/12\/astera-2.png","width":437,"height":111,"caption":"Astera Labs"},"image":{"@id":"https:\/\/asteralabs.org\/es\/#\/schema\/logo\/image\/"}}]}},"_links":{"self":[{"href":"https:\/\/asteralabs.org\/es\/wp-json\/wp\/v2\/product\/78035"}],"collection":[{"href":"https:\/\/asteralabs.org\/es\/wp-json\/wp\/v2\/product"}],"about":[{"href":"https:\/\/asteralabs.org\/es\/wp-json\/wp\/v2\/types\/product"}],"replies":[{"embeddable":true,"href":"https:\/\/asteralabs.org\/es\/wp-json\/wp\/v2\/comments?post=78035"}],"version-history":[{"count":2,"href":"https:\/\/asteralabs.org\/es\/wp-json\/wp\/v2\/product\/78035\/revisions"}],"predecessor-version":[{"id":79494,"href":"https:\/\/asteralabs.org\/es\/wp-json\/wp\/v2\/product\/78035\/revisions\/79494"}],"wp:featuredmedia":[{"embeddable":true,"href":"https:\/\/asteralabs.org\/es\/wp-json\/wp\/v2\/media\/80470"}],"wp:attachment":[{"href":"https:\/\/asteralabs.org\/es\/wp-json\/wp\/v2\/media?parent=78035"}],"wp:term":[{"taxonomy":"product_cat","embeddable":true,"href":"https:\/\/asteralabs.org\/es\/wp-json\/wp\/v2\/product_cat?post=78035"},{"taxonomy":"product_tag","embeddable":true,"href":"https:\/\/asteralabs.org\/es\/wp-json\/wp\/v2\/product_tag?post=78035"}],"curies":[{"name":"wp","href":"https:\/\/api.w.org\/{rel}","templated":true}]}}