{"id":78061,"date":"2023-09-07T12:34:48","date_gmt":"2023-09-07T12:34:48","guid":{"rendered":"https:\/\/asteralabs.org\/product\/s4-50-comprimidos\/"},"modified":"2026-01-15T12:28:43","modified_gmt":"2026-01-15T12:28:43","slug":"s4-50-comprimidos","status":"publish","type":"product","link":"https:\/\/asteralabs.org\/es\/product\/s4-50-comprimidos\/","title":{"rendered":"S4 50 comprimidos"},"content":{"rendered":"<p><strong>DOSIFICACI\u00d3N<\/strong>: S4 Andarine 25 mg por comprimido<\/p>\n<p><strong>CONTENIDO DEL PAQUETE:<\/strong><\/p>\n<p>1 Sobre de 50 comprimidos de 25 mg cada uno<\/p>\n<p><strong>QU\u00c9 ES:<\/strong><\/p>\n<p>La Andarina, com\u00fanmente conocida como S4, es uno de los Moduladores Selectivos de los Receptores de Andr\u00f3genos (SARM) m\u00e1s potentes que existen, conocido por su capacidad para potenciar el entrenamiento y mejorar el f\u00edsico en general. Actualmente no es tan popular entre culturistas y atletas como sol\u00eda serlo en el pasado.<br \/>\n<strong>PRESTACIONES:<br \/>\n<\/strong><\/p>\n<p>Entre los beneficios clave del S4 se incluyen el fomento del crecimiento muscular, el aumento de la fuerza, la mejora de la densidad mineral \u00f3sea, la reducci\u00f3n de la grasa corporal, la aceleraci\u00f3n de la recuperaci\u00f3n muscular y la obtenci\u00f3n de ganancias r\u00e1pidas.<\/p>\n<p><strong>C\u00d3MO USARLO:<\/strong><\/p>\n<p>Para los nuevos consumidores, se suele recomendar una dosis inicial de 25 mg al d\u00eda durante las dos primeras semanas, tras lo cual la dosis puede aumentarse gradualmente. Sin embargo, se aconseja no superar una dosis diaria de 50 mg porque puede causar problemas de visi\u00f3n ocular como la nictalop\u00eda. La dosis debe dividirse al menos en dos tomas. <strong><br \/>\nINFORMACI\u00d3N DEL LOTE:<br \/>\n<\/strong>N\u00ba de lote: <span data-sheets-root=\"1\" data-sheets-value=\"{\" data-sheets-userformat=\"{\">LI49903<\/span><br \/>\nFecha de fabricaci\u00f3n: <span data-sheets-root=\"1\" data-sheets-value=\"{\" data-sheets-userformat=\"{\">10.2025.<\/span><br \/>\nFecha de caducidad: <span data-sheets-root=\"1\" data-sheets-value=\"{\" data-sheets-userformat=\"{\">10.2028<\/span><\/p>\n","protected":false},"excerpt":{"rendered":"<p>DOSIFICACI\u00d3N: S4 Andarine 25 mg por comprimido CONTENIDO DEL PAQUETE: 1 Sobre de 50 comprimidos de 25 mg cada uno QU\u00c9 ES: La Andarina, com\u00fanmente conocida como S4, es uno de los Moduladores Selectivos de los Receptores de Andr\u00f3genos (SARM) m\u00e1s potentes que existen, conocido por su capacidad para potenciar el entrenamiento y mejorar el&hellip;<\/p>\n","protected":false},"featured_media":76469,"comment_status":"closed","ping_status":"closed","template":"","meta":[],"product_cat":[164,201],"product_tag":[],"yoast_head":"<!-- This site is optimized with the Yoast SEO plugin v23.0 - https:\/\/yoast.com\/wordpress\/plugins\/seo\/ -->\n<title>S4 50 comprimidos - Astera Labs<\/title>\n<meta name=\"robots\" content=\"index, follow, max-snippet:-1, max-image-preview:large, max-video-preview:-1\" \/>\n<link rel=\"canonical\" href=\"https:\/\/asteralabs.org\/es\/product\/s4-50-comprimidos\/\" \/>\n<meta property=\"og:locale\" content=\"es_ES\" \/>\n<meta property=\"og:type\" content=\"article\" \/>\n<meta property=\"og:title\" content=\"S4 50 comprimidos - Astera Labs\" \/>\n<meta property=\"og:description\" content=\"DOSIFICACI\u00d3N: S4 Andarine 25 mg por comprimido CONTENIDO DEL PAQUETE: 1 Sobre de 50 comprimidos de 25 mg cada uno QU\u00c9 ES: La Andarina, com\u00fanmente conocida como S4, es uno de los Moduladores Selectivos de los Receptores de Andr\u00f3genos (SARM) m\u00e1s potentes que existen, conocido por su capacidad para potenciar el entrenamiento y mejorar el&hellip;\" \/>\n<meta property=\"og:url\" content=\"https:\/\/asteralabs.org\/es\/product\/s4-50-comprimidos\/\" \/>\n<meta property=\"og:site_name\" content=\"Astera Labs\" \/>\n<meta property=\"article:modified_time\" content=\"2026-01-15T12:28:43+00:00\" \/>\n<meta property=\"og:image\" content=\"https:\/\/asteralabs.org\/wp-content\/uploads\/2023\/09\/Astera-zipbag-SARMs-S4.png\" \/>\n\t<meta property=\"og:image:width\" content=\"2000\" \/>\n\t<meta property=\"og:image:height\" content=\"2000\" \/>\n\t<meta property=\"og:image:type\" content=\"image\/png\" \/>\n<meta name=\"twitter:card\" content=\"summary_large_image\" \/>\n<script type=\"application\/ld+json\" class=\"yoast-schema-graph\">{\"@context\":\"https:\/\/schema.org\",\"@graph\":[{\"@type\":\"WebPage\",\"@id\":\"https:\/\/asteralabs.org\/es\/product\/s4-50-comprimidos\/\",\"url\":\"https:\/\/asteralabs.org\/es\/product\/s4-50-comprimidos\/\",\"name\":\"S4 50 comprimidos - Astera Labs\",\"isPartOf\":{\"@id\":\"https:\/\/asteralabs.org\/es\/#website\"},\"primaryImageOfPage\":{\"@id\":\"https:\/\/asteralabs.org\/es\/product\/s4-50-comprimidos\/#primaryimage\"},\"image\":{\"@id\":\"https:\/\/asteralabs.org\/es\/product\/s4-50-comprimidos\/#primaryimage\"},\"thumbnailUrl\":\"https:\/\/asteralabs.org\/wp-content\/uploads\/2023\/09\/Astera-zipbag-SARMs-S4.png\",\"datePublished\":\"2023-09-07T12:34:48+00:00\",\"dateModified\":\"2026-01-15T12:28:43+00:00\",\"breadcrumb\":{\"@id\":\"https:\/\/asteralabs.org\/es\/product\/s4-50-comprimidos\/#breadcrumb\"},\"inLanguage\":\"es\",\"potentialAction\":[{\"@type\":\"ReadAction\",\"target\":[\"https:\/\/asteralabs.org\/es\/product\/s4-50-comprimidos\/\"]}]},{\"@type\":\"ImageObject\",\"inLanguage\":\"es\",\"@id\":\"https:\/\/asteralabs.org\/es\/product\/s4-50-comprimidos\/#primaryimage\",\"url\":\"https:\/\/asteralabs.org\/wp-content\/uploads\/2023\/09\/Astera-zipbag-SARMs-S4.png\",\"contentUrl\":\"https:\/\/asteralabs.org\/wp-content\/uploads\/2023\/09\/Astera-zipbag-SARMs-S4.png\",\"width\":2000,\"height\":2000},{\"@type\":\"BreadcrumbList\",\"@id\":\"https:\/\/asteralabs.org\/es\/product\/s4-50-comprimidos\/#breadcrumb\",\"itemListElement\":[{\"@type\":\"ListItem\",\"position\":1,\"name\":\"Home\",\"item\":\"https:\/\/asteralabs.org\/es\/\"},{\"@type\":\"ListItem\",\"position\":2,\"name\":\"Tienda\",\"item\":\"https:\/\/asteralabs.org\/tienda\/\"},{\"@type\":\"ListItem\",\"position\":3,\"name\":\"S4 50 comprimidos\"}]},{\"@type\":\"WebSite\",\"@id\":\"https:\/\/asteralabs.org\/es\/#website\",\"url\":\"https:\/\/asteralabs.org\/es\/\",\"name\":\"Astera Labs\",\"description\":\"Improve Your Quality Of Life\",\"publisher\":{\"@id\":\"https:\/\/asteralabs.org\/es\/#organization\"},\"potentialAction\":[{\"@type\":\"SearchAction\",\"target\":{\"@type\":\"EntryPoint\",\"urlTemplate\":\"https:\/\/asteralabs.org\/es\/?s={search_term_string}\"},\"query-input\":\"required name=search_term_string\"}],\"inLanguage\":\"es\"},{\"@type\":\"Organization\",\"@id\":\"https:\/\/asteralabs.org\/es\/#organization\",\"name\":\"Astera Labs\",\"url\":\"https:\/\/asteralabs.org\/es\/\",\"logo\":{\"@type\":\"ImageObject\",\"inLanguage\":\"es\",\"@id\":\"https:\/\/asteralabs.org\/es\/#\/schema\/logo\/image\/\",\"url\":\"https:\/\/asteralabs.org\/wp-content\/uploads\/2022\/12\/astera-2.png\",\"contentUrl\":\"https:\/\/asteralabs.org\/wp-content\/uploads\/2022\/12\/astera-2.png\",\"width\":437,\"height\":111,\"caption\":\"Astera Labs\"},\"image\":{\"@id\":\"https:\/\/asteralabs.org\/es\/#\/schema\/logo\/image\/\"}}]}<\/script>\n<!-- \/ Yoast SEO plugin. -->","yoast_head_json":{"title":"S4 50 comprimidos - Astera Labs","robots":{"index":"index","follow":"follow","max-snippet":"max-snippet:-1","max-image-preview":"max-image-preview:large","max-video-preview":"max-video-preview:-1"},"canonical":"https:\/\/asteralabs.org\/es\/product\/s4-50-comprimidos\/","og_locale":"es_ES","og_type":"article","og_title":"S4 50 comprimidos - Astera Labs","og_description":"DOSIFICACI\u00d3N: S4 Andarine 25 mg por comprimido CONTENIDO DEL PAQUETE: 1 Sobre de 50 comprimidos de 25 mg cada uno QU\u00c9 ES: La Andarina, com\u00fanmente conocida como S4, es uno de los Moduladores Selectivos de los Receptores de Andr\u00f3genos (SARM) m\u00e1s potentes que existen, conocido por su capacidad para potenciar el entrenamiento y mejorar el&hellip;","og_url":"https:\/\/asteralabs.org\/es\/product\/s4-50-comprimidos\/","og_site_name":"Astera Labs","article_modified_time":"2026-01-15T12:28:43+00:00","og_image":[{"width":2000,"height":2000,"url":"https:\/\/asteralabs.org\/wp-content\/uploads\/2023\/09\/Astera-zipbag-SARMs-S4.png","type":"image\/png"}],"twitter_card":"summary_large_image","schema":{"@context":"https:\/\/schema.org","@graph":[{"@type":"WebPage","@id":"https:\/\/asteralabs.org\/es\/product\/s4-50-comprimidos\/","url":"https:\/\/asteralabs.org\/es\/product\/s4-50-comprimidos\/","name":"S4 50 comprimidos - Astera Labs","isPartOf":{"@id":"https:\/\/asteralabs.org\/es\/#website"},"primaryImageOfPage":{"@id":"https:\/\/asteralabs.org\/es\/product\/s4-50-comprimidos\/#primaryimage"},"image":{"@id":"https:\/\/asteralabs.org\/es\/product\/s4-50-comprimidos\/#primaryimage"},"thumbnailUrl":"https:\/\/asteralabs.org\/wp-content\/uploads\/2023\/09\/Astera-zipbag-SARMs-S4.png","datePublished":"2023-09-07T12:34:48+00:00","dateModified":"2026-01-15T12:28:43+00:00","breadcrumb":{"@id":"https:\/\/asteralabs.org\/es\/product\/s4-50-comprimidos\/#breadcrumb"},"inLanguage":"es","potentialAction":[{"@type":"ReadAction","target":["https:\/\/asteralabs.org\/es\/product\/s4-50-comprimidos\/"]}]},{"@type":"ImageObject","inLanguage":"es","@id":"https:\/\/asteralabs.org\/es\/product\/s4-50-comprimidos\/#primaryimage","url":"https:\/\/asteralabs.org\/wp-content\/uploads\/2023\/09\/Astera-zipbag-SARMs-S4.png","contentUrl":"https:\/\/asteralabs.org\/wp-content\/uploads\/2023\/09\/Astera-zipbag-SARMs-S4.png","width":2000,"height":2000},{"@type":"BreadcrumbList","@id":"https:\/\/asteralabs.org\/es\/product\/s4-50-comprimidos\/#breadcrumb","itemListElement":[{"@type":"ListItem","position":1,"name":"Home","item":"https:\/\/asteralabs.org\/es\/"},{"@type":"ListItem","position":2,"name":"Tienda","item":"https:\/\/asteralabs.org\/tienda\/"},{"@type":"ListItem","position":3,"name":"S4 50 comprimidos"}]},{"@type":"WebSite","@id":"https:\/\/asteralabs.org\/es\/#website","url":"https:\/\/asteralabs.org\/es\/","name":"Astera Labs","description":"Improve Your Quality Of Life","publisher":{"@id":"https:\/\/asteralabs.org\/es\/#organization"},"potentialAction":[{"@type":"SearchAction","target":{"@type":"EntryPoint","urlTemplate":"https:\/\/asteralabs.org\/es\/?s={search_term_string}"},"query-input":"required name=search_term_string"}],"inLanguage":"es"},{"@type":"Organization","@id":"https:\/\/asteralabs.org\/es\/#organization","name":"Astera Labs","url":"https:\/\/asteralabs.org\/es\/","logo":{"@type":"ImageObject","inLanguage":"es","@id":"https:\/\/asteralabs.org\/es\/#\/schema\/logo\/image\/","url":"https:\/\/asteralabs.org\/wp-content\/uploads\/2022\/12\/astera-2.png","contentUrl":"https:\/\/asteralabs.org\/wp-content\/uploads\/2022\/12\/astera-2.png","width":437,"height":111,"caption":"Astera Labs"},"image":{"@id":"https:\/\/asteralabs.org\/es\/#\/schema\/logo\/image\/"}}]}},"_links":{"self":[{"href":"https:\/\/asteralabs.org\/es\/wp-json\/wp\/v2\/product\/78061"}],"collection":[{"href":"https:\/\/asteralabs.org\/es\/wp-json\/wp\/v2\/product"}],"about":[{"href":"https:\/\/asteralabs.org\/es\/wp-json\/wp\/v2\/types\/product"}],"replies":[{"embeddable":true,"href":"https:\/\/asteralabs.org\/es\/wp-json\/wp\/v2\/comments?post=78061"}],"version-history":[{"count":2,"href":"https:\/\/asteralabs.org\/es\/wp-json\/wp\/v2\/product\/78061\/revisions"}],"predecessor-version":[{"id":79683,"href":"https:\/\/asteralabs.org\/es\/wp-json\/wp\/v2\/product\/78061\/revisions\/79683"}],"wp:featuredmedia":[{"embeddable":true,"href":"https:\/\/asteralabs.org\/es\/wp-json\/wp\/v2\/media\/76469"}],"wp:attachment":[{"href":"https:\/\/asteralabs.org\/es\/wp-json\/wp\/v2\/media?parent=78061"}],"wp:term":[{"taxonomy":"product_cat","embeddable":true,"href":"https:\/\/asteralabs.org\/es\/wp-json\/wp\/v2\/product_cat?post=78061"},{"taxonomy":"product_tag","embeddable":true,"href":"https:\/\/asteralabs.org\/es\/wp-json\/wp\/v2\/product_tag?post=78061"}],"curies":[{"name":"wp","href":"https:\/\/api.w.org\/{rel}","templated":true}]}}