{"id":78073,"date":"2023-09-07T12:30:27","date_gmt":"2023-09-07T12:30:27","guid":{"rendered":"https:\/\/asteralabs.org\/product\/rad140-50-comprimidos\/"},"modified":"2026-01-15T12:40:24","modified_gmt":"2026-01-15T12:40:24","slug":"rad140-50-comprimidos","status":"publish","type":"product","link":"https:\/\/asteralabs.org\/es\/product\/rad140-50-comprimidos\/","title":{"rendered":"RAD140 50 comprimidos"},"content":{"rendered":"<p><strong>DOSIFICACI\u00d3N<\/strong>: RAD140 Testolona 10 mg por comprimido<\/p>\n<p><strong>CONTENIDO DEL PAQUETE:<\/strong><\/p>\n<p>1 Sobre de 50 comprimidos de 10 mg cada uno<\/p>\n<p><strong>QU\u00c9 ES:<\/strong><\/p>\n<p>La testolona, tambi\u00e9n conocida como RAD140, es un modulador selectivo del receptor de andr\u00f3genos (SARM) reconocido por su gran potencial para promover el crecimiento muscular. Conocido como uno de los SARM m\u00e1s eficaces para ganar masa, es muy apreciado para aumentar el tama\u00f1o y la fuerza muscular.<br \/>\n<strong>PRESTACIONES:<br \/>\n<\/strong><\/p>\n<p>RAD140 se dirige espec\u00edficamente al desarrollo muscular, favoreciendo tanto el crecimiento muscular como la funci\u00f3n cerebral. M\u00e1s all\u00e1 del aumento de masa, RAD140 tambi\u00e9n es adecuado para los ciclos de corte, ya que ayuda a desarrollar tejido muscular magro al tiempo que favorece la p\u00e9rdida de grasa, lo que lo convierte en una opci\u00f3n vers\u00e1til para diferentes objetivos de fitness, y tambi\u00e9n es estupendo para el rendimiento de fuerza.<\/p>\n<p><strong>C\u00d3MO USARLO:<\/strong><\/p>\n<p>Para obtener los mejores resultados, el RAD140 suele utilizarse en ciclos de hasta 8 semanas. A menudo se recomienda una ingesta diaria de 10-30 mg para aumentar la fuerza, con dosis eficaces que oscilan entre 10 mg y 100 mg. Se aconseja no superar un ciclo de 8 semanas. <strong><br \/>\nINFORMACI\u00d3N DEL LOTE:<br \/>\n<\/strong>N\u00ba de lote: <span data-sheets-root=\"1\">SE67214<\/span><br \/>\nFecha de fabricaci\u00f3n: 10<span data-sheets-root=\"1\" data-sheets-value=\"{&quot;1&quot;:2,&quot;2&quot;:&quot;03.2023.&quot;}\" data-sheets-userformat=\"{&quot;2&quot;:577,&quot;3&quot;:{&quot;1&quot;:0},&quot;9&quot;:0,&quot;12&quot;:0}\">.2025.<\/span><br \/>\nFecha de caducidad: 10<span data-sheets-root=\"1\" data-sheets-value=\"{&quot;1&quot;:2,&quot;2&quot;:&quot;03.2026.&quot;}\" data-sheets-userformat=\"{&quot;2&quot;:637,&quot;3&quot;:{&quot;1&quot;:0},&quot;5&quot;:{&quot;1&quot;:[{&quot;1&quot;:2,&quot;2&quot;:0,&quot;5&quot;:{&quot;1&quot;:2,&quot;2&quot;:0}},{&quot;1&quot;:0,&quot;2&quot;:0,&quot;3&quot;:3},{&quot;1&quot;:1,&quot;2&quot;:0,&quot;4&quot;:1}]},&quot;6&quot;:{&quot;1&quot;:[{&quot;1&quot;:2,&quot;2&quot;:0,&quot;5&quot;:{&quot;1&quot;:2,&quot;2&quot;:0}},{&quot;1&quot;:0,&quot;2&quot;:0,&quot;3&quot;:3},{&quot;1&quot;:1,&quot;2&quot;:0,&quot;4&quot;:1}]},&quot;7&quot;:{&quot;1&quot;:[{&quot;1&quot;:2,&quot;2&quot;:0,&quot;5&quot;:{&quot;1&quot;:2,&quot;2&quot;:0}},{&quot;1&quot;:0,&quot;2&quot;:0,&quot;3&quot;:3},{&quot;1&quot;:1,&quot;2&quot;:0,&quot;4&quot;:1}]},&quot;8&quot;:{&quot;1&quot;:[{&quot;1&quot;:2,&quot;2&quot;:0,&quot;5&quot;:{&quot;1&quot;:2,&quot;2&quot;:0}},{&quot;1&quot;:0,&quot;2&quot;:0,&quot;3&quot;:3},{&quot;1&quot;:1,&quot;2&quot;:0,&quot;4&quot;:1}]},&quot;9&quot;:0,&quot;12&quot;:0}\">.2028.<\/span><\/p>\n","protected":false},"excerpt":{"rendered":"<p>DOSIFICACI\u00d3N: RAD140 Testolona 10 mg por comprimido CONTENIDO DEL PAQUETE: 1 Sobre de 50 comprimidos de 10 mg cada uno QU\u00c9 ES: La testolona, tambi\u00e9n conocida como RAD140, es un modulador selectivo del receptor de andr\u00f3genos (SARM) reconocido por su gran potencial para promover el crecimiento muscular. Conocido como uno de los SARM m\u00e1s eficaces&hellip;<\/p>\n","protected":false},"featured_media":76453,"comment_status":"closed","ping_status":"closed","template":"","meta":[],"product_cat":[164,201],"product_tag":[],"yoast_head":"<!-- This site is optimized with the Yoast SEO plugin v23.0 - https:\/\/yoast.com\/wordpress\/plugins\/seo\/ -->\n<title>RAD140 50 comprimidos - Astera Labs<\/title>\n<meta name=\"robots\" content=\"index, follow, max-snippet:-1, max-image-preview:large, max-video-preview:-1\" \/>\n<link rel=\"canonical\" href=\"https:\/\/asteralabs.org\/es\/product\/rad140-50-comprimidos\/\" \/>\n<meta property=\"og:locale\" content=\"es_ES\" \/>\n<meta property=\"og:type\" content=\"article\" \/>\n<meta property=\"og:title\" content=\"RAD140 50 comprimidos - Astera Labs\" \/>\n<meta property=\"og:description\" content=\"DOSIFICACI\u00d3N: RAD140 Testolona 10 mg por comprimido CONTENIDO DEL PAQUETE: 1 Sobre de 50 comprimidos de 10 mg cada uno QU\u00c9 ES: La testolona, tambi\u00e9n conocida como RAD140, es un modulador selectivo del receptor de andr\u00f3genos (SARM) reconocido por su gran potencial para promover el crecimiento muscular. Conocido como uno de los SARM m\u00e1s eficaces&hellip;\" \/>\n<meta property=\"og:url\" content=\"https:\/\/asteralabs.org\/es\/product\/rad140-50-comprimidos\/\" \/>\n<meta property=\"og:site_name\" content=\"Astera Labs\" \/>\n<meta property=\"article:modified_time\" content=\"2026-01-15T12:40:24+00:00\" \/>\n<meta property=\"og:image\" content=\"https:\/\/asteralabs.org\/wp-content\/uploads\/2023\/09\/Astera-zipbag-SARMs-RAD140.png\" \/>\n\t<meta property=\"og:image:width\" content=\"2000\" \/>\n\t<meta property=\"og:image:height\" content=\"2000\" \/>\n\t<meta property=\"og:image:type\" content=\"image\/png\" \/>\n<meta name=\"twitter:card\" content=\"summary_large_image\" \/>\n<script type=\"application\/ld+json\" class=\"yoast-schema-graph\">{\"@context\":\"https:\/\/schema.org\",\"@graph\":[{\"@type\":\"WebPage\",\"@id\":\"https:\/\/asteralabs.org\/es\/product\/rad140-50-comprimidos\/\",\"url\":\"https:\/\/asteralabs.org\/es\/product\/rad140-50-comprimidos\/\",\"name\":\"RAD140 50 comprimidos - Astera Labs\",\"isPartOf\":{\"@id\":\"https:\/\/asteralabs.org\/es\/#website\"},\"primaryImageOfPage\":{\"@id\":\"https:\/\/asteralabs.org\/es\/product\/rad140-50-comprimidos\/#primaryimage\"},\"image\":{\"@id\":\"https:\/\/asteralabs.org\/es\/product\/rad140-50-comprimidos\/#primaryimage\"},\"thumbnailUrl\":\"https:\/\/asteralabs.org\/wp-content\/uploads\/2023\/09\/Astera-zipbag-SARMs-RAD140.png\",\"datePublished\":\"2023-09-07T12:30:27+00:00\",\"dateModified\":\"2026-01-15T12:40:24+00:00\",\"breadcrumb\":{\"@id\":\"https:\/\/asteralabs.org\/es\/product\/rad140-50-comprimidos\/#breadcrumb\"},\"inLanguage\":\"es\",\"potentialAction\":[{\"@type\":\"ReadAction\",\"target\":[\"https:\/\/asteralabs.org\/es\/product\/rad140-50-comprimidos\/\"]}]},{\"@type\":\"ImageObject\",\"inLanguage\":\"es\",\"@id\":\"https:\/\/asteralabs.org\/es\/product\/rad140-50-comprimidos\/#primaryimage\",\"url\":\"https:\/\/asteralabs.org\/wp-content\/uploads\/2023\/09\/Astera-zipbag-SARMs-RAD140.png\",\"contentUrl\":\"https:\/\/asteralabs.org\/wp-content\/uploads\/2023\/09\/Astera-zipbag-SARMs-RAD140.png\",\"width\":2000,\"height\":2000},{\"@type\":\"BreadcrumbList\",\"@id\":\"https:\/\/asteralabs.org\/es\/product\/rad140-50-comprimidos\/#breadcrumb\",\"itemListElement\":[{\"@type\":\"ListItem\",\"position\":1,\"name\":\"Home\",\"item\":\"https:\/\/asteralabs.org\/es\/\"},{\"@type\":\"ListItem\",\"position\":2,\"name\":\"Tienda\",\"item\":\"https:\/\/asteralabs.org\/tienda\/\"},{\"@type\":\"ListItem\",\"position\":3,\"name\":\"RAD140 50 comprimidos\"}]},{\"@type\":\"WebSite\",\"@id\":\"https:\/\/asteralabs.org\/es\/#website\",\"url\":\"https:\/\/asteralabs.org\/es\/\",\"name\":\"Astera Labs\",\"description\":\"Improve Your Quality Of Life\",\"publisher\":{\"@id\":\"https:\/\/asteralabs.org\/es\/#organization\"},\"potentialAction\":[{\"@type\":\"SearchAction\",\"target\":{\"@type\":\"EntryPoint\",\"urlTemplate\":\"https:\/\/asteralabs.org\/es\/?s={search_term_string}\"},\"query-input\":\"required name=search_term_string\"}],\"inLanguage\":\"es\"},{\"@type\":\"Organization\",\"@id\":\"https:\/\/asteralabs.org\/es\/#organization\",\"name\":\"Astera Labs\",\"url\":\"https:\/\/asteralabs.org\/es\/\",\"logo\":{\"@type\":\"ImageObject\",\"inLanguage\":\"es\",\"@id\":\"https:\/\/asteralabs.org\/es\/#\/schema\/logo\/image\/\",\"url\":\"https:\/\/asteralabs.org\/wp-content\/uploads\/2022\/12\/astera-2.png\",\"contentUrl\":\"https:\/\/asteralabs.org\/wp-content\/uploads\/2022\/12\/astera-2.png\",\"width\":437,\"height\":111,\"caption\":\"Astera Labs\"},\"image\":{\"@id\":\"https:\/\/asteralabs.org\/es\/#\/schema\/logo\/image\/\"}}]}<\/script>\n<!-- \/ Yoast SEO plugin. -->","yoast_head_json":{"title":"RAD140 50 comprimidos - Astera Labs","robots":{"index":"index","follow":"follow","max-snippet":"max-snippet:-1","max-image-preview":"max-image-preview:large","max-video-preview":"max-video-preview:-1"},"canonical":"https:\/\/asteralabs.org\/es\/product\/rad140-50-comprimidos\/","og_locale":"es_ES","og_type":"article","og_title":"RAD140 50 comprimidos - Astera Labs","og_description":"DOSIFICACI\u00d3N: RAD140 Testolona 10 mg por comprimido CONTENIDO DEL PAQUETE: 1 Sobre de 50 comprimidos de 10 mg cada uno QU\u00c9 ES: La testolona, tambi\u00e9n conocida como RAD140, es un modulador selectivo del receptor de andr\u00f3genos (SARM) reconocido por su gran potencial para promover el crecimiento muscular. Conocido como uno de los SARM m\u00e1s eficaces&hellip;","og_url":"https:\/\/asteralabs.org\/es\/product\/rad140-50-comprimidos\/","og_site_name":"Astera Labs","article_modified_time":"2026-01-15T12:40:24+00:00","og_image":[{"width":2000,"height":2000,"url":"https:\/\/asteralabs.org\/wp-content\/uploads\/2023\/09\/Astera-zipbag-SARMs-RAD140.png","type":"image\/png"}],"twitter_card":"summary_large_image","schema":{"@context":"https:\/\/schema.org","@graph":[{"@type":"WebPage","@id":"https:\/\/asteralabs.org\/es\/product\/rad140-50-comprimidos\/","url":"https:\/\/asteralabs.org\/es\/product\/rad140-50-comprimidos\/","name":"RAD140 50 comprimidos - Astera Labs","isPartOf":{"@id":"https:\/\/asteralabs.org\/es\/#website"},"primaryImageOfPage":{"@id":"https:\/\/asteralabs.org\/es\/product\/rad140-50-comprimidos\/#primaryimage"},"image":{"@id":"https:\/\/asteralabs.org\/es\/product\/rad140-50-comprimidos\/#primaryimage"},"thumbnailUrl":"https:\/\/asteralabs.org\/wp-content\/uploads\/2023\/09\/Astera-zipbag-SARMs-RAD140.png","datePublished":"2023-09-07T12:30:27+00:00","dateModified":"2026-01-15T12:40:24+00:00","breadcrumb":{"@id":"https:\/\/asteralabs.org\/es\/product\/rad140-50-comprimidos\/#breadcrumb"},"inLanguage":"es","potentialAction":[{"@type":"ReadAction","target":["https:\/\/asteralabs.org\/es\/product\/rad140-50-comprimidos\/"]}]},{"@type":"ImageObject","inLanguage":"es","@id":"https:\/\/asteralabs.org\/es\/product\/rad140-50-comprimidos\/#primaryimage","url":"https:\/\/asteralabs.org\/wp-content\/uploads\/2023\/09\/Astera-zipbag-SARMs-RAD140.png","contentUrl":"https:\/\/asteralabs.org\/wp-content\/uploads\/2023\/09\/Astera-zipbag-SARMs-RAD140.png","width":2000,"height":2000},{"@type":"BreadcrumbList","@id":"https:\/\/asteralabs.org\/es\/product\/rad140-50-comprimidos\/#breadcrumb","itemListElement":[{"@type":"ListItem","position":1,"name":"Home","item":"https:\/\/asteralabs.org\/es\/"},{"@type":"ListItem","position":2,"name":"Tienda","item":"https:\/\/asteralabs.org\/tienda\/"},{"@type":"ListItem","position":3,"name":"RAD140 50 comprimidos"}]},{"@type":"WebSite","@id":"https:\/\/asteralabs.org\/es\/#website","url":"https:\/\/asteralabs.org\/es\/","name":"Astera Labs","description":"Improve Your Quality Of Life","publisher":{"@id":"https:\/\/asteralabs.org\/es\/#organization"},"potentialAction":[{"@type":"SearchAction","target":{"@type":"EntryPoint","urlTemplate":"https:\/\/asteralabs.org\/es\/?s={search_term_string}"},"query-input":"required name=search_term_string"}],"inLanguage":"es"},{"@type":"Organization","@id":"https:\/\/asteralabs.org\/es\/#organization","name":"Astera Labs","url":"https:\/\/asteralabs.org\/es\/","logo":{"@type":"ImageObject","inLanguage":"es","@id":"https:\/\/asteralabs.org\/es\/#\/schema\/logo\/image\/","url":"https:\/\/asteralabs.org\/wp-content\/uploads\/2022\/12\/astera-2.png","contentUrl":"https:\/\/asteralabs.org\/wp-content\/uploads\/2022\/12\/astera-2.png","width":437,"height":111,"caption":"Astera Labs"},"image":{"@id":"https:\/\/asteralabs.org\/es\/#\/schema\/logo\/image\/"}}]}},"_links":{"self":[{"href":"https:\/\/asteralabs.org\/es\/wp-json\/wp\/v2\/product\/78073"}],"collection":[{"href":"https:\/\/asteralabs.org\/es\/wp-json\/wp\/v2\/product"}],"about":[{"href":"https:\/\/asteralabs.org\/es\/wp-json\/wp\/v2\/types\/product"}],"replies":[{"embeddable":true,"href":"https:\/\/asteralabs.org\/es\/wp-json\/wp\/v2\/comments?post=78073"}],"version-history":[{"count":2,"href":"https:\/\/asteralabs.org\/es\/wp-json\/wp\/v2\/product\/78073\/revisions"}],"predecessor-version":[{"id":79728,"href":"https:\/\/asteralabs.org\/es\/wp-json\/wp\/v2\/product\/78073\/revisions\/79728"}],"wp:featuredmedia":[{"embeddable":true,"href":"https:\/\/asteralabs.org\/es\/wp-json\/wp\/v2\/media\/76453"}],"wp:attachment":[{"href":"https:\/\/asteralabs.org\/es\/wp-json\/wp\/v2\/media?parent=78073"}],"wp:term":[{"taxonomy":"product_cat","embeddable":true,"href":"https:\/\/asteralabs.org\/es\/wp-json\/wp\/v2\/product_cat?post=78073"},{"taxonomy":"product_tag","embeddable":true,"href":"https:\/\/asteralabs.org\/es\/wp-json\/wp\/v2\/product_tag?post=78073"}],"curies":[{"name":"wp","href":"https:\/\/api.w.org\/{rel}","templated":true}]}}