{"id":78102,"date":"2023-09-07T12:20:03","date_gmt":"2023-09-07T12:20:03","guid":{"rendered":"https:\/\/asteralabs.org\/product\/lgd4033-50-comprimidos\/"},"modified":"2026-01-15T13:01:45","modified_gmt":"2026-01-15T13:01:45","slug":"lgd4033-50-comprimidos","status":"publish","type":"product","link":"https:\/\/asteralabs.org\/es\/product\/lgd4033-50-comprimidos\/","title":{"rendered":"LGD4033 50 comprimidos"},"content":{"rendered":"<p><strong>DOSIFICACI\u00d3N<\/strong>: LGD4033 Ligandrol 10 mg por comprimido<\/p>\n<p><strong>CONTENIDO DEL PAQUETE:<\/strong><\/p>\n<p>1 Sobre de 50 comprimidos de 10 mg cada uno<\/p>\n<p><strong>QU\u00c9 ES:<\/strong><\/p>\n<p>El Ligandrol, tambi\u00e9n conocido como LGD4033, es un Modulador Selectivo del Receptor Androg\u00e9nico (SARM) conocido por su potencial para promover una r\u00e1pida ganancia muscular. Reconocido como la mejor opci\u00f3n para aumentar el volumen entre culturistas masculinos y femeninos, el Ligandrol favorece una mayor actividad anab\u00f3lica, una mayor fuerza y un crecimiento muscular sustancial.<\/p>\n<p><strong>C\u00d3MO USARLO:<\/strong><\/p>\n<p>Una dosis para principiantes ser\u00eda de unos 10 mg\/d\u00eda, la intermedia de 20 mg\/d\u00eda y para usuarios avanzados oscilar\u00eda entre 30 y 40 mg\/d\u00eda. Puede tomarse una vez al d\u00eda, preferiblemente por la ma\u00f1ana con la comida. <strong><br \/>\nINFORMACI\u00d3N DEL LOTE:<br \/>\n<\/strong>N\u00ba de lote: <span data-sheets-root=\"1\">XN25652<\/span><br \/>\nFecha de fabricaci\u00f3n: <span data-sheets-root=\"1\" data-sheets-value=\"{&quot;1&quot;:2,&quot;2&quot;:&quot;03.2023.&quot;}\" data-sheets-userformat=\"{&quot;2&quot;:577,&quot;3&quot;:{&quot;1&quot;:0},&quot;9&quot;:0,&quot;12&quot;:0}\">10.2025.<\/span><br \/>\nFecha de caducidad: 10<span data-sheets-root=\"1\" data-sheets-value=\"{&quot;1&quot;:2,&quot;2&quot;:&quot;03.2026.&quot;}\" data-sheets-userformat=\"{&quot;2&quot;:637,&quot;3&quot;:{&quot;1&quot;:0},&quot;5&quot;:{&quot;1&quot;:[{&quot;1&quot;:2,&quot;2&quot;:0,&quot;5&quot;:{&quot;1&quot;:2,&quot;2&quot;:0}},{&quot;1&quot;:0,&quot;2&quot;:0,&quot;3&quot;:3},{&quot;1&quot;:1,&quot;2&quot;:0,&quot;4&quot;:1}]},&quot;6&quot;:{&quot;1&quot;:[{&quot;1&quot;:2,&quot;2&quot;:0,&quot;5&quot;:{&quot;1&quot;:2,&quot;2&quot;:0}},{&quot;1&quot;:0,&quot;2&quot;:0,&quot;3&quot;:3},{&quot;1&quot;:1,&quot;2&quot;:0,&quot;4&quot;:1}]},&quot;7&quot;:{&quot;1&quot;:[{&quot;1&quot;:2,&quot;2&quot;:0,&quot;5&quot;:{&quot;1&quot;:2,&quot;2&quot;:0}},{&quot;1&quot;:0,&quot;2&quot;:0,&quot;3&quot;:3},{&quot;1&quot;:1,&quot;2&quot;:0,&quot;4&quot;:1}]},&quot;8&quot;:{&quot;1&quot;:[{&quot;1&quot;:2,&quot;2&quot;:0,&quot;5&quot;:{&quot;1&quot;:2,&quot;2&quot;:0}},{&quot;1&quot;:0,&quot;2&quot;:0,&quot;3&quot;:3},{&quot;1&quot;:1,&quot;2&quot;:0,&quot;4&quot;:1}]},&quot;9&quot;:0,&quot;12&quot;:0}\">.2028.<\/span><\/p>\n","protected":false},"excerpt":{"rendered":"<p>DOSIFICACI\u00d3N: LGD4033 Ligandrol 10 mg por comprimido CONTENIDO DEL PAQUETE: 1 Sobre de 50 comprimidos de 10 mg cada uno QU\u00c9 ES: El Ligandrol, tambi\u00e9n conocido como LGD4033, es un Modulador Selectivo del Receptor Androg\u00e9nico (SARM) conocido por su potencial para promover una r\u00e1pida ganancia muscular. Reconocido como la mejor opci\u00f3n para aumentar el volumen&hellip;<\/p>\n","protected":false},"featured_media":76429,"comment_status":"closed","ping_status":"closed","template":"","meta":{"_acf_changed":false},"product_brand":[],"product_cat":[164,201],"product_tag":[],"class_list":{"0":"post-78102","1":"product","2":"type-product","3":"status-publish","4":"has-post-thumbnail","6":"product_cat-all-es","7":"product_cat-sarms-es","8":"description-off","10":"first","11":"instock","12":"shipping-taxable","13":"product-type-simple"},"acf":[],"yoast_head":"<!-- This site is optimized with the Yoast SEO plugin v27.4 - https:\/\/yoast.com\/product\/yoast-seo-wordpress\/ -->\n<title>LGD4033 50 comprimidos - Astera Labs<\/title>\n<meta name=\"robots\" content=\"index, follow, max-snippet:-1, max-image-preview:large, max-video-preview:-1\" \/>\n<link rel=\"canonical\" href=\"https:\/\/asteralabs.org\/es\/product\/lgd4033-50-comprimidos\/\" \/>\n<meta property=\"og:locale\" content=\"es_ES\" \/>\n<meta property=\"og:type\" content=\"article\" \/>\n<meta property=\"og:title\" content=\"LGD4033 50 comprimidos - Astera Labs\" \/>\n<meta property=\"og:description\" content=\"DOSIFICACI\u00d3N: LGD4033 Ligandrol 10 mg por comprimido CONTENIDO DEL PAQUETE: 1 Sobre de 50 comprimidos de 10 mg cada uno QU\u00c9 ES: El Ligandrol, tambi\u00e9n conocido como LGD4033, es un Modulador Selectivo del Receptor Androg\u00e9nico (SARM) conocido por su potencial para promover una r\u00e1pida ganancia muscular. Reconocido como la mejor opci\u00f3n para aumentar el volumen&hellip;\" \/>\n<meta property=\"og:url\" content=\"https:\/\/asteralabs.org\/es\/product\/lgd4033-50-comprimidos\/\" \/>\n<meta property=\"og:site_name\" content=\"Astera Labs\" \/>\n<meta property=\"article:modified_time\" content=\"2026-01-15T13:01:45+00:00\" \/>\n<meta property=\"og:image\" content=\"https:\/\/asteralabs.org\/wp-content\/uploads\/2023\/09\/Astera-zipbag-SARMs-LGD4033.png\" \/>\n\t<meta property=\"og:image:width\" content=\"2000\" \/>\n\t<meta property=\"og:image:height\" content=\"2000\" \/>\n\t<meta property=\"og:image:type\" content=\"image\/png\" \/>\n<meta name=\"twitter:card\" content=\"summary_large_image\" \/>\n<script type=\"application\/ld+json\" class=\"yoast-schema-graph\">{\"@context\":\"https:\\\/\\\/schema.org\",\"@graph\":[{\"@type\":\"WebPage\",\"@id\":\"https:\\\/\\\/asteralabs.org\\\/es\\\/product\\\/lgd4033-50-comprimidos\\\/\",\"url\":\"https:\\\/\\\/asteralabs.org\\\/es\\\/product\\\/lgd4033-50-comprimidos\\\/\",\"name\":\"LGD4033 50 comprimidos - Astera Labs\",\"isPartOf\":{\"@id\":\"https:\\\/\\\/asteralabs.org\\\/es\\\/#website\"},\"primaryImageOfPage\":{\"@id\":\"https:\\\/\\\/asteralabs.org\\\/es\\\/product\\\/lgd4033-50-comprimidos\\\/#primaryimage\"},\"image\":{\"@id\":\"https:\\\/\\\/asteralabs.org\\\/es\\\/product\\\/lgd4033-50-comprimidos\\\/#primaryimage\"},\"thumbnailUrl\":\"https:\\\/\\\/asteralabs.org\\\/wp-content\\\/uploads\\\/2023\\\/09\\\/Astera-zipbag-SARMs-LGD4033.png\",\"datePublished\":\"2023-09-07T12:20:03+00:00\",\"dateModified\":\"2026-01-15T13:01:45+00:00\",\"breadcrumb\":{\"@id\":\"https:\\\/\\\/asteralabs.org\\\/es\\\/product\\\/lgd4033-50-comprimidos\\\/#breadcrumb\"},\"inLanguage\":\"es-ES\",\"potentialAction\":[{\"@type\":\"ReadAction\",\"target\":[\"https:\\\/\\\/asteralabs.org\\\/es\\\/product\\\/lgd4033-50-comprimidos\\\/\"]}]},{\"@type\":\"ImageObject\",\"inLanguage\":\"es-ES\",\"@id\":\"https:\\\/\\\/asteralabs.org\\\/es\\\/product\\\/lgd4033-50-comprimidos\\\/#primaryimage\",\"url\":\"https:\\\/\\\/asteralabs.org\\\/wp-content\\\/uploads\\\/2023\\\/09\\\/Astera-zipbag-SARMs-LGD4033.png\",\"contentUrl\":\"https:\\\/\\\/asteralabs.org\\\/wp-content\\\/uploads\\\/2023\\\/09\\\/Astera-zipbag-SARMs-LGD4033.png\",\"width\":2000,\"height\":2000},{\"@type\":\"BreadcrumbList\",\"@id\":\"https:\\\/\\\/asteralabs.org\\\/es\\\/product\\\/lgd4033-50-comprimidos\\\/#breadcrumb\",\"itemListElement\":[{\"@type\":\"ListItem\",\"position\":1,\"name\":\"Home\",\"item\":\"https:\\\/\\\/asteralabs.org\\\/es\\\/\"},{\"@type\":\"ListItem\",\"position\":2,\"name\":\"Shop\",\"item\":\"https:\\\/\\\/asteralabs.org\\\/shop\\\/\"},{\"@type\":\"ListItem\",\"position\":3,\"name\":\"LGD4033 50 comprimidos\"}]},{\"@type\":\"WebSite\",\"@id\":\"https:\\\/\\\/asteralabs.org\\\/es\\\/#website\",\"url\":\"https:\\\/\\\/asteralabs.org\\\/es\\\/\",\"name\":\"Astera Labs\",\"description\":\"Improve Your Quality Of Life\",\"publisher\":{\"@id\":\"https:\\\/\\\/asteralabs.org\\\/es\\\/#organization\"},\"potentialAction\":[{\"@type\":\"SearchAction\",\"target\":{\"@type\":\"EntryPoint\",\"urlTemplate\":\"https:\\\/\\\/asteralabs.org\\\/es\\\/?s={search_term_string}\"},\"query-input\":{\"@type\":\"PropertyValueSpecification\",\"valueRequired\":true,\"valueName\":\"search_term_string\"}}],\"inLanguage\":\"es-ES\"},{\"@type\":\"Organization\",\"@id\":\"https:\\\/\\\/asteralabs.org\\\/es\\\/#organization\",\"name\":\"Astera Labs\",\"url\":\"https:\\\/\\\/asteralabs.org\\\/es\\\/\",\"logo\":{\"@type\":\"ImageObject\",\"inLanguage\":\"es-ES\",\"@id\":\"https:\\\/\\\/asteralabs.org\\\/es\\\/#\\\/schema\\\/logo\\\/image\\\/\",\"url\":\"https:\\\/\\\/asteralabs.org\\\/wp-content\\\/uploads\\\/2022\\\/12\\\/astera-2.png\",\"contentUrl\":\"https:\\\/\\\/asteralabs.org\\\/wp-content\\\/uploads\\\/2022\\\/12\\\/astera-2.png\",\"width\":437,\"height\":111,\"caption\":\"Astera Labs\"},\"image\":{\"@id\":\"https:\\\/\\\/asteralabs.org\\\/es\\\/#\\\/schema\\\/logo\\\/image\\\/\"}}]}<\/script>\n<!-- \/ Yoast SEO plugin. -->","yoast_head_json":{"title":"LGD4033 50 comprimidos - Astera Labs","robots":{"index":"index","follow":"follow","max-snippet":"max-snippet:-1","max-image-preview":"max-image-preview:large","max-video-preview":"max-video-preview:-1"},"canonical":"https:\/\/asteralabs.org\/es\/product\/lgd4033-50-comprimidos\/","og_locale":"es_ES","og_type":"article","og_title":"LGD4033 50 comprimidos - Astera Labs","og_description":"DOSIFICACI\u00d3N: LGD4033 Ligandrol 10 mg por comprimido CONTENIDO DEL PAQUETE: 1 Sobre de 50 comprimidos de 10 mg cada uno QU\u00c9 ES: El Ligandrol, tambi\u00e9n conocido como LGD4033, es un Modulador Selectivo del Receptor Androg\u00e9nico (SARM) conocido por su potencial para promover una r\u00e1pida ganancia muscular. Reconocido como la mejor opci\u00f3n para aumentar el volumen&hellip;","og_url":"https:\/\/asteralabs.org\/es\/product\/lgd4033-50-comprimidos\/","og_site_name":"Astera Labs","article_modified_time":"2026-01-15T13:01:45+00:00","og_image":[{"width":2000,"height":2000,"url":"https:\/\/asteralabs.org\/wp-content\/uploads\/2023\/09\/Astera-zipbag-SARMs-LGD4033.png","type":"image\/png"}],"twitter_card":"summary_large_image","schema":{"@context":"https:\/\/schema.org","@graph":[{"@type":"WebPage","@id":"https:\/\/asteralabs.org\/es\/product\/lgd4033-50-comprimidos\/","url":"https:\/\/asteralabs.org\/es\/product\/lgd4033-50-comprimidos\/","name":"LGD4033 50 comprimidos - Astera Labs","isPartOf":{"@id":"https:\/\/asteralabs.org\/es\/#website"},"primaryImageOfPage":{"@id":"https:\/\/asteralabs.org\/es\/product\/lgd4033-50-comprimidos\/#primaryimage"},"image":{"@id":"https:\/\/asteralabs.org\/es\/product\/lgd4033-50-comprimidos\/#primaryimage"},"thumbnailUrl":"https:\/\/asteralabs.org\/wp-content\/uploads\/2023\/09\/Astera-zipbag-SARMs-LGD4033.png","datePublished":"2023-09-07T12:20:03+00:00","dateModified":"2026-01-15T13:01:45+00:00","breadcrumb":{"@id":"https:\/\/asteralabs.org\/es\/product\/lgd4033-50-comprimidos\/#breadcrumb"},"inLanguage":"es-ES","potentialAction":[{"@type":"ReadAction","target":["https:\/\/asteralabs.org\/es\/product\/lgd4033-50-comprimidos\/"]}]},{"@type":"ImageObject","inLanguage":"es-ES","@id":"https:\/\/asteralabs.org\/es\/product\/lgd4033-50-comprimidos\/#primaryimage","url":"https:\/\/asteralabs.org\/wp-content\/uploads\/2023\/09\/Astera-zipbag-SARMs-LGD4033.png","contentUrl":"https:\/\/asteralabs.org\/wp-content\/uploads\/2023\/09\/Astera-zipbag-SARMs-LGD4033.png","width":2000,"height":2000},{"@type":"BreadcrumbList","@id":"https:\/\/asteralabs.org\/es\/product\/lgd4033-50-comprimidos\/#breadcrumb","itemListElement":[{"@type":"ListItem","position":1,"name":"Home","item":"https:\/\/asteralabs.org\/es\/"},{"@type":"ListItem","position":2,"name":"Shop","item":"https:\/\/asteralabs.org\/shop\/"},{"@type":"ListItem","position":3,"name":"LGD4033 50 comprimidos"}]},{"@type":"WebSite","@id":"https:\/\/asteralabs.org\/es\/#website","url":"https:\/\/asteralabs.org\/es\/","name":"Astera Labs","description":"Improve Your Quality Of Life","publisher":{"@id":"https:\/\/asteralabs.org\/es\/#organization"},"potentialAction":[{"@type":"SearchAction","target":{"@type":"EntryPoint","urlTemplate":"https:\/\/asteralabs.org\/es\/?s={search_term_string}"},"query-input":{"@type":"PropertyValueSpecification","valueRequired":true,"valueName":"search_term_string"}}],"inLanguage":"es-ES"},{"@type":"Organization","@id":"https:\/\/asteralabs.org\/es\/#organization","name":"Astera Labs","url":"https:\/\/asteralabs.org\/es\/","logo":{"@type":"ImageObject","inLanguage":"es-ES","@id":"https:\/\/asteralabs.org\/es\/#\/schema\/logo\/image\/","url":"https:\/\/asteralabs.org\/wp-content\/uploads\/2022\/12\/astera-2.png","contentUrl":"https:\/\/asteralabs.org\/wp-content\/uploads\/2022\/12\/astera-2.png","width":437,"height":111,"caption":"Astera Labs"},"image":{"@id":"https:\/\/asteralabs.org\/es\/#\/schema\/logo\/image\/"}}]}},"_links":{"self":[{"href":"https:\/\/asteralabs.org\/es\/wp-json\/wp\/v2\/product\/78102","targetHints":{"allow":["GET"]}}],"collection":[{"href":"https:\/\/asteralabs.org\/es\/wp-json\/wp\/v2\/product"}],"about":[{"href":"https:\/\/asteralabs.org\/es\/wp-json\/wp\/v2\/types\/product"}],"replies":[{"embeddable":true,"href":"https:\/\/asteralabs.org\/es\/wp-json\/wp\/v2\/comments?post=78102"}],"version-history":[{"count":2,"href":"https:\/\/asteralabs.org\/es\/wp-json\/wp\/v2\/product\/78102\/revisions"}],"predecessor-version":[{"id":79819,"href":"https:\/\/asteralabs.org\/es\/wp-json\/wp\/v2\/product\/78102\/revisions\/79819"}],"wp:featuredmedia":[{"embeddable":true,"href":"https:\/\/asteralabs.org\/es\/wp-json\/wp\/v2\/media\/76429"}],"wp:attachment":[{"href":"https:\/\/asteralabs.org\/es\/wp-json\/wp\/v2\/media?parent=78102"}],"wp:term":[{"taxonomy":"product_brand","embeddable":true,"href":"https:\/\/asteralabs.org\/es\/wp-json\/wp\/v2\/product_brand?post=78102"},{"taxonomy":"product_cat","embeddable":true,"href":"https:\/\/asteralabs.org\/es\/wp-json\/wp\/v2\/product_cat?post=78102"},{"taxonomy":"product_tag","embeddable":true,"href":"https:\/\/asteralabs.org\/es\/wp-json\/wp\/v2\/product_tag?post=78102"}],"curies":[{"name":"wp","href":"https:\/\/api.w.org\/{rel}","templated":true}]}}