{"id":78132,"date":"2023-01-13T20:24:49","date_gmt":"2023-01-13T20:24:49","guid":{"rendered":"https:\/\/asteralabs.org\/product\/tadalafil-cialis-50-comprimidos\/"},"modified":"2026-01-15T13:19:44","modified_gmt":"2026-01-15T13:19:44","slug":"tadalafil-cialis-50-comprimidos","status":"publish","type":"product","link":"https:\/\/asteralabs.org\/es\/product\/tadalafil-cialis-50-comprimidos\/","title":{"rendered":"Tadalafil (Cialis) 50 comprimidos"},"content":{"rendered":"<p><strong>DOSIFICACI\u00d3N: <\/strong><br \/>\nTadalafilo (Cialis) 20mg\/tab <strong>CONTENIDO DEL ENVASE: <\/strong><br \/>\n1 sobre, 50 tabletas, 20 mg por tableta <strong>QU\u00c9 ES: <\/strong><br \/>\nEs uno de los medicamentos m\u00e1s utilizados para el tratamiento de la disfunci\u00f3n er\u00e9ctil junto con la viagra, a diferencia de \u00e9sta, la duraci\u00f3n de su efecto es muy larga, por lo que no es necesario tomarlo con frecuencia. <strong>MODO DE EMPLEO: <\/strong><br \/>\nEs aconsejable tomarlo dos horas antes de la actividad sexual para que ejerza su efecto. S\u00f3lo es necesario tomarlo una vez al d\u00eda y las dosis pueden variar de 5 a 20mg al d\u00eda, siendo aconsejable modificar la dosis hasta conseguir el efecto deseado. <strong>INFORMACI\u00d3N DEL LOTE:<br \/>\n<\/strong>N\u00ba de lote: <span data-sheets-root=\"1\" data-sheets-value=\"{\" data-sheets-userformat=\"{\">DM64132<\/span><br \/>\nFecha de fabricaci\u00f3n: <span data-sheets-root=\"1\" data-sheets-value=\"{\" data-sheets-userformat=\"{\">10.2025.<\/span><br \/>\nFecha de caducidad: <span data-sheets-root=\"1\" data-sheets-value=\"{\" data-sheets-userformat=\"{\">10.2028.<\/span><\/p>\n","protected":false},"excerpt":{"rendered":"<p>DOSIFICACI\u00d3N: Tadalafilo (Cialis) 20mg\/tab CONTENIDO DEL ENVASE: 1 sobre, 50 tabletas, 20 mg por tableta QU\u00c9 ES: Es uno de los medicamentos m\u00e1s utilizados para el tratamiento de la disfunci\u00f3n er\u00e9ctil junto con la viagra, a diferencia de \u00e9sta, la duraci\u00f3n de su efecto es muy larga, por lo que no es necesario tomarlo con&hellip;<\/p>\n","protected":false},"featured_media":76541,"comment_status":"open","ping_status":"closed","template":"","meta":{"_acf_changed":false},"product_brand":[],"product_cat":[164,173],"product_tag":[],"class_list":{"0":"post-78132","1":"product","2":"type-product","3":"status-publish","4":"has-post-thumbnail","6":"product_cat-all-es","7":"product_cat-orals-es","8":"description-off","10":"first","11":"instock","12":"shipping-taxable","13":"product-type-simple"},"acf":[],"yoast_head":"<!-- This site is optimized with the Yoast SEO plugin v27.4 - https:\/\/yoast.com\/product\/yoast-seo-wordpress\/ -->\n<title>Tadalafil (Cialis) 50 comprimidos - Astera Labs<\/title>\n<meta name=\"robots\" content=\"index, follow, max-snippet:-1, max-image-preview:large, max-video-preview:-1\" \/>\n<link rel=\"canonical\" href=\"https:\/\/asteralabs.org\/es\/product\/tadalafil-cialis-50-comprimidos\/\" \/>\n<meta property=\"og:locale\" content=\"es_ES\" \/>\n<meta property=\"og:type\" content=\"article\" \/>\n<meta property=\"og:title\" content=\"Tadalafil (Cialis) 50 comprimidos - Astera Labs\" \/>\n<meta property=\"og:description\" content=\"DOSIFICACI\u00d3N: Tadalafilo (Cialis) 20mg\/tab CONTENIDO DEL ENVASE: 1 sobre, 50 tabletas, 20 mg por tableta QU\u00c9 ES: Es uno de los medicamentos m\u00e1s utilizados para el tratamiento de la disfunci\u00f3n er\u00e9ctil junto con la viagra, a diferencia de \u00e9sta, la duraci\u00f3n de su efecto es muy larga, por lo que no es necesario tomarlo con&hellip;\" \/>\n<meta property=\"og:url\" content=\"https:\/\/asteralabs.org\/es\/product\/tadalafil-cialis-50-comprimidos\/\" \/>\n<meta property=\"og:site_name\" content=\"Astera Labs\" \/>\n<meta property=\"article:modified_time\" content=\"2026-01-15T13:19:44+00:00\" \/>\n<meta property=\"og:image\" content=\"https:\/\/asteralabs.org\/wp-content\/uploads\/2023\/01\/tadalafil-cialis-50-tabs.png\" \/>\n\t<meta property=\"og:image:width\" content=\"2000\" \/>\n\t<meta property=\"og:image:height\" content=\"2000\" \/>\n\t<meta property=\"og:image:type\" content=\"image\/png\" \/>\n<meta name=\"twitter:card\" content=\"summary_large_image\" \/>\n<script type=\"application\/ld+json\" class=\"yoast-schema-graph\">{\"@context\":\"https:\\\/\\\/schema.org\",\"@graph\":[{\"@type\":\"WebPage\",\"@id\":\"https:\\\/\\\/asteralabs.org\\\/es\\\/product\\\/tadalafil-cialis-50-comprimidos\\\/\",\"url\":\"https:\\\/\\\/asteralabs.org\\\/es\\\/product\\\/tadalafil-cialis-50-comprimidos\\\/\",\"name\":\"Tadalafil (Cialis) 50 comprimidos - Astera Labs\",\"isPartOf\":{\"@id\":\"https:\\\/\\\/asteralabs.org\\\/es\\\/#website\"},\"primaryImageOfPage\":{\"@id\":\"https:\\\/\\\/asteralabs.org\\\/es\\\/product\\\/tadalafil-cialis-50-comprimidos\\\/#primaryimage\"},\"image\":{\"@id\":\"https:\\\/\\\/asteralabs.org\\\/es\\\/product\\\/tadalafil-cialis-50-comprimidos\\\/#primaryimage\"},\"thumbnailUrl\":\"https:\\\/\\\/asteralabs.org\\\/wp-content\\\/uploads\\\/2023\\\/01\\\/tadalafil-cialis-50-tabs.png\",\"datePublished\":\"2023-01-13T20:24:49+00:00\",\"dateModified\":\"2026-01-15T13:19:44+00:00\",\"breadcrumb\":{\"@id\":\"https:\\\/\\\/asteralabs.org\\\/es\\\/product\\\/tadalafil-cialis-50-comprimidos\\\/#breadcrumb\"},\"inLanguage\":\"es-ES\",\"potentialAction\":[{\"@type\":\"ReadAction\",\"target\":[\"https:\\\/\\\/asteralabs.org\\\/es\\\/product\\\/tadalafil-cialis-50-comprimidos\\\/\"]}]},{\"@type\":\"ImageObject\",\"inLanguage\":\"es-ES\",\"@id\":\"https:\\\/\\\/asteralabs.org\\\/es\\\/product\\\/tadalafil-cialis-50-comprimidos\\\/#primaryimage\",\"url\":\"https:\\\/\\\/asteralabs.org\\\/wp-content\\\/uploads\\\/2023\\\/01\\\/tadalafil-cialis-50-tabs.png\",\"contentUrl\":\"https:\\\/\\\/asteralabs.org\\\/wp-content\\\/uploads\\\/2023\\\/01\\\/tadalafil-cialis-50-tabs.png\",\"width\":2000,\"height\":2000},{\"@type\":\"BreadcrumbList\",\"@id\":\"https:\\\/\\\/asteralabs.org\\\/es\\\/product\\\/tadalafil-cialis-50-comprimidos\\\/#breadcrumb\",\"itemListElement\":[{\"@type\":\"ListItem\",\"position\":1,\"name\":\"Home\",\"item\":\"https:\\\/\\\/asteralabs.org\\\/es\\\/\"},{\"@type\":\"ListItem\",\"position\":2,\"name\":\"Tienda\",\"item\":\"https:\\\/\\\/asteralabs.org\\\/es\\\/tienda\\\/\"},{\"@type\":\"ListItem\",\"position\":3,\"name\":\"Tadalafil (Cialis) 50 comprimidos\"}]},{\"@type\":\"WebSite\",\"@id\":\"https:\\\/\\\/asteralabs.org\\\/es\\\/#website\",\"url\":\"https:\\\/\\\/asteralabs.org\\\/es\\\/\",\"name\":\"Astera Labs\",\"description\":\"Improve Your Quality Of Life\",\"publisher\":{\"@id\":\"https:\\\/\\\/asteralabs.org\\\/es\\\/#organization\"},\"potentialAction\":[{\"@type\":\"SearchAction\",\"target\":{\"@type\":\"EntryPoint\",\"urlTemplate\":\"https:\\\/\\\/asteralabs.org\\\/es\\\/?s={search_term_string}\"},\"query-input\":{\"@type\":\"PropertyValueSpecification\",\"valueRequired\":true,\"valueName\":\"search_term_string\"}}],\"inLanguage\":\"es-ES\"},{\"@type\":\"Organization\",\"@id\":\"https:\\\/\\\/asteralabs.org\\\/es\\\/#organization\",\"name\":\"Astera Labs\",\"url\":\"https:\\\/\\\/asteralabs.org\\\/es\\\/\",\"logo\":{\"@type\":\"ImageObject\",\"inLanguage\":\"es-ES\",\"@id\":\"https:\\\/\\\/asteralabs.org\\\/es\\\/#\\\/schema\\\/logo\\\/image\\\/\",\"url\":\"https:\\\/\\\/asteralabs.org\\\/wp-content\\\/uploads\\\/2022\\\/12\\\/astera-2.png\",\"contentUrl\":\"https:\\\/\\\/asteralabs.org\\\/wp-content\\\/uploads\\\/2022\\\/12\\\/astera-2.png\",\"width\":437,\"height\":111,\"caption\":\"Astera Labs\"},\"image\":{\"@id\":\"https:\\\/\\\/asteralabs.org\\\/es\\\/#\\\/schema\\\/logo\\\/image\\\/\"}}]}<\/script>\n<!-- \/ Yoast SEO plugin. -->","yoast_head_json":{"title":"Tadalafil (Cialis) 50 comprimidos - Astera Labs","robots":{"index":"index","follow":"follow","max-snippet":"max-snippet:-1","max-image-preview":"max-image-preview:large","max-video-preview":"max-video-preview:-1"},"canonical":"https:\/\/asteralabs.org\/es\/product\/tadalafil-cialis-50-comprimidos\/","og_locale":"es_ES","og_type":"article","og_title":"Tadalafil (Cialis) 50 comprimidos - Astera Labs","og_description":"DOSIFICACI\u00d3N: Tadalafilo (Cialis) 20mg\/tab CONTENIDO DEL ENVASE: 1 sobre, 50 tabletas, 20 mg por tableta QU\u00c9 ES: Es uno de los medicamentos m\u00e1s utilizados para el tratamiento de la disfunci\u00f3n er\u00e9ctil junto con la viagra, a diferencia de \u00e9sta, la duraci\u00f3n de su efecto es muy larga, por lo que no es necesario tomarlo con&hellip;","og_url":"https:\/\/asteralabs.org\/es\/product\/tadalafil-cialis-50-comprimidos\/","og_site_name":"Astera Labs","article_modified_time":"2026-01-15T13:19:44+00:00","og_image":[{"width":2000,"height":2000,"url":"https:\/\/asteralabs.org\/wp-content\/uploads\/2023\/01\/tadalafil-cialis-50-tabs.png","type":"image\/png"}],"twitter_card":"summary_large_image","schema":{"@context":"https:\/\/schema.org","@graph":[{"@type":"WebPage","@id":"https:\/\/asteralabs.org\/es\/product\/tadalafil-cialis-50-comprimidos\/","url":"https:\/\/asteralabs.org\/es\/product\/tadalafil-cialis-50-comprimidos\/","name":"Tadalafil (Cialis) 50 comprimidos - Astera Labs","isPartOf":{"@id":"https:\/\/asteralabs.org\/es\/#website"},"primaryImageOfPage":{"@id":"https:\/\/asteralabs.org\/es\/product\/tadalafil-cialis-50-comprimidos\/#primaryimage"},"image":{"@id":"https:\/\/asteralabs.org\/es\/product\/tadalafil-cialis-50-comprimidos\/#primaryimage"},"thumbnailUrl":"https:\/\/asteralabs.org\/wp-content\/uploads\/2023\/01\/tadalafil-cialis-50-tabs.png","datePublished":"2023-01-13T20:24:49+00:00","dateModified":"2026-01-15T13:19:44+00:00","breadcrumb":{"@id":"https:\/\/asteralabs.org\/es\/product\/tadalafil-cialis-50-comprimidos\/#breadcrumb"},"inLanguage":"es-ES","potentialAction":[{"@type":"ReadAction","target":["https:\/\/asteralabs.org\/es\/product\/tadalafil-cialis-50-comprimidos\/"]}]},{"@type":"ImageObject","inLanguage":"es-ES","@id":"https:\/\/asteralabs.org\/es\/product\/tadalafil-cialis-50-comprimidos\/#primaryimage","url":"https:\/\/asteralabs.org\/wp-content\/uploads\/2023\/01\/tadalafil-cialis-50-tabs.png","contentUrl":"https:\/\/asteralabs.org\/wp-content\/uploads\/2023\/01\/tadalafil-cialis-50-tabs.png","width":2000,"height":2000},{"@type":"BreadcrumbList","@id":"https:\/\/asteralabs.org\/es\/product\/tadalafil-cialis-50-comprimidos\/#breadcrumb","itemListElement":[{"@type":"ListItem","position":1,"name":"Home","item":"https:\/\/asteralabs.org\/es\/"},{"@type":"ListItem","position":2,"name":"Tienda","item":"https:\/\/asteralabs.org\/es\/tienda\/"},{"@type":"ListItem","position":3,"name":"Tadalafil (Cialis) 50 comprimidos"}]},{"@type":"WebSite","@id":"https:\/\/asteralabs.org\/es\/#website","url":"https:\/\/asteralabs.org\/es\/","name":"Astera Labs","description":"Improve Your Quality Of Life","publisher":{"@id":"https:\/\/asteralabs.org\/es\/#organization"},"potentialAction":[{"@type":"SearchAction","target":{"@type":"EntryPoint","urlTemplate":"https:\/\/asteralabs.org\/es\/?s={search_term_string}"},"query-input":{"@type":"PropertyValueSpecification","valueRequired":true,"valueName":"search_term_string"}}],"inLanguage":"es-ES"},{"@type":"Organization","@id":"https:\/\/asteralabs.org\/es\/#organization","name":"Astera Labs","url":"https:\/\/asteralabs.org\/es\/","logo":{"@type":"ImageObject","inLanguage":"es-ES","@id":"https:\/\/asteralabs.org\/es\/#\/schema\/logo\/image\/","url":"https:\/\/asteralabs.org\/wp-content\/uploads\/2022\/12\/astera-2.png","contentUrl":"https:\/\/asteralabs.org\/wp-content\/uploads\/2022\/12\/astera-2.png","width":437,"height":111,"caption":"Astera Labs"},"image":{"@id":"https:\/\/asteralabs.org\/es\/#\/schema\/logo\/image\/"}}]}},"_links":{"self":[{"href":"https:\/\/asteralabs.org\/es\/wp-json\/wp\/v2\/product\/78132","targetHints":{"allow":["GET"]}}],"collection":[{"href":"https:\/\/asteralabs.org\/es\/wp-json\/wp\/v2\/product"}],"about":[{"href":"https:\/\/asteralabs.org\/es\/wp-json\/wp\/v2\/types\/product"}],"replies":[{"embeddable":true,"href":"https:\/\/asteralabs.org\/es\/wp-json\/wp\/v2\/comments?post=78132"}],"version-history":[{"count":2,"href":"https:\/\/asteralabs.org\/es\/wp-json\/wp\/v2\/product\/78132\/revisions"}],"predecessor-version":[{"id":79884,"href":"https:\/\/asteralabs.org\/es\/wp-json\/wp\/v2\/product\/78132\/revisions\/79884"}],"wp:featuredmedia":[{"embeddable":true,"href":"https:\/\/asteralabs.org\/es\/wp-json\/wp\/v2\/media\/76541"}],"wp:attachment":[{"href":"https:\/\/asteralabs.org\/es\/wp-json\/wp\/v2\/media?parent=78132"}],"wp:term":[{"taxonomy":"product_brand","embeddable":true,"href":"https:\/\/asteralabs.org\/es\/wp-json\/wp\/v2\/product_brand?post=78132"},{"taxonomy":"product_cat","embeddable":true,"href":"https:\/\/asteralabs.org\/es\/wp-json\/wp\/v2\/product_cat?post=78132"},{"taxonomy":"product_tag","embeddable":true,"href":"https:\/\/asteralabs.org\/es\/wp-json\/wp\/v2\/product_tag?post=78132"}],"curies":[{"name":"wp","href":"https:\/\/api.w.org\/{rel}","templated":true}]}}