{"id":78156,"date":"2023-01-10T22:58:54","date_gmt":"2023-01-10T22:58:54","guid":{"rendered":"https:\/\/asteralabs.org\/product\/metiltrenbolona\/"},"modified":"2026-01-16T10:13:43","modified_gmt":"2026-01-16T10:13:43","slug":"metiltrenbolona","status":"publish","type":"product","link":"https:\/\/asteralabs.org\/es\/product\/metiltrenbolona\/","title":{"rendered":"Metiltrembolona"},"content":{"rendered":"<p><strong>DOSIFICACI\u00d3N: <\/strong><br \/>\nMetiltrenbolona 1mg\/pesta\u00f1a <strong>CONTENIDO DEL ENVASE: <\/strong><br \/>\n1 taco, 50 pesta\u00f1as,1mg por pesta\u00f1a <strong>QU\u00c9 ES: <\/strong><br \/>\nLa metribolona es un esteroide anabolizante-androg\u00e9nico (AAS) sint\u00e9tico y activo por v\u00eda oral, y un derivado 17\u03b1-alquilado de la nandrolona (19-nortestosterona). Es uno de los esteroides m\u00e1s potentes y t\u00f3xicos que existen, los cambios en la fuerza y la est\u00e9tica que se observan con su uso son impresionantes. <strong>C\u00d3MO USARLO: <\/strong><br \/>\nLas dosis diarias var\u00edan entre 500-1000mcg divididos en 2 tomas, aunque la mayor\u00eda de los usuarios lo utilizan unas horas antes del entrenamiento. No se recomienda usarlo m\u00e1s de 2 semanas seguidas, es obligatorio usar un protector hep\u00e1tico como TUDCA, para evitar efectos secundarios psicol\u00f3gicos ser\u00eda recomendable usar SAME ya que es muy \u00fatil a nivel hep\u00e1tico y a nivel emocional tambi\u00e9n. <strong>INFORMACI\u00d3N DEL LOTE:<br \/>\n<\/strong>N\u00ba de lote: <span data-sheets-root=\"1\" data-sheets-value=\"{\" data-sheets-userformat=\"{\">RM67280<\/span><br \/>\nFecha de fabricaci\u00f3n: <span data-sheets-root=\"1\" data-sheets-value=\"{\" data-sheets-userformat=\"{\">10.2025.<\/span><br \/>\nFecha de caducidad: <span data-sheets-root=\"1\" data-sheets-value=\"{\" data-sheets-userformat=\"{\">10.2028.<\/span><\/p>\n","protected":false},"excerpt":{"rendered":"<p>DOSIFICACI\u00d3N: Metiltrenbolona 1mg\/pesta\u00f1a CONTENIDO DEL ENVASE: 1 taco, 50 pesta\u00f1as,1mg por pesta\u00f1a QU\u00c9 ES: La metribolona es un esteroide anabolizante-androg\u00e9nico (AAS) sint\u00e9tico y activo por v\u00eda oral, y un derivado 17\u03b1-alquilado de la nandrolona (19-nortestosterona). Es uno de los esteroides m\u00e1s potentes y t\u00f3xicos que existen, los cambios en la fuerza y la est\u00e9tica que&hellip;<\/p>\n","protected":false},"featured_media":76309,"comment_status":"open","ping_status":"closed","template":"","meta":{"_acf_changed":false},"product_brand":[],"product_cat":[164,173],"product_tag":[],"class_list":{"0":"post-78156","1":"product","2":"type-product","3":"status-publish","4":"has-post-thumbnail","6":"product_cat-all-es","7":"product_cat-orals-es","8":"description-off","10":"first","11":"instock","12":"shipping-taxable","13":"product-type-simple"},"acf":[],"yoast_head":"<!-- This site is optimized with the Yoast SEO plugin v27.4 - https:\/\/yoast.com\/product\/yoast-seo-wordpress\/ -->\n<title>Metiltrembolona - Astera Labs<\/title>\n<meta name=\"robots\" content=\"index, follow, max-snippet:-1, max-image-preview:large, max-video-preview:-1\" \/>\n<link rel=\"canonical\" href=\"https:\/\/asteralabs.org\/es\/product\/metiltrenbolona\/\" \/>\n<meta property=\"og:locale\" content=\"es_ES\" \/>\n<meta property=\"og:type\" content=\"article\" \/>\n<meta property=\"og:title\" content=\"Metiltrembolona - Astera Labs\" \/>\n<meta property=\"og:description\" content=\"DOSIFICACI\u00d3N: Metiltrenbolona 1mg\/pesta\u00f1a CONTENIDO DEL ENVASE: 1 taco, 50 pesta\u00f1as,1mg por pesta\u00f1a QU\u00c9 ES: La metribolona es un esteroide anabolizante-androg\u00e9nico (AAS) sint\u00e9tico y activo por v\u00eda oral, y un derivado 17\u03b1-alquilado de la nandrolona (19-nortestosterona). Es uno de los esteroides m\u00e1s potentes y t\u00f3xicos que existen, los cambios en la fuerza y la est\u00e9tica que&hellip;\" \/>\n<meta property=\"og:url\" content=\"https:\/\/asteralabs.org\/es\/product\/metiltrenbolona\/\" \/>\n<meta property=\"og:site_name\" content=\"Astera Labs\" \/>\n<meta property=\"article:modified_time\" content=\"2026-01-16T10:13:43+00:00\" \/>\n<meta property=\"og:image\" content=\"https:\/\/asteralabs.org\/wp-content\/uploads\/2023\/01\/Methyltrenbolone-mockup-nbg.png\" \/>\n\t<meta property=\"og:image:width\" content=\"2000\" \/>\n\t<meta property=\"og:image:height\" content=\"2000\" \/>\n\t<meta property=\"og:image:type\" content=\"image\/png\" \/>\n<meta name=\"twitter:card\" content=\"summary_large_image\" \/>\n<script type=\"application\/ld+json\" class=\"yoast-schema-graph\">{\"@context\":\"https:\\\/\\\/schema.org\",\"@graph\":[{\"@type\":\"WebPage\",\"@id\":\"https:\\\/\\\/asteralabs.org\\\/es\\\/product\\\/metiltrenbolona\\\/\",\"url\":\"https:\\\/\\\/asteralabs.org\\\/es\\\/product\\\/metiltrenbolona\\\/\",\"name\":\"Metiltrembolona - Astera Labs\",\"isPartOf\":{\"@id\":\"https:\\\/\\\/asteralabs.org\\\/es\\\/#website\"},\"primaryImageOfPage\":{\"@id\":\"https:\\\/\\\/asteralabs.org\\\/es\\\/product\\\/metiltrenbolona\\\/#primaryimage\"},\"image\":{\"@id\":\"https:\\\/\\\/asteralabs.org\\\/es\\\/product\\\/metiltrenbolona\\\/#primaryimage\"},\"thumbnailUrl\":\"https:\\\/\\\/asteralabs.org\\\/wp-content\\\/uploads\\\/2023\\\/01\\\/Methyltrenbolone-mockup-nbg.png\",\"datePublished\":\"2023-01-10T22:58:54+00:00\",\"dateModified\":\"2026-01-16T10:13:43+00:00\",\"breadcrumb\":{\"@id\":\"https:\\\/\\\/asteralabs.org\\\/es\\\/product\\\/metiltrenbolona\\\/#breadcrumb\"},\"inLanguage\":\"es-ES\",\"potentialAction\":[{\"@type\":\"ReadAction\",\"target\":[\"https:\\\/\\\/asteralabs.org\\\/es\\\/product\\\/metiltrenbolona\\\/\"]}]},{\"@type\":\"ImageObject\",\"inLanguage\":\"es-ES\",\"@id\":\"https:\\\/\\\/asteralabs.org\\\/es\\\/product\\\/metiltrenbolona\\\/#primaryimage\",\"url\":\"https:\\\/\\\/asteralabs.org\\\/wp-content\\\/uploads\\\/2023\\\/01\\\/Methyltrenbolone-mockup-nbg.png\",\"contentUrl\":\"https:\\\/\\\/asteralabs.org\\\/wp-content\\\/uploads\\\/2023\\\/01\\\/Methyltrenbolone-mockup-nbg.png\",\"width\":2000,\"height\":2000},{\"@type\":\"BreadcrumbList\",\"@id\":\"https:\\\/\\\/asteralabs.org\\\/es\\\/product\\\/metiltrenbolona\\\/#breadcrumb\",\"itemListElement\":[{\"@type\":\"ListItem\",\"position\":1,\"name\":\"Home\",\"item\":\"https:\\\/\\\/asteralabs.org\\\/es\\\/\"},{\"@type\":\"ListItem\",\"position\":2,\"name\":\"Tienda\",\"item\":\"https:\\\/\\\/asteralabs.org\\\/es\\\/tienda\\\/\"},{\"@type\":\"ListItem\",\"position\":3,\"name\":\"Metiltrembolona\"}]},{\"@type\":\"WebSite\",\"@id\":\"https:\\\/\\\/asteralabs.org\\\/es\\\/#website\",\"url\":\"https:\\\/\\\/asteralabs.org\\\/es\\\/\",\"name\":\"Astera Labs\",\"description\":\"Improve Your Quality Of Life\",\"publisher\":{\"@id\":\"https:\\\/\\\/asteralabs.org\\\/es\\\/#organization\"},\"potentialAction\":[{\"@type\":\"SearchAction\",\"target\":{\"@type\":\"EntryPoint\",\"urlTemplate\":\"https:\\\/\\\/asteralabs.org\\\/es\\\/?s={search_term_string}\"},\"query-input\":{\"@type\":\"PropertyValueSpecification\",\"valueRequired\":true,\"valueName\":\"search_term_string\"}}],\"inLanguage\":\"es-ES\"},{\"@type\":\"Organization\",\"@id\":\"https:\\\/\\\/asteralabs.org\\\/es\\\/#organization\",\"name\":\"Astera Labs\",\"url\":\"https:\\\/\\\/asteralabs.org\\\/es\\\/\",\"logo\":{\"@type\":\"ImageObject\",\"inLanguage\":\"es-ES\",\"@id\":\"https:\\\/\\\/asteralabs.org\\\/es\\\/#\\\/schema\\\/logo\\\/image\\\/\",\"url\":\"https:\\\/\\\/asteralabs.org\\\/wp-content\\\/uploads\\\/2022\\\/12\\\/astera-2.png\",\"contentUrl\":\"https:\\\/\\\/asteralabs.org\\\/wp-content\\\/uploads\\\/2022\\\/12\\\/astera-2.png\",\"width\":437,\"height\":111,\"caption\":\"Astera Labs\"},\"image\":{\"@id\":\"https:\\\/\\\/asteralabs.org\\\/es\\\/#\\\/schema\\\/logo\\\/image\\\/\"}}]}<\/script>\n<!-- \/ Yoast SEO plugin. -->","yoast_head_json":{"title":"Metiltrembolona - Astera Labs","robots":{"index":"index","follow":"follow","max-snippet":"max-snippet:-1","max-image-preview":"max-image-preview:large","max-video-preview":"max-video-preview:-1"},"canonical":"https:\/\/asteralabs.org\/es\/product\/metiltrenbolona\/","og_locale":"es_ES","og_type":"article","og_title":"Metiltrembolona - Astera Labs","og_description":"DOSIFICACI\u00d3N: Metiltrenbolona 1mg\/pesta\u00f1a CONTENIDO DEL ENVASE: 1 taco, 50 pesta\u00f1as,1mg por pesta\u00f1a QU\u00c9 ES: La metribolona es un esteroide anabolizante-androg\u00e9nico (AAS) sint\u00e9tico y activo por v\u00eda oral, y un derivado 17\u03b1-alquilado de la nandrolona (19-nortestosterona). Es uno de los esteroides m\u00e1s potentes y t\u00f3xicos que existen, los cambios en la fuerza y la est\u00e9tica que&hellip;","og_url":"https:\/\/asteralabs.org\/es\/product\/metiltrenbolona\/","og_site_name":"Astera Labs","article_modified_time":"2026-01-16T10:13:43+00:00","og_image":[{"width":2000,"height":2000,"url":"https:\/\/asteralabs.org\/wp-content\/uploads\/2023\/01\/Methyltrenbolone-mockup-nbg.png","type":"image\/png"}],"twitter_card":"summary_large_image","schema":{"@context":"https:\/\/schema.org","@graph":[{"@type":"WebPage","@id":"https:\/\/asteralabs.org\/es\/product\/metiltrenbolona\/","url":"https:\/\/asteralabs.org\/es\/product\/metiltrenbolona\/","name":"Metiltrembolona - Astera Labs","isPartOf":{"@id":"https:\/\/asteralabs.org\/es\/#website"},"primaryImageOfPage":{"@id":"https:\/\/asteralabs.org\/es\/product\/metiltrenbolona\/#primaryimage"},"image":{"@id":"https:\/\/asteralabs.org\/es\/product\/metiltrenbolona\/#primaryimage"},"thumbnailUrl":"https:\/\/asteralabs.org\/wp-content\/uploads\/2023\/01\/Methyltrenbolone-mockup-nbg.png","datePublished":"2023-01-10T22:58:54+00:00","dateModified":"2026-01-16T10:13:43+00:00","breadcrumb":{"@id":"https:\/\/asteralabs.org\/es\/product\/metiltrenbolona\/#breadcrumb"},"inLanguage":"es-ES","potentialAction":[{"@type":"ReadAction","target":["https:\/\/asteralabs.org\/es\/product\/metiltrenbolona\/"]}]},{"@type":"ImageObject","inLanguage":"es-ES","@id":"https:\/\/asteralabs.org\/es\/product\/metiltrenbolona\/#primaryimage","url":"https:\/\/asteralabs.org\/wp-content\/uploads\/2023\/01\/Methyltrenbolone-mockup-nbg.png","contentUrl":"https:\/\/asteralabs.org\/wp-content\/uploads\/2023\/01\/Methyltrenbolone-mockup-nbg.png","width":2000,"height":2000},{"@type":"BreadcrumbList","@id":"https:\/\/asteralabs.org\/es\/product\/metiltrenbolona\/#breadcrumb","itemListElement":[{"@type":"ListItem","position":1,"name":"Home","item":"https:\/\/asteralabs.org\/es\/"},{"@type":"ListItem","position":2,"name":"Tienda","item":"https:\/\/asteralabs.org\/es\/tienda\/"},{"@type":"ListItem","position":3,"name":"Metiltrembolona"}]},{"@type":"WebSite","@id":"https:\/\/asteralabs.org\/es\/#website","url":"https:\/\/asteralabs.org\/es\/","name":"Astera Labs","description":"Improve Your Quality Of Life","publisher":{"@id":"https:\/\/asteralabs.org\/es\/#organization"},"potentialAction":[{"@type":"SearchAction","target":{"@type":"EntryPoint","urlTemplate":"https:\/\/asteralabs.org\/es\/?s={search_term_string}"},"query-input":{"@type":"PropertyValueSpecification","valueRequired":true,"valueName":"search_term_string"}}],"inLanguage":"es-ES"},{"@type":"Organization","@id":"https:\/\/asteralabs.org\/es\/#organization","name":"Astera Labs","url":"https:\/\/asteralabs.org\/es\/","logo":{"@type":"ImageObject","inLanguage":"es-ES","@id":"https:\/\/asteralabs.org\/es\/#\/schema\/logo\/image\/","url":"https:\/\/asteralabs.org\/wp-content\/uploads\/2022\/12\/astera-2.png","contentUrl":"https:\/\/asteralabs.org\/wp-content\/uploads\/2022\/12\/astera-2.png","width":437,"height":111,"caption":"Astera Labs"},"image":{"@id":"https:\/\/asteralabs.org\/es\/#\/schema\/logo\/image\/"}}]}},"_links":{"self":[{"href":"https:\/\/asteralabs.org\/es\/wp-json\/wp\/v2\/product\/78156","targetHints":{"allow":["GET"]}}],"collection":[{"href":"https:\/\/asteralabs.org\/es\/wp-json\/wp\/v2\/product"}],"about":[{"href":"https:\/\/asteralabs.org\/es\/wp-json\/wp\/v2\/types\/product"}],"replies":[{"embeddable":true,"href":"https:\/\/asteralabs.org\/es\/wp-json\/wp\/v2\/comments?post=78156"}],"version-history":[{"count":1,"href":"https:\/\/asteralabs.org\/es\/wp-json\/wp\/v2\/product\/78156\/revisions"}],"predecessor-version":[{"id":78676,"href":"https:\/\/asteralabs.org\/es\/wp-json\/wp\/v2\/product\/78156\/revisions\/78676"}],"wp:featuredmedia":[{"embeddable":true,"href":"https:\/\/asteralabs.org\/es\/wp-json\/wp\/v2\/media\/76309"}],"wp:attachment":[{"href":"https:\/\/asteralabs.org\/es\/wp-json\/wp\/v2\/media?parent=78156"}],"wp:term":[{"taxonomy":"product_brand","embeddable":true,"href":"https:\/\/asteralabs.org\/es\/wp-json\/wp\/v2\/product_brand?post=78156"},{"taxonomy":"product_cat","embeddable":true,"href":"https:\/\/asteralabs.org\/es\/wp-json\/wp\/v2\/product_cat?post=78156"},{"taxonomy":"product_tag","embeddable":true,"href":"https:\/\/asteralabs.org\/es\/wp-json\/wp\/v2\/product_tag?post=78156"}],"curies":[{"name":"wp","href":"https:\/\/api.w.org\/{rel}","templated":true}]}}