{"id":78184,"date":"2023-01-10T22:54:15","date_gmt":"2023-01-10T22:54:15","guid":{"rendered":"https:\/\/asteralabs.org\/product\/levotiroxina-sodica-t4\/"},"modified":"2026-01-16T09:31:22","modified_gmt":"2026-01-16T09:31:22","slug":"levotiroxina-sodica-t4","status":"publish","type":"product","link":"https:\/\/asteralabs.org\/es\/product\/levotiroxina-sodica-t4\/","title":{"rendered":"Levotiroxina s\u00f3dica (T4)"},"content":{"rendered":"<p><strong>DOSIFICACI\u00d3N: <\/strong><br \/>\nLevotiroxina s\u00f3dica (T4) 50mcg\/pesta\u00f1a <strong>CONTENIDO DEL ENVASE: <\/strong><br \/>\n1 sobre, 50 pesta\u00f1as, 50mcg por pesta\u00f1a <strong>QU\u00c9 ES: <\/strong><br \/>\nLa tiroxina, tambi\u00e9n llamada tetrayodotironina (normalmente abreviada T4), es el principal tipo de hormona tiroidea segregada por las c\u00e9lulas foliculares de la gl\u00e1ndula tiroides. Se utiliza para aumentar la tasa metab\u00f3lica basal, favoreciendo la p\u00e9rdida de peso y grasa. <strong>MODO DE EMPLEO: <\/strong><br \/>\nSu dosis de uso depender\u00e1 del uso que se le quiera dar. Si lo que queremos es simplemente utilizarla para evitar una cierta adaptaci\u00f3n a nivel de la tasa metab\u00f3lica basal, lim\u00edtate a utilizar la T4 a una dosis diaria de entre 12,5 y 50mcg diarios . Si queremos utilizarla para aumentar significativamente la tasa metab\u00f3lica basal, la dosis a utilizar ser\u00e1 de 250mcg diarios. La dosis se toma una vez al d\u00eda con el est\u00f3mago vac\u00edo. <strong>INFORMACI\u00d3N DEL LOTE:<br \/>\n<\/strong>N\u00ba de lote: <span data-sheets-root=\"1\" data-sheets-value=\"{\" data-sheets-userformat=\"{\">XE28298<\/span><br \/>\nFecha de fabricaci\u00f3n: <span data-sheets-root=\"1\" data-sheets-value=\"{\" data-sheets-userformat=\"{\">10.2025.<\/span><br \/>\nFecha de caducidad: <span data-sheets-root=\"1\" data-sheets-value=\"{\" data-sheets-userformat=\"{\">10.2028.<\/span><\/p>\n","protected":false},"excerpt":{"rendered":"<p>DOSIFICACI\u00d3N: Levotiroxina s\u00f3dica (T4) 50mcg\/pesta\u00f1a CONTENIDO DEL ENVASE: 1 sobre, 50 pesta\u00f1as, 50mcg por pesta\u00f1a QU\u00c9 ES: La tiroxina, tambi\u00e9n llamada tetrayodotironina (normalmente abreviada T4), es el principal tipo de hormona tiroidea segregada por las c\u00e9lulas foliculares de la gl\u00e1ndula tiroides. Se utiliza para aumentar la tasa metab\u00f3lica basal, favoreciendo la p\u00e9rdida de peso y&hellip;<\/p>\n","protected":false},"featured_media":76069,"comment_status":"open","ping_status":"closed","template":"","meta":{"_acf_changed":false},"product_brand":[],"product_cat":[164,173],"product_tag":[],"class_list":{"0":"post-78184","1":"product","2":"type-product","3":"status-publish","4":"has-post-thumbnail","6":"product_cat-all-es","7":"product_cat-orals-es","8":"description-off","10":"first","11":"instock","12":"shipping-taxable","13":"product-type-simple"},"acf":[],"yoast_head":"<!-- This site is optimized with the Yoast SEO plugin v27.4 - https:\/\/yoast.com\/product\/yoast-seo-wordpress\/ -->\n<title>Levotiroxina s\u00f3dica (T4) - Astera Labs<\/title>\n<meta name=\"robots\" content=\"index, follow, max-snippet:-1, max-image-preview:large, max-video-preview:-1\" \/>\n<link rel=\"canonical\" href=\"https:\/\/asteralabs.org\/es\/product\/levotiroxina-sodica-t4\/\" \/>\n<meta property=\"og:locale\" content=\"es_ES\" \/>\n<meta property=\"og:type\" content=\"article\" \/>\n<meta property=\"og:title\" content=\"Levotiroxina s\u00f3dica (T4) - Astera Labs\" \/>\n<meta property=\"og:description\" content=\"DOSIFICACI\u00d3N: Levotiroxina s\u00f3dica (T4) 50mcg\/pesta\u00f1a CONTENIDO DEL ENVASE: 1 sobre, 50 pesta\u00f1as, 50mcg por pesta\u00f1a QU\u00c9 ES: La tiroxina, tambi\u00e9n llamada tetrayodotironina (normalmente abreviada T4), es el principal tipo de hormona tiroidea segregada por las c\u00e9lulas foliculares de la gl\u00e1ndula tiroides. Se utiliza para aumentar la tasa metab\u00f3lica basal, favoreciendo la p\u00e9rdida de peso y&hellip;\" \/>\n<meta property=\"og:url\" content=\"https:\/\/asteralabs.org\/es\/product\/levotiroxina-sodica-t4\/\" \/>\n<meta property=\"og:site_name\" content=\"Astera Labs\" \/>\n<meta property=\"article:modified_time\" content=\"2026-01-16T09:31:22+00:00\" \/>\n<meta property=\"og:image\" content=\"https:\/\/asteralabs.org\/wp-content\/uploads\/2023\/01\/T4-mockup-nbg.png\" \/>\n\t<meta property=\"og:image:width\" content=\"2000\" \/>\n\t<meta property=\"og:image:height\" content=\"2000\" \/>\n\t<meta property=\"og:image:type\" content=\"image\/png\" \/>\n<meta name=\"twitter:card\" content=\"summary_large_image\" \/>\n<script type=\"application\/ld+json\" class=\"yoast-schema-graph\">{\"@context\":\"https:\\\/\\\/schema.org\",\"@graph\":[{\"@type\":\"WebPage\",\"@id\":\"https:\\\/\\\/asteralabs.org\\\/es\\\/product\\\/levotiroxina-sodica-t4\\\/\",\"url\":\"https:\\\/\\\/asteralabs.org\\\/es\\\/product\\\/levotiroxina-sodica-t4\\\/\",\"name\":\"Levotiroxina s\u00f3dica (T4) - Astera Labs\",\"isPartOf\":{\"@id\":\"https:\\\/\\\/asteralabs.org\\\/es\\\/#website\"},\"primaryImageOfPage\":{\"@id\":\"https:\\\/\\\/asteralabs.org\\\/es\\\/product\\\/levotiroxina-sodica-t4\\\/#primaryimage\"},\"image\":{\"@id\":\"https:\\\/\\\/asteralabs.org\\\/es\\\/product\\\/levotiroxina-sodica-t4\\\/#primaryimage\"},\"thumbnailUrl\":\"https:\\\/\\\/asteralabs.org\\\/wp-content\\\/uploads\\\/2023\\\/01\\\/T4-mockup-nbg.png\",\"datePublished\":\"2023-01-10T22:54:15+00:00\",\"dateModified\":\"2026-01-16T09:31:22+00:00\",\"breadcrumb\":{\"@id\":\"https:\\\/\\\/asteralabs.org\\\/es\\\/product\\\/levotiroxina-sodica-t4\\\/#breadcrumb\"},\"inLanguage\":\"es-ES\",\"potentialAction\":[{\"@type\":\"ReadAction\",\"target\":[\"https:\\\/\\\/asteralabs.org\\\/es\\\/product\\\/levotiroxina-sodica-t4\\\/\"]}]},{\"@type\":\"ImageObject\",\"inLanguage\":\"es-ES\",\"@id\":\"https:\\\/\\\/asteralabs.org\\\/es\\\/product\\\/levotiroxina-sodica-t4\\\/#primaryimage\",\"url\":\"https:\\\/\\\/asteralabs.org\\\/wp-content\\\/uploads\\\/2023\\\/01\\\/T4-mockup-nbg.png\",\"contentUrl\":\"https:\\\/\\\/asteralabs.org\\\/wp-content\\\/uploads\\\/2023\\\/01\\\/T4-mockup-nbg.png\",\"width\":2000,\"height\":2000},{\"@type\":\"BreadcrumbList\",\"@id\":\"https:\\\/\\\/asteralabs.org\\\/es\\\/product\\\/levotiroxina-sodica-t4\\\/#breadcrumb\",\"itemListElement\":[{\"@type\":\"ListItem\",\"position\":1,\"name\":\"Home\",\"item\":\"https:\\\/\\\/asteralabs.org\\\/es\\\/\"},{\"@type\":\"ListItem\",\"position\":2,\"name\":\"Tienda\",\"item\":\"https:\\\/\\\/asteralabs.org\\\/es\\\/tienda\\\/\"},{\"@type\":\"ListItem\",\"position\":3,\"name\":\"Levotiroxina s\u00f3dica (T4)\"}]},{\"@type\":\"WebSite\",\"@id\":\"https:\\\/\\\/asteralabs.org\\\/es\\\/#website\",\"url\":\"https:\\\/\\\/asteralabs.org\\\/es\\\/\",\"name\":\"Astera Labs\",\"description\":\"Improve Your Quality Of Life\",\"publisher\":{\"@id\":\"https:\\\/\\\/asteralabs.org\\\/es\\\/#organization\"},\"potentialAction\":[{\"@type\":\"SearchAction\",\"target\":{\"@type\":\"EntryPoint\",\"urlTemplate\":\"https:\\\/\\\/asteralabs.org\\\/es\\\/?s={search_term_string}\"},\"query-input\":{\"@type\":\"PropertyValueSpecification\",\"valueRequired\":true,\"valueName\":\"search_term_string\"}}],\"inLanguage\":\"es-ES\"},{\"@type\":\"Organization\",\"@id\":\"https:\\\/\\\/asteralabs.org\\\/es\\\/#organization\",\"name\":\"Astera Labs\",\"url\":\"https:\\\/\\\/asteralabs.org\\\/es\\\/\",\"logo\":{\"@type\":\"ImageObject\",\"inLanguage\":\"es-ES\",\"@id\":\"https:\\\/\\\/asteralabs.org\\\/es\\\/#\\\/schema\\\/logo\\\/image\\\/\",\"url\":\"https:\\\/\\\/asteralabs.org\\\/wp-content\\\/uploads\\\/2022\\\/12\\\/astera-2.png\",\"contentUrl\":\"https:\\\/\\\/asteralabs.org\\\/wp-content\\\/uploads\\\/2022\\\/12\\\/astera-2.png\",\"width\":437,\"height\":111,\"caption\":\"Astera Labs\"},\"image\":{\"@id\":\"https:\\\/\\\/asteralabs.org\\\/es\\\/#\\\/schema\\\/logo\\\/image\\\/\"}}]}<\/script>\n<!-- \/ Yoast SEO plugin. -->","yoast_head_json":{"title":"Levotiroxina s\u00f3dica (T4) - Astera Labs","robots":{"index":"index","follow":"follow","max-snippet":"max-snippet:-1","max-image-preview":"max-image-preview:large","max-video-preview":"max-video-preview:-1"},"canonical":"https:\/\/asteralabs.org\/es\/product\/levotiroxina-sodica-t4\/","og_locale":"es_ES","og_type":"article","og_title":"Levotiroxina s\u00f3dica (T4) - Astera Labs","og_description":"DOSIFICACI\u00d3N: Levotiroxina s\u00f3dica (T4) 50mcg\/pesta\u00f1a CONTENIDO DEL ENVASE: 1 sobre, 50 pesta\u00f1as, 50mcg por pesta\u00f1a QU\u00c9 ES: La tiroxina, tambi\u00e9n llamada tetrayodotironina (normalmente abreviada T4), es el principal tipo de hormona tiroidea segregada por las c\u00e9lulas foliculares de la gl\u00e1ndula tiroides. Se utiliza para aumentar la tasa metab\u00f3lica basal, favoreciendo la p\u00e9rdida de peso y&hellip;","og_url":"https:\/\/asteralabs.org\/es\/product\/levotiroxina-sodica-t4\/","og_site_name":"Astera Labs","article_modified_time":"2026-01-16T09:31:22+00:00","og_image":[{"width":2000,"height":2000,"url":"https:\/\/asteralabs.org\/wp-content\/uploads\/2023\/01\/T4-mockup-nbg.png","type":"image\/png"}],"twitter_card":"summary_large_image","schema":{"@context":"https:\/\/schema.org","@graph":[{"@type":"WebPage","@id":"https:\/\/asteralabs.org\/es\/product\/levotiroxina-sodica-t4\/","url":"https:\/\/asteralabs.org\/es\/product\/levotiroxina-sodica-t4\/","name":"Levotiroxina s\u00f3dica (T4) - Astera Labs","isPartOf":{"@id":"https:\/\/asteralabs.org\/es\/#website"},"primaryImageOfPage":{"@id":"https:\/\/asteralabs.org\/es\/product\/levotiroxina-sodica-t4\/#primaryimage"},"image":{"@id":"https:\/\/asteralabs.org\/es\/product\/levotiroxina-sodica-t4\/#primaryimage"},"thumbnailUrl":"https:\/\/asteralabs.org\/wp-content\/uploads\/2023\/01\/T4-mockup-nbg.png","datePublished":"2023-01-10T22:54:15+00:00","dateModified":"2026-01-16T09:31:22+00:00","breadcrumb":{"@id":"https:\/\/asteralabs.org\/es\/product\/levotiroxina-sodica-t4\/#breadcrumb"},"inLanguage":"es-ES","potentialAction":[{"@type":"ReadAction","target":["https:\/\/asteralabs.org\/es\/product\/levotiroxina-sodica-t4\/"]}]},{"@type":"ImageObject","inLanguage":"es-ES","@id":"https:\/\/asteralabs.org\/es\/product\/levotiroxina-sodica-t4\/#primaryimage","url":"https:\/\/asteralabs.org\/wp-content\/uploads\/2023\/01\/T4-mockup-nbg.png","contentUrl":"https:\/\/asteralabs.org\/wp-content\/uploads\/2023\/01\/T4-mockup-nbg.png","width":2000,"height":2000},{"@type":"BreadcrumbList","@id":"https:\/\/asteralabs.org\/es\/product\/levotiroxina-sodica-t4\/#breadcrumb","itemListElement":[{"@type":"ListItem","position":1,"name":"Home","item":"https:\/\/asteralabs.org\/es\/"},{"@type":"ListItem","position":2,"name":"Tienda","item":"https:\/\/asteralabs.org\/es\/tienda\/"},{"@type":"ListItem","position":3,"name":"Levotiroxina s\u00f3dica (T4)"}]},{"@type":"WebSite","@id":"https:\/\/asteralabs.org\/es\/#website","url":"https:\/\/asteralabs.org\/es\/","name":"Astera Labs","description":"Improve Your Quality Of Life","publisher":{"@id":"https:\/\/asteralabs.org\/es\/#organization"},"potentialAction":[{"@type":"SearchAction","target":{"@type":"EntryPoint","urlTemplate":"https:\/\/asteralabs.org\/es\/?s={search_term_string}"},"query-input":{"@type":"PropertyValueSpecification","valueRequired":true,"valueName":"search_term_string"}}],"inLanguage":"es-ES"},{"@type":"Organization","@id":"https:\/\/asteralabs.org\/es\/#organization","name":"Astera Labs","url":"https:\/\/asteralabs.org\/es\/","logo":{"@type":"ImageObject","inLanguage":"es-ES","@id":"https:\/\/asteralabs.org\/es\/#\/schema\/logo\/image\/","url":"https:\/\/asteralabs.org\/wp-content\/uploads\/2022\/12\/astera-2.png","contentUrl":"https:\/\/asteralabs.org\/wp-content\/uploads\/2022\/12\/astera-2.png","width":437,"height":111,"caption":"Astera Labs"},"image":{"@id":"https:\/\/asteralabs.org\/es\/#\/schema\/logo\/image\/"}}]}},"_links":{"self":[{"href":"https:\/\/asteralabs.org\/es\/wp-json\/wp\/v2\/product\/78184","targetHints":{"allow":["GET"]}}],"collection":[{"href":"https:\/\/asteralabs.org\/es\/wp-json\/wp\/v2\/product"}],"about":[{"href":"https:\/\/asteralabs.org\/es\/wp-json\/wp\/v2\/types\/product"}],"replies":[{"embeddable":true,"href":"https:\/\/asteralabs.org\/es\/wp-json\/wp\/v2\/comments?post=78184"}],"version-history":[{"count":0,"href":"https:\/\/asteralabs.org\/es\/wp-json\/wp\/v2\/product\/78184\/revisions"}],"wp:featuredmedia":[{"embeddable":true,"href":"https:\/\/asteralabs.org\/es\/wp-json\/wp\/v2\/media\/76069"}],"wp:attachment":[{"href":"https:\/\/asteralabs.org\/es\/wp-json\/wp\/v2\/media?parent=78184"}],"wp:term":[{"taxonomy":"product_brand","embeddable":true,"href":"https:\/\/asteralabs.org\/es\/wp-json\/wp\/v2\/product_brand?post=78184"},{"taxonomy":"product_cat","embeddable":true,"href":"https:\/\/asteralabs.org\/es\/wp-json\/wp\/v2\/product_cat?post=78184"},{"taxonomy":"product_tag","embeddable":true,"href":"https:\/\/asteralabs.org\/es\/wp-json\/wp\/v2\/product_tag?post=78184"}],"curies":[{"name":"wp","href":"https:\/\/api.w.org\/{rel}","templated":true}]}}