{"id":78189,"date":"2023-01-10T22:53:33","date_gmt":"2023-01-10T22:53:33","guid":{"rendered":"https:\/\/asteralabs.org\/product\/liotironina-sodica-t3\/"},"modified":"2026-01-16T09:24:44","modified_gmt":"2026-01-16T09:24:44","slug":"liotironina-sodica-t3","status":"publish","type":"product","link":"https:\/\/asteralabs.org\/es\/product\/liotironina-sodica-t3\/","title":{"rendered":"Liotironina s\u00f3dica (T3)"},"content":{"rendered":"<p><strong>DOSIFICACI\u00d3N: <\/strong><br \/>\nLiotironina s\u00f3dica (T3) 25mcg\/pesta\u00f1a <strong>CONTENIDO DEL ENVASE: <\/strong><br \/>\n1 sobre, 50 pesta\u00f1as, 25mcg por pesta\u00f1a <strong>QU\u00c9 ES: <\/strong><br \/>\nLa triyodotironina, tambi\u00e9n conocida como T3, es una hormona tiroidea. Afecta a casi todos los procesos fisiol\u00f3gicos del organismo, como el crecimiento y el desarrollo, el metabolismo, la temperatura corporal y la frecuencia cardiaca. Se utiliza para aumentar la tasa metab\u00f3lica basal, favoreciendo la p\u00e9rdida de peso y grasa. <strong>C\u00d3MO USARLO: <\/strong><br \/>\nSi queremos utilizarlo para aumentar significativamente la tasa metab\u00f3lica basal, la dosis a utilizar ser\u00e1 de 62,5mcg diarios, dosis inferiores pueden funcionar, pero seg\u00fan los ensayos cl\u00ednicos \u00e9sta deber\u00eda ser la mejor dosis para los que quieren hacer un cambio.<br \/>\nLa dosis se toma una vez al d\u00eda con el est\u00f3mago vac\u00edo.<\/p>\n<p><strong>INFORMACI\u00d3N DEL LOTE:<br \/>\n<\/strong>N\u00ba de lote: <span data-sheets-root=\"1\" data-sheets-value=\"{\" data-sheets-userformat=\"{\">ZD82095<\/span><br \/>\nFecha de fabricaci\u00f3n: <span data-sheets-root=\"1\" data-sheets-value=\"{\" data-sheets-userformat=\"{\">10.2025.<\/span><br \/>\nFecha de caducidad: <span data-sheets-root=\"1\" data-sheets-value=\"{\" data-sheets-userformat=\"{\">10.2028.<\/span><\/p>\n","protected":false},"excerpt":{"rendered":"<p>DOSIFICACI\u00d3N: Liotironina s\u00f3dica (T3) 25mcg\/pesta\u00f1a CONTENIDO DEL ENVASE: 1 sobre, 50 pesta\u00f1as, 25mcg por pesta\u00f1a QU\u00c9 ES: La triyodotironina, tambi\u00e9n conocida como T3, es una hormona tiroidea. Afecta a casi todos los procesos fisiol\u00f3gicos del organismo, como el crecimiento y el desarrollo, el metabolismo, la temperatura corporal y la frecuencia cardiaca. Se utiliza para aumentar&hellip;<\/p>\n","protected":false},"featured_media":76077,"comment_status":"open","ping_status":"closed","template":"","meta":[],"product_cat":[164,173],"product_tag":[],"yoast_head":"<!-- This site is optimized with the Yoast SEO plugin v23.0 - https:\/\/yoast.com\/wordpress\/plugins\/seo\/ -->\n<title>Liotironina s\u00f3dica (T3) - Astera Labs<\/title>\n<meta name=\"robots\" content=\"index, follow, max-snippet:-1, max-image-preview:large, max-video-preview:-1\" \/>\n<link rel=\"canonical\" href=\"https:\/\/asteralabs.org\/es\/product\/liotironina-sodica-t3\/\" \/>\n<meta property=\"og:locale\" content=\"es_ES\" \/>\n<meta property=\"og:type\" content=\"article\" \/>\n<meta property=\"og:title\" content=\"Liotironina s\u00f3dica (T3) - Astera Labs\" \/>\n<meta property=\"og:description\" content=\"DOSIFICACI\u00d3N: Liotironina s\u00f3dica (T3) 25mcg\/pesta\u00f1a CONTENIDO DEL ENVASE: 1 sobre, 50 pesta\u00f1as, 25mcg por pesta\u00f1a QU\u00c9 ES: La triyodotironina, tambi\u00e9n conocida como T3, es una hormona tiroidea. Afecta a casi todos los procesos fisiol\u00f3gicos del organismo, como el crecimiento y el desarrollo, el metabolismo, la temperatura corporal y la frecuencia cardiaca. Se utiliza para aumentar&hellip;\" \/>\n<meta property=\"og:url\" content=\"https:\/\/asteralabs.org\/es\/product\/liotironina-sodica-t3\/\" \/>\n<meta property=\"og:site_name\" content=\"Astera Labs\" \/>\n<meta property=\"article:modified_time\" content=\"2026-01-16T09:24:44+00:00\" \/>\n<meta property=\"og:image\" content=\"https:\/\/asteralabs.org\/wp-content\/uploads\/2023\/01\/T3-mockup-nbg.png\" \/>\n\t<meta property=\"og:image:width\" content=\"2000\" \/>\n\t<meta property=\"og:image:height\" content=\"2000\" \/>\n\t<meta property=\"og:image:type\" content=\"image\/png\" \/>\n<meta name=\"twitter:card\" content=\"summary_large_image\" \/>\n<script type=\"application\/ld+json\" class=\"yoast-schema-graph\">{\"@context\":\"https:\/\/schema.org\",\"@graph\":[{\"@type\":\"WebPage\",\"@id\":\"https:\/\/asteralabs.org\/es\/product\/liotironina-sodica-t3\/\",\"url\":\"https:\/\/asteralabs.org\/es\/product\/liotironina-sodica-t3\/\",\"name\":\"Liotironina s\u00f3dica (T3) - Astera Labs\",\"isPartOf\":{\"@id\":\"https:\/\/asteralabs.org\/es\/#website\"},\"primaryImageOfPage\":{\"@id\":\"https:\/\/asteralabs.org\/es\/product\/liotironina-sodica-t3\/#primaryimage\"},\"image\":{\"@id\":\"https:\/\/asteralabs.org\/es\/product\/liotironina-sodica-t3\/#primaryimage\"},\"thumbnailUrl\":\"https:\/\/asteralabs.org\/wp-content\/uploads\/2023\/01\/T3-mockup-nbg.png\",\"datePublished\":\"2023-01-10T22:53:33+00:00\",\"dateModified\":\"2026-01-16T09:24:44+00:00\",\"breadcrumb\":{\"@id\":\"https:\/\/asteralabs.org\/es\/product\/liotironina-sodica-t3\/#breadcrumb\"},\"inLanguage\":\"es\",\"potentialAction\":[{\"@type\":\"ReadAction\",\"target\":[\"https:\/\/asteralabs.org\/es\/product\/liotironina-sodica-t3\/\"]}]},{\"@type\":\"ImageObject\",\"inLanguage\":\"es\",\"@id\":\"https:\/\/asteralabs.org\/es\/product\/liotironina-sodica-t3\/#primaryimage\",\"url\":\"https:\/\/asteralabs.org\/wp-content\/uploads\/2023\/01\/T3-mockup-nbg.png\",\"contentUrl\":\"https:\/\/asteralabs.org\/wp-content\/uploads\/2023\/01\/T3-mockup-nbg.png\",\"width\":2000,\"height\":2000},{\"@type\":\"BreadcrumbList\",\"@id\":\"https:\/\/asteralabs.org\/es\/product\/liotironina-sodica-t3\/#breadcrumb\",\"itemListElement\":[{\"@type\":\"ListItem\",\"position\":1,\"name\":\"Home\",\"item\":\"https:\/\/asteralabs.org\/es\/\"},{\"@type\":\"ListItem\",\"position\":2,\"name\":\"Tienda\",\"item\":\"https:\/\/asteralabs.org\/tienda\/\"},{\"@type\":\"ListItem\",\"position\":3,\"name\":\"Liotironina s\u00f3dica (T3)\"}]},{\"@type\":\"WebSite\",\"@id\":\"https:\/\/asteralabs.org\/es\/#website\",\"url\":\"https:\/\/asteralabs.org\/es\/\",\"name\":\"Astera Labs\",\"description\":\"Improve Your Quality Of Life\",\"publisher\":{\"@id\":\"https:\/\/asteralabs.org\/es\/#organization\"},\"potentialAction\":[{\"@type\":\"SearchAction\",\"target\":{\"@type\":\"EntryPoint\",\"urlTemplate\":\"https:\/\/asteralabs.org\/es\/?s={search_term_string}\"},\"query-input\":\"required name=search_term_string\"}],\"inLanguage\":\"es\"},{\"@type\":\"Organization\",\"@id\":\"https:\/\/asteralabs.org\/es\/#organization\",\"name\":\"Astera Labs\",\"url\":\"https:\/\/asteralabs.org\/es\/\",\"logo\":{\"@type\":\"ImageObject\",\"inLanguage\":\"es\",\"@id\":\"https:\/\/asteralabs.org\/es\/#\/schema\/logo\/image\/\",\"url\":\"https:\/\/asteralabs.org\/wp-content\/uploads\/2022\/12\/astera-2.png\",\"contentUrl\":\"https:\/\/asteralabs.org\/wp-content\/uploads\/2022\/12\/astera-2.png\",\"width\":437,\"height\":111,\"caption\":\"Astera Labs\"},\"image\":{\"@id\":\"https:\/\/asteralabs.org\/es\/#\/schema\/logo\/image\/\"}}]}<\/script>\n<!-- \/ Yoast SEO plugin. -->","yoast_head_json":{"title":"Liotironina s\u00f3dica (T3) - Astera Labs","robots":{"index":"index","follow":"follow","max-snippet":"max-snippet:-1","max-image-preview":"max-image-preview:large","max-video-preview":"max-video-preview:-1"},"canonical":"https:\/\/asteralabs.org\/es\/product\/liotironina-sodica-t3\/","og_locale":"es_ES","og_type":"article","og_title":"Liotironina s\u00f3dica (T3) - Astera Labs","og_description":"DOSIFICACI\u00d3N: Liotironina s\u00f3dica (T3) 25mcg\/pesta\u00f1a CONTENIDO DEL ENVASE: 1 sobre, 50 pesta\u00f1as, 25mcg por pesta\u00f1a QU\u00c9 ES: La triyodotironina, tambi\u00e9n conocida como T3, es una hormona tiroidea. Afecta a casi todos los procesos fisiol\u00f3gicos del organismo, como el crecimiento y el desarrollo, el metabolismo, la temperatura corporal y la frecuencia cardiaca. Se utiliza para aumentar&hellip;","og_url":"https:\/\/asteralabs.org\/es\/product\/liotironina-sodica-t3\/","og_site_name":"Astera Labs","article_modified_time":"2026-01-16T09:24:44+00:00","og_image":[{"width":2000,"height":2000,"url":"https:\/\/asteralabs.org\/wp-content\/uploads\/2023\/01\/T3-mockup-nbg.png","type":"image\/png"}],"twitter_card":"summary_large_image","schema":{"@context":"https:\/\/schema.org","@graph":[{"@type":"WebPage","@id":"https:\/\/asteralabs.org\/es\/product\/liotironina-sodica-t3\/","url":"https:\/\/asteralabs.org\/es\/product\/liotironina-sodica-t3\/","name":"Liotironina s\u00f3dica (T3) - Astera Labs","isPartOf":{"@id":"https:\/\/asteralabs.org\/es\/#website"},"primaryImageOfPage":{"@id":"https:\/\/asteralabs.org\/es\/product\/liotironina-sodica-t3\/#primaryimage"},"image":{"@id":"https:\/\/asteralabs.org\/es\/product\/liotironina-sodica-t3\/#primaryimage"},"thumbnailUrl":"https:\/\/asteralabs.org\/wp-content\/uploads\/2023\/01\/T3-mockup-nbg.png","datePublished":"2023-01-10T22:53:33+00:00","dateModified":"2026-01-16T09:24:44+00:00","breadcrumb":{"@id":"https:\/\/asteralabs.org\/es\/product\/liotironina-sodica-t3\/#breadcrumb"},"inLanguage":"es","potentialAction":[{"@type":"ReadAction","target":["https:\/\/asteralabs.org\/es\/product\/liotironina-sodica-t3\/"]}]},{"@type":"ImageObject","inLanguage":"es","@id":"https:\/\/asteralabs.org\/es\/product\/liotironina-sodica-t3\/#primaryimage","url":"https:\/\/asteralabs.org\/wp-content\/uploads\/2023\/01\/T3-mockup-nbg.png","contentUrl":"https:\/\/asteralabs.org\/wp-content\/uploads\/2023\/01\/T3-mockup-nbg.png","width":2000,"height":2000},{"@type":"BreadcrumbList","@id":"https:\/\/asteralabs.org\/es\/product\/liotironina-sodica-t3\/#breadcrumb","itemListElement":[{"@type":"ListItem","position":1,"name":"Home","item":"https:\/\/asteralabs.org\/es\/"},{"@type":"ListItem","position":2,"name":"Tienda","item":"https:\/\/asteralabs.org\/tienda\/"},{"@type":"ListItem","position":3,"name":"Liotironina s\u00f3dica (T3)"}]},{"@type":"WebSite","@id":"https:\/\/asteralabs.org\/es\/#website","url":"https:\/\/asteralabs.org\/es\/","name":"Astera Labs","description":"Improve Your Quality Of Life","publisher":{"@id":"https:\/\/asteralabs.org\/es\/#organization"},"potentialAction":[{"@type":"SearchAction","target":{"@type":"EntryPoint","urlTemplate":"https:\/\/asteralabs.org\/es\/?s={search_term_string}"},"query-input":"required name=search_term_string"}],"inLanguage":"es"},{"@type":"Organization","@id":"https:\/\/asteralabs.org\/es\/#organization","name":"Astera Labs","url":"https:\/\/asteralabs.org\/es\/","logo":{"@type":"ImageObject","inLanguage":"es","@id":"https:\/\/asteralabs.org\/es\/#\/schema\/logo\/image\/","url":"https:\/\/asteralabs.org\/wp-content\/uploads\/2022\/12\/astera-2.png","contentUrl":"https:\/\/asteralabs.org\/wp-content\/uploads\/2022\/12\/astera-2.png","width":437,"height":111,"caption":"Astera Labs"},"image":{"@id":"https:\/\/asteralabs.org\/es\/#\/schema\/logo\/image\/"}}]}},"_links":{"self":[{"href":"https:\/\/asteralabs.org\/es\/wp-json\/wp\/v2\/product\/78189"}],"collection":[{"href":"https:\/\/asteralabs.org\/es\/wp-json\/wp\/v2\/product"}],"about":[{"href":"https:\/\/asteralabs.org\/es\/wp-json\/wp\/v2\/types\/product"}],"replies":[{"embeddable":true,"href":"https:\/\/asteralabs.org\/es\/wp-json\/wp\/v2\/comments?post=78189"}],"version-history":[{"count":0,"href":"https:\/\/asteralabs.org\/es\/wp-json\/wp\/v2\/product\/78189\/revisions"}],"wp:featuredmedia":[{"embeddable":true,"href":"https:\/\/asteralabs.org\/es\/wp-json\/wp\/v2\/media\/76077"}],"wp:attachment":[{"href":"https:\/\/asteralabs.org\/es\/wp-json\/wp\/v2\/media?parent=78189"}],"wp:term":[{"taxonomy":"product_cat","embeddable":true,"href":"https:\/\/asteralabs.org\/es\/wp-json\/wp\/v2\/product_cat?post=78189"},{"taxonomy":"product_tag","embeddable":true,"href":"https:\/\/asteralabs.org\/es\/wp-json\/wp\/v2\/product_tag?post=78189"}],"curies":[{"name":"wp","href":"https:\/\/api.w.org\/{rel}","templated":true}]}}