{"id":78196,"date":"2023-01-10T22:52:49","date_gmt":"2023-01-10T22:52:49","guid":{"rendered":"https:\/\/asteralabs.org\/product\/17a-metiltestosterona\/"},"modified":"2026-01-16T08:06:29","modified_gmt":"2026-01-16T08:06:29","slug":"17a-metiltestosterona","status":"publish","type":"product","link":"https:\/\/asteralabs.org\/es\/product\/17a-metiltestosterona\/","title":{"rendered":"17a-Metiltestosterona"},"content":{"rendered":"\t\t<div data-elementor-type=\"product-post\" data-elementor-id=\"78196\" class=\"elementor elementor-78196 elementor-72857\" data-elementor-post-type=\"product\">\n\t\t\t\t\t\t\t\t\t<section class=\"elementor-section elementor-top-section elementor-element elementor-element-7e60187 elementor-section-boxed elementor-section-height-default elementor-section-height-default\" data-id=\"7e60187\" data-element_type=\"section\">\n\t\t\t\t\t\t<div class=\"elementor-container elementor-column-gap-default\">\n\t\t\t\t\t<div class=\"elementor-column elementor-col-100 elementor-top-column elementor-element elementor-element-2002652d\" data-id=\"2002652d\" data-element_type=\"column\">\n\t\t\t<div class=\"elementor-widget-wrap elementor-element-populated\">\n\t\t\t\t\t\t\t\t<div class=\"elementor-element elementor-element-72b8de5a elementor-widget elementor-widget-text-editor\" data-id=\"72b8de5a\" data-element_type=\"widget\" data-widget_type=\"text-editor.default\">\n\t\t\t\t<div class=\"elementor-widget-container\">\n\t\t\t\t\t\t\t<p><strong>DOSIFICACI\u00d3N: <\/strong><br \/>17a-Metiltestosterona 25mg\/tab <strong>CONTENIDO DEL ENVASE: <\/strong><br \/>1 sobre, 100 comprimidos, 25mg por comprimido <strong>QU\u00c9 ES: <\/strong><br \/>Es un medicamento andr\u00f3geno y esteroide anab\u00f3lico que se utiliza en el tratamiento de los niveles bajos de testosterona en los hombres, el retraso de la pubertad en los ni\u00f1os, a dosis bajas como componente de la terapia hormonal menop\u00e1usica para los s\u00edntomas menop\u00e1usicos como sofocos, osteoporosis y bajo deseo sexual en las mujeres, y para tratar el c\u00e1ncer de mama en las mujeres. <strong>C\u00d3MO USARLO: <\/strong><br \/>La evidencia anecd\u00f3tica nos dice que hay que utilizar entre 25-50 mg, preferiblemente durante periodos cortos de tiempo, prestando atenci\u00f3n a los niveles de estr\u00f3geno y utiliz\u00e1ndolo preferiblemente antes del entrenamiento. <strong>INFORMACI\u00d3N DEL LOTE:<br \/><\/strong>N\u00ba de lote: <span data-sheets-root=\"1\" data-sheets-value=\"{\" data-sheets-userformat=\"{\">GH32316<\/span><br \/>Fecha de fabricaci\u00f3n: 10<span data-sheets-root=\"1\" data-sheets-value=\"{\" data-sheets-userformat=\"{\">.2025.<\/span><br \/>Fecha de caducidad: 10<span data-sheets-root=\"1\" data-sheets-value=\"{\" data-sheets-userformat=\"{\">.2028.<\/span><\/p>\t\t\t\t\t\t<\/div>\n\t\t\t\t<\/div>\n\t\t\t\t\t<\/div>\n\t\t<\/div>\n\t\t\t\t\t\t\t<\/div>\n\t\t<\/section>\n\t\t\t\t\t\t\t<\/div>\n\t\t","protected":false},"excerpt":{"rendered":"<p>DOSIFICACI\u00d3N: 17a-Metiltestosterona 25mg\/tab CONTENIDO DEL ENVASE: 1 sobre, 100 comprimidos, 25mg por comprimido QU\u00c9 ES: Es un medicamento andr\u00f3geno y esteroide anab\u00f3lico que se utiliza en el tratamiento de los niveles bajos de testosterona en los hombres, el retraso de la pubertad en los ni\u00f1os, a dosis bajas como componente de la terapia hormonal menop\u00e1usica&hellip;<\/p>\n","protected":false},"featured_media":76205,"comment_status":"open","ping_status":"closed","template":"","meta":[],"product_cat":[164,173],"product_tag":[],"yoast_head":"<!-- This site is optimized with the Yoast SEO plugin v23.0 - https:\/\/yoast.com\/wordpress\/plugins\/seo\/ -->\n<title>17a-Metiltestosterona - Astera Labs<\/title>\n<meta name=\"robots\" content=\"index, follow, max-snippet:-1, max-image-preview:large, max-video-preview:-1\" \/>\n<link rel=\"canonical\" href=\"https:\/\/asteralabs.org\/es\/product\/17a-metiltestosterona\/\" \/>\n<meta property=\"og:locale\" content=\"es_ES\" \/>\n<meta property=\"og:type\" content=\"article\" \/>\n<meta property=\"og:title\" content=\"17a-Metiltestosterona - Astera Labs\" \/>\n<meta property=\"og:description\" content=\"DOSIFICACI\u00d3N: 17a-Metiltestosterona 25mg\/tab CONTENIDO DEL ENVASE: 1 sobre, 100 comprimidos, 25mg por comprimido QU\u00c9 ES: Es un medicamento andr\u00f3geno y esteroide anab\u00f3lico que se utiliza en el tratamiento de los niveles bajos de testosterona en los hombres, el retraso de la pubertad en los ni\u00f1os, a dosis bajas como componente de la terapia hormonal menop\u00e1usica&hellip;\" \/>\n<meta property=\"og:url\" content=\"https:\/\/asteralabs.org\/es\/product\/17a-metiltestosterona\/\" \/>\n<meta property=\"og:site_name\" content=\"Astera Labs\" \/>\n<meta property=\"article:modified_time\" content=\"2026-01-16T08:06:29+00:00\" \/>\n<meta property=\"og:image\" content=\"https:\/\/asteralabs.org\/wp-content\/uploads\/2023\/01\/17\u03b1-Methyltestosterone-mockup-nbg.png\" \/>\n\t<meta property=\"og:image:width\" content=\"2000\" \/>\n\t<meta property=\"og:image:height\" content=\"2000\" \/>\n\t<meta property=\"og:image:type\" content=\"image\/png\" \/>\n<meta name=\"twitter:card\" content=\"summary_large_image\" \/>\n<script type=\"application\/ld+json\" class=\"yoast-schema-graph\">{\"@context\":\"https:\/\/schema.org\",\"@graph\":[{\"@type\":\"WebPage\",\"@id\":\"https:\/\/asteralabs.org\/es\/product\/17a-metiltestosterona\/\",\"url\":\"https:\/\/asteralabs.org\/es\/product\/17a-metiltestosterona\/\",\"name\":\"17a-Metiltestosterona - Astera Labs\",\"isPartOf\":{\"@id\":\"https:\/\/asteralabs.org\/es\/#website\"},\"primaryImageOfPage\":{\"@id\":\"https:\/\/asteralabs.org\/es\/product\/17a-metiltestosterona\/#primaryimage\"},\"image\":{\"@id\":\"https:\/\/asteralabs.org\/es\/product\/17a-metiltestosterona\/#primaryimage\"},\"thumbnailUrl\":\"https:\/\/asteralabs.org\/wp-content\/uploads\/2023\/01\/17\u03b1-Methyltestosterone-mockup-nbg.png\",\"datePublished\":\"2023-01-10T22:52:49+00:00\",\"dateModified\":\"2026-01-16T08:06:29+00:00\",\"breadcrumb\":{\"@id\":\"https:\/\/asteralabs.org\/es\/product\/17a-metiltestosterona\/#breadcrumb\"},\"inLanguage\":\"es\",\"potentialAction\":[{\"@type\":\"ReadAction\",\"target\":[\"https:\/\/asteralabs.org\/es\/product\/17a-metiltestosterona\/\"]}]},{\"@type\":\"ImageObject\",\"inLanguage\":\"es\",\"@id\":\"https:\/\/asteralabs.org\/es\/product\/17a-metiltestosterona\/#primaryimage\",\"url\":\"https:\/\/asteralabs.org\/wp-content\/uploads\/2023\/01\/17\u03b1-Methyltestosterone-mockup-nbg.png\",\"contentUrl\":\"https:\/\/asteralabs.org\/wp-content\/uploads\/2023\/01\/17\u03b1-Methyltestosterone-mockup-nbg.png\",\"width\":2000,\"height\":2000},{\"@type\":\"BreadcrumbList\",\"@id\":\"https:\/\/asteralabs.org\/es\/product\/17a-metiltestosterona\/#breadcrumb\",\"itemListElement\":[{\"@type\":\"ListItem\",\"position\":1,\"name\":\"Home\",\"item\":\"https:\/\/asteralabs.org\/es\/\"},{\"@type\":\"ListItem\",\"position\":2,\"name\":\"Tienda\",\"item\":\"https:\/\/asteralabs.org\/tienda\/\"},{\"@type\":\"ListItem\",\"position\":3,\"name\":\"17a-Metiltestosterona\"}]},{\"@type\":\"WebSite\",\"@id\":\"https:\/\/asteralabs.org\/es\/#website\",\"url\":\"https:\/\/asteralabs.org\/es\/\",\"name\":\"Astera Labs\",\"description\":\"Improve Your Quality Of Life\",\"publisher\":{\"@id\":\"https:\/\/asteralabs.org\/es\/#organization\"},\"potentialAction\":[{\"@type\":\"SearchAction\",\"target\":{\"@type\":\"EntryPoint\",\"urlTemplate\":\"https:\/\/asteralabs.org\/es\/?s={search_term_string}\"},\"query-input\":\"required name=search_term_string\"}],\"inLanguage\":\"es\"},{\"@type\":\"Organization\",\"@id\":\"https:\/\/asteralabs.org\/es\/#organization\",\"name\":\"Astera Labs\",\"url\":\"https:\/\/asteralabs.org\/es\/\",\"logo\":{\"@type\":\"ImageObject\",\"inLanguage\":\"es\",\"@id\":\"https:\/\/asteralabs.org\/es\/#\/schema\/logo\/image\/\",\"url\":\"https:\/\/asteralabs.org\/wp-content\/uploads\/2022\/12\/astera-2.png\",\"contentUrl\":\"https:\/\/asteralabs.org\/wp-content\/uploads\/2022\/12\/astera-2.png\",\"width\":437,\"height\":111,\"caption\":\"Astera Labs\"},\"image\":{\"@id\":\"https:\/\/asteralabs.org\/es\/#\/schema\/logo\/image\/\"}}]}<\/script>\n<!-- \/ Yoast SEO plugin. -->","yoast_head_json":{"title":"17a-Metiltestosterona - Astera Labs","robots":{"index":"index","follow":"follow","max-snippet":"max-snippet:-1","max-image-preview":"max-image-preview:large","max-video-preview":"max-video-preview:-1"},"canonical":"https:\/\/asteralabs.org\/es\/product\/17a-metiltestosterona\/","og_locale":"es_ES","og_type":"article","og_title":"17a-Metiltestosterona - Astera Labs","og_description":"DOSIFICACI\u00d3N: 17a-Metiltestosterona 25mg\/tab CONTENIDO DEL ENVASE: 1 sobre, 100 comprimidos, 25mg por comprimido QU\u00c9 ES: Es un medicamento andr\u00f3geno y esteroide anab\u00f3lico que se utiliza en el tratamiento de los niveles bajos de testosterona en los hombres, el retraso de la pubertad en los ni\u00f1os, a dosis bajas como componente de la terapia hormonal menop\u00e1usica&hellip;","og_url":"https:\/\/asteralabs.org\/es\/product\/17a-metiltestosterona\/","og_site_name":"Astera Labs","article_modified_time":"2026-01-16T08:06:29+00:00","og_image":[{"width":2000,"height":2000,"url":"https:\/\/asteralabs.org\/wp-content\/uploads\/2023\/01\/17\u03b1-Methyltestosterone-mockup-nbg.png","type":"image\/png"}],"twitter_card":"summary_large_image","schema":{"@context":"https:\/\/schema.org","@graph":[{"@type":"WebPage","@id":"https:\/\/asteralabs.org\/es\/product\/17a-metiltestosterona\/","url":"https:\/\/asteralabs.org\/es\/product\/17a-metiltestosterona\/","name":"17a-Metiltestosterona - Astera Labs","isPartOf":{"@id":"https:\/\/asteralabs.org\/es\/#website"},"primaryImageOfPage":{"@id":"https:\/\/asteralabs.org\/es\/product\/17a-metiltestosterona\/#primaryimage"},"image":{"@id":"https:\/\/asteralabs.org\/es\/product\/17a-metiltestosterona\/#primaryimage"},"thumbnailUrl":"https:\/\/asteralabs.org\/wp-content\/uploads\/2023\/01\/17\u03b1-Methyltestosterone-mockup-nbg.png","datePublished":"2023-01-10T22:52:49+00:00","dateModified":"2026-01-16T08:06:29+00:00","breadcrumb":{"@id":"https:\/\/asteralabs.org\/es\/product\/17a-metiltestosterona\/#breadcrumb"},"inLanguage":"es","potentialAction":[{"@type":"ReadAction","target":["https:\/\/asteralabs.org\/es\/product\/17a-metiltestosterona\/"]}]},{"@type":"ImageObject","inLanguage":"es","@id":"https:\/\/asteralabs.org\/es\/product\/17a-metiltestosterona\/#primaryimage","url":"https:\/\/asteralabs.org\/wp-content\/uploads\/2023\/01\/17\u03b1-Methyltestosterone-mockup-nbg.png","contentUrl":"https:\/\/asteralabs.org\/wp-content\/uploads\/2023\/01\/17\u03b1-Methyltestosterone-mockup-nbg.png","width":2000,"height":2000},{"@type":"BreadcrumbList","@id":"https:\/\/asteralabs.org\/es\/product\/17a-metiltestosterona\/#breadcrumb","itemListElement":[{"@type":"ListItem","position":1,"name":"Home","item":"https:\/\/asteralabs.org\/es\/"},{"@type":"ListItem","position":2,"name":"Tienda","item":"https:\/\/asteralabs.org\/tienda\/"},{"@type":"ListItem","position":3,"name":"17a-Metiltestosterona"}]},{"@type":"WebSite","@id":"https:\/\/asteralabs.org\/es\/#website","url":"https:\/\/asteralabs.org\/es\/","name":"Astera Labs","description":"Improve Your Quality Of Life","publisher":{"@id":"https:\/\/asteralabs.org\/es\/#organization"},"potentialAction":[{"@type":"SearchAction","target":{"@type":"EntryPoint","urlTemplate":"https:\/\/asteralabs.org\/es\/?s={search_term_string}"},"query-input":"required name=search_term_string"}],"inLanguage":"es"},{"@type":"Organization","@id":"https:\/\/asteralabs.org\/es\/#organization","name":"Astera Labs","url":"https:\/\/asteralabs.org\/es\/","logo":{"@type":"ImageObject","inLanguage":"es","@id":"https:\/\/asteralabs.org\/es\/#\/schema\/logo\/image\/","url":"https:\/\/asteralabs.org\/wp-content\/uploads\/2022\/12\/astera-2.png","contentUrl":"https:\/\/asteralabs.org\/wp-content\/uploads\/2022\/12\/astera-2.png","width":437,"height":111,"caption":"Astera Labs"},"image":{"@id":"https:\/\/asteralabs.org\/es\/#\/schema\/logo\/image\/"}}]}},"_links":{"self":[{"href":"https:\/\/asteralabs.org\/es\/wp-json\/wp\/v2\/product\/78196"}],"collection":[{"href":"https:\/\/asteralabs.org\/es\/wp-json\/wp\/v2\/product"}],"about":[{"href":"https:\/\/asteralabs.org\/es\/wp-json\/wp\/v2\/types\/product"}],"replies":[{"embeddable":true,"href":"https:\/\/asteralabs.org\/es\/wp-json\/wp\/v2\/comments?post=78196"}],"version-history":[{"count":0,"href":"https:\/\/asteralabs.org\/es\/wp-json\/wp\/v2\/product\/78196\/revisions"}],"wp:featuredmedia":[{"embeddable":true,"href":"https:\/\/asteralabs.org\/es\/wp-json\/wp\/v2\/media\/76205"}],"wp:attachment":[{"href":"https:\/\/asteralabs.org\/es\/wp-json\/wp\/v2\/media?parent=78196"}],"wp:term":[{"taxonomy":"product_cat","embeddable":true,"href":"https:\/\/asteralabs.org\/es\/wp-json\/wp\/v2\/product_cat?post=78196"},{"taxonomy":"product_tag","embeddable":true,"href":"https:\/\/asteralabs.org\/es\/wp-json\/wp\/v2\/product_tag?post=78196"}],"curies":[{"name":"wp","href":"https:\/\/api.w.org\/{rel}","templated":true}]}}