{"id":78212,"date":"2023-01-10T22:52:10","date_gmt":"2023-01-10T22:52:10","guid":{"rendered":"https:\/\/asteralabs.org\/product\/citrato-de-tamoxifeno\/"},"modified":"2026-01-15T13:11:52","modified_gmt":"2026-01-15T13:11:52","slug":"citrato-de-tamoxifeno","status":"publish","type":"product","link":"https:\/\/asteralabs.org\/es\/product\/citrato-de-tamoxifeno\/","title":{"rendered":"Citrato de tamoxifeno"},"content":{"rendered":"<p><strong>DOSIFICACI\u00d3N: <\/strong><br \/>\nCitrato de tamoxifeno 20mg\/pesta\u00f1a <strong>CONTENIDO DEL ENVASE: <\/strong><br \/>\n1 sobre, 50 pesta\u00f1as, 20mg por pesta\u00f1a <strong>QU\u00c9 ES: <\/strong><br \/>\nEl citrato de tamoxifeno es un modulador selectivo de los receptores de estr\u00f3genos. Los moduladores selectivos de los receptores estrog\u00e9nicos pueden actuar como agonistas o antagonistas de los receptores estrog\u00e9nicos. Esta actividad del citrato de tamoxifeno es selectiva para los tejidos, afectando a los receptores de estr\u00f3genos localizados en el h\u00edgado, la mama y el hueso.<br \/>\nCuando la mol\u00e9cula de tamoxifeno se une a este receptor, el estr\u00f3geno queda bloqueado y no puede tener ning\u00fan efecto. Para los culturistas, el citrato de tamoxifeno puede ayudar de dos maneras.<br \/>\nEn primer lugar, debido a la afinidad de uni\u00f3n del compuesto, puede ayudar en la prevenci\u00f3n de la ginecomastia. El tamoxifeno competir\u00e1 con el estr\u00f3geno por los receptores de estr\u00f3geno de ciertos tejidos, incluida la mama, y si puede unirse al receptor, el estr\u00f3geno no tendr\u00e1 oportunidad de interactuar con el receptor y, por tanto, no podr\u00e1 desarrollarse la ginecomastia. El segundo aspecto, y posiblemente m\u00e1s beneficioso, del citrato de tamoxifeno para los usuarios de esteroides es su capacidad para aumentar la producci\u00f3n de la hormona luteinizante y la hormona foliculoestimulante, y por tanto aumentar la testosterona. Esta capacidad es la raz\u00f3n por la que se<br \/>\nutiliza a menudo por los usuarios de esteroides durante su terapia postciclo. <strong>C\u00d3MO USARLO: <\/strong><br \/>\nLa dosis para tratar tanto la ginecomastia como para utilizarlo en el PCT var\u00eda entre 20-40mg al d\u00eda, la dosis debe ajustarse hasta conseguir el efecto deseado.<\/p>\n<p><strong>INFORMACI\u00d3N DEL LOTE:<br \/>\n<\/strong>N\u00ba de lote: <span data-sheets-root=\"1\" data-sheets-value=\"{\" data-sheets-userformat=\"{\">ZF85240<\/span><br \/>\nFecha de fabricaci\u00f3n: <span data-sheets-root=\"1\" data-sheets-value=\"{\" data-sheets-userformat=\"{\">10.2025.<\/span><br \/>\nFecha de caducidad: <span data-sheets-root=\"1\" data-sheets-value=\"{\" data-sheets-userformat=\"{\">10.2028.<\/span><\/p>\n","protected":false},"excerpt":{"rendered":"<p>DOSIFICACI\u00d3N: Citrato de tamoxifeno 20mg\/pesta\u00f1a CONTENIDO DEL ENVASE: 1 sobre, 50 pesta\u00f1as, 20mg por pesta\u00f1a QU\u00c9 ES: El citrato de tamoxifeno es un modulador selectivo de los receptores de estr\u00f3genos. Los moduladores selectivos de los receptores estrog\u00e9nicos pueden actuar como agonistas o antagonistas de los receptores estrog\u00e9nicos. Esta actividad del citrato de tamoxifeno es selectiva&hellip;<\/p>\n","protected":false},"featured_media":76357,"comment_status":"open","ping_status":"closed","template":"","meta":[],"product_cat":[164,173],"product_tag":[],"yoast_head":"<!-- This site is optimized with the Yoast SEO plugin v23.0 - https:\/\/yoast.com\/wordpress\/plugins\/seo\/ -->\n<title>Citrato de tamoxifeno - Astera Labs<\/title>\n<meta name=\"robots\" content=\"index, follow, max-snippet:-1, max-image-preview:large, max-video-preview:-1\" \/>\n<link rel=\"canonical\" href=\"https:\/\/asteralabs.org\/es\/product\/citrato-de-tamoxifeno\/\" \/>\n<meta property=\"og:locale\" content=\"es_ES\" \/>\n<meta property=\"og:type\" content=\"article\" \/>\n<meta property=\"og:title\" content=\"Citrato de tamoxifeno - Astera Labs\" \/>\n<meta property=\"og:description\" content=\"DOSIFICACI\u00d3N: Citrato de tamoxifeno 20mg\/pesta\u00f1a CONTENIDO DEL ENVASE: 1 sobre, 50 pesta\u00f1as, 20mg por pesta\u00f1a QU\u00c9 ES: El citrato de tamoxifeno es un modulador selectivo de los receptores de estr\u00f3genos. Los moduladores selectivos de los receptores estrog\u00e9nicos pueden actuar como agonistas o antagonistas de los receptores estrog\u00e9nicos. Esta actividad del citrato de tamoxifeno es selectiva&hellip;\" \/>\n<meta property=\"og:url\" content=\"https:\/\/asteralabs.org\/es\/product\/citrato-de-tamoxifeno\/\" \/>\n<meta property=\"og:site_name\" content=\"Astera Labs\" \/>\n<meta property=\"article:modified_time\" content=\"2026-01-15T13:11:52+00:00\" \/>\n<meta property=\"og:image\" content=\"https:\/\/asteralabs.org\/wp-content\/uploads\/2023\/01\/Tamoxifen-citrate-mockup-nbg.png\" \/>\n\t<meta property=\"og:image:width\" content=\"2000\" \/>\n\t<meta property=\"og:image:height\" content=\"2000\" \/>\n\t<meta property=\"og:image:type\" content=\"image\/png\" \/>\n<meta name=\"twitter:card\" content=\"summary_large_image\" \/>\n<script type=\"application\/ld+json\" class=\"yoast-schema-graph\">{\"@context\":\"https:\/\/schema.org\",\"@graph\":[{\"@type\":\"WebPage\",\"@id\":\"https:\/\/asteralabs.org\/es\/product\/citrato-de-tamoxifeno\/\",\"url\":\"https:\/\/asteralabs.org\/es\/product\/citrato-de-tamoxifeno\/\",\"name\":\"Citrato de tamoxifeno - Astera Labs\",\"isPartOf\":{\"@id\":\"https:\/\/asteralabs.org\/es\/#website\"},\"primaryImageOfPage\":{\"@id\":\"https:\/\/asteralabs.org\/es\/product\/citrato-de-tamoxifeno\/#primaryimage\"},\"image\":{\"@id\":\"https:\/\/asteralabs.org\/es\/product\/citrato-de-tamoxifeno\/#primaryimage\"},\"thumbnailUrl\":\"https:\/\/asteralabs.org\/wp-content\/uploads\/2023\/01\/Tamoxifen-citrate-mockup-nbg.png\",\"datePublished\":\"2023-01-10T22:52:10+00:00\",\"dateModified\":\"2026-01-15T13:11:52+00:00\",\"breadcrumb\":{\"@id\":\"https:\/\/asteralabs.org\/es\/product\/citrato-de-tamoxifeno\/#breadcrumb\"},\"inLanguage\":\"es\",\"potentialAction\":[{\"@type\":\"ReadAction\",\"target\":[\"https:\/\/asteralabs.org\/es\/product\/citrato-de-tamoxifeno\/\"]}]},{\"@type\":\"ImageObject\",\"inLanguage\":\"es\",\"@id\":\"https:\/\/asteralabs.org\/es\/product\/citrato-de-tamoxifeno\/#primaryimage\",\"url\":\"https:\/\/asteralabs.org\/wp-content\/uploads\/2023\/01\/Tamoxifen-citrate-mockup-nbg.png\",\"contentUrl\":\"https:\/\/asteralabs.org\/wp-content\/uploads\/2023\/01\/Tamoxifen-citrate-mockup-nbg.png\",\"width\":2000,\"height\":2000},{\"@type\":\"BreadcrumbList\",\"@id\":\"https:\/\/asteralabs.org\/es\/product\/citrato-de-tamoxifeno\/#breadcrumb\",\"itemListElement\":[{\"@type\":\"ListItem\",\"position\":1,\"name\":\"Home\",\"item\":\"https:\/\/asteralabs.org\/es\/\"},{\"@type\":\"ListItem\",\"position\":2,\"name\":\"Tienda\",\"item\":\"https:\/\/asteralabs.org\/tienda\/\"},{\"@type\":\"ListItem\",\"position\":3,\"name\":\"Citrato de tamoxifeno\"}]},{\"@type\":\"WebSite\",\"@id\":\"https:\/\/asteralabs.org\/es\/#website\",\"url\":\"https:\/\/asteralabs.org\/es\/\",\"name\":\"Astera Labs\",\"description\":\"Improve Your Quality Of Life\",\"publisher\":{\"@id\":\"https:\/\/asteralabs.org\/es\/#organization\"},\"potentialAction\":[{\"@type\":\"SearchAction\",\"target\":{\"@type\":\"EntryPoint\",\"urlTemplate\":\"https:\/\/asteralabs.org\/es\/?s={search_term_string}\"},\"query-input\":\"required name=search_term_string\"}],\"inLanguage\":\"es\"},{\"@type\":\"Organization\",\"@id\":\"https:\/\/asteralabs.org\/es\/#organization\",\"name\":\"Astera Labs\",\"url\":\"https:\/\/asteralabs.org\/es\/\",\"logo\":{\"@type\":\"ImageObject\",\"inLanguage\":\"es\",\"@id\":\"https:\/\/asteralabs.org\/es\/#\/schema\/logo\/image\/\",\"url\":\"https:\/\/asteralabs.org\/wp-content\/uploads\/2022\/12\/astera-2.png\",\"contentUrl\":\"https:\/\/asteralabs.org\/wp-content\/uploads\/2022\/12\/astera-2.png\",\"width\":437,\"height\":111,\"caption\":\"Astera Labs\"},\"image\":{\"@id\":\"https:\/\/asteralabs.org\/es\/#\/schema\/logo\/image\/\"}}]}<\/script>\n<!-- \/ Yoast SEO plugin. -->","yoast_head_json":{"title":"Citrato de tamoxifeno - Astera Labs","robots":{"index":"index","follow":"follow","max-snippet":"max-snippet:-1","max-image-preview":"max-image-preview:large","max-video-preview":"max-video-preview:-1"},"canonical":"https:\/\/asteralabs.org\/es\/product\/citrato-de-tamoxifeno\/","og_locale":"es_ES","og_type":"article","og_title":"Citrato de tamoxifeno - Astera Labs","og_description":"DOSIFICACI\u00d3N: Citrato de tamoxifeno 20mg\/pesta\u00f1a CONTENIDO DEL ENVASE: 1 sobre, 50 pesta\u00f1as, 20mg por pesta\u00f1a QU\u00c9 ES: El citrato de tamoxifeno es un modulador selectivo de los receptores de estr\u00f3genos. Los moduladores selectivos de los receptores estrog\u00e9nicos pueden actuar como agonistas o antagonistas de los receptores estrog\u00e9nicos. Esta actividad del citrato de tamoxifeno es selectiva&hellip;","og_url":"https:\/\/asteralabs.org\/es\/product\/citrato-de-tamoxifeno\/","og_site_name":"Astera Labs","article_modified_time":"2026-01-15T13:11:52+00:00","og_image":[{"width":2000,"height":2000,"url":"https:\/\/asteralabs.org\/wp-content\/uploads\/2023\/01\/Tamoxifen-citrate-mockup-nbg.png","type":"image\/png"}],"twitter_card":"summary_large_image","schema":{"@context":"https:\/\/schema.org","@graph":[{"@type":"WebPage","@id":"https:\/\/asteralabs.org\/es\/product\/citrato-de-tamoxifeno\/","url":"https:\/\/asteralabs.org\/es\/product\/citrato-de-tamoxifeno\/","name":"Citrato de tamoxifeno - Astera Labs","isPartOf":{"@id":"https:\/\/asteralabs.org\/es\/#website"},"primaryImageOfPage":{"@id":"https:\/\/asteralabs.org\/es\/product\/citrato-de-tamoxifeno\/#primaryimage"},"image":{"@id":"https:\/\/asteralabs.org\/es\/product\/citrato-de-tamoxifeno\/#primaryimage"},"thumbnailUrl":"https:\/\/asteralabs.org\/wp-content\/uploads\/2023\/01\/Tamoxifen-citrate-mockup-nbg.png","datePublished":"2023-01-10T22:52:10+00:00","dateModified":"2026-01-15T13:11:52+00:00","breadcrumb":{"@id":"https:\/\/asteralabs.org\/es\/product\/citrato-de-tamoxifeno\/#breadcrumb"},"inLanguage":"es","potentialAction":[{"@type":"ReadAction","target":["https:\/\/asteralabs.org\/es\/product\/citrato-de-tamoxifeno\/"]}]},{"@type":"ImageObject","inLanguage":"es","@id":"https:\/\/asteralabs.org\/es\/product\/citrato-de-tamoxifeno\/#primaryimage","url":"https:\/\/asteralabs.org\/wp-content\/uploads\/2023\/01\/Tamoxifen-citrate-mockup-nbg.png","contentUrl":"https:\/\/asteralabs.org\/wp-content\/uploads\/2023\/01\/Tamoxifen-citrate-mockup-nbg.png","width":2000,"height":2000},{"@type":"BreadcrumbList","@id":"https:\/\/asteralabs.org\/es\/product\/citrato-de-tamoxifeno\/#breadcrumb","itemListElement":[{"@type":"ListItem","position":1,"name":"Home","item":"https:\/\/asteralabs.org\/es\/"},{"@type":"ListItem","position":2,"name":"Tienda","item":"https:\/\/asteralabs.org\/tienda\/"},{"@type":"ListItem","position":3,"name":"Citrato de tamoxifeno"}]},{"@type":"WebSite","@id":"https:\/\/asteralabs.org\/es\/#website","url":"https:\/\/asteralabs.org\/es\/","name":"Astera Labs","description":"Improve Your Quality Of Life","publisher":{"@id":"https:\/\/asteralabs.org\/es\/#organization"},"potentialAction":[{"@type":"SearchAction","target":{"@type":"EntryPoint","urlTemplate":"https:\/\/asteralabs.org\/es\/?s={search_term_string}"},"query-input":"required name=search_term_string"}],"inLanguage":"es"},{"@type":"Organization","@id":"https:\/\/asteralabs.org\/es\/#organization","name":"Astera Labs","url":"https:\/\/asteralabs.org\/es\/","logo":{"@type":"ImageObject","inLanguage":"es","@id":"https:\/\/asteralabs.org\/es\/#\/schema\/logo\/image\/","url":"https:\/\/asteralabs.org\/wp-content\/uploads\/2022\/12\/astera-2.png","contentUrl":"https:\/\/asteralabs.org\/wp-content\/uploads\/2022\/12\/astera-2.png","width":437,"height":111,"caption":"Astera Labs"},"image":{"@id":"https:\/\/asteralabs.org\/es\/#\/schema\/logo\/image\/"}}]}},"_links":{"self":[{"href":"https:\/\/asteralabs.org\/es\/wp-json\/wp\/v2\/product\/78212"}],"collection":[{"href":"https:\/\/asteralabs.org\/es\/wp-json\/wp\/v2\/product"}],"about":[{"href":"https:\/\/asteralabs.org\/es\/wp-json\/wp\/v2\/types\/product"}],"replies":[{"embeddable":true,"href":"https:\/\/asteralabs.org\/es\/wp-json\/wp\/v2\/comments?post=78212"}],"version-history":[{"count":2,"href":"https:\/\/asteralabs.org\/es\/wp-json\/wp\/v2\/product\/78212\/revisions"}],"predecessor-version":[{"id":79858,"href":"https:\/\/asteralabs.org\/es\/wp-json\/wp\/v2\/product\/78212\/revisions\/79858"}],"wp:featuredmedia":[{"embeddable":true,"href":"https:\/\/asteralabs.org\/es\/wp-json\/wp\/v2\/media\/76357"}],"wp:attachment":[{"href":"https:\/\/asteralabs.org\/es\/wp-json\/wp\/v2\/media?parent=78212"}],"wp:term":[{"taxonomy":"product_cat","embeddable":true,"href":"https:\/\/asteralabs.org\/es\/wp-json\/wp\/v2\/product_cat?post=78212"},{"taxonomy":"product_tag","embeddable":true,"href":"https:\/\/asteralabs.org\/es\/wp-json\/wp\/v2\/product_tag?post=78212"}],"curies":[{"name":"wp","href":"https:\/\/api.w.org\/{rel}","templated":true}]}}