{"id":78226,"date":"2023-01-10T22:49:48","date_gmt":"2023-01-10T22:49:48","guid":{"rendered":"https:\/\/asteralabs.org\/product\/anastrozol\/"},"modified":"2026-01-16T08:13:33","modified_gmt":"2026-01-16T08:13:33","slug":"anastrozol","status":"publish","type":"product","link":"https:\/\/asteralabs.org\/es\/product\/anastrozol\/","title":{"rendered":"Anastrozol"},"content":{"rendered":"<p><strong>DOSIFICACI\u00d3N: <\/strong><br \/>\nAnastrozol 1mg\/tab <strong>CONTENIDO DEL ENVASE: <\/strong><br \/>\n1 sobre, 50 comprimidos, 1mg por comprimido <strong>QU\u00c9 ES: <\/strong><br \/>\nEl anastrozol es un inhibidor de la aromatasa. Los inhibidores de la aromatasa impiden la conversi\u00f3n de andr\u00f3genos en estr\u00f3genos en grasa, m\u00fasculo, mama y cerebro. El uso m\u00e9dico del anastrozol es principalmente inhibir la progresi\u00f3n y el crecimiento del c\u00e1ncer de mama en las mujeres, bloqueando la enzima aromatasa. Algunos m\u00e9dicos tambi\u00e9n lo han utilizado para tratar la baja producci\u00f3n de testosterona en los hombres, as\u00ed como junto con la terapia de sustituci\u00f3n de testosterona.<br \/>\nPara los culturistas y los atletas de fuerza, el anastrozol se utiliza para minimizar la aromatizaci\u00f3n de los esteroides anabolizantes y, en menor medida, por su capacidad para aumentar los niveles de testosterona en los usuarios.<br \/>\nAl reducir la cantidad de estr\u00f3geno en el cuerpo de un usuario de esteroides, podr\u00e1 evitar los efectos secundarios relacionados con el estr\u00f3geno, como la retenci\u00f3n de agua, la ginocomastia, etc. <strong>C\u00d3MO USARLO: <\/strong><br \/>\nLa dosis var\u00eda mucho dependiendo del usuario y de los compuestos aromatizantes que se utilicen, algunos usuarios encontrar\u00e1n que 0,5mgs utilizados de E3.5D es suficiente para no tener ning\u00fan efecto secundario estrog\u00e9nico.<\/p>\n<p><strong>INFORMACI\u00d3N DEL LOTE:<br \/>\n<\/strong>N\u00ba de lote: <span data-sheets-root=\"1\" data-sheets-value=\"{\" data-sheets-userformat=\"{\">DM55007<\/span><br \/>\nFecha de fabricaci\u00f3n: <span data-sheets-root=\"1\" data-sheets-value=\"{\" data-sheets-userformat=\"{\">10.2025.<\/span><br \/>\nFecha de caducidad: <span data-sheets-root=\"1\" data-sheets-value=\"{\" data-sheets-userformat=\"{\">10.2028.<\/span><\/p>\n","protected":false},"excerpt":{"rendered":"<p>DOSIFICACI\u00d3N: Anastrozol 1mg\/tab CONTENIDO DEL ENVASE: 1 sobre, 50 comprimidos, 1mg por comprimido QU\u00c9 ES: El anastrozol es un inhibidor de la aromatasa. Los inhibidores de la aromatasa impiden la conversi\u00f3n de andr\u00f3genos en estr\u00f3genos en grasa, m\u00fasculo, mama y cerebro. El uso m\u00e9dico del anastrozol es principalmente inhibir la progresi\u00f3n y el crecimiento del&hellip;<\/p>\n","protected":false},"featured_media":76213,"comment_status":"open","ping_status":"closed","template":"","meta":[],"product_cat":[164,173],"product_tag":[],"yoast_head":"<!-- This site is optimized with the Yoast SEO plugin v23.0 - https:\/\/yoast.com\/wordpress\/plugins\/seo\/ -->\n<title>Anastrozol - Astera Labs<\/title>\n<meta name=\"robots\" content=\"index, follow, max-snippet:-1, max-image-preview:large, max-video-preview:-1\" \/>\n<link rel=\"canonical\" href=\"https:\/\/asteralabs.org\/es\/product\/anastrozol\/\" \/>\n<meta property=\"og:locale\" content=\"es_ES\" \/>\n<meta property=\"og:type\" content=\"article\" \/>\n<meta property=\"og:title\" content=\"Anastrozol - Astera Labs\" \/>\n<meta property=\"og:description\" content=\"DOSIFICACI\u00d3N: Anastrozol 1mg\/tab CONTENIDO DEL ENVASE: 1 sobre, 50 comprimidos, 1mg por comprimido QU\u00c9 ES: El anastrozol es un inhibidor de la aromatasa. Los inhibidores de la aromatasa impiden la conversi\u00f3n de andr\u00f3genos en estr\u00f3genos en grasa, m\u00fasculo, mama y cerebro. El uso m\u00e9dico del anastrozol es principalmente inhibir la progresi\u00f3n y el crecimiento del&hellip;\" \/>\n<meta property=\"og:url\" content=\"https:\/\/asteralabs.org\/es\/product\/anastrozol\/\" \/>\n<meta property=\"og:site_name\" content=\"Astera Labs\" \/>\n<meta property=\"article:modified_time\" content=\"2026-01-16T08:13:33+00:00\" \/>\n<meta property=\"og:image\" content=\"https:\/\/asteralabs.org\/wp-content\/uploads\/2023\/01\/Anastrozole-mockup-nbg.png\" \/>\n\t<meta property=\"og:image:width\" content=\"2000\" \/>\n\t<meta property=\"og:image:height\" content=\"2000\" \/>\n\t<meta property=\"og:image:type\" content=\"image\/png\" \/>\n<meta name=\"twitter:card\" content=\"summary_large_image\" \/>\n<script type=\"application\/ld+json\" class=\"yoast-schema-graph\">{\"@context\":\"https:\/\/schema.org\",\"@graph\":[{\"@type\":\"WebPage\",\"@id\":\"https:\/\/asteralabs.org\/es\/product\/anastrozol\/\",\"url\":\"https:\/\/asteralabs.org\/es\/product\/anastrozol\/\",\"name\":\"Anastrozol - Astera Labs\",\"isPartOf\":{\"@id\":\"https:\/\/asteralabs.org\/es\/#website\"},\"primaryImageOfPage\":{\"@id\":\"https:\/\/asteralabs.org\/es\/product\/anastrozol\/#primaryimage\"},\"image\":{\"@id\":\"https:\/\/asteralabs.org\/es\/product\/anastrozol\/#primaryimage\"},\"thumbnailUrl\":\"https:\/\/asteralabs.org\/wp-content\/uploads\/2023\/01\/Anastrozole-mockup-nbg.png\",\"datePublished\":\"2023-01-10T22:49:48+00:00\",\"dateModified\":\"2026-01-16T08:13:33+00:00\",\"breadcrumb\":{\"@id\":\"https:\/\/asteralabs.org\/es\/product\/anastrozol\/#breadcrumb\"},\"inLanguage\":\"es\",\"potentialAction\":[{\"@type\":\"ReadAction\",\"target\":[\"https:\/\/asteralabs.org\/es\/product\/anastrozol\/\"]}]},{\"@type\":\"ImageObject\",\"inLanguage\":\"es\",\"@id\":\"https:\/\/asteralabs.org\/es\/product\/anastrozol\/#primaryimage\",\"url\":\"https:\/\/asteralabs.org\/wp-content\/uploads\/2023\/01\/Anastrozole-mockup-nbg.png\",\"contentUrl\":\"https:\/\/asteralabs.org\/wp-content\/uploads\/2023\/01\/Anastrozole-mockup-nbg.png\",\"width\":2000,\"height\":2000},{\"@type\":\"BreadcrumbList\",\"@id\":\"https:\/\/asteralabs.org\/es\/product\/anastrozol\/#breadcrumb\",\"itemListElement\":[{\"@type\":\"ListItem\",\"position\":1,\"name\":\"Home\",\"item\":\"https:\/\/asteralabs.org\/es\/\"},{\"@type\":\"ListItem\",\"position\":2,\"name\":\"Tienda\",\"item\":\"https:\/\/asteralabs.org\/tienda\/\"},{\"@type\":\"ListItem\",\"position\":3,\"name\":\"Anastrozol\"}]},{\"@type\":\"WebSite\",\"@id\":\"https:\/\/asteralabs.org\/es\/#website\",\"url\":\"https:\/\/asteralabs.org\/es\/\",\"name\":\"Astera Labs\",\"description\":\"Improve Your Quality Of Life\",\"publisher\":{\"@id\":\"https:\/\/asteralabs.org\/es\/#organization\"},\"potentialAction\":[{\"@type\":\"SearchAction\",\"target\":{\"@type\":\"EntryPoint\",\"urlTemplate\":\"https:\/\/asteralabs.org\/es\/?s={search_term_string}\"},\"query-input\":\"required name=search_term_string\"}],\"inLanguage\":\"es\"},{\"@type\":\"Organization\",\"@id\":\"https:\/\/asteralabs.org\/es\/#organization\",\"name\":\"Astera Labs\",\"url\":\"https:\/\/asteralabs.org\/es\/\",\"logo\":{\"@type\":\"ImageObject\",\"inLanguage\":\"es\",\"@id\":\"https:\/\/asteralabs.org\/es\/#\/schema\/logo\/image\/\",\"url\":\"https:\/\/asteralabs.org\/wp-content\/uploads\/2022\/12\/astera-2.png\",\"contentUrl\":\"https:\/\/asteralabs.org\/wp-content\/uploads\/2022\/12\/astera-2.png\",\"width\":437,\"height\":111,\"caption\":\"Astera Labs\"},\"image\":{\"@id\":\"https:\/\/asteralabs.org\/es\/#\/schema\/logo\/image\/\"}}]}<\/script>\n<!-- \/ Yoast SEO plugin. -->","yoast_head_json":{"title":"Anastrozol - Astera Labs","robots":{"index":"index","follow":"follow","max-snippet":"max-snippet:-1","max-image-preview":"max-image-preview:large","max-video-preview":"max-video-preview:-1"},"canonical":"https:\/\/asteralabs.org\/es\/product\/anastrozol\/","og_locale":"es_ES","og_type":"article","og_title":"Anastrozol - Astera Labs","og_description":"DOSIFICACI\u00d3N: Anastrozol 1mg\/tab CONTENIDO DEL ENVASE: 1 sobre, 50 comprimidos, 1mg por comprimido QU\u00c9 ES: El anastrozol es un inhibidor de la aromatasa. Los inhibidores de la aromatasa impiden la conversi\u00f3n de andr\u00f3genos en estr\u00f3genos en grasa, m\u00fasculo, mama y cerebro. El uso m\u00e9dico del anastrozol es principalmente inhibir la progresi\u00f3n y el crecimiento del&hellip;","og_url":"https:\/\/asteralabs.org\/es\/product\/anastrozol\/","og_site_name":"Astera Labs","article_modified_time":"2026-01-16T08:13:33+00:00","og_image":[{"width":2000,"height":2000,"url":"https:\/\/asteralabs.org\/wp-content\/uploads\/2023\/01\/Anastrozole-mockup-nbg.png","type":"image\/png"}],"twitter_card":"summary_large_image","schema":{"@context":"https:\/\/schema.org","@graph":[{"@type":"WebPage","@id":"https:\/\/asteralabs.org\/es\/product\/anastrozol\/","url":"https:\/\/asteralabs.org\/es\/product\/anastrozol\/","name":"Anastrozol - Astera Labs","isPartOf":{"@id":"https:\/\/asteralabs.org\/es\/#website"},"primaryImageOfPage":{"@id":"https:\/\/asteralabs.org\/es\/product\/anastrozol\/#primaryimage"},"image":{"@id":"https:\/\/asteralabs.org\/es\/product\/anastrozol\/#primaryimage"},"thumbnailUrl":"https:\/\/asteralabs.org\/wp-content\/uploads\/2023\/01\/Anastrozole-mockup-nbg.png","datePublished":"2023-01-10T22:49:48+00:00","dateModified":"2026-01-16T08:13:33+00:00","breadcrumb":{"@id":"https:\/\/asteralabs.org\/es\/product\/anastrozol\/#breadcrumb"},"inLanguage":"es","potentialAction":[{"@type":"ReadAction","target":["https:\/\/asteralabs.org\/es\/product\/anastrozol\/"]}]},{"@type":"ImageObject","inLanguage":"es","@id":"https:\/\/asteralabs.org\/es\/product\/anastrozol\/#primaryimage","url":"https:\/\/asteralabs.org\/wp-content\/uploads\/2023\/01\/Anastrozole-mockup-nbg.png","contentUrl":"https:\/\/asteralabs.org\/wp-content\/uploads\/2023\/01\/Anastrozole-mockup-nbg.png","width":2000,"height":2000},{"@type":"BreadcrumbList","@id":"https:\/\/asteralabs.org\/es\/product\/anastrozol\/#breadcrumb","itemListElement":[{"@type":"ListItem","position":1,"name":"Home","item":"https:\/\/asteralabs.org\/es\/"},{"@type":"ListItem","position":2,"name":"Tienda","item":"https:\/\/asteralabs.org\/tienda\/"},{"@type":"ListItem","position":3,"name":"Anastrozol"}]},{"@type":"WebSite","@id":"https:\/\/asteralabs.org\/es\/#website","url":"https:\/\/asteralabs.org\/es\/","name":"Astera Labs","description":"Improve Your Quality Of Life","publisher":{"@id":"https:\/\/asteralabs.org\/es\/#organization"},"potentialAction":[{"@type":"SearchAction","target":{"@type":"EntryPoint","urlTemplate":"https:\/\/asteralabs.org\/es\/?s={search_term_string}"},"query-input":"required name=search_term_string"}],"inLanguage":"es"},{"@type":"Organization","@id":"https:\/\/asteralabs.org\/es\/#organization","name":"Astera Labs","url":"https:\/\/asteralabs.org\/es\/","logo":{"@type":"ImageObject","inLanguage":"es","@id":"https:\/\/asteralabs.org\/es\/#\/schema\/logo\/image\/","url":"https:\/\/asteralabs.org\/wp-content\/uploads\/2022\/12\/astera-2.png","contentUrl":"https:\/\/asteralabs.org\/wp-content\/uploads\/2022\/12\/astera-2.png","width":437,"height":111,"caption":"Astera Labs"},"image":{"@id":"https:\/\/asteralabs.org\/es\/#\/schema\/logo\/image\/"}}]}},"_links":{"self":[{"href":"https:\/\/asteralabs.org\/es\/wp-json\/wp\/v2\/product\/78226"}],"collection":[{"href":"https:\/\/asteralabs.org\/es\/wp-json\/wp\/v2\/product"}],"about":[{"href":"https:\/\/asteralabs.org\/es\/wp-json\/wp\/v2\/types\/product"}],"replies":[{"embeddable":true,"href":"https:\/\/asteralabs.org\/es\/wp-json\/wp\/v2\/comments?post=78226"}],"version-history":[{"count":0,"href":"https:\/\/asteralabs.org\/es\/wp-json\/wp\/v2\/product\/78226\/revisions"}],"wp:featuredmedia":[{"embeddable":true,"href":"https:\/\/asteralabs.org\/es\/wp-json\/wp\/v2\/media\/76213"}],"wp:attachment":[{"href":"https:\/\/asteralabs.org\/es\/wp-json\/wp\/v2\/media?parent=78226"}],"wp:term":[{"taxonomy":"product_cat","embeddable":true,"href":"https:\/\/asteralabs.org\/es\/wp-json\/wp\/v2\/product_cat?post=78226"},{"taxonomy":"product_tag","embeddable":true,"href":"https:\/\/asteralabs.org\/es\/wp-json\/wp\/v2\/product_tag?post=78226"}],"curies":[{"name":"wp","href":"https:\/\/api.w.org\/{rel}","templated":true}]}}