{"id":78238,"date":"2023-01-10T22:47:13","date_gmt":"2023-01-10T22:47:13","guid":{"rendered":"https:\/\/asteralabs.org\/product\/letrozol\/"},"modified":"2026-01-16T09:18:19","modified_gmt":"2026-01-16T09:18:19","slug":"letrozol","status":"publish","type":"product","link":"https:\/\/asteralabs.org\/es\/product\/letrozol\/","title":{"rendered":"Letrozol"},"content":{"rendered":"<p><strong>DOSIFICACI\u00d3N: <\/strong><br \/>\nLetrozol 1mg\/tab <strong>CONTENIDO DEL ENVASE: <\/strong><br \/>\n1 sobre, 50 comprimidos, 1mg por comprimido <strong>QU\u00c9 ES: <\/strong><br \/>\nEs el m\u00e1s potente de los llamados &#8220;inhibidores suicidas de la aromatasa&#8221;, suele utilizarse antes de la competici\u00f3n o para revertir la ginecomastia. <strong>C\u00d3MO USARLO: <\/strong><br \/>\nLa dosis var\u00eda mucho en funci\u00f3n del usuario y s\u00f3lo debe ajustarse en funci\u00f3n del an\u00e1lisis de sangre de esa persona, es aconsejable utilizar 0,5mg como primera dosis e ir ajust\u00e1ndola en funci\u00f3n de los efectos obtenidos. <strong>INFORMACI\u00d3N DEL LOTE:<br \/>\n<\/strong>N\u00ba de lote: <span data-sheets-root=\"1\" data-sheets-value=\"{\" data-sheets-userformat=\"{\">ZL47124<\/span><br \/>\nFecha de fabricaci\u00f3n: <span data-sheets-root=\"1\" data-sheets-value=\"{\" data-sheets-userformat=\"{\">10.2025.<\/span><br \/>\nFecha de caducidad: <span data-sheets-root=\"1\" data-sheets-value=\"{\" data-sheets-userformat=\"{\">10.2028.<\/span><\/p>\n","protected":false},"excerpt":{"rendered":"<p>DOSIFICACI\u00d3N: Letrozol 1mg\/tab CONTENIDO DEL ENVASE: 1 sobre, 50 comprimidos, 1mg por comprimido QU\u00c9 ES: Es el m\u00e1s potente de los llamados &#8220;inhibidores suicidas de la aromatasa&#8221;, suele utilizarse antes de la competici\u00f3n o para revertir la ginecomastia. C\u00d3MO USARLO: La dosis var\u00eda mucho en funci\u00f3n del usuario y s\u00f3lo debe ajustarse en funci\u00f3n del&hellip;<\/p>\n","protected":false},"featured_media":76269,"comment_status":"open","ping_status":"closed","template":"","meta":[],"product_cat":[164,173],"product_tag":[],"yoast_head":"<!-- This site is optimized with the Yoast SEO plugin v23.0 - https:\/\/yoast.com\/wordpress\/plugins\/seo\/ -->\n<title>Letrozol - Astera Labs<\/title>\n<meta name=\"robots\" content=\"index, follow, max-snippet:-1, max-image-preview:large, max-video-preview:-1\" \/>\n<link rel=\"canonical\" href=\"https:\/\/asteralabs.org\/es\/product\/letrozol\/\" \/>\n<meta property=\"og:locale\" content=\"es_ES\" \/>\n<meta property=\"og:type\" content=\"article\" \/>\n<meta property=\"og:title\" content=\"Letrozol - Astera Labs\" \/>\n<meta property=\"og:description\" content=\"DOSIFICACI\u00d3N: Letrozol 1mg\/tab CONTENIDO DEL ENVASE: 1 sobre, 50 comprimidos, 1mg por comprimido QU\u00c9 ES: Es el m\u00e1s potente de los llamados &#8220;inhibidores suicidas de la aromatasa&#8221;, suele utilizarse antes de la competici\u00f3n o para revertir la ginecomastia. C\u00d3MO USARLO: La dosis var\u00eda mucho en funci\u00f3n del usuario y s\u00f3lo debe ajustarse en funci\u00f3n del&hellip;\" \/>\n<meta property=\"og:url\" content=\"https:\/\/asteralabs.org\/es\/product\/letrozol\/\" \/>\n<meta property=\"og:site_name\" content=\"Astera Labs\" \/>\n<meta property=\"article:modified_time\" content=\"2026-01-16T09:18:19+00:00\" \/>\n<meta property=\"og:image\" content=\"https:\/\/asteralabs.org\/wp-content\/uploads\/2023\/01\/Letrozole-mockup-nbg.png\" \/>\n\t<meta property=\"og:image:width\" content=\"2000\" \/>\n\t<meta property=\"og:image:height\" content=\"2000\" \/>\n\t<meta property=\"og:image:type\" content=\"image\/png\" \/>\n<meta name=\"twitter:card\" content=\"summary_large_image\" \/>\n<script type=\"application\/ld+json\" class=\"yoast-schema-graph\">{\"@context\":\"https:\/\/schema.org\",\"@graph\":[{\"@type\":\"WebPage\",\"@id\":\"https:\/\/asteralabs.org\/es\/product\/letrozol\/\",\"url\":\"https:\/\/asteralabs.org\/es\/product\/letrozol\/\",\"name\":\"Letrozol - Astera Labs\",\"isPartOf\":{\"@id\":\"https:\/\/asteralabs.org\/es\/#website\"},\"primaryImageOfPage\":{\"@id\":\"https:\/\/asteralabs.org\/es\/product\/letrozol\/#primaryimage\"},\"image\":{\"@id\":\"https:\/\/asteralabs.org\/es\/product\/letrozol\/#primaryimage\"},\"thumbnailUrl\":\"https:\/\/asteralabs.org\/wp-content\/uploads\/2023\/01\/Letrozole-mockup-nbg.png\",\"datePublished\":\"2023-01-10T22:47:13+00:00\",\"dateModified\":\"2026-01-16T09:18:19+00:00\",\"breadcrumb\":{\"@id\":\"https:\/\/asteralabs.org\/es\/product\/letrozol\/#breadcrumb\"},\"inLanguage\":\"es\",\"potentialAction\":[{\"@type\":\"ReadAction\",\"target\":[\"https:\/\/asteralabs.org\/es\/product\/letrozol\/\"]}]},{\"@type\":\"ImageObject\",\"inLanguage\":\"es\",\"@id\":\"https:\/\/asteralabs.org\/es\/product\/letrozol\/#primaryimage\",\"url\":\"https:\/\/asteralabs.org\/wp-content\/uploads\/2023\/01\/Letrozole-mockup-nbg.png\",\"contentUrl\":\"https:\/\/asteralabs.org\/wp-content\/uploads\/2023\/01\/Letrozole-mockup-nbg.png\",\"width\":2000,\"height\":2000},{\"@type\":\"BreadcrumbList\",\"@id\":\"https:\/\/asteralabs.org\/es\/product\/letrozol\/#breadcrumb\",\"itemListElement\":[{\"@type\":\"ListItem\",\"position\":1,\"name\":\"Home\",\"item\":\"https:\/\/asteralabs.org\/es\/\"},{\"@type\":\"ListItem\",\"position\":2,\"name\":\"Tienda\",\"item\":\"https:\/\/asteralabs.org\/tienda\/\"},{\"@type\":\"ListItem\",\"position\":3,\"name\":\"Letrozol\"}]},{\"@type\":\"WebSite\",\"@id\":\"https:\/\/asteralabs.org\/es\/#website\",\"url\":\"https:\/\/asteralabs.org\/es\/\",\"name\":\"Astera Labs\",\"description\":\"Improve Your Quality Of Life\",\"publisher\":{\"@id\":\"https:\/\/asteralabs.org\/es\/#organization\"},\"potentialAction\":[{\"@type\":\"SearchAction\",\"target\":{\"@type\":\"EntryPoint\",\"urlTemplate\":\"https:\/\/asteralabs.org\/es\/?s={search_term_string}\"},\"query-input\":\"required name=search_term_string\"}],\"inLanguage\":\"es\"},{\"@type\":\"Organization\",\"@id\":\"https:\/\/asteralabs.org\/es\/#organization\",\"name\":\"Astera Labs\",\"url\":\"https:\/\/asteralabs.org\/es\/\",\"logo\":{\"@type\":\"ImageObject\",\"inLanguage\":\"es\",\"@id\":\"https:\/\/asteralabs.org\/es\/#\/schema\/logo\/image\/\",\"url\":\"https:\/\/asteralabs.org\/wp-content\/uploads\/2022\/12\/astera-2.png\",\"contentUrl\":\"https:\/\/asteralabs.org\/wp-content\/uploads\/2022\/12\/astera-2.png\",\"width\":437,\"height\":111,\"caption\":\"Astera Labs\"},\"image\":{\"@id\":\"https:\/\/asteralabs.org\/es\/#\/schema\/logo\/image\/\"}}]}<\/script>\n<!-- \/ Yoast SEO plugin. -->","yoast_head_json":{"title":"Letrozol - Astera Labs","robots":{"index":"index","follow":"follow","max-snippet":"max-snippet:-1","max-image-preview":"max-image-preview:large","max-video-preview":"max-video-preview:-1"},"canonical":"https:\/\/asteralabs.org\/es\/product\/letrozol\/","og_locale":"es_ES","og_type":"article","og_title":"Letrozol - Astera Labs","og_description":"DOSIFICACI\u00d3N: Letrozol 1mg\/tab CONTENIDO DEL ENVASE: 1 sobre, 50 comprimidos, 1mg por comprimido QU\u00c9 ES: Es el m\u00e1s potente de los llamados &#8220;inhibidores suicidas de la aromatasa&#8221;, suele utilizarse antes de la competici\u00f3n o para revertir la ginecomastia. C\u00d3MO USARLO: La dosis var\u00eda mucho en funci\u00f3n del usuario y s\u00f3lo debe ajustarse en funci\u00f3n del&hellip;","og_url":"https:\/\/asteralabs.org\/es\/product\/letrozol\/","og_site_name":"Astera Labs","article_modified_time":"2026-01-16T09:18:19+00:00","og_image":[{"width":2000,"height":2000,"url":"https:\/\/asteralabs.org\/wp-content\/uploads\/2023\/01\/Letrozole-mockup-nbg.png","type":"image\/png"}],"twitter_card":"summary_large_image","schema":{"@context":"https:\/\/schema.org","@graph":[{"@type":"WebPage","@id":"https:\/\/asteralabs.org\/es\/product\/letrozol\/","url":"https:\/\/asteralabs.org\/es\/product\/letrozol\/","name":"Letrozol - Astera Labs","isPartOf":{"@id":"https:\/\/asteralabs.org\/es\/#website"},"primaryImageOfPage":{"@id":"https:\/\/asteralabs.org\/es\/product\/letrozol\/#primaryimage"},"image":{"@id":"https:\/\/asteralabs.org\/es\/product\/letrozol\/#primaryimage"},"thumbnailUrl":"https:\/\/asteralabs.org\/wp-content\/uploads\/2023\/01\/Letrozole-mockup-nbg.png","datePublished":"2023-01-10T22:47:13+00:00","dateModified":"2026-01-16T09:18:19+00:00","breadcrumb":{"@id":"https:\/\/asteralabs.org\/es\/product\/letrozol\/#breadcrumb"},"inLanguage":"es","potentialAction":[{"@type":"ReadAction","target":["https:\/\/asteralabs.org\/es\/product\/letrozol\/"]}]},{"@type":"ImageObject","inLanguage":"es","@id":"https:\/\/asteralabs.org\/es\/product\/letrozol\/#primaryimage","url":"https:\/\/asteralabs.org\/wp-content\/uploads\/2023\/01\/Letrozole-mockup-nbg.png","contentUrl":"https:\/\/asteralabs.org\/wp-content\/uploads\/2023\/01\/Letrozole-mockup-nbg.png","width":2000,"height":2000},{"@type":"BreadcrumbList","@id":"https:\/\/asteralabs.org\/es\/product\/letrozol\/#breadcrumb","itemListElement":[{"@type":"ListItem","position":1,"name":"Home","item":"https:\/\/asteralabs.org\/es\/"},{"@type":"ListItem","position":2,"name":"Tienda","item":"https:\/\/asteralabs.org\/tienda\/"},{"@type":"ListItem","position":3,"name":"Letrozol"}]},{"@type":"WebSite","@id":"https:\/\/asteralabs.org\/es\/#website","url":"https:\/\/asteralabs.org\/es\/","name":"Astera Labs","description":"Improve Your Quality Of Life","publisher":{"@id":"https:\/\/asteralabs.org\/es\/#organization"},"potentialAction":[{"@type":"SearchAction","target":{"@type":"EntryPoint","urlTemplate":"https:\/\/asteralabs.org\/es\/?s={search_term_string}"},"query-input":"required name=search_term_string"}],"inLanguage":"es"},{"@type":"Organization","@id":"https:\/\/asteralabs.org\/es\/#organization","name":"Astera Labs","url":"https:\/\/asteralabs.org\/es\/","logo":{"@type":"ImageObject","inLanguage":"es","@id":"https:\/\/asteralabs.org\/es\/#\/schema\/logo\/image\/","url":"https:\/\/asteralabs.org\/wp-content\/uploads\/2022\/12\/astera-2.png","contentUrl":"https:\/\/asteralabs.org\/wp-content\/uploads\/2022\/12\/astera-2.png","width":437,"height":111,"caption":"Astera Labs"},"image":{"@id":"https:\/\/asteralabs.org\/es\/#\/schema\/logo\/image\/"}}]}},"_links":{"self":[{"href":"https:\/\/asteralabs.org\/es\/wp-json\/wp\/v2\/product\/78238"}],"collection":[{"href":"https:\/\/asteralabs.org\/es\/wp-json\/wp\/v2\/product"}],"about":[{"href":"https:\/\/asteralabs.org\/es\/wp-json\/wp\/v2\/types\/product"}],"replies":[{"embeddable":true,"href":"https:\/\/asteralabs.org\/es\/wp-json\/wp\/v2\/comments?post=78238"}],"version-history":[{"count":0,"href":"https:\/\/asteralabs.org\/es\/wp-json\/wp\/v2\/product\/78238\/revisions"}],"wp:featuredmedia":[{"embeddable":true,"href":"https:\/\/asteralabs.org\/es\/wp-json\/wp\/v2\/media\/76269"}],"wp:attachment":[{"href":"https:\/\/asteralabs.org\/es\/wp-json\/wp\/v2\/media?parent=78238"}],"wp:term":[{"taxonomy":"product_cat","embeddable":true,"href":"https:\/\/asteralabs.org\/es\/wp-json\/wp\/v2\/product_cat?post=78238"},{"taxonomy":"product_tag","embeddable":true,"href":"https:\/\/asteralabs.org\/es\/wp-json\/wp\/v2\/product_tag?post=78238"}],"curies":[{"name":"wp","href":"https:\/\/api.w.org\/{rel}","templated":true}]}}