{"id":78254,"date":"2023-01-10T22:43:49","date_gmt":"2023-01-10T22:43:49","guid":{"rendered":"https:\/\/asteralabs.org\/product\/oximetolona-2\/"},"modified":"2026-01-16T10:35:10","modified_gmt":"2026-01-16T10:35:10","slug":"oximetolona-2","status":"publish","type":"product","link":"https:\/\/asteralabs.org\/es\/product\/oximetolona-2\/","title":{"rendered":"Oximetolona"},"content":{"rendered":"<p><strong>DOSIFICACI\u00d3N: <\/strong><br \/>\nOximetolona 25mg\/pesta\u00f1a <strong>CONTENIDO DEL ENVASE: <\/strong><br \/>\n1 sobre, 100 pesta\u00f1as, 25 mg por pesta\u00f1a <strong>QU\u00c9 ES: <\/strong><br \/>\nLa Oximetolona es uno de los esteroides orales m\u00e1s utilizados del mercado. Normalmente se utiliza en ciclos de aumento de volumen debido a la r\u00e1pida ganancia de masa muscular que proporciona (en parte gracias al aumento de las reservas de gluc\u00f3geno), tambi\u00e9n debido a esta raz\u00f3n proporciona un aumento sustancial de la fuerza, debido a esto se utiliza com\u00fanmente en competiciones de powerlifting y strongman. Su hepatotoxicidad no es tan alta como se rumorea, dosis relativamente altas se consideran seguras en ni\u00f1os enfermos y personas con c\u00e1ncer y osteoporosis seg\u00fan diversos ensayos cl\u00ednicos. Al ser la versi\u00f3n oral, su absorci\u00f3n ser\u00e1 mayor, y al carecer de \u00e9ster, su absorci\u00f3n ser\u00e1 casi tan r\u00e1pida como la de la versi\u00f3n oral. <strong>C\u00d3MO USARLO: <\/strong><br \/>\nLas dosis m\u00e1s habituales son de 50 a 100 mg al d\u00eda. Aunque es inyectable, recomendamos utilizar el mismo protocolo que con la versi\u00f3n oral. Recomendamos dividir la dosis dos veces al d\u00eda. Los ciclos suelen durar entre 4 y 6 semanas. <strong>INFORMACI\u00d3N DEL LOTE:<br \/>\n<\/strong>N\u00ba de lote: <span data-sheets-root=\"1\" data-sheets-value=\"{\" data-sheets-userformat=\"{\">MS33537<\/span><br \/>\nFecha de fabricaci\u00f3n: <span data-sheets-root=\"1\" data-sheets-value=\"{\" data-sheets-userformat=\"{\">10.2025.<\/span><br \/>\nFecha de caducidad: <span data-sheets-root=\"1\" data-sheets-value=\"{\" data-sheets-userformat=\"{\">10.2028.<\/span><\/p>\n","protected":false},"excerpt":{"rendered":"<p>DOSIFICACI\u00d3N: Oximetolona 25mg\/pesta\u00f1a CONTENIDO DEL ENVASE: 1 sobre, 100 pesta\u00f1as, 25 mg por pesta\u00f1a QU\u00c9 ES: La Oximetolona es uno de los esteroides orales m\u00e1s utilizados del mercado. Normalmente se utiliza en ciclos de aumento de volumen debido a la r\u00e1pida ganancia de masa muscular que proporciona (en parte gracias al aumento de las reservas&hellip;<\/p>\n","protected":false},"featured_media":76333,"comment_status":"open","ping_status":"closed","template":"","meta":[],"product_cat":[164,173],"product_tag":[],"yoast_head":"<!-- This site is optimized with the Yoast SEO plugin v23.0 - https:\/\/yoast.com\/wordpress\/plugins\/seo\/ -->\n<title>Oximetolona - Astera Labs<\/title>\n<meta name=\"robots\" content=\"index, follow, max-snippet:-1, max-image-preview:large, max-video-preview:-1\" \/>\n<link rel=\"canonical\" href=\"https:\/\/asteralabs.org\/es\/product\/oximetolona-2\/\" \/>\n<meta property=\"og:locale\" content=\"es_ES\" \/>\n<meta property=\"og:type\" content=\"article\" \/>\n<meta property=\"og:title\" content=\"Oximetolona - Astera Labs\" \/>\n<meta property=\"og:description\" content=\"DOSIFICACI\u00d3N: Oximetolona 25mg\/pesta\u00f1a CONTENIDO DEL ENVASE: 1 sobre, 100 pesta\u00f1as, 25 mg por pesta\u00f1a QU\u00c9 ES: La Oximetolona es uno de los esteroides orales m\u00e1s utilizados del mercado. Normalmente se utiliza en ciclos de aumento de volumen debido a la r\u00e1pida ganancia de masa muscular que proporciona (en parte gracias al aumento de las reservas&hellip;\" \/>\n<meta property=\"og:url\" content=\"https:\/\/asteralabs.org\/es\/product\/oximetolona-2\/\" \/>\n<meta property=\"og:site_name\" content=\"Astera Labs\" \/>\n<meta property=\"article:modified_time\" content=\"2026-01-16T10:35:10+00:00\" \/>\n<meta property=\"og:image\" content=\"https:\/\/asteralabs.org\/wp-content\/uploads\/2023\/01\/Oxymetholone-mockup-nbg.png\" \/>\n\t<meta property=\"og:image:width\" content=\"2000\" \/>\n\t<meta property=\"og:image:height\" content=\"2000\" \/>\n\t<meta property=\"og:image:type\" content=\"image\/png\" \/>\n<meta name=\"twitter:card\" content=\"summary_large_image\" \/>\n<script type=\"application\/ld+json\" class=\"yoast-schema-graph\">{\"@context\":\"https:\/\/schema.org\",\"@graph\":[{\"@type\":\"WebPage\",\"@id\":\"https:\/\/asteralabs.org\/es\/product\/oximetolona-2\/\",\"url\":\"https:\/\/asteralabs.org\/es\/product\/oximetolona-2\/\",\"name\":\"Oximetolona - Astera Labs\",\"isPartOf\":{\"@id\":\"https:\/\/asteralabs.org\/es\/#website\"},\"primaryImageOfPage\":{\"@id\":\"https:\/\/asteralabs.org\/es\/product\/oximetolona-2\/#primaryimage\"},\"image\":{\"@id\":\"https:\/\/asteralabs.org\/es\/product\/oximetolona-2\/#primaryimage\"},\"thumbnailUrl\":\"https:\/\/asteralabs.org\/wp-content\/uploads\/2023\/01\/Oxymetholone-mockup-nbg.png\",\"datePublished\":\"2023-01-10T22:43:49+00:00\",\"dateModified\":\"2026-01-16T10:35:10+00:00\",\"breadcrumb\":{\"@id\":\"https:\/\/asteralabs.org\/es\/product\/oximetolona-2\/#breadcrumb\"},\"inLanguage\":\"es\",\"potentialAction\":[{\"@type\":\"ReadAction\",\"target\":[\"https:\/\/asteralabs.org\/es\/product\/oximetolona-2\/\"]}]},{\"@type\":\"ImageObject\",\"inLanguage\":\"es\",\"@id\":\"https:\/\/asteralabs.org\/es\/product\/oximetolona-2\/#primaryimage\",\"url\":\"https:\/\/asteralabs.org\/wp-content\/uploads\/2023\/01\/Oxymetholone-mockup-nbg.png\",\"contentUrl\":\"https:\/\/asteralabs.org\/wp-content\/uploads\/2023\/01\/Oxymetholone-mockup-nbg.png\",\"width\":2000,\"height\":2000},{\"@type\":\"BreadcrumbList\",\"@id\":\"https:\/\/asteralabs.org\/es\/product\/oximetolona-2\/#breadcrumb\",\"itemListElement\":[{\"@type\":\"ListItem\",\"position\":1,\"name\":\"Home\",\"item\":\"https:\/\/asteralabs.org\/es\/\"},{\"@type\":\"ListItem\",\"position\":2,\"name\":\"Tienda\",\"item\":\"https:\/\/asteralabs.org\/tienda\/\"},{\"@type\":\"ListItem\",\"position\":3,\"name\":\"Oximetolona\"}]},{\"@type\":\"WebSite\",\"@id\":\"https:\/\/asteralabs.org\/es\/#website\",\"url\":\"https:\/\/asteralabs.org\/es\/\",\"name\":\"Astera Labs\",\"description\":\"Improve Your Quality Of Life\",\"publisher\":{\"@id\":\"https:\/\/asteralabs.org\/es\/#organization\"},\"potentialAction\":[{\"@type\":\"SearchAction\",\"target\":{\"@type\":\"EntryPoint\",\"urlTemplate\":\"https:\/\/asteralabs.org\/es\/?s={search_term_string}\"},\"query-input\":\"required name=search_term_string\"}],\"inLanguage\":\"es\"},{\"@type\":\"Organization\",\"@id\":\"https:\/\/asteralabs.org\/es\/#organization\",\"name\":\"Astera Labs\",\"url\":\"https:\/\/asteralabs.org\/es\/\",\"logo\":{\"@type\":\"ImageObject\",\"inLanguage\":\"es\",\"@id\":\"https:\/\/asteralabs.org\/es\/#\/schema\/logo\/image\/\",\"url\":\"https:\/\/asteralabs.org\/wp-content\/uploads\/2022\/12\/astera-2.png\",\"contentUrl\":\"https:\/\/asteralabs.org\/wp-content\/uploads\/2022\/12\/astera-2.png\",\"width\":437,\"height\":111,\"caption\":\"Astera Labs\"},\"image\":{\"@id\":\"https:\/\/asteralabs.org\/es\/#\/schema\/logo\/image\/\"}}]}<\/script>\n<!-- \/ Yoast SEO plugin. -->","yoast_head_json":{"title":"Oximetolona - Astera Labs","robots":{"index":"index","follow":"follow","max-snippet":"max-snippet:-1","max-image-preview":"max-image-preview:large","max-video-preview":"max-video-preview:-1"},"canonical":"https:\/\/asteralabs.org\/es\/product\/oximetolona-2\/","og_locale":"es_ES","og_type":"article","og_title":"Oximetolona - Astera Labs","og_description":"DOSIFICACI\u00d3N: Oximetolona 25mg\/pesta\u00f1a CONTENIDO DEL ENVASE: 1 sobre, 100 pesta\u00f1as, 25 mg por pesta\u00f1a QU\u00c9 ES: La Oximetolona es uno de los esteroides orales m\u00e1s utilizados del mercado. Normalmente se utiliza en ciclos de aumento de volumen debido a la r\u00e1pida ganancia de masa muscular que proporciona (en parte gracias al aumento de las reservas&hellip;","og_url":"https:\/\/asteralabs.org\/es\/product\/oximetolona-2\/","og_site_name":"Astera Labs","article_modified_time":"2026-01-16T10:35:10+00:00","og_image":[{"width":2000,"height":2000,"url":"https:\/\/asteralabs.org\/wp-content\/uploads\/2023\/01\/Oxymetholone-mockup-nbg.png","type":"image\/png"}],"twitter_card":"summary_large_image","schema":{"@context":"https:\/\/schema.org","@graph":[{"@type":"WebPage","@id":"https:\/\/asteralabs.org\/es\/product\/oximetolona-2\/","url":"https:\/\/asteralabs.org\/es\/product\/oximetolona-2\/","name":"Oximetolona - Astera Labs","isPartOf":{"@id":"https:\/\/asteralabs.org\/es\/#website"},"primaryImageOfPage":{"@id":"https:\/\/asteralabs.org\/es\/product\/oximetolona-2\/#primaryimage"},"image":{"@id":"https:\/\/asteralabs.org\/es\/product\/oximetolona-2\/#primaryimage"},"thumbnailUrl":"https:\/\/asteralabs.org\/wp-content\/uploads\/2023\/01\/Oxymetholone-mockup-nbg.png","datePublished":"2023-01-10T22:43:49+00:00","dateModified":"2026-01-16T10:35:10+00:00","breadcrumb":{"@id":"https:\/\/asteralabs.org\/es\/product\/oximetolona-2\/#breadcrumb"},"inLanguage":"es","potentialAction":[{"@type":"ReadAction","target":["https:\/\/asteralabs.org\/es\/product\/oximetolona-2\/"]}]},{"@type":"ImageObject","inLanguage":"es","@id":"https:\/\/asteralabs.org\/es\/product\/oximetolona-2\/#primaryimage","url":"https:\/\/asteralabs.org\/wp-content\/uploads\/2023\/01\/Oxymetholone-mockup-nbg.png","contentUrl":"https:\/\/asteralabs.org\/wp-content\/uploads\/2023\/01\/Oxymetholone-mockup-nbg.png","width":2000,"height":2000},{"@type":"BreadcrumbList","@id":"https:\/\/asteralabs.org\/es\/product\/oximetolona-2\/#breadcrumb","itemListElement":[{"@type":"ListItem","position":1,"name":"Home","item":"https:\/\/asteralabs.org\/es\/"},{"@type":"ListItem","position":2,"name":"Tienda","item":"https:\/\/asteralabs.org\/tienda\/"},{"@type":"ListItem","position":3,"name":"Oximetolona"}]},{"@type":"WebSite","@id":"https:\/\/asteralabs.org\/es\/#website","url":"https:\/\/asteralabs.org\/es\/","name":"Astera Labs","description":"Improve Your Quality Of Life","publisher":{"@id":"https:\/\/asteralabs.org\/es\/#organization"},"potentialAction":[{"@type":"SearchAction","target":{"@type":"EntryPoint","urlTemplate":"https:\/\/asteralabs.org\/es\/?s={search_term_string}"},"query-input":"required name=search_term_string"}],"inLanguage":"es"},{"@type":"Organization","@id":"https:\/\/asteralabs.org\/es\/#organization","name":"Astera Labs","url":"https:\/\/asteralabs.org\/es\/","logo":{"@type":"ImageObject","inLanguage":"es","@id":"https:\/\/asteralabs.org\/es\/#\/schema\/logo\/image\/","url":"https:\/\/asteralabs.org\/wp-content\/uploads\/2022\/12\/astera-2.png","contentUrl":"https:\/\/asteralabs.org\/wp-content\/uploads\/2022\/12\/astera-2.png","width":437,"height":111,"caption":"Astera Labs"},"image":{"@id":"https:\/\/asteralabs.org\/es\/#\/schema\/logo\/image\/"}}]}},"_links":{"self":[{"href":"https:\/\/asteralabs.org\/es\/wp-json\/wp\/v2\/product\/78254"}],"collection":[{"href":"https:\/\/asteralabs.org\/es\/wp-json\/wp\/v2\/product"}],"about":[{"href":"https:\/\/asteralabs.org\/es\/wp-json\/wp\/v2\/types\/product"}],"replies":[{"embeddable":true,"href":"https:\/\/asteralabs.org\/es\/wp-json\/wp\/v2\/comments?post=78254"}],"version-history":[{"count":0,"href":"https:\/\/asteralabs.org\/es\/wp-json\/wp\/v2\/product\/78254\/revisions"}],"wp:featuredmedia":[{"embeddable":true,"href":"https:\/\/asteralabs.org\/es\/wp-json\/wp\/v2\/media\/76333"}],"wp:attachment":[{"href":"https:\/\/asteralabs.org\/es\/wp-json\/wp\/v2\/media?parent=78254"}],"wp:term":[{"taxonomy":"product_cat","embeddable":true,"href":"https:\/\/asteralabs.org\/es\/wp-json\/wp\/v2\/product_cat?post=78254"},{"taxonomy":"product_tag","embeddable":true,"href":"https:\/\/asteralabs.org\/es\/wp-json\/wp\/v2\/product_tag?post=78254"}],"curies":[{"name":"wp","href":"https:\/\/api.w.org\/{rel}","templated":true}]}}