{"id":76705,"date":"2022-10-28T12:27:11","date_gmt":"2022-10-28T12:27:11","guid":{"rendered":"https:\/\/asteralabs.org\/exemple-de-page\/"},"modified":"2025-01-29T15:41:38","modified_gmt":"2025-01-29T15:41:38","slug":"exemple-de-page","status":"publish","type":"page","link":"https:\/\/asteralabs.org\/fr\/exemple-de-page\/","title":{"rendered":"Exemple de page"},"content":{"rendered":"\n<p>Il s&#8217;agit d&#8217;une page d&#8217;exemple. Elle diff\u00e8re d&#8217;un article de blog car elle reste au m\u00eame endroit et s&#8217;affiche dans la navigation de votre site (dans la plupart des th\u00e8mes). La plupart des gens commencent par une page &#8220;\u00c0 propos&#8221; qui les pr\u00e9sente aux visiteurs potentiels du site. Cette page pourrait ressembler \u00e0 ceci :   <\/p>\n\n<blockquote class=\"wp-block-quote is-layout-flow wp-block-quote-is-layout-flow\"><p>Bonjour \u00e0 tous ! Je suis coursier \u00e0 v\u00e9lo le jour, acteur en herbe la nuit, et ceci est mon site web. Je vis \u00e0 Los Angeles, j&#8217;ai un super chien qui s&#8217;appelle Jack et j&#8217;aime les pi\u00f1a coladas. (Et me faire surprendre par la pluie.)   <\/p><\/blockquote>\n\n<p>&#8230;ou quelque chose comme \u00e7a :<\/p>\n\n<blockquote class=\"wp-block-quote is-layout-flow wp-block-quote-is-layout-flow\"><p>La soci\u00e9t\u00e9 XYZ Doohickey Company a \u00e9t\u00e9 fond\u00e9e en 1971 et fournit depuis lors des doohickeys de qualit\u00e9 au public. Situ\u00e9e \u00e0 Gotham City, XYZ emploie plus de 2 000 personnes et fait toutes sortes de choses g\u00e9niales pour la communaut\u00e9 de Gotham. <\/p><\/blockquote>\n\n<p>En tant que nouvel utilisateur de WordPress, vous devriez aller dans <a href=\"https:\/\/asteralabs.org\/wp-admin\/\">votre tableau de bord<\/a> pour supprimer cette page et cr\u00e9er de nouvelles pages pour votre contenu. Amusez-vous bien ! <\/p>\n","protected":false},"excerpt":{"rendered":"<p>Il s&#8217;agit d&#8217;une page d&#8217;exemple. Elle diff\u00e8re d&#8217;un article de blog car elle reste au m\u00eame endroit et s&#8217;affiche dans la navigation de votre site (dans la plupart des th\u00e8mes). La plupart des gens commencent par une page &#8220;\u00c0 propos&#8221; qui les pr\u00e9sente aux visiteurs potentiels du site. Cette page pourrait ressembler \u00e0 ceci :&hellip;<\/p>\n","protected":false},"author":1,"featured_media":0,"parent":0,"menu_order":0,"comment_status":"closed","ping_status":"open","template":"","meta":{"_acf_changed":false,"footnotes":""},"class_list":["post-76705","page","type-page","status-publish","hentry","description-off"],"acf":[],"yoast_head":"<!-- This site is optimized with the Yoast SEO plugin v27.4 - https:\/\/yoast.com\/product\/yoast-seo-wordpress\/ -->\n<title>Exemple de page - Astera Labs<\/title>\n<meta name=\"robots\" content=\"index, follow, max-snippet:-1, max-image-preview:large, max-video-preview:-1\" \/>\n<link rel=\"canonical\" href=\"https:\/\/asteralabs.org\/fr\/exemple-de-page\/\" \/>\n<meta property=\"og:locale\" content=\"fr_FR\" \/>\n<meta property=\"og:type\" content=\"article\" \/>\n<meta property=\"og:title\" content=\"Exemple de page - Astera Labs\" \/>\n<meta property=\"og:description\" content=\"Il s&#8217;agit d&#8217;une page d&#8217;exemple. Elle diff\u00e8re d&#8217;un article de blog car elle reste au m\u00eame endroit et s&#8217;affiche dans la navigation de votre site (dans la plupart des th\u00e8mes). La plupart des gens commencent par une page &#8220;\u00c0 propos&#8221; qui les pr\u00e9sente aux visiteurs potentiels du site. Cette page pourrait ressembler \u00e0 ceci :&hellip;\" \/>\n<meta property=\"og:url\" content=\"https:\/\/asteralabs.org\/fr\/exemple-de-page\/\" \/>\n<meta property=\"og:site_name\" content=\"Astera Labs\" \/>\n<meta property=\"article:modified_time\" content=\"2025-01-29T15:41:38+00:00\" \/>\n<meta name=\"twitter:card\" content=\"summary_large_image\" \/>\n<script type=\"application\/ld+json\" class=\"yoast-schema-graph\">{\"@context\":\"https:\\\/\\\/schema.org\",\"@graph\":[{\"@type\":\"WebPage\",\"@id\":\"https:\\\/\\\/asteralabs.org\\\/fr\\\/exemple-de-page\\\/\",\"url\":\"https:\\\/\\\/asteralabs.org\\\/fr\\\/exemple-de-page\\\/\",\"name\":\"Exemple de page - Astera Labs\",\"isPartOf\":{\"@id\":\"https:\\\/\\\/asteralabs.org\\\/fr\\\/#website\"},\"datePublished\":\"2022-10-28T12:27:11+00:00\",\"dateModified\":\"2025-01-29T15:41:38+00:00\",\"breadcrumb\":{\"@id\":\"https:\\\/\\\/asteralabs.org\\\/fr\\\/exemple-de-page\\\/#breadcrumb\"},\"inLanguage\":\"fr-FR\",\"potentialAction\":[{\"@type\":\"ReadAction\",\"target\":[\"https:\\\/\\\/asteralabs.org\\\/fr\\\/exemple-de-page\\\/\"]}]},{\"@type\":\"BreadcrumbList\",\"@id\":\"https:\\\/\\\/asteralabs.org\\\/fr\\\/exemple-de-page\\\/#breadcrumb\",\"itemListElement\":[{\"@type\":\"ListItem\",\"position\":1,\"name\":\"Home\",\"item\":\"https:\\\/\\\/asteralabs.org\\\/fr\\\/\"},{\"@type\":\"ListItem\",\"position\":2,\"name\":\"Exemple de page\"}]},{\"@type\":\"WebSite\",\"@id\":\"https:\\\/\\\/asteralabs.org\\\/fr\\\/#website\",\"url\":\"https:\\\/\\\/asteralabs.org\\\/fr\\\/\",\"name\":\"Astera Labs\",\"description\":\"Improve Your Quality Of Life\",\"publisher\":{\"@id\":\"https:\\\/\\\/asteralabs.org\\\/fr\\\/#organization\"},\"potentialAction\":[{\"@type\":\"SearchAction\",\"target\":{\"@type\":\"EntryPoint\",\"urlTemplate\":\"https:\\\/\\\/asteralabs.org\\\/fr\\\/?s={search_term_string}\"},\"query-input\":{\"@type\":\"PropertyValueSpecification\",\"valueRequired\":true,\"valueName\":\"search_term_string\"}}],\"inLanguage\":\"fr-FR\"},{\"@type\":\"Organization\",\"@id\":\"https:\\\/\\\/asteralabs.org\\\/fr\\\/#organization\",\"name\":\"Astera Labs\",\"url\":\"https:\\\/\\\/asteralabs.org\\\/fr\\\/\",\"logo\":{\"@type\":\"ImageObject\",\"inLanguage\":\"fr-FR\",\"@id\":\"https:\\\/\\\/asteralabs.org\\\/fr\\\/#\\\/schema\\\/logo\\\/image\\\/\",\"url\":\"https:\\\/\\\/asteralabs.org\\\/wp-content\\\/uploads\\\/2022\\\/12\\\/astera-2.png\",\"contentUrl\":\"https:\\\/\\\/asteralabs.org\\\/wp-content\\\/uploads\\\/2022\\\/12\\\/astera-2.png\",\"width\":437,\"height\":111,\"caption\":\"Astera Labs\"},\"image\":{\"@id\":\"https:\\\/\\\/asteralabs.org\\\/fr\\\/#\\\/schema\\\/logo\\\/image\\\/\"}}]}<\/script>\n<!-- \/ Yoast SEO plugin. -->","yoast_head_json":{"title":"Exemple de page - Astera Labs","robots":{"index":"index","follow":"follow","max-snippet":"max-snippet:-1","max-image-preview":"max-image-preview:large","max-video-preview":"max-video-preview:-1"},"canonical":"https:\/\/asteralabs.org\/fr\/exemple-de-page\/","og_locale":"fr_FR","og_type":"article","og_title":"Exemple de page - Astera Labs","og_description":"Il s&#8217;agit d&#8217;une page d&#8217;exemple. Elle diff\u00e8re d&#8217;un article de blog car elle reste au m\u00eame endroit et s&#8217;affiche dans la navigation de votre site (dans la plupart des th\u00e8mes). La plupart des gens commencent par une page &#8220;\u00c0 propos&#8221; qui les pr\u00e9sente aux visiteurs potentiels du site. Cette page pourrait ressembler \u00e0 ceci :&hellip;","og_url":"https:\/\/asteralabs.org\/fr\/exemple-de-page\/","og_site_name":"Astera Labs","article_modified_time":"2025-01-29T15:41:38+00:00","twitter_card":"summary_large_image","schema":{"@context":"https:\/\/schema.org","@graph":[{"@type":"WebPage","@id":"https:\/\/asteralabs.org\/fr\/exemple-de-page\/","url":"https:\/\/asteralabs.org\/fr\/exemple-de-page\/","name":"Exemple de page - Astera Labs","isPartOf":{"@id":"https:\/\/asteralabs.org\/fr\/#website"},"datePublished":"2022-10-28T12:27:11+00:00","dateModified":"2025-01-29T15:41:38+00:00","breadcrumb":{"@id":"https:\/\/asteralabs.org\/fr\/exemple-de-page\/#breadcrumb"},"inLanguage":"fr-FR","potentialAction":[{"@type":"ReadAction","target":["https:\/\/asteralabs.org\/fr\/exemple-de-page\/"]}]},{"@type":"BreadcrumbList","@id":"https:\/\/asteralabs.org\/fr\/exemple-de-page\/#breadcrumb","itemListElement":[{"@type":"ListItem","position":1,"name":"Home","item":"https:\/\/asteralabs.org\/fr\/"},{"@type":"ListItem","position":2,"name":"Exemple de page"}]},{"@type":"WebSite","@id":"https:\/\/asteralabs.org\/fr\/#website","url":"https:\/\/asteralabs.org\/fr\/","name":"Astera Labs","description":"Improve Your Quality Of Life","publisher":{"@id":"https:\/\/asteralabs.org\/fr\/#organization"},"potentialAction":[{"@type":"SearchAction","target":{"@type":"EntryPoint","urlTemplate":"https:\/\/asteralabs.org\/fr\/?s={search_term_string}"},"query-input":{"@type":"PropertyValueSpecification","valueRequired":true,"valueName":"search_term_string"}}],"inLanguage":"fr-FR"},{"@type":"Organization","@id":"https:\/\/asteralabs.org\/fr\/#organization","name":"Astera Labs","url":"https:\/\/asteralabs.org\/fr\/","logo":{"@type":"ImageObject","inLanguage":"fr-FR","@id":"https:\/\/asteralabs.org\/fr\/#\/schema\/logo\/image\/","url":"https:\/\/asteralabs.org\/wp-content\/uploads\/2022\/12\/astera-2.png","contentUrl":"https:\/\/asteralabs.org\/wp-content\/uploads\/2022\/12\/astera-2.png","width":437,"height":111,"caption":"Astera Labs"},"image":{"@id":"https:\/\/asteralabs.org\/fr\/#\/schema\/logo\/image\/"}}]}},"_links":{"self":[{"href":"https:\/\/asteralabs.org\/fr\/wp-json\/wp\/v2\/pages\/76705","targetHints":{"allow":["GET"]}}],"collection":[{"href":"https:\/\/asteralabs.org\/fr\/wp-json\/wp\/v2\/pages"}],"about":[{"href":"https:\/\/asteralabs.org\/fr\/wp-json\/wp\/v2\/types\/page"}],"author":[{"embeddable":true,"href":"https:\/\/asteralabs.org\/fr\/wp-json\/wp\/v2\/users\/1"}],"replies":[{"embeddable":true,"href":"https:\/\/asteralabs.org\/fr\/wp-json\/wp\/v2\/comments?post=76705"}],"version-history":[{"count":1,"href":"https:\/\/asteralabs.org\/fr\/wp-json\/wp\/v2\/pages\/76705\/revisions"}],"predecessor-version":[{"id":76709,"href":"https:\/\/asteralabs.org\/fr\/wp-json\/wp\/v2\/pages\/76705\/revisions\/76709"}],"wp:attachment":[{"href":"https:\/\/asteralabs.org\/fr\/wp-json\/wp\/v2\/media?parent=76705"}],"curies":[{"name":"wp","href":"https:\/\/api.w.org\/{rel}","templated":true}]}}