{"id":77101,"date":"2023-02-21T19:33:10","date_gmt":"2023-02-21T19:33:10","guid":{"rendered":"https:\/\/asteralabs.org\/conditions-dutilisation-2\/"},"modified":"2025-01-30T13:28:42","modified_gmt":"2025-01-30T13:28:42","slug":"conditions-dutilisation","status":"publish","type":"page","link":"https:\/\/asteralabs.org\/fr\/conditions-dutilisation\/","title":{"rendered":"Conditions d&#8217;utilisation"},"content":{"rendered":"\t\t<div data-elementor-type=\"wp-page\" data-elementor-id=\"77101\" class=\"elementor elementor-77101 elementor-72914\" data-elementor-post-type=\"page\">\n\t\t\t\t\t\t\t\t\t<section class=\"elementor-section elementor-top-section elementor-element elementor-element-40ea88b elementor-section-boxed elementor-section-height-default elementor-section-height-default\" data-id=\"40ea88b\" data-element_type=\"section\">\n\t\t\t\t\t\t<div class=\"elementor-container elementor-column-gap-default\">\n\t\t\t\t\t<div class=\"elementor-column elementor-col-100 elementor-top-column elementor-element elementor-element-3ed11c8\" data-id=\"3ed11c8\" data-element_type=\"column\">\n\t\t\t<div class=\"elementor-widget-wrap elementor-element-populated\">\n\t\t\t\t\t\t\t\t<div class=\"elementor-element elementor-element-62d9358 elementor-widget elementor-widget-heading\" data-id=\"62d9358\" data-element_type=\"widget\" data-widget_type=\"heading.default\">\n\t\t\t\t<div class=\"elementor-widget-container\">\n\t\t\t<h2 class=\"elementor-heading-title elementor-size-default\">Conditions d'utilisation<\/h2>\t\t<\/div>\n\t\t\t\t<\/div>\n\t\t\t\t<div class=\"elementor-element elementor-element-051793c elementor-widget elementor-widget-text-editor\" data-id=\"051793c\" data-element_type=\"widget\" data-widget_type=\"text-editor.default\">\n\t\t\t\t<div class=\"elementor-widget-container\">\n\t\t\t\t\t\t\t<p><span style=\"color: #000000;\"><span style=\"font-size: x-large;\">1. Conditions d&#8217;utilisation<\/span><\/span><\/p>\n<p align=\"justify\"><span style=\"color: #000000;\"><span style=\"font-size: medium;\">En acc\u00e9dant au site web \u00e0 l&#8217;adresse&nbsp;<\/span><\/span><span style=\"color: #0000ff;\"><u><span style=\"font-size: medium;\"><a href=\"https:\/\/asteralabs.org\/fr\/\">https:\/\/asteralabs.org\/<\/a><\/span><\/u><\/span><span style=\"color: #000000;\"><span style=\"font-size: medium;\">En acc\u00e9dant \u00e0 ce site, vous acceptez d&#8217;\u00eatre li\u00e9 par les pr\u00e9sentes conditions de service, par toutes les lois et r\u00e9glementations applicables, et vous acceptez d&#8217;\u00eatre responsable du respect de toutes les lois locales applicables. Si vous n&#8217;acceptez pas l&#8217;une de ces conditions, il vous est interdit d&#8217;utiliser ce site ou d&#8217;y acc\u00e9der. Le mat\u00e9riel contenu dans ce site est prot\u00e9g\u00e9 par la l\u00e9gislation applicable en mati\u00e8re de droits d&#8217;auteur et de marques d\u00e9pos\u00e9es.  <\/span><\/span><\/p>\n<h3 class=\"western\"><span style=\"color: #000000;\"><span style=\"font-size: x-large;\">2. Utiliser la licence<\/span><\/span><\/h3>\n<ol start=\"2\">\n<li style=\"list-style-type: none;\">\n<ol>\n<li><span style=\"color: #000000;\"><span style=\"font-size: medium;\">Il est permis de t\u00e9l\u00e9charger temporairement une copie des documents (informations ou logiciels) figurant sur le site Web d&#8217;Astera Labs \u00e0 des fins de visualisation transitoire personnelle et non commerciale uniquement. Il s&#8217;agit d&#8217;une licence et non d&#8217;un transfert de titre, et en vertu de cette licence, vous ne pouvez pas : <\/span><\/span>\n<ol>\n<li><span style=\"color: #000000;\"><span style=\"font-size: medium;\">modifier ou copier le mat\u00e9riel ;<\/span><\/span><\/li>\n<li><span style=\"color: #000000;\"><span style=\"font-size: medium;\">utiliser le mat\u00e9riel \u00e0 des fins commerciales ou pour une pr\u00e9sentation publique (commerciale ou non) ;<\/span><\/span><\/li>\n<li><span style=\"color: #000000;\"><span style=\"font-size: medium;\">tenter de d\u00e9compiler ou de d\u00e9sosser tout logiciel contenu dans le site Web d&#8217;Astera Labs ;<\/span><\/span><\/li>\n<li><span style=\"color: #000000;\"><span style=\"font-size: medium;\">supprimer toute mention de droit d&#8217;auteur ou autre mention de propri\u00e9t\u00e9 du mat\u00e9riel ; ou<\/span><\/span><\/li>\n<li><span style=\"color: #000000;\"><span style=\"font-size: medium;\">de transf\u00e9rer le mat\u00e9riel \u00e0 une autre personne ou de cr\u00e9er un &#8220;miroir&#8221; du mat\u00e9riel sur un autre serveur.<\/span><\/span><\/li>\n<\/ol>\n<\/li>\n<li><span style=\"color: #000000;\"><span style=\"font-size: medium;\">Cette licence sera automatiquement r\u00e9sili\u00e9e si vous violez l&#8217;une quelconque de ces restrictions et pourra \u00eatre r\u00e9sili\u00e9e \u00e0 tout moment par Astera Labs. Lorsque vous cessez de consulter ces documents ou que la pr\u00e9sente licence prend fin, vous devez d\u00e9truire tous les documents t\u00e9l\u00e9charg\u00e9s en votre possession, qu&#8217;ils soient sous forme \u00e9lectronique ou imprim\u00e9e. <\/span><\/span><\/li>\n<\/ol>\n<\/li>\n<\/ol>\n<h3 class=\"western\"><span style=\"color: #000000;\"><span style=\"font-size: x-large;\">3. Clause de non-responsabilit\u00e9<\/span><\/span><\/h3>\n<ol start=\"3\">\n<li style=\"list-style-type: none;\">\n<ol>\n<li><span style=\"color: #000000;\"><span style=\"font-size: medium;\">Les documents figurant sur le site web d&#8217;Astera Labs sont fournis &#8221; tels quels &#8220;. Astera Labs ne donne aucune garantie, expresse ou implicite, et rejette par la pr\u00e9sente toute autre garantie, y compris, sans limitation, les garanties ou conditions implicites de qualit\u00e9 marchande, d&#8217;ad\u00e9quation \u00e0 un usage particulier, ou de non-violation de la propri\u00e9t\u00e9 intellectuelle ou d&#8217;autres violations des droits. <\/span><\/span><\/li>\n<li><span style=\"color: #000000;\"><span style=\"font-size: medium;\">En outre, Astera Labs ne donne aucune garantie et ne fait aucune d\u00e9claration concernant l&#8217;exactitude, les r\u00e9sultats probables ou la fiabilit\u00e9 de l&#8217;utilisation des documents figurant sur son site web ou se rapportant \u00e0 ces documents ou \u00e0 tout autre site li\u00e9 \u00e0 ce site.<\/span><\/span><\/li>\n<\/ol>\n<\/li>\n<\/ol>\n<h3 class=\"western\"><span style=\"color: #000000;\"><span style=\"font-size: x-large;\">4. Limites d&#8217;utilisation<\/span><\/span><\/h3>\n<p align=\"justify\"><span style=\"font-size: medium;\"><span style=\"color: #000000;\">En aucun cas Astera Labs ou ses fournisseurs ne pourront \u00eatre tenus responsables de tout dommage (y compris, sans s&#8217;y limiter, les dommages li\u00e9s \u00e0 la perte de donn\u00e9es ou de b\u00e9n\u00e9fices, ou \u00e0 l&#8217;interruption des activit\u00e9s) d\u00e9coulant de l&#8217;utilisation ou de l&#8217;incapacit\u00e9 d&#8217;utiliser les documents du site Web d&#8217;Astera Labs, m\u00eame si Astera Labs ou un repr\u00e9sentant autoris\u00e9 d&#8217;Astera Labs a \u00e9t\u00e9 avis\u00e9 verbalement ou par \u00e9crit de la possibilit\u00e9 d&#8217;un tel dommage. \u00c9tant donn\u00e9 que certaines juridictions ne permettent pas de limiter les garanties implicites ou de limiter la responsabilit\u00e9 pour les dommages cons\u00e9cutifs ou accessoires, il se peut que ces limitations ne s&#8217;appliquent pas \u00e0 vous. <\/span><\/span><\/p>\n<h3 class=\"western\"><span style=\"color: #000000;\"><span style=\"font-size: x-large;\">5. Pr\u00e9cision des mat\u00e9riaux<\/span><\/span><\/h3>\n<p align=\"justify\"><span style=\"font-size: medium;\"><span style=\"color: #000000;\">Les documents figurant sur le site web d&#8217;Astera Labs peuvent comporter des erreurs techniques, typographiques ou photographiques. Astera Labs ne garantit pas l&#8217;exactitude, l&#8217;exhaustivit\u00e9 ou l&#8217;actualit\u00e9 des documents figurant sur son site web. Astera Labs peut modifier \u00e0 tout moment et sans pr\u00e9avis le contenu de son site web. Toutefois, Astera Labs ne s&#8217;engage pas \u00e0 mettre \u00e0 jour le mat\u00e9riel.   <\/span><\/span><\/p>\n<h3 class=\"western\"><span style=\"color: #000000;\"><span style=\"font-size: x-large;\">6. Liens<\/span><\/span><\/h3>\n<p align=\"justify\"><span style=\"font-size: medium;\"><span style=\"color: #000000;\">Astera Labs n&#8217;a pas examin\u00e9 tous les sites li\u00e9s \u00e0 son site web et n&#8217;est pas responsable du contenu de ces sites. L&#8217;inclusion d&#8217;un lien ne signifie pas qu&#8217;Astera Labs approuve le site en question. L&#8217;utilisation d&#8217;un tel site est aux risques et p\u00e9rils de l&#8217;utilisateur.  <\/span><\/span><\/p>\n<h3 class=\"western\"><span style=\"color: #000000;\"><span style=\"font-size: x-large;\">7. Modifications<\/span><\/span><\/h3>\n<p align=\"justify\"><span style=\"font-size: medium;\"><span style=\"color: #000000;\">Astera Labs peut r\u00e9viser les pr\u00e9sentes conditions d&#8217;utilisation de son site web \u00e0 tout moment et sans pr\u00e9avis. En utilisant ce site web, vous acceptez d&#8217;\u00eatre li\u00e9 par la version la plus r\u00e9cente de ces conditions de service. <\/span><\/span><\/p>\n<h3 class=\"western\"><span style=\"color: #000000;\"><span style=\"font-size: x-large;\">8. Droit applicable<\/span><\/span><\/h3>\n<p><span style=\"color: #000000;\"><span style=\"font-size: medium;\">Les pr\u00e9sentes conditions de service et tout accord s\u00e9par\u00e9 par lequel nous vous fournissons des services sont r\u00e9gis et interpr\u00e9t\u00e9s conform\u00e9ment \u00e0 la loi.<\/span><\/span><\/p>\n<h3 class=\"western\"><span style=\"color: #000000;\"><span style=\"font-size: x-large;\">8. Informations sur les contacts<\/span><\/span><\/h3>\n<p><span style=\"color: #000000;\"><span style=\"font-size: medium;\">Les questions relatives aux conditions d&#8217;utilisation doivent nous \u00eatre adress\u00e9es \u00e0 l&#8217;adresse suivante <\/span><\/span><span style=\"color: #0000ff;\"><u><a href=\"mailto:info@dev.asteralabs.org\"><span style=\"font-size: medium;\">info@asteralabs.org<\/span><\/a><\/u><\/span><\/p>\t\t\t\t\t\t<\/div>\n\t\t\t\t<\/div>\n\t\t\t\t\t<\/div>\n\t\t<\/div>\n\t\t\t\t\t\t\t<\/div>\n\t\t<\/section>\n\t\t\t\t\t\t\t<\/div>\n\t\t","protected":false},"excerpt":{"rendered":"<p>Conditions d&#8217;utilisation 1. Conditions d&#8217;utilisation En acc\u00e9dant au site web \u00e0 l&#8217;adresse&nbsp;https:\/\/asteralabs.org\/En acc\u00e9dant \u00e0 ce site, vous acceptez d&#8217;\u00eatre li\u00e9 par les pr\u00e9sentes conditions de service, par toutes les lois et r\u00e9glementations applicables, et vous acceptez d&#8217;\u00eatre responsable du respect de toutes les lois locales applicables. Si vous n&#8217;acceptez pas l&#8217;une de ces conditions, il&hellip;<\/p>\n","protected":false},"author":1,"featured_media":0,"parent":0,"menu_order":0,"comment_status":"closed","ping_status":"closed","template":"","meta":{"footnotes":""},"yoast_head":"<!-- This site is optimized with the Yoast SEO plugin v23.0 - https:\/\/yoast.com\/wordpress\/plugins\/seo\/ -->\n<title>Conditions d&#039;utilisation - Astera Labs<\/title>\n<meta name=\"robots\" content=\"index, follow, max-snippet:-1, max-image-preview:large, max-video-preview:-1\" \/>\n<link rel=\"canonical\" href=\"https:\/\/asteralabs.org\/fr\/conditions-dutilisation\/\" \/>\n<meta property=\"og:locale\" content=\"fr_FR\" \/>\n<meta property=\"og:type\" content=\"article\" \/>\n<meta property=\"og:title\" content=\"Conditions d&#039;utilisation - Astera Labs\" \/>\n<meta property=\"og:description\" content=\"Conditions d&#8217;utilisation 1. Conditions d&#8217;utilisation En acc\u00e9dant au site web \u00e0 l&#8217;adresse&nbsp;https:\/\/asteralabs.org\/En acc\u00e9dant \u00e0 ce site, vous acceptez d&#8217;\u00eatre li\u00e9 par les pr\u00e9sentes conditions de service, par toutes les lois et r\u00e9glementations applicables, et vous acceptez d&#8217;\u00eatre responsable du respect de toutes les lois locales applicables. Si vous n&#8217;acceptez pas l&#8217;une de ces conditions, il&hellip;\" \/>\n<meta property=\"og:url\" content=\"https:\/\/asteralabs.org\/fr\/conditions-dutilisation\/\" \/>\n<meta property=\"og:site_name\" content=\"Astera Labs\" \/>\n<meta property=\"article:modified_time\" content=\"2025-01-30T13:28:42+00:00\" \/>\n<meta name=\"twitter:card\" content=\"summary_large_image\" \/>\n<script type=\"application\/ld+json\" class=\"yoast-schema-graph\">{\"@context\":\"https:\/\/schema.org\",\"@graph\":[{\"@type\":\"WebPage\",\"@id\":\"https:\/\/asteralabs.org\/fr\/conditions-dutilisation\/\",\"url\":\"https:\/\/asteralabs.org\/fr\/conditions-dutilisation\/\",\"name\":\"Conditions d'utilisation - Astera Labs\",\"isPartOf\":{\"@id\":\"https:\/\/asteralabs.org\/fr\/#website\"},\"datePublished\":\"2023-02-21T19:33:10+00:00\",\"dateModified\":\"2025-01-30T13:28:42+00:00\",\"breadcrumb\":{\"@id\":\"https:\/\/asteralabs.org\/fr\/conditions-dutilisation\/#breadcrumb\"},\"inLanguage\":\"fr-FR\",\"potentialAction\":[{\"@type\":\"ReadAction\",\"target\":[\"https:\/\/asteralabs.org\/fr\/conditions-dutilisation\/\"]}]},{\"@type\":\"BreadcrumbList\",\"@id\":\"https:\/\/asteralabs.org\/fr\/conditions-dutilisation\/#breadcrumb\",\"itemListElement\":[{\"@type\":\"ListItem\",\"position\":1,\"name\":\"Home\",\"item\":\"https:\/\/asteralabs.org\/fr\/\"},{\"@type\":\"ListItem\",\"position\":2,\"name\":\"Conditions d&#8217;utilisation\"}]},{\"@type\":\"WebSite\",\"@id\":\"https:\/\/asteralabs.org\/fr\/#website\",\"url\":\"https:\/\/asteralabs.org\/fr\/\",\"name\":\"Astera Labs\",\"description\":\"Improve Your Quality Of Life\",\"publisher\":{\"@id\":\"https:\/\/asteralabs.org\/fr\/#organization\"},\"potentialAction\":[{\"@type\":\"SearchAction\",\"target\":{\"@type\":\"EntryPoint\",\"urlTemplate\":\"https:\/\/asteralabs.org\/fr\/?s={search_term_string}\"},\"query-input\":\"required name=search_term_string\"}],\"inLanguage\":\"fr-FR\"},{\"@type\":\"Organization\",\"@id\":\"https:\/\/asteralabs.org\/fr\/#organization\",\"name\":\"Astera Labs\",\"url\":\"https:\/\/asteralabs.org\/fr\/\",\"logo\":{\"@type\":\"ImageObject\",\"inLanguage\":\"fr-FR\",\"@id\":\"https:\/\/asteralabs.org\/fr\/#\/schema\/logo\/image\/\",\"url\":\"https:\/\/asteralabs.org\/wp-content\/uploads\/2022\/12\/astera-2.png\",\"contentUrl\":\"https:\/\/asteralabs.org\/wp-content\/uploads\/2022\/12\/astera-2.png\",\"width\":437,\"height\":111,\"caption\":\"Astera Labs\"},\"image\":{\"@id\":\"https:\/\/asteralabs.org\/fr\/#\/schema\/logo\/image\/\"}}]}<\/script>\n<!-- \/ Yoast SEO plugin. -->","yoast_head_json":{"title":"Conditions d'utilisation - Astera Labs","robots":{"index":"index","follow":"follow","max-snippet":"max-snippet:-1","max-image-preview":"max-image-preview:large","max-video-preview":"max-video-preview:-1"},"canonical":"https:\/\/asteralabs.org\/fr\/conditions-dutilisation\/","og_locale":"fr_FR","og_type":"article","og_title":"Conditions d'utilisation - Astera Labs","og_description":"Conditions d&#8217;utilisation 1. Conditions d&#8217;utilisation En acc\u00e9dant au site web \u00e0 l&#8217;adresse&nbsp;https:\/\/asteralabs.org\/En acc\u00e9dant \u00e0 ce site, vous acceptez d&#8217;\u00eatre li\u00e9 par les pr\u00e9sentes conditions de service, par toutes les lois et r\u00e9glementations applicables, et vous acceptez d&#8217;\u00eatre responsable du respect de toutes les lois locales applicables. Si vous n&#8217;acceptez pas l&#8217;une de ces conditions, il&hellip;","og_url":"https:\/\/asteralabs.org\/fr\/conditions-dutilisation\/","og_site_name":"Astera Labs","article_modified_time":"2025-01-30T13:28:42+00:00","twitter_card":"summary_large_image","schema":{"@context":"https:\/\/schema.org","@graph":[{"@type":"WebPage","@id":"https:\/\/asteralabs.org\/fr\/conditions-dutilisation\/","url":"https:\/\/asteralabs.org\/fr\/conditions-dutilisation\/","name":"Conditions d'utilisation - Astera Labs","isPartOf":{"@id":"https:\/\/asteralabs.org\/fr\/#website"},"datePublished":"2023-02-21T19:33:10+00:00","dateModified":"2025-01-30T13:28:42+00:00","breadcrumb":{"@id":"https:\/\/asteralabs.org\/fr\/conditions-dutilisation\/#breadcrumb"},"inLanguage":"fr-FR","potentialAction":[{"@type":"ReadAction","target":["https:\/\/asteralabs.org\/fr\/conditions-dutilisation\/"]}]},{"@type":"BreadcrumbList","@id":"https:\/\/asteralabs.org\/fr\/conditions-dutilisation\/#breadcrumb","itemListElement":[{"@type":"ListItem","position":1,"name":"Home","item":"https:\/\/asteralabs.org\/fr\/"},{"@type":"ListItem","position":2,"name":"Conditions d&#8217;utilisation"}]},{"@type":"WebSite","@id":"https:\/\/asteralabs.org\/fr\/#website","url":"https:\/\/asteralabs.org\/fr\/","name":"Astera Labs","description":"Improve Your Quality Of Life","publisher":{"@id":"https:\/\/asteralabs.org\/fr\/#organization"},"potentialAction":[{"@type":"SearchAction","target":{"@type":"EntryPoint","urlTemplate":"https:\/\/asteralabs.org\/fr\/?s={search_term_string}"},"query-input":"required name=search_term_string"}],"inLanguage":"fr-FR"},{"@type":"Organization","@id":"https:\/\/asteralabs.org\/fr\/#organization","name":"Astera Labs","url":"https:\/\/asteralabs.org\/fr\/","logo":{"@type":"ImageObject","inLanguage":"fr-FR","@id":"https:\/\/asteralabs.org\/fr\/#\/schema\/logo\/image\/","url":"https:\/\/asteralabs.org\/wp-content\/uploads\/2022\/12\/astera-2.png","contentUrl":"https:\/\/asteralabs.org\/wp-content\/uploads\/2022\/12\/astera-2.png","width":437,"height":111,"caption":"Astera Labs"},"image":{"@id":"https:\/\/asteralabs.org\/fr\/#\/schema\/logo\/image\/"}}]}},"_links":{"self":[{"href":"https:\/\/asteralabs.org\/fr\/wp-json\/wp\/v2\/pages\/77101"}],"collection":[{"href":"https:\/\/asteralabs.org\/fr\/wp-json\/wp\/v2\/pages"}],"about":[{"href":"https:\/\/asteralabs.org\/fr\/wp-json\/wp\/v2\/types\/page"}],"author":[{"embeddable":true,"href":"https:\/\/asteralabs.org\/fr\/wp-json\/wp\/v2\/users\/1"}],"replies":[{"embeddable":true,"href":"https:\/\/asteralabs.org\/fr\/wp-json\/wp\/v2\/comments?post=77101"}],"version-history":[{"count":1,"href":"https:\/\/asteralabs.org\/fr\/wp-json\/wp\/v2\/pages\/77101\/revisions"}],"predecessor-version":[{"id":77103,"href":"https:\/\/asteralabs.org\/fr\/wp-json\/wp\/v2\/pages\/77101\/revisions\/77103"}],"wp:attachment":[{"href":"https:\/\/asteralabs.org\/fr\/wp-json\/wp\/v2\/media?parent=77101"}],"curies":[{"name":"wp","href":"https:\/\/api.w.org\/{rel}","templated":true}]}}