{"id":77113,"date":"2023-02-21T19:32:09","date_gmt":"2023-02-21T19:32:09","guid":{"rendered":"https:\/\/asteralabs.org\/politique-de-confidentialite-2\/"},"modified":"2025-01-30T13:24:08","modified_gmt":"2025-01-30T13:24:08","slug":"politique-de-confidentialite","status":"publish","type":"page","link":"https:\/\/asteralabs.org\/fr\/politique-de-confidentialite\/","title":{"rendered":"Politique de confidentialit\u00e9"},"content":{"rendered":"\t\t<div data-elementor-type=\"wp-page\" data-elementor-id=\"77113\" class=\"elementor elementor-77113 elementor-72912\" data-elementor-post-type=\"page\">\n\t\t\t\t\t\t<section class=\"elementor-section elementor-top-section elementor-element elementor-element-778deb4 elementor-section-boxed elementor-section-height-default elementor-section-height-default\" data-id=\"778deb4\" data-element_type=\"section\" data-e-type=\"section\">\n\t\t\t\t\t\t<div class=\"elementor-container elementor-column-gap-default\">\n\t\t\t\t\t<div class=\"elementor-column elementor-col-100 elementor-top-column elementor-element elementor-element-b7ac418\" data-id=\"b7ac418\" data-element_type=\"column\" data-e-type=\"column\">\n\t\t\t<div class=\"elementor-widget-wrap elementor-element-populated\">\n\t\t\t\t\t\t<div class=\"elementor-element elementor-element-120ff5a elementor-widget elementor-widget-heading\" data-id=\"120ff5a\" data-element_type=\"widget\" data-e-type=\"widget\" data-widget_type=\"heading.default\">\n\t\t\t\t<div class=\"elementor-widget-container\">\n\t\t\t\t\t<h2 class=\"elementor-heading-title elementor-size-default\">Politique de confidentialit\u00e9<\/h2>\t\t\t\t<\/div>\n\t\t\t\t<\/div>\n\t\t\t\t<div class=\"elementor-element elementor-element-f2e1b90 elementor-widget elementor-widget-text-editor\" data-id=\"f2e1b90\" data-element_type=\"widget\" data-e-type=\"widget\" data-widget_type=\"text-editor.default\">\n\t\t\t\t<div class=\"elementor-widget-container\">\n\t\t\t\t\t\t\t\t\t<p align=\"justify\"><span style=\"font-family:  \" open=\"\" sans=\"\" open-sans=\"\"><span style=\"font-size: medium;\">La pr\u00e9sente politique de confidentialit\u00e9 (&#8220;politique&#8221;) vous aidera \u00e0 comprendre comment Astera Labs (&#8220;nous&#8221;, &#8220;nous&#8221;, &#8220;notre&#8221;) utilise et prot\u00e8ge les donn\u00e9es que vous nous fournissez lorsque vous visitez et utilisez le site web https:\/\/asteralabs.org\/.  <\/span><\/span><\/p>\n<p align=\"justify\"><span style=\"font-family: Arial, serif;\"><span style=\"font-size: medium;\">Nous nous r\u00e9servons le droit de modifier cette politique \u00e0 tout moment, ce dont vous serez rapidement inform\u00e9. Si vous voulez \u00eatre s\u00fbr d&#8217;\u00eatre au courant des derniers changements, nous vous conseillons de consulter fr\u00e9quemment cette page. <\/span><\/span><\/p>\n<p align=\"justify\"><span style=\"font-family: Arial, serif;\"><span style=\"font-size: medium;\"><b>Quelles sont les donn\u00e9es d&#8217;utilisateur que nous recueillons ?<\/b><\/span><\/span><\/p>\n<p align=\"justify\"><span style=\"font-family: Arial, serif;\"><span style=\"font-size: medium;\">Lorsque vous visitez le site web, nous pouvons collecter les donn\u00e9es suivantes :<\/span><\/span><\/p>\n<ul>\n<li>\n<p align=\"justify\"><span style=\"font-family: Arial, serif;\"><span style=\"font-size: medium;\">Votre adresse IP.<\/span><\/span><\/p>\n<\/li>\n<li>\n<p align=\"justify\"><span style=\"font-family: Arial, serif;\"><span style=\"font-size: medium;\">Vos coordonn\u00e9es et votre adresse \u00e9lectronique.<\/span><\/span><\/p>\n<\/li>\n<li>\n<p align=\"justify\"><span style=\"font-family: Arial, serif;\"><span style=\"font-size: medium;\">D&#8217;autres informations telles que les int\u00e9r\u00eats et les pr\u00e9f\u00e9rences.<\/span><\/span><\/p>\n<\/li>\n<li>\n<p align=\"justify\"><span style=\"font-family: Arial, serif;\"><span style=\"font-size: medium;\">Profil de donn\u00e9es concernant votre comportement en ligne sur notre site web.<\/span><\/span><\/p>\n<\/li>\n<\/ul>\n<p align=\"justify\"><span style=\"font-family: Arial, serif;\"><span style=\"font-size: medium;\"><b>Pourquoi nous collectons vos donn\u00e9es<\/b><\/span><\/span><\/p>\n<p align=\"justify\"><span style=\"font-family: Arial, serif;\"><span style=\"font-size: medium;\">Nous collectons vos donn\u00e9es pour plusieurs raisons :<\/span><\/span><\/p>\n<ul>\n<li>\n<p align=\"justify\"><span style=\"font-family: Arial, serif;\"><span style=\"font-size: medium;\">Pour mieux comprendre vos besoins.<\/span><\/span><\/p>\n<\/li>\n<li>\n<p align=\"justify\"><span style=\"font-family: Arial, serif;\"><span style=\"font-size: medium;\">Am\u00e9liorer nos services et nos produits.<\/span><\/span><\/p>\n<\/li>\n<li>\n<p align=\"justify\"><span style=\"font-family: Arial, serif;\"><span style=\"font-size: medium;\">Pour vous envoyer des courriels promotionnels contenant des informations que nous pensons int\u00e9ressantes pour vous.<\/span><\/span><\/p>\n<\/li>\n<li>\n<p align=\"justify\"><span style=\"font-family: Arial, serif;\"><span style=\"font-size: medium;\">Pour vous contacter afin que vous r\u00e9pondiez \u00e0 des enqu\u00eates et participiez \u00e0 d&#8217;autres types d&#8217;\u00e9tudes de march\u00e9.<\/span><\/span><\/p>\n<\/li>\n<li>\n<p align=\"justify\"><span style=\"font-family: Arial, serif;\"><span style=\"font-size: medium;\">Pour personnaliser notre site web en fonction de votre comportement en ligne et de vos pr\u00e9f\u00e9rences personnelles.<\/span><\/span><\/p>\n<\/li>\n<\/ul>\n<p align=\"justify\"><span style=\"font-family: Arial, serif;\"><span style=\"font-size: medium;\"><b>Sauvegarde et s\u00e9curisation des donn\u00e9es<\/b><\/span><\/span><\/p>\n<p align=\"justify\"><span style=\"font-family: Arial, serif;\"><span style=\"font-size: medium;\">Astera Labs s&#8217;engage \u00e0 s\u00e9curiser vos donn\u00e9es et \u00e0 les garder confidentielles. Astera Labs a fait tout ce qui est en son pouvoir pour emp\u00eacher le vol de donn\u00e9es, l&#8217;acc\u00e8s non autoris\u00e9 et la divulgation en mettant en \u0153uvre les technologies et les logiciels les plus r\u00e9cents, qui nous aident \u00e0 prot\u00e9ger toutes les informations que nous recueillons en ligne. <\/span><\/span><\/p>\n<p align=\"justify\"><span style=\"font-family: Arial, serif;\"><span style=\"font-size: medium;\"><b>Notre politique en mati\u00e8re de cookies<\/b><\/span><\/span><\/p>\n<p align=\"justify\"><span style=\"font-family: Arial, serif;\"><span style=\"font-size: medium;\">Lorsque vous acceptez que notre site web utilise des cookies, vous acceptez \u00e9galement d&#8217;utiliser les donn\u00e9es qu&#8217;il recueille concernant votre comportement en ligne (analyse du trafic web, des pages web que vous visitez et sur lesquelles vous passez le plus de temps).<\/span><\/span><\/p>\n<p align=\"justify\"><a name=\"_GoBack\"><\/a> <span style=\"font-family: Arial, serif;\"><span style=\"font-size: medium;\">Les donn\u00e9es que nous collectons \u00e0 l&#8217;aide de cookies sont utilis\u00e9es pour adapter notre site web \u00e0 vos besoins. Apr\u00e8s avoir utilis\u00e9 les donn\u00e9es \u00e0 des fins d&#8217;analyse statistique, les donn\u00e9es sont compl\u00e8tement supprim\u00e9es de nos syst\u00e8mes. <\/span><\/span><\/p>\n<p align=\"justify\"><span style=\"font-family: Arial, serif;\"><span style=\"font-size: medium;\">Veuillez noter que les cookies ne nous permettent en aucun cas de prendre le contr\u00f4le de votre ordinateur. Ils sont strictement utilis\u00e9s pour contr\u00f4ler les pages que vous trouvez utiles et celles qui ne le sont pas, afin que nous puissions vous offrir une meilleure exp\u00e9rience. <\/span><\/span><\/p>\n<p align=\"justify\"><span style=\"font-family: Arial, serif;\"><span style=\"font-size: medium;\">Si vous souhaitez d\u00e9sactiver les cookies, vous pouvez le faire en acc\u00e9dant aux param\u00e8tres de votre navigateur Internet. Vous pouvez vous rendre sur le site   <\/span><\/span><span style=\"color: #0563c1;\"><u><a href=\"https:\/\/www.internetcookies.com\/\"><span style=\"font-family: Arial, serif;\"><span style=\"font-size: medium;\">https:\/\/www.internetcookies.com<\/span><\/span><\/a><\/u><\/span><span style=\"font-family: Arial, serif;\"><span style=\"font-size: medium;\">qui contient des informations compl\u00e8tes sur la mani\u00e8re de proc\u00e9der avec une grande vari\u00e9t\u00e9 de navigateurs et d&#8217;appareils.<\/span><\/span><\/p>\n<p align=\"justify\"><span style=\"font-family: Arial, serif;\"><span style=\"font-size: medium;\"><b>Liens vers d&#8217;autres sites web<\/b><\/span><\/span><\/p>\n<p align=\"justify\"><span style=\"font-family: Arial, serif;\"><span style=\"font-size: medium;\">Notre site web contient des liens qui m\u00e8nent \u00e0 d&#8217;autres sites web. Si vous cliquez sur ces liens, Astera Labs n&#8217;est pas responsable de la protection de vos donn\u00e9es et de votre vie priv\u00e9e. La visite de ces sites web n&#8217;est pas r\u00e9gie par le pr\u00e9sent accord sur la politique en mati\u00e8re de respect de la vie priv\u00e9e. Veillez \u00e0 lire la documentation relative \u00e0 la politique de confidentialit\u00e9 du site web sur lequel vous vous rendez \u00e0 partir de notre site web.   <\/span><\/span><\/p>\n<p align=\"justify\"><span style=\"font-family: Arial, serif;\"><span style=\"font-size: medium;\"><b>Limiter la collecte de vos donn\u00e9es personnelles<\/b><\/span><\/span><\/p>\n<p align=\"justify\"><span style=\"font-family: Arial, serif;\"><span style=\"font-size: medium;\">\u00c0 un moment donn\u00e9, vous pouvez souhaiter restreindre l&#8217;utilisation et la collecte de vos donn\u00e9es personnelles. Pour ce faire, vous pouvez proc\u00e9der comme suit : <\/span><\/span><\/p>\n<p align=\"justify\"><span style=\"font-family: Arial, serif;\"><span style=\"font-size: medium;\">Lorsque vous remplissez les formulaires sur le site web, v\u00e9rifiez qu&#8217;il n&#8217;y a pas de case \u00e0 d\u00e9cocher si vous ne souhaitez pas divulguer vos informations personnelles.<\/span><\/span><\/p>\n<p align=\"justify\"><span style=\"font-family: Arial, serif;\"><span style=\"font-size: medium;\">Si vous avez d\u00e9j\u00e0 accept\u00e9 de partager vos informations avec nous, n&#8217;h\u00e9sitez pas \u00e0 nous contacter par courrier \u00e9lectronique et nous nous ferons un plaisir de modifier cela pour vous.<\/span><\/span><\/p>\n<p><span style=\"font-family: Arial, serif;\"><span style=\"font-size: medium;\">Astera Labs ne louera pas, ne vendra pas et ne distribuera pas vos renseignements personnels \u00e0 des tiers, \u00e0 moins d&#8217;avoir obtenu votre permission. Nous pourrions le faire si la loi nous y obligeait. Vos renseignements personnels seront utilis\u00e9s lorsque nous devrons vous envoyer du mat\u00e9riel promotionnel si vous acceptez la pr\u00e9sente politique de confidentialit\u00e9.    <\/span><\/span><\/p>\t\t\t\t\t\t\t\t<\/div>\n\t\t\t\t<\/div>\n\t\t\t\t\t<\/div>\n\t\t<\/div>\n\t\t\t\t\t<\/div>\n\t\t<\/section>\n\t\t\t\t<\/div>\n\t\t","protected":false},"excerpt":{"rendered":"<p>Politique de confidentialit\u00e9 La pr\u00e9sente politique de confidentialit\u00e9 (&#8220;politique&#8221;) vous aidera \u00e0 comprendre comment Astera Labs (&#8220;nous&#8221;, &#8220;nous&#8221;, &#8220;notre&#8221;) utilise et prot\u00e8ge les donn\u00e9es que vous nous fournissez lorsque vous visitez et utilisez le site web https:\/\/asteralabs.org\/. Nous nous r\u00e9servons le droit de modifier cette politique \u00e0 tout moment, ce dont vous serez rapidement inform\u00e9.&hellip;<\/p>\n","protected":false},"author":1,"featured_media":0,"parent":0,"menu_order":0,"comment_status":"closed","ping_status":"closed","template":"","meta":{"_acf_changed":false,"footnotes":""},"class_list":["post-77113","page","type-page","status-publish","hentry"],"acf":[],"yoast_head":"<!-- This site is optimized with the Yoast SEO plugin v27.4 - https:\/\/yoast.com\/product\/yoast-seo-wordpress\/ -->\n<title>Politique de confidentialit\u00e9 - Astera Labs<\/title>\n<meta name=\"robots\" content=\"index, follow, max-snippet:-1, max-image-preview:large, max-video-preview:-1\" \/>\n<link rel=\"canonical\" href=\"https:\/\/asteralabs.org\/fr\/politique-de-confidentialite\/\" \/>\n<meta property=\"og:locale\" content=\"fr_FR\" \/>\n<meta property=\"og:type\" content=\"article\" \/>\n<meta property=\"og:title\" content=\"Politique de confidentialit\u00e9 - Astera Labs\" \/>\n<meta property=\"og:description\" content=\"Politique de confidentialit\u00e9 La pr\u00e9sente politique de confidentialit\u00e9 (&#8220;politique&#8221;) vous aidera \u00e0 comprendre comment Astera Labs (&#8220;nous&#8221;, &#8220;nous&#8221;, &#8220;notre&#8221;) utilise et prot\u00e8ge les donn\u00e9es que vous nous fournissez lorsque vous visitez et utilisez le site web https:\/\/asteralabs.org\/. Nous nous r\u00e9servons le droit de modifier cette politique \u00e0 tout moment, ce dont vous serez rapidement inform\u00e9.&hellip;\" \/>\n<meta property=\"og:url\" content=\"https:\/\/asteralabs.org\/fr\/politique-de-confidentialite\/\" \/>\n<meta property=\"og:site_name\" content=\"Astera Labs\" \/>\n<meta property=\"article:modified_time\" content=\"2025-01-30T13:24:08+00:00\" \/>\n<meta name=\"twitter:card\" content=\"summary_large_image\" \/>\n<script type=\"application\/ld+json\" class=\"yoast-schema-graph\">{\"@context\":\"https:\\\/\\\/schema.org\",\"@graph\":[{\"@type\":\"WebPage\",\"@id\":\"https:\\\/\\\/asteralabs.org\\\/fr\\\/politique-de-confidentialite\\\/\",\"url\":\"https:\\\/\\\/asteralabs.org\\\/fr\\\/politique-de-confidentialite\\\/\",\"name\":\"Politique de confidentialit\u00e9 - Astera Labs\",\"isPartOf\":{\"@id\":\"https:\\\/\\\/asteralabs.org\\\/fr\\\/#website\"},\"datePublished\":\"2023-02-21T19:32:09+00:00\",\"dateModified\":\"2025-01-30T13:24:08+00:00\",\"breadcrumb\":{\"@id\":\"https:\\\/\\\/asteralabs.org\\\/fr\\\/politique-de-confidentialite\\\/#breadcrumb\"},\"inLanguage\":\"fr-FR\",\"potentialAction\":[{\"@type\":\"ReadAction\",\"target\":[\"https:\\\/\\\/asteralabs.org\\\/fr\\\/politique-de-confidentialite\\\/\"]}]},{\"@type\":\"BreadcrumbList\",\"@id\":\"https:\\\/\\\/asteralabs.org\\\/fr\\\/politique-de-confidentialite\\\/#breadcrumb\",\"itemListElement\":[{\"@type\":\"ListItem\",\"position\":1,\"name\":\"Home\",\"item\":\"https:\\\/\\\/asteralabs.org\\\/fr\\\/\"},{\"@type\":\"ListItem\",\"position\":2,\"name\":\"Politique de confidentialit\u00e9\"}]},{\"@type\":\"WebSite\",\"@id\":\"https:\\\/\\\/asteralabs.org\\\/fr\\\/#website\",\"url\":\"https:\\\/\\\/asteralabs.org\\\/fr\\\/\",\"name\":\"Astera Labs\",\"description\":\"Improve Your Quality Of Life\",\"publisher\":{\"@id\":\"https:\\\/\\\/asteralabs.org\\\/fr\\\/#organization\"},\"potentialAction\":[{\"@type\":\"SearchAction\",\"target\":{\"@type\":\"EntryPoint\",\"urlTemplate\":\"https:\\\/\\\/asteralabs.org\\\/fr\\\/?s={search_term_string}\"},\"query-input\":{\"@type\":\"PropertyValueSpecification\",\"valueRequired\":true,\"valueName\":\"search_term_string\"}}],\"inLanguage\":\"fr-FR\"},{\"@type\":\"Organization\",\"@id\":\"https:\\\/\\\/asteralabs.org\\\/fr\\\/#organization\",\"name\":\"Astera Labs\",\"url\":\"https:\\\/\\\/asteralabs.org\\\/fr\\\/\",\"logo\":{\"@type\":\"ImageObject\",\"inLanguage\":\"fr-FR\",\"@id\":\"https:\\\/\\\/asteralabs.org\\\/fr\\\/#\\\/schema\\\/logo\\\/image\\\/\",\"url\":\"https:\\\/\\\/asteralabs.org\\\/wp-content\\\/uploads\\\/2022\\\/12\\\/astera-2.png\",\"contentUrl\":\"https:\\\/\\\/asteralabs.org\\\/wp-content\\\/uploads\\\/2022\\\/12\\\/astera-2.png\",\"width\":437,\"height\":111,\"caption\":\"Astera Labs\"},\"image\":{\"@id\":\"https:\\\/\\\/asteralabs.org\\\/fr\\\/#\\\/schema\\\/logo\\\/image\\\/\"}}]}<\/script>\n<!-- \/ Yoast SEO plugin. -->","yoast_head_json":{"title":"Politique de confidentialit\u00e9 - Astera Labs","robots":{"index":"index","follow":"follow","max-snippet":"max-snippet:-1","max-image-preview":"max-image-preview:large","max-video-preview":"max-video-preview:-1"},"canonical":"https:\/\/asteralabs.org\/fr\/politique-de-confidentialite\/","og_locale":"fr_FR","og_type":"article","og_title":"Politique de confidentialit\u00e9 - Astera Labs","og_description":"Politique de confidentialit\u00e9 La pr\u00e9sente politique de confidentialit\u00e9 (&#8220;politique&#8221;) vous aidera \u00e0 comprendre comment Astera Labs (&#8220;nous&#8221;, &#8220;nous&#8221;, &#8220;notre&#8221;) utilise et prot\u00e8ge les donn\u00e9es que vous nous fournissez lorsque vous visitez et utilisez le site web https:\/\/asteralabs.org\/. Nous nous r\u00e9servons le droit de modifier cette politique \u00e0 tout moment, ce dont vous serez rapidement inform\u00e9.&hellip;","og_url":"https:\/\/asteralabs.org\/fr\/politique-de-confidentialite\/","og_site_name":"Astera Labs","article_modified_time":"2025-01-30T13:24:08+00:00","twitter_card":"summary_large_image","schema":{"@context":"https:\/\/schema.org","@graph":[{"@type":"WebPage","@id":"https:\/\/asteralabs.org\/fr\/politique-de-confidentialite\/","url":"https:\/\/asteralabs.org\/fr\/politique-de-confidentialite\/","name":"Politique de confidentialit\u00e9 - Astera Labs","isPartOf":{"@id":"https:\/\/asteralabs.org\/fr\/#website"},"datePublished":"2023-02-21T19:32:09+00:00","dateModified":"2025-01-30T13:24:08+00:00","breadcrumb":{"@id":"https:\/\/asteralabs.org\/fr\/politique-de-confidentialite\/#breadcrumb"},"inLanguage":"fr-FR","potentialAction":[{"@type":"ReadAction","target":["https:\/\/asteralabs.org\/fr\/politique-de-confidentialite\/"]}]},{"@type":"BreadcrumbList","@id":"https:\/\/asteralabs.org\/fr\/politique-de-confidentialite\/#breadcrumb","itemListElement":[{"@type":"ListItem","position":1,"name":"Home","item":"https:\/\/asteralabs.org\/fr\/"},{"@type":"ListItem","position":2,"name":"Politique de confidentialit\u00e9"}]},{"@type":"WebSite","@id":"https:\/\/asteralabs.org\/fr\/#website","url":"https:\/\/asteralabs.org\/fr\/","name":"Astera Labs","description":"Improve Your Quality Of Life","publisher":{"@id":"https:\/\/asteralabs.org\/fr\/#organization"},"potentialAction":[{"@type":"SearchAction","target":{"@type":"EntryPoint","urlTemplate":"https:\/\/asteralabs.org\/fr\/?s={search_term_string}"},"query-input":{"@type":"PropertyValueSpecification","valueRequired":true,"valueName":"search_term_string"}}],"inLanguage":"fr-FR"},{"@type":"Organization","@id":"https:\/\/asteralabs.org\/fr\/#organization","name":"Astera Labs","url":"https:\/\/asteralabs.org\/fr\/","logo":{"@type":"ImageObject","inLanguage":"fr-FR","@id":"https:\/\/asteralabs.org\/fr\/#\/schema\/logo\/image\/","url":"https:\/\/asteralabs.org\/wp-content\/uploads\/2022\/12\/astera-2.png","contentUrl":"https:\/\/asteralabs.org\/wp-content\/uploads\/2022\/12\/astera-2.png","width":437,"height":111,"caption":"Astera Labs"},"image":{"@id":"https:\/\/asteralabs.org\/fr\/#\/schema\/logo\/image\/"}}]}},"_links":{"self":[{"href":"https:\/\/asteralabs.org\/fr\/wp-json\/wp\/v2\/pages\/77113","targetHints":{"allow":["GET"]}}],"collection":[{"href":"https:\/\/asteralabs.org\/fr\/wp-json\/wp\/v2\/pages"}],"about":[{"href":"https:\/\/asteralabs.org\/fr\/wp-json\/wp\/v2\/types\/page"}],"author":[{"embeddable":true,"href":"https:\/\/asteralabs.org\/fr\/wp-json\/wp\/v2\/users\/1"}],"replies":[{"embeddable":true,"href":"https:\/\/asteralabs.org\/fr\/wp-json\/wp\/v2\/comments?post=77113"}],"version-history":[{"count":1,"href":"https:\/\/asteralabs.org\/fr\/wp-json\/wp\/v2\/pages\/77113\/revisions"}],"predecessor-version":[{"id":77115,"href":"https:\/\/asteralabs.org\/fr\/wp-json\/wp\/v2\/pages\/77113\/revisions\/77115"}],"wp:attachment":[{"href":"https:\/\/asteralabs.org\/fr\/wp-json\/wp\/v2\/media?parent=77113"}],"curies":[{"name":"wp","href":"https:\/\/api.w.org\/{rel}","templated":true}]}}