{"id":77662,"date":"2022-10-30T18:28:38","date_gmt":"2022-10-30T18:28:38","guid":{"rendered":"https:\/\/asteralabs.org\/product\/drostanolone-enanthate\/"},"modified":"2026-01-15T08:46:10","modified_gmt":"2026-01-15T08:46:10","slug":"drostanolone-enanthate","status":"publish","type":"product","link":"https:\/\/asteralabs.org\/fr\/product\/drostanolone-enanthate\/","title":{"rendered":"Drostanolone Enanthate"},"content":{"rendered":"<p><strong>POSOLOGIE :<\/strong><br \/>\nDrostanolone Enanthate 200 mg\/ml<\/p>\n<p><strong>CONTENU DU PAQUET :<\/strong><br \/>\n1 x 10ML ampoule, 200 mg par ml<\/p>\n<p><strong>QU&#8217;EST-CE QUE C&#8217;EST :<\/strong><br \/>\nDrostanolone Enanthate est un st\u00e9ro\u00efde anabolisant injectable avec une puissance androg\u00e8ne \u00e9lev\u00e9e. En raison de son pouvoir androg\u00e8ne \u00e9lev\u00e9, il est g\u00e9n\u00e9ralement utilis\u00e9 pendant les cycles de coupe pour am\u00e9liorer la perte de graisse, il provoque g\u00e9n\u00e9ralement un aspect sec et dur s&#8217;il est utilis\u00e9 correctement, il est \u00e9galement utile comme soutien androg\u00e8ne pendant un cycle avec la Nandrolone pour \u00e9viter que la conversion de cette derni\u00e8re en DHN ne provoque des effets secondaires ind\u00e9sirables.<\/p>\n<p><strong>MODE<\/strong> D <strong>&#8216;EMPLOI :<\/strong><br \/>\nLes doses normales sont g\u00e9n\u00e9ralement de 400 \u00e0 600 mg par semaine pour les d\u00e9butants et les athl\u00e8tes interm\u00e9diaires, avec la possibilit\u00e9 d&#8217;utiliser 800 \u00e0 1000 mg par semaine \u00e0 des fins sp\u00e9cifiques ou comp\u00e9titives. Il est g\u00e9n\u00e9ralement utilis\u00e9 pendant 10 \u00e0 16 semaines. En raison de son fort pouvoir androg\u00e8ne, son utilisation chez les femmes n&#8217;est pas recommand\u00e9e, sauf dans des cas tr\u00e8s sp\u00e9cifiques (comp\u00e9tition), sur des p\u00e9riodes tr\u00e8s courtes et \u00e0 des doses tr\u00e8s faibles.<\/p>\n<p><strong>INFORMATIONS SUR LES LOTS :<br \/>\n<\/strong>Num\u00e9ro de lot : <span data-sheets-root=\"1\" data-sheets-value=\"{\" data-sheets-userformat=\"{\">OI10210<\/span><br \/>\nDate de fabrication : <span data-sheets-root=\"1\" data-sheets-value=\"{\" data-sheets-userformat=\"{\">10.2025.<\/span><br \/>\nDate d&#8217;expiration : <span data-sheets-root=\"1\" data-sheets-value=\"{\" data-sheets-userformat=\"{\">10.2028.<\/span><\/p>\n","protected":false},"excerpt":{"rendered":"<p>POSOLOGIE : Drostanolone Enanthate 200 mg\/ml CONTENU DU PAQUET : 1 x 10ML ampoule, 200 mg par ml QU&#8217;EST-CE QUE C&#8217;EST : Drostanolone Enanthate est un st\u00e9ro\u00efde anabolisant injectable avec une puissance androg\u00e8ne \u00e9lev\u00e9e. En raison de son pouvoir androg\u00e8ne \u00e9lev\u00e9, il est g\u00e9n\u00e9ralement utilis\u00e9 pendant les cycles de coupe pour am\u00e9liorer la perte de&hellip;<\/p>\n","protected":false},"featured_media":74833,"comment_status":"open","ping_status":"closed","template":"","meta":{"_acf_changed":false},"product_brand":[],"product_cat":[160,161],"product_tag":[172],"class_list":{"0":"post-77662","1":"product","2":"type-product","3":"status-publish","4":"has-post-thumbnail","6":"product_cat-injectables-fr","7":"product_cat-all-fr","8":"product_tag-bestseller-fr","9":"description-off","11":"first","12":"instock","13":"shipping-taxable","14":"product-type-simple"},"acf":[],"yoast_head":"<!-- This site is optimized with the Yoast SEO plugin v27.4 - https:\/\/yoast.com\/product\/yoast-seo-wordpress\/ -->\n<title>Drostanolone Enanthate - Astera Labs<\/title>\n<meta name=\"robots\" content=\"index, follow, max-snippet:-1, max-image-preview:large, max-video-preview:-1\" \/>\n<link rel=\"canonical\" href=\"https:\/\/asteralabs.org\/fr\/product\/drostanolone-enanthate\/\" \/>\n<meta property=\"og:locale\" content=\"fr_FR\" \/>\n<meta property=\"og:type\" content=\"article\" \/>\n<meta property=\"og:title\" content=\"Drostanolone Enanthate - Astera Labs\" \/>\n<meta property=\"og:description\" content=\"POSOLOGIE : Drostanolone Enanthate 200 mg\/ml CONTENU DU PAQUET : 1 x 10ML ampoule, 200 mg par ml QU&#8217;EST-CE QUE C&#8217;EST : Drostanolone Enanthate est un st\u00e9ro\u00efde anabolisant injectable avec une puissance androg\u00e8ne \u00e9lev\u00e9e. En raison de son pouvoir androg\u00e8ne \u00e9lev\u00e9, il est g\u00e9n\u00e9ralement utilis\u00e9 pendant les cycles de coupe pour am\u00e9liorer la perte de&hellip;\" \/>\n<meta property=\"og:url\" content=\"https:\/\/asteralabs.org\/fr\/product\/drostanolone-enanthate\/\" \/>\n<meta property=\"og:site_name\" content=\"Astera Labs\" \/>\n<meta property=\"article:modified_time\" content=\"2026-01-15T08:46:10+00:00\" \/>\n<meta property=\"og:image\" content=\"https:\/\/asteralabs.org\/wp-content\/uploads\/2022\/10\/121.png\" \/>\n\t<meta property=\"og:image:width\" content=\"2000\" \/>\n\t<meta property=\"og:image:height\" content=\"2000\" \/>\n\t<meta property=\"og:image:type\" content=\"image\/png\" \/>\n<meta name=\"twitter:card\" content=\"summary_large_image\" \/>\n<script type=\"application\/ld+json\" class=\"yoast-schema-graph\">{\"@context\":\"https:\\\/\\\/schema.org\",\"@graph\":[{\"@type\":\"WebPage\",\"@id\":\"https:\\\/\\\/asteralabs.org\\\/fr\\\/product\\\/drostanolone-enanthate\\\/\",\"url\":\"https:\\\/\\\/asteralabs.org\\\/fr\\\/product\\\/drostanolone-enanthate\\\/\",\"name\":\"Drostanolone Enanthate - Astera Labs\",\"isPartOf\":{\"@id\":\"https:\\\/\\\/asteralabs.org\\\/fr\\\/#website\"},\"primaryImageOfPage\":{\"@id\":\"https:\\\/\\\/asteralabs.org\\\/fr\\\/product\\\/drostanolone-enanthate\\\/#primaryimage\"},\"image\":{\"@id\":\"https:\\\/\\\/asteralabs.org\\\/fr\\\/product\\\/drostanolone-enanthate\\\/#primaryimage\"},\"thumbnailUrl\":\"https:\\\/\\\/asteralabs.org\\\/wp-content\\\/uploads\\\/2022\\\/10\\\/121.png\",\"datePublished\":\"2022-10-30T18:28:38+00:00\",\"dateModified\":\"2026-01-15T08:46:10+00:00\",\"breadcrumb\":{\"@id\":\"https:\\\/\\\/asteralabs.org\\\/fr\\\/product\\\/drostanolone-enanthate\\\/#breadcrumb\"},\"inLanguage\":\"fr-FR\",\"potentialAction\":[{\"@type\":\"ReadAction\",\"target\":[\"https:\\\/\\\/asteralabs.org\\\/fr\\\/product\\\/drostanolone-enanthate\\\/\"]}]},{\"@type\":\"ImageObject\",\"inLanguage\":\"fr-FR\",\"@id\":\"https:\\\/\\\/asteralabs.org\\\/fr\\\/product\\\/drostanolone-enanthate\\\/#primaryimage\",\"url\":\"https:\\\/\\\/asteralabs.org\\\/wp-content\\\/uploads\\\/2022\\\/10\\\/121.png\",\"contentUrl\":\"https:\\\/\\\/asteralabs.org\\\/wp-content\\\/uploads\\\/2022\\\/10\\\/121.png\",\"width\":2000,\"height\":2000},{\"@type\":\"BreadcrumbList\",\"@id\":\"https:\\\/\\\/asteralabs.org\\\/fr\\\/product\\\/drostanolone-enanthate\\\/#breadcrumb\",\"itemListElement\":[{\"@type\":\"ListItem\",\"position\":1,\"name\":\"Home\",\"item\":\"https:\\\/\\\/asteralabs.org\\\/fr\\\/\"},{\"@type\":\"ListItem\",\"position\":2,\"name\":\"Boutique\",\"item\":\"https:\\\/\\\/asteralabs.org\\\/fr\\\/boutique\\\/\"},{\"@type\":\"ListItem\",\"position\":3,\"name\":\"Drostanolone Enanthate\"}]},{\"@type\":\"WebSite\",\"@id\":\"https:\\\/\\\/asteralabs.org\\\/fr\\\/#website\",\"url\":\"https:\\\/\\\/asteralabs.org\\\/fr\\\/\",\"name\":\"Astera Labs\",\"description\":\"Improve Your Quality Of Life\",\"publisher\":{\"@id\":\"https:\\\/\\\/asteralabs.org\\\/fr\\\/#organization\"},\"potentialAction\":[{\"@type\":\"SearchAction\",\"target\":{\"@type\":\"EntryPoint\",\"urlTemplate\":\"https:\\\/\\\/asteralabs.org\\\/fr\\\/?s={search_term_string}\"},\"query-input\":{\"@type\":\"PropertyValueSpecification\",\"valueRequired\":true,\"valueName\":\"search_term_string\"}}],\"inLanguage\":\"fr-FR\"},{\"@type\":\"Organization\",\"@id\":\"https:\\\/\\\/asteralabs.org\\\/fr\\\/#organization\",\"name\":\"Astera Labs\",\"url\":\"https:\\\/\\\/asteralabs.org\\\/fr\\\/\",\"logo\":{\"@type\":\"ImageObject\",\"inLanguage\":\"fr-FR\",\"@id\":\"https:\\\/\\\/asteralabs.org\\\/fr\\\/#\\\/schema\\\/logo\\\/image\\\/\",\"url\":\"https:\\\/\\\/asteralabs.org\\\/wp-content\\\/uploads\\\/2022\\\/12\\\/astera-2.png\",\"contentUrl\":\"https:\\\/\\\/asteralabs.org\\\/wp-content\\\/uploads\\\/2022\\\/12\\\/astera-2.png\",\"width\":437,\"height\":111,\"caption\":\"Astera Labs\"},\"image\":{\"@id\":\"https:\\\/\\\/asteralabs.org\\\/fr\\\/#\\\/schema\\\/logo\\\/image\\\/\"}}]}<\/script>\n<!-- \/ Yoast SEO plugin. -->","yoast_head_json":{"title":"Drostanolone Enanthate - Astera Labs","robots":{"index":"index","follow":"follow","max-snippet":"max-snippet:-1","max-image-preview":"max-image-preview:large","max-video-preview":"max-video-preview:-1"},"canonical":"https:\/\/asteralabs.org\/fr\/product\/drostanolone-enanthate\/","og_locale":"fr_FR","og_type":"article","og_title":"Drostanolone Enanthate - Astera Labs","og_description":"POSOLOGIE : Drostanolone Enanthate 200 mg\/ml CONTENU DU PAQUET : 1 x 10ML ampoule, 200 mg par ml QU&#8217;EST-CE QUE C&#8217;EST : Drostanolone Enanthate est un st\u00e9ro\u00efde anabolisant injectable avec une puissance androg\u00e8ne \u00e9lev\u00e9e. En raison de son pouvoir androg\u00e8ne \u00e9lev\u00e9, il est g\u00e9n\u00e9ralement utilis\u00e9 pendant les cycles de coupe pour am\u00e9liorer la perte de&hellip;","og_url":"https:\/\/asteralabs.org\/fr\/product\/drostanolone-enanthate\/","og_site_name":"Astera Labs","article_modified_time":"2026-01-15T08:46:10+00:00","og_image":[{"width":2000,"height":2000,"url":"https:\/\/asteralabs.org\/wp-content\/uploads\/2022\/10\/121.png","type":"image\/png"}],"twitter_card":"summary_large_image","schema":{"@context":"https:\/\/schema.org","@graph":[{"@type":"WebPage","@id":"https:\/\/asteralabs.org\/fr\/product\/drostanolone-enanthate\/","url":"https:\/\/asteralabs.org\/fr\/product\/drostanolone-enanthate\/","name":"Drostanolone Enanthate - Astera Labs","isPartOf":{"@id":"https:\/\/asteralabs.org\/fr\/#website"},"primaryImageOfPage":{"@id":"https:\/\/asteralabs.org\/fr\/product\/drostanolone-enanthate\/#primaryimage"},"image":{"@id":"https:\/\/asteralabs.org\/fr\/product\/drostanolone-enanthate\/#primaryimage"},"thumbnailUrl":"https:\/\/asteralabs.org\/wp-content\/uploads\/2022\/10\/121.png","datePublished":"2022-10-30T18:28:38+00:00","dateModified":"2026-01-15T08:46:10+00:00","breadcrumb":{"@id":"https:\/\/asteralabs.org\/fr\/product\/drostanolone-enanthate\/#breadcrumb"},"inLanguage":"fr-FR","potentialAction":[{"@type":"ReadAction","target":["https:\/\/asteralabs.org\/fr\/product\/drostanolone-enanthate\/"]}]},{"@type":"ImageObject","inLanguage":"fr-FR","@id":"https:\/\/asteralabs.org\/fr\/product\/drostanolone-enanthate\/#primaryimage","url":"https:\/\/asteralabs.org\/wp-content\/uploads\/2022\/10\/121.png","contentUrl":"https:\/\/asteralabs.org\/wp-content\/uploads\/2022\/10\/121.png","width":2000,"height":2000},{"@type":"BreadcrumbList","@id":"https:\/\/asteralabs.org\/fr\/product\/drostanolone-enanthate\/#breadcrumb","itemListElement":[{"@type":"ListItem","position":1,"name":"Home","item":"https:\/\/asteralabs.org\/fr\/"},{"@type":"ListItem","position":2,"name":"Boutique","item":"https:\/\/asteralabs.org\/fr\/boutique\/"},{"@type":"ListItem","position":3,"name":"Drostanolone Enanthate"}]},{"@type":"WebSite","@id":"https:\/\/asteralabs.org\/fr\/#website","url":"https:\/\/asteralabs.org\/fr\/","name":"Astera Labs","description":"Improve Your Quality Of Life","publisher":{"@id":"https:\/\/asteralabs.org\/fr\/#organization"},"potentialAction":[{"@type":"SearchAction","target":{"@type":"EntryPoint","urlTemplate":"https:\/\/asteralabs.org\/fr\/?s={search_term_string}"},"query-input":{"@type":"PropertyValueSpecification","valueRequired":true,"valueName":"search_term_string"}}],"inLanguage":"fr-FR"},{"@type":"Organization","@id":"https:\/\/asteralabs.org\/fr\/#organization","name":"Astera Labs","url":"https:\/\/asteralabs.org\/fr\/","logo":{"@type":"ImageObject","inLanguage":"fr-FR","@id":"https:\/\/asteralabs.org\/fr\/#\/schema\/logo\/image\/","url":"https:\/\/asteralabs.org\/wp-content\/uploads\/2022\/12\/astera-2.png","contentUrl":"https:\/\/asteralabs.org\/wp-content\/uploads\/2022\/12\/astera-2.png","width":437,"height":111,"caption":"Astera Labs"},"image":{"@id":"https:\/\/asteralabs.org\/fr\/#\/schema\/logo\/image\/"}}]}},"_links":{"self":[{"href":"https:\/\/asteralabs.org\/fr\/wp-json\/wp\/v2\/product\/77662","targetHints":{"allow":["GET"]}}],"collection":[{"href":"https:\/\/asteralabs.org\/fr\/wp-json\/wp\/v2\/product"}],"about":[{"href":"https:\/\/asteralabs.org\/fr\/wp-json\/wp\/v2\/types\/product"}],"replies":[{"embeddable":true,"href":"https:\/\/asteralabs.org\/fr\/wp-json\/wp\/v2\/comments?post=77662"}],"version-history":[{"count":1,"href":"https:\/\/asteralabs.org\/fr\/wp-json\/wp\/v2\/product\/77662\/revisions"}],"predecessor-version":[{"id":78753,"href":"https:\/\/asteralabs.org\/fr\/wp-json\/wp\/v2\/product\/77662\/revisions\/78753"}],"wp:featuredmedia":[{"embeddable":true,"href":"https:\/\/asteralabs.org\/fr\/wp-json\/wp\/v2\/media\/74833"}],"wp:attachment":[{"href":"https:\/\/asteralabs.org\/fr\/wp-json\/wp\/v2\/media?parent=77662"}],"wp:term":[{"taxonomy":"product_brand","embeddable":true,"href":"https:\/\/asteralabs.org\/fr\/wp-json\/wp\/v2\/product_brand?post=77662"},{"taxonomy":"product_cat","embeddable":true,"href":"https:\/\/asteralabs.org\/fr\/wp-json\/wp\/v2\/product_cat?post=77662"},{"taxonomy":"product_tag","embeddable":true,"href":"https:\/\/asteralabs.org\/fr\/wp-json\/wp\/v2\/product_tag?post=77662"}],"curies":[{"name":"wp","href":"https:\/\/api.w.org\/{rel}","templated":true}]}}