{"id":77683,"date":"2022-11-05T21:54:08","date_gmt":"2022-11-05T21:54:08","guid":{"rendered":"https:\/\/asteralabs.org\/product\/stanozolol\/"},"modified":"2026-01-15T10:32:08","modified_gmt":"2026-01-15T10:32:08","slug":"stanozolol","status":"publish","type":"product","link":"https:\/\/asteralabs.org\/fr\/product\/stanozolol\/","title":{"rendered":"Stanozolol"},"content":{"rendered":"<p><strong>POSOLOGIE :<\/strong><br \/>\nStanozolol 50mg\/ml <strong>CONTENU DU PAQUET :<\/strong><br \/>\n1 flacon de 10ML, 50 mg par ml <strong>QU&#8217;EST-CE QUE C&#8217;EST :<\/strong><br \/>\nStanozolol plus connu sous le nom de Winstrol est le st\u00e9ro\u00efde oral le plus utilis\u00e9 dans les phases de coupe. Son potentiel androg\u00e8ne est tr\u00e8s \u00e9lev\u00e9, ce qui en fait le st\u00e9ro\u00efde id\u00e9al pour conserver la masse musculaire tout en perdant de la graisse. Il est \u00e9galement tr\u00e8s utile pour am\u00e9liorer la force et peut \u00eatre utilis\u00e9 dans les sports explosifs. <strong>MODE<\/strong> D <strong>&#8216;EMPLOI :<\/strong><br \/>\nLes doses vont de 30 \u00e0 100 mg, 40-50 mg \u00e9tant une dose standard et 100 mg \u00e9tant une dose de pr\u00e9-comp\u00e9tition. Nous vous recommandons de ne pas l&#8217;utiliser pendant plus de 4 \u00e0 6 semaines d&#8217;affil\u00e9e. Comme il s&#8217;agit d&#8217;une version injectable, nous vous recommandons de l&#8217;injecter une fois par jour. <strong>INFORMATIONS SUR LES LOTS :<br \/>\n<\/strong>Num\u00e9ro de lot : <span data-sheets-root=\"1\" data-sheets-value=\"{\" data-sheets-userformat=\"{\">TB59045<\/span><br \/>\nDate de fabrication : <span data-sheets-root=\"1\" data-sheets-value=\"{\" data-sheets-userformat=\"{\">10.2025<\/span><span data-sheets-root=\"1\" data-sheets-value=\"{\" data-sheets-userformat=\"{\">.<\/span><br \/>\nDate d&#8217;expiration : <span data-sheets-root=\"1\" data-sheets-value=\"{\" data-sheets-userformat=\"{\">10.2028.<\/span><\/p>\n","protected":false},"excerpt":{"rendered":"<p>POSOLOGIE : Stanozolol 50mg\/ml CONTENU DU PAQUET : 1 flacon de 10ML, 50 mg par ml QU&#8217;EST-CE QUE C&#8217;EST : Stanozolol plus connu sous le nom de Winstrol est le st\u00e9ro\u00efde oral le plus utilis\u00e9 dans les phases de coupe. Son potentiel androg\u00e8ne est tr\u00e8s \u00e9lev\u00e9, ce qui en fait le st\u00e9ro\u00efde id\u00e9al pour conserver&hellip;<\/p>\n","protected":false},"featured_media":75241,"comment_status":"open","ping_status":"closed","template":"","meta":[],"product_cat":[161,160],"product_tag":[],"yoast_head":"<!-- This site is optimized with the Yoast SEO plugin v23.0 - https:\/\/yoast.com\/wordpress\/plugins\/seo\/ -->\n<title>Stanozolol - Astera Labs<\/title>\n<meta name=\"robots\" content=\"index, follow, max-snippet:-1, max-image-preview:large, max-video-preview:-1\" \/>\n<link rel=\"canonical\" href=\"https:\/\/asteralabs.org\/fr\/product\/stanozolol\/\" \/>\n<meta property=\"og:locale\" content=\"fr_FR\" \/>\n<meta property=\"og:type\" content=\"article\" \/>\n<meta property=\"og:title\" content=\"Stanozolol - Astera Labs\" \/>\n<meta property=\"og:description\" content=\"POSOLOGIE : Stanozolol 50mg\/ml CONTENU DU PAQUET : 1 flacon de 10ML, 50 mg par ml QU&#8217;EST-CE QUE C&#8217;EST : Stanozolol plus connu sous le nom de Winstrol est le st\u00e9ro\u00efde oral le plus utilis\u00e9 dans les phases de coupe. Son potentiel androg\u00e8ne est tr\u00e8s \u00e9lev\u00e9, ce qui en fait le st\u00e9ro\u00efde id\u00e9al pour conserver&hellip;\" \/>\n<meta property=\"og:url\" content=\"https:\/\/asteralabs.org\/fr\/product\/stanozolol\/\" \/>\n<meta property=\"og:site_name\" content=\"Astera Labs\" \/>\n<meta property=\"article:modified_time\" content=\"2026-01-15T10:32:08+00:00\" \/>\n<meta property=\"og:image\" content=\"https:\/\/asteralabs.org\/wp-content\/uploads\/2022\/11\/3-2.png\" \/>\n\t<meta property=\"og:image:width\" content=\"2000\" \/>\n\t<meta property=\"og:image:height\" content=\"2000\" \/>\n\t<meta property=\"og:image:type\" content=\"image\/png\" \/>\n<meta name=\"twitter:card\" content=\"summary_large_image\" \/>\n<script type=\"application\/ld+json\" class=\"yoast-schema-graph\">{\"@context\":\"https:\/\/schema.org\",\"@graph\":[{\"@type\":\"WebPage\",\"@id\":\"https:\/\/asteralabs.org\/fr\/product\/stanozolol\/\",\"url\":\"https:\/\/asteralabs.org\/fr\/product\/stanozolol\/\",\"name\":\"Stanozolol - Astera Labs\",\"isPartOf\":{\"@id\":\"https:\/\/asteralabs.org\/fr\/#website\"},\"primaryImageOfPage\":{\"@id\":\"https:\/\/asteralabs.org\/fr\/product\/stanozolol\/#primaryimage\"},\"image\":{\"@id\":\"https:\/\/asteralabs.org\/fr\/product\/stanozolol\/#primaryimage\"},\"thumbnailUrl\":\"https:\/\/asteralabs.org\/wp-content\/uploads\/2022\/11\/3-2.png\",\"datePublished\":\"2022-11-05T21:54:08+00:00\",\"dateModified\":\"2026-01-15T10:32:08+00:00\",\"breadcrumb\":{\"@id\":\"https:\/\/asteralabs.org\/fr\/product\/stanozolol\/#breadcrumb\"},\"inLanguage\":\"fr-FR\",\"potentialAction\":[{\"@type\":\"ReadAction\",\"target\":[\"https:\/\/asteralabs.org\/fr\/product\/stanozolol\/\"]}]},{\"@type\":\"ImageObject\",\"inLanguage\":\"fr-FR\",\"@id\":\"https:\/\/asteralabs.org\/fr\/product\/stanozolol\/#primaryimage\",\"url\":\"https:\/\/asteralabs.org\/wp-content\/uploads\/2022\/11\/3-2.png\",\"contentUrl\":\"https:\/\/asteralabs.org\/wp-content\/uploads\/2022\/11\/3-2.png\",\"width\":2000,\"height\":2000},{\"@type\":\"BreadcrumbList\",\"@id\":\"https:\/\/asteralabs.org\/fr\/product\/stanozolol\/#breadcrumb\",\"itemListElement\":[{\"@type\":\"ListItem\",\"position\":1,\"name\":\"Home\",\"item\":\"https:\/\/asteralabs.org\/fr\/\"},{\"@type\":\"ListItem\",\"position\":2,\"name\":\"Boutique\",\"item\":\"https:\/\/asteralabs.org\/boutique\/\"},{\"@type\":\"ListItem\",\"position\":3,\"name\":\"Stanozolol\"}]},{\"@type\":\"WebSite\",\"@id\":\"https:\/\/asteralabs.org\/fr\/#website\",\"url\":\"https:\/\/asteralabs.org\/fr\/\",\"name\":\"Astera Labs\",\"description\":\"Improve Your Quality Of Life\",\"publisher\":{\"@id\":\"https:\/\/asteralabs.org\/fr\/#organization\"},\"potentialAction\":[{\"@type\":\"SearchAction\",\"target\":{\"@type\":\"EntryPoint\",\"urlTemplate\":\"https:\/\/asteralabs.org\/fr\/?s={search_term_string}\"},\"query-input\":\"required name=search_term_string\"}],\"inLanguage\":\"fr-FR\"},{\"@type\":\"Organization\",\"@id\":\"https:\/\/asteralabs.org\/fr\/#organization\",\"name\":\"Astera Labs\",\"url\":\"https:\/\/asteralabs.org\/fr\/\",\"logo\":{\"@type\":\"ImageObject\",\"inLanguage\":\"fr-FR\",\"@id\":\"https:\/\/asteralabs.org\/fr\/#\/schema\/logo\/image\/\",\"url\":\"https:\/\/asteralabs.org\/wp-content\/uploads\/2022\/12\/astera-2.png\",\"contentUrl\":\"https:\/\/asteralabs.org\/wp-content\/uploads\/2022\/12\/astera-2.png\",\"width\":437,\"height\":111,\"caption\":\"Astera Labs\"},\"image\":{\"@id\":\"https:\/\/asteralabs.org\/fr\/#\/schema\/logo\/image\/\"}}]}<\/script>\n<!-- \/ Yoast SEO plugin. -->","yoast_head_json":{"title":"Stanozolol - Astera Labs","robots":{"index":"index","follow":"follow","max-snippet":"max-snippet:-1","max-image-preview":"max-image-preview:large","max-video-preview":"max-video-preview:-1"},"canonical":"https:\/\/asteralabs.org\/fr\/product\/stanozolol\/","og_locale":"fr_FR","og_type":"article","og_title":"Stanozolol - Astera Labs","og_description":"POSOLOGIE : Stanozolol 50mg\/ml CONTENU DU PAQUET : 1 flacon de 10ML, 50 mg par ml QU&#8217;EST-CE QUE C&#8217;EST : Stanozolol plus connu sous le nom de Winstrol est le st\u00e9ro\u00efde oral le plus utilis\u00e9 dans les phases de coupe. Son potentiel androg\u00e8ne est tr\u00e8s \u00e9lev\u00e9, ce qui en fait le st\u00e9ro\u00efde id\u00e9al pour conserver&hellip;","og_url":"https:\/\/asteralabs.org\/fr\/product\/stanozolol\/","og_site_name":"Astera Labs","article_modified_time":"2026-01-15T10:32:08+00:00","og_image":[{"width":2000,"height":2000,"url":"https:\/\/asteralabs.org\/wp-content\/uploads\/2022\/11\/3-2.png","type":"image\/png"}],"twitter_card":"summary_large_image","schema":{"@context":"https:\/\/schema.org","@graph":[{"@type":"WebPage","@id":"https:\/\/asteralabs.org\/fr\/product\/stanozolol\/","url":"https:\/\/asteralabs.org\/fr\/product\/stanozolol\/","name":"Stanozolol - Astera Labs","isPartOf":{"@id":"https:\/\/asteralabs.org\/fr\/#website"},"primaryImageOfPage":{"@id":"https:\/\/asteralabs.org\/fr\/product\/stanozolol\/#primaryimage"},"image":{"@id":"https:\/\/asteralabs.org\/fr\/product\/stanozolol\/#primaryimage"},"thumbnailUrl":"https:\/\/asteralabs.org\/wp-content\/uploads\/2022\/11\/3-2.png","datePublished":"2022-11-05T21:54:08+00:00","dateModified":"2026-01-15T10:32:08+00:00","breadcrumb":{"@id":"https:\/\/asteralabs.org\/fr\/product\/stanozolol\/#breadcrumb"},"inLanguage":"fr-FR","potentialAction":[{"@type":"ReadAction","target":["https:\/\/asteralabs.org\/fr\/product\/stanozolol\/"]}]},{"@type":"ImageObject","inLanguage":"fr-FR","@id":"https:\/\/asteralabs.org\/fr\/product\/stanozolol\/#primaryimage","url":"https:\/\/asteralabs.org\/wp-content\/uploads\/2022\/11\/3-2.png","contentUrl":"https:\/\/asteralabs.org\/wp-content\/uploads\/2022\/11\/3-2.png","width":2000,"height":2000},{"@type":"BreadcrumbList","@id":"https:\/\/asteralabs.org\/fr\/product\/stanozolol\/#breadcrumb","itemListElement":[{"@type":"ListItem","position":1,"name":"Home","item":"https:\/\/asteralabs.org\/fr\/"},{"@type":"ListItem","position":2,"name":"Boutique","item":"https:\/\/asteralabs.org\/boutique\/"},{"@type":"ListItem","position":3,"name":"Stanozolol"}]},{"@type":"WebSite","@id":"https:\/\/asteralabs.org\/fr\/#website","url":"https:\/\/asteralabs.org\/fr\/","name":"Astera Labs","description":"Improve Your Quality Of Life","publisher":{"@id":"https:\/\/asteralabs.org\/fr\/#organization"},"potentialAction":[{"@type":"SearchAction","target":{"@type":"EntryPoint","urlTemplate":"https:\/\/asteralabs.org\/fr\/?s={search_term_string}"},"query-input":"required name=search_term_string"}],"inLanguage":"fr-FR"},{"@type":"Organization","@id":"https:\/\/asteralabs.org\/fr\/#organization","name":"Astera Labs","url":"https:\/\/asteralabs.org\/fr\/","logo":{"@type":"ImageObject","inLanguage":"fr-FR","@id":"https:\/\/asteralabs.org\/fr\/#\/schema\/logo\/image\/","url":"https:\/\/asteralabs.org\/wp-content\/uploads\/2022\/12\/astera-2.png","contentUrl":"https:\/\/asteralabs.org\/wp-content\/uploads\/2022\/12\/astera-2.png","width":437,"height":111,"caption":"Astera Labs"},"image":{"@id":"https:\/\/asteralabs.org\/fr\/#\/schema\/logo\/image\/"}}]}},"_links":{"self":[{"href":"https:\/\/asteralabs.org\/fr\/wp-json\/wp\/v2\/product\/77683"}],"collection":[{"href":"https:\/\/asteralabs.org\/fr\/wp-json\/wp\/v2\/product"}],"about":[{"href":"https:\/\/asteralabs.org\/fr\/wp-json\/wp\/v2\/types\/product"}],"replies":[{"embeddable":true,"href":"https:\/\/asteralabs.org\/fr\/wp-json\/wp\/v2\/comments?post=77683"}],"version-history":[{"count":0,"href":"https:\/\/asteralabs.org\/fr\/wp-json\/wp\/v2\/product\/77683\/revisions"}],"wp:featuredmedia":[{"embeddable":true,"href":"https:\/\/asteralabs.org\/fr\/wp-json\/wp\/v2\/media\/75241"}],"wp:attachment":[{"href":"https:\/\/asteralabs.org\/fr\/wp-json\/wp\/v2\/media?parent=77683"}],"wp:term":[{"taxonomy":"product_cat","embeddable":true,"href":"https:\/\/asteralabs.org\/fr\/wp-json\/wp\/v2\/product_cat?post=77683"},{"taxonomy":"product_tag","embeddable":true,"href":"https:\/\/asteralabs.org\/fr\/wp-json\/wp\/v2\/product_tag?post=77683"}],"curies":[{"name":"wp","href":"https:\/\/api.w.org\/{rel}","templated":true}]}}