{"id":77710,"date":"2023-01-10T22:31:46","date_gmt":"2023-01-10T22:31:46","guid":{"rendered":"https:\/\/asteralabs.org\/product\/oxandrolone\/"},"modified":"2026-01-16T10:26:21","modified_gmt":"2026-01-16T10:26:21","slug":"oxandrolone","status":"publish","type":"product","link":"https:\/\/asteralabs.org\/fr\/product\/oxandrolone\/","title":{"rendered":"Oxandrolone"},"content":{"rendered":"<p><strong>POSOLOGIE : <\/strong><br \/>\nOxandrolone 20mg\/tab<\/p>\n<p><strong>CONTENU DU LOT : <\/strong><br \/>\n1 sachet, 100 comprim\u00e9s, 20 mg par comprim\u00e9<\/p>\n<p><strong>QU&#8217;EST-CE QUE C&#8217;EST : <\/strong><br \/>\nC&#8217;est le st\u00e9ro\u00efde oral le plus utilis\u00e9 en raison de son rapport risque\/b\u00e9n\u00e9fice, il fournit de bons gains en masse maigre et en force ainsi qu&#8217;un effet puissant sur la perte de graisse. Il est tr\u00e8s polyvalent, il peut \u00eatre utilis\u00e9 \u00e0 la fois dans un cycle de coupe et dans un cycle de gonflement, bien qu&#8217;il soit g\u00e9n\u00e9ralement utilis\u00e9 pendant un cycle de coupe en raison de son puissant effet de combustion des graisses. C&#8217;est un st\u00e9ro\u00efde tr\u00e8s s\u00fbr, bien qu&#8217;il soit m\u00e9tabolis\u00e9 dans le foie, sa toxicit\u00e9 h\u00e9patique est presque nulle.<\/p>\n<p><strong>MODE D&#8217;EMPLOI : <\/strong><br \/>\nLes doses d\u00e9pendent de l&#8217;utilisateur, et des doses de 20 \u00e0 100 mg par jour sont consid\u00e9r\u00e9es comme normales. Une dose standard sera de 30-50 mg par jour, divis\u00e9e en 3 doses avec les principaux repas de la journ\u00e9e.1<\/p>\n<p><strong>INFORMATIONS SUR LES LOTS :<br \/>\n<\/strong>Num\u00e9ro de lot : <span data-sheets-root=\"1\" data-sheets-value=\"{\" data-sheets-userformat=\"{\">OW35606<\/span><br \/>\nDate de fabrication : <span data-sheets-root=\"1\" data-sheets-value=\"{\" data-sheets-userformat=\"{\">10.2025.<\/span><br \/>\nDate d&#8217;expiration : <span data-sheets-root=\"1\" data-sheets-value=\"{\" data-sheets-userformat=\"{\">10.2028.<\/span><\/p>\n","protected":false},"excerpt":{"rendered":"<p>POSOLOGIE : Oxandrolone 20mg\/tab CONTENU DU LOT : 1 sachet, 100 comprim\u00e9s, 20 mg par comprim\u00e9 QU&#8217;EST-CE QUE C&#8217;EST : C&#8217;est le st\u00e9ro\u00efde oral le plus utilis\u00e9 en raison de son rapport risque\/b\u00e9n\u00e9fice, il fournit de bons gains en masse maigre et en force ainsi qu&#8217;un effet puissant sur la perte de graisse. Il est&hellip;<\/p>\n","protected":false},"featured_media":76321,"comment_status":"open","ping_status":"closed","template":"","meta":[],"product_cat":[161,178],"product_tag":[],"yoast_head":"<!-- This site is optimized with the Yoast SEO plugin v23.0 - https:\/\/yoast.com\/wordpress\/plugins\/seo\/ -->\n<title>Oxandrolone - Astera Labs<\/title>\n<meta name=\"robots\" content=\"index, follow, max-snippet:-1, max-image-preview:large, max-video-preview:-1\" \/>\n<link rel=\"canonical\" href=\"https:\/\/asteralabs.org\/fr\/product\/oxandrolone\/\" \/>\n<meta property=\"og:locale\" content=\"fr_FR\" \/>\n<meta property=\"og:type\" content=\"article\" \/>\n<meta property=\"og:title\" content=\"Oxandrolone - Astera Labs\" \/>\n<meta property=\"og:description\" content=\"POSOLOGIE : Oxandrolone 20mg\/tab CONTENU DU LOT : 1 sachet, 100 comprim\u00e9s, 20 mg par comprim\u00e9 QU&#8217;EST-CE QUE C&#8217;EST : C&#8217;est le st\u00e9ro\u00efde oral le plus utilis\u00e9 en raison de son rapport risque\/b\u00e9n\u00e9fice, il fournit de bons gains en masse maigre et en force ainsi qu&#8217;un effet puissant sur la perte de graisse. Il est&hellip;\" \/>\n<meta property=\"og:url\" content=\"https:\/\/asteralabs.org\/fr\/product\/oxandrolone\/\" \/>\n<meta property=\"og:site_name\" content=\"Astera Labs\" \/>\n<meta property=\"article:modified_time\" content=\"2026-01-16T10:26:21+00:00\" \/>\n<meta property=\"og:image\" content=\"https:\/\/asteralabs.org\/wp-content\/uploads\/2023\/01\/Oxandrolone-mockup-nbg.png\" \/>\n\t<meta property=\"og:image:width\" content=\"2000\" \/>\n\t<meta property=\"og:image:height\" content=\"2000\" \/>\n\t<meta property=\"og:image:type\" content=\"image\/png\" \/>\n<meta name=\"twitter:card\" content=\"summary_large_image\" \/>\n<script type=\"application\/ld+json\" class=\"yoast-schema-graph\">{\"@context\":\"https:\/\/schema.org\",\"@graph\":[{\"@type\":\"WebPage\",\"@id\":\"https:\/\/asteralabs.org\/fr\/product\/oxandrolone\/\",\"url\":\"https:\/\/asteralabs.org\/fr\/product\/oxandrolone\/\",\"name\":\"Oxandrolone - Astera Labs\",\"isPartOf\":{\"@id\":\"https:\/\/asteralabs.org\/fr\/#website\"},\"primaryImageOfPage\":{\"@id\":\"https:\/\/asteralabs.org\/fr\/product\/oxandrolone\/#primaryimage\"},\"image\":{\"@id\":\"https:\/\/asteralabs.org\/fr\/product\/oxandrolone\/#primaryimage\"},\"thumbnailUrl\":\"https:\/\/asteralabs.org\/wp-content\/uploads\/2023\/01\/Oxandrolone-mockup-nbg.png\",\"datePublished\":\"2023-01-10T22:31:46+00:00\",\"dateModified\":\"2026-01-16T10:26:21+00:00\",\"breadcrumb\":{\"@id\":\"https:\/\/asteralabs.org\/fr\/product\/oxandrolone\/#breadcrumb\"},\"inLanguage\":\"fr-FR\",\"potentialAction\":[{\"@type\":\"ReadAction\",\"target\":[\"https:\/\/asteralabs.org\/fr\/product\/oxandrolone\/\"]}]},{\"@type\":\"ImageObject\",\"inLanguage\":\"fr-FR\",\"@id\":\"https:\/\/asteralabs.org\/fr\/product\/oxandrolone\/#primaryimage\",\"url\":\"https:\/\/asteralabs.org\/wp-content\/uploads\/2023\/01\/Oxandrolone-mockup-nbg.png\",\"contentUrl\":\"https:\/\/asteralabs.org\/wp-content\/uploads\/2023\/01\/Oxandrolone-mockup-nbg.png\",\"width\":2000,\"height\":2000},{\"@type\":\"BreadcrumbList\",\"@id\":\"https:\/\/asteralabs.org\/fr\/product\/oxandrolone\/#breadcrumb\",\"itemListElement\":[{\"@type\":\"ListItem\",\"position\":1,\"name\":\"Home\",\"item\":\"https:\/\/asteralabs.org\/fr\/\"},{\"@type\":\"ListItem\",\"position\":2,\"name\":\"Boutique\",\"item\":\"https:\/\/asteralabs.org\/boutique\/\"},{\"@type\":\"ListItem\",\"position\":3,\"name\":\"Oxandrolone\"}]},{\"@type\":\"WebSite\",\"@id\":\"https:\/\/asteralabs.org\/fr\/#website\",\"url\":\"https:\/\/asteralabs.org\/fr\/\",\"name\":\"Astera Labs\",\"description\":\"Improve Your Quality Of Life\",\"publisher\":{\"@id\":\"https:\/\/asteralabs.org\/fr\/#organization\"},\"potentialAction\":[{\"@type\":\"SearchAction\",\"target\":{\"@type\":\"EntryPoint\",\"urlTemplate\":\"https:\/\/asteralabs.org\/fr\/?s={search_term_string}\"},\"query-input\":\"required name=search_term_string\"}],\"inLanguage\":\"fr-FR\"},{\"@type\":\"Organization\",\"@id\":\"https:\/\/asteralabs.org\/fr\/#organization\",\"name\":\"Astera Labs\",\"url\":\"https:\/\/asteralabs.org\/fr\/\",\"logo\":{\"@type\":\"ImageObject\",\"inLanguage\":\"fr-FR\",\"@id\":\"https:\/\/asteralabs.org\/fr\/#\/schema\/logo\/image\/\",\"url\":\"https:\/\/asteralabs.org\/wp-content\/uploads\/2022\/12\/astera-2.png\",\"contentUrl\":\"https:\/\/asteralabs.org\/wp-content\/uploads\/2022\/12\/astera-2.png\",\"width\":437,\"height\":111,\"caption\":\"Astera Labs\"},\"image\":{\"@id\":\"https:\/\/asteralabs.org\/fr\/#\/schema\/logo\/image\/\"}}]}<\/script>\n<!-- \/ Yoast SEO plugin. -->","yoast_head_json":{"title":"Oxandrolone - Astera Labs","robots":{"index":"index","follow":"follow","max-snippet":"max-snippet:-1","max-image-preview":"max-image-preview:large","max-video-preview":"max-video-preview:-1"},"canonical":"https:\/\/asteralabs.org\/fr\/product\/oxandrolone\/","og_locale":"fr_FR","og_type":"article","og_title":"Oxandrolone - Astera Labs","og_description":"POSOLOGIE : Oxandrolone 20mg\/tab CONTENU DU LOT : 1 sachet, 100 comprim\u00e9s, 20 mg par comprim\u00e9 QU&#8217;EST-CE QUE C&#8217;EST : C&#8217;est le st\u00e9ro\u00efde oral le plus utilis\u00e9 en raison de son rapport risque\/b\u00e9n\u00e9fice, il fournit de bons gains en masse maigre et en force ainsi qu&#8217;un effet puissant sur la perte de graisse. Il est&hellip;","og_url":"https:\/\/asteralabs.org\/fr\/product\/oxandrolone\/","og_site_name":"Astera Labs","article_modified_time":"2026-01-16T10:26:21+00:00","og_image":[{"width":2000,"height":2000,"url":"https:\/\/asteralabs.org\/wp-content\/uploads\/2023\/01\/Oxandrolone-mockup-nbg.png","type":"image\/png"}],"twitter_card":"summary_large_image","schema":{"@context":"https:\/\/schema.org","@graph":[{"@type":"WebPage","@id":"https:\/\/asteralabs.org\/fr\/product\/oxandrolone\/","url":"https:\/\/asteralabs.org\/fr\/product\/oxandrolone\/","name":"Oxandrolone - Astera Labs","isPartOf":{"@id":"https:\/\/asteralabs.org\/fr\/#website"},"primaryImageOfPage":{"@id":"https:\/\/asteralabs.org\/fr\/product\/oxandrolone\/#primaryimage"},"image":{"@id":"https:\/\/asteralabs.org\/fr\/product\/oxandrolone\/#primaryimage"},"thumbnailUrl":"https:\/\/asteralabs.org\/wp-content\/uploads\/2023\/01\/Oxandrolone-mockup-nbg.png","datePublished":"2023-01-10T22:31:46+00:00","dateModified":"2026-01-16T10:26:21+00:00","breadcrumb":{"@id":"https:\/\/asteralabs.org\/fr\/product\/oxandrolone\/#breadcrumb"},"inLanguage":"fr-FR","potentialAction":[{"@type":"ReadAction","target":["https:\/\/asteralabs.org\/fr\/product\/oxandrolone\/"]}]},{"@type":"ImageObject","inLanguage":"fr-FR","@id":"https:\/\/asteralabs.org\/fr\/product\/oxandrolone\/#primaryimage","url":"https:\/\/asteralabs.org\/wp-content\/uploads\/2023\/01\/Oxandrolone-mockup-nbg.png","contentUrl":"https:\/\/asteralabs.org\/wp-content\/uploads\/2023\/01\/Oxandrolone-mockup-nbg.png","width":2000,"height":2000},{"@type":"BreadcrumbList","@id":"https:\/\/asteralabs.org\/fr\/product\/oxandrolone\/#breadcrumb","itemListElement":[{"@type":"ListItem","position":1,"name":"Home","item":"https:\/\/asteralabs.org\/fr\/"},{"@type":"ListItem","position":2,"name":"Boutique","item":"https:\/\/asteralabs.org\/boutique\/"},{"@type":"ListItem","position":3,"name":"Oxandrolone"}]},{"@type":"WebSite","@id":"https:\/\/asteralabs.org\/fr\/#website","url":"https:\/\/asteralabs.org\/fr\/","name":"Astera Labs","description":"Improve Your Quality Of Life","publisher":{"@id":"https:\/\/asteralabs.org\/fr\/#organization"},"potentialAction":[{"@type":"SearchAction","target":{"@type":"EntryPoint","urlTemplate":"https:\/\/asteralabs.org\/fr\/?s={search_term_string}"},"query-input":"required name=search_term_string"}],"inLanguage":"fr-FR"},{"@type":"Organization","@id":"https:\/\/asteralabs.org\/fr\/#organization","name":"Astera Labs","url":"https:\/\/asteralabs.org\/fr\/","logo":{"@type":"ImageObject","inLanguage":"fr-FR","@id":"https:\/\/asteralabs.org\/fr\/#\/schema\/logo\/image\/","url":"https:\/\/asteralabs.org\/wp-content\/uploads\/2022\/12\/astera-2.png","contentUrl":"https:\/\/asteralabs.org\/wp-content\/uploads\/2022\/12\/astera-2.png","width":437,"height":111,"caption":"Astera Labs"},"image":{"@id":"https:\/\/asteralabs.org\/fr\/#\/schema\/logo\/image\/"}}]}},"_links":{"self":[{"href":"https:\/\/asteralabs.org\/fr\/wp-json\/wp\/v2\/product\/77710"}],"collection":[{"href":"https:\/\/asteralabs.org\/fr\/wp-json\/wp\/v2\/product"}],"about":[{"href":"https:\/\/asteralabs.org\/fr\/wp-json\/wp\/v2\/types\/product"}],"replies":[{"embeddable":true,"href":"https:\/\/asteralabs.org\/fr\/wp-json\/wp\/v2\/comments?post=77710"}],"version-history":[{"count":1,"href":"https:\/\/asteralabs.org\/fr\/wp-json\/wp\/v2\/product\/77710\/revisions"}],"predecessor-version":[{"id":78747,"href":"https:\/\/asteralabs.org\/fr\/wp-json\/wp\/v2\/product\/77710\/revisions\/78747"}],"wp:featuredmedia":[{"embeddable":true,"href":"https:\/\/asteralabs.org\/fr\/wp-json\/wp\/v2\/media\/76321"}],"wp:attachment":[{"href":"https:\/\/asteralabs.org\/fr\/wp-json\/wp\/v2\/media?parent=77710"}],"wp:term":[{"taxonomy":"product_cat","embeddable":true,"href":"https:\/\/asteralabs.org\/fr\/wp-json\/wp\/v2\/product_cat?post=77710"},{"taxonomy":"product_tag","embeddable":true,"href":"https:\/\/asteralabs.org\/fr\/wp-json\/wp\/v2\/product_tag?post=77710"}],"curies":[{"name":"wp","href":"https:\/\/api.w.org\/{rel}","templated":true}]}}