{"id":77737,"date":"2023-01-10T22:24:53","date_gmt":"2023-01-10T22:24:53","guid":{"rendered":"https:\/\/asteralabs.org\/product\/sex-hard-mix-viagra-cialis\/"},"modified":"2026-01-16T12:10:30","modified_gmt":"2026-01-16T12:10:30","slug":"sex-hard-mix-viagra-cialis","status":"publish","type":"product","link":"https:\/\/asteralabs.org\/fr\/product\/sex-hard-mix-viagra-cialis\/","title":{"rendered":"Sex Hard Mix (Viagra + Cialis)"},"content":{"rendered":"<p><strong>POSOLOGIE : <\/strong><br \/>\nCitrate de sild\u00e9nafil (Viagra) 50mg\/comprim\u00e9<br \/>\nTadalafil (Cialis) 20mg\/comprim\u00e9 <strong>CONTENU DE L&#8217;EMBALLAGE : <\/strong><br \/>\n1 sachet, 100 comprim\u00e9s, 70 mg par comprim\u00e9 <strong>QU&#8217;EST-CE QUE C&#8217;EST : <\/strong><br \/>\nLa combinaison du viagra et du cialis vous aidera \u00e0 obtenir une \u00e9rection durable pendant longtemps. L&#8217;effet aigu du viagra est combin\u00e9 \u00e0 l&#8217;effet durable du cialis. <strong>MODE D&#8217;EMPLOI : <\/strong><br \/>\nIl est conseill\u00e9 de le prendre deux heures avant l&#8217;activit\u00e9 sexuelle pour qu&#8217;il exerce son effet. Il n&#8217;est n\u00e9cessaire de le prendre qu&#8217;une fois par jour et les doses ne doivent pas d\u00e9passer 1 comprim\u00e9 par jour.<\/p>\n<p><strong>INFORMATIONS SUR LES LOTS :<br \/>\n<\/strong>Num\u00e9ro de lot : <span data-sheets-root=\"1\" data-sheets-value=\"{\" data-sheets-userformat=\"{\">VY05604<\/span><br \/>\nDate de fabrication : <span data-sheets-root=\"1\" data-sheets-value=\"{\" data-sheets-userformat=\"{\">10.2025.<\/span><br \/>\nDate d&#8217;expiration : <span data-sheets-root=\"1\" data-sheets-value=\"{\" data-sheets-userformat=\"{\">10.2028.<\/span><\/p>\n","protected":false},"excerpt":{"rendered":"<p>POSOLOGIE : Citrate de sild\u00e9nafil (Viagra) 50mg\/comprim\u00e9 Tadalafil (Cialis) 20mg\/comprim\u00e9 CONTENU DE L&#8217;EMBALLAGE : 1 sachet, 100 comprim\u00e9s, 70 mg par comprim\u00e9 QU&#8217;EST-CE QUE C&#8217;EST : La combinaison du viagra et du cialis vous aidera \u00e0 obtenir une \u00e9rection durable pendant longtemps. L&#8217;effet aigu du viagra est combin\u00e9 \u00e0 l&#8217;effet durable du cialis. MODE D&#8217;EMPLOI&hellip;<\/p>\n","protected":false},"featured_media":76185,"comment_status":"open","ping_status":"closed","template":"","meta":[],"product_cat":[161,178],"product_tag":[],"yoast_head":"<!-- This site is optimized with the Yoast SEO plugin v23.0 - https:\/\/yoast.com\/wordpress\/plugins\/seo\/ -->\n<title>Sex Hard Mix (Viagra + Cialis) - Astera Labs<\/title>\n<meta name=\"robots\" content=\"index, follow, max-snippet:-1, max-image-preview:large, max-video-preview:-1\" \/>\n<link rel=\"canonical\" href=\"https:\/\/asteralabs.org\/fr\/product\/sex-hard-mix-viagra-cialis\/\" \/>\n<meta property=\"og:locale\" content=\"fr_FR\" \/>\n<meta property=\"og:type\" content=\"article\" \/>\n<meta property=\"og:title\" content=\"Sex Hard Mix (Viagra + Cialis) - Astera Labs\" \/>\n<meta property=\"og:description\" content=\"POSOLOGIE : Citrate de sild\u00e9nafil (Viagra) 50mg\/comprim\u00e9 Tadalafil (Cialis) 20mg\/comprim\u00e9 CONTENU DE L&#8217;EMBALLAGE : 1 sachet, 100 comprim\u00e9s, 70 mg par comprim\u00e9 QU&#8217;EST-CE QUE C&#8217;EST : La combinaison du viagra et du cialis vous aidera \u00e0 obtenir une \u00e9rection durable pendant longtemps. L&#8217;effet aigu du viagra est combin\u00e9 \u00e0 l&#8217;effet durable du cialis. MODE D&#8217;EMPLOI&hellip;\" \/>\n<meta property=\"og:url\" content=\"https:\/\/asteralabs.org\/fr\/product\/sex-hard-mix-viagra-cialis\/\" \/>\n<meta property=\"og:site_name\" content=\"Astera Labs\" \/>\n<meta property=\"article:modified_time\" content=\"2026-01-16T12:10:30+00:00\" \/>\n<meta property=\"og:image\" content=\"https:\/\/asteralabs.org\/wp-content\/uploads\/2023\/01\/Sex-hard-mix-mockup-nbg.png\" \/>\n\t<meta property=\"og:image:width\" content=\"2000\" \/>\n\t<meta property=\"og:image:height\" content=\"2000\" \/>\n\t<meta property=\"og:image:type\" content=\"image\/png\" \/>\n<meta name=\"twitter:card\" content=\"summary_large_image\" \/>\n<script type=\"application\/ld+json\" class=\"yoast-schema-graph\">{\"@context\":\"https:\/\/schema.org\",\"@graph\":[{\"@type\":\"WebPage\",\"@id\":\"https:\/\/asteralabs.org\/fr\/product\/sex-hard-mix-viagra-cialis\/\",\"url\":\"https:\/\/asteralabs.org\/fr\/product\/sex-hard-mix-viagra-cialis\/\",\"name\":\"Sex Hard Mix (Viagra + Cialis) - Astera Labs\",\"isPartOf\":{\"@id\":\"https:\/\/asteralabs.org\/fr\/#website\"},\"primaryImageOfPage\":{\"@id\":\"https:\/\/asteralabs.org\/fr\/product\/sex-hard-mix-viagra-cialis\/#primaryimage\"},\"image\":{\"@id\":\"https:\/\/asteralabs.org\/fr\/product\/sex-hard-mix-viagra-cialis\/#primaryimage\"},\"thumbnailUrl\":\"https:\/\/asteralabs.org\/wp-content\/uploads\/2023\/01\/Sex-hard-mix-mockup-nbg.png\",\"datePublished\":\"2023-01-10T22:24:53+00:00\",\"dateModified\":\"2026-01-16T12:10:30+00:00\",\"breadcrumb\":{\"@id\":\"https:\/\/asteralabs.org\/fr\/product\/sex-hard-mix-viagra-cialis\/#breadcrumb\"},\"inLanguage\":\"fr-FR\",\"potentialAction\":[{\"@type\":\"ReadAction\",\"target\":[\"https:\/\/asteralabs.org\/fr\/product\/sex-hard-mix-viagra-cialis\/\"]}]},{\"@type\":\"ImageObject\",\"inLanguage\":\"fr-FR\",\"@id\":\"https:\/\/asteralabs.org\/fr\/product\/sex-hard-mix-viagra-cialis\/#primaryimage\",\"url\":\"https:\/\/asteralabs.org\/wp-content\/uploads\/2023\/01\/Sex-hard-mix-mockup-nbg.png\",\"contentUrl\":\"https:\/\/asteralabs.org\/wp-content\/uploads\/2023\/01\/Sex-hard-mix-mockup-nbg.png\",\"width\":2000,\"height\":2000},{\"@type\":\"BreadcrumbList\",\"@id\":\"https:\/\/asteralabs.org\/fr\/product\/sex-hard-mix-viagra-cialis\/#breadcrumb\",\"itemListElement\":[{\"@type\":\"ListItem\",\"position\":1,\"name\":\"Home\",\"item\":\"https:\/\/asteralabs.org\/fr\/\"},{\"@type\":\"ListItem\",\"position\":2,\"name\":\"Boutique\",\"item\":\"https:\/\/asteralabs.org\/boutique\/\"},{\"@type\":\"ListItem\",\"position\":3,\"name\":\"Sex Hard Mix (Viagra + Cialis)\"}]},{\"@type\":\"WebSite\",\"@id\":\"https:\/\/asteralabs.org\/fr\/#website\",\"url\":\"https:\/\/asteralabs.org\/fr\/\",\"name\":\"Astera Labs\",\"description\":\"Improve Your Quality Of Life\",\"publisher\":{\"@id\":\"https:\/\/asteralabs.org\/fr\/#organization\"},\"potentialAction\":[{\"@type\":\"SearchAction\",\"target\":{\"@type\":\"EntryPoint\",\"urlTemplate\":\"https:\/\/asteralabs.org\/fr\/?s={search_term_string}\"},\"query-input\":\"required name=search_term_string\"}],\"inLanguage\":\"fr-FR\"},{\"@type\":\"Organization\",\"@id\":\"https:\/\/asteralabs.org\/fr\/#organization\",\"name\":\"Astera Labs\",\"url\":\"https:\/\/asteralabs.org\/fr\/\",\"logo\":{\"@type\":\"ImageObject\",\"inLanguage\":\"fr-FR\",\"@id\":\"https:\/\/asteralabs.org\/fr\/#\/schema\/logo\/image\/\",\"url\":\"https:\/\/asteralabs.org\/wp-content\/uploads\/2022\/12\/astera-2.png\",\"contentUrl\":\"https:\/\/asteralabs.org\/wp-content\/uploads\/2022\/12\/astera-2.png\",\"width\":437,\"height\":111,\"caption\":\"Astera Labs\"},\"image\":{\"@id\":\"https:\/\/asteralabs.org\/fr\/#\/schema\/logo\/image\/\"}}]}<\/script>\n<!-- \/ Yoast SEO plugin. -->","yoast_head_json":{"title":"Sex Hard Mix (Viagra + Cialis) - Astera Labs","robots":{"index":"index","follow":"follow","max-snippet":"max-snippet:-1","max-image-preview":"max-image-preview:large","max-video-preview":"max-video-preview:-1"},"canonical":"https:\/\/asteralabs.org\/fr\/product\/sex-hard-mix-viagra-cialis\/","og_locale":"fr_FR","og_type":"article","og_title":"Sex Hard Mix (Viagra + Cialis) - Astera Labs","og_description":"POSOLOGIE : Citrate de sild\u00e9nafil (Viagra) 50mg\/comprim\u00e9 Tadalafil (Cialis) 20mg\/comprim\u00e9 CONTENU DE L&#8217;EMBALLAGE : 1 sachet, 100 comprim\u00e9s, 70 mg par comprim\u00e9 QU&#8217;EST-CE QUE C&#8217;EST : La combinaison du viagra et du cialis vous aidera \u00e0 obtenir une \u00e9rection durable pendant longtemps. L&#8217;effet aigu du viagra est combin\u00e9 \u00e0 l&#8217;effet durable du cialis. MODE D&#8217;EMPLOI&hellip;","og_url":"https:\/\/asteralabs.org\/fr\/product\/sex-hard-mix-viagra-cialis\/","og_site_name":"Astera Labs","article_modified_time":"2026-01-16T12:10:30+00:00","og_image":[{"width":2000,"height":2000,"url":"https:\/\/asteralabs.org\/wp-content\/uploads\/2023\/01\/Sex-hard-mix-mockup-nbg.png","type":"image\/png"}],"twitter_card":"summary_large_image","schema":{"@context":"https:\/\/schema.org","@graph":[{"@type":"WebPage","@id":"https:\/\/asteralabs.org\/fr\/product\/sex-hard-mix-viagra-cialis\/","url":"https:\/\/asteralabs.org\/fr\/product\/sex-hard-mix-viagra-cialis\/","name":"Sex Hard Mix (Viagra + Cialis) - Astera Labs","isPartOf":{"@id":"https:\/\/asteralabs.org\/fr\/#website"},"primaryImageOfPage":{"@id":"https:\/\/asteralabs.org\/fr\/product\/sex-hard-mix-viagra-cialis\/#primaryimage"},"image":{"@id":"https:\/\/asteralabs.org\/fr\/product\/sex-hard-mix-viagra-cialis\/#primaryimage"},"thumbnailUrl":"https:\/\/asteralabs.org\/wp-content\/uploads\/2023\/01\/Sex-hard-mix-mockup-nbg.png","datePublished":"2023-01-10T22:24:53+00:00","dateModified":"2026-01-16T12:10:30+00:00","breadcrumb":{"@id":"https:\/\/asteralabs.org\/fr\/product\/sex-hard-mix-viagra-cialis\/#breadcrumb"},"inLanguage":"fr-FR","potentialAction":[{"@type":"ReadAction","target":["https:\/\/asteralabs.org\/fr\/product\/sex-hard-mix-viagra-cialis\/"]}]},{"@type":"ImageObject","inLanguage":"fr-FR","@id":"https:\/\/asteralabs.org\/fr\/product\/sex-hard-mix-viagra-cialis\/#primaryimage","url":"https:\/\/asteralabs.org\/wp-content\/uploads\/2023\/01\/Sex-hard-mix-mockup-nbg.png","contentUrl":"https:\/\/asteralabs.org\/wp-content\/uploads\/2023\/01\/Sex-hard-mix-mockup-nbg.png","width":2000,"height":2000},{"@type":"BreadcrumbList","@id":"https:\/\/asteralabs.org\/fr\/product\/sex-hard-mix-viagra-cialis\/#breadcrumb","itemListElement":[{"@type":"ListItem","position":1,"name":"Home","item":"https:\/\/asteralabs.org\/fr\/"},{"@type":"ListItem","position":2,"name":"Boutique","item":"https:\/\/asteralabs.org\/boutique\/"},{"@type":"ListItem","position":3,"name":"Sex Hard Mix (Viagra + Cialis)"}]},{"@type":"WebSite","@id":"https:\/\/asteralabs.org\/fr\/#website","url":"https:\/\/asteralabs.org\/fr\/","name":"Astera Labs","description":"Improve Your Quality Of Life","publisher":{"@id":"https:\/\/asteralabs.org\/fr\/#organization"},"potentialAction":[{"@type":"SearchAction","target":{"@type":"EntryPoint","urlTemplate":"https:\/\/asteralabs.org\/fr\/?s={search_term_string}"},"query-input":"required name=search_term_string"}],"inLanguage":"fr-FR"},{"@type":"Organization","@id":"https:\/\/asteralabs.org\/fr\/#organization","name":"Astera Labs","url":"https:\/\/asteralabs.org\/fr\/","logo":{"@type":"ImageObject","inLanguage":"fr-FR","@id":"https:\/\/asteralabs.org\/fr\/#\/schema\/logo\/image\/","url":"https:\/\/asteralabs.org\/wp-content\/uploads\/2022\/12\/astera-2.png","contentUrl":"https:\/\/asteralabs.org\/wp-content\/uploads\/2022\/12\/astera-2.png","width":437,"height":111,"caption":"Astera Labs"},"image":{"@id":"https:\/\/asteralabs.org\/fr\/#\/schema\/logo\/image\/"}}]}},"_links":{"self":[{"href":"https:\/\/asteralabs.org\/fr\/wp-json\/wp\/v2\/product\/77737"}],"collection":[{"href":"https:\/\/asteralabs.org\/fr\/wp-json\/wp\/v2\/product"}],"about":[{"href":"https:\/\/asteralabs.org\/fr\/wp-json\/wp\/v2\/types\/product"}],"replies":[{"embeddable":true,"href":"https:\/\/asteralabs.org\/fr\/wp-json\/wp\/v2\/comments?post=77737"}],"version-history":[{"count":0,"href":"https:\/\/asteralabs.org\/fr\/wp-json\/wp\/v2\/product\/77737\/revisions"}],"wp:featuredmedia":[{"embeddable":true,"href":"https:\/\/asteralabs.org\/fr\/wp-json\/wp\/v2\/media\/76185"}],"wp:attachment":[{"href":"https:\/\/asteralabs.org\/fr\/wp-json\/wp\/v2\/media?parent=77737"}],"wp:term":[{"taxonomy":"product_cat","embeddable":true,"href":"https:\/\/asteralabs.org\/fr\/wp-json\/wp\/v2\/product_cat?post=77737"},{"taxonomy":"product_tag","embeddable":true,"href":"https:\/\/asteralabs.org\/fr\/wp-json\/wp\/v2\/product_tag?post=77737"}],"curies":[{"name":"wp","href":"https:\/\/api.w.org\/{rel}","templated":true}]}}