{"id":77744,"date":"2023-01-10T22:23:05","date_gmt":"2023-01-10T22:23:05","guid":{"rendered":"https:\/\/asteralabs.org\/product\/sex-hard-strong-mix-viagra-cialis-dapoxetine-hcl\/"},"modified":"2026-01-15T14:21:10","modified_gmt":"2026-01-15T14:21:10","slug":"sex-hard-strong-mix-viagra-cialis-dapoxetine-hcl","status":"publish","type":"product","link":"https:\/\/asteralabs.org\/fr\/product\/sex-hard-strong-mix-viagra-cialis-dapoxetine-hcl\/","title":{"rendered":"Sex Hard &amp; Strong Mix (Viagra + Cialis + Dapoxetine HCL)"},"content":{"rendered":"<p><strong>POSOLOGIE : <\/strong><br \/>\nCitrate de sild\u00e9nafil (Viagra) 50 mg\/comprim\u00e9<br \/>\nTadalafil (Cialis) 20 mg\/comprim\u00e9<br \/>\nDapoxetine HCL 30 mg\/comprim\u00e9<\/p>\n<p><strong>CONTENU DU LOT: <\/strong><br \/>\n1 sachet, 100 comprim\u00e9s, 100 mg par comprim\u00e9<\/p>\n<p><strong>QU&#8217;EST-CE QUE C&#8217;EST : <\/strong><br \/>\nLa combinaison du viagra, du cialis et de la dapoxetine vous aidera \u00e0 atteindre la meilleure performance sexuelle que vous puissiez demander. L&#8217;effet aigu du viagra est combin\u00e9 \u00e0 l&#8217;effet durable du cialis et \u00e0 l&#8217;effet retardateur de la dapox\u00e9tine.<\/p>\n<p><strong>MODE D&#8217;EMPLOI : <\/strong><br \/>\nIl est conseill\u00e9 de le prendre une heure avant l&#8217;activit\u00e9 sexuelle pour qu&#8217;il exerce son effet. Il est n\u00e9cessaire de le prendre une fois par jour et les doses ne doivent pas d\u00e9passer 1 comprim\u00e9 par jour.<\/p>\n<p><strong>INFORMATIONS SUR LE LOT :<br \/>\n<\/strong>Num\u00e9ro de lot : <span data-sheets-root=\"1\">LW22138<\/span><br \/>\nDate de fabrication : <span data-sheets-root=\"1\" data-sheets-value=\"{&quot;1&quot;:2,&quot;2&quot;:&quot;03.2023.&quot;}\" data-sheets-userformat=\"{&quot;2&quot;:577,&quot;3&quot;:{&quot;1&quot;:0},&quot;9&quot;:0,&quot;12&quot;:0}\">10.2025.<\/span><br \/>\nDate d&#8217;expiration : 10<span data-sheets-root=\"1\" data-sheets-value=\"{&quot;1&quot;:2,&quot;2&quot;:&quot;03.2026.&quot;}\" data-sheets-userformat=\"{&quot;2&quot;:637,&quot;3&quot;:{&quot;1&quot;:0},&quot;5&quot;:{&quot;1&quot;:[{&quot;1&quot;:2,&quot;2&quot;:0,&quot;5&quot;:{&quot;1&quot;:2,&quot;2&quot;:0}},{&quot;1&quot;:0,&quot;2&quot;:0,&quot;3&quot;:3},{&quot;1&quot;:1,&quot;2&quot;:0,&quot;4&quot;:1}]},&quot;6&quot;:{&quot;1&quot;:[{&quot;1&quot;:2,&quot;2&quot;:0,&quot;5&quot;:{&quot;1&quot;:2,&quot;2&quot;:0}},{&quot;1&quot;:0,&quot;2&quot;:0,&quot;3&quot;:3},{&quot;1&quot;:1,&quot;2&quot;:0,&quot;4&quot;:1}]},&quot;7&quot;:{&quot;1&quot;:[{&quot;1&quot;:2,&quot;2&quot;:0,&quot;5&quot;:{&quot;1&quot;:2,&quot;2&quot;:0}},{&quot;1&quot;:0,&quot;2&quot;:0,&quot;3&quot;:3},{&quot;1&quot;:1,&quot;2&quot;:0,&quot;4&quot;:1}]},&quot;8&quot;:{&quot;1&quot;:[{&quot;1&quot;:2,&quot;2&quot;:0,&quot;5&quot;:{&quot;1&quot;:2,&quot;2&quot;:0}},{&quot;1&quot;:0,&quot;2&quot;:0,&quot;3&quot;:3},{&quot;1&quot;:1,&quot;2&quot;:0,&quot;4&quot;:1}]},&quot;9&quot;:0,&quot;12&quot;:0}\">.2028.<\/span><\/p>\n","protected":false},"excerpt":{"rendered":"<p>POSOLOGIE : Citrate de sild\u00e9nafil (Viagra) 50 mg\/comprim\u00e9 Tadalafil (Cialis) 20 mg\/comprim\u00e9 Dapoxetine HCL 30 mg\/comprim\u00e9 CONTENU DU LOT: 1 sachet, 100 comprim\u00e9s, 100 mg par comprim\u00e9 QU&#8217;EST-CE QUE C&#8217;EST : La combinaison du viagra, du cialis et de la dapoxetine vous aidera \u00e0 atteindre la meilleure performance sexuelle que vous puissiez demander. L&#8217;effet aigu&hellip;<\/p>\n","protected":false},"featured_media":76193,"comment_status":"open","ping_status":"closed","template":"","meta":[],"product_cat":[161,178],"product_tag":[],"yoast_head":"<!-- This site is optimized with the Yoast SEO plugin v23.0 - https:\/\/yoast.com\/wordpress\/plugins\/seo\/ -->\n<title>Sex Hard &amp; Strong Mix (Viagra + Cialis + Dapoxetine HCL) - Astera Labs<\/title>\n<meta name=\"robots\" content=\"index, follow, max-snippet:-1, max-image-preview:large, max-video-preview:-1\" \/>\n<link rel=\"canonical\" href=\"https:\/\/asteralabs.org\/fr\/product\/sex-hard-strong-mix-viagra-cialis-dapoxetine-hcl\/\" \/>\n<meta property=\"og:locale\" content=\"fr_FR\" \/>\n<meta property=\"og:type\" content=\"article\" \/>\n<meta property=\"og:title\" content=\"Sex Hard &amp; Strong Mix (Viagra + Cialis + Dapoxetine HCL) - Astera Labs\" \/>\n<meta property=\"og:description\" content=\"POSOLOGIE : Citrate de sild\u00e9nafil (Viagra) 50 mg\/comprim\u00e9 Tadalafil (Cialis) 20 mg\/comprim\u00e9 Dapoxetine HCL 30 mg\/comprim\u00e9 CONTENU DU LOT: 1 sachet, 100 comprim\u00e9s, 100 mg par comprim\u00e9 QU&#8217;EST-CE QUE C&#8217;EST : La combinaison du viagra, du cialis et de la dapoxetine vous aidera \u00e0 atteindre la meilleure performance sexuelle que vous puissiez demander. L&#8217;effet aigu&hellip;\" \/>\n<meta property=\"og:url\" content=\"https:\/\/asteralabs.org\/fr\/product\/sex-hard-strong-mix-viagra-cialis-dapoxetine-hcl\/\" \/>\n<meta property=\"og:site_name\" content=\"Astera Labs\" \/>\n<meta property=\"article:modified_time\" content=\"2026-01-15T14:21:10+00:00\" \/>\n<meta property=\"og:image\" content=\"https:\/\/asteralabs.org\/wp-content\/uploads\/2023\/01\/Sex-hard-strong-mix-mockup-nbg.png\" \/>\n\t<meta property=\"og:image:width\" content=\"2000\" \/>\n\t<meta property=\"og:image:height\" content=\"2000\" \/>\n\t<meta property=\"og:image:type\" content=\"image\/png\" \/>\n<meta name=\"twitter:card\" content=\"summary_large_image\" \/>\n<script type=\"application\/ld+json\" class=\"yoast-schema-graph\">{\"@context\":\"https:\/\/schema.org\",\"@graph\":[{\"@type\":\"WebPage\",\"@id\":\"https:\/\/asteralabs.org\/fr\/product\/sex-hard-strong-mix-viagra-cialis-dapoxetine-hcl\/\",\"url\":\"https:\/\/asteralabs.org\/fr\/product\/sex-hard-strong-mix-viagra-cialis-dapoxetine-hcl\/\",\"name\":\"Sex Hard &amp; Strong Mix (Viagra + Cialis + Dapoxetine HCL) - Astera Labs\",\"isPartOf\":{\"@id\":\"https:\/\/asteralabs.org\/fr\/#website\"},\"primaryImageOfPage\":{\"@id\":\"https:\/\/asteralabs.org\/fr\/product\/sex-hard-strong-mix-viagra-cialis-dapoxetine-hcl\/#primaryimage\"},\"image\":{\"@id\":\"https:\/\/asteralabs.org\/fr\/product\/sex-hard-strong-mix-viagra-cialis-dapoxetine-hcl\/#primaryimage\"},\"thumbnailUrl\":\"https:\/\/asteralabs.org\/wp-content\/uploads\/2023\/01\/Sex-hard-strong-mix-mockup-nbg.png\",\"datePublished\":\"2023-01-10T22:23:05+00:00\",\"dateModified\":\"2026-01-15T14:21:10+00:00\",\"breadcrumb\":{\"@id\":\"https:\/\/asteralabs.org\/fr\/product\/sex-hard-strong-mix-viagra-cialis-dapoxetine-hcl\/#breadcrumb\"},\"inLanguage\":\"fr-FR\",\"potentialAction\":[{\"@type\":\"ReadAction\",\"target\":[\"https:\/\/asteralabs.org\/fr\/product\/sex-hard-strong-mix-viagra-cialis-dapoxetine-hcl\/\"]}]},{\"@type\":\"ImageObject\",\"inLanguage\":\"fr-FR\",\"@id\":\"https:\/\/asteralabs.org\/fr\/product\/sex-hard-strong-mix-viagra-cialis-dapoxetine-hcl\/#primaryimage\",\"url\":\"https:\/\/asteralabs.org\/wp-content\/uploads\/2023\/01\/Sex-hard-strong-mix-mockup-nbg.png\",\"contentUrl\":\"https:\/\/asteralabs.org\/wp-content\/uploads\/2023\/01\/Sex-hard-strong-mix-mockup-nbg.png\",\"width\":2000,\"height\":2000},{\"@type\":\"BreadcrumbList\",\"@id\":\"https:\/\/asteralabs.org\/fr\/product\/sex-hard-strong-mix-viagra-cialis-dapoxetine-hcl\/#breadcrumb\",\"itemListElement\":[{\"@type\":\"ListItem\",\"position\":1,\"name\":\"Home\",\"item\":\"https:\/\/asteralabs.org\/fr\/\"},{\"@type\":\"ListItem\",\"position\":2,\"name\":\"Boutique\",\"item\":\"https:\/\/asteralabs.org\/boutique\/\"},{\"@type\":\"ListItem\",\"position\":3,\"name\":\"Sex Hard &amp; Strong Mix (Viagra + Cialis + Dapoxetine HCL)\"}]},{\"@type\":\"WebSite\",\"@id\":\"https:\/\/asteralabs.org\/fr\/#website\",\"url\":\"https:\/\/asteralabs.org\/fr\/\",\"name\":\"Astera Labs\",\"description\":\"Improve Your Quality Of Life\",\"publisher\":{\"@id\":\"https:\/\/asteralabs.org\/fr\/#organization\"},\"potentialAction\":[{\"@type\":\"SearchAction\",\"target\":{\"@type\":\"EntryPoint\",\"urlTemplate\":\"https:\/\/asteralabs.org\/fr\/?s={search_term_string}\"},\"query-input\":\"required name=search_term_string\"}],\"inLanguage\":\"fr-FR\"},{\"@type\":\"Organization\",\"@id\":\"https:\/\/asteralabs.org\/fr\/#organization\",\"name\":\"Astera Labs\",\"url\":\"https:\/\/asteralabs.org\/fr\/\",\"logo\":{\"@type\":\"ImageObject\",\"inLanguage\":\"fr-FR\",\"@id\":\"https:\/\/asteralabs.org\/fr\/#\/schema\/logo\/image\/\",\"url\":\"https:\/\/asteralabs.org\/wp-content\/uploads\/2022\/12\/astera-2.png\",\"contentUrl\":\"https:\/\/asteralabs.org\/wp-content\/uploads\/2022\/12\/astera-2.png\",\"width\":437,\"height\":111,\"caption\":\"Astera Labs\"},\"image\":{\"@id\":\"https:\/\/asteralabs.org\/fr\/#\/schema\/logo\/image\/\"}}]}<\/script>\n<!-- \/ Yoast SEO plugin. -->","yoast_head_json":{"title":"Sex Hard &amp; Strong Mix (Viagra + Cialis + Dapoxetine HCL) - Astera Labs","robots":{"index":"index","follow":"follow","max-snippet":"max-snippet:-1","max-image-preview":"max-image-preview:large","max-video-preview":"max-video-preview:-1"},"canonical":"https:\/\/asteralabs.org\/fr\/product\/sex-hard-strong-mix-viagra-cialis-dapoxetine-hcl\/","og_locale":"fr_FR","og_type":"article","og_title":"Sex Hard &amp; Strong Mix (Viagra + Cialis + Dapoxetine HCL) - Astera Labs","og_description":"POSOLOGIE : Citrate de sild\u00e9nafil (Viagra) 50 mg\/comprim\u00e9 Tadalafil (Cialis) 20 mg\/comprim\u00e9 Dapoxetine HCL 30 mg\/comprim\u00e9 CONTENU DU LOT: 1 sachet, 100 comprim\u00e9s, 100 mg par comprim\u00e9 QU&#8217;EST-CE QUE C&#8217;EST : La combinaison du viagra, du cialis et de la dapoxetine vous aidera \u00e0 atteindre la meilleure performance sexuelle que vous puissiez demander. L&#8217;effet aigu&hellip;","og_url":"https:\/\/asteralabs.org\/fr\/product\/sex-hard-strong-mix-viagra-cialis-dapoxetine-hcl\/","og_site_name":"Astera Labs","article_modified_time":"2026-01-15T14:21:10+00:00","og_image":[{"width":2000,"height":2000,"url":"https:\/\/asteralabs.org\/wp-content\/uploads\/2023\/01\/Sex-hard-strong-mix-mockup-nbg.png","type":"image\/png"}],"twitter_card":"summary_large_image","schema":{"@context":"https:\/\/schema.org","@graph":[{"@type":"WebPage","@id":"https:\/\/asteralabs.org\/fr\/product\/sex-hard-strong-mix-viagra-cialis-dapoxetine-hcl\/","url":"https:\/\/asteralabs.org\/fr\/product\/sex-hard-strong-mix-viagra-cialis-dapoxetine-hcl\/","name":"Sex Hard &amp; Strong Mix (Viagra + Cialis + Dapoxetine HCL) - Astera Labs","isPartOf":{"@id":"https:\/\/asteralabs.org\/fr\/#website"},"primaryImageOfPage":{"@id":"https:\/\/asteralabs.org\/fr\/product\/sex-hard-strong-mix-viagra-cialis-dapoxetine-hcl\/#primaryimage"},"image":{"@id":"https:\/\/asteralabs.org\/fr\/product\/sex-hard-strong-mix-viagra-cialis-dapoxetine-hcl\/#primaryimage"},"thumbnailUrl":"https:\/\/asteralabs.org\/wp-content\/uploads\/2023\/01\/Sex-hard-strong-mix-mockup-nbg.png","datePublished":"2023-01-10T22:23:05+00:00","dateModified":"2026-01-15T14:21:10+00:00","breadcrumb":{"@id":"https:\/\/asteralabs.org\/fr\/product\/sex-hard-strong-mix-viagra-cialis-dapoxetine-hcl\/#breadcrumb"},"inLanguage":"fr-FR","potentialAction":[{"@type":"ReadAction","target":["https:\/\/asteralabs.org\/fr\/product\/sex-hard-strong-mix-viagra-cialis-dapoxetine-hcl\/"]}]},{"@type":"ImageObject","inLanguage":"fr-FR","@id":"https:\/\/asteralabs.org\/fr\/product\/sex-hard-strong-mix-viagra-cialis-dapoxetine-hcl\/#primaryimage","url":"https:\/\/asteralabs.org\/wp-content\/uploads\/2023\/01\/Sex-hard-strong-mix-mockup-nbg.png","contentUrl":"https:\/\/asteralabs.org\/wp-content\/uploads\/2023\/01\/Sex-hard-strong-mix-mockup-nbg.png","width":2000,"height":2000},{"@type":"BreadcrumbList","@id":"https:\/\/asteralabs.org\/fr\/product\/sex-hard-strong-mix-viagra-cialis-dapoxetine-hcl\/#breadcrumb","itemListElement":[{"@type":"ListItem","position":1,"name":"Home","item":"https:\/\/asteralabs.org\/fr\/"},{"@type":"ListItem","position":2,"name":"Boutique","item":"https:\/\/asteralabs.org\/boutique\/"},{"@type":"ListItem","position":3,"name":"Sex Hard &amp; Strong Mix (Viagra + Cialis + Dapoxetine HCL)"}]},{"@type":"WebSite","@id":"https:\/\/asteralabs.org\/fr\/#website","url":"https:\/\/asteralabs.org\/fr\/","name":"Astera Labs","description":"Improve Your Quality Of Life","publisher":{"@id":"https:\/\/asteralabs.org\/fr\/#organization"},"potentialAction":[{"@type":"SearchAction","target":{"@type":"EntryPoint","urlTemplate":"https:\/\/asteralabs.org\/fr\/?s={search_term_string}"},"query-input":"required name=search_term_string"}],"inLanguage":"fr-FR"},{"@type":"Organization","@id":"https:\/\/asteralabs.org\/fr\/#organization","name":"Astera Labs","url":"https:\/\/asteralabs.org\/fr\/","logo":{"@type":"ImageObject","inLanguage":"fr-FR","@id":"https:\/\/asteralabs.org\/fr\/#\/schema\/logo\/image\/","url":"https:\/\/asteralabs.org\/wp-content\/uploads\/2022\/12\/astera-2.png","contentUrl":"https:\/\/asteralabs.org\/wp-content\/uploads\/2022\/12\/astera-2.png","width":437,"height":111,"caption":"Astera Labs"},"image":{"@id":"https:\/\/asteralabs.org\/fr\/#\/schema\/logo\/image\/"}}]}},"_links":{"self":[{"href":"https:\/\/asteralabs.org\/fr\/wp-json\/wp\/v2\/product\/77744"}],"collection":[{"href":"https:\/\/asteralabs.org\/fr\/wp-json\/wp\/v2\/product"}],"about":[{"href":"https:\/\/asteralabs.org\/fr\/wp-json\/wp\/v2\/types\/product"}],"replies":[{"embeddable":true,"href":"https:\/\/asteralabs.org\/fr\/wp-json\/wp\/v2\/comments?post=77744"}],"version-history":[{"count":4,"href":"https:\/\/asteralabs.org\/fr\/wp-json\/wp\/v2\/product\/77744\/revisions"}],"predecessor-version":[{"id":80003,"href":"https:\/\/asteralabs.org\/fr\/wp-json\/wp\/v2\/product\/77744\/revisions\/80003"}],"wp:featuredmedia":[{"embeddable":true,"href":"https:\/\/asteralabs.org\/fr\/wp-json\/wp\/v2\/media\/76193"}],"wp:attachment":[{"href":"https:\/\/asteralabs.org\/fr\/wp-json\/wp\/v2\/media?parent=77744"}],"wp:term":[{"taxonomy":"product_cat","embeddable":true,"href":"https:\/\/asteralabs.org\/fr\/wp-json\/wp\/v2\/product_cat?post=77744"},{"taxonomy":"product_tag","embeddable":true,"href":"https:\/\/asteralabs.org\/fr\/wp-json\/wp\/v2\/product_tag?post=77744"}],"curies":[{"name":"wp","href":"https:\/\/api.w.org\/{rel}","templated":true}]}}