{"id":77750,"date":"2023-01-10T22:21:28","date_gmt":"2023-01-10T22:21:28","guid":{"rendered":"https:\/\/asteralabs.org\/product\/methyldrostanolone-superdrol-2\/"},"modified":"2026-01-16T10:07:55","modified_gmt":"2026-01-16T10:07:55","slug":"methyldrostanolone-superdrol-2","status":"publish","type":"product","link":"https:\/\/asteralabs.org\/fr\/product\/methyldrostanolone-superdrol-2\/","title":{"rendered":"M\u00e9thyldrostanolone (Superdrol)"},"content":{"rendered":"<p><strong>POSOLOGIE : <\/strong><br \/>\nMethyldrostanolone 10mg\/tab <strong>CONTENU DU PAQUET : <\/strong><br \/>\n1 satchet, 50tabs, 10 mg par tab <strong>QU&#8217;EST-CE QUE C&#8217;EST : <\/strong><br \/>\nLa m\u00e9thyldrosnanolone, \u00e9galement connue sous le nom de Superdrol, est le st\u00e9ro\u00efde oral le plus puissant qui existe. Il s&#8217;agit d&#8217;une modification m\u00e9thyl\u00e9e de la drostanolone, mais il n&#8217;en a pas l&#8217;air, il a un pouvoir anabolisant et androg\u00e8ne \u00e9lev\u00e9, et peut \u00eatre utilis\u00e9 en volume, en coupe ou en phase de force et, tout comme l&#8217;Anadrol, sature les d\u00e9p\u00f4ts de glycog\u00e8ne. C&#8217;est un st\u00e9ro\u00efde tr\u00e8s h\u00e9patotoxique. <strong>MODE D&#8217;EMPLOI : <\/strong><br \/>\nUne dose de 10 mg est d\u00e9j\u00e0 tr\u00e8s efficace, mais des doses allant jusqu&#8217;\u00e0 20-30 mg par jour sont souvent utilis\u00e9es. Il est recommand\u00e9 de l&#8217;utiliser pendant 4 semaines au maximum. Il est recommand\u00e9 de fractionner la dose deux fois par jour. Il doit \u00eatre utilis\u00e9 en conjonction avec un protecteur du foie tel que TUDCA. <strong>INFORMATIONS SUR LES LOTS :<br \/>\n<\/strong>Num\u00e9ro de lot : <span data-sheets-root=\"1\" data-sheets-value=\"{&quot;1&quot;:2,&quot;2&quot;:&quot;KG66676&quot;}\" data-sheets-userformat=\"{&quot;2&quot;:4224,&quot;10&quot;:2,&quot;15&quot;:&quot;Arial&quot;}\">VA38269<\/span><br \/>\nDate de fabrication : <span data-sheets-root=\"1\" data-sheets-value=\"{\" data-sheets-userformat=\"{\">10.2025.<\/span><br \/>\nDate d&#8217;expiration : <span data-sheets-root=\"1\" data-sheets-value=\"{\" data-sheets-userformat=\"{\">10.2028.<\/span><\/p>\n","protected":false},"excerpt":{"rendered":"<p>POSOLOGIE : Methyldrostanolone 10mg\/tab CONTENU DU PAQUET : 1 satchet, 50tabs, 10 mg par tab QU&#8217;EST-CE QUE C&#8217;EST : La m\u00e9thyldrosnanolone, \u00e9galement connue sous le nom de Superdrol, est le st\u00e9ro\u00efde oral le plus puissant qui existe. Il s&#8217;agit d&#8217;une modification m\u00e9thyl\u00e9e de la drostanolone, mais il n&#8217;en a pas l&#8217;air, il a un pouvoir&hellip;<\/p>\n","protected":false},"featured_media":76297,"comment_status":"open","ping_status":"closed","template":"","meta":[],"product_cat":[161,178],"product_tag":[],"yoast_head":"<!-- This site is optimized with the Yoast SEO plugin v23.0 - https:\/\/yoast.com\/wordpress\/plugins\/seo\/ -->\n<title>M\u00e9thyldrostanolone (Superdrol) - Astera Labs<\/title>\n<meta name=\"robots\" content=\"index, follow, max-snippet:-1, max-image-preview:large, max-video-preview:-1\" \/>\n<link rel=\"canonical\" href=\"https:\/\/asteralabs.org\/fr\/product\/methyldrostanolone-superdrol-2\/\" \/>\n<meta property=\"og:locale\" content=\"fr_FR\" \/>\n<meta property=\"og:type\" content=\"article\" \/>\n<meta property=\"og:title\" content=\"M\u00e9thyldrostanolone (Superdrol) - Astera Labs\" \/>\n<meta property=\"og:description\" content=\"POSOLOGIE : Methyldrostanolone 10mg\/tab CONTENU DU PAQUET : 1 satchet, 50tabs, 10 mg par tab QU&#8217;EST-CE QUE C&#8217;EST : La m\u00e9thyldrosnanolone, \u00e9galement connue sous le nom de Superdrol, est le st\u00e9ro\u00efde oral le plus puissant qui existe. Il s&#8217;agit d&#8217;une modification m\u00e9thyl\u00e9e de la drostanolone, mais il n&#8217;en a pas l&#8217;air, il a un pouvoir&hellip;\" \/>\n<meta property=\"og:url\" content=\"https:\/\/asteralabs.org\/fr\/product\/methyldrostanolone-superdrol-2\/\" \/>\n<meta property=\"og:site_name\" content=\"Astera Labs\" \/>\n<meta property=\"article:modified_time\" content=\"2026-01-16T10:07:55+00:00\" \/>\n<meta property=\"og:image\" content=\"https:\/\/asteralabs.org\/wp-content\/uploads\/2023\/01\/Methyldrostanolone-superdrol-mockup-nbg.png\" \/>\n\t<meta property=\"og:image:width\" content=\"2000\" \/>\n\t<meta property=\"og:image:height\" content=\"2000\" \/>\n\t<meta property=\"og:image:type\" content=\"image\/png\" \/>\n<meta name=\"twitter:card\" content=\"summary_large_image\" \/>\n<script type=\"application\/ld+json\" class=\"yoast-schema-graph\">{\"@context\":\"https:\/\/schema.org\",\"@graph\":[{\"@type\":\"WebPage\",\"@id\":\"https:\/\/asteralabs.org\/fr\/product\/methyldrostanolone-superdrol-2\/\",\"url\":\"https:\/\/asteralabs.org\/fr\/product\/methyldrostanolone-superdrol-2\/\",\"name\":\"M\u00e9thyldrostanolone (Superdrol) - Astera Labs\",\"isPartOf\":{\"@id\":\"https:\/\/asteralabs.org\/fr\/#website\"},\"primaryImageOfPage\":{\"@id\":\"https:\/\/asteralabs.org\/fr\/product\/methyldrostanolone-superdrol-2\/#primaryimage\"},\"image\":{\"@id\":\"https:\/\/asteralabs.org\/fr\/product\/methyldrostanolone-superdrol-2\/#primaryimage\"},\"thumbnailUrl\":\"https:\/\/asteralabs.org\/wp-content\/uploads\/2023\/01\/Methyldrostanolone-superdrol-mockup-nbg.png\",\"datePublished\":\"2023-01-10T22:21:28+00:00\",\"dateModified\":\"2026-01-16T10:07:55+00:00\",\"breadcrumb\":{\"@id\":\"https:\/\/asteralabs.org\/fr\/product\/methyldrostanolone-superdrol-2\/#breadcrumb\"},\"inLanguage\":\"fr-FR\",\"potentialAction\":[{\"@type\":\"ReadAction\",\"target\":[\"https:\/\/asteralabs.org\/fr\/product\/methyldrostanolone-superdrol-2\/\"]}]},{\"@type\":\"ImageObject\",\"inLanguage\":\"fr-FR\",\"@id\":\"https:\/\/asteralabs.org\/fr\/product\/methyldrostanolone-superdrol-2\/#primaryimage\",\"url\":\"https:\/\/asteralabs.org\/wp-content\/uploads\/2023\/01\/Methyldrostanolone-superdrol-mockup-nbg.png\",\"contentUrl\":\"https:\/\/asteralabs.org\/wp-content\/uploads\/2023\/01\/Methyldrostanolone-superdrol-mockup-nbg.png\",\"width\":2000,\"height\":2000},{\"@type\":\"BreadcrumbList\",\"@id\":\"https:\/\/asteralabs.org\/fr\/product\/methyldrostanolone-superdrol-2\/#breadcrumb\",\"itemListElement\":[{\"@type\":\"ListItem\",\"position\":1,\"name\":\"Home\",\"item\":\"https:\/\/asteralabs.org\/fr\/\"},{\"@type\":\"ListItem\",\"position\":2,\"name\":\"Boutique\",\"item\":\"https:\/\/asteralabs.org\/boutique\/\"},{\"@type\":\"ListItem\",\"position\":3,\"name\":\"M\u00e9thyldrostanolone (Superdrol)\"}]},{\"@type\":\"WebSite\",\"@id\":\"https:\/\/asteralabs.org\/fr\/#website\",\"url\":\"https:\/\/asteralabs.org\/fr\/\",\"name\":\"Astera Labs\",\"description\":\"Improve Your Quality Of Life\",\"publisher\":{\"@id\":\"https:\/\/asteralabs.org\/fr\/#organization\"},\"potentialAction\":[{\"@type\":\"SearchAction\",\"target\":{\"@type\":\"EntryPoint\",\"urlTemplate\":\"https:\/\/asteralabs.org\/fr\/?s={search_term_string}\"},\"query-input\":\"required name=search_term_string\"}],\"inLanguage\":\"fr-FR\"},{\"@type\":\"Organization\",\"@id\":\"https:\/\/asteralabs.org\/fr\/#organization\",\"name\":\"Astera Labs\",\"url\":\"https:\/\/asteralabs.org\/fr\/\",\"logo\":{\"@type\":\"ImageObject\",\"inLanguage\":\"fr-FR\",\"@id\":\"https:\/\/asteralabs.org\/fr\/#\/schema\/logo\/image\/\",\"url\":\"https:\/\/asteralabs.org\/wp-content\/uploads\/2022\/12\/astera-2.png\",\"contentUrl\":\"https:\/\/asteralabs.org\/wp-content\/uploads\/2022\/12\/astera-2.png\",\"width\":437,\"height\":111,\"caption\":\"Astera Labs\"},\"image\":{\"@id\":\"https:\/\/asteralabs.org\/fr\/#\/schema\/logo\/image\/\"}}]}<\/script>\n<!-- \/ Yoast SEO plugin. -->","yoast_head_json":{"title":"M\u00e9thyldrostanolone (Superdrol) - Astera Labs","robots":{"index":"index","follow":"follow","max-snippet":"max-snippet:-1","max-image-preview":"max-image-preview:large","max-video-preview":"max-video-preview:-1"},"canonical":"https:\/\/asteralabs.org\/fr\/product\/methyldrostanolone-superdrol-2\/","og_locale":"fr_FR","og_type":"article","og_title":"M\u00e9thyldrostanolone (Superdrol) - Astera Labs","og_description":"POSOLOGIE : Methyldrostanolone 10mg\/tab CONTENU DU PAQUET : 1 satchet, 50tabs, 10 mg par tab QU&#8217;EST-CE QUE C&#8217;EST : La m\u00e9thyldrosnanolone, \u00e9galement connue sous le nom de Superdrol, est le st\u00e9ro\u00efde oral le plus puissant qui existe. Il s&#8217;agit d&#8217;une modification m\u00e9thyl\u00e9e de la drostanolone, mais il n&#8217;en a pas l&#8217;air, il a un pouvoir&hellip;","og_url":"https:\/\/asteralabs.org\/fr\/product\/methyldrostanolone-superdrol-2\/","og_site_name":"Astera Labs","article_modified_time":"2026-01-16T10:07:55+00:00","og_image":[{"width":2000,"height":2000,"url":"https:\/\/asteralabs.org\/wp-content\/uploads\/2023\/01\/Methyldrostanolone-superdrol-mockup-nbg.png","type":"image\/png"}],"twitter_card":"summary_large_image","schema":{"@context":"https:\/\/schema.org","@graph":[{"@type":"WebPage","@id":"https:\/\/asteralabs.org\/fr\/product\/methyldrostanolone-superdrol-2\/","url":"https:\/\/asteralabs.org\/fr\/product\/methyldrostanolone-superdrol-2\/","name":"M\u00e9thyldrostanolone (Superdrol) - Astera Labs","isPartOf":{"@id":"https:\/\/asteralabs.org\/fr\/#website"},"primaryImageOfPage":{"@id":"https:\/\/asteralabs.org\/fr\/product\/methyldrostanolone-superdrol-2\/#primaryimage"},"image":{"@id":"https:\/\/asteralabs.org\/fr\/product\/methyldrostanolone-superdrol-2\/#primaryimage"},"thumbnailUrl":"https:\/\/asteralabs.org\/wp-content\/uploads\/2023\/01\/Methyldrostanolone-superdrol-mockup-nbg.png","datePublished":"2023-01-10T22:21:28+00:00","dateModified":"2026-01-16T10:07:55+00:00","breadcrumb":{"@id":"https:\/\/asteralabs.org\/fr\/product\/methyldrostanolone-superdrol-2\/#breadcrumb"},"inLanguage":"fr-FR","potentialAction":[{"@type":"ReadAction","target":["https:\/\/asteralabs.org\/fr\/product\/methyldrostanolone-superdrol-2\/"]}]},{"@type":"ImageObject","inLanguage":"fr-FR","@id":"https:\/\/asteralabs.org\/fr\/product\/methyldrostanolone-superdrol-2\/#primaryimage","url":"https:\/\/asteralabs.org\/wp-content\/uploads\/2023\/01\/Methyldrostanolone-superdrol-mockup-nbg.png","contentUrl":"https:\/\/asteralabs.org\/wp-content\/uploads\/2023\/01\/Methyldrostanolone-superdrol-mockup-nbg.png","width":2000,"height":2000},{"@type":"BreadcrumbList","@id":"https:\/\/asteralabs.org\/fr\/product\/methyldrostanolone-superdrol-2\/#breadcrumb","itemListElement":[{"@type":"ListItem","position":1,"name":"Home","item":"https:\/\/asteralabs.org\/fr\/"},{"@type":"ListItem","position":2,"name":"Boutique","item":"https:\/\/asteralabs.org\/boutique\/"},{"@type":"ListItem","position":3,"name":"M\u00e9thyldrostanolone (Superdrol)"}]},{"@type":"WebSite","@id":"https:\/\/asteralabs.org\/fr\/#website","url":"https:\/\/asteralabs.org\/fr\/","name":"Astera Labs","description":"Improve Your Quality Of Life","publisher":{"@id":"https:\/\/asteralabs.org\/fr\/#organization"},"potentialAction":[{"@type":"SearchAction","target":{"@type":"EntryPoint","urlTemplate":"https:\/\/asteralabs.org\/fr\/?s={search_term_string}"},"query-input":"required name=search_term_string"}],"inLanguage":"fr-FR"},{"@type":"Organization","@id":"https:\/\/asteralabs.org\/fr\/#organization","name":"Astera Labs","url":"https:\/\/asteralabs.org\/fr\/","logo":{"@type":"ImageObject","inLanguage":"fr-FR","@id":"https:\/\/asteralabs.org\/fr\/#\/schema\/logo\/image\/","url":"https:\/\/asteralabs.org\/wp-content\/uploads\/2022\/12\/astera-2.png","contentUrl":"https:\/\/asteralabs.org\/wp-content\/uploads\/2022\/12\/astera-2.png","width":437,"height":111,"caption":"Astera Labs"},"image":{"@id":"https:\/\/asteralabs.org\/fr\/#\/schema\/logo\/image\/"}}]}},"_links":{"self":[{"href":"https:\/\/asteralabs.org\/fr\/wp-json\/wp\/v2\/product\/77750"}],"collection":[{"href":"https:\/\/asteralabs.org\/fr\/wp-json\/wp\/v2\/product"}],"about":[{"href":"https:\/\/asteralabs.org\/fr\/wp-json\/wp\/v2\/types\/product"}],"replies":[{"embeddable":true,"href":"https:\/\/asteralabs.org\/fr\/wp-json\/wp\/v2\/comments?post=77750"}],"version-history":[{"count":0,"href":"https:\/\/asteralabs.org\/fr\/wp-json\/wp\/v2\/product\/77750\/revisions"}],"wp:featuredmedia":[{"embeddable":true,"href":"https:\/\/asteralabs.org\/fr\/wp-json\/wp\/v2\/media\/76297"}],"wp:attachment":[{"href":"https:\/\/asteralabs.org\/fr\/wp-json\/wp\/v2\/media?parent=77750"}],"wp:term":[{"taxonomy":"product_cat","embeddable":true,"href":"https:\/\/asteralabs.org\/fr\/wp-json\/wp\/v2\/product_cat?post=77750"},{"taxonomy":"product_tag","embeddable":true,"href":"https:\/\/asteralabs.org\/fr\/wp-json\/wp\/v2\/product_tag?post=77750"}],"curies":[{"name":"wp","href":"https:\/\/api.w.org\/{rel}","templated":true}]}}