{"id":77778,"date":"2023-01-10T22:11:50","date_gmt":"2023-01-10T22:11:50","guid":{"rendered":"https:\/\/asteralabs.org\/product\/cabergoline\/"},"modified":"2026-01-16T08:18:31","modified_gmt":"2026-01-16T08:18:31","slug":"cabergoline","status":"publish","type":"product","link":"https:\/\/asteralabs.org\/fr\/product\/cabergoline\/","title":{"rendered":"Cabergoline"},"content":{"rendered":"<p><strong>POSOLOGIE : <\/strong><br \/>\nCabergoline 0,25mg\/comprim\u00e9 <strong>CONTENU DU PAQUET : <\/strong><br \/>\n1 sachet, 50 comprim\u00e9s, 0,25mg par comprim\u00e9 <strong>QU&#8217;EST-CE QUE C&#8217;EST : <\/strong><br \/>\nLa cabergoline est un m\u00e9dicament dopaminergique utilis\u00e9 dans le traitement des taux \u00e9lev\u00e9s de prolactine, des prolactinomes, de la maladie de Parkinson et pour d&#8217;autres indications. Elle est administr\u00e9e par voie orale. La cabergoline est un d\u00e9riv\u00e9 de l&#8217;ergot de seigle et un puissant agoniste des r\u00e9cepteurs D2 de la dopamine. <strong>MODE D&#8217;EMPLOI : <\/strong><br \/>\nNous vous recommandons de prendre la dose la plus faible possible, 0,25 mg par semaine est suffisant, et dans certains cas, 0,5 mg peut \u00eatre la bonne dose. <strong>INFORMATIONS SUR LES LOTS :<br \/>\n<\/strong>Num\u00e9ro de lot : <span data-sheets-root=\"1\" data-sheets-value=\"{\" data-sheets-userformat=\"{\">DM22695<\/span><br \/>\nDate de fabrication : <span data-sheets-root=\"1\" data-sheets-value=\"{\" data-sheets-userformat=\"{\">10.2025.<\/span><br \/>\nDate d&#8217;expiration : <span data-sheets-root=\"1\" data-sheets-value=\"{\" data-sheets-userformat=\"{\">10.2028.<\/span><\/p>\n","protected":false},"excerpt":{"rendered":"<p>POSOLOGIE : Cabergoline 0,25mg\/comprim\u00e9 CONTENU DU PAQUET : 1 sachet, 50 comprim\u00e9s, 0,25mg par comprim\u00e9 QU&#8217;EST-CE QUE C&#8217;EST : La cabergoline est un m\u00e9dicament dopaminergique utilis\u00e9 dans le traitement des taux \u00e9lev\u00e9s de prolactine, des prolactinomes, de la maladie de Parkinson et pour d&#8217;autres indications. Elle est administr\u00e9e par voie orale. La cabergoline est un&hellip;<\/p>\n","protected":false},"featured_media":76217,"comment_status":"open","ping_status":"closed","template":"","meta":{"_acf_changed":false},"product_brand":[],"product_cat":[161,178],"product_tag":[],"class_list":{"0":"post-77778","1":"product","2":"type-product","3":"status-publish","4":"has-post-thumbnail","6":"product_cat-all-fr","7":"product_cat-orals-fr","8":"description-off","10":"first","11":"instock","12":"shipping-taxable","13":"product-type-simple"},"acf":[],"yoast_head":"<!-- This site is optimized with the Yoast SEO plugin v27.4 - https:\/\/yoast.com\/product\/yoast-seo-wordpress\/ -->\n<title>Cabergoline - Astera Labs<\/title>\n<meta name=\"robots\" content=\"index, follow, max-snippet:-1, max-image-preview:large, max-video-preview:-1\" \/>\n<link rel=\"canonical\" href=\"https:\/\/asteralabs.org\/fr\/product\/cabergoline\/\" \/>\n<meta property=\"og:locale\" content=\"fr_FR\" \/>\n<meta property=\"og:type\" content=\"article\" \/>\n<meta property=\"og:title\" content=\"Cabergoline - Astera Labs\" \/>\n<meta property=\"og:description\" content=\"POSOLOGIE : Cabergoline 0,25mg\/comprim\u00e9 CONTENU DU PAQUET : 1 sachet, 50 comprim\u00e9s, 0,25mg par comprim\u00e9 QU&#8217;EST-CE QUE C&#8217;EST : La cabergoline est un m\u00e9dicament dopaminergique utilis\u00e9 dans le traitement des taux \u00e9lev\u00e9s de prolactine, des prolactinomes, de la maladie de Parkinson et pour d&#8217;autres indications. Elle est administr\u00e9e par voie orale. La cabergoline est un&hellip;\" \/>\n<meta property=\"og:url\" content=\"https:\/\/asteralabs.org\/fr\/product\/cabergoline\/\" \/>\n<meta property=\"og:site_name\" content=\"Astera Labs\" \/>\n<meta property=\"article:modified_time\" content=\"2026-01-16T08:18:31+00:00\" \/>\n<meta property=\"og:image\" content=\"https:\/\/asteralabs.org\/wp-content\/uploads\/2023\/01\/Cabergoline-mockup-nbg.png\" \/>\n\t<meta property=\"og:image:width\" content=\"2000\" \/>\n\t<meta property=\"og:image:height\" content=\"2000\" \/>\n\t<meta property=\"og:image:type\" content=\"image\/png\" \/>\n<meta name=\"twitter:card\" content=\"summary_large_image\" \/>\n<script type=\"application\/ld+json\" class=\"yoast-schema-graph\">{\"@context\":\"https:\\\/\\\/schema.org\",\"@graph\":[{\"@type\":\"WebPage\",\"@id\":\"https:\\\/\\\/asteralabs.org\\\/fr\\\/product\\\/cabergoline\\\/\",\"url\":\"https:\\\/\\\/asteralabs.org\\\/fr\\\/product\\\/cabergoline\\\/\",\"name\":\"Cabergoline - Astera Labs\",\"isPartOf\":{\"@id\":\"https:\\\/\\\/asteralabs.org\\\/fr\\\/#website\"},\"primaryImageOfPage\":{\"@id\":\"https:\\\/\\\/asteralabs.org\\\/fr\\\/product\\\/cabergoline\\\/#primaryimage\"},\"image\":{\"@id\":\"https:\\\/\\\/asteralabs.org\\\/fr\\\/product\\\/cabergoline\\\/#primaryimage\"},\"thumbnailUrl\":\"https:\\\/\\\/asteralabs.org\\\/wp-content\\\/uploads\\\/2023\\\/01\\\/Cabergoline-mockup-nbg.png\",\"datePublished\":\"2023-01-10T22:11:50+00:00\",\"dateModified\":\"2026-01-16T08:18:31+00:00\",\"breadcrumb\":{\"@id\":\"https:\\\/\\\/asteralabs.org\\\/fr\\\/product\\\/cabergoline\\\/#breadcrumb\"},\"inLanguage\":\"fr-FR\",\"potentialAction\":[{\"@type\":\"ReadAction\",\"target\":[\"https:\\\/\\\/asteralabs.org\\\/fr\\\/product\\\/cabergoline\\\/\"]}]},{\"@type\":\"ImageObject\",\"inLanguage\":\"fr-FR\",\"@id\":\"https:\\\/\\\/asteralabs.org\\\/fr\\\/product\\\/cabergoline\\\/#primaryimage\",\"url\":\"https:\\\/\\\/asteralabs.org\\\/wp-content\\\/uploads\\\/2023\\\/01\\\/Cabergoline-mockup-nbg.png\",\"contentUrl\":\"https:\\\/\\\/asteralabs.org\\\/wp-content\\\/uploads\\\/2023\\\/01\\\/Cabergoline-mockup-nbg.png\",\"width\":2000,\"height\":2000},{\"@type\":\"BreadcrumbList\",\"@id\":\"https:\\\/\\\/asteralabs.org\\\/fr\\\/product\\\/cabergoline\\\/#breadcrumb\",\"itemListElement\":[{\"@type\":\"ListItem\",\"position\":1,\"name\":\"Home\",\"item\":\"https:\\\/\\\/asteralabs.org\\\/fr\\\/\"},{\"@type\":\"ListItem\",\"position\":2,\"name\":\"Boutique\",\"item\":\"https:\\\/\\\/asteralabs.org\\\/fr\\\/boutique\\\/\"},{\"@type\":\"ListItem\",\"position\":3,\"name\":\"Cabergoline\"}]},{\"@type\":\"WebSite\",\"@id\":\"https:\\\/\\\/asteralabs.org\\\/fr\\\/#website\",\"url\":\"https:\\\/\\\/asteralabs.org\\\/fr\\\/\",\"name\":\"Astera Labs\",\"description\":\"Improve Your Quality Of Life\",\"publisher\":{\"@id\":\"https:\\\/\\\/asteralabs.org\\\/fr\\\/#organization\"},\"potentialAction\":[{\"@type\":\"SearchAction\",\"target\":{\"@type\":\"EntryPoint\",\"urlTemplate\":\"https:\\\/\\\/asteralabs.org\\\/fr\\\/?s={search_term_string}\"},\"query-input\":{\"@type\":\"PropertyValueSpecification\",\"valueRequired\":true,\"valueName\":\"search_term_string\"}}],\"inLanguage\":\"fr-FR\"},{\"@type\":\"Organization\",\"@id\":\"https:\\\/\\\/asteralabs.org\\\/fr\\\/#organization\",\"name\":\"Astera Labs\",\"url\":\"https:\\\/\\\/asteralabs.org\\\/fr\\\/\",\"logo\":{\"@type\":\"ImageObject\",\"inLanguage\":\"fr-FR\",\"@id\":\"https:\\\/\\\/asteralabs.org\\\/fr\\\/#\\\/schema\\\/logo\\\/image\\\/\",\"url\":\"https:\\\/\\\/asteralabs.org\\\/wp-content\\\/uploads\\\/2022\\\/12\\\/astera-2.png\",\"contentUrl\":\"https:\\\/\\\/asteralabs.org\\\/wp-content\\\/uploads\\\/2022\\\/12\\\/astera-2.png\",\"width\":437,\"height\":111,\"caption\":\"Astera Labs\"},\"image\":{\"@id\":\"https:\\\/\\\/asteralabs.org\\\/fr\\\/#\\\/schema\\\/logo\\\/image\\\/\"}}]}<\/script>\n<!-- \/ Yoast SEO plugin. -->","yoast_head_json":{"title":"Cabergoline - Astera Labs","robots":{"index":"index","follow":"follow","max-snippet":"max-snippet:-1","max-image-preview":"max-image-preview:large","max-video-preview":"max-video-preview:-1"},"canonical":"https:\/\/asteralabs.org\/fr\/product\/cabergoline\/","og_locale":"fr_FR","og_type":"article","og_title":"Cabergoline - Astera Labs","og_description":"POSOLOGIE : Cabergoline 0,25mg\/comprim\u00e9 CONTENU DU PAQUET : 1 sachet, 50 comprim\u00e9s, 0,25mg par comprim\u00e9 QU&#8217;EST-CE QUE C&#8217;EST : La cabergoline est un m\u00e9dicament dopaminergique utilis\u00e9 dans le traitement des taux \u00e9lev\u00e9s de prolactine, des prolactinomes, de la maladie de Parkinson et pour d&#8217;autres indications. Elle est administr\u00e9e par voie orale. La cabergoline est un&hellip;","og_url":"https:\/\/asteralabs.org\/fr\/product\/cabergoline\/","og_site_name":"Astera Labs","article_modified_time":"2026-01-16T08:18:31+00:00","og_image":[{"width":2000,"height":2000,"url":"https:\/\/asteralabs.org\/wp-content\/uploads\/2023\/01\/Cabergoline-mockup-nbg.png","type":"image\/png"}],"twitter_card":"summary_large_image","schema":{"@context":"https:\/\/schema.org","@graph":[{"@type":"WebPage","@id":"https:\/\/asteralabs.org\/fr\/product\/cabergoline\/","url":"https:\/\/asteralabs.org\/fr\/product\/cabergoline\/","name":"Cabergoline - Astera Labs","isPartOf":{"@id":"https:\/\/asteralabs.org\/fr\/#website"},"primaryImageOfPage":{"@id":"https:\/\/asteralabs.org\/fr\/product\/cabergoline\/#primaryimage"},"image":{"@id":"https:\/\/asteralabs.org\/fr\/product\/cabergoline\/#primaryimage"},"thumbnailUrl":"https:\/\/asteralabs.org\/wp-content\/uploads\/2023\/01\/Cabergoline-mockup-nbg.png","datePublished":"2023-01-10T22:11:50+00:00","dateModified":"2026-01-16T08:18:31+00:00","breadcrumb":{"@id":"https:\/\/asteralabs.org\/fr\/product\/cabergoline\/#breadcrumb"},"inLanguage":"fr-FR","potentialAction":[{"@type":"ReadAction","target":["https:\/\/asteralabs.org\/fr\/product\/cabergoline\/"]}]},{"@type":"ImageObject","inLanguage":"fr-FR","@id":"https:\/\/asteralabs.org\/fr\/product\/cabergoline\/#primaryimage","url":"https:\/\/asteralabs.org\/wp-content\/uploads\/2023\/01\/Cabergoline-mockup-nbg.png","contentUrl":"https:\/\/asteralabs.org\/wp-content\/uploads\/2023\/01\/Cabergoline-mockup-nbg.png","width":2000,"height":2000},{"@type":"BreadcrumbList","@id":"https:\/\/asteralabs.org\/fr\/product\/cabergoline\/#breadcrumb","itemListElement":[{"@type":"ListItem","position":1,"name":"Home","item":"https:\/\/asteralabs.org\/fr\/"},{"@type":"ListItem","position":2,"name":"Boutique","item":"https:\/\/asteralabs.org\/fr\/boutique\/"},{"@type":"ListItem","position":3,"name":"Cabergoline"}]},{"@type":"WebSite","@id":"https:\/\/asteralabs.org\/fr\/#website","url":"https:\/\/asteralabs.org\/fr\/","name":"Astera Labs","description":"Improve Your Quality Of Life","publisher":{"@id":"https:\/\/asteralabs.org\/fr\/#organization"},"potentialAction":[{"@type":"SearchAction","target":{"@type":"EntryPoint","urlTemplate":"https:\/\/asteralabs.org\/fr\/?s={search_term_string}"},"query-input":{"@type":"PropertyValueSpecification","valueRequired":true,"valueName":"search_term_string"}}],"inLanguage":"fr-FR"},{"@type":"Organization","@id":"https:\/\/asteralabs.org\/fr\/#organization","name":"Astera Labs","url":"https:\/\/asteralabs.org\/fr\/","logo":{"@type":"ImageObject","inLanguage":"fr-FR","@id":"https:\/\/asteralabs.org\/fr\/#\/schema\/logo\/image\/","url":"https:\/\/asteralabs.org\/wp-content\/uploads\/2022\/12\/astera-2.png","contentUrl":"https:\/\/asteralabs.org\/wp-content\/uploads\/2022\/12\/astera-2.png","width":437,"height":111,"caption":"Astera Labs"},"image":{"@id":"https:\/\/asteralabs.org\/fr\/#\/schema\/logo\/image\/"}}]}},"_links":{"self":[{"href":"https:\/\/asteralabs.org\/fr\/wp-json\/wp\/v2\/product\/77778","targetHints":{"allow":["GET"]}}],"collection":[{"href":"https:\/\/asteralabs.org\/fr\/wp-json\/wp\/v2\/product"}],"about":[{"href":"https:\/\/asteralabs.org\/fr\/wp-json\/wp\/v2\/types\/product"}],"replies":[{"embeddable":true,"href":"https:\/\/asteralabs.org\/fr\/wp-json\/wp\/v2\/comments?post=77778"}],"version-history":[{"count":0,"href":"https:\/\/asteralabs.org\/fr\/wp-json\/wp\/v2\/product\/77778\/revisions"}],"wp:featuredmedia":[{"embeddable":true,"href":"https:\/\/asteralabs.org\/fr\/wp-json\/wp\/v2\/media\/76217"}],"wp:attachment":[{"href":"https:\/\/asteralabs.org\/fr\/wp-json\/wp\/v2\/media?parent=77778"}],"wp:term":[{"taxonomy":"product_brand","embeddable":true,"href":"https:\/\/asteralabs.org\/fr\/wp-json\/wp\/v2\/product_brand?post=77778"},{"taxonomy":"product_cat","embeddable":true,"href":"https:\/\/asteralabs.org\/fr\/wp-json\/wp\/v2\/product_cat?post=77778"},{"taxonomy":"product_tag","embeddable":true,"href":"https:\/\/asteralabs.org\/fr\/wp-json\/wp\/v2\/product_tag?post=77778"}],"curies":[{"name":"wp","href":"https:\/\/api.w.org\/{rel}","templated":true}]}}