{"id":77783,"date":"2022-12-29T21:01:59","date_gmt":"2022-12-29T21:01:59","guid":{"rendered":"https:\/\/asteralabs.org\/product\/enanthate-de-trestolone-ment\/"},"modified":"2026-01-16T07:49:18","modified_gmt":"2026-01-16T07:49:18","slug":"enanthate-de-trestolone-ment","status":"publish","type":"product","link":"https:\/\/asteralabs.org\/fr\/product\/enanthate-de-trestolone-ment\/","title":{"rendered":"\u00c9nanthate de trestolone (MENT)"},"content":{"rendered":"<p><strong>POSOLOGIE :<\/strong><br \/>\n\u00c9nanthate de trestolone 50 mg\/ml<\/p>\n<p><strong>CONTENU DU LOT:<\/strong><br \/>\n1 flacon de 10ML, 50 mg par ml<\/p>\n<p><strong>QU&#8217;EST-CE QUE C&#8217;EST :<\/strong><\/p>\n<p><span style=\"font-weight: 400;\">L\u2019\u00c9nanthate de trestolone (<\/span><span style=\"font-weight: 400;\">MENT) est un puissant st\u00e9ro\u00efde anabolisant d\u00e9riv\u00e9 de l\u2019hormone nandrolone. Il est g\u00e9n\u00e9ralement consid\u00e9r\u00e9 comme un m\u00e9lange de trenbolone et de nandrolone, offrant une puissante combinaison de gains de force et de taille. Plus puissant que la trenbolone, l\u2019\u00e9nanthate de trestolone est l\u2019un des st\u00e9ro\u00efdes les plus puissants disponibles. Ce compos\u00e9 est fortement aromatis\u00e9, ce qui signifie qu\u2019il se transforme en \u0153strog\u00e8ne dans le corps. Les utilisateurs doivent en \u00eatre conscients et prendre des mesures appropri\u00e9es pour contr\u00f4ler les niveaux d\u2019estradiol, en utilisant des strat\u00e9gies diff\u00e9rentes de celles g\u00e9n\u00e9ralement utilis\u00e9es avec des compos\u00e9s moins puissants ou en optant pour des doses plus faibles. <\/span><span style=\"font-weight: 400;\">L\u2019\u00e9nanthate de trestolone <\/span><span style=\"font-weight: 400;\">ne se transforme pas en DHT, ce qui r\u00e9duit le risque de perte de cheveux et d\u2019autres effets secondaires li\u00e9s \u00e0 la DHT. Il est int\u00e9ressant de noter qu\u2019il poss\u00e8de une constante d\u2019inhibition \u00e9lev\u00e9e, et que l\u2019une des utilisations de cette substance est la contraception masculine.\u00a0<\/span><\/p>\n<p><strong>MODE<\/strong> D <strong>&#8216;EMPLOI :<\/strong><br \/>\n<span style=\"font-weight: 400;\">La dose d\u2019<\/span><span style=\"font-weight: 400;\">\u00e9nanthate de trestolone<\/span><span style=\"font-weight: 400;\"> varie en fonction de l\u2019exp\u00e9rience et des objectifs de l\u2019utilisateur. Les doses courantes vont de 5 \u00e0 10 mg par jour (35 \u00e0 70 mg par semaine) pour les d\u00e9butants, tandis que les utilisateurs plus avanc\u00e9s peuvent utiliser 10 \u00e0 25 mg par jour (70 \u00e0 175 mg par semaine) ou m\u00eame 25 \u00e0 50 mg par jour (175 \u00e0 350 mg par semaine). Il est recommand\u00e9 d\u2019augmenter progressivement la dose, sur une base hebdomadaire, jusqu\u2019\u00e0 ce que les effets d\u00e9sir\u00e9s soient atteints. Les cycles durent g\u00e9n\u00e9ralement de 8 \u00e0 12 semaines, les utilisateurs <\/span><span style=\"font-weight: 400;\">doivent surveiller <\/span><span style=\"font-weight: 400;\">attentivement leur r\u00e9ponse au compos\u00e9 et <\/span><span style=\"font-weight: 400;\">ajuster<\/span><span style=\"font-weight: 400;\"> le dosage si n\u00e9cessaire pour optimiser les r\u00e9sultats tout en minimisant les effets secondaires potentiels. Une fois le cycle termin\u00e9, une th\u00e9rapie post-cycle (PCT) est recommand\u00e9e pour aider \u00e0 restaurer la production naturelle de testost\u00e9rone et maintenir les gains obtenus pendant le cycle.<\/span><\/p>\n<p><strong>INFORMATIONS SUR LES LOTS :<br \/>\n<\/strong>Num\u00e9ro de lot : <span data-sheets-root=\"1\" data-sheets-value=\"{\" data-sheets-userformat=\"{\">QD65113<\/span><br \/>\nDate de fabrication : <span data-sheets-root=\"1\" data-sheets-value=\"{\" data-sheets-userformat=\"{\">10.2025.<\/span><br \/>\nDate d&#8217;expiration : <span data-sheets-root=\"1\" data-sheets-value=\"{\" data-sheets-userformat=\"{\">10.2028.<\/span><\/p>\n","protected":false},"excerpt":{"rendered":"<p>POSOLOGIE : \u00c9nanthate de trestolone 50 mg\/ml CONTENU DU LOT: 1 flacon de 10ML, 50 mg par ml QU&#8217;EST-CE QUE C&#8217;EST : L\u2019\u00c9nanthate de trestolone (MENT) est un puissant st\u00e9ro\u00efde anabolisant d\u00e9riv\u00e9 de l\u2019hormone nandrolone. Il est g\u00e9n\u00e9ralement consid\u00e9r\u00e9 comme un m\u00e9lange de trenbolone et de nandrolone, offrant une puissante combinaison de gains de force&hellip;<\/p>\n","protected":false},"featured_media":75697,"comment_status":"open","ping_status":"closed","template":"","meta":{"_acf_changed":false},"product_brand":[],"product_cat":[160],"product_tag":[],"class_list":{"0":"post-77783","1":"product","2":"type-product","3":"status-publish","4":"has-post-thumbnail","6":"product_cat-injectables-fr","7":"description-off","9":"first","10":"instock","11":"shipping-taxable","12":"product-type-simple"},"acf":[],"yoast_head":"<!-- This site is optimized with the Yoast SEO plugin v27.4 - https:\/\/yoast.com\/product\/yoast-seo-wordpress\/ -->\n<title>\u00c9nanthate de trestolone (MENT) - Astera Labs<\/title>\n<meta name=\"robots\" content=\"index, follow, max-snippet:-1, max-image-preview:large, max-video-preview:-1\" \/>\n<link rel=\"canonical\" href=\"https:\/\/asteralabs.org\/fr\/product\/enanthate-de-trestolone-ment\/\" \/>\n<meta property=\"og:locale\" content=\"fr_FR\" \/>\n<meta property=\"og:type\" content=\"article\" \/>\n<meta property=\"og:title\" content=\"\u00c9nanthate de trestolone (MENT) - Astera Labs\" \/>\n<meta property=\"og:description\" content=\"POSOLOGIE : \u00c9nanthate de trestolone 50 mg\/ml CONTENU DU LOT: 1 flacon de 10ML, 50 mg par ml QU&#8217;EST-CE QUE C&#8217;EST : L\u2019\u00c9nanthate de trestolone (MENT) est un puissant st\u00e9ro\u00efde anabolisant d\u00e9riv\u00e9 de l\u2019hormone nandrolone. Il est g\u00e9n\u00e9ralement consid\u00e9r\u00e9 comme un m\u00e9lange de trenbolone et de nandrolone, offrant une puissante combinaison de gains de force&hellip;\" \/>\n<meta property=\"og:url\" content=\"https:\/\/asteralabs.org\/fr\/product\/enanthate-de-trestolone-ment\/\" \/>\n<meta property=\"og:site_name\" content=\"Astera Labs\" \/>\n<meta property=\"article:modified_time\" content=\"2026-01-16T07:49:18+00:00\" \/>\n<meta property=\"og:image\" content=\"https:\/\/asteralabs.org\/wp-content\/uploads\/2022\/12\/8.png\" \/>\n\t<meta property=\"og:image:width\" content=\"2000\" \/>\n\t<meta property=\"og:image:height\" content=\"2000\" \/>\n\t<meta property=\"og:image:type\" content=\"image\/png\" \/>\n<meta name=\"twitter:card\" content=\"summary_large_image\" \/>\n<script type=\"application\/ld+json\" class=\"yoast-schema-graph\">{\"@context\":\"https:\\\/\\\/schema.org\",\"@graph\":[{\"@type\":\"WebPage\",\"@id\":\"https:\\\/\\\/asteralabs.org\\\/fr\\\/product\\\/enanthate-de-trestolone-ment\\\/\",\"url\":\"https:\\\/\\\/asteralabs.org\\\/fr\\\/product\\\/enanthate-de-trestolone-ment\\\/\",\"name\":\"\u00c9nanthate de trestolone (MENT) - Astera Labs\",\"isPartOf\":{\"@id\":\"https:\\\/\\\/asteralabs.org\\\/fr\\\/#website\"},\"primaryImageOfPage\":{\"@id\":\"https:\\\/\\\/asteralabs.org\\\/fr\\\/product\\\/enanthate-de-trestolone-ment\\\/#primaryimage\"},\"image\":{\"@id\":\"https:\\\/\\\/asteralabs.org\\\/fr\\\/product\\\/enanthate-de-trestolone-ment\\\/#primaryimage\"},\"thumbnailUrl\":\"https:\\\/\\\/asteralabs.org\\\/wp-content\\\/uploads\\\/2022\\\/12\\\/8.png\",\"datePublished\":\"2022-12-29T21:01:59+00:00\",\"dateModified\":\"2026-01-16T07:49:18+00:00\",\"breadcrumb\":{\"@id\":\"https:\\\/\\\/asteralabs.org\\\/fr\\\/product\\\/enanthate-de-trestolone-ment\\\/#breadcrumb\"},\"inLanguage\":\"fr-FR\",\"potentialAction\":[{\"@type\":\"ReadAction\",\"target\":[\"https:\\\/\\\/asteralabs.org\\\/fr\\\/product\\\/enanthate-de-trestolone-ment\\\/\"]}]},{\"@type\":\"ImageObject\",\"inLanguage\":\"fr-FR\",\"@id\":\"https:\\\/\\\/asteralabs.org\\\/fr\\\/product\\\/enanthate-de-trestolone-ment\\\/#primaryimage\",\"url\":\"https:\\\/\\\/asteralabs.org\\\/wp-content\\\/uploads\\\/2022\\\/12\\\/8.png\",\"contentUrl\":\"https:\\\/\\\/asteralabs.org\\\/wp-content\\\/uploads\\\/2022\\\/12\\\/8.png\",\"width\":2000,\"height\":2000},{\"@type\":\"BreadcrumbList\",\"@id\":\"https:\\\/\\\/asteralabs.org\\\/fr\\\/product\\\/enanthate-de-trestolone-ment\\\/#breadcrumb\",\"itemListElement\":[{\"@type\":\"ListItem\",\"position\":1,\"name\":\"Home\",\"item\":\"https:\\\/\\\/asteralabs.org\\\/fr\\\/\"},{\"@type\":\"ListItem\",\"position\":2,\"name\":\"Boutique\",\"item\":\"https:\\\/\\\/asteralabs.org\\\/fr\\\/boutique\\\/\"},{\"@type\":\"ListItem\",\"position\":3,\"name\":\"\u00c9nanthate de trestolone (MENT)\"}]},{\"@type\":\"WebSite\",\"@id\":\"https:\\\/\\\/asteralabs.org\\\/fr\\\/#website\",\"url\":\"https:\\\/\\\/asteralabs.org\\\/fr\\\/\",\"name\":\"Astera Labs\",\"description\":\"Improve Your Quality Of Life\",\"publisher\":{\"@id\":\"https:\\\/\\\/asteralabs.org\\\/fr\\\/#organization\"},\"potentialAction\":[{\"@type\":\"SearchAction\",\"target\":{\"@type\":\"EntryPoint\",\"urlTemplate\":\"https:\\\/\\\/asteralabs.org\\\/fr\\\/?s={search_term_string}\"},\"query-input\":{\"@type\":\"PropertyValueSpecification\",\"valueRequired\":true,\"valueName\":\"search_term_string\"}}],\"inLanguage\":\"fr-FR\"},{\"@type\":\"Organization\",\"@id\":\"https:\\\/\\\/asteralabs.org\\\/fr\\\/#organization\",\"name\":\"Astera Labs\",\"url\":\"https:\\\/\\\/asteralabs.org\\\/fr\\\/\",\"logo\":{\"@type\":\"ImageObject\",\"inLanguage\":\"fr-FR\",\"@id\":\"https:\\\/\\\/asteralabs.org\\\/fr\\\/#\\\/schema\\\/logo\\\/image\\\/\",\"url\":\"https:\\\/\\\/asteralabs.org\\\/wp-content\\\/uploads\\\/2022\\\/12\\\/astera-2.png\",\"contentUrl\":\"https:\\\/\\\/asteralabs.org\\\/wp-content\\\/uploads\\\/2022\\\/12\\\/astera-2.png\",\"width\":437,\"height\":111,\"caption\":\"Astera Labs\"},\"image\":{\"@id\":\"https:\\\/\\\/asteralabs.org\\\/fr\\\/#\\\/schema\\\/logo\\\/image\\\/\"}}]}<\/script>\n<!-- \/ Yoast SEO plugin. -->","yoast_head_json":{"title":"\u00c9nanthate de trestolone (MENT) - Astera Labs","robots":{"index":"index","follow":"follow","max-snippet":"max-snippet:-1","max-image-preview":"max-image-preview:large","max-video-preview":"max-video-preview:-1"},"canonical":"https:\/\/asteralabs.org\/fr\/product\/enanthate-de-trestolone-ment\/","og_locale":"fr_FR","og_type":"article","og_title":"\u00c9nanthate de trestolone (MENT) - Astera Labs","og_description":"POSOLOGIE : \u00c9nanthate de trestolone 50 mg\/ml CONTENU DU LOT: 1 flacon de 10ML, 50 mg par ml QU&#8217;EST-CE QUE C&#8217;EST : L\u2019\u00c9nanthate de trestolone (MENT) est un puissant st\u00e9ro\u00efde anabolisant d\u00e9riv\u00e9 de l\u2019hormone nandrolone. Il est g\u00e9n\u00e9ralement consid\u00e9r\u00e9 comme un m\u00e9lange de trenbolone et de nandrolone, offrant une puissante combinaison de gains de force&hellip;","og_url":"https:\/\/asteralabs.org\/fr\/product\/enanthate-de-trestolone-ment\/","og_site_name":"Astera Labs","article_modified_time":"2026-01-16T07:49:18+00:00","og_image":[{"width":2000,"height":2000,"url":"https:\/\/asteralabs.org\/wp-content\/uploads\/2022\/12\/8.png","type":"image\/png"}],"twitter_card":"summary_large_image","schema":{"@context":"https:\/\/schema.org","@graph":[{"@type":"WebPage","@id":"https:\/\/asteralabs.org\/fr\/product\/enanthate-de-trestolone-ment\/","url":"https:\/\/asteralabs.org\/fr\/product\/enanthate-de-trestolone-ment\/","name":"\u00c9nanthate de trestolone (MENT) - Astera Labs","isPartOf":{"@id":"https:\/\/asteralabs.org\/fr\/#website"},"primaryImageOfPage":{"@id":"https:\/\/asteralabs.org\/fr\/product\/enanthate-de-trestolone-ment\/#primaryimage"},"image":{"@id":"https:\/\/asteralabs.org\/fr\/product\/enanthate-de-trestolone-ment\/#primaryimage"},"thumbnailUrl":"https:\/\/asteralabs.org\/wp-content\/uploads\/2022\/12\/8.png","datePublished":"2022-12-29T21:01:59+00:00","dateModified":"2026-01-16T07:49:18+00:00","breadcrumb":{"@id":"https:\/\/asteralabs.org\/fr\/product\/enanthate-de-trestolone-ment\/#breadcrumb"},"inLanguage":"fr-FR","potentialAction":[{"@type":"ReadAction","target":["https:\/\/asteralabs.org\/fr\/product\/enanthate-de-trestolone-ment\/"]}]},{"@type":"ImageObject","inLanguage":"fr-FR","@id":"https:\/\/asteralabs.org\/fr\/product\/enanthate-de-trestolone-ment\/#primaryimage","url":"https:\/\/asteralabs.org\/wp-content\/uploads\/2022\/12\/8.png","contentUrl":"https:\/\/asteralabs.org\/wp-content\/uploads\/2022\/12\/8.png","width":2000,"height":2000},{"@type":"BreadcrumbList","@id":"https:\/\/asteralabs.org\/fr\/product\/enanthate-de-trestolone-ment\/#breadcrumb","itemListElement":[{"@type":"ListItem","position":1,"name":"Home","item":"https:\/\/asteralabs.org\/fr\/"},{"@type":"ListItem","position":2,"name":"Boutique","item":"https:\/\/asteralabs.org\/fr\/boutique\/"},{"@type":"ListItem","position":3,"name":"\u00c9nanthate de trestolone (MENT)"}]},{"@type":"WebSite","@id":"https:\/\/asteralabs.org\/fr\/#website","url":"https:\/\/asteralabs.org\/fr\/","name":"Astera Labs","description":"Improve Your Quality Of Life","publisher":{"@id":"https:\/\/asteralabs.org\/fr\/#organization"},"potentialAction":[{"@type":"SearchAction","target":{"@type":"EntryPoint","urlTemplate":"https:\/\/asteralabs.org\/fr\/?s={search_term_string}"},"query-input":{"@type":"PropertyValueSpecification","valueRequired":true,"valueName":"search_term_string"}}],"inLanguage":"fr-FR"},{"@type":"Organization","@id":"https:\/\/asteralabs.org\/fr\/#organization","name":"Astera Labs","url":"https:\/\/asteralabs.org\/fr\/","logo":{"@type":"ImageObject","inLanguage":"fr-FR","@id":"https:\/\/asteralabs.org\/fr\/#\/schema\/logo\/image\/","url":"https:\/\/asteralabs.org\/wp-content\/uploads\/2022\/12\/astera-2.png","contentUrl":"https:\/\/asteralabs.org\/wp-content\/uploads\/2022\/12\/astera-2.png","width":437,"height":111,"caption":"Astera Labs"},"image":{"@id":"https:\/\/asteralabs.org\/fr\/#\/schema\/logo\/image\/"}}]}},"_links":{"self":[{"href":"https:\/\/asteralabs.org\/fr\/wp-json\/wp\/v2\/product\/77783","targetHints":{"allow":["GET"]}}],"collection":[{"href":"https:\/\/asteralabs.org\/fr\/wp-json\/wp\/v2\/product"}],"about":[{"href":"https:\/\/asteralabs.org\/fr\/wp-json\/wp\/v2\/types\/product"}],"replies":[{"embeddable":true,"href":"https:\/\/asteralabs.org\/fr\/wp-json\/wp\/v2\/comments?post=77783"}],"version-history":[{"count":2,"href":"https:\/\/asteralabs.org\/fr\/wp-json\/wp\/v2\/product\/77783\/revisions"}],"predecessor-version":[{"id":78744,"href":"https:\/\/asteralabs.org\/fr\/wp-json\/wp\/v2\/product\/77783\/revisions\/78744"}],"wp:featuredmedia":[{"embeddable":true,"href":"https:\/\/asteralabs.org\/fr\/wp-json\/wp\/v2\/media\/75697"}],"wp:attachment":[{"href":"https:\/\/asteralabs.org\/fr\/wp-json\/wp\/v2\/media?parent=77783"}],"wp:term":[{"taxonomy":"product_brand","embeddable":true,"href":"https:\/\/asteralabs.org\/fr\/wp-json\/wp\/v2\/product_brand?post=77783"},{"taxonomy":"product_cat","embeddable":true,"href":"https:\/\/asteralabs.org\/fr\/wp-json\/wp\/v2\/product_cat?post=77783"},{"taxonomy":"product_tag","embeddable":true,"href":"https:\/\/asteralabs.org\/fr\/wp-json\/wp\/v2\/product_tag?post=77783"}],"curies":[{"name":"wp","href":"https:\/\/api.w.org\/{rel}","templated":true}]}}