{"id":77789,"date":"2022-12-29T21:01:08","date_gmt":"2022-12-29T21:01:08","guid":{"rendered":"https:\/\/asteralabs.org\/product\/phenylpropionate-de-testosterone\/"},"modified":"2026-01-15T11:53:46","modified_gmt":"2026-01-15T11:53:46","slug":"phenylpropionate-de-testosterone","status":"publish","type":"product","link":"https:\/\/asteralabs.org\/fr\/product\/phenylpropionate-de-testosterone\/","title":{"rendered":"Ph\u00e9nylpropionate de testost\u00e9rone"},"content":{"rendered":"<p><strong>POSOLOGIE :<\/strong><br \/>\nTestosterone Phenylpropionate 100mg\/ml <strong>CONTENU DU PAQUET :<\/strong><br \/>\n1 flacon de 10ML, 100 mg par ml <strong>QU&#8217;EST-CE QUE C&#8217;EST :<\/strong><br \/>\nLa testost\u00e9rone est le st\u00e9ro\u00efde le plus utilis\u00e9 et le plus polyvalent sur le march\u00e9. Tous les cycles ont besoin d&#8217;une base de testost\u00e9rone en combinaison avec d&#8217;autres st\u00e9ro\u00efdes ou ils peuvent m\u00eame consister uniquement en testost\u00e9rone, elle peut \u00e9galement \u00eatre utilis\u00e9e \u00e0 petites doses comme TRT. <strong>MODE<\/strong> D <strong>&#8216;EMPLOI :<\/strong><br \/>\nSon utilisation d\u00e9pendra du contexte dans lequel il est utilis\u00e9, les doses dans un cycle peuvent varier de 250mg pour les d\u00e9butants \u00e0 1 gramme ou plus chez les bodybuilders professionnels, Nous recommandons d&#8217;utiliser la dose maximale possible qui peut \u00eatre utilis\u00e9e (\u00e9videmment en fonction de l&#8217;objectif) en l&#8217;absence d&#8217;effets secondaires. Pour un TRT, nous recommandons d&#8217;utiliser une dose bas\u00e9e sur vos analyses sanguines. Comme il s&#8217;agit d&#8217;un ester semi-court, nous vous recommandons de vous injecter ED ou EOD. <strong>INFORMATIONS SUR LES LOTS :<br \/>\n<\/strong>Num\u00e9ro de lot : <span data-sheets-root=\"1\" data-sheets-value=\"{\" data-sheets-userformat=\"{\">MW72739<\/span><br \/>\nDate de fabrication : <span data-sheets-root=\"1\" data-sheets-value=\"{\" data-sheets-userformat=\"{\">10.2025.<\/span><br \/>\nDate d&#8217;expiration : <span data-sheets-root=\"1\" data-sheets-value=\"{\" data-sheets-userformat=\"{\">10.2028.<\/span><\/p>\n","protected":false},"excerpt":{"rendered":"<p>POSOLOGIE : Testosterone Phenylpropionate 100mg\/ml CONTENU DU PAQUET : 1 flacon de 10ML, 100 mg par ml QU&#8217;EST-CE QUE C&#8217;EST : La testost\u00e9rone est le st\u00e9ro\u00efde le plus utilis\u00e9 et le plus polyvalent sur le march\u00e9. Tous les cycles ont besoin d&#8217;une base de testost\u00e9rone en combinaison avec d&#8217;autres st\u00e9ro\u00efdes ou ils peuvent m\u00eame consister&hellip;<\/p>\n","protected":false},"featured_media":75689,"comment_status":"open","ping_status":"closed","template":"","meta":[],"product_cat":[160],"product_tag":[],"yoast_head":"<!-- This site is optimized with the Yoast SEO plugin v23.0 - https:\/\/yoast.com\/wordpress\/plugins\/seo\/ -->\n<title>Ph\u00e9nylpropionate de testost\u00e9rone - Astera Labs<\/title>\n<meta name=\"robots\" content=\"index, follow, max-snippet:-1, max-image-preview:large, max-video-preview:-1\" \/>\n<link rel=\"canonical\" href=\"https:\/\/asteralabs.org\/fr\/product\/phenylpropionate-de-testosterone\/\" \/>\n<meta property=\"og:locale\" content=\"fr_FR\" \/>\n<meta property=\"og:type\" content=\"article\" \/>\n<meta property=\"og:title\" content=\"Ph\u00e9nylpropionate de testost\u00e9rone - Astera Labs\" \/>\n<meta property=\"og:description\" content=\"POSOLOGIE : Testosterone Phenylpropionate 100mg\/ml CONTENU DU PAQUET : 1 flacon de 10ML, 100 mg par ml QU&#8217;EST-CE QUE C&#8217;EST : La testost\u00e9rone est le st\u00e9ro\u00efde le plus utilis\u00e9 et le plus polyvalent sur le march\u00e9. Tous les cycles ont besoin d&#8217;une base de testost\u00e9rone en combinaison avec d&#8217;autres st\u00e9ro\u00efdes ou ils peuvent m\u00eame consister&hellip;\" \/>\n<meta property=\"og:url\" content=\"https:\/\/asteralabs.org\/fr\/product\/phenylpropionate-de-testosterone\/\" \/>\n<meta property=\"og:site_name\" content=\"Astera Labs\" \/>\n<meta property=\"article:modified_time\" content=\"2026-01-15T11:53:46+00:00\" \/>\n<meta property=\"og:image\" content=\"https:\/\/asteralabs.org\/wp-content\/uploads\/2022\/12\/27-1.png\" \/>\n\t<meta property=\"og:image:width\" content=\"2000\" \/>\n\t<meta property=\"og:image:height\" content=\"2000\" \/>\n\t<meta property=\"og:image:type\" content=\"image\/png\" \/>\n<meta name=\"twitter:card\" content=\"summary_large_image\" \/>\n<script type=\"application\/ld+json\" class=\"yoast-schema-graph\">{\"@context\":\"https:\/\/schema.org\",\"@graph\":[{\"@type\":\"WebPage\",\"@id\":\"https:\/\/asteralabs.org\/fr\/product\/phenylpropionate-de-testosterone\/\",\"url\":\"https:\/\/asteralabs.org\/fr\/product\/phenylpropionate-de-testosterone\/\",\"name\":\"Ph\u00e9nylpropionate de testost\u00e9rone - Astera Labs\",\"isPartOf\":{\"@id\":\"https:\/\/asteralabs.org\/fr\/#website\"},\"primaryImageOfPage\":{\"@id\":\"https:\/\/asteralabs.org\/fr\/product\/phenylpropionate-de-testosterone\/#primaryimage\"},\"image\":{\"@id\":\"https:\/\/asteralabs.org\/fr\/product\/phenylpropionate-de-testosterone\/#primaryimage\"},\"thumbnailUrl\":\"https:\/\/asteralabs.org\/wp-content\/uploads\/2022\/12\/27-1.png\",\"datePublished\":\"2022-12-29T21:01:08+00:00\",\"dateModified\":\"2026-01-15T11:53:46+00:00\",\"breadcrumb\":{\"@id\":\"https:\/\/asteralabs.org\/fr\/product\/phenylpropionate-de-testosterone\/#breadcrumb\"},\"inLanguage\":\"fr-FR\",\"potentialAction\":[{\"@type\":\"ReadAction\",\"target\":[\"https:\/\/asteralabs.org\/fr\/product\/phenylpropionate-de-testosterone\/\"]}]},{\"@type\":\"ImageObject\",\"inLanguage\":\"fr-FR\",\"@id\":\"https:\/\/asteralabs.org\/fr\/product\/phenylpropionate-de-testosterone\/#primaryimage\",\"url\":\"https:\/\/asteralabs.org\/wp-content\/uploads\/2022\/12\/27-1.png\",\"contentUrl\":\"https:\/\/asteralabs.org\/wp-content\/uploads\/2022\/12\/27-1.png\",\"width\":2000,\"height\":2000},{\"@type\":\"BreadcrumbList\",\"@id\":\"https:\/\/asteralabs.org\/fr\/product\/phenylpropionate-de-testosterone\/#breadcrumb\",\"itemListElement\":[{\"@type\":\"ListItem\",\"position\":1,\"name\":\"Home\",\"item\":\"https:\/\/asteralabs.org\/fr\/\"},{\"@type\":\"ListItem\",\"position\":2,\"name\":\"Boutique\",\"item\":\"https:\/\/asteralabs.org\/boutique\/\"},{\"@type\":\"ListItem\",\"position\":3,\"name\":\"Ph\u00e9nylpropionate de testost\u00e9rone\"}]},{\"@type\":\"WebSite\",\"@id\":\"https:\/\/asteralabs.org\/fr\/#website\",\"url\":\"https:\/\/asteralabs.org\/fr\/\",\"name\":\"Astera Labs\",\"description\":\"Improve Your Quality Of Life\",\"publisher\":{\"@id\":\"https:\/\/asteralabs.org\/fr\/#organization\"},\"potentialAction\":[{\"@type\":\"SearchAction\",\"target\":{\"@type\":\"EntryPoint\",\"urlTemplate\":\"https:\/\/asteralabs.org\/fr\/?s={search_term_string}\"},\"query-input\":\"required name=search_term_string\"}],\"inLanguage\":\"fr-FR\"},{\"@type\":\"Organization\",\"@id\":\"https:\/\/asteralabs.org\/fr\/#organization\",\"name\":\"Astera Labs\",\"url\":\"https:\/\/asteralabs.org\/fr\/\",\"logo\":{\"@type\":\"ImageObject\",\"inLanguage\":\"fr-FR\",\"@id\":\"https:\/\/asteralabs.org\/fr\/#\/schema\/logo\/image\/\",\"url\":\"https:\/\/asteralabs.org\/wp-content\/uploads\/2022\/12\/astera-2.png\",\"contentUrl\":\"https:\/\/asteralabs.org\/wp-content\/uploads\/2022\/12\/astera-2.png\",\"width\":437,\"height\":111,\"caption\":\"Astera Labs\"},\"image\":{\"@id\":\"https:\/\/asteralabs.org\/fr\/#\/schema\/logo\/image\/\"}}]}<\/script>\n<!-- \/ Yoast SEO plugin. -->","yoast_head_json":{"title":"Ph\u00e9nylpropionate de testost\u00e9rone - Astera Labs","robots":{"index":"index","follow":"follow","max-snippet":"max-snippet:-1","max-image-preview":"max-image-preview:large","max-video-preview":"max-video-preview:-1"},"canonical":"https:\/\/asteralabs.org\/fr\/product\/phenylpropionate-de-testosterone\/","og_locale":"fr_FR","og_type":"article","og_title":"Ph\u00e9nylpropionate de testost\u00e9rone - Astera Labs","og_description":"POSOLOGIE : Testosterone Phenylpropionate 100mg\/ml CONTENU DU PAQUET : 1 flacon de 10ML, 100 mg par ml QU&#8217;EST-CE QUE C&#8217;EST : La testost\u00e9rone est le st\u00e9ro\u00efde le plus utilis\u00e9 et le plus polyvalent sur le march\u00e9. Tous les cycles ont besoin d&#8217;une base de testost\u00e9rone en combinaison avec d&#8217;autres st\u00e9ro\u00efdes ou ils peuvent m\u00eame consister&hellip;","og_url":"https:\/\/asteralabs.org\/fr\/product\/phenylpropionate-de-testosterone\/","og_site_name":"Astera Labs","article_modified_time":"2026-01-15T11:53:46+00:00","og_image":[{"width":2000,"height":2000,"url":"https:\/\/asteralabs.org\/wp-content\/uploads\/2022\/12\/27-1.png","type":"image\/png"}],"twitter_card":"summary_large_image","schema":{"@context":"https:\/\/schema.org","@graph":[{"@type":"WebPage","@id":"https:\/\/asteralabs.org\/fr\/product\/phenylpropionate-de-testosterone\/","url":"https:\/\/asteralabs.org\/fr\/product\/phenylpropionate-de-testosterone\/","name":"Ph\u00e9nylpropionate de testost\u00e9rone - Astera Labs","isPartOf":{"@id":"https:\/\/asteralabs.org\/fr\/#website"},"primaryImageOfPage":{"@id":"https:\/\/asteralabs.org\/fr\/product\/phenylpropionate-de-testosterone\/#primaryimage"},"image":{"@id":"https:\/\/asteralabs.org\/fr\/product\/phenylpropionate-de-testosterone\/#primaryimage"},"thumbnailUrl":"https:\/\/asteralabs.org\/wp-content\/uploads\/2022\/12\/27-1.png","datePublished":"2022-12-29T21:01:08+00:00","dateModified":"2026-01-15T11:53:46+00:00","breadcrumb":{"@id":"https:\/\/asteralabs.org\/fr\/product\/phenylpropionate-de-testosterone\/#breadcrumb"},"inLanguage":"fr-FR","potentialAction":[{"@type":"ReadAction","target":["https:\/\/asteralabs.org\/fr\/product\/phenylpropionate-de-testosterone\/"]}]},{"@type":"ImageObject","inLanguage":"fr-FR","@id":"https:\/\/asteralabs.org\/fr\/product\/phenylpropionate-de-testosterone\/#primaryimage","url":"https:\/\/asteralabs.org\/wp-content\/uploads\/2022\/12\/27-1.png","contentUrl":"https:\/\/asteralabs.org\/wp-content\/uploads\/2022\/12\/27-1.png","width":2000,"height":2000},{"@type":"BreadcrumbList","@id":"https:\/\/asteralabs.org\/fr\/product\/phenylpropionate-de-testosterone\/#breadcrumb","itemListElement":[{"@type":"ListItem","position":1,"name":"Home","item":"https:\/\/asteralabs.org\/fr\/"},{"@type":"ListItem","position":2,"name":"Boutique","item":"https:\/\/asteralabs.org\/boutique\/"},{"@type":"ListItem","position":3,"name":"Ph\u00e9nylpropionate de testost\u00e9rone"}]},{"@type":"WebSite","@id":"https:\/\/asteralabs.org\/fr\/#website","url":"https:\/\/asteralabs.org\/fr\/","name":"Astera Labs","description":"Improve Your Quality Of Life","publisher":{"@id":"https:\/\/asteralabs.org\/fr\/#organization"},"potentialAction":[{"@type":"SearchAction","target":{"@type":"EntryPoint","urlTemplate":"https:\/\/asteralabs.org\/fr\/?s={search_term_string}"},"query-input":"required name=search_term_string"}],"inLanguage":"fr-FR"},{"@type":"Organization","@id":"https:\/\/asteralabs.org\/fr\/#organization","name":"Astera Labs","url":"https:\/\/asteralabs.org\/fr\/","logo":{"@type":"ImageObject","inLanguage":"fr-FR","@id":"https:\/\/asteralabs.org\/fr\/#\/schema\/logo\/image\/","url":"https:\/\/asteralabs.org\/wp-content\/uploads\/2022\/12\/astera-2.png","contentUrl":"https:\/\/asteralabs.org\/wp-content\/uploads\/2022\/12\/astera-2.png","width":437,"height":111,"caption":"Astera Labs"},"image":{"@id":"https:\/\/asteralabs.org\/fr\/#\/schema\/logo\/image\/"}}]}},"_links":{"self":[{"href":"https:\/\/asteralabs.org\/fr\/wp-json\/wp\/v2\/product\/77789"}],"collection":[{"href":"https:\/\/asteralabs.org\/fr\/wp-json\/wp\/v2\/product"}],"about":[{"href":"https:\/\/asteralabs.org\/fr\/wp-json\/wp\/v2\/types\/product"}],"replies":[{"embeddable":true,"href":"https:\/\/asteralabs.org\/fr\/wp-json\/wp\/v2\/comments?post=77789"}],"version-history":[{"count":0,"href":"https:\/\/asteralabs.org\/fr\/wp-json\/wp\/v2\/product\/77789\/revisions"}],"wp:featuredmedia":[{"embeddable":true,"href":"https:\/\/asteralabs.org\/fr\/wp-json\/wp\/v2\/media\/75689"}],"wp:attachment":[{"href":"https:\/\/asteralabs.org\/fr\/wp-json\/wp\/v2\/media?parent=77789"}],"wp:term":[{"taxonomy":"product_cat","embeddable":true,"href":"https:\/\/asteralabs.org\/fr\/wp-json\/wp\/v2\/product_cat?post=77789"},{"taxonomy":"product_tag","embeddable":true,"href":"https:\/\/asteralabs.org\/fr\/wp-json\/wp\/v2\/product_tag?post=77789"}],"curies":[{"name":"wp","href":"https:\/\/api.w.org\/{rel}","templated":true}]}}