{"id":77818,"date":"2022-11-05T23:08:48","date_gmt":"2022-11-05T23:08:48","guid":{"rendered":"https:\/\/asteralabs.org\/product\/propionate-de-drostanolone\/"},"modified":"2026-01-15T08:56:51","modified_gmt":"2026-01-15T08:56:51","slug":"propionate-de-drostanolone","status":"publish","type":"product","link":"https:\/\/asteralabs.org\/fr\/product\/propionate-de-drostanolone\/","title":{"rendered":"Propionate de drostanolone"},"content":{"rendered":"<p><strong>POSOLOGIE :<\/strong><br \/>\nDrostanolone Propionate 100mg\/ml <strong>CONTENU DE L&#8217;EMBALLAGE :<\/strong><br \/>\n1 x 10ML vial, 100 mg par ml <strong>QU&#8217;EST-CE QUE C&#8217;EST :<\/strong><br \/>\nDrostanolone Propionate est un st\u00e9ro\u00efde anabolisant injectable avec une puissance androg\u00e8ne \u00e9lev\u00e9e. En raison de son pouvoir androg\u00e8ne \u00e9lev\u00e9, il est g\u00e9n\u00e9ralement utilis\u00e9 pendant les cycles de coupe pour am\u00e9liorer la perte de graisse, il provoque g\u00e9n\u00e9ralement un aspect sec et dur s&#8217;il est utilis\u00e9 correctement, il est \u00e9galement utile comme soutien androg\u00e8ne pendant un cycle avec la Nandrolone pour \u00e9viter que la conversion de cette derni\u00e8re en DHN ne provoque des effets secondaires ind\u00e9sirables. <strong>MODE<\/strong> D <strong>&#8216;EMPLOI :<\/strong><br \/>\nLes doses normales sont g\u00e9n\u00e9ralement de 300 \u00e0 500 mg par semaine pour les d\u00e9butants et les athl\u00e8tes interm\u00e9diaires, avec la possibilit\u00e9 d&#8217;utiliser 800 mg par semaine \u00e0 des fins sp\u00e9cifiques ou comp\u00e9titives. Il est g\u00e9n\u00e9ralement utilis\u00e9 pendant 10 \u00e0 16 semaines. Comme il a un grand pouvoir androg\u00e8ne, son utilisation chez les femmes n&#8217;est pas recommand\u00e9e, sauf dans des cas tr\u00e8s sp\u00e9cifiques (comp\u00e9tition), sur des p\u00e9riodes tr\u00e8s courtes et \u00e0 des doses tr\u00e8s faibles. Comme il s&#8217;agit d&#8217;un ester court, il est recommand\u00e9 de l&#8217;injecter sur le mode ED ou EOD. <strong>INFORMATIONS SUR LES LOTS :<br \/>\n<\/strong>Num\u00e9ro de lot : <span data-sheets-root=\"1\" data-sheets-value=\"{\" data-sheets-userformat=\"{\">XH08584<\/span><br \/>\nDate de fabrication : <span data-sheets-root=\"1\" data-sheets-value=\"{\" data-sheets-userformat=\"{\">10.2025.<\/span><br \/>\nDate d&#8217;expiration : <span data-sheets-root=\"1\" data-sheets-value=\"{\" data-sheets-userformat=\"{\">10.2028.<\/span><\/p>\n","protected":false},"excerpt":{"rendered":"<p>POSOLOGIE : Drostanolone Propionate 100mg\/ml CONTENU DE L&#8217;EMBALLAGE : 1 x 10ML vial, 100 mg par ml QU&#8217;EST-CE QUE C&#8217;EST : Drostanolone Propionate est un st\u00e9ro\u00efde anabolisant injectable avec une puissance androg\u00e8ne \u00e9lev\u00e9e. En raison de son pouvoir androg\u00e8ne \u00e9lev\u00e9, il est g\u00e9n\u00e9ralement utilis\u00e9 pendant les cycles de coupe pour am\u00e9liorer la perte de graisse,&hellip;<\/p>\n","protected":false},"featured_media":75185,"comment_status":"open","ping_status":"closed","template":"","meta":{"_acf_changed":false},"product_brand":[],"product_cat":[160,161],"product_tag":[],"class_list":{"0":"post-77818","1":"product","2":"type-product","3":"status-publish","4":"has-post-thumbnail","6":"product_cat-injectables-fr","7":"product_cat-all-fr","8":"description-off","10":"first","11":"instock","12":"shipping-taxable","13":"product-type-simple"},"acf":[],"yoast_head":"<!-- This site is optimized with the Yoast SEO plugin v27.4 - https:\/\/yoast.com\/product\/yoast-seo-wordpress\/ -->\n<title>Propionate de drostanolone - Astera Labs<\/title>\n<meta name=\"robots\" content=\"index, follow, max-snippet:-1, max-image-preview:large, max-video-preview:-1\" \/>\n<link rel=\"canonical\" href=\"https:\/\/asteralabs.org\/fr\/product\/propionate-de-drostanolone\/\" \/>\n<meta property=\"og:locale\" content=\"fr_FR\" \/>\n<meta property=\"og:type\" content=\"article\" \/>\n<meta property=\"og:title\" content=\"Propionate de drostanolone - Astera Labs\" \/>\n<meta property=\"og:description\" content=\"POSOLOGIE : Drostanolone Propionate 100mg\/ml CONTENU DE L&#8217;EMBALLAGE : 1 x 10ML vial, 100 mg par ml QU&#8217;EST-CE QUE C&#8217;EST : Drostanolone Propionate est un st\u00e9ro\u00efde anabolisant injectable avec une puissance androg\u00e8ne \u00e9lev\u00e9e. En raison de son pouvoir androg\u00e8ne \u00e9lev\u00e9, il est g\u00e9n\u00e9ralement utilis\u00e9 pendant les cycles de coupe pour am\u00e9liorer la perte de graisse,&hellip;\" \/>\n<meta property=\"og:url\" content=\"https:\/\/asteralabs.org\/fr\/product\/propionate-de-drostanolone\/\" \/>\n<meta property=\"og:site_name\" content=\"Astera Labs\" \/>\n<meta property=\"article:modified_time\" content=\"2026-01-15T08:56:51+00:00\" \/>\n<meta property=\"og:image\" content=\"https:\/\/asteralabs.org\/wp-content\/uploads\/2022\/11\/18.png\" \/>\n\t<meta property=\"og:image:width\" content=\"2000\" \/>\n\t<meta property=\"og:image:height\" content=\"2000\" \/>\n\t<meta property=\"og:image:type\" content=\"image\/png\" \/>\n<meta name=\"twitter:card\" content=\"summary_large_image\" \/>\n<script type=\"application\/ld+json\" class=\"yoast-schema-graph\">{\"@context\":\"https:\\\/\\\/schema.org\",\"@graph\":[{\"@type\":\"WebPage\",\"@id\":\"https:\\\/\\\/asteralabs.org\\\/fr\\\/product\\\/propionate-de-drostanolone\\\/\",\"url\":\"https:\\\/\\\/asteralabs.org\\\/fr\\\/product\\\/propionate-de-drostanolone\\\/\",\"name\":\"Propionate de drostanolone - Astera Labs\",\"isPartOf\":{\"@id\":\"https:\\\/\\\/asteralabs.org\\\/fr\\\/#website\"},\"primaryImageOfPage\":{\"@id\":\"https:\\\/\\\/asteralabs.org\\\/fr\\\/product\\\/propionate-de-drostanolone\\\/#primaryimage\"},\"image\":{\"@id\":\"https:\\\/\\\/asteralabs.org\\\/fr\\\/product\\\/propionate-de-drostanolone\\\/#primaryimage\"},\"thumbnailUrl\":\"https:\\\/\\\/asteralabs.org\\\/wp-content\\\/uploads\\\/2022\\\/11\\\/18.png\",\"datePublished\":\"2022-11-05T23:08:48+00:00\",\"dateModified\":\"2026-01-15T08:56:51+00:00\",\"breadcrumb\":{\"@id\":\"https:\\\/\\\/asteralabs.org\\\/fr\\\/product\\\/propionate-de-drostanolone\\\/#breadcrumb\"},\"inLanguage\":\"fr-FR\",\"potentialAction\":[{\"@type\":\"ReadAction\",\"target\":[\"https:\\\/\\\/asteralabs.org\\\/fr\\\/product\\\/propionate-de-drostanolone\\\/\"]}]},{\"@type\":\"ImageObject\",\"inLanguage\":\"fr-FR\",\"@id\":\"https:\\\/\\\/asteralabs.org\\\/fr\\\/product\\\/propionate-de-drostanolone\\\/#primaryimage\",\"url\":\"https:\\\/\\\/asteralabs.org\\\/wp-content\\\/uploads\\\/2022\\\/11\\\/18.png\",\"contentUrl\":\"https:\\\/\\\/asteralabs.org\\\/wp-content\\\/uploads\\\/2022\\\/11\\\/18.png\",\"width\":2000,\"height\":2000},{\"@type\":\"BreadcrumbList\",\"@id\":\"https:\\\/\\\/asteralabs.org\\\/fr\\\/product\\\/propionate-de-drostanolone\\\/#breadcrumb\",\"itemListElement\":[{\"@type\":\"ListItem\",\"position\":1,\"name\":\"Home\",\"item\":\"https:\\\/\\\/asteralabs.org\\\/fr\\\/\"},{\"@type\":\"ListItem\",\"position\":2,\"name\":\"Boutique\",\"item\":\"https:\\\/\\\/asteralabs.org\\\/fr\\\/boutique\\\/\"},{\"@type\":\"ListItem\",\"position\":3,\"name\":\"Propionate de drostanolone\"}]},{\"@type\":\"WebSite\",\"@id\":\"https:\\\/\\\/asteralabs.org\\\/fr\\\/#website\",\"url\":\"https:\\\/\\\/asteralabs.org\\\/fr\\\/\",\"name\":\"Astera Labs\",\"description\":\"Improve Your Quality Of Life\",\"publisher\":{\"@id\":\"https:\\\/\\\/asteralabs.org\\\/fr\\\/#organization\"},\"potentialAction\":[{\"@type\":\"SearchAction\",\"target\":{\"@type\":\"EntryPoint\",\"urlTemplate\":\"https:\\\/\\\/asteralabs.org\\\/fr\\\/?s={search_term_string}\"},\"query-input\":{\"@type\":\"PropertyValueSpecification\",\"valueRequired\":true,\"valueName\":\"search_term_string\"}}],\"inLanguage\":\"fr-FR\"},{\"@type\":\"Organization\",\"@id\":\"https:\\\/\\\/asteralabs.org\\\/fr\\\/#organization\",\"name\":\"Astera Labs\",\"url\":\"https:\\\/\\\/asteralabs.org\\\/fr\\\/\",\"logo\":{\"@type\":\"ImageObject\",\"inLanguage\":\"fr-FR\",\"@id\":\"https:\\\/\\\/asteralabs.org\\\/fr\\\/#\\\/schema\\\/logo\\\/image\\\/\",\"url\":\"https:\\\/\\\/asteralabs.org\\\/wp-content\\\/uploads\\\/2022\\\/12\\\/astera-2.png\",\"contentUrl\":\"https:\\\/\\\/asteralabs.org\\\/wp-content\\\/uploads\\\/2022\\\/12\\\/astera-2.png\",\"width\":437,\"height\":111,\"caption\":\"Astera Labs\"},\"image\":{\"@id\":\"https:\\\/\\\/asteralabs.org\\\/fr\\\/#\\\/schema\\\/logo\\\/image\\\/\"}}]}<\/script>\n<!-- \/ Yoast SEO plugin. -->","yoast_head_json":{"title":"Propionate de drostanolone - Astera Labs","robots":{"index":"index","follow":"follow","max-snippet":"max-snippet:-1","max-image-preview":"max-image-preview:large","max-video-preview":"max-video-preview:-1"},"canonical":"https:\/\/asteralabs.org\/fr\/product\/propionate-de-drostanolone\/","og_locale":"fr_FR","og_type":"article","og_title":"Propionate de drostanolone - Astera Labs","og_description":"POSOLOGIE : Drostanolone Propionate 100mg\/ml CONTENU DE L&#8217;EMBALLAGE : 1 x 10ML vial, 100 mg par ml QU&#8217;EST-CE QUE C&#8217;EST : Drostanolone Propionate est un st\u00e9ro\u00efde anabolisant injectable avec une puissance androg\u00e8ne \u00e9lev\u00e9e. En raison de son pouvoir androg\u00e8ne \u00e9lev\u00e9, il est g\u00e9n\u00e9ralement utilis\u00e9 pendant les cycles de coupe pour am\u00e9liorer la perte de graisse,&hellip;","og_url":"https:\/\/asteralabs.org\/fr\/product\/propionate-de-drostanolone\/","og_site_name":"Astera Labs","article_modified_time":"2026-01-15T08:56:51+00:00","og_image":[{"width":2000,"height":2000,"url":"https:\/\/asteralabs.org\/wp-content\/uploads\/2022\/11\/18.png","type":"image\/png"}],"twitter_card":"summary_large_image","schema":{"@context":"https:\/\/schema.org","@graph":[{"@type":"WebPage","@id":"https:\/\/asteralabs.org\/fr\/product\/propionate-de-drostanolone\/","url":"https:\/\/asteralabs.org\/fr\/product\/propionate-de-drostanolone\/","name":"Propionate de drostanolone - Astera Labs","isPartOf":{"@id":"https:\/\/asteralabs.org\/fr\/#website"},"primaryImageOfPage":{"@id":"https:\/\/asteralabs.org\/fr\/product\/propionate-de-drostanolone\/#primaryimage"},"image":{"@id":"https:\/\/asteralabs.org\/fr\/product\/propionate-de-drostanolone\/#primaryimage"},"thumbnailUrl":"https:\/\/asteralabs.org\/wp-content\/uploads\/2022\/11\/18.png","datePublished":"2022-11-05T23:08:48+00:00","dateModified":"2026-01-15T08:56:51+00:00","breadcrumb":{"@id":"https:\/\/asteralabs.org\/fr\/product\/propionate-de-drostanolone\/#breadcrumb"},"inLanguage":"fr-FR","potentialAction":[{"@type":"ReadAction","target":["https:\/\/asteralabs.org\/fr\/product\/propionate-de-drostanolone\/"]}]},{"@type":"ImageObject","inLanguage":"fr-FR","@id":"https:\/\/asteralabs.org\/fr\/product\/propionate-de-drostanolone\/#primaryimage","url":"https:\/\/asteralabs.org\/wp-content\/uploads\/2022\/11\/18.png","contentUrl":"https:\/\/asteralabs.org\/wp-content\/uploads\/2022\/11\/18.png","width":2000,"height":2000},{"@type":"BreadcrumbList","@id":"https:\/\/asteralabs.org\/fr\/product\/propionate-de-drostanolone\/#breadcrumb","itemListElement":[{"@type":"ListItem","position":1,"name":"Home","item":"https:\/\/asteralabs.org\/fr\/"},{"@type":"ListItem","position":2,"name":"Boutique","item":"https:\/\/asteralabs.org\/fr\/boutique\/"},{"@type":"ListItem","position":3,"name":"Propionate de drostanolone"}]},{"@type":"WebSite","@id":"https:\/\/asteralabs.org\/fr\/#website","url":"https:\/\/asteralabs.org\/fr\/","name":"Astera Labs","description":"Improve Your Quality Of Life","publisher":{"@id":"https:\/\/asteralabs.org\/fr\/#organization"},"potentialAction":[{"@type":"SearchAction","target":{"@type":"EntryPoint","urlTemplate":"https:\/\/asteralabs.org\/fr\/?s={search_term_string}"},"query-input":{"@type":"PropertyValueSpecification","valueRequired":true,"valueName":"search_term_string"}}],"inLanguage":"fr-FR"},{"@type":"Organization","@id":"https:\/\/asteralabs.org\/fr\/#organization","name":"Astera Labs","url":"https:\/\/asteralabs.org\/fr\/","logo":{"@type":"ImageObject","inLanguage":"fr-FR","@id":"https:\/\/asteralabs.org\/fr\/#\/schema\/logo\/image\/","url":"https:\/\/asteralabs.org\/wp-content\/uploads\/2022\/12\/astera-2.png","contentUrl":"https:\/\/asteralabs.org\/wp-content\/uploads\/2022\/12\/astera-2.png","width":437,"height":111,"caption":"Astera Labs"},"image":{"@id":"https:\/\/asteralabs.org\/fr\/#\/schema\/logo\/image\/"}}]}},"_links":{"self":[{"href":"https:\/\/asteralabs.org\/fr\/wp-json\/wp\/v2\/product\/77818","targetHints":{"allow":["GET"]}}],"collection":[{"href":"https:\/\/asteralabs.org\/fr\/wp-json\/wp\/v2\/product"}],"about":[{"href":"https:\/\/asteralabs.org\/fr\/wp-json\/wp\/v2\/types\/product"}],"replies":[{"embeddable":true,"href":"https:\/\/asteralabs.org\/fr\/wp-json\/wp\/v2\/comments?post=77818"}],"version-history":[{"count":0,"href":"https:\/\/asteralabs.org\/fr\/wp-json\/wp\/v2\/product\/77818\/revisions"}],"wp:featuredmedia":[{"embeddable":true,"href":"https:\/\/asteralabs.org\/fr\/wp-json\/wp\/v2\/media\/75185"}],"wp:attachment":[{"href":"https:\/\/asteralabs.org\/fr\/wp-json\/wp\/v2\/media?parent=77818"}],"wp:term":[{"taxonomy":"product_brand","embeddable":true,"href":"https:\/\/asteralabs.org\/fr\/wp-json\/wp\/v2\/product_brand?post=77818"},{"taxonomy":"product_cat","embeddable":true,"href":"https:\/\/asteralabs.org\/fr\/wp-json\/wp\/v2\/product_cat?post=77818"},{"taxonomy":"product_tag","embeddable":true,"href":"https:\/\/asteralabs.org\/fr\/wp-json\/wp\/v2\/product_tag?post=77818"}],"curies":[{"name":"wp","href":"https:\/\/api.w.org\/{rel}","templated":true}]}}