{"id":77824,"date":"2022-11-05T23:07:08","date_gmt":"2022-11-05T23:07:08","guid":{"rendered":"https:\/\/asteralabs.org\/product\/testosterone-no-ester\/"},"modified":"2026-01-15T11:15:59","modified_gmt":"2026-01-15T11:15:59","slug":"testosterone-no-ester","status":"publish","type":"product","link":"https:\/\/asteralabs.org\/fr\/product\/testosterone-no-ester\/","title":{"rendered":"Testost\u00e9rone sans ester"},"content":{"rendered":"<p><strong>POSOLOGIE : <\/strong><br \/>\nTestost\u00e9rone sans ester 100mg\/ml <strong>CONTENU DU PAQUET : <\/strong><br \/>\n1 flacon de 10ML, 100 mg par ml <strong>QU&#8217;EST-CE QUE C&#8217;EST : <\/strong><br \/>\nLa testost\u00e9rone est le st\u00e9ro\u00efde le plus utilis\u00e9 et le plus polyvalent sur le march\u00e9. Tous les cycles ont besoin d&#8217;une base de testost\u00e9rone en combinaison avec d&#8217;autres st\u00e9ro\u00efdes ou ils peuvent m\u00eame se composer uniquement de testost\u00e9rone, elle peut \u00e9galement \u00eatre utilis\u00e9e \u00e0 petites doses comme TRT. <strong>COMMENT L&#8217;UTILISER ? <\/strong><br \/>\nComme il n&#8217;a pas d&#8217;ester, sa vitesse d&#8217;absorption sera tr\u00e8s rapide et sa demi-vie tr\u00e8s courte. Il peut \u00eatre utilis\u00e9 comme pr\u00e9-entra\u00eenement, avant un meeting de powerlifting ou inject\u00e9 fr\u00e9quemment chaque jour comme dopant pour \u00e9viter d&#8217;\u00eatre d\u00e9tect\u00e9 dans les analyses de sang. <strong>INFORMATIONS SUR LES LOTS :<br \/>\n<\/strong>Num\u00e9ro de lot : <span data-sheets-root=\"1\" data-sheets-value=\"{\" data-sheets-userformat=\"{\">HB44037<\/span><br \/>\nDate de fabrication : <span data-sheets-root=\"1\" data-sheets-value=\"{\" data-sheets-userformat=\"{\">10.2025.<\/span><br \/>\nDate d&#8217;expiration : <span data-sheets-root=\"1\" data-sheets-value=\"{\" data-sheets-userformat=\"{\">10.2028.<\/span><\/p>\n","protected":false},"excerpt":{"rendered":"<p>POSOLOGIE : Testost\u00e9rone sans ester 100mg\/ml CONTENU DU PAQUET : 1 flacon de 10ML, 100 mg par ml QU&#8217;EST-CE QUE C&#8217;EST : La testost\u00e9rone est le st\u00e9ro\u00efde le plus utilis\u00e9 et le plus polyvalent sur le march\u00e9. Tous les cycles ont besoin d&#8217;une base de testost\u00e9rone en combinaison avec d&#8217;autres st\u00e9ro\u00efdes ou ils peuvent m\u00eame&hellip;<\/p>\n","protected":false},"featured_media":75177,"comment_status":"open","ping_status":"closed","template":"","meta":{"_acf_changed":false},"product_brand":[],"product_cat":[160,161],"product_tag":[],"class_list":{"0":"post-77824","1":"product","2":"type-product","3":"status-publish","4":"has-post-thumbnail","6":"product_cat-injectables-fr","7":"product_cat-all-fr","8":"description-off","10":"first","11":"instock","12":"shipping-taxable","13":"product-type-simple"},"acf":[],"yoast_head":"<!-- This site is optimized with the Yoast SEO plugin v27.4 - https:\/\/yoast.com\/product\/yoast-seo-wordpress\/ -->\n<title>Testost\u00e9rone sans ester - Astera Labs<\/title>\n<meta name=\"robots\" content=\"index, follow, max-snippet:-1, max-image-preview:large, max-video-preview:-1\" \/>\n<link rel=\"canonical\" href=\"https:\/\/asteralabs.org\/fr\/product\/testosterone-no-ester\/\" \/>\n<meta property=\"og:locale\" content=\"fr_FR\" \/>\n<meta property=\"og:type\" content=\"article\" \/>\n<meta property=\"og:title\" content=\"Testost\u00e9rone sans ester - Astera Labs\" \/>\n<meta property=\"og:description\" content=\"POSOLOGIE : Testost\u00e9rone sans ester 100mg\/ml CONTENU DU PAQUET : 1 flacon de 10ML, 100 mg par ml QU&#8217;EST-CE QUE C&#8217;EST : La testost\u00e9rone est le st\u00e9ro\u00efde le plus utilis\u00e9 et le plus polyvalent sur le march\u00e9. Tous les cycles ont besoin d&#8217;une base de testost\u00e9rone en combinaison avec d&#8217;autres st\u00e9ro\u00efdes ou ils peuvent m\u00eame&hellip;\" \/>\n<meta property=\"og:url\" content=\"https:\/\/asteralabs.org\/fr\/product\/testosterone-no-ester\/\" \/>\n<meta property=\"og:site_name\" content=\"Astera Labs\" \/>\n<meta property=\"article:modified_time\" content=\"2026-01-15T11:15:59+00:00\" \/>\n<meta property=\"og:image\" content=\"https:\/\/asteralabs.org\/wp-content\/uploads\/2022\/11\/6.png\" \/>\n\t<meta property=\"og:image:width\" content=\"2000\" \/>\n\t<meta property=\"og:image:height\" content=\"2000\" \/>\n\t<meta property=\"og:image:type\" content=\"image\/png\" \/>\n<meta name=\"twitter:card\" content=\"summary_large_image\" \/>\n<script type=\"application\/ld+json\" class=\"yoast-schema-graph\">{\"@context\":\"https:\\\/\\\/schema.org\",\"@graph\":[{\"@type\":\"WebPage\",\"@id\":\"https:\\\/\\\/asteralabs.org\\\/fr\\\/product\\\/testosterone-no-ester\\\/\",\"url\":\"https:\\\/\\\/asteralabs.org\\\/fr\\\/product\\\/testosterone-no-ester\\\/\",\"name\":\"Testost\u00e9rone sans ester - Astera Labs\",\"isPartOf\":{\"@id\":\"https:\\\/\\\/asteralabs.org\\\/fr\\\/#website\"},\"primaryImageOfPage\":{\"@id\":\"https:\\\/\\\/asteralabs.org\\\/fr\\\/product\\\/testosterone-no-ester\\\/#primaryimage\"},\"image\":{\"@id\":\"https:\\\/\\\/asteralabs.org\\\/fr\\\/product\\\/testosterone-no-ester\\\/#primaryimage\"},\"thumbnailUrl\":\"https:\\\/\\\/asteralabs.org\\\/wp-content\\\/uploads\\\/2022\\\/11\\\/6.png\",\"datePublished\":\"2022-11-05T23:07:08+00:00\",\"dateModified\":\"2026-01-15T11:15:59+00:00\",\"breadcrumb\":{\"@id\":\"https:\\\/\\\/asteralabs.org\\\/fr\\\/product\\\/testosterone-no-ester\\\/#breadcrumb\"},\"inLanguage\":\"fr-FR\",\"potentialAction\":[{\"@type\":\"ReadAction\",\"target\":[\"https:\\\/\\\/asteralabs.org\\\/fr\\\/product\\\/testosterone-no-ester\\\/\"]}]},{\"@type\":\"ImageObject\",\"inLanguage\":\"fr-FR\",\"@id\":\"https:\\\/\\\/asteralabs.org\\\/fr\\\/product\\\/testosterone-no-ester\\\/#primaryimage\",\"url\":\"https:\\\/\\\/asteralabs.org\\\/wp-content\\\/uploads\\\/2022\\\/11\\\/6.png\",\"contentUrl\":\"https:\\\/\\\/asteralabs.org\\\/wp-content\\\/uploads\\\/2022\\\/11\\\/6.png\",\"width\":2000,\"height\":2000},{\"@type\":\"BreadcrumbList\",\"@id\":\"https:\\\/\\\/asteralabs.org\\\/fr\\\/product\\\/testosterone-no-ester\\\/#breadcrumb\",\"itemListElement\":[{\"@type\":\"ListItem\",\"position\":1,\"name\":\"Home\",\"item\":\"https:\\\/\\\/asteralabs.org\\\/fr\\\/\"},{\"@type\":\"ListItem\",\"position\":2,\"name\":\"Boutique\",\"item\":\"https:\\\/\\\/asteralabs.org\\\/fr\\\/boutique\\\/\"},{\"@type\":\"ListItem\",\"position\":3,\"name\":\"Testost\u00e9rone sans ester\"}]},{\"@type\":\"WebSite\",\"@id\":\"https:\\\/\\\/asteralabs.org\\\/fr\\\/#website\",\"url\":\"https:\\\/\\\/asteralabs.org\\\/fr\\\/\",\"name\":\"Astera Labs\",\"description\":\"Improve Your Quality Of Life\",\"publisher\":{\"@id\":\"https:\\\/\\\/asteralabs.org\\\/fr\\\/#organization\"},\"potentialAction\":[{\"@type\":\"SearchAction\",\"target\":{\"@type\":\"EntryPoint\",\"urlTemplate\":\"https:\\\/\\\/asteralabs.org\\\/fr\\\/?s={search_term_string}\"},\"query-input\":{\"@type\":\"PropertyValueSpecification\",\"valueRequired\":true,\"valueName\":\"search_term_string\"}}],\"inLanguage\":\"fr-FR\"},{\"@type\":\"Organization\",\"@id\":\"https:\\\/\\\/asteralabs.org\\\/fr\\\/#organization\",\"name\":\"Astera Labs\",\"url\":\"https:\\\/\\\/asteralabs.org\\\/fr\\\/\",\"logo\":{\"@type\":\"ImageObject\",\"inLanguage\":\"fr-FR\",\"@id\":\"https:\\\/\\\/asteralabs.org\\\/fr\\\/#\\\/schema\\\/logo\\\/image\\\/\",\"url\":\"https:\\\/\\\/asteralabs.org\\\/wp-content\\\/uploads\\\/2022\\\/12\\\/astera-2.png\",\"contentUrl\":\"https:\\\/\\\/asteralabs.org\\\/wp-content\\\/uploads\\\/2022\\\/12\\\/astera-2.png\",\"width\":437,\"height\":111,\"caption\":\"Astera Labs\"},\"image\":{\"@id\":\"https:\\\/\\\/asteralabs.org\\\/fr\\\/#\\\/schema\\\/logo\\\/image\\\/\"}}]}<\/script>\n<!-- \/ Yoast SEO plugin. -->","yoast_head_json":{"title":"Testost\u00e9rone sans ester - Astera Labs","robots":{"index":"index","follow":"follow","max-snippet":"max-snippet:-1","max-image-preview":"max-image-preview:large","max-video-preview":"max-video-preview:-1"},"canonical":"https:\/\/asteralabs.org\/fr\/product\/testosterone-no-ester\/","og_locale":"fr_FR","og_type":"article","og_title":"Testost\u00e9rone sans ester - Astera Labs","og_description":"POSOLOGIE : Testost\u00e9rone sans ester 100mg\/ml CONTENU DU PAQUET : 1 flacon de 10ML, 100 mg par ml QU&#8217;EST-CE QUE C&#8217;EST : La testost\u00e9rone est le st\u00e9ro\u00efde le plus utilis\u00e9 et le plus polyvalent sur le march\u00e9. Tous les cycles ont besoin d&#8217;une base de testost\u00e9rone en combinaison avec d&#8217;autres st\u00e9ro\u00efdes ou ils peuvent m\u00eame&hellip;","og_url":"https:\/\/asteralabs.org\/fr\/product\/testosterone-no-ester\/","og_site_name":"Astera Labs","article_modified_time":"2026-01-15T11:15:59+00:00","og_image":[{"width":2000,"height":2000,"url":"https:\/\/asteralabs.org\/wp-content\/uploads\/2022\/11\/6.png","type":"image\/png"}],"twitter_card":"summary_large_image","schema":{"@context":"https:\/\/schema.org","@graph":[{"@type":"WebPage","@id":"https:\/\/asteralabs.org\/fr\/product\/testosterone-no-ester\/","url":"https:\/\/asteralabs.org\/fr\/product\/testosterone-no-ester\/","name":"Testost\u00e9rone sans ester - Astera Labs","isPartOf":{"@id":"https:\/\/asteralabs.org\/fr\/#website"},"primaryImageOfPage":{"@id":"https:\/\/asteralabs.org\/fr\/product\/testosterone-no-ester\/#primaryimage"},"image":{"@id":"https:\/\/asteralabs.org\/fr\/product\/testosterone-no-ester\/#primaryimage"},"thumbnailUrl":"https:\/\/asteralabs.org\/wp-content\/uploads\/2022\/11\/6.png","datePublished":"2022-11-05T23:07:08+00:00","dateModified":"2026-01-15T11:15:59+00:00","breadcrumb":{"@id":"https:\/\/asteralabs.org\/fr\/product\/testosterone-no-ester\/#breadcrumb"},"inLanguage":"fr-FR","potentialAction":[{"@type":"ReadAction","target":["https:\/\/asteralabs.org\/fr\/product\/testosterone-no-ester\/"]}]},{"@type":"ImageObject","inLanguage":"fr-FR","@id":"https:\/\/asteralabs.org\/fr\/product\/testosterone-no-ester\/#primaryimage","url":"https:\/\/asteralabs.org\/wp-content\/uploads\/2022\/11\/6.png","contentUrl":"https:\/\/asteralabs.org\/wp-content\/uploads\/2022\/11\/6.png","width":2000,"height":2000},{"@type":"BreadcrumbList","@id":"https:\/\/asteralabs.org\/fr\/product\/testosterone-no-ester\/#breadcrumb","itemListElement":[{"@type":"ListItem","position":1,"name":"Home","item":"https:\/\/asteralabs.org\/fr\/"},{"@type":"ListItem","position":2,"name":"Boutique","item":"https:\/\/asteralabs.org\/fr\/boutique\/"},{"@type":"ListItem","position":3,"name":"Testost\u00e9rone sans ester"}]},{"@type":"WebSite","@id":"https:\/\/asteralabs.org\/fr\/#website","url":"https:\/\/asteralabs.org\/fr\/","name":"Astera Labs","description":"Improve Your Quality Of Life","publisher":{"@id":"https:\/\/asteralabs.org\/fr\/#organization"},"potentialAction":[{"@type":"SearchAction","target":{"@type":"EntryPoint","urlTemplate":"https:\/\/asteralabs.org\/fr\/?s={search_term_string}"},"query-input":{"@type":"PropertyValueSpecification","valueRequired":true,"valueName":"search_term_string"}}],"inLanguage":"fr-FR"},{"@type":"Organization","@id":"https:\/\/asteralabs.org\/fr\/#organization","name":"Astera Labs","url":"https:\/\/asteralabs.org\/fr\/","logo":{"@type":"ImageObject","inLanguage":"fr-FR","@id":"https:\/\/asteralabs.org\/fr\/#\/schema\/logo\/image\/","url":"https:\/\/asteralabs.org\/wp-content\/uploads\/2022\/12\/astera-2.png","contentUrl":"https:\/\/asteralabs.org\/wp-content\/uploads\/2022\/12\/astera-2.png","width":437,"height":111,"caption":"Astera Labs"},"image":{"@id":"https:\/\/asteralabs.org\/fr\/#\/schema\/logo\/image\/"}}]}},"_links":{"self":[{"href":"https:\/\/asteralabs.org\/fr\/wp-json\/wp\/v2\/product\/77824","targetHints":{"allow":["GET"]}}],"collection":[{"href":"https:\/\/asteralabs.org\/fr\/wp-json\/wp\/v2\/product"}],"about":[{"href":"https:\/\/asteralabs.org\/fr\/wp-json\/wp\/v2\/types\/product"}],"replies":[{"embeddable":true,"href":"https:\/\/asteralabs.org\/fr\/wp-json\/wp\/v2\/comments?post=77824"}],"version-history":[{"count":1,"href":"https:\/\/asteralabs.org\/fr\/wp-json\/wp\/v2\/product\/77824\/revisions"}],"predecessor-version":[{"id":78742,"href":"https:\/\/asteralabs.org\/fr\/wp-json\/wp\/v2\/product\/77824\/revisions\/78742"}],"wp:featuredmedia":[{"embeddable":true,"href":"https:\/\/asteralabs.org\/fr\/wp-json\/wp\/v2\/media\/75177"}],"wp:attachment":[{"href":"https:\/\/asteralabs.org\/fr\/wp-json\/wp\/v2\/media?parent=77824"}],"wp:term":[{"taxonomy":"product_brand","embeddable":true,"href":"https:\/\/asteralabs.org\/fr\/wp-json\/wp\/v2\/product_brand?post=77824"},{"taxonomy":"product_cat","embeddable":true,"href":"https:\/\/asteralabs.org\/fr\/wp-json\/wp\/v2\/product_cat?post=77824"},{"taxonomy":"product_tag","embeddable":true,"href":"https:\/\/asteralabs.org\/fr\/wp-json\/wp\/v2\/product_tag?post=77824"}],"curies":[{"name":"wp","href":"https:\/\/api.w.org\/{rel}","templated":true}]}}