{"id":77829,"date":"2022-11-05T23:06:18","date_gmt":"2022-11-05T23:06:18","guid":{"rendered":"https:\/\/asteralabs.org\/product\/decanoate-de-nandrolone\/"},"modified":"2026-01-15T09:57:50","modified_gmt":"2026-01-15T09:57:50","slug":"decanoate-de-nandrolone","status":"publish","type":"product","link":"https:\/\/asteralabs.org\/fr\/product\/decanoate-de-nandrolone\/","title":{"rendered":"D\u00e9canoate de Nandrolone"},"content":{"rendered":"<p><strong>POSOLOGIE :<\/strong><br \/>\nNandrolone Decanoate 300mg\/ml <strong>CONTENU DE L&#8217;EMBALLAGE :<\/strong><br \/>\n1 flacon de 10ML, 300 mg par ml <strong>QU&#8217;EST-CE QUE C&#8217;EST :<\/strong><br \/>\nLa nandrolone est un st\u00e9ro\u00efde largement utilis\u00e9 appartenant \u00e0 la famille des 19 nors. Les 19-nors sont g\u00e9n\u00e9ralement caract\u00e9ris\u00e9s par leur anabolisme et leur activit\u00e9 progestative.<br \/>\nIls sont tr\u00e8s anabolisants, mais ils pr\u00e9sentent \u00e9galement des quantit\u00e9s significatives d&#8217;interactions satellites avec d&#8217;autres r\u00e9cepteurs dans le corps. La plus notable est leur interaction avec le r\u00e9cepteur de la progest\u00e9rone.<br \/>\nLes progestatifs d\u00e9riv\u00e9s du 19-Nor sont des agonistes du r\u00e9cepteur de la progest\u00e9rone, ce qui signifie qu&#8217;ils peuvent se lier au r\u00e9cepteur de la progest\u00e9rone et l&#8217;activer. La nandrolone provoque une r\u00e9duction de la capacit\u00e9 \u00e0 percevoir la douleur (cette augmentation est confondue avec un effet curatif) et peut \u00e9galement \u00eatre r\u00e9duite en DHN. Le DHN peut d\u00e9placer la DHT de ses r\u00e9cepteurs, provoquant plusieurs effets secondaires, parmi lesquels les sautes d&#8217;humeur et l&#8217;absence d&#8217;\u00e9rection, auxquels on peut rem\u00e9dier en utilisant Masteron, Proviron ou un autre st\u00e9ro\u00efde qui r\u00e9agit directement avec le r\u00e9cepteur des androg\u00e8nes par l&#8217;interm\u00e9diaire de la DHT. <strong>MODE<\/strong> D <strong>&#8216;EMPLOI :<\/strong><br \/>\nLes doses normales sont g\u00e9n\u00e9ralement de 200 \u00e0 400 mg par semaine pour les d\u00e9butants et les athl\u00e8tes interm\u00e9diaires, avec la possibilit\u00e9 d&#8217;utiliser 800 mg par semaine \u00e0 des fins sp\u00e9cifiques ou comp\u00e9titives. Comme il s&#8217;agit d&#8217;un ester long, il est recommand\u00e9 de l&#8217;injecter EOD ou E3D. <strong>INFORMATIONS SUR LES LOTS :<br \/>\n<\/strong>Num\u00e9ro de lot : <span data-sheets-root=\"1\" data-sheets-value=\"{\" data-sheets-userformat=\"{\">HV14386<\/span><br \/>\nDate de fabrication : <span data-sheets-root=\"1\" data-sheets-value=\"{\" data-sheets-userformat=\"{\">10.2025.<\/span><br \/>\nDate d&#8217;expiration : 10<span data-sheets-root=\"1\" data-sheets-value=\"{&quot;1&quot;:2,&quot;2&quot;:&quot;03.2026.&quot;}\" data-sheets-userformat=\"{&quot;2&quot;:637,&quot;3&quot;:{&quot;1&quot;:0},&quot;5&quot;:{&quot;1&quot;:[{&quot;1&quot;:2,&quot;2&quot;:0,&quot;5&quot;:{&quot;1&quot;:2,&quot;2&quot;:0}},{&quot;1&quot;:0,&quot;2&quot;:0,&quot;3&quot;:3},{&quot;1&quot;:1,&quot;2&quot;:0,&quot;4&quot;:1}]},&quot;6&quot;:{&quot;1&quot;:[{&quot;1&quot;:2,&quot;2&quot;:0,&quot;5&quot;:{&quot;1&quot;:2,&quot;2&quot;:0}},{&quot;1&quot;:0,&quot;2&quot;:0,&quot;3&quot;:3},{&quot;1&quot;:1,&quot;2&quot;:0,&quot;4&quot;:1}]},&quot;7&quot;:{&quot;1&quot;:[{&quot;1&quot;:2,&quot;2&quot;:0,&quot;5&quot;:{&quot;1&quot;:2,&quot;2&quot;:0}},{&quot;1&quot;:0,&quot;2&quot;:0,&quot;3&quot;:3},{&quot;1&quot;:1,&quot;2&quot;:0,&quot;4&quot;:1}]},&quot;8&quot;:{&quot;1&quot;:[{&quot;1&quot;:2,&quot;2&quot;:0,&quot;5&quot;:{&quot;1&quot;:2,&quot;2&quot;:0}},{&quot;1&quot;:0,&quot;2&quot;:0,&quot;3&quot;:3},{&quot;1&quot;:1,&quot;2&quot;:0,&quot;4&quot;:1}]},&quot;9&quot;:0,&quot;12&quot;:0}\">.2028.<\/span><\/p>\n","protected":false},"excerpt":{"rendered":"<p>POSOLOGIE : Nandrolone Decanoate 300mg\/ml CONTENU DE L&#8217;EMBALLAGE : 1 flacon de 10ML, 300 mg par ml QU&#8217;EST-CE QUE C&#8217;EST : La nandrolone est un st\u00e9ro\u00efde largement utilis\u00e9 appartenant \u00e0 la famille des 19 nors. Les 19-nors sont g\u00e9n\u00e9ralement caract\u00e9ris\u00e9s par leur anabolisme et leur activit\u00e9 progestative. Ils sont tr\u00e8s anabolisants, mais ils pr\u00e9sentent \u00e9galement&hellip;<\/p>\n","protected":false},"featured_media":75169,"comment_status":"open","ping_status":"closed","template":"","meta":{"_acf_changed":false},"product_brand":[],"product_cat":[160,161],"product_tag":[],"class_list":{"0":"post-77829","1":"product","2":"type-product","3":"status-publish","4":"has-post-thumbnail","6":"product_cat-injectables-fr","7":"product_cat-all-fr","8":"description-off","10":"first","11":"instock","12":"shipping-taxable","13":"product-type-simple"},"acf":[],"yoast_head":"<!-- This site is optimized with the Yoast SEO plugin v27.4 - https:\/\/yoast.com\/product\/yoast-seo-wordpress\/ -->\n<title>D\u00e9canoate de Nandrolone - Astera Labs<\/title>\n<meta name=\"robots\" content=\"index, follow, max-snippet:-1, max-image-preview:large, max-video-preview:-1\" \/>\n<link rel=\"canonical\" href=\"https:\/\/asteralabs.org\/fr\/product\/decanoate-de-nandrolone\/\" \/>\n<meta property=\"og:locale\" content=\"fr_FR\" \/>\n<meta property=\"og:type\" content=\"article\" \/>\n<meta property=\"og:title\" content=\"D\u00e9canoate de Nandrolone - Astera Labs\" \/>\n<meta property=\"og:description\" content=\"POSOLOGIE : Nandrolone Decanoate 300mg\/ml CONTENU DE L&#8217;EMBALLAGE : 1 flacon de 10ML, 300 mg par ml QU&#8217;EST-CE QUE C&#8217;EST : La nandrolone est un st\u00e9ro\u00efde largement utilis\u00e9 appartenant \u00e0 la famille des 19 nors. Les 19-nors sont g\u00e9n\u00e9ralement caract\u00e9ris\u00e9s par leur anabolisme et leur activit\u00e9 progestative. Ils sont tr\u00e8s anabolisants, mais ils pr\u00e9sentent \u00e9galement&hellip;\" \/>\n<meta property=\"og:url\" content=\"https:\/\/asteralabs.org\/fr\/product\/decanoate-de-nandrolone\/\" \/>\n<meta property=\"og:site_name\" content=\"Astera Labs\" \/>\n<meta property=\"article:modified_time\" content=\"2026-01-15T09:57:50+00:00\" \/>\n<meta property=\"og:image\" content=\"https:\/\/asteralabs.org\/wp-content\/uploads\/2022\/11\/13.png\" \/>\n\t<meta property=\"og:image:width\" content=\"2000\" \/>\n\t<meta property=\"og:image:height\" content=\"2000\" \/>\n\t<meta property=\"og:image:type\" content=\"image\/png\" \/>\n<meta name=\"twitter:card\" content=\"summary_large_image\" \/>\n<script type=\"application\/ld+json\" class=\"yoast-schema-graph\">{\"@context\":\"https:\\\/\\\/schema.org\",\"@graph\":[{\"@type\":\"WebPage\",\"@id\":\"https:\\\/\\\/asteralabs.org\\\/fr\\\/product\\\/decanoate-de-nandrolone\\\/\",\"url\":\"https:\\\/\\\/asteralabs.org\\\/fr\\\/product\\\/decanoate-de-nandrolone\\\/\",\"name\":\"D\u00e9canoate de Nandrolone - Astera Labs\",\"isPartOf\":{\"@id\":\"https:\\\/\\\/asteralabs.org\\\/fr\\\/#website\"},\"primaryImageOfPage\":{\"@id\":\"https:\\\/\\\/asteralabs.org\\\/fr\\\/product\\\/decanoate-de-nandrolone\\\/#primaryimage\"},\"image\":{\"@id\":\"https:\\\/\\\/asteralabs.org\\\/fr\\\/product\\\/decanoate-de-nandrolone\\\/#primaryimage\"},\"thumbnailUrl\":\"https:\\\/\\\/asteralabs.org\\\/wp-content\\\/uploads\\\/2022\\\/11\\\/13.png\",\"datePublished\":\"2022-11-05T23:06:18+00:00\",\"dateModified\":\"2026-01-15T09:57:50+00:00\",\"breadcrumb\":{\"@id\":\"https:\\\/\\\/asteralabs.org\\\/fr\\\/product\\\/decanoate-de-nandrolone\\\/#breadcrumb\"},\"inLanguage\":\"fr-FR\",\"potentialAction\":[{\"@type\":\"ReadAction\",\"target\":[\"https:\\\/\\\/asteralabs.org\\\/fr\\\/product\\\/decanoate-de-nandrolone\\\/\"]}]},{\"@type\":\"ImageObject\",\"inLanguage\":\"fr-FR\",\"@id\":\"https:\\\/\\\/asteralabs.org\\\/fr\\\/product\\\/decanoate-de-nandrolone\\\/#primaryimage\",\"url\":\"https:\\\/\\\/asteralabs.org\\\/wp-content\\\/uploads\\\/2022\\\/11\\\/13.png\",\"contentUrl\":\"https:\\\/\\\/asteralabs.org\\\/wp-content\\\/uploads\\\/2022\\\/11\\\/13.png\",\"width\":2000,\"height\":2000},{\"@type\":\"BreadcrumbList\",\"@id\":\"https:\\\/\\\/asteralabs.org\\\/fr\\\/product\\\/decanoate-de-nandrolone\\\/#breadcrumb\",\"itemListElement\":[{\"@type\":\"ListItem\",\"position\":1,\"name\":\"Home\",\"item\":\"https:\\\/\\\/asteralabs.org\\\/fr\\\/\"},{\"@type\":\"ListItem\",\"position\":2,\"name\":\"Boutique\",\"item\":\"https:\\\/\\\/asteralabs.org\\\/fr\\\/boutique\\\/\"},{\"@type\":\"ListItem\",\"position\":3,\"name\":\"D\u00e9canoate de Nandrolone\"}]},{\"@type\":\"WebSite\",\"@id\":\"https:\\\/\\\/asteralabs.org\\\/fr\\\/#website\",\"url\":\"https:\\\/\\\/asteralabs.org\\\/fr\\\/\",\"name\":\"Astera Labs\",\"description\":\"Improve Your Quality Of Life\",\"publisher\":{\"@id\":\"https:\\\/\\\/asteralabs.org\\\/fr\\\/#organization\"},\"potentialAction\":[{\"@type\":\"SearchAction\",\"target\":{\"@type\":\"EntryPoint\",\"urlTemplate\":\"https:\\\/\\\/asteralabs.org\\\/fr\\\/?s={search_term_string}\"},\"query-input\":{\"@type\":\"PropertyValueSpecification\",\"valueRequired\":true,\"valueName\":\"search_term_string\"}}],\"inLanguage\":\"fr-FR\"},{\"@type\":\"Organization\",\"@id\":\"https:\\\/\\\/asteralabs.org\\\/fr\\\/#organization\",\"name\":\"Astera Labs\",\"url\":\"https:\\\/\\\/asteralabs.org\\\/fr\\\/\",\"logo\":{\"@type\":\"ImageObject\",\"inLanguage\":\"fr-FR\",\"@id\":\"https:\\\/\\\/asteralabs.org\\\/fr\\\/#\\\/schema\\\/logo\\\/image\\\/\",\"url\":\"https:\\\/\\\/asteralabs.org\\\/wp-content\\\/uploads\\\/2022\\\/12\\\/astera-2.png\",\"contentUrl\":\"https:\\\/\\\/asteralabs.org\\\/wp-content\\\/uploads\\\/2022\\\/12\\\/astera-2.png\",\"width\":437,\"height\":111,\"caption\":\"Astera Labs\"},\"image\":{\"@id\":\"https:\\\/\\\/asteralabs.org\\\/fr\\\/#\\\/schema\\\/logo\\\/image\\\/\"}}]}<\/script>\n<!-- \/ Yoast SEO plugin. -->","yoast_head_json":{"title":"D\u00e9canoate de Nandrolone - Astera Labs","robots":{"index":"index","follow":"follow","max-snippet":"max-snippet:-1","max-image-preview":"max-image-preview:large","max-video-preview":"max-video-preview:-1"},"canonical":"https:\/\/asteralabs.org\/fr\/product\/decanoate-de-nandrolone\/","og_locale":"fr_FR","og_type":"article","og_title":"D\u00e9canoate de Nandrolone - Astera Labs","og_description":"POSOLOGIE : Nandrolone Decanoate 300mg\/ml CONTENU DE L&#8217;EMBALLAGE : 1 flacon de 10ML, 300 mg par ml QU&#8217;EST-CE QUE C&#8217;EST : La nandrolone est un st\u00e9ro\u00efde largement utilis\u00e9 appartenant \u00e0 la famille des 19 nors. Les 19-nors sont g\u00e9n\u00e9ralement caract\u00e9ris\u00e9s par leur anabolisme et leur activit\u00e9 progestative. Ils sont tr\u00e8s anabolisants, mais ils pr\u00e9sentent \u00e9galement&hellip;","og_url":"https:\/\/asteralabs.org\/fr\/product\/decanoate-de-nandrolone\/","og_site_name":"Astera Labs","article_modified_time":"2026-01-15T09:57:50+00:00","og_image":[{"width":2000,"height":2000,"url":"https:\/\/asteralabs.org\/wp-content\/uploads\/2022\/11\/13.png","type":"image\/png"}],"twitter_card":"summary_large_image","schema":{"@context":"https:\/\/schema.org","@graph":[{"@type":"WebPage","@id":"https:\/\/asteralabs.org\/fr\/product\/decanoate-de-nandrolone\/","url":"https:\/\/asteralabs.org\/fr\/product\/decanoate-de-nandrolone\/","name":"D\u00e9canoate de Nandrolone - Astera Labs","isPartOf":{"@id":"https:\/\/asteralabs.org\/fr\/#website"},"primaryImageOfPage":{"@id":"https:\/\/asteralabs.org\/fr\/product\/decanoate-de-nandrolone\/#primaryimage"},"image":{"@id":"https:\/\/asteralabs.org\/fr\/product\/decanoate-de-nandrolone\/#primaryimage"},"thumbnailUrl":"https:\/\/asteralabs.org\/wp-content\/uploads\/2022\/11\/13.png","datePublished":"2022-11-05T23:06:18+00:00","dateModified":"2026-01-15T09:57:50+00:00","breadcrumb":{"@id":"https:\/\/asteralabs.org\/fr\/product\/decanoate-de-nandrolone\/#breadcrumb"},"inLanguage":"fr-FR","potentialAction":[{"@type":"ReadAction","target":["https:\/\/asteralabs.org\/fr\/product\/decanoate-de-nandrolone\/"]}]},{"@type":"ImageObject","inLanguage":"fr-FR","@id":"https:\/\/asteralabs.org\/fr\/product\/decanoate-de-nandrolone\/#primaryimage","url":"https:\/\/asteralabs.org\/wp-content\/uploads\/2022\/11\/13.png","contentUrl":"https:\/\/asteralabs.org\/wp-content\/uploads\/2022\/11\/13.png","width":2000,"height":2000},{"@type":"BreadcrumbList","@id":"https:\/\/asteralabs.org\/fr\/product\/decanoate-de-nandrolone\/#breadcrumb","itemListElement":[{"@type":"ListItem","position":1,"name":"Home","item":"https:\/\/asteralabs.org\/fr\/"},{"@type":"ListItem","position":2,"name":"Boutique","item":"https:\/\/asteralabs.org\/fr\/boutique\/"},{"@type":"ListItem","position":3,"name":"D\u00e9canoate de Nandrolone"}]},{"@type":"WebSite","@id":"https:\/\/asteralabs.org\/fr\/#website","url":"https:\/\/asteralabs.org\/fr\/","name":"Astera Labs","description":"Improve Your Quality Of Life","publisher":{"@id":"https:\/\/asteralabs.org\/fr\/#organization"},"potentialAction":[{"@type":"SearchAction","target":{"@type":"EntryPoint","urlTemplate":"https:\/\/asteralabs.org\/fr\/?s={search_term_string}"},"query-input":{"@type":"PropertyValueSpecification","valueRequired":true,"valueName":"search_term_string"}}],"inLanguage":"fr-FR"},{"@type":"Organization","@id":"https:\/\/asteralabs.org\/fr\/#organization","name":"Astera Labs","url":"https:\/\/asteralabs.org\/fr\/","logo":{"@type":"ImageObject","inLanguage":"fr-FR","@id":"https:\/\/asteralabs.org\/fr\/#\/schema\/logo\/image\/","url":"https:\/\/asteralabs.org\/wp-content\/uploads\/2022\/12\/astera-2.png","contentUrl":"https:\/\/asteralabs.org\/wp-content\/uploads\/2022\/12\/astera-2.png","width":437,"height":111,"caption":"Astera Labs"},"image":{"@id":"https:\/\/asteralabs.org\/fr\/#\/schema\/logo\/image\/"}}]}},"_links":{"self":[{"href":"https:\/\/asteralabs.org\/fr\/wp-json\/wp\/v2\/product\/77829","targetHints":{"allow":["GET"]}}],"collection":[{"href":"https:\/\/asteralabs.org\/fr\/wp-json\/wp\/v2\/product"}],"about":[{"href":"https:\/\/asteralabs.org\/fr\/wp-json\/wp\/v2\/types\/product"}],"replies":[{"embeddable":true,"href":"https:\/\/asteralabs.org\/fr\/wp-json\/wp\/v2\/comments?post=77829"}],"version-history":[{"count":0,"href":"https:\/\/asteralabs.org\/fr\/wp-json\/wp\/v2\/product\/77829\/revisions"}],"wp:featuredmedia":[{"embeddable":true,"href":"https:\/\/asteralabs.org\/fr\/wp-json\/wp\/v2\/media\/75169"}],"wp:attachment":[{"href":"https:\/\/asteralabs.org\/fr\/wp-json\/wp\/v2\/media?parent=77829"}],"wp:term":[{"taxonomy":"product_brand","embeddable":true,"href":"https:\/\/asteralabs.org\/fr\/wp-json\/wp\/v2\/product_brand?post=77829"},{"taxonomy":"product_cat","embeddable":true,"href":"https:\/\/asteralabs.org\/fr\/wp-json\/wp\/v2\/product_cat?post=77829"},{"taxonomy":"product_tag","embeddable":true,"href":"https:\/\/asteralabs.org\/fr\/wp-json\/wp\/v2\/product_tag?post=77829"}],"curies":[{"name":"wp","href":"https:\/\/api.w.org\/{rel}","templated":true}]}}