{"id":77835,"date":"2022-11-05T23:04:20","date_gmt":"2022-11-05T23:04:20","guid":{"rendered":"https:\/\/asteralabs.org\/product\/oxymetholone\/"},"modified":"2026-01-15T10:23:42","modified_gmt":"2026-01-15T10:23:42","slug":"oxymetholone","status":"publish","type":"product","link":"https:\/\/asteralabs.org\/fr\/product\/oxymetholone\/","title":{"rendered":"Oxym\u00e9tholone"},"content":{"rendered":"<p><strong>POSOLOGIE : <\/strong><br \/>\nOxym\u00e9tholone 50mg\/ml <strong>CONTENU DE L&#8217;EMBALLAGE : <\/strong><br \/>\n1 flacon de 10ML, 50 mg par ml <strong>QU&#8217;EST-CE QUE C&#8217;EST : <\/strong><br \/>\nL&#8217;oxym\u00e9tholone est l&#8217;un des st\u00e9ro\u00efdes oraux les plus utilis\u00e9s sur le march\u00e9. Il est normalement utilis\u00e9 dans les cycles de gonflement en raison du gain rapide de masse musculaire qu&#8217;il procure (en partie gr\u00e2ce \u00e0 l&#8217;augmentation des r\u00e9serves de glycog\u00e8ne), et c&#8217;est \u00e9galement pour cette raison qu&#8217;il procure une augmentation substantielle de la force, ce qui explique qu&#8217;il soit couramment utilis\u00e9 dans les comp\u00e9titions de powerlifting et d&#8217;hommes forts. Son h\u00e9patotoxicit\u00e9 n&#8217;est pas aussi \u00e9lev\u00e9e qu&#8217;on le dit, des doses relativement \u00e9lev\u00e9es sont consid\u00e9r\u00e9es comme s\u00fbres chez les enfants malades et les personnes atteintes de cancer et d&#8217;ost\u00e9oporose, d&#8217;apr\u00e8s divers essais cliniques. Comme il s&#8217;agit d&#8217;une version injectable, son absorption sera plus grande, et comme il n&#8217;y a pas d&#8217;ester, son absorption sera presque aussi rapide que la version orale. <strong>MODE D&#8217;EMPLOI : <\/strong><br \/>\nLes doses les plus courantes sont de 50 \u00e0 100 mg par jour. Bien qu&#8217;il s&#8217;agisse d&#8217;un produit injectable, nous utiliserons le m\u00eame protocole que pour la version orale. Les cycles durent g\u00e9n\u00e9ralement de 4 \u00e0 6 semaines. <strong>INFORMATIONS SUR LES LOTS :<br \/>\n<\/strong>Num\u00e9ro de lot : <span data-sheets-root=\"1\" data-sheets-value=\"{\" data-sheets-userformat=\"{\">PQ92604<\/span><br \/>\nDate de fabrication : <span data-sheets-root=\"1\" data-sheets-value=\"{\" data-sheets-userformat=\"{\">10.2025.<\/span><br \/>\nDate d&#8217;expiration : <span data-sheets-root=\"1\" data-sheets-value=\"{\" data-sheets-userformat=\"{\">10.2028.<\/span><\/p>\n","protected":false},"excerpt":{"rendered":"<p>POSOLOGIE : Oxym\u00e9tholone 50mg\/ml CONTENU DE L&#8217;EMBALLAGE : 1 flacon de 10ML, 50 mg par ml QU&#8217;EST-CE QUE C&#8217;EST : L&#8217;oxym\u00e9tholone est l&#8217;un des st\u00e9ro\u00efdes oraux les plus utilis\u00e9s sur le march\u00e9. Il est normalement utilis\u00e9 dans les cycles de gonflement en raison du gain rapide de masse musculaire qu&#8217;il procure (en partie gr\u00e2ce \u00e0&hellip;<\/p>\n","protected":false},"featured_media":75161,"comment_status":"open","ping_status":"closed","template":"","meta":[],"product_cat":[161,160],"product_tag":[],"yoast_head":"<!-- This site is optimized with the Yoast SEO plugin v23.0 - https:\/\/yoast.com\/wordpress\/plugins\/seo\/ -->\n<title>Oxym\u00e9tholone - Astera Labs<\/title>\n<meta name=\"robots\" content=\"index, follow, max-snippet:-1, max-image-preview:large, max-video-preview:-1\" \/>\n<link rel=\"canonical\" href=\"https:\/\/asteralabs.org\/fr\/product\/oxymetholone\/\" \/>\n<meta property=\"og:locale\" content=\"fr_FR\" \/>\n<meta property=\"og:type\" content=\"article\" \/>\n<meta property=\"og:title\" content=\"Oxym\u00e9tholone - Astera Labs\" \/>\n<meta property=\"og:description\" content=\"POSOLOGIE : Oxym\u00e9tholone 50mg\/ml CONTENU DE L&#8217;EMBALLAGE : 1 flacon de 10ML, 50 mg par ml QU&#8217;EST-CE QUE C&#8217;EST : L&#8217;oxym\u00e9tholone est l&#8217;un des st\u00e9ro\u00efdes oraux les plus utilis\u00e9s sur le march\u00e9. Il est normalement utilis\u00e9 dans les cycles de gonflement en raison du gain rapide de masse musculaire qu&#8217;il procure (en partie gr\u00e2ce \u00e0&hellip;\" \/>\n<meta property=\"og:url\" content=\"https:\/\/asteralabs.org\/fr\/product\/oxymetholone\/\" \/>\n<meta property=\"og:site_name\" content=\"Astera Labs\" \/>\n<meta property=\"article:modified_time\" content=\"2026-01-15T10:23:42+00:00\" \/>\n<meta property=\"og:image\" content=\"https:\/\/asteralabs.org\/wp-content\/uploads\/2022\/11\/26.png\" \/>\n\t<meta property=\"og:image:width\" content=\"2000\" \/>\n\t<meta property=\"og:image:height\" content=\"2000\" \/>\n\t<meta property=\"og:image:type\" content=\"image\/png\" \/>\n<meta name=\"twitter:card\" content=\"summary_large_image\" \/>\n<script type=\"application\/ld+json\" class=\"yoast-schema-graph\">{\"@context\":\"https:\/\/schema.org\",\"@graph\":[{\"@type\":\"WebPage\",\"@id\":\"https:\/\/asteralabs.org\/fr\/product\/oxymetholone\/\",\"url\":\"https:\/\/asteralabs.org\/fr\/product\/oxymetholone\/\",\"name\":\"Oxym\u00e9tholone - Astera Labs\",\"isPartOf\":{\"@id\":\"https:\/\/asteralabs.org\/fr\/#website\"},\"primaryImageOfPage\":{\"@id\":\"https:\/\/asteralabs.org\/fr\/product\/oxymetholone\/#primaryimage\"},\"image\":{\"@id\":\"https:\/\/asteralabs.org\/fr\/product\/oxymetholone\/#primaryimage\"},\"thumbnailUrl\":\"https:\/\/asteralabs.org\/wp-content\/uploads\/2022\/11\/26.png\",\"datePublished\":\"2022-11-05T23:04:20+00:00\",\"dateModified\":\"2026-01-15T10:23:42+00:00\",\"breadcrumb\":{\"@id\":\"https:\/\/asteralabs.org\/fr\/product\/oxymetholone\/#breadcrumb\"},\"inLanguage\":\"fr-FR\",\"potentialAction\":[{\"@type\":\"ReadAction\",\"target\":[\"https:\/\/asteralabs.org\/fr\/product\/oxymetholone\/\"]}]},{\"@type\":\"ImageObject\",\"inLanguage\":\"fr-FR\",\"@id\":\"https:\/\/asteralabs.org\/fr\/product\/oxymetholone\/#primaryimage\",\"url\":\"https:\/\/asteralabs.org\/wp-content\/uploads\/2022\/11\/26.png\",\"contentUrl\":\"https:\/\/asteralabs.org\/wp-content\/uploads\/2022\/11\/26.png\",\"width\":2000,\"height\":2000},{\"@type\":\"BreadcrumbList\",\"@id\":\"https:\/\/asteralabs.org\/fr\/product\/oxymetholone\/#breadcrumb\",\"itemListElement\":[{\"@type\":\"ListItem\",\"position\":1,\"name\":\"Home\",\"item\":\"https:\/\/asteralabs.org\/fr\/\"},{\"@type\":\"ListItem\",\"position\":2,\"name\":\"Boutique\",\"item\":\"https:\/\/asteralabs.org\/boutique\/\"},{\"@type\":\"ListItem\",\"position\":3,\"name\":\"Oxym\u00e9tholone\"}]},{\"@type\":\"WebSite\",\"@id\":\"https:\/\/asteralabs.org\/fr\/#website\",\"url\":\"https:\/\/asteralabs.org\/fr\/\",\"name\":\"Astera Labs\",\"description\":\"Improve Your Quality Of Life\",\"publisher\":{\"@id\":\"https:\/\/asteralabs.org\/fr\/#organization\"},\"potentialAction\":[{\"@type\":\"SearchAction\",\"target\":{\"@type\":\"EntryPoint\",\"urlTemplate\":\"https:\/\/asteralabs.org\/fr\/?s={search_term_string}\"},\"query-input\":\"required name=search_term_string\"}],\"inLanguage\":\"fr-FR\"},{\"@type\":\"Organization\",\"@id\":\"https:\/\/asteralabs.org\/fr\/#organization\",\"name\":\"Astera Labs\",\"url\":\"https:\/\/asteralabs.org\/fr\/\",\"logo\":{\"@type\":\"ImageObject\",\"inLanguage\":\"fr-FR\",\"@id\":\"https:\/\/asteralabs.org\/fr\/#\/schema\/logo\/image\/\",\"url\":\"https:\/\/asteralabs.org\/wp-content\/uploads\/2022\/12\/astera-2.png\",\"contentUrl\":\"https:\/\/asteralabs.org\/wp-content\/uploads\/2022\/12\/astera-2.png\",\"width\":437,\"height\":111,\"caption\":\"Astera Labs\"},\"image\":{\"@id\":\"https:\/\/asteralabs.org\/fr\/#\/schema\/logo\/image\/\"}}]}<\/script>\n<!-- \/ Yoast SEO plugin. -->","yoast_head_json":{"title":"Oxym\u00e9tholone - Astera Labs","robots":{"index":"index","follow":"follow","max-snippet":"max-snippet:-1","max-image-preview":"max-image-preview:large","max-video-preview":"max-video-preview:-1"},"canonical":"https:\/\/asteralabs.org\/fr\/product\/oxymetholone\/","og_locale":"fr_FR","og_type":"article","og_title":"Oxym\u00e9tholone - Astera Labs","og_description":"POSOLOGIE : Oxym\u00e9tholone 50mg\/ml CONTENU DE L&#8217;EMBALLAGE : 1 flacon de 10ML, 50 mg par ml QU&#8217;EST-CE QUE C&#8217;EST : L&#8217;oxym\u00e9tholone est l&#8217;un des st\u00e9ro\u00efdes oraux les plus utilis\u00e9s sur le march\u00e9. Il est normalement utilis\u00e9 dans les cycles de gonflement en raison du gain rapide de masse musculaire qu&#8217;il procure (en partie gr\u00e2ce \u00e0&hellip;","og_url":"https:\/\/asteralabs.org\/fr\/product\/oxymetholone\/","og_site_name":"Astera Labs","article_modified_time":"2026-01-15T10:23:42+00:00","og_image":[{"width":2000,"height":2000,"url":"https:\/\/asteralabs.org\/wp-content\/uploads\/2022\/11\/26.png","type":"image\/png"}],"twitter_card":"summary_large_image","schema":{"@context":"https:\/\/schema.org","@graph":[{"@type":"WebPage","@id":"https:\/\/asteralabs.org\/fr\/product\/oxymetholone\/","url":"https:\/\/asteralabs.org\/fr\/product\/oxymetholone\/","name":"Oxym\u00e9tholone - Astera Labs","isPartOf":{"@id":"https:\/\/asteralabs.org\/fr\/#website"},"primaryImageOfPage":{"@id":"https:\/\/asteralabs.org\/fr\/product\/oxymetholone\/#primaryimage"},"image":{"@id":"https:\/\/asteralabs.org\/fr\/product\/oxymetholone\/#primaryimage"},"thumbnailUrl":"https:\/\/asteralabs.org\/wp-content\/uploads\/2022\/11\/26.png","datePublished":"2022-11-05T23:04:20+00:00","dateModified":"2026-01-15T10:23:42+00:00","breadcrumb":{"@id":"https:\/\/asteralabs.org\/fr\/product\/oxymetholone\/#breadcrumb"},"inLanguage":"fr-FR","potentialAction":[{"@type":"ReadAction","target":["https:\/\/asteralabs.org\/fr\/product\/oxymetholone\/"]}]},{"@type":"ImageObject","inLanguage":"fr-FR","@id":"https:\/\/asteralabs.org\/fr\/product\/oxymetholone\/#primaryimage","url":"https:\/\/asteralabs.org\/wp-content\/uploads\/2022\/11\/26.png","contentUrl":"https:\/\/asteralabs.org\/wp-content\/uploads\/2022\/11\/26.png","width":2000,"height":2000},{"@type":"BreadcrumbList","@id":"https:\/\/asteralabs.org\/fr\/product\/oxymetholone\/#breadcrumb","itemListElement":[{"@type":"ListItem","position":1,"name":"Home","item":"https:\/\/asteralabs.org\/fr\/"},{"@type":"ListItem","position":2,"name":"Boutique","item":"https:\/\/asteralabs.org\/boutique\/"},{"@type":"ListItem","position":3,"name":"Oxym\u00e9tholone"}]},{"@type":"WebSite","@id":"https:\/\/asteralabs.org\/fr\/#website","url":"https:\/\/asteralabs.org\/fr\/","name":"Astera Labs","description":"Improve Your Quality Of Life","publisher":{"@id":"https:\/\/asteralabs.org\/fr\/#organization"},"potentialAction":[{"@type":"SearchAction","target":{"@type":"EntryPoint","urlTemplate":"https:\/\/asteralabs.org\/fr\/?s={search_term_string}"},"query-input":"required name=search_term_string"}],"inLanguage":"fr-FR"},{"@type":"Organization","@id":"https:\/\/asteralabs.org\/fr\/#organization","name":"Astera Labs","url":"https:\/\/asteralabs.org\/fr\/","logo":{"@type":"ImageObject","inLanguage":"fr-FR","@id":"https:\/\/asteralabs.org\/fr\/#\/schema\/logo\/image\/","url":"https:\/\/asteralabs.org\/wp-content\/uploads\/2022\/12\/astera-2.png","contentUrl":"https:\/\/asteralabs.org\/wp-content\/uploads\/2022\/12\/astera-2.png","width":437,"height":111,"caption":"Astera Labs"},"image":{"@id":"https:\/\/asteralabs.org\/fr\/#\/schema\/logo\/image\/"}}]}},"_links":{"self":[{"href":"https:\/\/asteralabs.org\/fr\/wp-json\/wp\/v2\/product\/77835"}],"collection":[{"href":"https:\/\/asteralabs.org\/fr\/wp-json\/wp\/v2\/product"}],"about":[{"href":"https:\/\/asteralabs.org\/fr\/wp-json\/wp\/v2\/types\/product"}],"replies":[{"embeddable":true,"href":"https:\/\/asteralabs.org\/fr\/wp-json\/wp\/v2\/comments?post=77835"}],"version-history":[{"count":0,"href":"https:\/\/asteralabs.org\/fr\/wp-json\/wp\/v2\/product\/77835\/revisions"}],"wp:featuredmedia":[{"embeddable":true,"href":"https:\/\/asteralabs.org\/fr\/wp-json\/wp\/v2\/media\/75161"}],"wp:attachment":[{"href":"https:\/\/asteralabs.org\/fr\/wp-json\/wp\/v2\/media?parent=77835"}],"wp:term":[{"taxonomy":"product_cat","embeddable":true,"href":"https:\/\/asteralabs.org\/fr\/wp-json\/wp\/v2\/product_cat?post=77835"},{"taxonomy":"product_tag","embeddable":true,"href":"https:\/\/asteralabs.org\/fr\/wp-json\/wp\/v2\/product_tag?post=77835"}],"curies":[{"name":"wp","href":"https:\/\/api.w.org\/{rel}","templated":true}]}}