{"id":77851,"date":"2022-11-05T23:01:30","date_gmt":"2022-11-05T23:01:30","guid":{"rendered":"https:\/\/asteralabs.org\/product\/eau-bacteriostatique\/"},"modified":"2026-01-14T12:31:49","modified_gmt":"2026-01-14T12:31:49","slug":"eau-bacteriostatique","status":"publish","type":"product","link":"https:\/\/asteralabs.org\/fr\/product\/eau-bacteriostatique\/","title":{"rendered":"Eau bact\u00e9riostatique"},"content":{"rendered":"<p><strong>POSOLOGIE : <\/strong><br \/>\nEau bact\u00e9riostatique 10 ml <strong>CONTENU DE L&#8217;EMBALLAGE <\/strong>:<br \/>\n1 flacon de 10ML <strong>QU&#8217;EST-CE QUE C&#8217;EST : <\/strong><br \/>\nest une solution st\u00e9rile con\u00e7ue uniquement pour \u00eatre utilis\u00e9e avec des m\u00e9dicaments qui n\u00e9cessitent une dilution ou qui doivent \u00eatre dissous dans un v\u00e9hicule aqueux avant d&#8217;\u00eatre inject\u00e9s. WATERMED (Bacteriostatic Water For Injections) est une eau hautement purifi\u00e9e et st\u00e9rilis\u00e9e contenant 0,9 % d&#8217;alcool benzylique qui est utilis\u00e9e pour diluer ou dissoudre les m\u00e9dicaments jusqu&#8217;\u00e0 ce qu&#8217;ils aient la consistance appropri\u00e9e pour l&#8217;injection. L&#8217;eau bact\u00e9riostatique (BW) a un pH d&#8217;environ 5,7. <strong>MODE D&#8217;EMPLOI : <\/strong>1<br \/>\nL&#8217;eau bact\u00e9riostatique est utilis\u00e9e pour diluer ou dissoudre les m\u00e9dicaments \u00e0 injecter au patient, conform\u00e9ment aux instructions du fabricant du m\u00e9dicament \u00e0 administrer.<br \/>\nElle diff\u00e8re de l&#8217;eau st\u00e9rilis\u00e9e, qui est filtr\u00e9e et purifi\u00e9e mais ne contient pas d&#8217;additifs et n&#8217;est g\u00e9n\u00e9ralement disponible que pour un usage unique. <strong>INFORMATIONS SUR LES LOTS :<br \/>\n<\/strong>Num\u00e9ro de lot : FK57911<br \/>\nDate de fabrication : 10.2025.<br \/>\nDate d&#8217;expiration : 10.2028.<\/p>\n","protected":false},"excerpt":{"rendered":"<p>POSOLOGIE : Eau bact\u00e9riostatique 10 ml CONTENU DE L&#8217;EMBALLAGE : 1 flacon de 10ML QU&#8217;EST-CE QUE C&#8217;EST : est une solution st\u00e9rile con\u00e7ue uniquement pour \u00eatre utilis\u00e9e avec des m\u00e9dicaments qui n\u00e9cessitent une dilution ou qui doivent \u00eatre dissous dans un v\u00e9hicule aqueux avant d&#8217;\u00eatre inject\u00e9s. WATERMED (Bacteriostatic Water For Injections) est une eau hautement&hellip;<\/p>\n","protected":false},"featured_media":75153,"comment_status":"open","ping_status":"closed","template":"","meta":[],"product_cat":[161,160],"product_tag":[],"yoast_head":"<!-- This site is optimized with the Yoast SEO plugin v23.0 - https:\/\/yoast.com\/wordpress\/plugins\/seo\/ -->\n<title>Eau bact\u00e9riostatique - Astera Labs<\/title>\n<meta name=\"robots\" content=\"index, follow, max-snippet:-1, max-image-preview:large, max-video-preview:-1\" \/>\n<link rel=\"canonical\" href=\"https:\/\/asteralabs.org\/fr\/product\/eau-bacteriostatique\/\" \/>\n<meta property=\"og:locale\" content=\"fr_FR\" \/>\n<meta property=\"og:type\" content=\"article\" \/>\n<meta property=\"og:title\" content=\"Eau bact\u00e9riostatique - Astera Labs\" \/>\n<meta property=\"og:description\" content=\"POSOLOGIE : Eau bact\u00e9riostatique 10 ml CONTENU DE L&#8217;EMBALLAGE : 1 flacon de 10ML QU&#8217;EST-CE QUE C&#8217;EST : est une solution st\u00e9rile con\u00e7ue uniquement pour \u00eatre utilis\u00e9e avec des m\u00e9dicaments qui n\u00e9cessitent une dilution ou qui doivent \u00eatre dissous dans un v\u00e9hicule aqueux avant d&#8217;\u00eatre inject\u00e9s. WATERMED (Bacteriostatic Water For Injections) est une eau hautement&hellip;\" \/>\n<meta property=\"og:url\" content=\"https:\/\/asteralabs.org\/fr\/product\/eau-bacteriostatique\/\" \/>\n<meta property=\"og:site_name\" content=\"Astera Labs\" \/>\n<meta property=\"article:modified_time\" content=\"2026-01-14T12:31:49+00:00\" \/>\n<meta property=\"og:image\" content=\"https:\/\/asteralabs.org\/wp-content\/uploads\/2022\/11\/35.png\" \/>\n\t<meta property=\"og:image:width\" content=\"2000\" \/>\n\t<meta property=\"og:image:height\" content=\"2000\" \/>\n\t<meta property=\"og:image:type\" content=\"image\/png\" \/>\n<meta name=\"twitter:card\" content=\"summary_large_image\" \/>\n<script type=\"application\/ld+json\" class=\"yoast-schema-graph\">{\"@context\":\"https:\/\/schema.org\",\"@graph\":[{\"@type\":\"WebPage\",\"@id\":\"https:\/\/asteralabs.org\/fr\/product\/eau-bacteriostatique\/\",\"url\":\"https:\/\/asteralabs.org\/fr\/product\/eau-bacteriostatique\/\",\"name\":\"Eau bact\u00e9riostatique - Astera Labs\",\"isPartOf\":{\"@id\":\"https:\/\/asteralabs.org\/fr\/#website\"},\"primaryImageOfPage\":{\"@id\":\"https:\/\/asteralabs.org\/fr\/product\/eau-bacteriostatique\/#primaryimage\"},\"image\":{\"@id\":\"https:\/\/asteralabs.org\/fr\/product\/eau-bacteriostatique\/#primaryimage\"},\"thumbnailUrl\":\"https:\/\/asteralabs.org\/wp-content\/uploads\/2022\/11\/35.png\",\"datePublished\":\"2022-11-05T23:01:30+00:00\",\"dateModified\":\"2026-01-14T12:31:49+00:00\",\"breadcrumb\":{\"@id\":\"https:\/\/asteralabs.org\/fr\/product\/eau-bacteriostatique\/#breadcrumb\"},\"inLanguage\":\"fr-FR\",\"potentialAction\":[{\"@type\":\"ReadAction\",\"target\":[\"https:\/\/asteralabs.org\/fr\/product\/eau-bacteriostatique\/\"]}]},{\"@type\":\"ImageObject\",\"inLanguage\":\"fr-FR\",\"@id\":\"https:\/\/asteralabs.org\/fr\/product\/eau-bacteriostatique\/#primaryimage\",\"url\":\"https:\/\/asteralabs.org\/wp-content\/uploads\/2022\/11\/35.png\",\"contentUrl\":\"https:\/\/asteralabs.org\/wp-content\/uploads\/2022\/11\/35.png\",\"width\":2000,\"height\":2000},{\"@type\":\"BreadcrumbList\",\"@id\":\"https:\/\/asteralabs.org\/fr\/product\/eau-bacteriostatique\/#breadcrumb\",\"itemListElement\":[{\"@type\":\"ListItem\",\"position\":1,\"name\":\"Home\",\"item\":\"https:\/\/asteralabs.org\/fr\/\"},{\"@type\":\"ListItem\",\"position\":2,\"name\":\"Boutique\",\"item\":\"https:\/\/asteralabs.org\/boutique\/\"},{\"@type\":\"ListItem\",\"position\":3,\"name\":\"Eau bact\u00e9riostatique\"}]},{\"@type\":\"WebSite\",\"@id\":\"https:\/\/asteralabs.org\/fr\/#website\",\"url\":\"https:\/\/asteralabs.org\/fr\/\",\"name\":\"Astera Labs\",\"description\":\"Improve Your Quality Of Life\",\"publisher\":{\"@id\":\"https:\/\/asteralabs.org\/fr\/#organization\"},\"potentialAction\":[{\"@type\":\"SearchAction\",\"target\":{\"@type\":\"EntryPoint\",\"urlTemplate\":\"https:\/\/asteralabs.org\/fr\/?s={search_term_string}\"},\"query-input\":\"required name=search_term_string\"}],\"inLanguage\":\"fr-FR\"},{\"@type\":\"Organization\",\"@id\":\"https:\/\/asteralabs.org\/fr\/#organization\",\"name\":\"Astera Labs\",\"url\":\"https:\/\/asteralabs.org\/fr\/\",\"logo\":{\"@type\":\"ImageObject\",\"inLanguage\":\"fr-FR\",\"@id\":\"https:\/\/asteralabs.org\/fr\/#\/schema\/logo\/image\/\",\"url\":\"https:\/\/asteralabs.org\/wp-content\/uploads\/2022\/12\/astera-2.png\",\"contentUrl\":\"https:\/\/asteralabs.org\/wp-content\/uploads\/2022\/12\/astera-2.png\",\"width\":437,\"height\":111,\"caption\":\"Astera Labs\"},\"image\":{\"@id\":\"https:\/\/asteralabs.org\/fr\/#\/schema\/logo\/image\/\"}}]}<\/script>\n<!-- \/ Yoast SEO plugin. -->","yoast_head_json":{"title":"Eau bact\u00e9riostatique - Astera Labs","robots":{"index":"index","follow":"follow","max-snippet":"max-snippet:-1","max-image-preview":"max-image-preview:large","max-video-preview":"max-video-preview:-1"},"canonical":"https:\/\/asteralabs.org\/fr\/product\/eau-bacteriostatique\/","og_locale":"fr_FR","og_type":"article","og_title":"Eau bact\u00e9riostatique - Astera Labs","og_description":"POSOLOGIE : Eau bact\u00e9riostatique 10 ml CONTENU DE L&#8217;EMBALLAGE : 1 flacon de 10ML QU&#8217;EST-CE QUE C&#8217;EST : est une solution st\u00e9rile con\u00e7ue uniquement pour \u00eatre utilis\u00e9e avec des m\u00e9dicaments qui n\u00e9cessitent une dilution ou qui doivent \u00eatre dissous dans un v\u00e9hicule aqueux avant d&#8217;\u00eatre inject\u00e9s. WATERMED (Bacteriostatic Water For Injections) est une eau hautement&hellip;","og_url":"https:\/\/asteralabs.org\/fr\/product\/eau-bacteriostatique\/","og_site_name":"Astera Labs","article_modified_time":"2026-01-14T12:31:49+00:00","og_image":[{"width":2000,"height":2000,"url":"https:\/\/asteralabs.org\/wp-content\/uploads\/2022\/11\/35.png","type":"image\/png"}],"twitter_card":"summary_large_image","schema":{"@context":"https:\/\/schema.org","@graph":[{"@type":"WebPage","@id":"https:\/\/asteralabs.org\/fr\/product\/eau-bacteriostatique\/","url":"https:\/\/asteralabs.org\/fr\/product\/eau-bacteriostatique\/","name":"Eau bact\u00e9riostatique - Astera Labs","isPartOf":{"@id":"https:\/\/asteralabs.org\/fr\/#website"},"primaryImageOfPage":{"@id":"https:\/\/asteralabs.org\/fr\/product\/eau-bacteriostatique\/#primaryimage"},"image":{"@id":"https:\/\/asteralabs.org\/fr\/product\/eau-bacteriostatique\/#primaryimage"},"thumbnailUrl":"https:\/\/asteralabs.org\/wp-content\/uploads\/2022\/11\/35.png","datePublished":"2022-11-05T23:01:30+00:00","dateModified":"2026-01-14T12:31:49+00:00","breadcrumb":{"@id":"https:\/\/asteralabs.org\/fr\/product\/eau-bacteriostatique\/#breadcrumb"},"inLanguage":"fr-FR","potentialAction":[{"@type":"ReadAction","target":["https:\/\/asteralabs.org\/fr\/product\/eau-bacteriostatique\/"]}]},{"@type":"ImageObject","inLanguage":"fr-FR","@id":"https:\/\/asteralabs.org\/fr\/product\/eau-bacteriostatique\/#primaryimage","url":"https:\/\/asteralabs.org\/wp-content\/uploads\/2022\/11\/35.png","contentUrl":"https:\/\/asteralabs.org\/wp-content\/uploads\/2022\/11\/35.png","width":2000,"height":2000},{"@type":"BreadcrumbList","@id":"https:\/\/asteralabs.org\/fr\/product\/eau-bacteriostatique\/#breadcrumb","itemListElement":[{"@type":"ListItem","position":1,"name":"Home","item":"https:\/\/asteralabs.org\/fr\/"},{"@type":"ListItem","position":2,"name":"Boutique","item":"https:\/\/asteralabs.org\/boutique\/"},{"@type":"ListItem","position":3,"name":"Eau bact\u00e9riostatique"}]},{"@type":"WebSite","@id":"https:\/\/asteralabs.org\/fr\/#website","url":"https:\/\/asteralabs.org\/fr\/","name":"Astera Labs","description":"Improve Your Quality Of Life","publisher":{"@id":"https:\/\/asteralabs.org\/fr\/#organization"},"potentialAction":[{"@type":"SearchAction","target":{"@type":"EntryPoint","urlTemplate":"https:\/\/asteralabs.org\/fr\/?s={search_term_string}"},"query-input":"required name=search_term_string"}],"inLanguage":"fr-FR"},{"@type":"Organization","@id":"https:\/\/asteralabs.org\/fr\/#organization","name":"Astera Labs","url":"https:\/\/asteralabs.org\/fr\/","logo":{"@type":"ImageObject","inLanguage":"fr-FR","@id":"https:\/\/asteralabs.org\/fr\/#\/schema\/logo\/image\/","url":"https:\/\/asteralabs.org\/wp-content\/uploads\/2022\/12\/astera-2.png","contentUrl":"https:\/\/asteralabs.org\/wp-content\/uploads\/2022\/12\/astera-2.png","width":437,"height":111,"caption":"Astera Labs"},"image":{"@id":"https:\/\/asteralabs.org\/fr\/#\/schema\/logo\/image\/"}}]}},"_links":{"self":[{"href":"https:\/\/asteralabs.org\/fr\/wp-json\/wp\/v2\/product\/77851"}],"collection":[{"href":"https:\/\/asteralabs.org\/fr\/wp-json\/wp\/v2\/product"}],"about":[{"href":"https:\/\/asteralabs.org\/fr\/wp-json\/wp\/v2\/types\/product"}],"replies":[{"embeddable":true,"href":"https:\/\/asteralabs.org\/fr\/wp-json\/wp\/v2\/comments?post=77851"}],"version-history":[{"count":1,"href":"https:\/\/asteralabs.org\/fr\/wp-json\/wp\/v2\/product\/77851\/revisions"}],"predecessor-version":[{"id":79143,"href":"https:\/\/asteralabs.org\/fr\/wp-json\/wp\/v2\/product\/77851\/revisions\/79143"}],"wp:featuredmedia":[{"embeddable":true,"href":"https:\/\/asteralabs.org\/fr\/wp-json\/wp\/v2\/media\/75153"}],"wp:attachment":[{"href":"https:\/\/asteralabs.org\/fr\/wp-json\/wp\/v2\/media?parent=77851"}],"wp:term":[{"taxonomy":"product_cat","embeddable":true,"href":"https:\/\/asteralabs.org\/fr\/wp-json\/wp\/v2\/product_cat?post=77851"},{"taxonomy":"product_tag","embeddable":true,"href":"https:\/\/asteralabs.org\/fr\/wp-json\/wp\/v2\/product_tag?post=77851"}],"curies":[{"name":"wp","href":"https:\/\/api.w.org\/{rel}","templated":true}]}}