{"id":77864,"date":"2022-11-05T22:55:48","date_gmt":"2022-11-05T22:55:48","guid":{"rendered":"https:\/\/asteralabs.org\/product\/enanthate-de-methenolone-200\/"},"modified":"2026-01-15T09:40:14","modified_gmt":"2026-01-15T09:40:14","slug":"enanthate-de-methenolone-200","status":"publish","type":"product","link":"https:\/\/asteralabs.org\/fr\/product\/enanthate-de-methenolone-200\/","title":{"rendered":"Enanthate de m\u00e9th\u00e9nolone 200"},"content":{"rendered":"<p><strong>POSOLOGIE :<\/strong><br \/>\nMethenolone Enanthate 200mg\/ml <strong>CONTENU DU PAQUET :<\/strong><br \/>\n1 x 10ML vial, 200 mg par ml <strong>QU&#8217;EST-CE QUE C&#8217;EST :<\/strong><br \/>\nMethenolone Enanthate est l&#8217;un des st\u00e9ro\u00efdes les plus connus et les plus utilis\u00e9s sur le march\u00e9, en partie en raison de son absence d&#8217;effets secondaires. C&#8217;est un st\u00e9ro\u00efde utile aussi bien en volume que pendant une phase de coupe, car comme il n&#8217;a pas d&#8217;effets secondaires, il peut \u00eatre ajout\u00e9 \u00e0 n&#8217;importe quel cycle pour en am\u00e9liorer la puissance. <strong>MODE<\/strong> D <strong>&#8216;EMPLOI :<\/strong><br \/>\nLes doses qui peuvent \u00eatre utilis\u00e9es sans risque ou avec des effets secondaires l\u00e9gers sont tr\u00e8s \u00e9lev\u00e9es, et il est g\u00e9n\u00e9ralement utilis\u00e9 \u00e0 partir de 400 mg par semaine jusqu&#8217;\u00e0 ce que votre poche puisse le permettre. Les cycles sont g\u00e9n\u00e9ralement longs, de 14 \u00e0 20 semaines. Je recommande les injections EOD ou E3D. <strong>INFORMATIONS SUR LES LOTS :<br \/>\n<\/strong>Num\u00e9ro de lot : <span data-sheets-root=\"1\" data-sheets-value=\"{\" data-sheets-userformat=\"{\">IF90310<\/span><br \/>\nDate de fabrication : <span data-sheets-root=\"1\" data-sheets-value=\"{\" data-sheets-userformat=\"{\">10.2025.<\/span><br \/>\nDate d&#8217;expiration : <span data-sheets-root=\"1\" data-sheets-value=\"{\" data-sheets-userformat=\"{\">10.2028.<\/span><\/p>\n","protected":false},"excerpt":{"rendered":"<p>POSOLOGIE : Methenolone Enanthate 200mg\/ml CONTENU DU PAQUET : 1 x 10ML vial, 200 mg par ml QU&#8217;EST-CE QUE C&#8217;EST : Methenolone Enanthate est l&#8217;un des st\u00e9ro\u00efdes les plus connus et les plus utilis\u00e9s sur le march\u00e9, en partie en raison de son absence d&#8217;effets secondaires. C&#8217;est un st\u00e9ro\u00efde utile aussi bien en volume que&hellip;<\/p>\n","protected":false},"featured_media":75137,"comment_status":"open","ping_status":"closed","template":"","meta":[],"product_cat":[161,160],"product_tag":[],"yoast_head":"<!-- This site is optimized with the Yoast SEO plugin v23.0 - https:\/\/yoast.com\/wordpress\/plugins\/seo\/ -->\n<title>Enanthate de m\u00e9th\u00e9nolone 200 - Astera Labs<\/title>\n<meta name=\"robots\" content=\"index, follow, max-snippet:-1, max-image-preview:large, max-video-preview:-1\" \/>\n<link rel=\"canonical\" href=\"https:\/\/asteralabs.org\/fr\/product\/enanthate-de-methenolone-200\/\" \/>\n<meta property=\"og:locale\" content=\"fr_FR\" \/>\n<meta property=\"og:type\" content=\"article\" \/>\n<meta property=\"og:title\" content=\"Enanthate de m\u00e9th\u00e9nolone 200 - Astera Labs\" \/>\n<meta property=\"og:description\" content=\"POSOLOGIE : Methenolone Enanthate 200mg\/ml CONTENU DU PAQUET : 1 x 10ML vial, 200 mg par ml QU&#8217;EST-CE QUE C&#8217;EST : Methenolone Enanthate est l&#8217;un des st\u00e9ro\u00efdes les plus connus et les plus utilis\u00e9s sur le march\u00e9, en partie en raison de son absence d&#8217;effets secondaires. C&#8217;est un st\u00e9ro\u00efde utile aussi bien en volume que&hellip;\" \/>\n<meta property=\"og:url\" content=\"https:\/\/asteralabs.org\/fr\/product\/enanthate-de-methenolone-200\/\" \/>\n<meta property=\"og:site_name\" content=\"Astera Labs\" \/>\n<meta property=\"article:modified_time\" content=\"2026-01-15T09:40:14+00:00\" \/>\n<meta property=\"og:image\" content=\"https:\/\/asteralabs.org\/wp-content\/uploads\/2022\/11\/22.png\" \/>\n\t<meta property=\"og:image:width\" content=\"2000\" \/>\n\t<meta property=\"og:image:height\" content=\"2000\" \/>\n\t<meta property=\"og:image:type\" content=\"image\/png\" \/>\n<meta name=\"twitter:card\" content=\"summary_large_image\" \/>\n<script type=\"application\/ld+json\" class=\"yoast-schema-graph\">{\"@context\":\"https:\/\/schema.org\",\"@graph\":[{\"@type\":\"WebPage\",\"@id\":\"https:\/\/asteralabs.org\/fr\/product\/enanthate-de-methenolone-200\/\",\"url\":\"https:\/\/asteralabs.org\/fr\/product\/enanthate-de-methenolone-200\/\",\"name\":\"Enanthate de m\u00e9th\u00e9nolone 200 - Astera Labs\",\"isPartOf\":{\"@id\":\"https:\/\/asteralabs.org\/fr\/#website\"},\"primaryImageOfPage\":{\"@id\":\"https:\/\/asteralabs.org\/fr\/product\/enanthate-de-methenolone-200\/#primaryimage\"},\"image\":{\"@id\":\"https:\/\/asteralabs.org\/fr\/product\/enanthate-de-methenolone-200\/#primaryimage\"},\"thumbnailUrl\":\"https:\/\/asteralabs.org\/wp-content\/uploads\/2022\/11\/22.png\",\"datePublished\":\"2022-11-05T22:55:48+00:00\",\"dateModified\":\"2026-01-15T09:40:14+00:00\",\"breadcrumb\":{\"@id\":\"https:\/\/asteralabs.org\/fr\/product\/enanthate-de-methenolone-200\/#breadcrumb\"},\"inLanguage\":\"fr-FR\",\"potentialAction\":[{\"@type\":\"ReadAction\",\"target\":[\"https:\/\/asteralabs.org\/fr\/product\/enanthate-de-methenolone-200\/\"]}]},{\"@type\":\"ImageObject\",\"inLanguage\":\"fr-FR\",\"@id\":\"https:\/\/asteralabs.org\/fr\/product\/enanthate-de-methenolone-200\/#primaryimage\",\"url\":\"https:\/\/asteralabs.org\/wp-content\/uploads\/2022\/11\/22.png\",\"contentUrl\":\"https:\/\/asteralabs.org\/wp-content\/uploads\/2022\/11\/22.png\",\"width\":2000,\"height\":2000},{\"@type\":\"BreadcrumbList\",\"@id\":\"https:\/\/asteralabs.org\/fr\/product\/enanthate-de-methenolone-200\/#breadcrumb\",\"itemListElement\":[{\"@type\":\"ListItem\",\"position\":1,\"name\":\"Home\",\"item\":\"https:\/\/asteralabs.org\/fr\/\"},{\"@type\":\"ListItem\",\"position\":2,\"name\":\"Boutique\",\"item\":\"https:\/\/asteralabs.org\/boutique\/\"},{\"@type\":\"ListItem\",\"position\":3,\"name\":\"Enanthate de m\u00e9th\u00e9nolone 200\"}]},{\"@type\":\"WebSite\",\"@id\":\"https:\/\/asteralabs.org\/fr\/#website\",\"url\":\"https:\/\/asteralabs.org\/fr\/\",\"name\":\"Astera Labs\",\"description\":\"Improve Your Quality Of Life\",\"publisher\":{\"@id\":\"https:\/\/asteralabs.org\/fr\/#organization\"},\"potentialAction\":[{\"@type\":\"SearchAction\",\"target\":{\"@type\":\"EntryPoint\",\"urlTemplate\":\"https:\/\/asteralabs.org\/fr\/?s={search_term_string}\"},\"query-input\":\"required name=search_term_string\"}],\"inLanguage\":\"fr-FR\"},{\"@type\":\"Organization\",\"@id\":\"https:\/\/asteralabs.org\/fr\/#organization\",\"name\":\"Astera Labs\",\"url\":\"https:\/\/asteralabs.org\/fr\/\",\"logo\":{\"@type\":\"ImageObject\",\"inLanguage\":\"fr-FR\",\"@id\":\"https:\/\/asteralabs.org\/fr\/#\/schema\/logo\/image\/\",\"url\":\"https:\/\/asteralabs.org\/wp-content\/uploads\/2022\/12\/astera-2.png\",\"contentUrl\":\"https:\/\/asteralabs.org\/wp-content\/uploads\/2022\/12\/astera-2.png\",\"width\":437,\"height\":111,\"caption\":\"Astera Labs\"},\"image\":{\"@id\":\"https:\/\/asteralabs.org\/fr\/#\/schema\/logo\/image\/\"}}]}<\/script>\n<!-- \/ Yoast SEO plugin. -->","yoast_head_json":{"title":"Enanthate de m\u00e9th\u00e9nolone 200 - Astera Labs","robots":{"index":"index","follow":"follow","max-snippet":"max-snippet:-1","max-image-preview":"max-image-preview:large","max-video-preview":"max-video-preview:-1"},"canonical":"https:\/\/asteralabs.org\/fr\/product\/enanthate-de-methenolone-200\/","og_locale":"fr_FR","og_type":"article","og_title":"Enanthate de m\u00e9th\u00e9nolone 200 - Astera Labs","og_description":"POSOLOGIE : Methenolone Enanthate 200mg\/ml CONTENU DU PAQUET : 1 x 10ML vial, 200 mg par ml QU&#8217;EST-CE QUE C&#8217;EST : Methenolone Enanthate est l&#8217;un des st\u00e9ro\u00efdes les plus connus et les plus utilis\u00e9s sur le march\u00e9, en partie en raison de son absence d&#8217;effets secondaires. C&#8217;est un st\u00e9ro\u00efde utile aussi bien en volume que&hellip;","og_url":"https:\/\/asteralabs.org\/fr\/product\/enanthate-de-methenolone-200\/","og_site_name":"Astera Labs","article_modified_time":"2026-01-15T09:40:14+00:00","og_image":[{"width":2000,"height":2000,"url":"https:\/\/asteralabs.org\/wp-content\/uploads\/2022\/11\/22.png","type":"image\/png"}],"twitter_card":"summary_large_image","schema":{"@context":"https:\/\/schema.org","@graph":[{"@type":"WebPage","@id":"https:\/\/asteralabs.org\/fr\/product\/enanthate-de-methenolone-200\/","url":"https:\/\/asteralabs.org\/fr\/product\/enanthate-de-methenolone-200\/","name":"Enanthate de m\u00e9th\u00e9nolone 200 - Astera Labs","isPartOf":{"@id":"https:\/\/asteralabs.org\/fr\/#website"},"primaryImageOfPage":{"@id":"https:\/\/asteralabs.org\/fr\/product\/enanthate-de-methenolone-200\/#primaryimage"},"image":{"@id":"https:\/\/asteralabs.org\/fr\/product\/enanthate-de-methenolone-200\/#primaryimage"},"thumbnailUrl":"https:\/\/asteralabs.org\/wp-content\/uploads\/2022\/11\/22.png","datePublished":"2022-11-05T22:55:48+00:00","dateModified":"2026-01-15T09:40:14+00:00","breadcrumb":{"@id":"https:\/\/asteralabs.org\/fr\/product\/enanthate-de-methenolone-200\/#breadcrumb"},"inLanguage":"fr-FR","potentialAction":[{"@type":"ReadAction","target":["https:\/\/asteralabs.org\/fr\/product\/enanthate-de-methenolone-200\/"]}]},{"@type":"ImageObject","inLanguage":"fr-FR","@id":"https:\/\/asteralabs.org\/fr\/product\/enanthate-de-methenolone-200\/#primaryimage","url":"https:\/\/asteralabs.org\/wp-content\/uploads\/2022\/11\/22.png","contentUrl":"https:\/\/asteralabs.org\/wp-content\/uploads\/2022\/11\/22.png","width":2000,"height":2000},{"@type":"BreadcrumbList","@id":"https:\/\/asteralabs.org\/fr\/product\/enanthate-de-methenolone-200\/#breadcrumb","itemListElement":[{"@type":"ListItem","position":1,"name":"Home","item":"https:\/\/asteralabs.org\/fr\/"},{"@type":"ListItem","position":2,"name":"Boutique","item":"https:\/\/asteralabs.org\/boutique\/"},{"@type":"ListItem","position":3,"name":"Enanthate de m\u00e9th\u00e9nolone 200"}]},{"@type":"WebSite","@id":"https:\/\/asteralabs.org\/fr\/#website","url":"https:\/\/asteralabs.org\/fr\/","name":"Astera Labs","description":"Improve Your Quality Of Life","publisher":{"@id":"https:\/\/asteralabs.org\/fr\/#organization"},"potentialAction":[{"@type":"SearchAction","target":{"@type":"EntryPoint","urlTemplate":"https:\/\/asteralabs.org\/fr\/?s={search_term_string}"},"query-input":"required name=search_term_string"}],"inLanguage":"fr-FR"},{"@type":"Organization","@id":"https:\/\/asteralabs.org\/fr\/#organization","name":"Astera Labs","url":"https:\/\/asteralabs.org\/fr\/","logo":{"@type":"ImageObject","inLanguage":"fr-FR","@id":"https:\/\/asteralabs.org\/fr\/#\/schema\/logo\/image\/","url":"https:\/\/asteralabs.org\/wp-content\/uploads\/2022\/12\/astera-2.png","contentUrl":"https:\/\/asteralabs.org\/wp-content\/uploads\/2022\/12\/astera-2.png","width":437,"height":111,"caption":"Astera Labs"},"image":{"@id":"https:\/\/asteralabs.org\/fr\/#\/schema\/logo\/image\/"}}]}},"_links":{"self":[{"href":"https:\/\/asteralabs.org\/fr\/wp-json\/wp\/v2\/product\/77864"}],"collection":[{"href":"https:\/\/asteralabs.org\/fr\/wp-json\/wp\/v2\/product"}],"about":[{"href":"https:\/\/asteralabs.org\/fr\/wp-json\/wp\/v2\/types\/product"}],"replies":[{"embeddable":true,"href":"https:\/\/asteralabs.org\/fr\/wp-json\/wp\/v2\/comments?post=77864"}],"version-history":[{"count":0,"href":"https:\/\/asteralabs.org\/fr\/wp-json\/wp\/v2\/product\/77864\/revisions"}],"wp:featuredmedia":[{"embeddable":true,"href":"https:\/\/asteralabs.org\/fr\/wp-json\/wp\/v2\/media\/75137"}],"wp:attachment":[{"href":"https:\/\/asteralabs.org\/fr\/wp-json\/wp\/v2\/media?parent=77864"}],"wp:term":[{"taxonomy":"product_cat","embeddable":true,"href":"https:\/\/asteralabs.org\/fr\/wp-json\/wp\/v2\/product_cat?post=77864"},{"taxonomy":"product_tag","embeddable":true,"href":"https:\/\/asteralabs.org\/fr\/wp-json\/wp\/v2\/product_tag?post=77864"}],"curies":[{"name":"wp","href":"https:\/\/api.w.org\/{rel}","templated":true}]}}