{"id":77869,"date":"2022-11-05T22:53:52","date_gmt":"2022-11-05T22:53:52","guid":{"rendered":"https:\/\/asteralabs.org\/product\/l-carnitine\/"},"modified":"2026-01-15T09:12:42","modified_gmt":"2026-01-15T09:12:42","slug":"l-carnitine","status":"publish","type":"product","link":"https:\/\/asteralabs.org\/fr\/product\/l-carnitine\/","title":{"rendered":"L-Carnitine"},"content":{"rendered":"<p><strong>POSOLOGIE :<\/strong><br \/>\nL-Carnitine 500 mg\/ml<\/p>\n<p><strong>CONTENU DU LOT :<\/strong><br \/>\n1 flacon de 10ML, 500 mg par ml<\/p>\n<p><strong>QU&#8217;EST-CE QUE C&#8217;EST :<\/strong><br \/>\nLa carnitine est un acide amin\u00e9 dont la fonction est de transporter les acides gras dans les mitochondries. La carnitine est utile pour am\u00e9liorer et optimiser la combustion des graisses, am\u00e9liorer la r\u00e9cup\u00e9ration et augmenter les niveaux de force explosive. Comme les niveaux de carnitine peuvent \u00eatre fortement r\u00e9duits lors d&#8217;une simple s\u00e9ance d&#8217;entra\u00eenement, son administration exog\u00e8ne est recommand\u00e9e et, sur la base des essais cliniques disponibles, il est recommand\u00e9 de l&#8217;administrer dans un \u00e9tat d&#8217;hyperinsulin\u00e9mie pour en am\u00e9liorer l&#8217;absorption.<\/p>\n<p><strong>MODE<\/strong> D <strong>&#8216;EMPLOI :<\/strong><br \/>\n<span style=\"font-weight: 400;\">Elle peut \u00eatre administr\u00e9e aussi bien par voie intramusculaire (IM) que par voie sous-cutan\u00e9e (Subq), la dose minimale est de 400 mg par jour, <\/span><span style=\"font-weight: 400;\">ce qui est largement suffisant pour un usage quotidien<\/span><span style=\"font-weight: 400;\">, \u00e0 condition de maintenir un rythme d\u2019injection constant. Cette administration de L-carnitine doit \u00eatre accompagn\u00e9e d\u2019un \u00e9tat d\u2019hyperinsulin\u00e9mie, que <\/span><span style=\"font-weight: 400;\">vous pouvez<\/span><span style=\"font-weight: 400;\"> obtenir en administrant une grande quantit\u00e9 d\u2019hydrates de carbone simples, environ 90 grammes. <\/span><span style=\"font-weight: 400;\">Vous pouvez<\/span><span style=\"font-weight: 400;\"> aussi y parvenir simplement en injectant de l\u2019insuline, en utilisant exactement 7 \u00e0 10 UI d\u2019insuline ultra-rapide par voie sous-cutan\u00e9e.<\/span><\/p>\n<p><strong>INFORMATIONS SUR LES LOTS :<br \/>\n<\/strong>Num\u00e9ro de lot : <span data-sheets-root=\"1\" data-sheets-value=\"{\" data-sheets-userformat=\"{\">LU71048<\/span><br \/>\nDate de fabrication : 10<span data-sheets-root=\"1\" data-sheets-value=\"{\" data-sheets-userformat=\"{\">.2025.<\/span><br \/>\nDate d&#8217;expiration : 10<span data-sheets-root=\"1\" data-sheets-value=\"{\" data-sheets-userformat=\"{\">.2028.<\/span><\/p>\n","protected":false},"excerpt":{"rendered":"<p>POSOLOGIE : L-Carnitine 500 mg\/ml CONTENU DU LOT : 1 flacon de 10ML, 500 mg par ml QU&#8217;EST-CE QUE C&#8217;EST : La carnitine est un acide amin\u00e9 dont la fonction est de transporter les acides gras dans les mitochondries. La carnitine est utile pour am\u00e9liorer et optimiser la combustion des graisses, am\u00e9liorer la r\u00e9cup\u00e9ration et&hellip;<\/p>\n","protected":false},"featured_media":75129,"comment_status":"open","ping_status":"closed","template":"","meta":[],"product_cat":[161,183],"product_tag":[],"yoast_head":"<!-- This site is optimized with the Yoast SEO plugin v23.0 - https:\/\/yoast.com\/wordpress\/plugins\/seo\/ -->\n<title>L-Carnitine - Astera Labs<\/title>\n<meta name=\"robots\" content=\"index, follow, max-snippet:-1, max-image-preview:large, max-video-preview:-1\" \/>\n<link rel=\"canonical\" href=\"https:\/\/asteralabs.org\/fr\/product\/l-carnitine\/\" \/>\n<meta property=\"og:locale\" content=\"fr_FR\" \/>\n<meta property=\"og:type\" content=\"article\" \/>\n<meta property=\"og:title\" content=\"L-Carnitine - Astera Labs\" \/>\n<meta property=\"og:description\" content=\"POSOLOGIE : L-Carnitine 500 mg\/ml CONTENU DU LOT : 1 flacon de 10ML, 500 mg par ml QU&#8217;EST-CE QUE C&#8217;EST : La carnitine est un acide amin\u00e9 dont la fonction est de transporter les acides gras dans les mitochondries. La carnitine est utile pour am\u00e9liorer et optimiser la combustion des graisses, am\u00e9liorer la r\u00e9cup\u00e9ration et&hellip;\" \/>\n<meta property=\"og:url\" content=\"https:\/\/asteralabs.org\/fr\/product\/l-carnitine\/\" \/>\n<meta property=\"og:site_name\" content=\"Astera Labs\" \/>\n<meta property=\"article:modified_time\" content=\"2026-01-15T09:12:42+00:00\" \/>\n<meta property=\"og:image\" content=\"https:\/\/asteralabs.org\/wp-content\/uploads\/2022\/11\/25.png\" \/>\n\t<meta property=\"og:image:width\" content=\"2000\" \/>\n\t<meta property=\"og:image:height\" content=\"2000\" \/>\n\t<meta property=\"og:image:type\" content=\"image\/png\" \/>\n<meta name=\"twitter:card\" content=\"summary_large_image\" \/>\n<script type=\"application\/ld+json\" class=\"yoast-schema-graph\">{\"@context\":\"https:\/\/schema.org\",\"@graph\":[{\"@type\":\"WebPage\",\"@id\":\"https:\/\/asteralabs.org\/fr\/product\/l-carnitine\/\",\"url\":\"https:\/\/asteralabs.org\/fr\/product\/l-carnitine\/\",\"name\":\"L-Carnitine - Astera Labs\",\"isPartOf\":{\"@id\":\"https:\/\/asteralabs.org\/fr\/#website\"},\"primaryImageOfPage\":{\"@id\":\"https:\/\/asteralabs.org\/fr\/product\/l-carnitine\/#primaryimage\"},\"image\":{\"@id\":\"https:\/\/asteralabs.org\/fr\/product\/l-carnitine\/#primaryimage\"},\"thumbnailUrl\":\"https:\/\/asteralabs.org\/wp-content\/uploads\/2022\/11\/25.png\",\"datePublished\":\"2022-11-05T22:53:52+00:00\",\"dateModified\":\"2026-01-15T09:12:42+00:00\",\"breadcrumb\":{\"@id\":\"https:\/\/asteralabs.org\/fr\/product\/l-carnitine\/#breadcrumb\"},\"inLanguage\":\"fr-FR\",\"potentialAction\":[{\"@type\":\"ReadAction\",\"target\":[\"https:\/\/asteralabs.org\/fr\/product\/l-carnitine\/\"]}]},{\"@type\":\"ImageObject\",\"inLanguage\":\"fr-FR\",\"@id\":\"https:\/\/asteralabs.org\/fr\/product\/l-carnitine\/#primaryimage\",\"url\":\"https:\/\/asteralabs.org\/wp-content\/uploads\/2022\/11\/25.png\",\"contentUrl\":\"https:\/\/asteralabs.org\/wp-content\/uploads\/2022\/11\/25.png\",\"width\":2000,\"height\":2000},{\"@type\":\"BreadcrumbList\",\"@id\":\"https:\/\/asteralabs.org\/fr\/product\/l-carnitine\/#breadcrumb\",\"itemListElement\":[{\"@type\":\"ListItem\",\"position\":1,\"name\":\"Home\",\"item\":\"https:\/\/asteralabs.org\/fr\/\"},{\"@type\":\"ListItem\",\"position\":2,\"name\":\"Boutique\",\"item\":\"https:\/\/asteralabs.org\/boutique\/\"},{\"@type\":\"ListItem\",\"position\":3,\"name\":\"L-Carnitine\"}]},{\"@type\":\"WebSite\",\"@id\":\"https:\/\/asteralabs.org\/fr\/#website\",\"url\":\"https:\/\/asteralabs.org\/fr\/\",\"name\":\"Astera Labs\",\"description\":\"Improve Your Quality Of Life\",\"publisher\":{\"@id\":\"https:\/\/asteralabs.org\/fr\/#organization\"},\"potentialAction\":[{\"@type\":\"SearchAction\",\"target\":{\"@type\":\"EntryPoint\",\"urlTemplate\":\"https:\/\/asteralabs.org\/fr\/?s={search_term_string}\"},\"query-input\":\"required name=search_term_string\"}],\"inLanguage\":\"fr-FR\"},{\"@type\":\"Organization\",\"@id\":\"https:\/\/asteralabs.org\/fr\/#organization\",\"name\":\"Astera Labs\",\"url\":\"https:\/\/asteralabs.org\/fr\/\",\"logo\":{\"@type\":\"ImageObject\",\"inLanguage\":\"fr-FR\",\"@id\":\"https:\/\/asteralabs.org\/fr\/#\/schema\/logo\/image\/\",\"url\":\"https:\/\/asteralabs.org\/wp-content\/uploads\/2022\/12\/astera-2.png\",\"contentUrl\":\"https:\/\/asteralabs.org\/wp-content\/uploads\/2022\/12\/astera-2.png\",\"width\":437,\"height\":111,\"caption\":\"Astera Labs\"},\"image\":{\"@id\":\"https:\/\/asteralabs.org\/fr\/#\/schema\/logo\/image\/\"}}]}<\/script>\n<!-- \/ Yoast SEO plugin. -->","yoast_head_json":{"title":"L-Carnitine - Astera Labs","robots":{"index":"index","follow":"follow","max-snippet":"max-snippet:-1","max-image-preview":"max-image-preview:large","max-video-preview":"max-video-preview:-1"},"canonical":"https:\/\/asteralabs.org\/fr\/product\/l-carnitine\/","og_locale":"fr_FR","og_type":"article","og_title":"L-Carnitine - Astera Labs","og_description":"POSOLOGIE : L-Carnitine 500 mg\/ml CONTENU DU LOT : 1 flacon de 10ML, 500 mg par ml QU&#8217;EST-CE QUE C&#8217;EST : La carnitine est un acide amin\u00e9 dont la fonction est de transporter les acides gras dans les mitochondries. La carnitine est utile pour am\u00e9liorer et optimiser la combustion des graisses, am\u00e9liorer la r\u00e9cup\u00e9ration et&hellip;","og_url":"https:\/\/asteralabs.org\/fr\/product\/l-carnitine\/","og_site_name":"Astera Labs","article_modified_time":"2026-01-15T09:12:42+00:00","og_image":[{"width":2000,"height":2000,"url":"https:\/\/asteralabs.org\/wp-content\/uploads\/2022\/11\/25.png","type":"image\/png"}],"twitter_card":"summary_large_image","schema":{"@context":"https:\/\/schema.org","@graph":[{"@type":"WebPage","@id":"https:\/\/asteralabs.org\/fr\/product\/l-carnitine\/","url":"https:\/\/asteralabs.org\/fr\/product\/l-carnitine\/","name":"L-Carnitine - Astera Labs","isPartOf":{"@id":"https:\/\/asteralabs.org\/fr\/#website"},"primaryImageOfPage":{"@id":"https:\/\/asteralabs.org\/fr\/product\/l-carnitine\/#primaryimage"},"image":{"@id":"https:\/\/asteralabs.org\/fr\/product\/l-carnitine\/#primaryimage"},"thumbnailUrl":"https:\/\/asteralabs.org\/wp-content\/uploads\/2022\/11\/25.png","datePublished":"2022-11-05T22:53:52+00:00","dateModified":"2026-01-15T09:12:42+00:00","breadcrumb":{"@id":"https:\/\/asteralabs.org\/fr\/product\/l-carnitine\/#breadcrumb"},"inLanguage":"fr-FR","potentialAction":[{"@type":"ReadAction","target":["https:\/\/asteralabs.org\/fr\/product\/l-carnitine\/"]}]},{"@type":"ImageObject","inLanguage":"fr-FR","@id":"https:\/\/asteralabs.org\/fr\/product\/l-carnitine\/#primaryimage","url":"https:\/\/asteralabs.org\/wp-content\/uploads\/2022\/11\/25.png","contentUrl":"https:\/\/asteralabs.org\/wp-content\/uploads\/2022\/11\/25.png","width":2000,"height":2000},{"@type":"BreadcrumbList","@id":"https:\/\/asteralabs.org\/fr\/product\/l-carnitine\/#breadcrumb","itemListElement":[{"@type":"ListItem","position":1,"name":"Home","item":"https:\/\/asteralabs.org\/fr\/"},{"@type":"ListItem","position":2,"name":"Boutique","item":"https:\/\/asteralabs.org\/boutique\/"},{"@type":"ListItem","position":3,"name":"L-Carnitine"}]},{"@type":"WebSite","@id":"https:\/\/asteralabs.org\/fr\/#website","url":"https:\/\/asteralabs.org\/fr\/","name":"Astera Labs","description":"Improve Your Quality Of Life","publisher":{"@id":"https:\/\/asteralabs.org\/fr\/#organization"},"potentialAction":[{"@type":"SearchAction","target":{"@type":"EntryPoint","urlTemplate":"https:\/\/asteralabs.org\/fr\/?s={search_term_string}"},"query-input":"required name=search_term_string"}],"inLanguage":"fr-FR"},{"@type":"Organization","@id":"https:\/\/asteralabs.org\/fr\/#organization","name":"Astera Labs","url":"https:\/\/asteralabs.org\/fr\/","logo":{"@type":"ImageObject","inLanguage":"fr-FR","@id":"https:\/\/asteralabs.org\/fr\/#\/schema\/logo\/image\/","url":"https:\/\/asteralabs.org\/wp-content\/uploads\/2022\/12\/astera-2.png","contentUrl":"https:\/\/asteralabs.org\/wp-content\/uploads\/2022\/12\/astera-2.png","width":437,"height":111,"caption":"Astera Labs"},"image":{"@id":"https:\/\/asteralabs.org\/fr\/#\/schema\/logo\/image\/"}}]}},"_links":{"self":[{"href":"https:\/\/asteralabs.org\/fr\/wp-json\/wp\/v2\/product\/77869"}],"collection":[{"href":"https:\/\/asteralabs.org\/fr\/wp-json\/wp\/v2\/product"}],"about":[{"href":"https:\/\/asteralabs.org\/fr\/wp-json\/wp\/v2\/types\/product"}],"replies":[{"embeddable":true,"href":"https:\/\/asteralabs.org\/fr\/wp-json\/wp\/v2\/comments?post=77869"}],"version-history":[{"count":2,"href":"https:\/\/asteralabs.org\/fr\/wp-json\/wp\/v2\/product\/77869\/revisions"}],"predecessor-version":[{"id":78750,"href":"https:\/\/asteralabs.org\/fr\/wp-json\/wp\/v2\/product\/77869\/revisions\/78750"}],"wp:featuredmedia":[{"embeddable":true,"href":"https:\/\/asteralabs.org\/fr\/wp-json\/wp\/v2\/media\/75129"}],"wp:attachment":[{"href":"https:\/\/asteralabs.org\/fr\/wp-json\/wp\/v2\/media?parent=77869"}],"wp:term":[{"taxonomy":"product_cat","embeddable":true,"href":"https:\/\/asteralabs.org\/fr\/wp-json\/wp\/v2\/product_cat?post=77869"},{"taxonomy":"product_tag","embeddable":true,"href":"https:\/\/asteralabs.org\/fr\/wp-json\/wp\/v2\/product_tag?post=77869"}],"curies":[{"name":"wp","href":"https:\/\/api.w.org\/{rel}","templated":true}]}}