{"id":77875,"date":"2022-11-05T22:50:27","date_gmt":"2022-11-05T22:50:27","guid":{"rendered":"https:\/\/asteralabs.org\/product\/trenbolone-base\/"},"modified":"2026-01-15T12:31:47","modified_gmt":"2026-01-15T12:31:47","slug":"trenbolone-base","status":"publish","type":"product","link":"https:\/\/asteralabs.org\/fr\/product\/trenbolone-base\/","title":{"rendered":"Trenbolone Base"},"content":{"rendered":"<p><strong>POSOLOGIE : <\/strong><br \/>\nTrenbolone Base 50mg\/ml<\/p>\n<p><strong>CONTENU DU PAQUET : <\/strong><br \/>\n1 flacon de 10ML, 50 mg par ml<\/p>\n<p><strong>CONTENU DU LOT: <\/strong><br \/>\nLa trenbolone est un st\u00e9ro\u00efde d\u00e9riv\u00e9 de la 19-Nortestost\u00e9rone et est l&#8217;un des st\u00e9ro\u00efdes les plus puissants et les plus efficaces qui existent actuellement.<br \/>\nEn raison de sa grande affinit\u00e9 avec les r\u00e9cepteurs androg\u00e8nes, c&#8217;est un st\u00e9ro\u00efde polyvalent, utile pour gagner de la masse musculaire, perdre de la graisse et augmenter la force. Il est tr\u00e8s utile pendant un cycle de coupe pour maintenir autant de masse maigre que possible tout en perdant autant de graisse que possible.<br \/>\nBien que ses effets secondaires soient exag\u00e9r\u00e9s et tr\u00e8s similaires \u00e0 ceux d&#8217;autres st\u00e9ro\u00efdes et d\u00e9pendent de la dose, il faut tenir compte du fait qu&#8217;il provoque des troubles du sommeil (en fonction de la dose et du moment de l&#8217;utilisation) et des changements d&#8217;humeur (en fonction de la personne).<\/p>\n<p><strong>MODE D&#8217;EMPLOI : <\/strong><br \/>\nPuisqu\u2019il n\u2019y a pas d\u2019ester, son temps d\u2019action est presque instantan\u00e9, il peut \u00eatre utilis\u00e9 comme pr\u00e9-entra\u00eenement pour donner une force\/agression suppl\u00e9mentaire ou pendant une s\u00e9ance de powerlifting. Une dose unique de 50-75 mg avant.<\/p>\n<p><strong>INFORMATIONS SUR LES LOTS :<br \/>\n<\/strong>Num\u00e9ro de lot : <span data-sheets-root=\"1\" data-sheets-value=\"{\" data-sheets-userformat=\"{\">TE37030<\/span><br \/>\nDate de fabrication : <span data-sheets-root=\"1\" data-sheets-value=\"{\" data-sheets-userformat=\"{\">10.2025.<\/span><br \/>\nDate d&#8217;expiration : <span data-sheets-root=\"1\" data-sheets-value=\"{\" data-sheets-userformat=\"{\">10.2028.<\/span><\/p>\n","protected":false},"excerpt":{"rendered":"<p>POSOLOGIE : Trenbolone Base 50mg\/ml CONTENU DU PAQUET : 1 flacon de 10ML, 50 mg par ml CONTENU DU LOT: La trenbolone est un st\u00e9ro\u00efde d\u00e9riv\u00e9 de la 19-Nortestost\u00e9rone et est l&#8217;un des st\u00e9ro\u00efdes les plus puissants et les plus efficaces qui existent actuellement. En raison de sa grande affinit\u00e9 avec les r\u00e9cepteurs androg\u00e8nes, c&#8217;est&hellip;<\/p>\n","protected":false},"featured_media":75121,"comment_status":"open","ping_status":"closed","template":"","meta":[],"product_cat":[161,160],"product_tag":[],"yoast_head":"<!-- This site is optimized with the Yoast SEO plugin v23.0 - https:\/\/yoast.com\/wordpress\/plugins\/seo\/ -->\n<title>Trenbolone Base - Astera Labs<\/title>\n<meta name=\"robots\" content=\"index, follow, max-snippet:-1, max-image-preview:large, max-video-preview:-1\" \/>\n<link rel=\"canonical\" href=\"https:\/\/asteralabs.org\/fr\/product\/trenbolone-base\/\" \/>\n<meta property=\"og:locale\" content=\"fr_FR\" \/>\n<meta property=\"og:type\" content=\"article\" \/>\n<meta property=\"og:title\" content=\"Trenbolone Base - Astera Labs\" \/>\n<meta property=\"og:description\" content=\"POSOLOGIE : Trenbolone Base 50mg\/ml CONTENU DU PAQUET : 1 flacon de 10ML, 50 mg par ml CONTENU DU LOT: La trenbolone est un st\u00e9ro\u00efde d\u00e9riv\u00e9 de la 19-Nortestost\u00e9rone et est l&#8217;un des st\u00e9ro\u00efdes les plus puissants et les plus efficaces qui existent actuellement. En raison de sa grande affinit\u00e9 avec les r\u00e9cepteurs androg\u00e8nes, c&#8217;est&hellip;\" \/>\n<meta property=\"og:url\" content=\"https:\/\/asteralabs.org\/fr\/product\/trenbolone-base\/\" \/>\n<meta property=\"og:site_name\" content=\"Astera Labs\" \/>\n<meta property=\"article:modified_time\" content=\"2026-01-15T12:31:47+00:00\" \/>\n<meta property=\"og:image\" content=\"https:\/\/asteralabs.org\/wp-content\/uploads\/2022\/11\/24.png\" \/>\n\t<meta property=\"og:image:width\" content=\"2000\" \/>\n\t<meta property=\"og:image:height\" content=\"2000\" \/>\n\t<meta property=\"og:image:type\" content=\"image\/png\" \/>\n<meta name=\"twitter:card\" content=\"summary_large_image\" \/>\n<script type=\"application\/ld+json\" class=\"yoast-schema-graph\">{\"@context\":\"https:\/\/schema.org\",\"@graph\":[{\"@type\":\"WebPage\",\"@id\":\"https:\/\/asteralabs.org\/fr\/product\/trenbolone-base\/\",\"url\":\"https:\/\/asteralabs.org\/fr\/product\/trenbolone-base\/\",\"name\":\"Trenbolone Base - Astera Labs\",\"isPartOf\":{\"@id\":\"https:\/\/asteralabs.org\/fr\/#website\"},\"primaryImageOfPage\":{\"@id\":\"https:\/\/asteralabs.org\/fr\/product\/trenbolone-base\/#primaryimage\"},\"image\":{\"@id\":\"https:\/\/asteralabs.org\/fr\/product\/trenbolone-base\/#primaryimage\"},\"thumbnailUrl\":\"https:\/\/asteralabs.org\/wp-content\/uploads\/2022\/11\/24.png\",\"datePublished\":\"2022-11-05T22:50:27+00:00\",\"dateModified\":\"2026-01-15T12:31:47+00:00\",\"breadcrumb\":{\"@id\":\"https:\/\/asteralabs.org\/fr\/product\/trenbolone-base\/#breadcrumb\"},\"inLanguage\":\"fr-FR\",\"potentialAction\":[{\"@type\":\"ReadAction\",\"target\":[\"https:\/\/asteralabs.org\/fr\/product\/trenbolone-base\/\"]}]},{\"@type\":\"ImageObject\",\"inLanguage\":\"fr-FR\",\"@id\":\"https:\/\/asteralabs.org\/fr\/product\/trenbolone-base\/#primaryimage\",\"url\":\"https:\/\/asteralabs.org\/wp-content\/uploads\/2022\/11\/24.png\",\"contentUrl\":\"https:\/\/asteralabs.org\/wp-content\/uploads\/2022\/11\/24.png\",\"width\":2000,\"height\":2000},{\"@type\":\"BreadcrumbList\",\"@id\":\"https:\/\/asteralabs.org\/fr\/product\/trenbolone-base\/#breadcrumb\",\"itemListElement\":[{\"@type\":\"ListItem\",\"position\":1,\"name\":\"Home\",\"item\":\"https:\/\/asteralabs.org\/fr\/\"},{\"@type\":\"ListItem\",\"position\":2,\"name\":\"Boutique\",\"item\":\"https:\/\/asteralabs.org\/boutique\/\"},{\"@type\":\"ListItem\",\"position\":3,\"name\":\"Trenbolone Base\"}]},{\"@type\":\"WebSite\",\"@id\":\"https:\/\/asteralabs.org\/fr\/#website\",\"url\":\"https:\/\/asteralabs.org\/fr\/\",\"name\":\"Astera Labs\",\"description\":\"Improve Your Quality Of Life\",\"publisher\":{\"@id\":\"https:\/\/asteralabs.org\/fr\/#organization\"},\"potentialAction\":[{\"@type\":\"SearchAction\",\"target\":{\"@type\":\"EntryPoint\",\"urlTemplate\":\"https:\/\/asteralabs.org\/fr\/?s={search_term_string}\"},\"query-input\":\"required name=search_term_string\"}],\"inLanguage\":\"fr-FR\"},{\"@type\":\"Organization\",\"@id\":\"https:\/\/asteralabs.org\/fr\/#organization\",\"name\":\"Astera Labs\",\"url\":\"https:\/\/asteralabs.org\/fr\/\",\"logo\":{\"@type\":\"ImageObject\",\"inLanguage\":\"fr-FR\",\"@id\":\"https:\/\/asteralabs.org\/fr\/#\/schema\/logo\/image\/\",\"url\":\"https:\/\/asteralabs.org\/wp-content\/uploads\/2022\/12\/astera-2.png\",\"contentUrl\":\"https:\/\/asteralabs.org\/wp-content\/uploads\/2022\/12\/astera-2.png\",\"width\":437,\"height\":111,\"caption\":\"Astera Labs\"},\"image\":{\"@id\":\"https:\/\/asteralabs.org\/fr\/#\/schema\/logo\/image\/\"}}]}<\/script>\n<!-- \/ Yoast SEO plugin. -->","yoast_head_json":{"title":"Trenbolone Base - Astera Labs","robots":{"index":"index","follow":"follow","max-snippet":"max-snippet:-1","max-image-preview":"max-image-preview:large","max-video-preview":"max-video-preview:-1"},"canonical":"https:\/\/asteralabs.org\/fr\/product\/trenbolone-base\/","og_locale":"fr_FR","og_type":"article","og_title":"Trenbolone Base - Astera Labs","og_description":"POSOLOGIE : Trenbolone Base 50mg\/ml CONTENU DU PAQUET : 1 flacon de 10ML, 50 mg par ml CONTENU DU LOT: La trenbolone est un st\u00e9ro\u00efde d\u00e9riv\u00e9 de la 19-Nortestost\u00e9rone et est l&#8217;un des st\u00e9ro\u00efdes les plus puissants et les plus efficaces qui existent actuellement. En raison de sa grande affinit\u00e9 avec les r\u00e9cepteurs androg\u00e8nes, c&#8217;est&hellip;","og_url":"https:\/\/asteralabs.org\/fr\/product\/trenbolone-base\/","og_site_name":"Astera Labs","article_modified_time":"2026-01-15T12:31:47+00:00","og_image":[{"width":2000,"height":2000,"url":"https:\/\/asteralabs.org\/wp-content\/uploads\/2022\/11\/24.png","type":"image\/png"}],"twitter_card":"summary_large_image","schema":{"@context":"https:\/\/schema.org","@graph":[{"@type":"WebPage","@id":"https:\/\/asteralabs.org\/fr\/product\/trenbolone-base\/","url":"https:\/\/asteralabs.org\/fr\/product\/trenbolone-base\/","name":"Trenbolone Base - Astera Labs","isPartOf":{"@id":"https:\/\/asteralabs.org\/fr\/#website"},"primaryImageOfPage":{"@id":"https:\/\/asteralabs.org\/fr\/product\/trenbolone-base\/#primaryimage"},"image":{"@id":"https:\/\/asteralabs.org\/fr\/product\/trenbolone-base\/#primaryimage"},"thumbnailUrl":"https:\/\/asteralabs.org\/wp-content\/uploads\/2022\/11\/24.png","datePublished":"2022-11-05T22:50:27+00:00","dateModified":"2026-01-15T12:31:47+00:00","breadcrumb":{"@id":"https:\/\/asteralabs.org\/fr\/product\/trenbolone-base\/#breadcrumb"},"inLanguage":"fr-FR","potentialAction":[{"@type":"ReadAction","target":["https:\/\/asteralabs.org\/fr\/product\/trenbolone-base\/"]}]},{"@type":"ImageObject","inLanguage":"fr-FR","@id":"https:\/\/asteralabs.org\/fr\/product\/trenbolone-base\/#primaryimage","url":"https:\/\/asteralabs.org\/wp-content\/uploads\/2022\/11\/24.png","contentUrl":"https:\/\/asteralabs.org\/wp-content\/uploads\/2022\/11\/24.png","width":2000,"height":2000},{"@type":"BreadcrumbList","@id":"https:\/\/asteralabs.org\/fr\/product\/trenbolone-base\/#breadcrumb","itemListElement":[{"@type":"ListItem","position":1,"name":"Home","item":"https:\/\/asteralabs.org\/fr\/"},{"@type":"ListItem","position":2,"name":"Boutique","item":"https:\/\/asteralabs.org\/boutique\/"},{"@type":"ListItem","position":3,"name":"Trenbolone Base"}]},{"@type":"WebSite","@id":"https:\/\/asteralabs.org\/fr\/#website","url":"https:\/\/asteralabs.org\/fr\/","name":"Astera Labs","description":"Improve Your Quality Of Life","publisher":{"@id":"https:\/\/asteralabs.org\/fr\/#organization"},"potentialAction":[{"@type":"SearchAction","target":{"@type":"EntryPoint","urlTemplate":"https:\/\/asteralabs.org\/fr\/?s={search_term_string}"},"query-input":"required name=search_term_string"}],"inLanguage":"fr-FR"},{"@type":"Organization","@id":"https:\/\/asteralabs.org\/fr\/#organization","name":"Astera Labs","url":"https:\/\/asteralabs.org\/fr\/","logo":{"@type":"ImageObject","inLanguage":"fr-FR","@id":"https:\/\/asteralabs.org\/fr\/#\/schema\/logo\/image\/","url":"https:\/\/asteralabs.org\/wp-content\/uploads\/2022\/12\/astera-2.png","contentUrl":"https:\/\/asteralabs.org\/wp-content\/uploads\/2022\/12\/astera-2.png","width":437,"height":111,"caption":"Astera Labs"},"image":{"@id":"https:\/\/asteralabs.org\/fr\/#\/schema\/logo\/image\/"}}]}},"_links":{"self":[{"href":"https:\/\/asteralabs.org\/fr\/wp-json\/wp\/v2\/product\/77875"}],"collection":[{"href":"https:\/\/asteralabs.org\/fr\/wp-json\/wp\/v2\/product"}],"about":[{"href":"https:\/\/asteralabs.org\/fr\/wp-json\/wp\/v2\/types\/product"}],"replies":[{"embeddable":true,"href":"https:\/\/asteralabs.org\/fr\/wp-json\/wp\/v2\/comments?post=77875"}],"version-history":[{"count":1,"href":"https:\/\/asteralabs.org\/fr\/wp-json\/wp\/v2\/product\/77875\/revisions"}],"predecessor-version":[{"id":78748,"href":"https:\/\/asteralabs.org\/fr\/wp-json\/wp\/v2\/product\/77875\/revisions\/78748"}],"wp:featuredmedia":[{"embeddable":true,"href":"https:\/\/asteralabs.org\/fr\/wp-json\/wp\/v2\/media\/75121"}],"wp:attachment":[{"href":"https:\/\/asteralabs.org\/fr\/wp-json\/wp\/v2\/media?parent=77875"}],"wp:term":[{"taxonomy":"product_cat","embeddable":true,"href":"https:\/\/asteralabs.org\/fr\/wp-json\/wp\/v2\/product_cat?post=77875"},{"taxonomy":"product_tag","embeddable":true,"href":"https:\/\/asteralabs.org\/fr\/wp-json\/wp\/v2\/product_tag?post=77875"}],"curies":[{"name":"wp","href":"https:\/\/api.w.org\/{rel}","templated":true}]}}