{"id":77904,"date":"2022-11-05T22:41:51","date_gmt":"2022-11-05T22:41:51","guid":{"rendered":"https:\/\/asteralabs.org\/product\/cypionate-de-testosterone\/"},"modified":"2026-01-15T11:00:21","modified_gmt":"2026-01-15T11:00:21","slug":"cypionate-de-testosterone","status":"publish","type":"product","link":"https:\/\/asteralabs.org\/fr\/product\/cypionate-de-testosterone\/","title":{"rendered":"Cypionate de testost\u00e9rone"},"content":{"rendered":"<p><strong>POSOLOGIE : <\/strong><br \/>\nCypionate de testost\u00e9rone 200 mg\/ml<\/p>\n<p><strong>CONTENU DU LOT: <\/strong><br \/>\n1 flacon de 10ML, 200 mg par ml<\/p>\n<p><strong>QU&#8217;EST-CE QUE C&#8217;EST : <\/strong><br \/>\nLa testost\u00e9rone est le st\u00e9ro\u00efde le plus utilis\u00e9 et le plus polyvalent sur le march\u00e9. Tous les cycles ont besoin d&#8217;une base de testost\u00e9rone en combinaison avec d&#8217;autres st\u00e9ro\u00efdes ou ils peuvent m\u00eame se composer uniquement de testost\u00e9rone, elle peut \u00e9galement \u00eatre utilis\u00e9e \u00e0 petites doses comme TRT.<\/p>\n<p><strong>MODE D&#8217;EMPLOI : <\/strong><br \/>\n<span style=\"font-weight: 400;\">Son utilisation d\u00e9pendra du contexte dans lequel il est utilis\u00e9, les doses dans un cycle peuvent varier de <\/span><span style=\"font-weight: 400;\">250 mg<\/span><span style=\"font-weight: 400;\"> pour les d\u00e9butants \u00e0 1 gramme ou plus chez les bodybuilders professionnels. Nous recommandons d\u2019utiliser la dose maximale possible qui peut \u00eatre utilis\u00e9e (\u00e9videmment en fonction de l\u2019objectif) en l\u2019absence d\u2019effets secondaires. Pour un TRT, nous recommandons d\u2019utiliser une dose bas\u00e9e sur vos analyses sanguines. S\u2019agissant d\u2019un <\/span><span style=\"font-weight: 400;\">ester long<\/span><span style=\"font-weight: 400;\">, nous vous recommandons de vous injecter EOD ou E3D.<\/span><\/p>\n<p><strong>INFORMATIONS SUR LES LOTS :<br \/>\n<\/strong>Num\u00e9ro de lot : <span data-sheets-root=\"1\" data-sheets-value=\"{\" data-sheets-userformat=\"{\">YT69999<\/span><br \/>\nDate de fabrication : <span data-sheets-root=\"1\" data-sheets-value=\"{\" data-sheets-userformat=\"{\">10.2025.<\/span><br \/>\nDate d&#8217;expiration : <span data-sheets-root=\"1\" data-sheets-value=\"{\" data-sheets-userformat=\"{\">10.2028.<\/span><\/p>\n","protected":false},"excerpt":{"rendered":"<p>POSOLOGIE : Cypionate de testost\u00e9rone 200 mg\/ml CONTENU DU LOT: 1 flacon de 10ML, 200 mg par ml QU&#8217;EST-CE QUE C&#8217;EST : La testost\u00e9rone est le st\u00e9ro\u00efde le plus utilis\u00e9 et le plus polyvalent sur le march\u00e9. Tous les cycles ont besoin d&#8217;une base de testost\u00e9rone en combinaison avec d&#8217;autres st\u00e9ro\u00efdes ou ils peuvent m\u00eame&hellip;<\/p>\n","protected":false},"featured_media":75097,"comment_status":"open","ping_status":"closed","template":"","meta":[],"product_cat":[161,160],"product_tag":[],"yoast_head":"<!-- This site is optimized with the Yoast SEO plugin v23.0 - https:\/\/yoast.com\/wordpress\/plugins\/seo\/ -->\n<title>Cypionate de testost\u00e9rone - Astera Labs<\/title>\n<meta name=\"robots\" content=\"index, follow, max-snippet:-1, max-image-preview:large, max-video-preview:-1\" \/>\n<link rel=\"canonical\" href=\"https:\/\/asteralabs.org\/fr\/product\/cypionate-de-testosterone\/\" \/>\n<meta property=\"og:locale\" content=\"fr_FR\" \/>\n<meta property=\"og:type\" content=\"article\" \/>\n<meta property=\"og:title\" content=\"Cypionate de testost\u00e9rone - Astera Labs\" \/>\n<meta property=\"og:description\" content=\"POSOLOGIE : Cypionate de testost\u00e9rone 200 mg\/ml CONTENU DU LOT: 1 flacon de 10ML, 200 mg par ml QU&#8217;EST-CE QUE C&#8217;EST : La testost\u00e9rone est le st\u00e9ro\u00efde le plus utilis\u00e9 et le plus polyvalent sur le march\u00e9. Tous les cycles ont besoin d&#8217;une base de testost\u00e9rone en combinaison avec d&#8217;autres st\u00e9ro\u00efdes ou ils peuvent m\u00eame&hellip;\" \/>\n<meta property=\"og:url\" content=\"https:\/\/asteralabs.org\/fr\/product\/cypionate-de-testosterone\/\" \/>\n<meta property=\"og:site_name\" content=\"Astera Labs\" \/>\n<meta property=\"article:modified_time\" content=\"2026-01-15T11:00:21+00:00\" \/>\n<meta property=\"og:image\" content=\"https:\/\/asteralabs.org\/wp-content\/uploads\/2022\/11\/14.png\" \/>\n\t<meta property=\"og:image:width\" content=\"2000\" \/>\n\t<meta property=\"og:image:height\" content=\"2000\" \/>\n\t<meta property=\"og:image:type\" content=\"image\/png\" \/>\n<meta name=\"twitter:card\" content=\"summary_large_image\" \/>\n<script type=\"application\/ld+json\" class=\"yoast-schema-graph\">{\"@context\":\"https:\/\/schema.org\",\"@graph\":[{\"@type\":\"WebPage\",\"@id\":\"https:\/\/asteralabs.org\/fr\/product\/cypionate-de-testosterone\/\",\"url\":\"https:\/\/asteralabs.org\/fr\/product\/cypionate-de-testosterone\/\",\"name\":\"Cypionate de testost\u00e9rone - Astera Labs\",\"isPartOf\":{\"@id\":\"https:\/\/asteralabs.org\/fr\/#website\"},\"primaryImageOfPage\":{\"@id\":\"https:\/\/asteralabs.org\/fr\/product\/cypionate-de-testosterone\/#primaryimage\"},\"image\":{\"@id\":\"https:\/\/asteralabs.org\/fr\/product\/cypionate-de-testosterone\/#primaryimage\"},\"thumbnailUrl\":\"https:\/\/asteralabs.org\/wp-content\/uploads\/2022\/11\/14.png\",\"datePublished\":\"2022-11-05T22:41:51+00:00\",\"dateModified\":\"2026-01-15T11:00:21+00:00\",\"breadcrumb\":{\"@id\":\"https:\/\/asteralabs.org\/fr\/product\/cypionate-de-testosterone\/#breadcrumb\"},\"inLanguage\":\"fr-FR\",\"potentialAction\":[{\"@type\":\"ReadAction\",\"target\":[\"https:\/\/asteralabs.org\/fr\/product\/cypionate-de-testosterone\/\"]}]},{\"@type\":\"ImageObject\",\"inLanguage\":\"fr-FR\",\"@id\":\"https:\/\/asteralabs.org\/fr\/product\/cypionate-de-testosterone\/#primaryimage\",\"url\":\"https:\/\/asteralabs.org\/wp-content\/uploads\/2022\/11\/14.png\",\"contentUrl\":\"https:\/\/asteralabs.org\/wp-content\/uploads\/2022\/11\/14.png\",\"width\":2000,\"height\":2000},{\"@type\":\"BreadcrumbList\",\"@id\":\"https:\/\/asteralabs.org\/fr\/product\/cypionate-de-testosterone\/#breadcrumb\",\"itemListElement\":[{\"@type\":\"ListItem\",\"position\":1,\"name\":\"Home\",\"item\":\"https:\/\/asteralabs.org\/fr\/\"},{\"@type\":\"ListItem\",\"position\":2,\"name\":\"Boutique\",\"item\":\"https:\/\/asteralabs.org\/boutique\/\"},{\"@type\":\"ListItem\",\"position\":3,\"name\":\"Cypionate de testost\u00e9rone\"}]},{\"@type\":\"WebSite\",\"@id\":\"https:\/\/asteralabs.org\/fr\/#website\",\"url\":\"https:\/\/asteralabs.org\/fr\/\",\"name\":\"Astera Labs\",\"description\":\"Improve Your Quality Of Life\",\"publisher\":{\"@id\":\"https:\/\/asteralabs.org\/fr\/#organization\"},\"potentialAction\":[{\"@type\":\"SearchAction\",\"target\":{\"@type\":\"EntryPoint\",\"urlTemplate\":\"https:\/\/asteralabs.org\/fr\/?s={search_term_string}\"},\"query-input\":\"required name=search_term_string\"}],\"inLanguage\":\"fr-FR\"},{\"@type\":\"Organization\",\"@id\":\"https:\/\/asteralabs.org\/fr\/#organization\",\"name\":\"Astera Labs\",\"url\":\"https:\/\/asteralabs.org\/fr\/\",\"logo\":{\"@type\":\"ImageObject\",\"inLanguage\":\"fr-FR\",\"@id\":\"https:\/\/asteralabs.org\/fr\/#\/schema\/logo\/image\/\",\"url\":\"https:\/\/asteralabs.org\/wp-content\/uploads\/2022\/12\/astera-2.png\",\"contentUrl\":\"https:\/\/asteralabs.org\/wp-content\/uploads\/2022\/12\/astera-2.png\",\"width\":437,\"height\":111,\"caption\":\"Astera Labs\"},\"image\":{\"@id\":\"https:\/\/asteralabs.org\/fr\/#\/schema\/logo\/image\/\"}}]}<\/script>\n<!-- \/ Yoast SEO plugin. -->","yoast_head_json":{"title":"Cypionate de testost\u00e9rone - Astera Labs","robots":{"index":"index","follow":"follow","max-snippet":"max-snippet:-1","max-image-preview":"max-image-preview:large","max-video-preview":"max-video-preview:-1"},"canonical":"https:\/\/asteralabs.org\/fr\/product\/cypionate-de-testosterone\/","og_locale":"fr_FR","og_type":"article","og_title":"Cypionate de testost\u00e9rone - Astera Labs","og_description":"POSOLOGIE : Cypionate de testost\u00e9rone 200 mg\/ml CONTENU DU LOT: 1 flacon de 10ML, 200 mg par ml QU&#8217;EST-CE QUE C&#8217;EST : La testost\u00e9rone est le st\u00e9ro\u00efde le plus utilis\u00e9 et le plus polyvalent sur le march\u00e9. Tous les cycles ont besoin d&#8217;une base de testost\u00e9rone en combinaison avec d&#8217;autres st\u00e9ro\u00efdes ou ils peuvent m\u00eame&hellip;","og_url":"https:\/\/asteralabs.org\/fr\/product\/cypionate-de-testosterone\/","og_site_name":"Astera Labs","article_modified_time":"2026-01-15T11:00:21+00:00","og_image":[{"width":2000,"height":2000,"url":"https:\/\/asteralabs.org\/wp-content\/uploads\/2022\/11\/14.png","type":"image\/png"}],"twitter_card":"summary_large_image","schema":{"@context":"https:\/\/schema.org","@graph":[{"@type":"WebPage","@id":"https:\/\/asteralabs.org\/fr\/product\/cypionate-de-testosterone\/","url":"https:\/\/asteralabs.org\/fr\/product\/cypionate-de-testosterone\/","name":"Cypionate de testost\u00e9rone - Astera Labs","isPartOf":{"@id":"https:\/\/asteralabs.org\/fr\/#website"},"primaryImageOfPage":{"@id":"https:\/\/asteralabs.org\/fr\/product\/cypionate-de-testosterone\/#primaryimage"},"image":{"@id":"https:\/\/asteralabs.org\/fr\/product\/cypionate-de-testosterone\/#primaryimage"},"thumbnailUrl":"https:\/\/asteralabs.org\/wp-content\/uploads\/2022\/11\/14.png","datePublished":"2022-11-05T22:41:51+00:00","dateModified":"2026-01-15T11:00:21+00:00","breadcrumb":{"@id":"https:\/\/asteralabs.org\/fr\/product\/cypionate-de-testosterone\/#breadcrumb"},"inLanguage":"fr-FR","potentialAction":[{"@type":"ReadAction","target":["https:\/\/asteralabs.org\/fr\/product\/cypionate-de-testosterone\/"]}]},{"@type":"ImageObject","inLanguage":"fr-FR","@id":"https:\/\/asteralabs.org\/fr\/product\/cypionate-de-testosterone\/#primaryimage","url":"https:\/\/asteralabs.org\/wp-content\/uploads\/2022\/11\/14.png","contentUrl":"https:\/\/asteralabs.org\/wp-content\/uploads\/2022\/11\/14.png","width":2000,"height":2000},{"@type":"BreadcrumbList","@id":"https:\/\/asteralabs.org\/fr\/product\/cypionate-de-testosterone\/#breadcrumb","itemListElement":[{"@type":"ListItem","position":1,"name":"Home","item":"https:\/\/asteralabs.org\/fr\/"},{"@type":"ListItem","position":2,"name":"Boutique","item":"https:\/\/asteralabs.org\/boutique\/"},{"@type":"ListItem","position":3,"name":"Cypionate de testost\u00e9rone"}]},{"@type":"WebSite","@id":"https:\/\/asteralabs.org\/fr\/#website","url":"https:\/\/asteralabs.org\/fr\/","name":"Astera Labs","description":"Improve Your Quality Of Life","publisher":{"@id":"https:\/\/asteralabs.org\/fr\/#organization"},"potentialAction":[{"@type":"SearchAction","target":{"@type":"EntryPoint","urlTemplate":"https:\/\/asteralabs.org\/fr\/?s={search_term_string}"},"query-input":"required name=search_term_string"}],"inLanguage":"fr-FR"},{"@type":"Organization","@id":"https:\/\/asteralabs.org\/fr\/#organization","name":"Astera Labs","url":"https:\/\/asteralabs.org\/fr\/","logo":{"@type":"ImageObject","inLanguage":"fr-FR","@id":"https:\/\/asteralabs.org\/fr\/#\/schema\/logo\/image\/","url":"https:\/\/asteralabs.org\/wp-content\/uploads\/2022\/12\/astera-2.png","contentUrl":"https:\/\/asteralabs.org\/wp-content\/uploads\/2022\/12\/astera-2.png","width":437,"height":111,"caption":"Astera Labs"},"image":{"@id":"https:\/\/asteralabs.org\/fr\/#\/schema\/logo\/image\/"}}]}},"_links":{"self":[{"href":"https:\/\/asteralabs.org\/fr\/wp-json\/wp\/v2\/product\/77904"}],"collection":[{"href":"https:\/\/asteralabs.org\/fr\/wp-json\/wp\/v2\/product"}],"about":[{"href":"https:\/\/asteralabs.org\/fr\/wp-json\/wp\/v2\/types\/product"}],"replies":[{"embeddable":true,"href":"https:\/\/asteralabs.org\/fr\/wp-json\/wp\/v2\/comments?post=77904"}],"version-history":[{"count":2,"href":"https:\/\/asteralabs.org\/fr\/wp-json\/wp\/v2\/product\/77904\/revisions"}],"predecessor-version":[{"id":78752,"href":"https:\/\/asteralabs.org\/fr\/wp-json\/wp\/v2\/product\/77904\/revisions\/78752"}],"wp:featuredmedia":[{"embeddable":true,"href":"https:\/\/asteralabs.org\/fr\/wp-json\/wp\/v2\/media\/75097"}],"wp:attachment":[{"href":"https:\/\/asteralabs.org\/fr\/wp-json\/wp\/v2\/media?parent=77904"}],"wp:term":[{"taxonomy":"product_cat","embeddable":true,"href":"https:\/\/asteralabs.org\/fr\/wp-json\/wp\/v2\/product_cat?post=77904"},{"taxonomy":"product_tag","embeddable":true,"href":"https:\/\/asteralabs.org\/fr\/wp-json\/wp\/v2\/product_tag?post=77904"}],"curies":[{"name":"wp","href":"https:\/\/api.w.org\/{rel}","templated":true}]}}