{"id":77938,"date":"2022-11-05T22:32:03","date_gmt":"2022-11-05T22:32:03","guid":{"rendered":"https:\/\/asteralabs.org\/product\/acetate-de-trestolone-ment\/"},"modified":"2026-01-16T07:41:55","modified_gmt":"2026-01-16T07:41:55","slug":"acetate-de-trestolone-ment","status":"publish","type":"product","link":"https:\/\/asteralabs.org\/fr\/product\/acetate-de-trestolone-ment\/","title":{"rendered":"Ac\u00e9tate de trestolone (MENT)"},"content":{"rendered":"<p><strong>POSOLOGIE : <\/strong><br \/>\nTrestolone Acetate 50mg\/ml <strong>CONTENU DU PAQUET : <\/strong><br \/>\n1 flacon de 10ML, 50 mg par ml <strong>QU&#8217;EST-CE QUE C&#8217;EST : <\/strong><br \/>\nLe st\u00e9ro\u00efde le plus puissant connu sous le nom de Trestolone Acetate, qui est la version m\u00e9thyl\u00e9e de la Nandrolone et a une puissance bien plus \u00e9lev\u00e9e que la Trenbolone, est largement consid\u00e9r\u00e9 comme une combinaison des deux. Il s&#8217;agit d&#8217;une substance hautement aromatisable, de sorte que si elle est utilis\u00e9e, il convient de veiller \u00e0 g\u00e9rer l&#8217;estradiol en utilisant des m\u00e9thodes alternatives ou des dosages plus faibles que ceux qui seraient typiques des substances ordinaires. Il n&#8217;est pas transform\u00e9 en DHT. C&#8217;est la substance chimique qui a la constante d&#8217;inhibition la plus \u00e9lev\u00e9e de milligramme \u00e0 milligramme, et l&#8217;une de ses utilisations est la contraception masculine. <strong>MODE D&#8217;EMPLOI : <\/strong><br \/>\nLe dosage d\u00e9pend de l&#8217;utilisateur. En guise de contact, des doses de 5 \u00e0 10 mg par jour (35 \u00e0 70 mg par semaine) sont tr\u00e8s courantes. Les utilisateurs plus exp\u00e9riment\u00e9s utilisent g\u00e9n\u00e9ralement 10-25 mg par jour (70-175 mg par semaine) ou m\u00eame 25-50 mg par jour (150-350 mg par semaine). Nous conseillons d&#8217;augmenter la dose chaque semaine jusqu&#8217;\u00e0 ce que vous trouviez la dose qui r\u00e9pond le mieux \u00e0 vos besoins. Les cycles durent g\u00e9n\u00e9ralement de 8 \u00e0 12 semaines. <strong>INFORMATIONS SUR LES LOTS :<br \/>\n<\/strong>Num\u00e9ro de lot : <span data-sheets-root=\"1\" data-sheets-value=\"{\" data-sheets-userformat=\"{\">SY44821<\/span><br \/>\nDate de fabrication : <span data-sheets-root=\"1\" data-sheets-value=\"{\" data-sheets-userformat=\"{\">10.2025.<\/span><br \/>\nDate d&#8217;expiration : <span data-sheets-root=\"1\" data-sheets-value=\"{\" data-sheets-userformat=\"{\">10.2028.<\/span><\/p>\n","protected":false},"excerpt":{"rendered":"<p>POSOLOGIE : Trestolone Acetate 50mg\/ml CONTENU DU PAQUET : 1 flacon de 10ML, 50 mg par ml QU&#8217;EST-CE QUE C&#8217;EST : Le st\u00e9ro\u00efde le plus puissant connu sous le nom de Trestolone Acetate, qui est la version m\u00e9thyl\u00e9e de la Nandrolone et a une puissance bien plus \u00e9lev\u00e9e que la Trenbolone, est largement consid\u00e9r\u00e9 comme&hellip;<\/p>\n","protected":false},"featured_media":75065,"comment_status":"open","ping_status":"closed","template":"","meta":{"_acf_changed":false},"product_brand":[],"product_cat":[160,161],"product_tag":[],"class_list":{"0":"post-77938","1":"product","2":"type-product","3":"status-publish","4":"has-post-thumbnail","6":"product_cat-injectables-fr","7":"product_cat-all-fr","8":"description-off","10":"first","11":"instock","12":"shipping-taxable","13":"product-type-simple"},"acf":[],"yoast_head":"<!-- This site is optimized with the Yoast SEO plugin v27.4 - https:\/\/yoast.com\/product\/yoast-seo-wordpress\/ -->\n<title>Ac\u00e9tate de trestolone (MENT) - Astera Labs<\/title>\n<meta name=\"robots\" content=\"index, follow, max-snippet:-1, max-image-preview:large, max-video-preview:-1\" \/>\n<link rel=\"canonical\" href=\"https:\/\/asteralabs.org\/fr\/product\/acetate-de-trestolone-ment\/\" \/>\n<meta property=\"og:locale\" content=\"fr_FR\" \/>\n<meta property=\"og:type\" content=\"article\" \/>\n<meta property=\"og:title\" content=\"Ac\u00e9tate de trestolone (MENT) - Astera Labs\" \/>\n<meta property=\"og:description\" content=\"POSOLOGIE : Trestolone Acetate 50mg\/ml CONTENU DU PAQUET : 1 flacon de 10ML, 50 mg par ml QU&#8217;EST-CE QUE C&#8217;EST : Le st\u00e9ro\u00efde le plus puissant connu sous le nom de Trestolone Acetate, qui est la version m\u00e9thyl\u00e9e de la Nandrolone et a une puissance bien plus \u00e9lev\u00e9e que la Trenbolone, est largement consid\u00e9r\u00e9 comme&hellip;\" \/>\n<meta property=\"og:url\" content=\"https:\/\/asteralabs.org\/fr\/product\/acetate-de-trestolone-ment\/\" \/>\n<meta property=\"og:site_name\" content=\"Astera Labs\" \/>\n<meta property=\"article:modified_time\" content=\"2026-01-16T07:41:55+00:00\" \/>\n<meta property=\"og:image\" content=\"https:\/\/asteralabs.org\/wp-content\/uploads\/2022\/11\/28.png\" \/>\n\t<meta property=\"og:image:width\" content=\"2000\" \/>\n\t<meta property=\"og:image:height\" content=\"2000\" \/>\n\t<meta property=\"og:image:type\" content=\"image\/png\" \/>\n<meta name=\"twitter:card\" content=\"summary_large_image\" \/>\n<script type=\"application\/ld+json\" class=\"yoast-schema-graph\">{\"@context\":\"https:\\\/\\\/schema.org\",\"@graph\":[{\"@type\":\"WebPage\",\"@id\":\"https:\\\/\\\/asteralabs.org\\\/fr\\\/product\\\/acetate-de-trestolone-ment\\\/\",\"url\":\"https:\\\/\\\/asteralabs.org\\\/fr\\\/product\\\/acetate-de-trestolone-ment\\\/\",\"name\":\"Ac\u00e9tate de trestolone (MENT) - Astera Labs\",\"isPartOf\":{\"@id\":\"https:\\\/\\\/asteralabs.org\\\/fr\\\/#website\"},\"primaryImageOfPage\":{\"@id\":\"https:\\\/\\\/asteralabs.org\\\/fr\\\/product\\\/acetate-de-trestolone-ment\\\/#primaryimage\"},\"image\":{\"@id\":\"https:\\\/\\\/asteralabs.org\\\/fr\\\/product\\\/acetate-de-trestolone-ment\\\/#primaryimage\"},\"thumbnailUrl\":\"https:\\\/\\\/asteralabs.org\\\/wp-content\\\/uploads\\\/2022\\\/11\\\/28.png\",\"datePublished\":\"2022-11-05T22:32:03+00:00\",\"dateModified\":\"2026-01-16T07:41:55+00:00\",\"breadcrumb\":{\"@id\":\"https:\\\/\\\/asteralabs.org\\\/fr\\\/product\\\/acetate-de-trestolone-ment\\\/#breadcrumb\"},\"inLanguage\":\"fr-FR\",\"potentialAction\":[{\"@type\":\"ReadAction\",\"target\":[\"https:\\\/\\\/asteralabs.org\\\/fr\\\/product\\\/acetate-de-trestolone-ment\\\/\"]}]},{\"@type\":\"ImageObject\",\"inLanguage\":\"fr-FR\",\"@id\":\"https:\\\/\\\/asteralabs.org\\\/fr\\\/product\\\/acetate-de-trestolone-ment\\\/#primaryimage\",\"url\":\"https:\\\/\\\/asteralabs.org\\\/wp-content\\\/uploads\\\/2022\\\/11\\\/28.png\",\"contentUrl\":\"https:\\\/\\\/asteralabs.org\\\/wp-content\\\/uploads\\\/2022\\\/11\\\/28.png\",\"width\":2000,\"height\":2000},{\"@type\":\"BreadcrumbList\",\"@id\":\"https:\\\/\\\/asteralabs.org\\\/fr\\\/product\\\/acetate-de-trestolone-ment\\\/#breadcrumb\",\"itemListElement\":[{\"@type\":\"ListItem\",\"position\":1,\"name\":\"Home\",\"item\":\"https:\\\/\\\/asteralabs.org\\\/fr\\\/\"},{\"@type\":\"ListItem\",\"position\":2,\"name\":\"Boutique\",\"item\":\"https:\\\/\\\/asteralabs.org\\\/fr\\\/boutique\\\/\"},{\"@type\":\"ListItem\",\"position\":3,\"name\":\"Ac\u00e9tate de trestolone (MENT)\"}]},{\"@type\":\"WebSite\",\"@id\":\"https:\\\/\\\/asteralabs.org\\\/fr\\\/#website\",\"url\":\"https:\\\/\\\/asteralabs.org\\\/fr\\\/\",\"name\":\"Astera Labs\",\"description\":\"Improve Your Quality Of Life\",\"publisher\":{\"@id\":\"https:\\\/\\\/asteralabs.org\\\/fr\\\/#organization\"},\"potentialAction\":[{\"@type\":\"SearchAction\",\"target\":{\"@type\":\"EntryPoint\",\"urlTemplate\":\"https:\\\/\\\/asteralabs.org\\\/fr\\\/?s={search_term_string}\"},\"query-input\":{\"@type\":\"PropertyValueSpecification\",\"valueRequired\":true,\"valueName\":\"search_term_string\"}}],\"inLanguage\":\"fr-FR\"},{\"@type\":\"Organization\",\"@id\":\"https:\\\/\\\/asteralabs.org\\\/fr\\\/#organization\",\"name\":\"Astera Labs\",\"url\":\"https:\\\/\\\/asteralabs.org\\\/fr\\\/\",\"logo\":{\"@type\":\"ImageObject\",\"inLanguage\":\"fr-FR\",\"@id\":\"https:\\\/\\\/asteralabs.org\\\/fr\\\/#\\\/schema\\\/logo\\\/image\\\/\",\"url\":\"https:\\\/\\\/asteralabs.org\\\/wp-content\\\/uploads\\\/2022\\\/12\\\/astera-2.png\",\"contentUrl\":\"https:\\\/\\\/asteralabs.org\\\/wp-content\\\/uploads\\\/2022\\\/12\\\/astera-2.png\",\"width\":437,\"height\":111,\"caption\":\"Astera Labs\"},\"image\":{\"@id\":\"https:\\\/\\\/asteralabs.org\\\/fr\\\/#\\\/schema\\\/logo\\\/image\\\/\"}}]}<\/script>\n<!-- \/ Yoast SEO plugin. -->","yoast_head_json":{"title":"Ac\u00e9tate de trestolone (MENT) - Astera Labs","robots":{"index":"index","follow":"follow","max-snippet":"max-snippet:-1","max-image-preview":"max-image-preview:large","max-video-preview":"max-video-preview:-1"},"canonical":"https:\/\/asteralabs.org\/fr\/product\/acetate-de-trestolone-ment\/","og_locale":"fr_FR","og_type":"article","og_title":"Ac\u00e9tate de trestolone (MENT) - Astera Labs","og_description":"POSOLOGIE : Trestolone Acetate 50mg\/ml CONTENU DU PAQUET : 1 flacon de 10ML, 50 mg par ml QU&#8217;EST-CE QUE C&#8217;EST : Le st\u00e9ro\u00efde le plus puissant connu sous le nom de Trestolone Acetate, qui est la version m\u00e9thyl\u00e9e de la Nandrolone et a une puissance bien plus \u00e9lev\u00e9e que la Trenbolone, est largement consid\u00e9r\u00e9 comme&hellip;","og_url":"https:\/\/asteralabs.org\/fr\/product\/acetate-de-trestolone-ment\/","og_site_name":"Astera Labs","article_modified_time":"2026-01-16T07:41:55+00:00","og_image":[{"width":2000,"height":2000,"url":"https:\/\/asteralabs.org\/wp-content\/uploads\/2022\/11\/28.png","type":"image\/png"}],"twitter_card":"summary_large_image","schema":{"@context":"https:\/\/schema.org","@graph":[{"@type":"WebPage","@id":"https:\/\/asteralabs.org\/fr\/product\/acetate-de-trestolone-ment\/","url":"https:\/\/asteralabs.org\/fr\/product\/acetate-de-trestolone-ment\/","name":"Ac\u00e9tate de trestolone (MENT) - Astera Labs","isPartOf":{"@id":"https:\/\/asteralabs.org\/fr\/#website"},"primaryImageOfPage":{"@id":"https:\/\/asteralabs.org\/fr\/product\/acetate-de-trestolone-ment\/#primaryimage"},"image":{"@id":"https:\/\/asteralabs.org\/fr\/product\/acetate-de-trestolone-ment\/#primaryimage"},"thumbnailUrl":"https:\/\/asteralabs.org\/wp-content\/uploads\/2022\/11\/28.png","datePublished":"2022-11-05T22:32:03+00:00","dateModified":"2026-01-16T07:41:55+00:00","breadcrumb":{"@id":"https:\/\/asteralabs.org\/fr\/product\/acetate-de-trestolone-ment\/#breadcrumb"},"inLanguage":"fr-FR","potentialAction":[{"@type":"ReadAction","target":["https:\/\/asteralabs.org\/fr\/product\/acetate-de-trestolone-ment\/"]}]},{"@type":"ImageObject","inLanguage":"fr-FR","@id":"https:\/\/asteralabs.org\/fr\/product\/acetate-de-trestolone-ment\/#primaryimage","url":"https:\/\/asteralabs.org\/wp-content\/uploads\/2022\/11\/28.png","contentUrl":"https:\/\/asteralabs.org\/wp-content\/uploads\/2022\/11\/28.png","width":2000,"height":2000},{"@type":"BreadcrumbList","@id":"https:\/\/asteralabs.org\/fr\/product\/acetate-de-trestolone-ment\/#breadcrumb","itemListElement":[{"@type":"ListItem","position":1,"name":"Home","item":"https:\/\/asteralabs.org\/fr\/"},{"@type":"ListItem","position":2,"name":"Boutique","item":"https:\/\/asteralabs.org\/fr\/boutique\/"},{"@type":"ListItem","position":3,"name":"Ac\u00e9tate de trestolone (MENT)"}]},{"@type":"WebSite","@id":"https:\/\/asteralabs.org\/fr\/#website","url":"https:\/\/asteralabs.org\/fr\/","name":"Astera Labs","description":"Improve Your Quality Of Life","publisher":{"@id":"https:\/\/asteralabs.org\/fr\/#organization"},"potentialAction":[{"@type":"SearchAction","target":{"@type":"EntryPoint","urlTemplate":"https:\/\/asteralabs.org\/fr\/?s={search_term_string}"},"query-input":{"@type":"PropertyValueSpecification","valueRequired":true,"valueName":"search_term_string"}}],"inLanguage":"fr-FR"},{"@type":"Organization","@id":"https:\/\/asteralabs.org\/fr\/#organization","name":"Astera Labs","url":"https:\/\/asteralabs.org\/fr\/","logo":{"@type":"ImageObject","inLanguage":"fr-FR","@id":"https:\/\/asteralabs.org\/fr\/#\/schema\/logo\/image\/","url":"https:\/\/asteralabs.org\/wp-content\/uploads\/2022\/12\/astera-2.png","contentUrl":"https:\/\/asteralabs.org\/wp-content\/uploads\/2022\/12\/astera-2.png","width":437,"height":111,"caption":"Astera Labs"},"image":{"@id":"https:\/\/asteralabs.org\/fr\/#\/schema\/logo\/image\/"}}]}},"_links":{"self":[{"href":"https:\/\/asteralabs.org\/fr\/wp-json\/wp\/v2\/product\/77938","targetHints":{"allow":["GET"]}}],"collection":[{"href":"https:\/\/asteralabs.org\/fr\/wp-json\/wp\/v2\/product"}],"about":[{"href":"https:\/\/asteralabs.org\/fr\/wp-json\/wp\/v2\/types\/product"}],"replies":[{"embeddable":true,"href":"https:\/\/asteralabs.org\/fr\/wp-json\/wp\/v2\/comments?post=77938"}],"version-history":[{"count":0,"href":"https:\/\/asteralabs.org\/fr\/wp-json\/wp\/v2\/product\/77938\/revisions"}],"wp:featuredmedia":[{"embeddable":true,"href":"https:\/\/asteralabs.org\/fr\/wp-json\/wp\/v2\/media\/75065"}],"wp:attachment":[{"href":"https:\/\/asteralabs.org\/fr\/wp-json\/wp\/v2\/media?parent=77938"}],"wp:term":[{"taxonomy":"product_brand","embeddable":true,"href":"https:\/\/asteralabs.org\/fr\/wp-json\/wp\/v2\/product_brand?post=77938"},{"taxonomy":"product_cat","embeddable":true,"href":"https:\/\/asteralabs.org\/fr\/wp-json\/wp\/v2\/product_cat?post=77938"},{"taxonomy":"product_tag","embeddable":true,"href":"https:\/\/asteralabs.org\/fr\/wp-json\/wp\/v2\/product_tag?post=77938"}],"curies":[{"name":"wp","href":"https:\/\/api.w.org\/{rel}","templated":true}]}}