{"id":77949,"date":"2022-11-05T22:24:04","date_gmt":"2022-11-05T22:24:04","guid":{"rendered":"https:\/\/asteralabs.org\/product\/dihydroboldenone-dhb\/"},"modified":"2026-01-15T08:33:28","modified_gmt":"2026-01-15T08:33:28","slug":"dihydroboldenone-dhb","status":"publish","type":"product","link":"https:\/\/asteralabs.org\/fr\/product\/dihydroboldenone-dhb\/","title":{"rendered":"Dihydrobold\u00e9none (DHB)"},"content":{"rendered":"<p><strong>POSOLOGIE<\/strong>:<br \/>\nDihydroboldenone (DHB) 100mg\/ml <strong>CONTENU DE L&#8217;EMBALLAGE : <\/strong><br \/>\n1 flacon de 10ML, 100 mg par ml <strong>QU&#8217;EST-CE QUE C&#8217;EST : <\/strong><br \/>\nLa forme r\u00e9duite de Boldenone est appel\u00e9e DHB-MED 100 (Dihydroboldenone Cypionate), et elle a r\u00e9cemment fait l&#8217;objet de beaucoup d&#8217;attention. On pense qu&#8217;elle a une puissance assez similaire \u00e0 celle de la testost\u00e9rone d&#8217;apr\u00e8s les recherches sur les animaux, mais elle n\u00e9cessite des doses \u00e9lev\u00e9es pour saturer compl\u00e8tement les UDP-Glucuronosyltransf\u00e9rases, ce qui est tout \u00e0 fait fascinant. C&#8217;est un st\u00e9ro\u00efde tr\u00e8s fascinant pendant une phase de coupe en raison de sa forte affinit\u00e9 pour le r\u00e9cepteur des androg\u00e8nes, qui peut aider \u00e0 stimuler les lipases dans le tissu adipeux et favoriser la perte de graisse. En raison de sa forte affinit\u00e9 avec les r\u00e9cepteurs androg\u00e8nes et de son activit\u00e9 androg\u00e8ne, la dose recommand\u00e9e pour les hommes est de 200 mg \u00e0 400 mg par semaine. En raison du fait que ce produit contient <strong>comment l&#8217;utiliser : <\/strong><br \/>\nEn raison de sa forte affinit\u00e9 avec les r\u00e9cepteurs androg\u00e9niques et de son activit\u00e9 androg\u00e9nique, nous ne recommandons pas ce produit aux femmes en raison du risque de virilisation. La dose recommand\u00e9e pour les hommes se situe entre 200 mg et 400 mg par semaine.<br \/>\nIl peut \u00eatre administr\u00e9 par cycles de 8 \u00e0 12 semaines, en tenant toujours compte des r\u00e9sultats des analyses sanguines et en accordant une attention particuli\u00e8re aux param\u00e8tres r\u00e9naux.<\/p>\n<p><strong>INFORMATIONS SUR LES LOTS :<br \/>\n<\/strong>Num\u00e9ro de lot : <span data-sheets-root=\"1\" data-sheets-value=\"{\" data-sheets-userformat=\"{\">YQ15731<\/span><br \/>\nDate de fabrication : <span data-sheets-root=\"1\" data-sheets-value=\"{\" data-sheets-userformat=\"{\">10.2025.<\/span><br \/>\nDate d&#8217;expiration : <span data-sheets-root=\"1\" data-sheets-value=\"{\" data-sheets-userformat=\"{\">10.2028.<\/span><\/p>\n","protected":false},"excerpt":{"rendered":"<p>POSOLOGIE: Dihydroboldenone (DHB) 100mg\/ml CONTENU DE L&#8217;EMBALLAGE : 1 flacon de 10ML, 100 mg par ml QU&#8217;EST-CE QUE C&#8217;EST : La forme r\u00e9duite de Boldenone est appel\u00e9e DHB-MED 100 (Dihydroboldenone Cypionate), et elle a r\u00e9cemment fait l&#8217;objet de beaucoup d&#8217;attention. On pense qu&#8217;elle a une puissance assez similaire \u00e0 celle de la testost\u00e9rone d&#8217;apr\u00e8s les&hellip;<\/p>\n","protected":false},"featured_media":75049,"comment_status":"open","ping_status":"closed","template":"","meta":[],"product_cat":[161,160],"product_tag":[],"yoast_head":"<!-- This site is optimized with the Yoast SEO plugin v23.0 - https:\/\/yoast.com\/wordpress\/plugins\/seo\/ -->\n<title>Dihydrobold\u00e9none (DHB) - Astera Labs<\/title>\n<meta name=\"robots\" content=\"index, follow, max-snippet:-1, max-image-preview:large, max-video-preview:-1\" \/>\n<link rel=\"canonical\" href=\"https:\/\/asteralabs.org\/fr\/product\/dihydroboldenone-dhb\/\" \/>\n<meta property=\"og:locale\" content=\"fr_FR\" \/>\n<meta property=\"og:type\" content=\"article\" \/>\n<meta property=\"og:title\" content=\"Dihydrobold\u00e9none (DHB) - Astera Labs\" \/>\n<meta property=\"og:description\" content=\"POSOLOGIE: Dihydroboldenone (DHB) 100mg\/ml CONTENU DE L&#8217;EMBALLAGE : 1 flacon de 10ML, 100 mg par ml QU&#8217;EST-CE QUE C&#8217;EST : La forme r\u00e9duite de Boldenone est appel\u00e9e DHB-MED 100 (Dihydroboldenone Cypionate), et elle a r\u00e9cemment fait l&#8217;objet de beaucoup d&#8217;attention. On pense qu&#8217;elle a une puissance assez similaire \u00e0 celle de la testost\u00e9rone d&#8217;apr\u00e8s les&hellip;\" \/>\n<meta property=\"og:url\" content=\"https:\/\/asteralabs.org\/fr\/product\/dihydroboldenone-dhb\/\" \/>\n<meta property=\"og:site_name\" content=\"Astera Labs\" \/>\n<meta property=\"article:modified_time\" content=\"2026-01-15T08:33:28+00:00\" \/>\n<meta property=\"og:image\" content=\"https:\/\/asteralabs.org\/wp-content\/uploads\/2022\/11\/31.png\" \/>\n\t<meta property=\"og:image:width\" content=\"2000\" \/>\n\t<meta property=\"og:image:height\" content=\"2000\" \/>\n\t<meta property=\"og:image:type\" content=\"image\/png\" \/>\n<meta name=\"twitter:card\" content=\"summary_large_image\" \/>\n<script type=\"application\/ld+json\" class=\"yoast-schema-graph\">{\"@context\":\"https:\/\/schema.org\",\"@graph\":[{\"@type\":\"WebPage\",\"@id\":\"https:\/\/asteralabs.org\/fr\/product\/dihydroboldenone-dhb\/\",\"url\":\"https:\/\/asteralabs.org\/fr\/product\/dihydroboldenone-dhb\/\",\"name\":\"Dihydrobold\u00e9none (DHB) - Astera Labs\",\"isPartOf\":{\"@id\":\"https:\/\/asteralabs.org\/fr\/#website\"},\"primaryImageOfPage\":{\"@id\":\"https:\/\/asteralabs.org\/fr\/product\/dihydroboldenone-dhb\/#primaryimage\"},\"image\":{\"@id\":\"https:\/\/asteralabs.org\/fr\/product\/dihydroboldenone-dhb\/#primaryimage\"},\"thumbnailUrl\":\"https:\/\/asteralabs.org\/wp-content\/uploads\/2022\/11\/31.png\",\"datePublished\":\"2022-11-05T22:24:04+00:00\",\"dateModified\":\"2026-01-15T08:33:28+00:00\",\"breadcrumb\":{\"@id\":\"https:\/\/asteralabs.org\/fr\/product\/dihydroboldenone-dhb\/#breadcrumb\"},\"inLanguage\":\"fr-FR\",\"potentialAction\":[{\"@type\":\"ReadAction\",\"target\":[\"https:\/\/asteralabs.org\/fr\/product\/dihydroboldenone-dhb\/\"]}]},{\"@type\":\"ImageObject\",\"inLanguage\":\"fr-FR\",\"@id\":\"https:\/\/asteralabs.org\/fr\/product\/dihydroboldenone-dhb\/#primaryimage\",\"url\":\"https:\/\/asteralabs.org\/wp-content\/uploads\/2022\/11\/31.png\",\"contentUrl\":\"https:\/\/asteralabs.org\/wp-content\/uploads\/2022\/11\/31.png\",\"width\":2000,\"height\":2000},{\"@type\":\"BreadcrumbList\",\"@id\":\"https:\/\/asteralabs.org\/fr\/product\/dihydroboldenone-dhb\/#breadcrumb\",\"itemListElement\":[{\"@type\":\"ListItem\",\"position\":1,\"name\":\"Home\",\"item\":\"https:\/\/asteralabs.org\/fr\/\"},{\"@type\":\"ListItem\",\"position\":2,\"name\":\"Boutique\",\"item\":\"https:\/\/asteralabs.org\/boutique\/\"},{\"@type\":\"ListItem\",\"position\":3,\"name\":\"Dihydrobold\u00e9none (DHB)\"}]},{\"@type\":\"WebSite\",\"@id\":\"https:\/\/asteralabs.org\/fr\/#website\",\"url\":\"https:\/\/asteralabs.org\/fr\/\",\"name\":\"Astera Labs\",\"description\":\"Improve Your Quality Of Life\",\"publisher\":{\"@id\":\"https:\/\/asteralabs.org\/fr\/#organization\"},\"potentialAction\":[{\"@type\":\"SearchAction\",\"target\":{\"@type\":\"EntryPoint\",\"urlTemplate\":\"https:\/\/asteralabs.org\/fr\/?s={search_term_string}\"},\"query-input\":\"required name=search_term_string\"}],\"inLanguage\":\"fr-FR\"},{\"@type\":\"Organization\",\"@id\":\"https:\/\/asteralabs.org\/fr\/#organization\",\"name\":\"Astera Labs\",\"url\":\"https:\/\/asteralabs.org\/fr\/\",\"logo\":{\"@type\":\"ImageObject\",\"inLanguage\":\"fr-FR\",\"@id\":\"https:\/\/asteralabs.org\/fr\/#\/schema\/logo\/image\/\",\"url\":\"https:\/\/asteralabs.org\/wp-content\/uploads\/2022\/12\/astera-2.png\",\"contentUrl\":\"https:\/\/asteralabs.org\/wp-content\/uploads\/2022\/12\/astera-2.png\",\"width\":437,\"height\":111,\"caption\":\"Astera Labs\"},\"image\":{\"@id\":\"https:\/\/asteralabs.org\/fr\/#\/schema\/logo\/image\/\"}}]}<\/script>\n<!-- \/ Yoast SEO plugin. -->","yoast_head_json":{"title":"Dihydrobold\u00e9none (DHB) - Astera Labs","robots":{"index":"index","follow":"follow","max-snippet":"max-snippet:-1","max-image-preview":"max-image-preview:large","max-video-preview":"max-video-preview:-1"},"canonical":"https:\/\/asteralabs.org\/fr\/product\/dihydroboldenone-dhb\/","og_locale":"fr_FR","og_type":"article","og_title":"Dihydrobold\u00e9none (DHB) - Astera Labs","og_description":"POSOLOGIE: Dihydroboldenone (DHB) 100mg\/ml CONTENU DE L&#8217;EMBALLAGE : 1 flacon de 10ML, 100 mg par ml QU&#8217;EST-CE QUE C&#8217;EST : La forme r\u00e9duite de Boldenone est appel\u00e9e DHB-MED 100 (Dihydroboldenone Cypionate), et elle a r\u00e9cemment fait l&#8217;objet de beaucoup d&#8217;attention. On pense qu&#8217;elle a une puissance assez similaire \u00e0 celle de la testost\u00e9rone d&#8217;apr\u00e8s les&hellip;","og_url":"https:\/\/asteralabs.org\/fr\/product\/dihydroboldenone-dhb\/","og_site_name":"Astera Labs","article_modified_time":"2026-01-15T08:33:28+00:00","og_image":[{"width":2000,"height":2000,"url":"https:\/\/asteralabs.org\/wp-content\/uploads\/2022\/11\/31.png","type":"image\/png"}],"twitter_card":"summary_large_image","schema":{"@context":"https:\/\/schema.org","@graph":[{"@type":"WebPage","@id":"https:\/\/asteralabs.org\/fr\/product\/dihydroboldenone-dhb\/","url":"https:\/\/asteralabs.org\/fr\/product\/dihydroboldenone-dhb\/","name":"Dihydrobold\u00e9none (DHB) - Astera Labs","isPartOf":{"@id":"https:\/\/asteralabs.org\/fr\/#website"},"primaryImageOfPage":{"@id":"https:\/\/asteralabs.org\/fr\/product\/dihydroboldenone-dhb\/#primaryimage"},"image":{"@id":"https:\/\/asteralabs.org\/fr\/product\/dihydroboldenone-dhb\/#primaryimage"},"thumbnailUrl":"https:\/\/asteralabs.org\/wp-content\/uploads\/2022\/11\/31.png","datePublished":"2022-11-05T22:24:04+00:00","dateModified":"2026-01-15T08:33:28+00:00","breadcrumb":{"@id":"https:\/\/asteralabs.org\/fr\/product\/dihydroboldenone-dhb\/#breadcrumb"},"inLanguage":"fr-FR","potentialAction":[{"@type":"ReadAction","target":["https:\/\/asteralabs.org\/fr\/product\/dihydroboldenone-dhb\/"]}]},{"@type":"ImageObject","inLanguage":"fr-FR","@id":"https:\/\/asteralabs.org\/fr\/product\/dihydroboldenone-dhb\/#primaryimage","url":"https:\/\/asteralabs.org\/wp-content\/uploads\/2022\/11\/31.png","contentUrl":"https:\/\/asteralabs.org\/wp-content\/uploads\/2022\/11\/31.png","width":2000,"height":2000},{"@type":"BreadcrumbList","@id":"https:\/\/asteralabs.org\/fr\/product\/dihydroboldenone-dhb\/#breadcrumb","itemListElement":[{"@type":"ListItem","position":1,"name":"Home","item":"https:\/\/asteralabs.org\/fr\/"},{"@type":"ListItem","position":2,"name":"Boutique","item":"https:\/\/asteralabs.org\/boutique\/"},{"@type":"ListItem","position":3,"name":"Dihydrobold\u00e9none (DHB)"}]},{"@type":"WebSite","@id":"https:\/\/asteralabs.org\/fr\/#website","url":"https:\/\/asteralabs.org\/fr\/","name":"Astera Labs","description":"Improve Your Quality Of Life","publisher":{"@id":"https:\/\/asteralabs.org\/fr\/#organization"},"potentialAction":[{"@type":"SearchAction","target":{"@type":"EntryPoint","urlTemplate":"https:\/\/asteralabs.org\/fr\/?s={search_term_string}"},"query-input":"required name=search_term_string"}],"inLanguage":"fr-FR"},{"@type":"Organization","@id":"https:\/\/asteralabs.org\/fr\/#organization","name":"Astera Labs","url":"https:\/\/asteralabs.org\/fr\/","logo":{"@type":"ImageObject","inLanguage":"fr-FR","@id":"https:\/\/asteralabs.org\/fr\/#\/schema\/logo\/image\/","url":"https:\/\/asteralabs.org\/wp-content\/uploads\/2022\/12\/astera-2.png","contentUrl":"https:\/\/asteralabs.org\/wp-content\/uploads\/2022\/12\/astera-2.png","width":437,"height":111,"caption":"Astera Labs"},"image":{"@id":"https:\/\/asteralabs.org\/fr\/#\/schema\/logo\/image\/"}}]}},"_links":{"self":[{"href":"https:\/\/asteralabs.org\/fr\/wp-json\/wp\/v2\/product\/77949"}],"collection":[{"href":"https:\/\/asteralabs.org\/fr\/wp-json\/wp\/v2\/product"}],"about":[{"href":"https:\/\/asteralabs.org\/fr\/wp-json\/wp\/v2\/types\/product"}],"replies":[{"embeddable":true,"href":"https:\/\/asteralabs.org\/fr\/wp-json\/wp\/v2\/comments?post=77949"}],"version-history":[{"count":0,"href":"https:\/\/asteralabs.org\/fr\/wp-json\/wp\/v2\/product\/77949\/revisions"}],"wp:featuredmedia":[{"embeddable":true,"href":"https:\/\/asteralabs.org\/fr\/wp-json\/wp\/v2\/media\/75049"}],"wp:attachment":[{"href":"https:\/\/asteralabs.org\/fr\/wp-json\/wp\/v2\/media?parent=77949"}],"wp:term":[{"taxonomy":"product_cat","embeddable":true,"href":"https:\/\/asteralabs.org\/fr\/wp-json\/wp\/v2\/product_cat?post=77949"},{"taxonomy":"product_tag","embeddable":true,"href":"https:\/\/asteralabs.org\/fr\/wp-json\/wp\/v2\/product_tag?post=77949"}],"curies":[{"name":"wp","href":"https:\/\/api.w.org\/{rel}","templated":true}]}}