{"id":77969,"date":"2022-11-05T22:20:41","date_gmt":"2022-11-05T22:20:41","guid":{"rendered":"https:\/\/asteralabs.org\/product\/melange-a-courte-duree-daction\/"},"modified":"2026-01-15T13:22:51","modified_gmt":"2026-01-15T13:22:51","slug":"melange-a-courte-duree-daction","status":"publish","type":"product","link":"https:\/\/asteralabs.org\/fr\/product\/melange-a-courte-duree-daction\/","title":{"rendered":"M\u00e9lange \u00e0 courte dur\u00e9e d&#8217;action"},"content":{"rendered":"<p><strong>POSOLOGIE :<\/strong><br \/>\nDrostanolone propionate 75mg<br \/>\nTestosterone propionate 125mg<br \/>\nTrenbolone acetate 75mg <strong>CONTENU DU PAQUET :<\/strong><br \/>\n1 x 10ML vial, 75\/125\/75 mg per ml <strong>QU&#8217;EST-CE QUE C&#8217;EST :<\/strong><br \/>\nCe produit est un cycle de coupe complet dans un flacon, il contient de la testost\u00e9rone, du masteron et de la trenbolone. <strong>COMMENT UTILISER<\/strong><br \/>\nLes doses d\u00e9pendent de l&#8217;utilisateur et de ses objectifs, 2 ml par semaine suffisent pour la plupart des utilisateurs. Comme il s&#8217;agit d&#8217;une combinaison d&#8217;esters courts, nous vous recommandons d&#8217;injecter ED ou EOD.<\/p>\n<p><strong>INFORMATIONS SUR LES LOTS :<br \/>\n<\/strong>Num\u00e9ro de lot : <span data-sheets-root=\"1\" data-sheets-value=\"{\" data-sheets-userformat=\"{\">KV90356<\/span><br \/>\nDate de fabrication : <span data-sheets-root=\"1\" data-sheets-value=\"{\" data-sheets-userformat=\"{\">10.2025.<\/span><br \/>\nDate d&#8217;expiration : <span data-sheets-root=\"1\" data-sheets-value=\"{\" data-sheets-userformat=\"{\">10.2028.<\/span><\/p>\n","protected":false},"excerpt":{"rendered":"<p>POSOLOGIE : Drostanolone propionate 75mg Testosterone propionate 125mg Trenbolone acetate 75mg CONTENU DU PAQUET : 1 x 10ML vial, 75\/125\/75 mg per ml QU&#8217;EST-CE QUE C&#8217;EST : Ce produit est un cycle de coupe complet dans un flacon, il contient de la testost\u00e9rone, du masteron et de la trenbolone. COMMENT UTILISER Les doses d\u00e9pendent de&hellip;<\/p>\n","protected":false},"featured_media":76025,"comment_status":"open","ping_status":"closed","template":"","meta":[],"product_cat":[161,160],"product_tag":[172],"yoast_head":"<!-- This site is optimized with the Yoast SEO plugin v23.0 - https:\/\/yoast.com\/wordpress\/plugins\/seo\/ -->\n<title>M\u00e9lange \u00e0 courte dur\u00e9e d&#039;action - Astera Labs<\/title>\n<meta name=\"robots\" content=\"index, follow, max-snippet:-1, max-image-preview:large, max-video-preview:-1\" \/>\n<link rel=\"canonical\" href=\"https:\/\/asteralabs.org\/fr\/product\/melange-a-courte-duree-daction\/\" \/>\n<meta property=\"og:locale\" content=\"fr_FR\" \/>\n<meta property=\"og:type\" content=\"article\" \/>\n<meta property=\"og:title\" content=\"M\u00e9lange \u00e0 courte dur\u00e9e d&#039;action - Astera Labs\" \/>\n<meta property=\"og:description\" content=\"POSOLOGIE : Drostanolone propionate 75mg Testosterone propionate 125mg Trenbolone acetate 75mg CONTENU DU PAQUET : 1 x 10ML vial, 75\/125\/75 mg per ml QU&#8217;EST-CE QUE C&#8217;EST : Ce produit est un cycle de coupe complet dans un flacon, il contient de la testost\u00e9rone, du masteron et de la trenbolone. COMMENT UTILISER Les doses d\u00e9pendent de&hellip;\" \/>\n<meta property=\"og:url\" content=\"https:\/\/asteralabs.org\/fr\/product\/melange-a-courte-duree-daction\/\" \/>\n<meta property=\"og:site_name\" content=\"Astera Labs\" \/>\n<meta property=\"article:modified_time\" content=\"2026-01-15T13:22:51+00:00\" \/>\n<meta property=\"og:image\" content=\"https:\/\/asteralabs.org\/wp-content\/uploads\/2022\/11\/Short-acting-mix-inject-nbg.png\" \/>\n\t<meta property=\"og:image:width\" content=\"2000\" \/>\n\t<meta property=\"og:image:height\" content=\"2000\" \/>\n\t<meta property=\"og:image:type\" content=\"image\/png\" \/>\n<meta name=\"twitter:card\" content=\"summary_large_image\" \/>\n<script type=\"application\/ld+json\" class=\"yoast-schema-graph\">{\"@context\":\"https:\/\/schema.org\",\"@graph\":[{\"@type\":\"WebPage\",\"@id\":\"https:\/\/asteralabs.org\/fr\/product\/melange-a-courte-duree-daction\/\",\"url\":\"https:\/\/asteralabs.org\/fr\/product\/melange-a-courte-duree-daction\/\",\"name\":\"M\u00e9lange \u00e0 courte dur\u00e9e d'action - Astera Labs\",\"isPartOf\":{\"@id\":\"https:\/\/asteralabs.org\/fr\/#website\"},\"primaryImageOfPage\":{\"@id\":\"https:\/\/asteralabs.org\/fr\/product\/melange-a-courte-duree-daction\/#primaryimage\"},\"image\":{\"@id\":\"https:\/\/asteralabs.org\/fr\/product\/melange-a-courte-duree-daction\/#primaryimage\"},\"thumbnailUrl\":\"https:\/\/asteralabs.org\/wp-content\/uploads\/2022\/11\/Short-acting-mix-inject-nbg.png\",\"datePublished\":\"2022-11-05T22:20:41+00:00\",\"dateModified\":\"2026-01-15T13:22:51+00:00\",\"breadcrumb\":{\"@id\":\"https:\/\/asteralabs.org\/fr\/product\/melange-a-courte-duree-daction\/#breadcrumb\"},\"inLanguage\":\"fr-FR\",\"potentialAction\":[{\"@type\":\"ReadAction\",\"target\":[\"https:\/\/asteralabs.org\/fr\/product\/melange-a-courte-duree-daction\/\"]}]},{\"@type\":\"ImageObject\",\"inLanguage\":\"fr-FR\",\"@id\":\"https:\/\/asteralabs.org\/fr\/product\/melange-a-courte-duree-daction\/#primaryimage\",\"url\":\"https:\/\/asteralabs.org\/wp-content\/uploads\/2022\/11\/Short-acting-mix-inject-nbg.png\",\"contentUrl\":\"https:\/\/asteralabs.org\/wp-content\/uploads\/2022\/11\/Short-acting-mix-inject-nbg.png\",\"width\":2000,\"height\":2000},{\"@type\":\"BreadcrumbList\",\"@id\":\"https:\/\/asteralabs.org\/fr\/product\/melange-a-courte-duree-daction\/#breadcrumb\",\"itemListElement\":[{\"@type\":\"ListItem\",\"position\":1,\"name\":\"Home\",\"item\":\"https:\/\/asteralabs.org\/fr\/\"},{\"@type\":\"ListItem\",\"position\":2,\"name\":\"Boutique\",\"item\":\"https:\/\/asteralabs.org\/boutique\/\"},{\"@type\":\"ListItem\",\"position\":3,\"name\":\"M\u00e9lange \u00e0 courte dur\u00e9e d&#8217;action\"}]},{\"@type\":\"WebSite\",\"@id\":\"https:\/\/asteralabs.org\/fr\/#website\",\"url\":\"https:\/\/asteralabs.org\/fr\/\",\"name\":\"Astera Labs\",\"description\":\"Improve Your Quality Of Life\",\"publisher\":{\"@id\":\"https:\/\/asteralabs.org\/fr\/#organization\"},\"potentialAction\":[{\"@type\":\"SearchAction\",\"target\":{\"@type\":\"EntryPoint\",\"urlTemplate\":\"https:\/\/asteralabs.org\/fr\/?s={search_term_string}\"},\"query-input\":\"required name=search_term_string\"}],\"inLanguage\":\"fr-FR\"},{\"@type\":\"Organization\",\"@id\":\"https:\/\/asteralabs.org\/fr\/#organization\",\"name\":\"Astera Labs\",\"url\":\"https:\/\/asteralabs.org\/fr\/\",\"logo\":{\"@type\":\"ImageObject\",\"inLanguage\":\"fr-FR\",\"@id\":\"https:\/\/asteralabs.org\/fr\/#\/schema\/logo\/image\/\",\"url\":\"https:\/\/asteralabs.org\/wp-content\/uploads\/2022\/12\/astera-2.png\",\"contentUrl\":\"https:\/\/asteralabs.org\/wp-content\/uploads\/2022\/12\/astera-2.png\",\"width\":437,\"height\":111,\"caption\":\"Astera Labs\"},\"image\":{\"@id\":\"https:\/\/asteralabs.org\/fr\/#\/schema\/logo\/image\/\"}}]}<\/script>\n<!-- \/ Yoast SEO plugin. -->","yoast_head_json":{"title":"M\u00e9lange \u00e0 courte dur\u00e9e d'action - Astera Labs","robots":{"index":"index","follow":"follow","max-snippet":"max-snippet:-1","max-image-preview":"max-image-preview:large","max-video-preview":"max-video-preview:-1"},"canonical":"https:\/\/asteralabs.org\/fr\/product\/melange-a-courte-duree-daction\/","og_locale":"fr_FR","og_type":"article","og_title":"M\u00e9lange \u00e0 courte dur\u00e9e d'action - Astera Labs","og_description":"POSOLOGIE : Drostanolone propionate 75mg Testosterone propionate 125mg Trenbolone acetate 75mg CONTENU DU PAQUET : 1 x 10ML vial, 75\/125\/75 mg per ml QU&#8217;EST-CE QUE C&#8217;EST : Ce produit est un cycle de coupe complet dans un flacon, il contient de la testost\u00e9rone, du masteron et de la trenbolone. COMMENT UTILISER Les doses d\u00e9pendent de&hellip;","og_url":"https:\/\/asteralabs.org\/fr\/product\/melange-a-courte-duree-daction\/","og_site_name":"Astera Labs","article_modified_time":"2026-01-15T13:22:51+00:00","og_image":[{"width":2000,"height":2000,"url":"https:\/\/asteralabs.org\/wp-content\/uploads\/2022\/11\/Short-acting-mix-inject-nbg.png","type":"image\/png"}],"twitter_card":"summary_large_image","schema":{"@context":"https:\/\/schema.org","@graph":[{"@type":"WebPage","@id":"https:\/\/asteralabs.org\/fr\/product\/melange-a-courte-duree-daction\/","url":"https:\/\/asteralabs.org\/fr\/product\/melange-a-courte-duree-daction\/","name":"M\u00e9lange \u00e0 courte dur\u00e9e d'action - Astera Labs","isPartOf":{"@id":"https:\/\/asteralabs.org\/fr\/#website"},"primaryImageOfPage":{"@id":"https:\/\/asteralabs.org\/fr\/product\/melange-a-courte-duree-daction\/#primaryimage"},"image":{"@id":"https:\/\/asteralabs.org\/fr\/product\/melange-a-courte-duree-daction\/#primaryimage"},"thumbnailUrl":"https:\/\/asteralabs.org\/wp-content\/uploads\/2022\/11\/Short-acting-mix-inject-nbg.png","datePublished":"2022-11-05T22:20:41+00:00","dateModified":"2026-01-15T13:22:51+00:00","breadcrumb":{"@id":"https:\/\/asteralabs.org\/fr\/product\/melange-a-courte-duree-daction\/#breadcrumb"},"inLanguage":"fr-FR","potentialAction":[{"@type":"ReadAction","target":["https:\/\/asteralabs.org\/fr\/product\/melange-a-courte-duree-daction\/"]}]},{"@type":"ImageObject","inLanguage":"fr-FR","@id":"https:\/\/asteralabs.org\/fr\/product\/melange-a-courte-duree-daction\/#primaryimage","url":"https:\/\/asteralabs.org\/wp-content\/uploads\/2022\/11\/Short-acting-mix-inject-nbg.png","contentUrl":"https:\/\/asteralabs.org\/wp-content\/uploads\/2022\/11\/Short-acting-mix-inject-nbg.png","width":2000,"height":2000},{"@type":"BreadcrumbList","@id":"https:\/\/asteralabs.org\/fr\/product\/melange-a-courte-duree-daction\/#breadcrumb","itemListElement":[{"@type":"ListItem","position":1,"name":"Home","item":"https:\/\/asteralabs.org\/fr\/"},{"@type":"ListItem","position":2,"name":"Boutique","item":"https:\/\/asteralabs.org\/boutique\/"},{"@type":"ListItem","position":3,"name":"M\u00e9lange \u00e0 courte dur\u00e9e d&#8217;action"}]},{"@type":"WebSite","@id":"https:\/\/asteralabs.org\/fr\/#website","url":"https:\/\/asteralabs.org\/fr\/","name":"Astera Labs","description":"Improve Your Quality Of Life","publisher":{"@id":"https:\/\/asteralabs.org\/fr\/#organization"},"potentialAction":[{"@type":"SearchAction","target":{"@type":"EntryPoint","urlTemplate":"https:\/\/asteralabs.org\/fr\/?s={search_term_string}"},"query-input":"required name=search_term_string"}],"inLanguage":"fr-FR"},{"@type":"Organization","@id":"https:\/\/asteralabs.org\/fr\/#organization","name":"Astera Labs","url":"https:\/\/asteralabs.org\/fr\/","logo":{"@type":"ImageObject","inLanguage":"fr-FR","@id":"https:\/\/asteralabs.org\/fr\/#\/schema\/logo\/image\/","url":"https:\/\/asteralabs.org\/wp-content\/uploads\/2022\/12\/astera-2.png","contentUrl":"https:\/\/asteralabs.org\/wp-content\/uploads\/2022\/12\/astera-2.png","width":437,"height":111,"caption":"Astera Labs"},"image":{"@id":"https:\/\/asteralabs.org\/fr\/#\/schema\/logo\/image\/"}}]}},"_links":{"self":[{"href":"https:\/\/asteralabs.org\/fr\/wp-json\/wp\/v2\/product\/77969"}],"collection":[{"href":"https:\/\/asteralabs.org\/fr\/wp-json\/wp\/v2\/product"}],"about":[{"href":"https:\/\/asteralabs.org\/fr\/wp-json\/wp\/v2\/types\/product"}],"replies":[{"embeddable":true,"href":"https:\/\/asteralabs.org\/fr\/wp-json\/wp\/v2\/comments?post=77969"}],"version-history":[{"count":0,"href":"https:\/\/asteralabs.org\/fr\/wp-json\/wp\/v2\/product\/77969\/revisions"}],"wp:featuredmedia":[{"embeddable":true,"href":"https:\/\/asteralabs.org\/fr\/wp-json\/wp\/v2\/media\/76025"}],"wp:attachment":[{"href":"https:\/\/asteralabs.org\/fr\/wp-json\/wp\/v2\/media?parent=77969"}],"wp:term":[{"taxonomy":"product_cat","embeddable":true,"href":"https:\/\/asteralabs.org\/fr\/wp-json\/wp\/v2\/product_cat?post=77969"},{"taxonomy":"product_tag","embeddable":true,"href":"https:\/\/asteralabs.org\/fr\/wp-json\/wp\/v2\/product_tag?post=77969"}],"curies":[{"name":"wp","href":"https:\/\/api.w.org\/{rel}","templated":true}]}}