{"id":77978,"date":"2022-11-05T22:17:23","date_gmt":"2022-11-05T22:17:23","guid":{"rendered":"https:\/\/asteralabs.org\/product\/trenbolone-mix\/"},"modified":"2026-01-15T14:03:59","modified_gmt":"2026-01-15T14:03:59","slug":"trenbolone-mix","status":"publish","type":"product","link":"https:\/\/asteralabs.org\/fr\/product\/trenbolone-mix\/","title":{"rendered":"Trenbolone Mix"},"content":{"rendered":"<p><strong>POSOLOGIE :<\/strong><br \/>\nTrenbolone Acetate 50mg<br \/>\nTrenbolone Enanthate 50mg<br \/>\nTrenbolone Hexahydrobenzylcarbonate 50mg <strong>CONTENU DE L&#8217;EMBALLAGE :<\/strong><br \/>\n1 flacon de 10ML, 150 mg par ml <strong>QU&#8217;EST-CE QUE C&#8217;EST :<\/strong><br \/>\nLa trenbolone est un st\u00e9ro\u00efde d\u00e9riv\u00e9 de la 19-Nortestost\u00e9rone et est l&#8217;un des st\u00e9ro\u00efdes les plus puissants et les plus efficaces qui existent \u00e0 l&#8217;heure actuelle. En raison de sa forte affinit\u00e9 avec les r\u00e9cepteurs androg\u00e8nes, c&#8217;est un st\u00e9ro\u00efde polyvalent, utile pour gagner de la masse musculaire, perdre de la graisse et augmenter la force. Il est tr\u00e8s utile pendant un cycle de coupe pour maintenir le plus de masse maigre possible tout en perdant le plus de graisse possible. Bien que ses effets secondaires soient exag\u00e9r\u00e9s et tr\u00e8s similaires \u00e0 ceux d&#8217;autres st\u00e9ro\u00efdes et d\u00e9pendants de la dose, il faut tenir compte du fait qu&#8217;il provoque des troubles du sommeil (en fonction de la dose et du temps d&#8217;utilisation) et des changements d&#8217;humeur (en fonction de la personne). <strong>MODE D&#8217;EMPLOI :<\/strong><br \/>\nS&#8217;agissant d&#8217;un st\u00e9ro\u00efde tr\u00e8s polyvalent, des doses de 75 mg par semaine peuvent \u00eatre tr\u00e8s utiles pendant une phase de coupe sans provoquer d&#8217;effets secondaires ou en r\u00e9duisant les risques. Des doses de 200-400mg par semaine sont consid\u00e9r\u00e9es comme &#8220;normales&#8221; en fonction du niveau d&#8217;avancement de l&#8217;athl\u00e8te. Nous recommandons de commencer \u00e0 75mg par semaine et d&#8217;augmenter progressivement la dose jusqu&#8217;\u00e0 ce que vous remarquiez des effets secondaires et que ce soit votre dose maximale. Comme il s&#8217;agit d&#8217;une combinaison de trois esters, nous vous recommandons d&#8217;utiliser la m\u00eame fr\u00e9quence d&#8217;injection que pour l&#8217;ester le plus court, c&#8217;est-\u00e0-dire ED ou EOD.<\/p>\n<p><strong>INFORMATIONS SUR LES LOTS :<br \/>\n<\/strong>Num\u00e9ro de lot : <span data-sheets-root=\"1\" data-sheets-value=\"{\" data-sheets-userformat=\"{\">YO09765<\/span><br \/>\nDate de fabrication : <span data-sheets-root=\"1\" data-sheets-value=\"{\" data-sheets-userformat=\"{\">10.2025.<\/span><br \/>\nDate d&#8217;expiration : <span data-sheets-root=\"1\" data-sheets-value=\"{\" data-sheets-userformat=\"{\">10.2028.<\/span><\/p>\n","protected":false},"excerpt":{"rendered":"<p>POSOLOGIE : Trenbolone Acetate 50mg Trenbolone Enanthate 50mg Trenbolone Hexahydrobenzylcarbonate 50mg CONTENU DE L&#8217;EMBALLAGE : 1 flacon de 10ML, 150 mg par ml QU&#8217;EST-CE QUE C&#8217;EST : La trenbolone est un st\u00e9ro\u00efde d\u00e9riv\u00e9 de la 19-Nortestost\u00e9rone et est l&#8217;un des st\u00e9ro\u00efdes les plus puissants et les plus efficaces qui existent \u00e0 l&#8217;heure actuelle. En raison&hellip;<\/p>\n","protected":false},"featured_media":76177,"comment_status":"open","ping_status":"closed","template":"","meta":{"_acf_changed":false},"product_brand":[],"product_cat":[160,161],"product_tag":[],"class_list":{"0":"post-77978","1":"product","2":"type-product","3":"status-publish","4":"has-post-thumbnail","6":"product_cat-injectables-fr","7":"product_cat-all-fr","8":"description-off","10":"first","11":"instock","12":"shipping-taxable","13":"product-type-simple"},"acf":[],"yoast_head":"<!-- This site is optimized with the Yoast SEO plugin v27.4 - https:\/\/yoast.com\/product\/yoast-seo-wordpress\/ -->\n<title>Trenbolone Mix - Astera Labs<\/title>\n<meta name=\"robots\" content=\"index, follow, max-snippet:-1, max-image-preview:large, max-video-preview:-1\" \/>\n<link rel=\"canonical\" href=\"https:\/\/asteralabs.org\/fr\/product\/trenbolone-mix\/\" \/>\n<meta property=\"og:locale\" content=\"fr_FR\" \/>\n<meta property=\"og:type\" content=\"article\" \/>\n<meta property=\"og:title\" content=\"Trenbolone Mix - Astera Labs\" \/>\n<meta property=\"og:description\" content=\"POSOLOGIE : Trenbolone Acetate 50mg Trenbolone Enanthate 50mg Trenbolone Hexahydrobenzylcarbonate 50mg CONTENU DE L&#8217;EMBALLAGE : 1 flacon de 10ML, 150 mg par ml QU&#8217;EST-CE QUE C&#8217;EST : La trenbolone est un st\u00e9ro\u00efde d\u00e9riv\u00e9 de la 19-Nortestost\u00e9rone et est l&#8217;un des st\u00e9ro\u00efdes les plus puissants et les plus efficaces qui existent \u00e0 l&#8217;heure actuelle. En raison&hellip;\" \/>\n<meta property=\"og:url\" content=\"https:\/\/asteralabs.org\/fr\/product\/trenbolone-mix\/\" \/>\n<meta property=\"og:site_name\" content=\"Astera Labs\" \/>\n<meta property=\"article:modified_time\" content=\"2026-01-15T14:03:59+00:00\" \/>\n<meta property=\"og:image\" content=\"https:\/\/asteralabs.org\/wp-content\/uploads\/2022\/11\/Trenbolone-mix-inject-nbg-1.png\" \/>\n\t<meta property=\"og:image:width\" content=\"2000\" \/>\n\t<meta property=\"og:image:height\" content=\"2000\" \/>\n\t<meta property=\"og:image:type\" content=\"image\/png\" \/>\n<meta name=\"twitter:card\" content=\"summary_large_image\" \/>\n<script type=\"application\/ld+json\" class=\"yoast-schema-graph\">{\"@context\":\"https:\\\/\\\/schema.org\",\"@graph\":[{\"@type\":\"WebPage\",\"@id\":\"https:\\\/\\\/asteralabs.org\\\/fr\\\/product\\\/trenbolone-mix\\\/\",\"url\":\"https:\\\/\\\/asteralabs.org\\\/fr\\\/product\\\/trenbolone-mix\\\/\",\"name\":\"Trenbolone Mix - Astera Labs\",\"isPartOf\":{\"@id\":\"https:\\\/\\\/asteralabs.org\\\/fr\\\/#website\"},\"primaryImageOfPage\":{\"@id\":\"https:\\\/\\\/asteralabs.org\\\/fr\\\/product\\\/trenbolone-mix\\\/#primaryimage\"},\"image\":{\"@id\":\"https:\\\/\\\/asteralabs.org\\\/fr\\\/product\\\/trenbolone-mix\\\/#primaryimage\"},\"thumbnailUrl\":\"https:\\\/\\\/asteralabs.org\\\/wp-content\\\/uploads\\\/2022\\\/11\\\/Trenbolone-mix-inject-nbg-1.png\",\"datePublished\":\"2022-11-05T22:17:23+00:00\",\"dateModified\":\"2026-01-15T14:03:59+00:00\",\"breadcrumb\":{\"@id\":\"https:\\\/\\\/asteralabs.org\\\/fr\\\/product\\\/trenbolone-mix\\\/#breadcrumb\"},\"inLanguage\":\"fr-FR\",\"potentialAction\":[{\"@type\":\"ReadAction\",\"target\":[\"https:\\\/\\\/asteralabs.org\\\/fr\\\/product\\\/trenbolone-mix\\\/\"]}]},{\"@type\":\"ImageObject\",\"inLanguage\":\"fr-FR\",\"@id\":\"https:\\\/\\\/asteralabs.org\\\/fr\\\/product\\\/trenbolone-mix\\\/#primaryimage\",\"url\":\"https:\\\/\\\/asteralabs.org\\\/wp-content\\\/uploads\\\/2022\\\/11\\\/Trenbolone-mix-inject-nbg-1.png\",\"contentUrl\":\"https:\\\/\\\/asteralabs.org\\\/wp-content\\\/uploads\\\/2022\\\/11\\\/Trenbolone-mix-inject-nbg-1.png\",\"width\":2000,\"height\":2000},{\"@type\":\"BreadcrumbList\",\"@id\":\"https:\\\/\\\/asteralabs.org\\\/fr\\\/product\\\/trenbolone-mix\\\/#breadcrumb\",\"itemListElement\":[{\"@type\":\"ListItem\",\"position\":1,\"name\":\"Home\",\"item\":\"https:\\\/\\\/asteralabs.org\\\/fr\\\/\"},{\"@type\":\"ListItem\",\"position\":2,\"name\":\"Boutique\",\"item\":\"https:\\\/\\\/asteralabs.org\\\/fr\\\/boutique\\\/\"},{\"@type\":\"ListItem\",\"position\":3,\"name\":\"Trenbolone Mix\"}]},{\"@type\":\"WebSite\",\"@id\":\"https:\\\/\\\/asteralabs.org\\\/fr\\\/#website\",\"url\":\"https:\\\/\\\/asteralabs.org\\\/fr\\\/\",\"name\":\"Astera Labs\",\"description\":\"Improve Your Quality Of Life\",\"publisher\":{\"@id\":\"https:\\\/\\\/asteralabs.org\\\/fr\\\/#organization\"},\"potentialAction\":[{\"@type\":\"SearchAction\",\"target\":{\"@type\":\"EntryPoint\",\"urlTemplate\":\"https:\\\/\\\/asteralabs.org\\\/fr\\\/?s={search_term_string}\"},\"query-input\":{\"@type\":\"PropertyValueSpecification\",\"valueRequired\":true,\"valueName\":\"search_term_string\"}}],\"inLanguage\":\"fr-FR\"},{\"@type\":\"Organization\",\"@id\":\"https:\\\/\\\/asteralabs.org\\\/fr\\\/#organization\",\"name\":\"Astera Labs\",\"url\":\"https:\\\/\\\/asteralabs.org\\\/fr\\\/\",\"logo\":{\"@type\":\"ImageObject\",\"inLanguage\":\"fr-FR\",\"@id\":\"https:\\\/\\\/asteralabs.org\\\/fr\\\/#\\\/schema\\\/logo\\\/image\\\/\",\"url\":\"https:\\\/\\\/asteralabs.org\\\/wp-content\\\/uploads\\\/2022\\\/12\\\/astera-2.png\",\"contentUrl\":\"https:\\\/\\\/asteralabs.org\\\/wp-content\\\/uploads\\\/2022\\\/12\\\/astera-2.png\",\"width\":437,\"height\":111,\"caption\":\"Astera Labs\"},\"image\":{\"@id\":\"https:\\\/\\\/asteralabs.org\\\/fr\\\/#\\\/schema\\\/logo\\\/image\\\/\"}}]}<\/script>\n<!-- \/ Yoast SEO plugin. -->","yoast_head_json":{"title":"Trenbolone Mix - Astera Labs","robots":{"index":"index","follow":"follow","max-snippet":"max-snippet:-1","max-image-preview":"max-image-preview:large","max-video-preview":"max-video-preview:-1"},"canonical":"https:\/\/asteralabs.org\/fr\/product\/trenbolone-mix\/","og_locale":"fr_FR","og_type":"article","og_title":"Trenbolone Mix - Astera Labs","og_description":"POSOLOGIE : Trenbolone Acetate 50mg Trenbolone Enanthate 50mg Trenbolone Hexahydrobenzylcarbonate 50mg CONTENU DE L&#8217;EMBALLAGE : 1 flacon de 10ML, 150 mg par ml QU&#8217;EST-CE QUE C&#8217;EST : La trenbolone est un st\u00e9ro\u00efde d\u00e9riv\u00e9 de la 19-Nortestost\u00e9rone et est l&#8217;un des st\u00e9ro\u00efdes les plus puissants et les plus efficaces qui existent \u00e0 l&#8217;heure actuelle. En raison&hellip;","og_url":"https:\/\/asteralabs.org\/fr\/product\/trenbolone-mix\/","og_site_name":"Astera Labs","article_modified_time":"2026-01-15T14:03:59+00:00","og_image":[{"width":2000,"height":2000,"url":"https:\/\/asteralabs.org\/wp-content\/uploads\/2022\/11\/Trenbolone-mix-inject-nbg-1.png","type":"image\/png"}],"twitter_card":"summary_large_image","schema":{"@context":"https:\/\/schema.org","@graph":[{"@type":"WebPage","@id":"https:\/\/asteralabs.org\/fr\/product\/trenbolone-mix\/","url":"https:\/\/asteralabs.org\/fr\/product\/trenbolone-mix\/","name":"Trenbolone Mix - Astera Labs","isPartOf":{"@id":"https:\/\/asteralabs.org\/fr\/#website"},"primaryImageOfPage":{"@id":"https:\/\/asteralabs.org\/fr\/product\/trenbolone-mix\/#primaryimage"},"image":{"@id":"https:\/\/asteralabs.org\/fr\/product\/trenbolone-mix\/#primaryimage"},"thumbnailUrl":"https:\/\/asteralabs.org\/wp-content\/uploads\/2022\/11\/Trenbolone-mix-inject-nbg-1.png","datePublished":"2022-11-05T22:17:23+00:00","dateModified":"2026-01-15T14:03:59+00:00","breadcrumb":{"@id":"https:\/\/asteralabs.org\/fr\/product\/trenbolone-mix\/#breadcrumb"},"inLanguage":"fr-FR","potentialAction":[{"@type":"ReadAction","target":["https:\/\/asteralabs.org\/fr\/product\/trenbolone-mix\/"]}]},{"@type":"ImageObject","inLanguage":"fr-FR","@id":"https:\/\/asteralabs.org\/fr\/product\/trenbolone-mix\/#primaryimage","url":"https:\/\/asteralabs.org\/wp-content\/uploads\/2022\/11\/Trenbolone-mix-inject-nbg-1.png","contentUrl":"https:\/\/asteralabs.org\/wp-content\/uploads\/2022\/11\/Trenbolone-mix-inject-nbg-1.png","width":2000,"height":2000},{"@type":"BreadcrumbList","@id":"https:\/\/asteralabs.org\/fr\/product\/trenbolone-mix\/#breadcrumb","itemListElement":[{"@type":"ListItem","position":1,"name":"Home","item":"https:\/\/asteralabs.org\/fr\/"},{"@type":"ListItem","position":2,"name":"Boutique","item":"https:\/\/asteralabs.org\/fr\/boutique\/"},{"@type":"ListItem","position":3,"name":"Trenbolone Mix"}]},{"@type":"WebSite","@id":"https:\/\/asteralabs.org\/fr\/#website","url":"https:\/\/asteralabs.org\/fr\/","name":"Astera Labs","description":"Improve Your Quality Of Life","publisher":{"@id":"https:\/\/asteralabs.org\/fr\/#organization"},"potentialAction":[{"@type":"SearchAction","target":{"@type":"EntryPoint","urlTemplate":"https:\/\/asteralabs.org\/fr\/?s={search_term_string}"},"query-input":{"@type":"PropertyValueSpecification","valueRequired":true,"valueName":"search_term_string"}}],"inLanguage":"fr-FR"},{"@type":"Organization","@id":"https:\/\/asteralabs.org\/fr\/#organization","name":"Astera Labs","url":"https:\/\/asteralabs.org\/fr\/","logo":{"@type":"ImageObject","inLanguage":"fr-FR","@id":"https:\/\/asteralabs.org\/fr\/#\/schema\/logo\/image\/","url":"https:\/\/asteralabs.org\/wp-content\/uploads\/2022\/12\/astera-2.png","contentUrl":"https:\/\/asteralabs.org\/wp-content\/uploads\/2022\/12\/astera-2.png","width":437,"height":111,"caption":"Astera Labs"},"image":{"@id":"https:\/\/asteralabs.org\/fr\/#\/schema\/logo\/image\/"}}]}},"_links":{"self":[{"href":"https:\/\/asteralabs.org\/fr\/wp-json\/wp\/v2\/product\/77978","targetHints":{"allow":["GET"]}}],"collection":[{"href":"https:\/\/asteralabs.org\/fr\/wp-json\/wp\/v2\/product"}],"about":[{"href":"https:\/\/asteralabs.org\/fr\/wp-json\/wp\/v2\/types\/product"}],"replies":[{"embeddable":true,"href":"https:\/\/asteralabs.org\/fr\/wp-json\/wp\/v2\/comments?post=77978"}],"version-history":[{"count":0,"href":"https:\/\/asteralabs.org\/fr\/wp-json\/wp\/v2\/product\/77978\/revisions"}],"wp:featuredmedia":[{"embeddable":true,"href":"https:\/\/asteralabs.org\/fr\/wp-json\/wp\/v2\/media\/76177"}],"wp:attachment":[{"href":"https:\/\/asteralabs.org\/fr\/wp-json\/wp\/v2\/media?parent=77978"}],"wp:term":[{"taxonomy":"product_brand","embeddable":true,"href":"https:\/\/asteralabs.org\/fr\/wp-json\/wp\/v2\/product_brand?post=77978"},{"taxonomy":"product_cat","embeddable":true,"href":"https:\/\/asteralabs.org\/fr\/wp-json\/wp\/v2\/product_cat?post=77978"},{"taxonomy":"product_tag","embeddable":true,"href":"https:\/\/asteralabs.org\/fr\/wp-json\/wp\/v2\/product_tag?post=77978"}],"curies":[{"name":"wp","href":"https:\/\/api.w.org\/{rel}","templated":true}]}}