{"id":77983,"date":"2022-11-05T22:11:39","date_gmt":"2022-11-05T22:11:39","guid":{"rendered":"https:\/\/asteralabs.org\/product\/cypionate-de-boldenone\/"},"modified":"2026-01-15T08:16:16","modified_gmt":"2026-01-15T08:16:16","slug":"cypionate-de-boldenone","status":"publish","type":"product","link":"https:\/\/asteralabs.org\/fr\/product\/cypionate-de-boldenone\/","title":{"rendered":"Cypionate de bold\u00e9none"},"content":{"rendered":"<p><strong>POSOLOGIE : <\/strong><br \/>\nBoldenone cypionate 200 mg\/ml <strong>CONTENU DE L&#8217;EMBALLAGE : <\/strong><br \/>\n1 flacon de 10ML, 200 mg par ml <strong>QU&#8217;EST-CE QUE C&#8217;EST : <\/strong><br \/>\nBoldenone Cypionate est un st\u00e9ro\u00efde anabolisant injectable extr\u00eamement populaire. Cette substance est un d\u00e9riv\u00e9 synth\u00e9tique de la testost\u00e9rone qui pr\u00e9sente une activit\u00e9 androg\u00e8ne moindre que la testost\u00e9rone tout en ayant de fortes propri\u00e9t\u00e9s anabolisantes. Elle poss\u00e8de le m\u00eame niveau de puissance anabolisante que son hormone m\u00e8re, la testost\u00e9rone (100). Les cycles de Boldenone Cypionate sont souvent utilis\u00e9s pour la prise de masse. La dur\u00e9e minimale du cycle est de 8 semaines, tandis que la dur\u00e9e maximale est de 18 semaines. <strong>MODE D&#8217;EMPLOI : <\/strong><br \/>\nLa dose initiale recommand\u00e9e pour le cypionate de bold\u00e9none est de 300 \u00e0 500 mg par semaine. La dur\u00e9e d&#8217;un tel cycle devrait \u00eatre de 14 semaines au total. Le dosage hebdomadaire typique pour les utilisateurs avanc\u00e9s est de plus de 600 mg. <strong>INFORMATIONS SUR LES LOTS :<br \/>\n<\/strong>Num\u00e9ro de lot : <span data-sheets-root=\"1\" data-sheets-value=\"{\" data-sheets-userformat=\"{\">VK06931<\/span><br \/>\nDate de fabrication : <span data-sheets-root=\"1\" data-sheets-value=\"{\" data-sheets-userformat=\"{\">10.2025.<\/span><br \/>\nDate d&#8217;expiration : <span data-sheets-root=\"1\" data-sheets-value=\"{\" data-sheets-userformat=\"{\">10.2028.<\/span><\/p>\n","protected":false},"excerpt":{"rendered":"<p>POSOLOGIE : Boldenone cypionate 200 mg\/ml CONTENU DE L&#8217;EMBALLAGE : 1 flacon de 10ML, 200 mg par ml QU&#8217;EST-CE QUE C&#8217;EST : Boldenone Cypionate est un st\u00e9ro\u00efde anabolisant injectable extr\u00eamement populaire. Cette substance est un d\u00e9riv\u00e9 synth\u00e9tique de la testost\u00e9rone qui pr\u00e9sente une activit\u00e9 androg\u00e8ne moindre que la testost\u00e9rone tout en ayant de fortes propri\u00e9t\u00e9s&hellip;<\/p>\n","protected":false},"featured_media":75017,"comment_status":"open","ping_status":"closed","template":"","meta":{"_acf_changed":false},"product_brand":[],"product_cat":[160,161],"product_tag":[],"class_list":{"0":"post-77983","1":"product","2":"type-product","3":"status-publish","4":"has-post-thumbnail","6":"product_cat-injectables-fr","7":"product_cat-all-fr","8":"description-off","10":"first","11":"instock","12":"shipping-taxable","13":"product-type-simple"},"acf":[],"yoast_head":"<!-- This site is optimized with the Yoast SEO plugin v27.4 - https:\/\/yoast.com\/product\/yoast-seo-wordpress\/ -->\n<title>Cypionate de bold\u00e9none - Astera Labs<\/title>\n<meta name=\"robots\" content=\"index, follow, max-snippet:-1, max-image-preview:large, max-video-preview:-1\" \/>\n<link rel=\"canonical\" href=\"https:\/\/asteralabs.org\/fr\/product\/cypionate-de-boldenone\/\" \/>\n<meta property=\"og:locale\" content=\"fr_FR\" \/>\n<meta property=\"og:type\" content=\"article\" \/>\n<meta property=\"og:title\" content=\"Cypionate de bold\u00e9none - Astera Labs\" \/>\n<meta property=\"og:description\" content=\"POSOLOGIE : Boldenone cypionate 200 mg\/ml CONTENU DE L&#8217;EMBALLAGE : 1 flacon de 10ML, 200 mg par ml QU&#8217;EST-CE QUE C&#8217;EST : Boldenone Cypionate est un st\u00e9ro\u00efde anabolisant injectable extr\u00eamement populaire. Cette substance est un d\u00e9riv\u00e9 synth\u00e9tique de la testost\u00e9rone qui pr\u00e9sente une activit\u00e9 androg\u00e8ne moindre que la testost\u00e9rone tout en ayant de fortes propri\u00e9t\u00e9s&hellip;\" \/>\n<meta property=\"og:url\" content=\"https:\/\/asteralabs.org\/fr\/product\/cypionate-de-boldenone\/\" \/>\n<meta property=\"og:site_name\" content=\"Astera Labs\" \/>\n<meta property=\"article:modified_time\" content=\"2026-01-15T08:16:16+00:00\" \/>\n<meta property=\"og:image\" content=\"https:\/\/asteralabs.org\/wp-content\/uploads\/2022\/11\/33.png\" \/>\n\t<meta property=\"og:image:width\" content=\"2000\" \/>\n\t<meta property=\"og:image:height\" content=\"2000\" \/>\n\t<meta property=\"og:image:type\" content=\"image\/png\" \/>\n<meta name=\"twitter:card\" content=\"summary_large_image\" \/>\n<script type=\"application\/ld+json\" class=\"yoast-schema-graph\">{\"@context\":\"https:\\\/\\\/schema.org\",\"@graph\":[{\"@type\":\"WebPage\",\"@id\":\"https:\\\/\\\/asteralabs.org\\\/fr\\\/product\\\/cypionate-de-boldenone\\\/\",\"url\":\"https:\\\/\\\/asteralabs.org\\\/fr\\\/product\\\/cypionate-de-boldenone\\\/\",\"name\":\"Cypionate de bold\u00e9none - Astera Labs\",\"isPartOf\":{\"@id\":\"https:\\\/\\\/asteralabs.org\\\/fr\\\/#website\"},\"primaryImageOfPage\":{\"@id\":\"https:\\\/\\\/asteralabs.org\\\/fr\\\/product\\\/cypionate-de-boldenone\\\/#primaryimage\"},\"image\":{\"@id\":\"https:\\\/\\\/asteralabs.org\\\/fr\\\/product\\\/cypionate-de-boldenone\\\/#primaryimage\"},\"thumbnailUrl\":\"https:\\\/\\\/asteralabs.org\\\/wp-content\\\/uploads\\\/2022\\\/11\\\/33.png\",\"datePublished\":\"2022-11-05T22:11:39+00:00\",\"dateModified\":\"2026-01-15T08:16:16+00:00\",\"breadcrumb\":{\"@id\":\"https:\\\/\\\/asteralabs.org\\\/fr\\\/product\\\/cypionate-de-boldenone\\\/#breadcrumb\"},\"inLanguage\":\"fr-FR\",\"potentialAction\":[{\"@type\":\"ReadAction\",\"target\":[\"https:\\\/\\\/asteralabs.org\\\/fr\\\/product\\\/cypionate-de-boldenone\\\/\"]}]},{\"@type\":\"ImageObject\",\"inLanguage\":\"fr-FR\",\"@id\":\"https:\\\/\\\/asteralabs.org\\\/fr\\\/product\\\/cypionate-de-boldenone\\\/#primaryimage\",\"url\":\"https:\\\/\\\/asteralabs.org\\\/wp-content\\\/uploads\\\/2022\\\/11\\\/33.png\",\"contentUrl\":\"https:\\\/\\\/asteralabs.org\\\/wp-content\\\/uploads\\\/2022\\\/11\\\/33.png\",\"width\":2000,\"height\":2000},{\"@type\":\"BreadcrumbList\",\"@id\":\"https:\\\/\\\/asteralabs.org\\\/fr\\\/product\\\/cypionate-de-boldenone\\\/#breadcrumb\",\"itemListElement\":[{\"@type\":\"ListItem\",\"position\":1,\"name\":\"Home\",\"item\":\"https:\\\/\\\/asteralabs.org\\\/fr\\\/\"},{\"@type\":\"ListItem\",\"position\":2,\"name\":\"Shop\",\"item\":\"https:\\\/\\\/asteralabs.org\\\/shop\\\/\"},{\"@type\":\"ListItem\",\"position\":3,\"name\":\"Cypionate de bold\u00e9none\"}]},{\"@type\":\"WebSite\",\"@id\":\"https:\\\/\\\/asteralabs.org\\\/fr\\\/#website\",\"url\":\"https:\\\/\\\/asteralabs.org\\\/fr\\\/\",\"name\":\"Astera Labs\",\"description\":\"Improve Your Quality Of Life\",\"publisher\":{\"@id\":\"https:\\\/\\\/asteralabs.org\\\/fr\\\/#organization\"},\"potentialAction\":[{\"@type\":\"SearchAction\",\"target\":{\"@type\":\"EntryPoint\",\"urlTemplate\":\"https:\\\/\\\/asteralabs.org\\\/fr\\\/?s={search_term_string}\"},\"query-input\":{\"@type\":\"PropertyValueSpecification\",\"valueRequired\":true,\"valueName\":\"search_term_string\"}}],\"inLanguage\":\"fr-FR\"},{\"@type\":\"Organization\",\"@id\":\"https:\\\/\\\/asteralabs.org\\\/fr\\\/#organization\",\"name\":\"Astera Labs\",\"url\":\"https:\\\/\\\/asteralabs.org\\\/fr\\\/\",\"logo\":{\"@type\":\"ImageObject\",\"inLanguage\":\"fr-FR\",\"@id\":\"https:\\\/\\\/asteralabs.org\\\/fr\\\/#\\\/schema\\\/logo\\\/image\\\/\",\"url\":\"https:\\\/\\\/asteralabs.org\\\/wp-content\\\/uploads\\\/2022\\\/12\\\/astera-2.png\",\"contentUrl\":\"https:\\\/\\\/asteralabs.org\\\/wp-content\\\/uploads\\\/2022\\\/12\\\/astera-2.png\",\"width\":437,\"height\":111,\"caption\":\"Astera Labs\"},\"image\":{\"@id\":\"https:\\\/\\\/asteralabs.org\\\/fr\\\/#\\\/schema\\\/logo\\\/image\\\/\"}}]}<\/script>\n<!-- \/ Yoast SEO plugin. -->","yoast_head_json":{"title":"Cypionate de bold\u00e9none - Astera Labs","robots":{"index":"index","follow":"follow","max-snippet":"max-snippet:-1","max-image-preview":"max-image-preview:large","max-video-preview":"max-video-preview:-1"},"canonical":"https:\/\/asteralabs.org\/fr\/product\/cypionate-de-boldenone\/","og_locale":"fr_FR","og_type":"article","og_title":"Cypionate de bold\u00e9none - Astera Labs","og_description":"POSOLOGIE : Boldenone cypionate 200 mg\/ml CONTENU DE L&#8217;EMBALLAGE : 1 flacon de 10ML, 200 mg par ml QU&#8217;EST-CE QUE C&#8217;EST : Boldenone Cypionate est un st\u00e9ro\u00efde anabolisant injectable extr\u00eamement populaire. Cette substance est un d\u00e9riv\u00e9 synth\u00e9tique de la testost\u00e9rone qui pr\u00e9sente une activit\u00e9 androg\u00e8ne moindre que la testost\u00e9rone tout en ayant de fortes propri\u00e9t\u00e9s&hellip;","og_url":"https:\/\/asteralabs.org\/fr\/product\/cypionate-de-boldenone\/","og_site_name":"Astera Labs","article_modified_time":"2026-01-15T08:16:16+00:00","og_image":[{"width":2000,"height":2000,"url":"https:\/\/asteralabs.org\/wp-content\/uploads\/2022\/11\/33.png","type":"image\/png"}],"twitter_card":"summary_large_image","schema":{"@context":"https:\/\/schema.org","@graph":[{"@type":"WebPage","@id":"https:\/\/asteralabs.org\/fr\/product\/cypionate-de-boldenone\/","url":"https:\/\/asteralabs.org\/fr\/product\/cypionate-de-boldenone\/","name":"Cypionate de bold\u00e9none - Astera Labs","isPartOf":{"@id":"https:\/\/asteralabs.org\/fr\/#website"},"primaryImageOfPage":{"@id":"https:\/\/asteralabs.org\/fr\/product\/cypionate-de-boldenone\/#primaryimage"},"image":{"@id":"https:\/\/asteralabs.org\/fr\/product\/cypionate-de-boldenone\/#primaryimage"},"thumbnailUrl":"https:\/\/asteralabs.org\/wp-content\/uploads\/2022\/11\/33.png","datePublished":"2022-11-05T22:11:39+00:00","dateModified":"2026-01-15T08:16:16+00:00","breadcrumb":{"@id":"https:\/\/asteralabs.org\/fr\/product\/cypionate-de-boldenone\/#breadcrumb"},"inLanguage":"fr-FR","potentialAction":[{"@type":"ReadAction","target":["https:\/\/asteralabs.org\/fr\/product\/cypionate-de-boldenone\/"]}]},{"@type":"ImageObject","inLanguage":"fr-FR","@id":"https:\/\/asteralabs.org\/fr\/product\/cypionate-de-boldenone\/#primaryimage","url":"https:\/\/asteralabs.org\/wp-content\/uploads\/2022\/11\/33.png","contentUrl":"https:\/\/asteralabs.org\/wp-content\/uploads\/2022\/11\/33.png","width":2000,"height":2000},{"@type":"BreadcrumbList","@id":"https:\/\/asteralabs.org\/fr\/product\/cypionate-de-boldenone\/#breadcrumb","itemListElement":[{"@type":"ListItem","position":1,"name":"Home","item":"https:\/\/asteralabs.org\/fr\/"},{"@type":"ListItem","position":2,"name":"Shop","item":"https:\/\/asteralabs.org\/shop\/"},{"@type":"ListItem","position":3,"name":"Cypionate de bold\u00e9none"}]},{"@type":"WebSite","@id":"https:\/\/asteralabs.org\/fr\/#website","url":"https:\/\/asteralabs.org\/fr\/","name":"Astera Labs","description":"Improve Your Quality Of Life","publisher":{"@id":"https:\/\/asteralabs.org\/fr\/#organization"},"potentialAction":[{"@type":"SearchAction","target":{"@type":"EntryPoint","urlTemplate":"https:\/\/asteralabs.org\/fr\/?s={search_term_string}"},"query-input":{"@type":"PropertyValueSpecification","valueRequired":true,"valueName":"search_term_string"}}],"inLanguage":"fr-FR"},{"@type":"Organization","@id":"https:\/\/asteralabs.org\/fr\/#organization","name":"Astera Labs","url":"https:\/\/asteralabs.org\/fr\/","logo":{"@type":"ImageObject","inLanguage":"fr-FR","@id":"https:\/\/asteralabs.org\/fr\/#\/schema\/logo\/image\/","url":"https:\/\/asteralabs.org\/wp-content\/uploads\/2022\/12\/astera-2.png","contentUrl":"https:\/\/asteralabs.org\/wp-content\/uploads\/2022\/12\/astera-2.png","width":437,"height":111,"caption":"Astera Labs"},"image":{"@id":"https:\/\/asteralabs.org\/fr\/#\/schema\/logo\/image\/"}}]}},"_links":{"self":[{"href":"https:\/\/asteralabs.org\/fr\/wp-json\/wp\/v2\/product\/77983","targetHints":{"allow":["GET"]}}],"collection":[{"href":"https:\/\/asteralabs.org\/fr\/wp-json\/wp\/v2\/product"}],"about":[{"href":"https:\/\/asteralabs.org\/fr\/wp-json\/wp\/v2\/types\/product"}],"replies":[{"embeddable":true,"href":"https:\/\/asteralabs.org\/fr\/wp-json\/wp\/v2\/comments?post=77983"}],"version-history":[{"count":0,"href":"https:\/\/asteralabs.org\/fr\/wp-json\/wp\/v2\/product\/77983\/revisions"}],"wp:featuredmedia":[{"embeddable":true,"href":"https:\/\/asteralabs.org\/fr\/wp-json\/wp\/v2\/media\/75017"}],"wp:attachment":[{"href":"https:\/\/asteralabs.org\/fr\/wp-json\/wp\/v2\/media?parent=77983"}],"wp:term":[{"taxonomy":"product_brand","embeddable":true,"href":"https:\/\/asteralabs.org\/fr\/wp-json\/wp\/v2\/product_brand?post=77983"},{"taxonomy":"product_cat","embeddable":true,"href":"https:\/\/asteralabs.org\/fr\/wp-json\/wp\/v2\/product_cat?post=77983"},{"taxonomy":"product_tag","embeddable":true,"href":"https:\/\/asteralabs.org\/fr\/wp-json\/wp\/v2\/product_tag?post=77983"}],"curies":[{"name":"wp","href":"https:\/\/api.w.org\/{rel}","templated":true}]}}