{"id":78003,"date":"2022-11-05T21:50:47","date_gmt":"2022-11-05T21:50:47","guid":{"rendered":"https:\/\/asteralabs.org\/product\/sustanon-500mg\/"},"modified":"2026-01-15T13:55:38","modified_gmt":"2026-01-15T13:55:38","slug":"sustanon-500mg","status":"publish","type":"product","link":"https:\/\/asteralabs.org\/fr\/product\/sustanon-500mg\/","title":{"rendered":"Sustanon 500mg"},"content":{"rendered":"<p><strong>POSOLOGIE :<\/strong><br \/>\nD\u00e9canoate de testost\u00e9rone 200mg\/ml<br \/>\nIsocaproate de testost\u00e9rone 120mg\/ml<br \/>\nPh\u00e9nylpropionate de testost\u00e9rone 120mg\/ml<br \/>\nPropionate de testost\u00e9rone 60mg\/ml <strong>CONTENU DE L&#8217;EMBALLAGE : <\/strong><br \/>\n1 flacon de 10ML, 500 mg par ml <strong>QU&#8217;EST-CE QUE C&#8217;EST : <\/strong><br \/>\nC&#8217;est une combinaison de diff\u00e9rents esters de testost\u00e9rone. Bien que sa concentration soit assez \u00e9lev\u00e9e, la combinaison de diff\u00e9rents esters rend son degr\u00e9 de tol\u00e9rance tr\u00e8s \u00e9lev\u00e9. Bien qu&#8217;il contienne plusieurs esters longs qui maintiennent les niveaux sanguins stables pendant de longues p\u00e9riodes, il est recommand\u00e9 d&#8217;utiliser un protocole d&#8217;injection bas\u00e9 sur la demi-vie du produit, \u00e9tant donn\u00e9 qu&#8217;il contient \u00e9galement plusieurs esters courts. <strong>MODE D&#8217;EMPLOI : <\/strong><br \/>\n\u00c9tant un produit \u00e0 base de testost\u00e9rone, il peut avoir diff\u00e9rentes utilisations, il peut \u00eatre utilis\u00e9 comme TRT, il peut \u00eatre utilis\u00e9 comme cycle unique ou il peut servir de base \u00e0 un cycle avec diff\u00e9rentes substances. La dose \u00e0 utiliser peut varier en fonction de l&#8217;objectif, des doses de 100mg \u00e0 1000mg par semaine sont quelque chose d&#8217;assez commun.<\/p>\n<p><strong>INFORMATIONS SUR LES LOTS :<br \/>\n<\/strong>Num\u00e9ro de lot : <span data-sheets-root=\"1\" data-sheets-value=\"{\" data-sheets-userformat=\"{\">VG29267<\/span><br \/>\nDate de fabrication : 1<span data-sheets-root=\"1\" data-sheets-value=\"{\" data-sheets-userformat=\"{\">0.2025.<\/span><br \/>\nDate d&#8217;expiration : <span data-sheets-root=\"1\" data-sheets-value=\"{\" data-sheets-userformat=\"{\">10.2028.<\/span><\/p>\n","protected":false},"excerpt":{"rendered":"<p>POSOLOGIE : D\u00e9canoate de testost\u00e9rone 200mg\/ml Isocaproate de testost\u00e9rone 120mg\/ml Ph\u00e9nylpropionate de testost\u00e9rone 120mg\/ml Propionate de testost\u00e9rone 60mg\/ml CONTENU DE L&#8217;EMBALLAGE : 1 flacon de 10ML, 500 mg par ml QU&#8217;EST-CE QUE C&#8217;EST : C&#8217;est une combinaison de diff\u00e9rents esters de testost\u00e9rone. Bien que sa concentration soit assez \u00e9lev\u00e9e, la combinaison de diff\u00e9rents esters rend&hellip;<\/p>\n","protected":false},"featured_media":76169,"comment_status":"open","ping_status":"closed","template":"","meta":[],"product_cat":[161,160],"product_tag":[172],"yoast_head":"<!-- This site is optimized with the Yoast SEO plugin v23.0 - https:\/\/yoast.com\/wordpress\/plugins\/seo\/ -->\n<title>Sustanon 500mg - Astera Labs<\/title>\n<meta name=\"robots\" content=\"index, follow, max-snippet:-1, max-image-preview:large, max-video-preview:-1\" \/>\n<link rel=\"canonical\" href=\"https:\/\/asteralabs.org\/fr\/product\/sustanon-500mg\/\" \/>\n<meta property=\"og:locale\" content=\"fr_FR\" \/>\n<meta property=\"og:type\" content=\"article\" \/>\n<meta property=\"og:title\" content=\"Sustanon 500mg - Astera Labs\" \/>\n<meta property=\"og:description\" content=\"POSOLOGIE : D\u00e9canoate de testost\u00e9rone 200mg\/ml Isocaproate de testost\u00e9rone 120mg\/ml Ph\u00e9nylpropionate de testost\u00e9rone 120mg\/ml Propionate de testost\u00e9rone 60mg\/ml CONTENU DE L&#8217;EMBALLAGE : 1 flacon de 10ML, 500 mg par ml QU&#8217;EST-CE QUE C&#8217;EST : C&#8217;est une combinaison de diff\u00e9rents esters de testost\u00e9rone. Bien que sa concentration soit assez \u00e9lev\u00e9e, la combinaison de diff\u00e9rents esters rend&hellip;\" \/>\n<meta property=\"og:url\" content=\"https:\/\/asteralabs.org\/fr\/product\/sustanon-500mg\/\" \/>\n<meta property=\"og:site_name\" content=\"Astera Labs\" \/>\n<meta property=\"article:modified_time\" content=\"2026-01-15T13:55:38+00:00\" \/>\n<meta property=\"og:image\" content=\"https:\/\/asteralabs.org\/wp-content\/uploads\/2022\/11\/Sustanon-500mg-inject-nbg-inject-nbg-1.png\" \/>\n\t<meta property=\"og:image:width\" content=\"2000\" \/>\n\t<meta property=\"og:image:height\" content=\"2000\" \/>\n\t<meta property=\"og:image:type\" content=\"image\/png\" \/>\n<meta name=\"twitter:card\" content=\"summary_large_image\" \/>\n<script type=\"application\/ld+json\" class=\"yoast-schema-graph\">{\"@context\":\"https:\/\/schema.org\",\"@graph\":[{\"@type\":\"WebPage\",\"@id\":\"https:\/\/asteralabs.org\/fr\/product\/sustanon-500mg\/\",\"url\":\"https:\/\/asteralabs.org\/fr\/product\/sustanon-500mg\/\",\"name\":\"Sustanon 500mg - Astera Labs\",\"isPartOf\":{\"@id\":\"https:\/\/asteralabs.org\/fr\/#website\"},\"primaryImageOfPage\":{\"@id\":\"https:\/\/asteralabs.org\/fr\/product\/sustanon-500mg\/#primaryimage\"},\"image\":{\"@id\":\"https:\/\/asteralabs.org\/fr\/product\/sustanon-500mg\/#primaryimage\"},\"thumbnailUrl\":\"https:\/\/asteralabs.org\/wp-content\/uploads\/2022\/11\/Sustanon-500mg-inject-nbg-inject-nbg-1.png\",\"datePublished\":\"2022-11-05T21:50:47+00:00\",\"dateModified\":\"2026-01-15T13:55:38+00:00\",\"breadcrumb\":{\"@id\":\"https:\/\/asteralabs.org\/fr\/product\/sustanon-500mg\/#breadcrumb\"},\"inLanguage\":\"fr-FR\",\"potentialAction\":[{\"@type\":\"ReadAction\",\"target\":[\"https:\/\/asteralabs.org\/fr\/product\/sustanon-500mg\/\"]}]},{\"@type\":\"ImageObject\",\"inLanguage\":\"fr-FR\",\"@id\":\"https:\/\/asteralabs.org\/fr\/product\/sustanon-500mg\/#primaryimage\",\"url\":\"https:\/\/asteralabs.org\/wp-content\/uploads\/2022\/11\/Sustanon-500mg-inject-nbg-inject-nbg-1.png\",\"contentUrl\":\"https:\/\/asteralabs.org\/wp-content\/uploads\/2022\/11\/Sustanon-500mg-inject-nbg-inject-nbg-1.png\",\"width\":2000,\"height\":2000},{\"@type\":\"BreadcrumbList\",\"@id\":\"https:\/\/asteralabs.org\/fr\/product\/sustanon-500mg\/#breadcrumb\",\"itemListElement\":[{\"@type\":\"ListItem\",\"position\":1,\"name\":\"Home\",\"item\":\"https:\/\/asteralabs.org\/fr\/\"},{\"@type\":\"ListItem\",\"position\":2,\"name\":\"Boutique\",\"item\":\"https:\/\/asteralabs.org\/boutique\/\"},{\"@type\":\"ListItem\",\"position\":3,\"name\":\"Sustanon 500mg\"}]},{\"@type\":\"WebSite\",\"@id\":\"https:\/\/asteralabs.org\/fr\/#website\",\"url\":\"https:\/\/asteralabs.org\/fr\/\",\"name\":\"Astera Labs\",\"description\":\"Improve Your Quality Of Life\",\"publisher\":{\"@id\":\"https:\/\/asteralabs.org\/fr\/#organization\"},\"potentialAction\":[{\"@type\":\"SearchAction\",\"target\":{\"@type\":\"EntryPoint\",\"urlTemplate\":\"https:\/\/asteralabs.org\/fr\/?s={search_term_string}\"},\"query-input\":\"required name=search_term_string\"}],\"inLanguage\":\"fr-FR\"},{\"@type\":\"Organization\",\"@id\":\"https:\/\/asteralabs.org\/fr\/#organization\",\"name\":\"Astera Labs\",\"url\":\"https:\/\/asteralabs.org\/fr\/\",\"logo\":{\"@type\":\"ImageObject\",\"inLanguage\":\"fr-FR\",\"@id\":\"https:\/\/asteralabs.org\/fr\/#\/schema\/logo\/image\/\",\"url\":\"https:\/\/asteralabs.org\/wp-content\/uploads\/2022\/12\/astera-2.png\",\"contentUrl\":\"https:\/\/asteralabs.org\/wp-content\/uploads\/2022\/12\/astera-2.png\",\"width\":437,\"height\":111,\"caption\":\"Astera Labs\"},\"image\":{\"@id\":\"https:\/\/asteralabs.org\/fr\/#\/schema\/logo\/image\/\"}}]}<\/script>\n<!-- \/ Yoast SEO plugin. -->","yoast_head_json":{"title":"Sustanon 500mg - Astera Labs","robots":{"index":"index","follow":"follow","max-snippet":"max-snippet:-1","max-image-preview":"max-image-preview:large","max-video-preview":"max-video-preview:-1"},"canonical":"https:\/\/asteralabs.org\/fr\/product\/sustanon-500mg\/","og_locale":"fr_FR","og_type":"article","og_title":"Sustanon 500mg - Astera Labs","og_description":"POSOLOGIE : D\u00e9canoate de testost\u00e9rone 200mg\/ml Isocaproate de testost\u00e9rone 120mg\/ml Ph\u00e9nylpropionate de testost\u00e9rone 120mg\/ml Propionate de testost\u00e9rone 60mg\/ml CONTENU DE L&#8217;EMBALLAGE : 1 flacon de 10ML, 500 mg par ml QU&#8217;EST-CE QUE C&#8217;EST : C&#8217;est une combinaison de diff\u00e9rents esters de testost\u00e9rone. Bien que sa concentration soit assez \u00e9lev\u00e9e, la combinaison de diff\u00e9rents esters rend&hellip;","og_url":"https:\/\/asteralabs.org\/fr\/product\/sustanon-500mg\/","og_site_name":"Astera Labs","article_modified_time":"2026-01-15T13:55:38+00:00","og_image":[{"width":2000,"height":2000,"url":"https:\/\/asteralabs.org\/wp-content\/uploads\/2022\/11\/Sustanon-500mg-inject-nbg-inject-nbg-1.png","type":"image\/png"}],"twitter_card":"summary_large_image","schema":{"@context":"https:\/\/schema.org","@graph":[{"@type":"WebPage","@id":"https:\/\/asteralabs.org\/fr\/product\/sustanon-500mg\/","url":"https:\/\/asteralabs.org\/fr\/product\/sustanon-500mg\/","name":"Sustanon 500mg - Astera Labs","isPartOf":{"@id":"https:\/\/asteralabs.org\/fr\/#website"},"primaryImageOfPage":{"@id":"https:\/\/asteralabs.org\/fr\/product\/sustanon-500mg\/#primaryimage"},"image":{"@id":"https:\/\/asteralabs.org\/fr\/product\/sustanon-500mg\/#primaryimage"},"thumbnailUrl":"https:\/\/asteralabs.org\/wp-content\/uploads\/2022\/11\/Sustanon-500mg-inject-nbg-inject-nbg-1.png","datePublished":"2022-11-05T21:50:47+00:00","dateModified":"2026-01-15T13:55:38+00:00","breadcrumb":{"@id":"https:\/\/asteralabs.org\/fr\/product\/sustanon-500mg\/#breadcrumb"},"inLanguage":"fr-FR","potentialAction":[{"@type":"ReadAction","target":["https:\/\/asteralabs.org\/fr\/product\/sustanon-500mg\/"]}]},{"@type":"ImageObject","inLanguage":"fr-FR","@id":"https:\/\/asteralabs.org\/fr\/product\/sustanon-500mg\/#primaryimage","url":"https:\/\/asteralabs.org\/wp-content\/uploads\/2022\/11\/Sustanon-500mg-inject-nbg-inject-nbg-1.png","contentUrl":"https:\/\/asteralabs.org\/wp-content\/uploads\/2022\/11\/Sustanon-500mg-inject-nbg-inject-nbg-1.png","width":2000,"height":2000},{"@type":"BreadcrumbList","@id":"https:\/\/asteralabs.org\/fr\/product\/sustanon-500mg\/#breadcrumb","itemListElement":[{"@type":"ListItem","position":1,"name":"Home","item":"https:\/\/asteralabs.org\/fr\/"},{"@type":"ListItem","position":2,"name":"Boutique","item":"https:\/\/asteralabs.org\/boutique\/"},{"@type":"ListItem","position":3,"name":"Sustanon 500mg"}]},{"@type":"WebSite","@id":"https:\/\/asteralabs.org\/fr\/#website","url":"https:\/\/asteralabs.org\/fr\/","name":"Astera Labs","description":"Improve Your Quality Of Life","publisher":{"@id":"https:\/\/asteralabs.org\/fr\/#organization"},"potentialAction":[{"@type":"SearchAction","target":{"@type":"EntryPoint","urlTemplate":"https:\/\/asteralabs.org\/fr\/?s={search_term_string}"},"query-input":"required name=search_term_string"}],"inLanguage":"fr-FR"},{"@type":"Organization","@id":"https:\/\/asteralabs.org\/fr\/#organization","name":"Astera Labs","url":"https:\/\/asteralabs.org\/fr\/","logo":{"@type":"ImageObject","inLanguage":"fr-FR","@id":"https:\/\/asteralabs.org\/fr\/#\/schema\/logo\/image\/","url":"https:\/\/asteralabs.org\/wp-content\/uploads\/2022\/12\/astera-2.png","contentUrl":"https:\/\/asteralabs.org\/wp-content\/uploads\/2022\/12\/astera-2.png","width":437,"height":111,"caption":"Astera Labs"},"image":{"@id":"https:\/\/asteralabs.org\/fr\/#\/schema\/logo\/image\/"}}]}},"_links":{"self":[{"href":"https:\/\/asteralabs.org\/fr\/wp-json\/wp\/v2\/product\/78003"}],"collection":[{"href":"https:\/\/asteralabs.org\/fr\/wp-json\/wp\/v2\/product"}],"about":[{"href":"https:\/\/asteralabs.org\/fr\/wp-json\/wp\/v2\/types\/product"}],"replies":[{"embeddable":true,"href":"https:\/\/asteralabs.org\/fr\/wp-json\/wp\/v2\/comments?post=78003"}],"version-history":[{"count":0,"href":"https:\/\/asteralabs.org\/fr\/wp-json\/wp\/v2\/product\/78003\/revisions"}],"wp:featuredmedia":[{"embeddable":true,"href":"https:\/\/asteralabs.org\/fr\/wp-json\/wp\/v2\/media\/76169"}],"wp:attachment":[{"href":"https:\/\/asteralabs.org\/fr\/wp-json\/wp\/v2\/media?parent=78003"}],"wp:term":[{"taxonomy":"product_cat","embeddable":true,"href":"https:\/\/asteralabs.org\/fr\/wp-json\/wp\/v2\/product_cat?post=78003"},{"taxonomy":"product_tag","embeddable":true,"href":"https:\/\/asteralabs.org\/fr\/wp-json\/wp\/v2\/product_tag?post=78003"}],"curies":[{"name":"wp","href":"https:\/\/api.w.org\/{rel}","templated":true}]}}