{"id":78021,"date":"2023-09-07T12:45:54","date_gmt":"2023-09-07T12:45:54","guid":{"rendered":"https:\/\/asteralabs.org\/product\/melanotan-2\/"},"modified":"2026-01-15T07:56:58","modified_gmt":"2026-01-15T07:56:58","slug":"melanotan-2","status":"publish","type":"product","link":"https:\/\/asteralabs.org\/fr\/product\/melanotan-2\/","title":{"rendered":"M\u00e9lanotan 2"},"content":{"rendered":"<p><strong>POSOLOGIE<\/strong>: Hormone peptidique Melanotan II, 10 mg par flacon<\/p>\n<p><strong>CONTENU DE L&#8217;EMBALLAGE :<\/strong><\/p>\n<p>1 flacon contenant 10 mg de solution injectable de peptide<\/p>\n<p><strong>QU&#8217;EST-CE QUE C&#8217;EST :<\/strong><\/p>\n<p>Le Melanotan II est un analogue synth\u00e9tique de l&#8217;hormone peptidique alpha-m\u00e9lanocyte-stimulante (\u03b1-MSH), qui est principalement responsable de la promotion du bronzage de la peau en stimulant la production de m\u00e9lanine. Ce peptide ne se contente pas d&#8217;am\u00e9liorer la pigmentation de la peau, il pr\u00e9sente \u00e9galement d&#8217;autres avantages notables. Il poss\u00e8de des propri\u00e9t\u00e9s aphrodisiaques qui influencent positivement la libido et la fonction sexuelle. En outre, le Melanotan II est connu pour avoir un l\u00e9ger effet de mobilisation des graisses, ce qui en fait une option polyvalente pour ceux qui cherchent \u00e0 am\u00e9liorer l&#8217;esth\u00e9tique et la composition de leur corps.<\/p>\n<p><strong>COMMENT L&#8217;UTILISER ?<\/strong><\/p>\n<p>Pour des r\u00e9sultats optimaux, Melanotan II doit \u00eatre administr\u00e9 selon le protocole suivant :<\/p>\n<ul>\n<li>Phase initiale : Commencez par une dose quotidienne de 300 mcg pendant 1 \u00e0 2 semaines. Cette dose initiale plus faible permet \u00e0 l&#8217;organisme de s&#8217;adapter au peptide tout en minimisant les effets secondaires potentiels tels que les naus\u00e9es.<\/li>\n<li>Phase d&#8217;entretien : Apr\u00e8s la p\u00e9riode initiale, passez \u00e0 une dose d&#8217;entretien de 500 \u00b5g deux fois par semaine pour conserver les effets souhait\u00e9s.<\/li>\n<\/ul>\n<p>&nbsp;<\/p>\n<p>Les injections de Melanotan II sont administr\u00e9es par voie sous-cutan\u00e9e dans le tissu adipeux, g\u00e9n\u00e9ralement dans la r\u00e9gion abdominale. Il est particuli\u00e8rement important de commencer par des doses plus faibles afin d&#8217;am\u00e9liorer la tol\u00e9rance et de r\u00e9duire la probabilit\u00e9 de naus\u00e9es. <strong><br \/>\nINFORMATIONS SUR LES LOTS :<br \/>\n<\/strong>Num\u00e9ro de lot : <span data-sheets-root=\"1\">ES67269<\/span><br \/>\nDate de fabrication : 10<span data-sheets-root=\"1\" data-sheets-value=\"{&quot;1&quot;:2,&quot;2&quot;:&quot;03.2023.&quot;}\" data-sheets-userformat=\"{&quot;2&quot;:577,&quot;3&quot;:{&quot;1&quot;:0},&quot;9&quot;:0,&quot;12&quot;:0}\">.2025.<\/span><br \/>\nDate d&#8217;expiration : 10<span data-sheets-root=\"1\" data-sheets-value=\"{&quot;1&quot;:2,&quot;2&quot;:&quot;03.2026.&quot;}\" data-sheets-userformat=\"{&quot;2&quot;:637,&quot;3&quot;:{&quot;1&quot;:0},&quot;5&quot;:{&quot;1&quot;:[{&quot;1&quot;:2,&quot;2&quot;:0,&quot;5&quot;:{&quot;1&quot;:2,&quot;2&quot;:0}},{&quot;1&quot;:0,&quot;2&quot;:0,&quot;3&quot;:3},{&quot;1&quot;:1,&quot;2&quot;:0,&quot;4&quot;:1}]},&quot;6&quot;:{&quot;1&quot;:[{&quot;1&quot;:2,&quot;2&quot;:0,&quot;5&quot;:{&quot;1&quot;:2,&quot;2&quot;:0}},{&quot;1&quot;:0,&quot;2&quot;:0,&quot;3&quot;:3},{&quot;1&quot;:1,&quot;2&quot;:0,&quot;4&quot;:1}]},&quot;7&quot;:{&quot;1&quot;:[{&quot;1&quot;:2,&quot;2&quot;:0,&quot;5&quot;:{&quot;1&quot;:2,&quot;2&quot;:0}},{&quot;1&quot;:0,&quot;2&quot;:0,&quot;3&quot;:3},{&quot;1&quot;:1,&quot;2&quot;:0,&quot;4&quot;:1}]},&quot;8&quot;:{&quot;1&quot;:[{&quot;1&quot;:2,&quot;2&quot;:0,&quot;5&quot;:{&quot;1&quot;:2,&quot;2&quot;:0}},{&quot;1&quot;:0,&quot;2&quot;:0,&quot;3&quot;:3},{&quot;1&quot;:1,&quot;2&quot;:0,&quot;4&quot;:1}]},&quot;9&quot;:0,&quot;12&quot;:0}\">.2028.<\/span><\/p>\n","protected":false},"excerpt":{"rendered":"<p>POSOLOGIE: Hormone peptidique Melanotan II, 10 mg par flacon CONTENU DE L&#8217;EMBALLAGE : 1 flacon contenant 10 mg de solution injectable de peptide QU&#8217;EST-CE QUE C&#8217;EST : Le Melanotan II est un analogue synth\u00e9tique de l&#8217;hormone peptidique alpha-m\u00e9lanocyte-stimulante (\u03b1-MSH), qui est principalement responsable de la promotion du bronzage de la peau en stimulant la production&hellip;<\/p>\n","protected":false},"featured_media":76513,"comment_status":"closed","ping_status":"closed","template":"","meta":[],"product_cat":[161,190],"product_tag":[],"yoast_head":"<!-- This site is optimized with the Yoast SEO plugin v23.0 - https:\/\/yoast.com\/wordpress\/plugins\/seo\/ -->\n<title>M\u00e9lanotan 2 - Astera Labs<\/title>\n<meta name=\"robots\" content=\"index, follow, max-snippet:-1, max-image-preview:large, max-video-preview:-1\" \/>\n<link rel=\"canonical\" href=\"https:\/\/asteralabs.org\/fr\/product\/melanotan-2\/\" \/>\n<meta property=\"og:locale\" content=\"fr_FR\" \/>\n<meta property=\"og:type\" content=\"article\" \/>\n<meta property=\"og:title\" content=\"M\u00e9lanotan 2 - Astera Labs\" \/>\n<meta property=\"og:description\" content=\"POSOLOGIE: Hormone peptidique Melanotan II, 10 mg par flacon CONTENU DE L&#8217;EMBALLAGE : 1 flacon contenant 10 mg de solution injectable de peptide QU&#8217;EST-CE QUE C&#8217;EST : Le Melanotan II est un analogue synth\u00e9tique de l&#8217;hormone peptidique alpha-m\u00e9lanocyte-stimulante (\u03b1-MSH), qui est principalement responsable de la promotion du bronzage de la peau en stimulant la production&hellip;\" \/>\n<meta property=\"og:url\" content=\"https:\/\/asteralabs.org\/fr\/product\/melanotan-2\/\" \/>\n<meta property=\"og:site_name\" content=\"Astera Labs\" \/>\n<meta property=\"article:modified_time\" content=\"2026-01-15T07:56:58+00:00\" \/>\n<meta property=\"og:image\" content=\"https:\/\/asteralabs.org\/wp-content\/uploads\/2023\/09\/Melanotan2-vial-front-noBG.png\" \/>\n\t<meta property=\"og:image:width\" content=\"2000\" \/>\n\t<meta property=\"og:image:height\" content=\"2000\" \/>\n\t<meta property=\"og:image:type\" content=\"image\/png\" \/>\n<meta name=\"twitter:card\" content=\"summary_large_image\" \/>\n<script type=\"application\/ld+json\" class=\"yoast-schema-graph\">{\"@context\":\"https:\/\/schema.org\",\"@graph\":[{\"@type\":\"WebPage\",\"@id\":\"https:\/\/asteralabs.org\/fr\/product\/melanotan-2\/\",\"url\":\"https:\/\/asteralabs.org\/fr\/product\/melanotan-2\/\",\"name\":\"M\u00e9lanotan 2 - Astera Labs\",\"isPartOf\":{\"@id\":\"https:\/\/asteralabs.org\/fr\/#website\"},\"primaryImageOfPage\":{\"@id\":\"https:\/\/asteralabs.org\/fr\/product\/melanotan-2\/#primaryimage\"},\"image\":{\"@id\":\"https:\/\/asteralabs.org\/fr\/product\/melanotan-2\/#primaryimage\"},\"thumbnailUrl\":\"https:\/\/asteralabs.org\/wp-content\/uploads\/2023\/09\/Melanotan2-vial-front-noBG.png\",\"datePublished\":\"2023-09-07T12:45:54+00:00\",\"dateModified\":\"2026-01-15T07:56:58+00:00\",\"breadcrumb\":{\"@id\":\"https:\/\/asteralabs.org\/fr\/product\/melanotan-2\/#breadcrumb\"},\"inLanguage\":\"fr-FR\",\"potentialAction\":[{\"@type\":\"ReadAction\",\"target\":[\"https:\/\/asteralabs.org\/fr\/product\/melanotan-2\/\"]}]},{\"@type\":\"ImageObject\",\"inLanguage\":\"fr-FR\",\"@id\":\"https:\/\/asteralabs.org\/fr\/product\/melanotan-2\/#primaryimage\",\"url\":\"https:\/\/asteralabs.org\/wp-content\/uploads\/2023\/09\/Melanotan2-vial-front-noBG.png\",\"contentUrl\":\"https:\/\/asteralabs.org\/wp-content\/uploads\/2023\/09\/Melanotan2-vial-front-noBG.png\",\"width\":2000,\"height\":2000},{\"@type\":\"BreadcrumbList\",\"@id\":\"https:\/\/asteralabs.org\/fr\/product\/melanotan-2\/#breadcrumb\",\"itemListElement\":[{\"@type\":\"ListItem\",\"position\":1,\"name\":\"Home\",\"item\":\"https:\/\/asteralabs.org\/fr\/\"},{\"@type\":\"ListItem\",\"position\":2,\"name\":\"Boutique\",\"item\":\"https:\/\/asteralabs.org\/boutique\/\"},{\"@type\":\"ListItem\",\"position\":3,\"name\":\"M\u00e9lanotan 2\"}]},{\"@type\":\"WebSite\",\"@id\":\"https:\/\/asteralabs.org\/fr\/#website\",\"url\":\"https:\/\/asteralabs.org\/fr\/\",\"name\":\"Astera Labs\",\"description\":\"Improve Your Quality Of Life\",\"publisher\":{\"@id\":\"https:\/\/asteralabs.org\/fr\/#organization\"},\"potentialAction\":[{\"@type\":\"SearchAction\",\"target\":{\"@type\":\"EntryPoint\",\"urlTemplate\":\"https:\/\/asteralabs.org\/fr\/?s={search_term_string}\"},\"query-input\":\"required name=search_term_string\"}],\"inLanguage\":\"fr-FR\"},{\"@type\":\"Organization\",\"@id\":\"https:\/\/asteralabs.org\/fr\/#organization\",\"name\":\"Astera Labs\",\"url\":\"https:\/\/asteralabs.org\/fr\/\",\"logo\":{\"@type\":\"ImageObject\",\"inLanguage\":\"fr-FR\",\"@id\":\"https:\/\/asteralabs.org\/fr\/#\/schema\/logo\/image\/\",\"url\":\"https:\/\/asteralabs.org\/wp-content\/uploads\/2022\/12\/astera-2.png\",\"contentUrl\":\"https:\/\/asteralabs.org\/wp-content\/uploads\/2022\/12\/astera-2.png\",\"width\":437,\"height\":111,\"caption\":\"Astera Labs\"},\"image\":{\"@id\":\"https:\/\/asteralabs.org\/fr\/#\/schema\/logo\/image\/\"}}]}<\/script>\n<!-- \/ Yoast SEO plugin. -->","yoast_head_json":{"title":"M\u00e9lanotan 2 - Astera Labs","robots":{"index":"index","follow":"follow","max-snippet":"max-snippet:-1","max-image-preview":"max-image-preview:large","max-video-preview":"max-video-preview:-1"},"canonical":"https:\/\/asteralabs.org\/fr\/product\/melanotan-2\/","og_locale":"fr_FR","og_type":"article","og_title":"M\u00e9lanotan 2 - Astera Labs","og_description":"POSOLOGIE: Hormone peptidique Melanotan II, 10 mg par flacon CONTENU DE L&#8217;EMBALLAGE : 1 flacon contenant 10 mg de solution injectable de peptide QU&#8217;EST-CE QUE C&#8217;EST : Le Melanotan II est un analogue synth\u00e9tique de l&#8217;hormone peptidique alpha-m\u00e9lanocyte-stimulante (\u03b1-MSH), qui est principalement responsable de la promotion du bronzage de la peau en stimulant la production&hellip;","og_url":"https:\/\/asteralabs.org\/fr\/product\/melanotan-2\/","og_site_name":"Astera Labs","article_modified_time":"2026-01-15T07:56:58+00:00","og_image":[{"width":2000,"height":2000,"url":"https:\/\/asteralabs.org\/wp-content\/uploads\/2023\/09\/Melanotan2-vial-front-noBG.png","type":"image\/png"}],"twitter_card":"summary_large_image","schema":{"@context":"https:\/\/schema.org","@graph":[{"@type":"WebPage","@id":"https:\/\/asteralabs.org\/fr\/product\/melanotan-2\/","url":"https:\/\/asteralabs.org\/fr\/product\/melanotan-2\/","name":"M\u00e9lanotan 2 - Astera Labs","isPartOf":{"@id":"https:\/\/asteralabs.org\/fr\/#website"},"primaryImageOfPage":{"@id":"https:\/\/asteralabs.org\/fr\/product\/melanotan-2\/#primaryimage"},"image":{"@id":"https:\/\/asteralabs.org\/fr\/product\/melanotan-2\/#primaryimage"},"thumbnailUrl":"https:\/\/asteralabs.org\/wp-content\/uploads\/2023\/09\/Melanotan2-vial-front-noBG.png","datePublished":"2023-09-07T12:45:54+00:00","dateModified":"2026-01-15T07:56:58+00:00","breadcrumb":{"@id":"https:\/\/asteralabs.org\/fr\/product\/melanotan-2\/#breadcrumb"},"inLanguage":"fr-FR","potentialAction":[{"@type":"ReadAction","target":["https:\/\/asteralabs.org\/fr\/product\/melanotan-2\/"]}]},{"@type":"ImageObject","inLanguage":"fr-FR","@id":"https:\/\/asteralabs.org\/fr\/product\/melanotan-2\/#primaryimage","url":"https:\/\/asteralabs.org\/wp-content\/uploads\/2023\/09\/Melanotan2-vial-front-noBG.png","contentUrl":"https:\/\/asteralabs.org\/wp-content\/uploads\/2023\/09\/Melanotan2-vial-front-noBG.png","width":2000,"height":2000},{"@type":"BreadcrumbList","@id":"https:\/\/asteralabs.org\/fr\/product\/melanotan-2\/#breadcrumb","itemListElement":[{"@type":"ListItem","position":1,"name":"Home","item":"https:\/\/asteralabs.org\/fr\/"},{"@type":"ListItem","position":2,"name":"Boutique","item":"https:\/\/asteralabs.org\/boutique\/"},{"@type":"ListItem","position":3,"name":"M\u00e9lanotan 2"}]},{"@type":"WebSite","@id":"https:\/\/asteralabs.org\/fr\/#website","url":"https:\/\/asteralabs.org\/fr\/","name":"Astera Labs","description":"Improve Your Quality Of Life","publisher":{"@id":"https:\/\/asteralabs.org\/fr\/#organization"},"potentialAction":[{"@type":"SearchAction","target":{"@type":"EntryPoint","urlTemplate":"https:\/\/asteralabs.org\/fr\/?s={search_term_string}"},"query-input":"required name=search_term_string"}],"inLanguage":"fr-FR"},{"@type":"Organization","@id":"https:\/\/asteralabs.org\/fr\/#organization","name":"Astera Labs","url":"https:\/\/asteralabs.org\/fr\/","logo":{"@type":"ImageObject","inLanguage":"fr-FR","@id":"https:\/\/asteralabs.org\/fr\/#\/schema\/logo\/image\/","url":"https:\/\/asteralabs.org\/wp-content\/uploads\/2022\/12\/astera-2.png","contentUrl":"https:\/\/asteralabs.org\/wp-content\/uploads\/2022\/12\/astera-2.png","width":437,"height":111,"caption":"Astera Labs"},"image":{"@id":"https:\/\/asteralabs.org\/fr\/#\/schema\/logo\/image\/"}}]}},"_links":{"self":[{"href":"https:\/\/asteralabs.org\/fr\/wp-json\/wp\/v2\/product\/78021"}],"collection":[{"href":"https:\/\/asteralabs.org\/fr\/wp-json\/wp\/v2\/product"}],"about":[{"href":"https:\/\/asteralabs.org\/fr\/wp-json\/wp\/v2\/types\/product"}],"replies":[{"embeddable":true,"href":"https:\/\/asteralabs.org\/fr\/wp-json\/wp\/v2\/comments?post=78021"}],"version-history":[{"count":2,"href":"https:\/\/asteralabs.org\/fr\/wp-json\/wp\/v2\/product\/78021\/revisions"}],"predecessor-version":[{"id":79178,"href":"https:\/\/asteralabs.org\/fr\/wp-json\/wp\/v2\/product\/78021\/revisions\/79178"}],"wp:featuredmedia":[{"embeddable":true,"href":"https:\/\/asteralabs.org\/fr\/wp-json\/wp\/v2\/media\/76513"}],"wp:attachment":[{"href":"https:\/\/asteralabs.org\/fr\/wp-json\/wp\/v2\/media?parent=78021"}],"wp:term":[{"taxonomy":"product_cat","embeddable":true,"href":"https:\/\/asteralabs.org\/fr\/wp-json\/wp\/v2\/product_cat?post=78021"},{"taxonomy":"product_tag","embeddable":true,"href":"https:\/\/asteralabs.org\/fr\/wp-json\/wp\/v2\/product_tag?post=78021"}],"curies":[{"name":"wp","href":"https:\/\/api.w.org\/{rel}","templated":true}]}}